{"id":225042,"date":"2026-04-17T02:01:13","date_gmt":"2026-04-17T08:01:13","guid":{"rendered":"https:\/\/compuviper.mx\/tienda\/producto\/qnap-ts-1264u-rp-4g-us-nas-ts-1264u-rp-4g-fuente-redundante-12-bahias-sata-hdd-35-rack-2u-nucleo-cuadruple-2-0-ghz-4gb-ddr4-hasta-16gb-2-pto-25-lan-gbe-usb-3-2-x2-hotswap-no-incluye-discos\/"},"modified":"2026-04-17T02:01:13","modified_gmt":"2026-04-17T08:01:13","slug":"qnap-ts-1264u-rp-4g-us-nas-ts-1264u-rp-4g-fuente-redundante-12-bahias-sata-hdd-35-rack-2u-nucleo-cuadruple-2-0-ghz-4gb-ddr4-hasta-16gb-2-pto-25-lan-gbe-usb-3-2-x2-hotswap-no-incluye-discos","status":"publish","type":"product","link":"https:\/\/compuviper.mx\/tienda\/producto\/qnap-ts-1264u-rp-4g-us-nas-ts-1264u-rp-4g-fuente-redundante-12-bahias-sata-hdd-35-rack-2u-nucleo-cuadruple-2-0-ghz-4gb-ddr4-hasta-16gb-2-pto-25-lan-gbe-usb-3-2-x2-hotswap-no-incluye-discos\/","title":{"rendered":"Qnap Ts-1264u-rp-4g-us Nas  Ts-1264u-rp-4g\/fuente Redundante\/ 12 Bahias Sata Hdd 3,5\/rack 2u\/nucleo Cuadruple 2.0 Ghz\/4gb Ddr4 Hasta 16gb\/2 Pto 2,5 Lan Gbe\/ Usb 3.2 X2 \/hotswap\/ No Incluye Discos"},"content":{"rendered":"<table class=\"descripcion\">\n<tr>\n<td>Descripciontecnica<\/td>\n<\/tr>\n<tr>\n<td>Ts-1264u-rp-4g<\/td>\n<\/tr>\n<tr>\n<td>Cpu intel\u00ae celeron\u00ae n5105\/n5095 4-core\/4-thread processor, burst up to 2.9 ghz<\/td>\n<\/tr>\n<tr>\n<td>Arquitectura de cpu x86 de 64 bits<\/td>\n<\/tr>\n<tr>\n<td>Procesadores gr\u00e1ficos intel\u00ae uhd graphics<\/td>\n<\/tr>\n<tr>\n<td>Unidad de coma flotante:      si<\/td>\n<\/tr>\n<tr>\n<td>Motor de cifrado  (aes-ni):      si<\/td>\n<\/tr>\n<tr>\n<td>Transcodificaci\u00f3n acelerada de hardware:     si<\/td>\n<\/tr>\n<tr>\n<td>Memoria del sistema 4 gb de memoria ddr4 so-dimm (1 m\u00f3dulo de 4 gb)<\/td>\n<\/tr>\n<tr>\n<td>Memoria m\u00e1xima 16 gb (2 m\u00f3dulos de 8 gb)<\/td>\n<\/tr>\n<tr>\n<td>Ranura para memoria 2 m\u00f3dulos de memoria ddr4 so-dimm<\/td>\n<\/tr>\n<tr>\n<td>Cuando instale dos m\u00f3dulos de memoria, aseg\u00farese de que tienen el mismo tama\u00f1o e idealmente use el mismo tipo de ram para ambas ranuras de memoria.<\/td>\n<\/tr>\n<tr>\n<td>Memoria flash 4 gb (protecci\u00f3n del sistema operativo de doble arranque)<\/td>\n<\/tr>\n<tr>\n<td>Bah\u00eda para unidades<\/td>\n<\/tr>\n<tr>\n<td>12 unidades sata de 3,5 a 6gb\/s, 3gb\/s<\/td>\n<\/tr>\n<tr>\n<td>Compatibilidad de unidades bah\u00edas de 3,5:<\/td>\n<\/tr>\n<tr>\n<td>Unidades de disco duro sata de 3,5<\/td>\n<\/tr>\n<tr>\n<td>Unidades de disco duro sata de 2,5<\/td>\n<\/tr>\n<tr>\n<td>Unidades de estado s\u00f3lido sata de 2,5<\/td>\n<\/tr>\n<tr>\n<td>Intercambiable en caliente:     si<\/td>\n<\/tr>\n<tr>\n<td>M.2 slot opcional a trav\u00e9s de un adaptador pcie<\/td>\n<\/tr>\n<tr>\n<td>Compatibilidad con aceleraci\u00f3n de cach\u00e9 ssd:      si<\/td>\n<\/tr>\n<tr>\n<td>Puerto 2,5 gbe (2,5g\/1g\/100m) 2 (tambi\u00e9n admite 10m)<\/td>\n<\/tr>\n<tr>\n<td>Wake-on-lan (wol):      si<\/td>\n<\/tr>\n<tr>\n<td>Jumbo frame:      si<\/td>\n<\/tr>\n<tr>\n<td>Ranura pcie 1<\/td>\n<\/tr>\n<tr>\n<td>Slot 1: pcie gen 3 x2<\/td>\n<\/tr>\n<tr>\n<td>Puerto usb 2.0 2<\/td>\n<\/tr>\n<tr>\n<td>Puerto usb 3.2 gen 2 (10 gbps) 2 x type a usb3.2 gen2<\/td>\n<\/tr>\n<tr>\n<td>Salida hdmi 1, hdmi 1.4b<\/td>\n<\/tr>\n<tr>\n<td>Formato montaje en rack de 2u<\/td>\n<\/tr>\n<tr>\n<td>Indicadores led unidad de disco duro 1-12, estado, lan, expansi\u00f3n, alimentaci\u00f3n<\/td>\n<\/tr>\n<tr>\n<td>Botones encendido, reinicio<\/td>\n<\/tr>\n<tr>\n<td>Dimensiones (altura x anchura x profundidad) 88.7 \u00d7 482.2 \u00d7 423.8 mm<\/td>\n<\/tr>\n<tr>\n<td>Peso (neto) 9,43 kg<\/td>\n<\/tr>\n<tr>\n<td>Peso (bruto) 14,09 kg<\/td>\n<\/tr>\n<tr>\n<td>Temperatura operativa 0 &#8211; 40 \u00b0c (32\u00b0f &#8211; 104\u00b0f)<\/td>\n<\/tr>\n<tr>\n<td>Temperatura de almacenamiento -20 &#8211; 70\u00b0c (-4\u00b0f &#8211; 158\u00b0f)<\/td>\n<\/tr>\n<tr>\n<td>Humedad relativa 5 ~ 95 % de humedad relativa sin condensaci\u00f3n, bulbo h\u00famedo: 27  and #730;c (80,6  and #730;f)<\/td>\n<\/tr>\n<tr>\n<td>Unidad de alimentaci\u00f3n el\u00e9ctrica 300w (x2), 100-240 v<\/td>\n<\/tr>\n<tr>\n<td>Consumo de energ\u00eda: modo suspensi\u00f3n de disco duro: 37.854 w<\/td>\n<\/tr>\n<tr>\n<td>Consumo de energ\u00eda: modo de funcionamiento, t\u00edpico 70.913 w<\/td>\n<\/tr>\n<tr>\n<td>Probado con unidades totalmente llenas.<\/td>\n<\/tr>\n<tr>\n<td>Ventilador 2 de 80 mm, 12 v de cc<\/td>\n<\/tr>\n<tr>\n<td>Advertencia del sistema timbre<\/td>\n<\/tr>\n<tr>\n<td>M\u00e1x. n\u00famero de conexiones concurrentes (cifs) &#8211; con max. memoria 1500<\/td>\n<\/tr>\n<tr>\n<td>Sistema operativo<\/td>\n<\/tr>\n<tr>\n<td>Qts 5.0.0<\/td>\n<\/tr>\n<tr>\n<td>Sistemas operativos de cliente compatibles<\/td>\n<\/tr>\n<tr>\n<td>Apple mac os 10.10 o posterior<\/td>\n<\/tr>\n<tr>\n<td>Ubuntu 14.04, centos 7, rhel 6.6, suse 12 o posterior linux<\/td>\n<\/tr>\n<tr>\n<td>Ibm aix 7, solaris 10 o posterior unix<\/td>\n<\/tr>\n<tr>\n<td>Microsoft windows 7, 8, 10 y 11<\/td>\n<\/tr>\n<tr>\n<td>Navegadores compatibles<\/td>\n<\/tr>\n<tr>\n<td>Apple safari<\/td>\n<\/tr>\n<tr>\n<td>Google chrome<\/td>\n<\/tr>\n<tr>\n<td>Microsoft edge<\/td>\n<\/tr>\n<tr>\n<td>Mozilla firefox<\/td>\n<\/tr>\n<tr>\n<td>Idiomas admitidos<\/td>\n<\/tr>\n<tr>\n<td>Chino (tradicional y simplificado), checo, dan\u00e9s, holand\u00e9s, ingl\u00e9s, finland\u00e9s, franc\u00e9s, alem\u00e1n, griego, h\u00fangaro, italiano, japon\u00e9s, coreano, noruego, polaco, portugu\u00e9s (brasil), rumano, ruso, espa\u00f1ol, sueco, tailand\u00e9s, y turco<\/td>\n<\/tr>\n<tr>\n<td>Grupo de almacenamiento:     si<\/td>\n<\/tr>\n<tr>\n<td>Conjunto de almacenamiento sed:     si<\/td>\n<\/tr>\n<tr>\n<td>Tama\u00f1o m\u00e1ximo de grupo<\/td>\n<\/tr>\n<tr>\n<td>308tb<\/td>\n<\/tr>\n<tr>\n<td>N\u00famero m\u00e1ximo de grupos de almacenamiento<\/td>\n<\/tr>\n<tr>\n<td>128<\/td>\n<\/tr>\n<tr>\n<td>Tipo de volumen<\/td>\n<\/tr>\n<tr>\n<td>Grueso, delgado, est\u00e1tico<\/td>\n<\/tr>\n<tr>\n<td>Tama\u00f1o de volumen m\u00e1ximo<\/td>\n<\/tr>\n<tr>\n<td>250tb<\/td>\n<\/tr>\n<tr>\n<td>Nota: se requieren al menos 4 gb de ram.<\/td>\n<\/tr>\n<tr>\n<td>N\u00famero m\u00e1ximo de volumen<\/td>\n<\/tr>\n<tr>\n<td>128<\/td>\n<\/tr>\n<tr>\n<td>Tama\u00f1o m\u00e1ximo de carpeta compartida<\/td>\n<\/tr>\n<tr>\n<td>250tb<\/td>\n<\/tr>\n<tr>\n<td>N\u00famero m\u00e1ximo de carpetas compartidas<\/td>\n<\/tr>\n<tr>\n<td>512<\/td>\n<\/tr>\n<tr>\n<td>Expansi\u00f3n jbod:     si<\/td>\n<\/tr>\n<tr>\n<td>Nube vjbod \/ vjbod:     si<\/td>\n<\/tr>\n<tr>\n<td>Servicio iscsi:     si<\/td>\n<\/tr>\n<tr>\n<td>Servicio de canal de fibra:     si<\/td>\n<\/tr>\n<tr>\n<td>Tipo de lun<\/td>\n<\/tr>\n<tr>\n<td>Grueso &#8212;- delgado<\/td>\n<\/tr>\n<tr>\n<td>Iscsi lun basado en archivos:      si<\/td>\n<\/tr>\n<tr>\n<td>Iscsi lun basado en bloques:     si<\/td>\n<\/tr>\n<tr>\n<td>Tama\u00f1o m\u00e1ximo de lun<\/td>\n<\/tr>\n<tr>\n<td>250tb<\/td>\n<\/tr>\n<tr>\n<td>Nota: se requieren al menos 4 gb de ram.<\/td>\n<\/tr>\n<tr>\n<td>N\u00famero m\u00e1ximo de objetivos lun<\/td>\n<\/tr>\n<tr>\n<td>256<\/td>\n<\/tr>\n<tr>\n<td>Funci\u00f3n lun<\/td>\n<\/tr>\n<tr>\n<td>Asignaci\u00f3n de lun (lun se puede mover entre iscsi y fc)<\/td>\n<\/tr>\n<tr>\n<td>Enmascaramiento de lun<\/td>\n<\/tr>\n<tr>\n<td>Importaci\u00f3n\/exportaci\u00f3n de alias wwpn<\/td>\n<\/tr>\n<tr>\n<td>Grupo de puertos fc<\/td>\n<\/tr>\n<tr>\n<td>Nivelaci\u00f3n autom\u00e1tica:      si<\/td>\n<\/tr>\n<tr>\n<td>Requiere m\u00ednimo 2 gb de memoria.<\/td>\n<\/tr>\n<tr>\n<td>Tipo de raid<\/td>\n<\/tr>\n<tr>\n<td>8 bah\u00edas (y m\u00e1s): jbod, simple, raid 0, 1, 5, 6, 10, 50, 60<\/td>\n<\/tr>\n<tr>\n<td>6 bah\u00edas: jbod, individual, raid 0, 1, 5, 6, 10, 50<\/td>\n<\/tr>\n<tr>\n<td>4 bah\u00edas: jbod, individual, raid 0, 1, 5, 6, 10<\/td>\n<\/tr>\n<tr>\n<td>2 bah\u00edas: jbod, individual, raid 0, 1<\/td>\n<\/tr>\n<tr>\n<td>Grupo raid:      si<\/td>\n<\/tr>\n<\/table>\n","protected":false},"excerpt":{"rendered":"<p>Descripcion comercial. Equipado con un procesador intel\u00ae celeron\u00ae n5105\/n5095 de cuatro n\u00facleos (con potencia de hasta 2,9 ghz), el ts-1264u-rp incluye dos puertos rj45 2,5gbe y enlace troncal de puertos para un ancho de banda combinado de hasta 5gbps. La salida hdmi 4k integrada permite la visualizaci\u00f3n de m\u00e1quinas virtuales y contenido multimedia. Con una ranura pcie gen 3. El ts-1264u-rp ofrece flexibilidad para ampliar la funcionalidad del nas, lo que le permite instalar varias tarjetas: una tarjeta de red 10gbe\/5gbe, una tarjeta qm2 para la cach\u00e9 ssd m.2 o una edge tpu para el reconocimiento de im\u00e1genes mediante ia. El ts-1264u-rp tambi\u00e9n admite el cifrado aes de 256 bits para garantizar la confidencialidad de los datos empresariales sensibles sin afectar al rendimiento del sistema. El ts-1264u-rp tambi\u00e9n cuenta con una potente fuente de alimentaci\u00f3n redundante para garantizar el m\u00e1ximo tiempo de actividad del sistema.<\/p>\n","protected":false},"featured_media":225043,"comment_status":"open","ping_status":"open","template":"","meta":[],"product_cat":[1803,1804],"product_tag":[2110],"acf":[],"yoast_head":"<!-- This site is optimized with the Yoast SEO plugin v21.7 - https:\/\/yoast.com\/wordpress\/plugins\/seo\/ -->\n<title>[ Qnap ] &#129351; Ts-1264u-rp-4g-us Nas Ts-1264u-rp-4g\/fuente Redundante\/ 12 Bahias Sata Hdd 3,5\/rack 2u\/nucleo Cuadruple 2.0 Ghz\/4gb Ddr4 Hasta 16gb\/2 Pto 2,5 Lan Gbe\/ Usb 3.2 X2 \/hotswap\/ No Incluye Discos<\/title>\n<meta name=\"description\" content=\"Compra Ts-1264u-rp-4g-us Nas Ts-1264u-rp-4g\/fuente Redundante\/ 12 Bahias Sata Hdd 3,5\/rack 2u\/nucleo Cuadruple 2.0 Ghz\/4gb Ddr4 Hasta 16gb\/2 Pto 2,5 Lan Gbe\/ Usb 3.2 X2 \/hotswap\/ No Incluye Discos + Env\u00edo a domicilio + Pago seguro + Garant\u00eda\" \/>\n<meta name=\"robots\" content=\"index, follow, max-snippet:-1, max-image-preview:large, max-video-preview:-1\" \/>\n<link rel=\"canonical\" href=\"https:\/\/compuviper.mx\/tienda\/producto\/qnap-ts-1264u-rp-4g-us-nas-ts-1264u-rp-4g-fuente-redundante-12-bahias-sata-hdd-35-rack-2u-nucleo-cuadruple-2-0-ghz-4gb-ddr4-hasta-16gb-2-pto-25-lan-gbe-usb-3-2-x2-hotswap-no-incluye-discos\/\" \/>\n<meta property=\"og:locale\" content=\"es_MX\" \/>\n<meta property=\"og:type\" content=\"article\" \/>\n<meta property=\"og:title\" content=\"[ Qnap ] &#129351; Ts-1264u-rp-4g-us Nas Ts-1264u-rp-4g\/fuente Redundante\/ 12 Bahias Sata Hdd 3,5\/rack 2u\/nucleo Cuadruple 2.0 Ghz\/4gb Ddr4 Hasta 16gb\/2 Pto 2,5 Lan Gbe\/ Usb 3.2 X2 \/hotswap\/ No Incluye Discos\" \/>\n<meta property=\"og:description\" content=\"Compra Ts-1264u-rp-4g-us Nas Ts-1264u-rp-4g\/fuente Redundante\/ 12 Bahias Sata Hdd 3,5\/rack 2u\/nucleo Cuadruple 2.0 Ghz\/4gb Ddr4 Hasta 16gb\/2 Pto 2,5 Lan Gbe\/ Usb 3.2 X2 \/hotswap\/ No Incluye Discos + Env\u00edo a domicilio + Pago seguro + Garant\u00eda\" \/>\n<meta property=\"og:url\" content=\"https:\/\/compuviper.mx\/tienda\/producto\/qnap-ts-1264u-rp-4g-us-nas-ts-1264u-rp-4g-fuente-redundante-12-bahias-sata-hdd-35-rack-2u-nucleo-cuadruple-2-0-ghz-4gb-ddr4-hasta-16gb-2-pto-25-lan-gbe-usb-3-2-x2-hotswap-no-incluye-discos\/\" \/>\n<meta property=\"og:site_name\" content=\"Compuviper\" \/>\n<meta property=\"article:publisher\" content=\"https:\/\/www.facebook.com\/compuviper\" \/>\n<meta property=\"og:image\" content=\"https:\/\/compuviper.mx\/tienda\/wp-content\/uploads\/2023\/12\/Nas-qnap-ts-1264u-rp-4gfuente-redundante-12-bahias-sata-hdd-35rack-2unucleo-cuadruple-2.0-ghz4gb-ddr4-hasta-16gb2-pto-25-lan-gbe-usb-3.2-x2-hotswap-no-incluye-discos.jpg\" \/>\n\t<meta property=\"og:image:width\" content=\"200\" \/>\n\t<meta property=\"og:image:height\" content=\"200\" \/>\n\t<meta property=\"og:image:type\" content=\"image\/jpeg\" \/>\n<meta name=\"twitter:card\" content=\"summary_large_image\" \/>\n<meta name=\"twitter:label1\" content=\"Precio\" \/>\n\t<meta name=\"twitter:data1\" content=\"&#36;36,263 con IVA\" \/>\n\t<meta name=\"twitter:label2\" content=\"Availability\" \/>\n\t<meta name=\"twitter:data2\" content=\"On backorder\" \/>\n<script type=\"application\/ld+json\" class=\"yoast-schema-graph\">{\"@context\":\"https:\/\/schema.org\",\"@graph\":[{\"@type\":\"WebPage\",\"@id\":\"https:\/\/compuviper.mx\/tienda\/producto\/qnap-ts-1264u-rp-4g-us-nas-ts-1264u-rp-4g-fuente-redundante-12-bahias-sata-hdd-35-rack-2u-nucleo-cuadruple-2-0-ghz-4gb-ddr4-hasta-16gb-2-pto-25-lan-gbe-usb-3-2-x2-hotswap-no-incluye-discos\/\",\"url\":\"https:\/\/compuviper.mx\/tienda\/producto\/qnap-ts-1264u-rp-4g-us-nas-ts-1264u-rp-4g-fuente-redundante-12-bahias-sata-hdd-35-rack-2u-nucleo-cuadruple-2-0-ghz-4gb-ddr4-hasta-16gb-2-pto-25-lan-gbe-usb-3-2-x2-hotswap-no-incluye-discos\/\",\"name\":\"[ Qnap ] &#129351; Ts-1264u-rp-4g-us Nas Ts-1264u-rp-4g\/fuente Redundante\/ 12 Bahias Sata Hdd 3,5\/rack 2u\/nucleo Cuadruple 2.0 Ghz\/4gb Ddr4 Hasta 16gb\/2 Pto 2,5 Lan Gbe\/ Usb 3.2 X2 \/hotswap\/ No Incluye Discos\",\"isPartOf\":{\"@id\":\"https:\/\/compuviper.mx\/tienda\/#website\"},\"datePublished\":\"2026-04-17T08:01:13+00:00\",\"dateModified\":\"2026-04-17T08:01:13+00:00\",\"description\":\"Compra Ts-1264u-rp-4g-us Nas Ts-1264u-rp-4g\/fuente Redundante\/ 12 Bahias Sata Hdd 3,5\/rack 2u\/nucleo Cuadruple 2.0 Ghz\/4gb Ddr4 Hasta 16gb\/2 Pto 2,5 Lan Gbe\/ Usb 3.2 X2 \/hotswap\/ No Incluye Discos + Env\u00edo a domicilio + Pago seguro + Garant\u00eda\",\"breadcrumb\":{\"@id\":\"https:\/\/compuviper.mx\/tienda\/producto\/qnap-ts-1264u-rp-4g-us-nas-ts-1264u-rp-4g-fuente-redundante-12-bahias-sata-hdd-35-rack-2u-nucleo-cuadruple-2-0-ghz-4gb-ddr4-hasta-16gb-2-pto-25-lan-gbe-usb-3-2-x2-hotswap-no-incluye-discos\/#breadcrumb\"},\"inLanguage\":\"es-MX\",\"potentialAction\":[{\"@type\":\"ReadAction\",\"target\":[\"https:\/\/compuviper.mx\/tienda\/producto\/qnap-ts-1264u-rp-4g-us-nas-ts-1264u-rp-4g-fuente-redundante-12-bahias-sata-hdd-35-rack-2u-nucleo-cuadruple-2-0-ghz-4gb-ddr4-hasta-16gb-2-pto-25-lan-gbe-usb-3-2-x2-hotswap-no-incluye-discos\/\"]}]},{\"@type\":\"BreadcrumbList\",\"@id\":\"https:\/\/compuviper.mx\/tienda\/producto\/qnap-ts-1264u-rp-4g-us-nas-ts-1264u-rp-4g-fuente-redundante-12-bahias-sata-hdd-35-rack-2u-nucleo-cuadruple-2-0-ghz-4gb-ddr4-hasta-16gb-2-pto-25-lan-gbe-usb-3-2-x2-hotswap-no-incluye-discos\/#breadcrumb\",\"itemListElement\":[{\"@type\":\"ListItem\",\"position\":1,\"name\":\"Inicio\",\"item\":\"https:\/\/compuviper.mx\/tienda\/\"},{\"@type\":\"ListItem\",\"position\":2,\"name\":\"Productos\",\"item\":\"https:\/\/compuviper.mx\/tienda\/productos\/\"},{\"@type\":\"ListItem\",\"position\":3,\"name\":\"Almacenamiento\",\"item\":\"https:\/\/compuviper.mx\/tienda\/categoria-producto\/almacenamiento\/\"},{\"@type\":\"ListItem\",\"position\":4,\"name\":\"Sistema De Almacenamiento\",\"item\":\"https:\/\/compuviper.mx\/tienda\/categoria-producto\/almacenamiento\/sistema-de-almacenamiento\/\"},{\"@type\":\"ListItem\",\"position\":5,\"name\":\"Qnap Ts-1264u-rp-4g-us Nas Ts-1264u-rp-4g\/fuente Redundante\/ 12 Bahias Sata Hdd 3,5\/rack 2u\/nucleo Cuadruple 2.0 Ghz\/4gb Ddr4 Hasta 16gb\/2 Pto 2,5 Lan Gbe\/ Usb 3.2 X2 \/hotswap\/ No Incluye Discos\"}]},{\"@type\":\"WebSite\",\"@id\":\"https:\/\/compuviper.mx\/tienda\/#website\",\"url\":\"https:\/\/compuviper.mx\/tienda\/\",\"name\":\"Compuviper\",\"description\":\"Proveedor de Computadoras, Laptops, Servidores, Monitores, Puntos de Venta, Teclados,   Impresoras, T\u00f3ner, C\u00e1maras de Seguridad y m\u00e1s en tu tienda en l\u00ednea\",\"publisher\":{\"@id\":\"https:\/\/compuviper.mx\/tienda\/#organization\"},\"potentialAction\":[{\"@type\":\"SearchAction\",\"target\":{\"@type\":\"EntryPoint\",\"urlTemplate\":\"https:\/\/compuviper.mx\/tienda\/?s={search_term_string}\"},\"query-input\":\"required name=search_term_string\"}],\"inLanguage\":\"es-MX\"},{\"@type\":\"Organization\",\"@id\":\"https:\/\/compuviper.mx\/tienda\/#organization\",\"name\":\"Compuviper\",\"url\":\"https:\/\/compuviper.mx\/tienda\/\",\"logo\":{\"@type\":\"ImageObject\",\"inLanguage\":\"es-MX\",\"@id\":\"https:\/\/compuviper.mx\/tienda\/#\/schema\/logo\/image\/\",\"url\":\"https:\/\/compuviper.mx\/tienda\/wp-content\/uploads\/2021\/08\/Logo-Compuviper-10.png\",\"contentUrl\":\"https:\/\/compuviper.mx\/tienda\/wp-content\/uploads\/2021\/08\/Logo-Compuviper-10.png\",\"width\":1000,\"height\":500,\"caption\":\"Compuviper\"},\"image\":{\"@id\":\"https:\/\/compuviper.mx\/tienda\/#\/schema\/logo\/image\/\"},\"sameAs\":[\"https:\/\/www.facebook.com\/compuviper\",\"https:\/\/www.youtube.com\/channel\/UCf73dERp9Y3cfOq7q8BhLjA?view_as=subscriber\"]}]}<\/script>\n<meta property=\"product:brand\" content=\"Qnap\" \/>\n<meta property=\"product:price:amount\" content=\"36263\" \/>\n<meta property=\"product:price:currency\" content=\"MXN\" \/>\n<meta property=\"og:availability\" content=\"backorder\" \/>\n<meta property=\"product:availability\" content=\"available for order\" \/>\n<meta property=\"product:retailer_item_id\" content=\"TS-1264U-RP-4G-US\" \/>\n<meta property=\"product:condition\" content=\"new\" \/>\n<!-- \/ Yoast SEO plugin. -->","yoast_head_json":{"title":"[ Qnap ] &#129351; Ts-1264u-rp-4g-us Nas Ts-1264u-rp-4g\/fuente Redundante\/ 12 Bahias Sata Hdd 3,5\/rack 2u\/nucleo Cuadruple 2.0 Ghz\/4gb Ddr4 Hasta 16gb\/2 Pto 2,5 Lan Gbe\/ Usb 3.2 X2 \/hotswap\/ No Incluye Discos","description":"Compra Ts-1264u-rp-4g-us Nas Ts-1264u-rp-4g\/fuente Redundante\/ 12 Bahias Sata Hdd 3,5\/rack 2u\/nucleo Cuadruple 2.0 Ghz\/4gb Ddr4 Hasta 16gb\/2 Pto 2,5 Lan Gbe\/ Usb 3.2 X2 \/hotswap\/ No Incluye Discos + Env\u00edo a domicilio + Pago seguro + Garant\u00eda","robots":{"index":"index","follow":"follow","max-snippet":"max-snippet:-1","max-image-preview":"max-image-preview:large","max-video-preview":"max-video-preview:-1"},"canonical":"https:\/\/compuviper.mx\/tienda\/producto\/qnap-ts-1264u-rp-4g-us-nas-ts-1264u-rp-4g-fuente-redundante-12-bahias-sata-hdd-35-rack-2u-nucleo-cuadruple-2-0-ghz-4gb-ddr4-hasta-16gb-2-pto-25-lan-gbe-usb-3-2-x2-hotswap-no-incluye-discos\/","og_locale":"es_MX","og_type":"article","og_title":"[ Qnap ] &#129351; Ts-1264u-rp-4g-us Nas Ts-1264u-rp-4g\/fuente Redundante\/ 12 Bahias Sata Hdd 3,5\/rack 2u\/nucleo Cuadruple 2.0 Ghz\/4gb Ddr4 Hasta 16gb\/2 Pto 2,5 Lan Gbe\/ Usb 3.2 X2 \/hotswap\/ No Incluye Discos","og_description":"Compra Ts-1264u-rp-4g-us Nas Ts-1264u-rp-4g\/fuente Redundante\/ 12 Bahias Sata Hdd 3,5\/rack 2u\/nucleo Cuadruple 2.0 Ghz\/4gb Ddr4 Hasta 16gb\/2 Pto 2,5 Lan Gbe\/ Usb 3.2 X2 \/hotswap\/ No Incluye Discos + Env\u00edo a domicilio + Pago seguro + Garant\u00eda","og_url":"https:\/\/compuviper.mx\/tienda\/producto\/qnap-ts-1264u-rp-4g-us-nas-ts-1264u-rp-4g-fuente-redundante-12-bahias-sata-hdd-35-rack-2u-nucleo-cuadruple-2-0-ghz-4gb-ddr4-hasta-16gb-2-pto-25-lan-gbe-usb-3-2-x2-hotswap-no-incluye-discos\/","og_site_name":"Compuviper","article_publisher":"https:\/\/www.facebook.com\/compuviper","og_image":[{"width":200,"height":200,"url":"https:\/\/compuviper.mx\/tienda\/wp-content\/uploads\/2023\/12\/Nas-qnap-ts-1264u-rp-4gfuente-redundante-12-bahias-sata-hdd-35rack-2unucleo-cuadruple-2.0-ghz4gb-ddr4-hasta-16gb2-pto-25-lan-gbe-usb-3.2-x2-hotswap-no-incluye-discos.jpg","type":"image\/jpeg"}],"twitter_card":"summary_large_image","twitter_misc":{"Precio":"&#36;36,263 con IVA","Availability":"On backorder"},"schema":{"@context":"https:\/\/schema.org","@graph":[{"@type":"WebPage","@id":"https:\/\/compuviper.mx\/tienda\/producto\/qnap-ts-1264u-rp-4g-us-nas-ts-1264u-rp-4g-fuente-redundante-12-bahias-sata-hdd-35-rack-2u-nucleo-cuadruple-2-0-ghz-4gb-ddr4-hasta-16gb-2-pto-25-lan-gbe-usb-3-2-x2-hotswap-no-incluye-discos\/","url":"https:\/\/compuviper.mx\/tienda\/producto\/qnap-ts-1264u-rp-4g-us-nas-ts-1264u-rp-4g-fuente-redundante-12-bahias-sata-hdd-35-rack-2u-nucleo-cuadruple-2-0-ghz-4gb-ddr4-hasta-16gb-2-pto-25-lan-gbe-usb-3-2-x2-hotswap-no-incluye-discos\/","name":"[ Qnap ] &#129351; Ts-1264u-rp-4g-us Nas Ts-1264u-rp-4g\/fuente Redundante\/ 12 Bahias Sata Hdd 3,5\/rack 2u\/nucleo Cuadruple 2.0 Ghz\/4gb Ddr4 Hasta 16gb\/2 Pto 2,5 Lan Gbe\/ Usb 3.2 X2 \/hotswap\/ No Incluye Discos","isPartOf":{"@id":"https:\/\/compuviper.mx\/tienda\/#website"},"datePublished":"2026-04-17T08:01:13+00:00","dateModified":"2026-04-17T08:01:13+00:00","description":"Compra Ts-1264u-rp-4g-us Nas Ts-1264u-rp-4g\/fuente Redundante\/ 12 Bahias Sata Hdd 3,5\/rack 2u\/nucleo Cuadruple 2.0 Ghz\/4gb Ddr4 Hasta 16gb\/2 Pto 2,5 Lan Gbe\/ Usb 3.2 X2 \/hotswap\/ No Incluye Discos + Env\u00edo a domicilio + Pago seguro + Garant\u00eda","breadcrumb":{"@id":"https:\/\/compuviper.mx\/tienda\/producto\/qnap-ts-1264u-rp-4g-us-nas-ts-1264u-rp-4g-fuente-redundante-12-bahias-sata-hdd-35-rack-2u-nucleo-cuadruple-2-0-ghz-4gb-ddr4-hasta-16gb-2-pto-25-lan-gbe-usb-3-2-x2-hotswap-no-incluye-discos\/#breadcrumb"},"inLanguage":"es-MX","potentialAction":[{"@type":"ReadAction","target":["https:\/\/compuviper.mx\/tienda\/producto\/qnap-ts-1264u-rp-4g-us-nas-ts-1264u-rp-4g-fuente-redundante-12-bahias-sata-hdd-35-rack-2u-nucleo-cuadruple-2-0-ghz-4gb-ddr4-hasta-16gb-2-pto-25-lan-gbe-usb-3-2-x2-hotswap-no-incluye-discos\/"]}]},{"@type":"BreadcrumbList","@id":"https:\/\/compuviper.mx\/tienda\/producto\/qnap-ts-1264u-rp-4g-us-nas-ts-1264u-rp-4g-fuente-redundante-12-bahias-sata-hdd-35-rack-2u-nucleo-cuadruple-2-0-ghz-4gb-ddr4-hasta-16gb-2-pto-25-lan-gbe-usb-3-2-x2-hotswap-no-incluye-discos\/#breadcrumb","itemListElement":[{"@type":"ListItem","position":1,"name":"Inicio","item":"https:\/\/compuviper.mx\/tienda\/"},{"@type":"ListItem","position":2,"name":"Productos","item":"https:\/\/compuviper.mx\/tienda\/productos\/"},{"@type":"ListItem","position":3,"name":"Almacenamiento","item":"https:\/\/compuviper.mx\/tienda\/categoria-producto\/almacenamiento\/"},{"@type":"ListItem","position":4,"name":"Sistema De Almacenamiento","item":"https:\/\/compuviper.mx\/tienda\/categoria-producto\/almacenamiento\/sistema-de-almacenamiento\/"},{"@type":"ListItem","position":5,"name":"Qnap Ts-1264u-rp-4g-us Nas Ts-1264u-rp-4g\/fuente Redundante\/ 12 Bahias Sata Hdd 3,5\/rack 2u\/nucleo Cuadruple 2.0 Ghz\/4gb Ddr4 Hasta 16gb\/2 Pto 2,5 Lan Gbe\/ Usb 3.2 X2 \/hotswap\/ No Incluye Discos"}]},{"@type":"WebSite","@id":"https:\/\/compuviper.mx\/tienda\/#website","url":"https:\/\/compuviper.mx\/tienda\/","name":"Compuviper","description":"Proveedor de Computadoras, Laptops, Servidores, Monitores, Puntos de Venta, Teclados,   Impresoras, T\u00f3ner, C\u00e1maras de Seguridad y m\u00e1s en tu tienda en l\u00ednea","publisher":{"@id":"https:\/\/compuviper.mx\/tienda\/#organization"},"potentialAction":[{"@type":"SearchAction","target":{"@type":"EntryPoint","urlTemplate":"https:\/\/compuviper.mx\/tienda\/?s={search_term_string}"},"query-input":"required name=search_term_string"}],"inLanguage":"es-MX"},{"@type":"Organization","@id":"https:\/\/compuviper.mx\/tienda\/#organization","name":"Compuviper","url":"https:\/\/compuviper.mx\/tienda\/","logo":{"@type":"ImageObject","inLanguage":"es-MX","@id":"https:\/\/compuviper.mx\/tienda\/#\/schema\/logo\/image\/","url":"https:\/\/compuviper.mx\/tienda\/wp-content\/uploads\/2021\/08\/Logo-Compuviper-10.png","contentUrl":"https:\/\/compuviper.mx\/tienda\/wp-content\/uploads\/2021\/08\/Logo-Compuviper-10.png","width":1000,"height":500,"caption":"Compuviper"},"image":{"@id":"https:\/\/compuviper.mx\/tienda\/#\/schema\/logo\/image\/"},"sameAs":["https:\/\/www.facebook.com\/compuviper","https:\/\/www.youtube.com\/channel\/UCf73dERp9Y3cfOq7q8BhLjA?view_as=subscriber"]}]},"product_brand":"Qnap","product_price_amount":"36263","product_price_currency":"MXN","og_availability":"backorder","product_availability":"available for order","product_retailer_item_id":"TS-1264U-RP-4G-US","product_condition":"new"},"_links":{"self":[{"href":"https:\/\/compuviper.mx\/tienda\/wp-json\/wp\/v2\/product\/225042"}],"collection":[{"href":"https:\/\/compuviper.mx\/tienda\/wp-json\/wp\/v2\/product"}],"about":[{"href":"https:\/\/compuviper.mx\/tienda\/wp-json\/wp\/v2\/types\/product"}],"replies":[{"embeddable":true,"href":"https:\/\/compuviper.mx\/tienda\/wp-json\/wp\/v2\/comments?post=225042"}],"wp:featuredmedia":[{"embeddable":true,"href":"https:\/\/compuviper.mx\/tienda\/wp-json\/wp\/v2\/media\/225043"}],"wp:attachment":[{"href":"https:\/\/compuviper.mx\/tienda\/wp-json\/wp\/v2\/media?parent=225042"}],"wp:term":[{"taxonomy":"product_cat","embeddable":true,"href":"https:\/\/compuviper.mx\/tienda\/wp-json\/wp\/v2\/product_cat?post=225042"},{"taxonomy":"product_tag","embeddable":true,"href":"https:\/\/compuviper.mx\/tienda\/wp-json\/wp\/v2\/product_tag?post=225042"}],"curies":[{"name":"wp","href":"https:\/\/api.w.org\/{rel}","templated":true}]}}