{"id":225018,"date":"2026-04-22T01:44:23","date_gmt":"2026-04-22T07:44:23","guid":{"rendered":"https:\/\/compuviper.mx\/tienda\/producto\/qnap-ts-832px-4g-us-nas-ts-832px-4g-8-bahias-sata-hdd-de-35-nucleo-cuadruple-1-7ghz-4gb-ddr4-sodimm-ampliable-a-16gb-2-pto-25-gbe-2-pto-10-gbe-usb-3-2-x3-hotswap-no-incluye-discos-hasta-144t\/"},"modified":"2026-04-22T01:44:24","modified_gmt":"2026-04-22T07:44:24","slug":"qnap-ts-832px-4g-us-nas-ts-832px-4g-8-bahias-sata-hdd-de-35-nucleo-cuadruple-1-7ghz-4gb-ddr4-sodimm-ampliable-a-16gb-2-pto-25-gbe-2-pto-10-gbe-usb-3-2-x3-hotswap-no-incluye-discos-hasta-144t","status":"publish","type":"product","link":"https:\/\/compuviper.mx\/tienda\/producto\/qnap-ts-832px-4g-us-nas-ts-832px-4g-8-bahias-sata-hdd-de-35-nucleo-cuadruple-1-7ghz-4gb-ddr4-sodimm-ampliable-a-16gb-2-pto-25-gbe-2-pto-10-gbe-usb-3-2-x3-hotswap-no-incluye-discos-hasta-144t\/","title":{"rendered":"Qnap Ts-832px-4g-us Nas  Ts-832px-4g\/ 8 Bahias Sata Hdd De 3,5\/ Nucleo Cuadruple 1.7ghz\/4gb Ddr4 Sodimm Ampliable A 16gb\/2 Pto 2,5 Gbe \/2 Pto 10 Gbe \/usb 3.2 X3\/ Hotswap\/ No Incluye Discos\/ Hasta 144tb"},"content":{"rendered":"<table class=\"descripcion\">\n<tr>\n<td>Descripcion tecnica<\/td>\n<\/tr>\n<tr>\n<td>Cpu annapurnalabs alpine al324 arm\u00ae cortex-a57 4-core 1.7ghz processor<\/td>\n<\/tr>\n<tr>\n<td>Arquitectura de cpu arm de 64 bits<\/td>\n<\/tr>\n<tr>\n<td>Unidad de coma flotante:    si<\/td>\n<\/tr>\n<tr>\n<td>Motor de cifrado:    si<\/td>\n<\/tr>\n<tr>\n<td>Memoria del sistema 4 gb de memoria ddr4 sodimm (1 modulo de 4 gb)<\/td>\n<\/tr>\n<tr>\n<td>Memoria maxima 16 gb (1 modulo de 16 gb)<\/td>\n<\/tr>\n<tr>\n<td>Ranura para memoria 1 modulo de memoria ddr4 so-dimm<\/td>\n<\/tr>\n<tr>\n<td>Memoria flash 512 mb (proteccion del sistema operativo de doble arranque)<\/td>\n<\/tr>\n<tr>\n<td>Bahia para unidades 8 unidades sata de 3,5 a 6gb\/s, 3gb\/s<\/td>\n<\/tr>\n<tr>\n<td>Compatibilidad de unidades<\/td>\n<\/tr>\n<tr>\n<td>Bahias de 3,5:<\/td>\n<\/tr>\n<tr>\n<td>Unidades de disco duro sata de 3,5<\/td>\n<\/tr>\n<tr>\n<td>Unidades de disco duro sata de 2,5<\/td>\n<\/tr>\n<tr>\n<td>Unidades de estado s\u00f3lido sata de 2,5<\/td>\n<\/tr>\n<tr>\n<td>Intercambiable en caliente:    si<\/td>\n<\/tr>\n<tr>\n<td>M.2 slot: opcional a traves de un adaptador pcie<\/td>\n<\/tr>\n<tr>\n<td>Compatibilidad con aceleracion de cache ssd:    si<\/td>\n<\/tr>\n<tr>\n<td>Puerto 2,5 gbe (2,5g\/1g\/100m) 2 (tambien admite 10m)<\/td>\n<\/tr>\n<tr>\n<td>Puerto 10 gbe 2 puertos sfp+ 10gbe<\/td>\n<\/tr>\n<tr>\n<td>Wake-on-lan (wol):    si    solo el puerto 2,5gbe<\/td>\n<\/tr>\n<tr>\n<td>Jumbo frame:    si<\/td>\n<\/tr>\n<tr>\n<td>Ranura pcie 1<\/td>\n<\/tr>\n<tr>\n<td>Ranura 1: pcie gen 2 x2<\/td>\n<\/tr>\n<tr>\n<td>Las limitaciones de ancho de banda de pcie limitaran el rendimiento del nas 10gbe.<\/td>\n<\/tr>\n<tr>\n<td>Puerto usb 3.2 gen 1 x 3<\/td>\n<\/tr>\n<tr>\n<td>Formato torre<\/td>\n<\/tr>\n<tr>\n<td>Indicadores led<\/td>\n<\/tr>\n<tr>\n<td>Estado del sistema, lan, usb, unidad de disco duro 1~8<\/td>\n<\/tr>\n<tr>\n<td>Botones<\/td>\n<\/tr>\n<tr>\n<td>Encendido, reinicio, copia usb<\/td>\n<\/tr>\n<tr>\n<td>Dimensiones<\/td>\n<\/tr>\n<tr>\n<td>(altura x anchura x profundidad)<\/td>\n<\/tr>\n<tr>\n<td>188.2 \u00d7 329.3 \u00d7 280.8 mm<\/td>\n<\/tr>\n<tr>\n<td>Peso (neto) 6,38 kg<\/td>\n<\/tr>\n<tr>\n<td>Peso (bruto) 8,61 kg<\/td>\n<\/tr>\n<tr>\n<td>Temperatura operativa 0 &#8211; 40 \u00b0c (32\u00b0f &#8211; 104\u00b0f)<\/td>\n<\/tr>\n<tr>\n<td>Temperatura de almacenamiento -20 &#8211; 70\u00b0c (-4\u00b0f &#8211; 158\u00b0f)<\/td>\n<\/tr>\n<tr>\n<td>Humedad relativa 5 ~ 95 % de humedad relativa sin condensacion, bulbo humedo: 27  and #730;c (80,6  and #730;f)<\/td>\n<\/tr>\n<tr>\n<td>Unidad de alimentaci\u00f3n el\u00e9ctrica 250 w, 100-240 v de ca, 50\/60hz, 3,5 a<\/td>\n<\/tr>\n<tr>\n<td>Consumo de energia: modo suspension de disco duro: 27,949 w<\/td>\n<\/tr>\n<tr>\n<td>Consumo de energia: modo de funcionamiento, tipico 50,858 w<\/td>\n<\/tr>\n<tr>\n<td>Probado con unidades totalmente llenas.<\/td>\n<\/tr>\n<tr>\n<td>Ventilador<\/td>\n<\/tr>\n<tr>\n<td>Ventilador del sistema: 2 de 120 mm, 12 v de cc<\/td>\n<\/tr>\n<tr>\n<td>Ventilador de cpu: 1 de 60 mm<\/td>\n<\/tr>\n<tr>\n<td>Nivel de sonido 19,6 db(a)<\/td>\n<\/tr>\n<tr>\n<td>Advertencia del sistema mensajes de voz o timbre<\/td>\n<\/tr>\n<tr>\n<td>Ranura de seguridad tipo: kensington<\/td>\n<\/tr>\n<tr>\n<td>Max. numero de conexiones concurrentes (cifs) &#8211; con max. memoria 700<\/td>\n<\/tr>\n<tr>\n<td>Nota: utilice solamente modulos de memoria qnap para mantener el rendimiento y la estabilidad del sistema. para dispositivos nas con mas de una ranura de memoria, use modulos qnap con las mismas especificaciones.<\/td>\n<\/tr>\n<tr>\n<td>Advertencia: usar modulos no compatibles puede degradar el rendimiento, provocar errores o impedir el arranque del sistema operativo.<\/td>\n<\/tr>\n<tr>\n<td>Las imagenes de producto son para fines ilustrativos y pueden diferir del producto real debido a diferencias en los monitores, los colores de los productos tambien pueden parecer distintos de los que se muestra en el sitio.<\/td>\n<\/tr>\n<tr>\n<td>Los disenos y las especificaciones estan sujetos a modificaciones sin previo aviso.<\/td>\n<\/tr>\n<tr>\n<td>Sistema operativo<\/td>\n<\/tr>\n<tr>\n<td>Qts 5.0.0<\/td>\n<\/tr>\n<tr>\n<td>Sistemas operativos de cliente compatibles<\/td>\n<\/tr>\n<tr>\n<td>Apple mac os 10.10 o posterior<\/td>\n<\/tr>\n<tr>\n<td>Ubuntu 14.04, centos 7, rhel 6.6, suse 12 o posterior linux<\/td>\n<\/tr>\n<tr>\n<td>Ibm aix 7, solaris 10 o posterior unix<\/td>\n<\/tr>\n<tr>\n<td>Microsoft windows 7, 8, 10 y 11<\/td>\n<\/tr>\n<tr>\n<td>Navegadores compatibles<\/td>\n<\/tr>\n<tr>\n<td>Apple safari<\/td>\n<\/tr>\n<tr>\n<td>Google chrome<\/td>\n<\/tr>\n<tr>\n<td>Microsoft edge<\/td>\n<\/tr>\n<tr>\n<td>Mozilla firefox<\/td>\n<\/tr>\n<tr>\n<td>Idiomas admitidos<\/td>\n<\/tr>\n<tr>\n<td>Chino (tradicional y simplificado), checo, danes, holandes, ingles, finlandes, frances, alemen, griego, hungaro, italiano, japones, coreano, noruego, polaco, portugues (brasil), rumano, ruso, espanol, sueco, tailand\u00e9s, y turco<\/td>\n<\/tr>\n<tr>\n<td>Grupo de almacenamiento:     si<\/td>\n<\/tr>\n<tr>\n<td>Grupo de almacenamiento sed:     si<\/td>\n<\/tr>\n<tr>\n<td>Numero maximo de agrupaciones de almacenamiento<\/td>\n<\/tr>\n<tr>\n<td>128<\/td>\n<\/tr>\n<tr>\n<td>Tipo de volumen<\/td>\n<\/tr>\n<tr>\n<td>Grueso, delgado, estatico<\/td>\n<\/tr>\n<tr>\n<td>Tamano de volumen maximo<\/td>\n<\/tr>\n<tr>\n<td>250 tb<\/td>\n<\/tr>\n<tr>\n<td>Nota: se requieren al menos 4 gb de ram.<\/td>\n<\/tr>\n<tr>\n<td>Numero maximo de volumen<\/td>\n<\/tr>\n<tr>\n<td>128<\/td>\n<\/tr>\n<tr>\n<td>Tamano maximo de carpeta compartida<\/td>\n<\/tr>\n<tr>\n<td>250 tb<\/td>\n<\/tr>\n<tr>\n<td>Numero maximo de carpeta compartida<\/td>\n<\/tr>\n<tr>\n<td>512<\/td>\n<\/tr>\n<tr>\n<td>Expansion jbod:    si<\/td>\n<\/tr>\n<tr>\n<td>Nube de vjbod \/ vjbod:     si<\/td>\n<\/tr>\n<tr>\n<td>Servicio iscsi:     si<\/td>\n<\/tr>\n<tr>\n<td>Servicio de canal de fibra:    si<\/td>\n<\/tr>\n<tr>\n<td>Tipo de lun<\/td>\n<\/tr>\n<tr>\n<td>Grueso &#8212;- delgado<\/td>\n<\/tr>\n<tr>\n<td>Iscsi lun basado en archivos:      si<\/td>\n<\/tr>\n<tr>\n<td>Iscsi lun basado en bloques:      si<\/td>\n<\/tr>\n<tr>\n<td>Tamano maximo de lun<\/td>\n<\/tr>\n<tr>\n<td>250 tb<\/td>\n<\/tr>\n<tr>\n<td>Nota: se requieren al menos 4 gb de ram.<\/td>\n<\/tr>\n<tr>\n<td>Numero maximo de lun de objetivos<\/td>\n<\/tr>\n<tr>\n<td>256<\/td>\n<\/tr>\n<tr>\n<td>Funcion lun<\/td>\n<\/tr>\n<tr>\n<td>Asignaci\u00f3n de lun (lun se puede mover entre iscsi y fc)<\/td>\n<\/tr>\n<tr>\n<td>Enmascaramiento de lun<\/td>\n<\/tr>\n<tr>\n<td>Importaci\u00f3n \/ exportaci\u00f3n de alias wwpn<\/td>\n<\/tr>\n<tr>\n<td>Grupo de puertos fc<\/td>\n<\/tr>\n<tr>\n<td>Nivelaci\u00f3n automatica:      si<\/td>\n<\/tr>\n<tr>\n<td>Tipo de raid<\/td>\n<\/tr>\n<tr>\n<td>8 bah\u00edas (y m\u00e1s): jbod, individual, raid 0, 1, 5, 6, 10, 50, 60<\/td>\n<\/tr>\n<tr>\n<td>6 bah\u00edas: jbod, individual, raid 0, 1, 5, 6, 10, 50<\/td>\n<\/tr>\n<tr>\n<td>4 bah\u00edas: jbod, individual, raid 0, 1, 5, 6, 10<\/td>\n<\/tr>\n<tr>\n<td>2 bah\u00edas: jbod, simple, raid 0, 1<\/td>\n<\/tr>\n<tr>\n<td>Https:\/\/www.qnap.com\/la\/product\/ts-832px\/specs\/software<\/td>\n<\/tr>\n<tr>\n<td>Especificaciones del hardware<\/td>\n<\/tr>\n<tr>\n<td>Especificaciones del software<\/td>\n<\/tr>\n<tr>\n<td>Link de ficha<\/td>\n<\/tr>\n<\/table>\n","protected":false},"excerpt":{"rendered":"<p>Descripcion comercial. El ts-832px-4g de cuatro nucleos a 1,7 ghz incluye ocho bahias de unidades sata de 3,5 a 6gb\/s, lo que ofrece enormes capacidades de almacenamiento para una amplia gama de aplicaciones y el uso diario. Con dos sfp+ 10gbe y dos puertos lan 2,5gbe, el ts-832px admite redes de proxima generacion para permitir el uso de aplicaciones que requieren un alto ancho de banda y ofrecer un acceso y un uso compartido de archivos mas fluido. Tambien son compatibles diversas tarjetas pcie, incluyendo tarjetas qm2 que ofrecen cache ssd m.2 sata\/nvme y almacenamiento con organizacion automatica por niveles qtier\u0099 para mejorar el rendimiento del nas<\/p>\n","protected":false},"featured_media":225019,"comment_status":"open","ping_status":"open","template":"","meta":[],"product_cat":[1803,1804],"product_tag":[2110],"acf":[],"yoast_head":"<!-- This site is optimized with the Yoast SEO plugin v21.7 - https:\/\/yoast.com\/wordpress\/plugins\/seo\/ -->\n<title>[ Qnap ] &#129351; Ts-832px-4g-us Nas Ts-832px-4g\/ 8 Bahias Sata Hdd De 3,5\/ Nucleo Cuadruple 1.7ghz\/4gb Ddr4 Sodimm Ampliable A 16gb\/2 Pto 2,5 Gbe \/2 Pto 10 Gbe \/usb 3.2 X3\/ Hotswap\/ No Incluye Discos\/ Hasta 144tb<\/title>\n<meta name=\"description\" content=\"Compra Ts-832px-4g-us Nas Ts-832px-4g\/ 8 Bahias Sata Hdd De 3,5\/ Nucleo Cuadruple 1.7ghz\/4gb Ddr4 Sodimm Ampliable A 16gb\/2 Pto 2,5 Gbe \/2 Pto 10 Gbe \/usb 3.2 X3\/ Hotswap\/ No Incluye Discos\/ Hasta 144tb + Env\u00edo a domicilio + Pago seguro + Garant\u00eda\" \/>\n<meta name=\"robots\" content=\"index, follow, max-snippet:-1, max-image-preview:large, max-video-preview:-1\" \/>\n<link rel=\"canonical\" href=\"https:\/\/compuviper.mx\/tienda\/producto\/qnap-ts-832px-4g-us-nas-ts-832px-4g-8-bahias-sata-hdd-de-35-nucleo-cuadruple-1-7ghz-4gb-ddr4-sodimm-ampliable-a-16gb-2-pto-25-gbe-2-pto-10-gbe-usb-3-2-x3-hotswap-no-incluye-discos-hasta-144t\/\" \/>\n<meta property=\"og:locale\" content=\"es_MX\" \/>\n<meta property=\"og:type\" content=\"article\" \/>\n<meta property=\"og:title\" content=\"[ Qnap ] &#129351; Ts-832px-4g-us Nas Ts-832px-4g\/ 8 Bahias Sata Hdd De 3,5\/ Nucleo Cuadruple 1.7ghz\/4gb Ddr4 Sodimm Ampliable A 16gb\/2 Pto 2,5 Gbe \/2 Pto 10 Gbe \/usb 3.2 X3\/ Hotswap\/ No Incluye Discos\/ Hasta 144tb\" \/>\n<meta property=\"og:description\" content=\"Compra Ts-832px-4g-us Nas Ts-832px-4g\/ 8 Bahias Sata Hdd De 3,5\/ Nucleo Cuadruple 1.7ghz\/4gb Ddr4 Sodimm Ampliable A 16gb\/2 Pto 2,5 Gbe \/2 Pto 10 Gbe \/usb 3.2 X3\/ Hotswap\/ No Incluye Discos\/ Hasta 144tb + Env\u00edo a domicilio + Pago seguro + Garant\u00eda\" \/>\n<meta property=\"og:url\" content=\"https:\/\/compuviper.mx\/tienda\/producto\/qnap-ts-832px-4g-us-nas-ts-832px-4g-8-bahias-sata-hdd-de-35-nucleo-cuadruple-1-7ghz-4gb-ddr4-sodimm-ampliable-a-16gb-2-pto-25-gbe-2-pto-10-gbe-usb-3-2-x3-hotswap-no-incluye-discos-hasta-144t\/\" \/>\n<meta property=\"og:site_name\" content=\"Compuviper\" \/>\n<meta property=\"article:publisher\" content=\"https:\/\/www.facebook.com\/compuviper\" \/>\n<meta property=\"article:modified_time\" content=\"2026-04-22T07:44:24+00:00\" \/>\n<meta property=\"og:image\" content=\"https:\/\/compuviper.mx\/tienda\/wp-content\/uploads\/2023\/12\/Nas-qnap-ts-832px-4g-8-bahias-sata-hdd-de-35-nucleo-cuadruple-1.7ghz4gb-ddr4-sodimm-ampliable-a-16gb2-pto-25-gbe-2-pto-10-gbe-usb-3.2-x3-hotswap-no-incluye-discos-hasta-144tb.jpg\" \/>\n\t<meta property=\"og:image:width\" content=\"200\" \/>\n\t<meta property=\"og:image:height\" content=\"200\" \/>\n\t<meta property=\"og:image:type\" content=\"image\/jpeg\" \/>\n<meta name=\"twitter:card\" content=\"summary_large_image\" \/>\n<meta name=\"twitter:label1\" content=\"Precio\" \/>\n\t<meta name=\"twitter:data1\" content=\"&#36;18,328 &#36;17,548 con IVA\" \/>\n\t<meta name=\"twitter:label2\" content=\"Availability\" \/>\n\t<meta name=\"twitter:data2\" content=\"In stock\" \/>\n<script type=\"application\/ld+json\" class=\"yoast-schema-graph\">{\"@context\":\"https:\/\/schema.org\",\"@graph\":[{\"@type\":\"WebPage\",\"@id\":\"https:\/\/compuviper.mx\/tienda\/producto\/qnap-ts-832px-4g-us-nas-ts-832px-4g-8-bahias-sata-hdd-de-35-nucleo-cuadruple-1-7ghz-4gb-ddr4-sodimm-ampliable-a-16gb-2-pto-25-gbe-2-pto-10-gbe-usb-3-2-x3-hotswap-no-incluye-discos-hasta-144t\/\",\"url\":\"https:\/\/compuviper.mx\/tienda\/producto\/qnap-ts-832px-4g-us-nas-ts-832px-4g-8-bahias-sata-hdd-de-35-nucleo-cuadruple-1-7ghz-4gb-ddr4-sodimm-ampliable-a-16gb-2-pto-25-gbe-2-pto-10-gbe-usb-3-2-x3-hotswap-no-incluye-discos-hasta-144t\/\",\"name\":\"[ Qnap ] &#129351; Ts-832px-4g-us Nas Ts-832px-4g\/ 8 Bahias Sata Hdd De 3,5\/ Nucleo Cuadruple 1.7ghz\/4gb Ddr4 Sodimm Ampliable A 16gb\/2 Pto 2,5 Gbe \/2 Pto 10 Gbe \/usb 3.2 X3\/ Hotswap\/ No Incluye Discos\/ Hasta 144tb\",\"isPartOf\":{\"@id\":\"https:\/\/compuviper.mx\/tienda\/#website\"},\"datePublished\":\"2026-04-22T07:44:23+00:00\",\"dateModified\":\"2026-04-22T07:44:24+00:00\",\"description\":\"Compra Ts-832px-4g-us Nas Ts-832px-4g\/ 8 Bahias Sata Hdd De 3,5\/ Nucleo Cuadruple 1.7ghz\/4gb Ddr4 Sodimm Ampliable A 16gb\/2 Pto 2,5 Gbe \/2 Pto 10 Gbe \/usb 3.2 X3\/ Hotswap\/ No Incluye Discos\/ Hasta 144tb + Env\u00edo a domicilio + Pago seguro + Garant\u00eda\",\"breadcrumb\":{\"@id\":\"https:\/\/compuviper.mx\/tienda\/producto\/qnap-ts-832px-4g-us-nas-ts-832px-4g-8-bahias-sata-hdd-de-35-nucleo-cuadruple-1-7ghz-4gb-ddr4-sodimm-ampliable-a-16gb-2-pto-25-gbe-2-pto-10-gbe-usb-3-2-x3-hotswap-no-incluye-discos-hasta-144t\/#breadcrumb\"},\"inLanguage\":\"es-MX\",\"potentialAction\":[{\"@type\":\"ReadAction\",\"target\":[\"https:\/\/compuviper.mx\/tienda\/producto\/qnap-ts-832px-4g-us-nas-ts-832px-4g-8-bahias-sata-hdd-de-35-nucleo-cuadruple-1-7ghz-4gb-ddr4-sodimm-ampliable-a-16gb-2-pto-25-gbe-2-pto-10-gbe-usb-3-2-x3-hotswap-no-incluye-discos-hasta-144t\/\"]}]},{\"@type\":\"BreadcrumbList\",\"@id\":\"https:\/\/compuviper.mx\/tienda\/producto\/qnap-ts-832px-4g-us-nas-ts-832px-4g-8-bahias-sata-hdd-de-35-nucleo-cuadruple-1-7ghz-4gb-ddr4-sodimm-ampliable-a-16gb-2-pto-25-gbe-2-pto-10-gbe-usb-3-2-x3-hotswap-no-incluye-discos-hasta-144t\/#breadcrumb\",\"itemListElement\":[{\"@type\":\"ListItem\",\"position\":1,\"name\":\"Inicio\",\"item\":\"https:\/\/compuviper.mx\/tienda\/\"},{\"@type\":\"ListItem\",\"position\":2,\"name\":\"Productos\",\"item\":\"https:\/\/compuviper.mx\/tienda\/productos\/\"},{\"@type\":\"ListItem\",\"position\":3,\"name\":\"Almacenamiento\",\"item\":\"https:\/\/compuviper.mx\/tienda\/categoria-producto\/almacenamiento\/\"},{\"@type\":\"ListItem\",\"position\":4,\"name\":\"Sistema De Almacenamiento\",\"item\":\"https:\/\/compuviper.mx\/tienda\/categoria-producto\/almacenamiento\/sistema-de-almacenamiento\/\"},{\"@type\":\"ListItem\",\"position\":5,\"name\":\"Qnap Ts-832px-4g-us Nas Ts-832px-4g\/ 8 Bahias Sata Hdd De 3,5\/ Nucleo Cuadruple 1.7ghz\/4gb Ddr4 Sodimm Ampliable A 16gb\/2 Pto 2,5 Gbe \/2 Pto 10 Gbe \/usb 3.2 X3\/ Hotswap\/ No Incluye Discos\/ Hasta 144tb\"}]},{\"@type\":\"WebSite\",\"@id\":\"https:\/\/compuviper.mx\/tienda\/#website\",\"url\":\"https:\/\/compuviper.mx\/tienda\/\",\"name\":\"Compuviper\",\"description\":\"Proveedor de Computadoras, Laptops, Servidores, Monitores, Puntos de Venta, Teclados,   Impresoras, T\u00f3ner, C\u00e1maras de Seguridad y m\u00e1s en tu tienda en l\u00ednea\",\"publisher\":{\"@id\":\"https:\/\/compuviper.mx\/tienda\/#organization\"},\"potentialAction\":[{\"@type\":\"SearchAction\",\"target\":{\"@type\":\"EntryPoint\",\"urlTemplate\":\"https:\/\/compuviper.mx\/tienda\/?s={search_term_string}\"},\"query-input\":\"required name=search_term_string\"}],\"inLanguage\":\"es-MX\"},{\"@type\":\"Organization\",\"@id\":\"https:\/\/compuviper.mx\/tienda\/#organization\",\"name\":\"Compuviper\",\"url\":\"https:\/\/compuviper.mx\/tienda\/\",\"logo\":{\"@type\":\"ImageObject\",\"inLanguage\":\"es-MX\",\"@id\":\"https:\/\/compuviper.mx\/tienda\/#\/schema\/logo\/image\/\",\"url\":\"https:\/\/compuviper.mx\/tienda\/wp-content\/uploads\/2021\/08\/Logo-Compuviper-10.png\",\"contentUrl\":\"https:\/\/compuviper.mx\/tienda\/wp-content\/uploads\/2021\/08\/Logo-Compuviper-10.png\",\"width\":1000,\"height\":500,\"caption\":\"Compuviper\"},\"image\":{\"@id\":\"https:\/\/compuviper.mx\/tienda\/#\/schema\/logo\/image\/\"},\"sameAs\":[\"https:\/\/www.facebook.com\/compuviper\",\"https:\/\/www.youtube.com\/channel\/UCf73dERp9Y3cfOq7q8BhLjA?view_as=subscriber\"]}]}<\/script>\n<meta property=\"product:brand\" content=\"Qnap\" \/>\n<meta property=\"product:price:amount\" content=\"17548\" \/>\n<meta property=\"product:price:currency\" content=\"MXN\" \/>\n<meta property=\"og:availability\" content=\"instock\" \/>\n<meta property=\"product:availability\" content=\"instock\" \/>\n<meta property=\"product:retailer_item_id\" content=\"TS-832PX-4G-US\" \/>\n<meta property=\"product:condition\" content=\"new\" \/>\n<!-- \/ Yoast SEO plugin. -->","yoast_head_json":{"title":"[ Qnap ] &#129351; Ts-832px-4g-us Nas Ts-832px-4g\/ 8 Bahias Sata Hdd De 3,5\/ Nucleo Cuadruple 1.7ghz\/4gb Ddr4 Sodimm Ampliable A 16gb\/2 Pto 2,5 Gbe \/2 Pto 10 Gbe \/usb 3.2 X3\/ Hotswap\/ No Incluye Discos\/ Hasta 144tb","description":"Compra Ts-832px-4g-us Nas Ts-832px-4g\/ 8 Bahias Sata Hdd De 3,5\/ Nucleo Cuadruple 1.7ghz\/4gb Ddr4 Sodimm Ampliable A 16gb\/2 Pto 2,5 Gbe \/2 Pto 10 Gbe \/usb 3.2 X3\/ Hotswap\/ No Incluye Discos\/ Hasta 144tb + Env\u00edo a domicilio + Pago seguro + Garant\u00eda","robots":{"index":"index","follow":"follow","max-snippet":"max-snippet:-1","max-image-preview":"max-image-preview:large","max-video-preview":"max-video-preview:-1"},"canonical":"https:\/\/compuviper.mx\/tienda\/producto\/qnap-ts-832px-4g-us-nas-ts-832px-4g-8-bahias-sata-hdd-de-35-nucleo-cuadruple-1-7ghz-4gb-ddr4-sodimm-ampliable-a-16gb-2-pto-25-gbe-2-pto-10-gbe-usb-3-2-x3-hotswap-no-incluye-discos-hasta-144t\/","og_locale":"es_MX","og_type":"article","og_title":"[ Qnap ] &#129351; Ts-832px-4g-us Nas Ts-832px-4g\/ 8 Bahias Sata Hdd De 3,5\/ Nucleo Cuadruple 1.7ghz\/4gb Ddr4 Sodimm Ampliable A 16gb\/2 Pto 2,5 Gbe \/2 Pto 10 Gbe \/usb 3.2 X3\/ Hotswap\/ No Incluye Discos\/ Hasta 144tb","og_description":"Compra Ts-832px-4g-us Nas Ts-832px-4g\/ 8 Bahias Sata Hdd De 3,5\/ Nucleo Cuadruple 1.7ghz\/4gb Ddr4 Sodimm Ampliable A 16gb\/2 Pto 2,5 Gbe \/2 Pto 10 Gbe \/usb 3.2 X3\/ Hotswap\/ No Incluye Discos\/ Hasta 144tb + Env\u00edo a domicilio + Pago seguro + Garant\u00eda","og_url":"https:\/\/compuviper.mx\/tienda\/producto\/qnap-ts-832px-4g-us-nas-ts-832px-4g-8-bahias-sata-hdd-de-35-nucleo-cuadruple-1-7ghz-4gb-ddr4-sodimm-ampliable-a-16gb-2-pto-25-gbe-2-pto-10-gbe-usb-3-2-x3-hotswap-no-incluye-discos-hasta-144t\/","og_site_name":"Compuviper","article_publisher":"https:\/\/www.facebook.com\/compuviper","article_modified_time":"2026-04-22T07:44:24+00:00","og_image":[{"width":200,"height":200,"url":"https:\/\/compuviper.mx\/tienda\/wp-content\/uploads\/2023\/12\/Nas-qnap-ts-832px-4g-8-bahias-sata-hdd-de-35-nucleo-cuadruple-1.7ghz4gb-ddr4-sodimm-ampliable-a-16gb2-pto-25-gbe-2-pto-10-gbe-usb-3.2-x3-hotswap-no-incluye-discos-hasta-144tb.jpg","type":"image\/jpeg"}],"twitter_card":"summary_large_image","twitter_misc":{"Precio":"&#36;18,328 &#36;17,548 con IVA","Availability":"In stock"},"schema":{"@context":"https:\/\/schema.org","@graph":[{"@type":"WebPage","@id":"https:\/\/compuviper.mx\/tienda\/producto\/qnap-ts-832px-4g-us-nas-ts-832px-4g-8-bahias-sata-hdd-de-35-nucleo-cuadruple-1-7ghz-4gb-ddr4-sodimm-ampliable-a-16gb-2-pto-25-gbe-2-pto-10-gbe-usb-3-2-x3-hotswap-no-incluye-discos-hasta-144t\/","url":"https:\/\/compuviper.mx\/tienda\/producto\/qnap-ts-832px-4g-us-nas-ts-832px-4g-8-bahias-sata-hdd-de-35-nucleo-cuadruple-1-7ghz-4gb-ddr4-sodimm-ampliable-a-16gb-2-pto-25-gbe-2-pto-10-gbe-usb-3-2-x3-hotswap-no-incluye-discos-hasta-144t\/","name":"[ Qnap ] &#129351; Ts-832px-4g-us Nas Ts-832px-4g\/ 8 Bahias Sata Hdd De 3,5\/ Nucleo Cuadruple 1.7ghz\/4gb Ddr4 Sodimm Ampliable A 16gb\/2 Pto 2,5 Gbe \/2 Pto 10 Gbe \/usb 3.2 X3\/ Hotswap\/ No Incluye Discos\/ Hasta 144tb","isPartOf":{"@id":"https:\/\/compuviper.mx\/tienda\/#website"},"datePublished":"2026-04-22T07:44:23+00:00","dateModified":"2026-04-22T07:44:24+00:00","description":"Compra Ts-832px-4g-us Nas Ts-832px-4g\/ 8 Bahias Sata Hdd De 3,5\/ Nucleo Cuadruple 1.7ghz\/4gb Ddr4 Sodimm Ampliable A 16gb\/2 Pto 2,5 Gbe \/2 Pto 10 Gbe \/usb 3.2 X3\/ Hotswap\/ No Incluye Discos\/ Hasta 144tb + Env\u00edo a domicilio + Pago seguro + Garant\u00eda","breadcrumb":{"@id":"https:\/\/compuviper.mx\/tienda\/producto\/qnap-ts-832px-4g-us-nas-ts-832px-4g-8-bahias-sata-hdd-de-35-nucleo-cuadruple-1-7ghz-4gb-ddr4-sodimm-ampliable-a-16gb-2-pto-25-gbe-2-pto-10-gbe-usb-3-2-x3-hotswap-no-incluye-discos-hasta-144t\/#breadcrumb"},"inLanguage":"es-MX","potentialAction":[{"@type":"ReadAction","target":["https:\/\/compuviper.mx\/tienda\/producto\/qnap-ts-832px-4g-us-nas-ts-832px-4g-8-bahias-sata-hdd-de-35-nucleo-cuadruple-1-7ghz-4gb-ddr4-sodimm-ampliable-a-16gb-2-pto-25-gbe-2-pto-10-gbe-usb-3-2-x3-hotswap-no-incluye-discos-hasta-144t\/"]}]},{"@type":"BreadcrumbList","@id":"https:\/\/compuviper.mx\/tienda\/producto\/qnap-ts-832px-4g-us-nas-ts-832px-4g-8-bahias-sata-hdd-de-35-nucleo-cuadruple-1-7ghz-4gb-ddr4-sodimm-ampliable-a-16gb-2-pto-25-gbe-2-pto-10-gbe-usb-3-2-x3-hotswap-no-incluye-discos-hasta-144t\/#breadcrumb","itemListElement":[{"@type":"ListItem","position":1,"name":"Inicio","item":"https:\/\/compuviper.mx\/tienda\/"},{"@type":"ListItem","position":2,"name":"Productos","item":"https:\/\/compuviper.mx\/tienda\/productos\/"},{"@type":"ListItem","position":3,"name":"Almacenamiento","item":"https:\/\/compuviper.mx\/tienda\/categoria-producto\/almacenamiento\/"},{"@type":"ListItem","position":4,"name":"Sistema De Almacenamiento","item":"https:\/\/compuviper.mx\/tienda\/categoria-producto\/almacenamiento\/sistema-de-almacenamiento\/"},{"@type":"ListItem","position":5,"name":"Qnap Ts-832px-4g-us Nas Ts-832px-4g\/ 8 Bahias Sata Hdd De 3,5\/ Nucleo Cuadruple 1.7ghz\/4gb Ddr4 Sodimm Ampliable A 16gb\/2 Pto 2,5 Gbe \/2 Pto 10 Gbe \/usb 3.2 X3\/ Hotswap\/ No Incluye Discos\/ Hasta 144tb"}]},{"@type":"WebSite","@id":"https:\/\/compuviper.mx\/tienda\/#website","url":"https:\/\/compuviper.mx\/tienda\/","name":"Compuviper","description":"Proveedor de Computadoras, Laptops, Servidores, Monitores, Puntos de Venta, Teclados,   Impresoras, T\u00f3ner, C\u00e1maras de Seguridad y m\u00e1s en tu tienda en l\u00ednea","publisher":{"@id":"https:\/\/compuviper.mx\/tienda\/#organization"},"potentialAction":[{"@type":"SearchAction","target":{"@type":"EntryPoint","urlTemplate":"https:\/\/compuviper.mx\/tienda\/?s={search_term_string}"},"query-input":"required name=search_term_string"}],"inLanguage":"es-MX"},{"@type":"Organization","@id":"https:\/\/compuviper.mx\/tienda\/#organization","name":"Compuviper","url":"https:\/\/compuviper.mx\/tienda\/","logo":{"@type":"ImageObject","inLanguage":"es-MX","@id":"https:\/\/compuviper.mx\/tienda\/#\/schema\/logo\/image\/","url":"https:\/\/compuviper.mx\/tienda\/wp-content\/uploads\/2021\/08\/Logo-Compuviper-10.png","contentUrl":"https:\/\/compuviper.mx\/tienda\/wp-content\/uploads\/2021\/08\/Logo-Compuviper-10.png","width":1000,"height":500,"caption":"Compuviper"},"image":{"@id":"https:\/\/compuviper.mx\/tienda\/#\/schema\/logo\/image\/"},"sameAs":["https:\/\/www.facebook.com\/compuviper","https:\/\/www.youtube.com\/channel\/UCf73dERp9Y3cfOq7q8BhLjA?view_as=subscriber"]}]},"product_brand":"Qnap","product_price_amount":"17548","product_price_currency":"MXN","og_availability":"instock","product_availability":"instock","product_retailer_item_id":"TS-832PX-4G-US","product_condition":"new"},"_links":{"self":[{"href":"https:\/\/compuviper.mx\/tienda\/wp-json\/wp\/v2\/product\/225018"}],"collection":[{"href":"https:\/\/compuviper.mx\/tienda\/wp-json\/wp\/v2\/product"}],"about":[{"href":"https:\/\/compuviper.mx\/tienda\/wp-json\/wp\/v2\/types\/product"}],"replies":[{"embeddable":true,"href":"https:\/\/compuviper.mx\/tienda\/wp-json\/wp\/v2\/comments?post=225018"}],"wp:featuredmedia":[{"embeddable":true,"href":"https:\/\/compuviper.mx\/tienda\/wp-json\/wp\/v2\/media\/225019"}],"wp:attachment":[{"href":"https:\/\/compuviper.mx\/tienda\/wp-json\/wp\/v2\/media?parent=225018"}],"wp:term":[{"taxonomy":"product_cat","embeddable":true,"href":"https:\/\/compuviper.mx\/tienda\/wp-json\/wp\/v2\/product_cat?post=225018"},{"taxonomy":"product_tag","embeddable":true,"href":"https:\/\/compuviper.mx\/tienda\/wp-json\/wp\/v2\/product_tag?post=225018"}],"curies":[{"name":"wp","href":"https:\/\/api.w.org\/{rel}","templated":true}]}}