{"id":225014,"date":"2026-04-16T01:54:58","date_gmt":"2026-04-16T07:54:58","guid":{"rendered":"https:\/\/compuviper.mx\/tienda\/producto\/qnap-ts-832pxu-4g-us-nas-ts-832pxu-4g-8-bahias-sata-hdd-35-rack-2u-nucleo-cuadruple-1-7ghz-4gb-ddr4-udimm-ampliable-a-16gb-2-pto-25-gbe-2-pto-10-gbe-usb-3-2-x4-hotswap-no-incluye-discos-hasta\/"},"modified":"2026-04-16T01:54:59","modified_gmt":"2026-04-16T07:54:59","slug":"qnap-ts-832pxu-4g-us-nas-ts-832pxu-4g-8-bahias-sata-hdd-35-rack-2u-nucleo-cuadruple-1-7ghz-4gb-ddr4-udimm-ampliable-a-16gb-2-pto-25-gbe-2-pto-10-gbe-usb-3-2-x4-hotswap-no-incluye-discos-hasta","status":"publish","type":"product","link":"https:\/\/compuviper.mx\/tienda\/producto\/qnap-ts-832pxu-4g-us-nas-ts-832pxu-4g-8-bahias-sata-hdd-35-rack-2u-nucleo-cuadruple-1-7ghz-4gb-ddr4-udimm-ampliable-a-16gb-2-pto-25-gbe-2-pto-10-gbe-usb-3-2-x4-hotswap-no-incluye-discos-hasta\/","title":{"rendered":"Qnap Ts-832pxu-4g-us Nas  Ts-832pxu-4g\/ 8 Bahias Sata Hdd 3,5\/rack 2u\/nucleo Cuadruple 1.7ghz\/4gb Ddr4 Udimm Ampliable A 16gb\/2 Pto 2,5 Gbe \/2 Pto 10 Gbe\/ Usb 3.2 X4\/ Hotswap\/ No Incluye Discos\/ Hasta 144tb"},"content":{"rendered":"<table class=\"descripcion\">\n<tr>\n<td>Descripcion tecnica<\/td>\n<\/tr>\n<tr>\n<td>Cpu annapurnalabs alpine al324 64-bit arm\u00ae cortex-a57 4-core 1.7ghz processor<\/td>\n<\/tr>\n<tr>\n<td>Arquitectura de cpu arm de 64 bits<\/td>\n<\/tr>\n<tr>\n<td>Unidad de coma flotante:    si<\/td>\n<\/tr>\n<tr>\n<td>Motor de cifrado:    si<\/td>\n<\/tr>\n<tr>\n<td>Memoria del sistema 4 gb de memoria ddr4 udimm (1 m\u00f3dulos de 4 gb)<\/td>\n<\/tr>\n<tr>\n<td>Memoria maxima 16 gb (1 m\u00f3dulo de 16 gb)<\/td>\n<\/tr>\n<tr>\n<td>Ranura para memoria 1 x udimm ddr4<\/td>\n<\/tr>\n<tr>\n<td>Memoria flash 512 mb (protecci\u00f3n del sistema operativo de doble arranque)<\/td>\n<\/tr>\n<tr>\n<td>Bah\u00eda para unidades 8 unidades sata de 3,5 a 6gb\/s, 3gb\/s<\/td>\n<\/tr>\n<tr>\n<td>Compatibilidad de unidades<\/td>\n<\/tr>\n<tr>\n<td>Bah\u00edas de 3,5:<\/td>\n<\/tr>\n<tr>\n<td>Unidades de disco duro sata de 3,5<\/td>\n<\/tr>\n<tr>\n<td>Unidades de disco duro sata de 2,5<\/td>\n<\/tr>\n<tr>\n<td>Unidades de estado solido sata de 2,5<\/td>\n<\/tr>\n<tr>\n<td>Intercambiable en caliente:     si<\/td>\n<\/tr>\n<tr>\n<td>M.2 slot opcional a traves de un adaptador pcie<\/td>\n<\/tr>\n<tr>\n<td>Compatibilidad con aceleracion de cache ssd:    si<\/td>\n<\/tr>\n<tr>\n<td>Puerto 2,5 gbe (2,5g\/1g\/100m) 2 (tambien admite 10m)<\/td>\n<\/tr>\n<tr>\n<td>Puerto 10 gbe 2 puertos sfp+ 10gbe<\/td>\n<\/tr>\n<tr>\n<td>Wake-on-lan (wol) :    si   solo el puerto 2,5gbe<\/td>\n<\/tr>\n<tr>\n<td>Jumbo frame:    si<\/td>\n<\/tr>\n<tr>\n<td>Ranura pcie 1<\/td>\n<\/tr>\n<tr>\n<td>Ranura 1: pcie gen 2 x2<\/td>\n<\/tr>\n<tr>\n<td>Las limitaciones de ancho de banda de pcie limitaran el rendimiento del nas 10gbe.<\/td>\n<\/tr>\n<tr>\n<td>Puerto usb 3.2 gen 1 x4<\/td>\n<\/tr>\n<tr>\n<td>Formato montaje en rack de 2u<\/td>\n<\/tr>\n<tr>\n<td>Indicadores led unidad de disco duro 1-8, estado, lan, expansion del almacenamiento<\/td>\n<\/tr>\n<tr>\n<td>Botones<\/td>\n<\/tr>\n<tr>\n<td>Encendido, reinicio<\/td>\n<\/tr>\n<tr>\n<td>Dimensiones<\/td>\n<\/tr>\n<tr>\n<td>(altura x anchura x profundidad)<\/td>\n<\/tr>\n<tr>\n<td>89 \u00d7 482 \u00d7 534 mm<\/td>\n<\/tr>\n<tr>\n<td>Peso (neto) 9,45 kg<\/td>\n<\/tr>\n<tr>\n<td>Peso (bruto) 15,19 kg<\/td>\n<\/tr>\n<tr>\n<td>Temperatura operativa 0 &#8211; 40 \u00b0c (32\u00b0f &#8211; 104\u00b0f)<\/td>\n<\/tr>\n<tr>\n<td>Temperatura de almacenamiento -20 &#8211; 70\u00b0c (-4\u00b0f &#8211; 158\u00b0f)<\/td>\n<\/tr>\n<tr>\n<td>Humedad relativa 5 ~ 95 % de humedad relativa sin condensacion, bulbo humedo: 27  and #730;c (80,6  and #730;f)<\/td>\n<\/tr>\n<tr>\n<td>Unidad de alimentaci\u00f3n el\u00e9ctrica 250 w psu, 100 &#8211; 240 v<\/td>\n<\/tr>\n<tr>\n<td>Consumo de energia: modo de funcionamiento, tipico 56,412 w<\/td>\n<\/tr>\n<tr>\n<td>Probado con unidades totalmente llenas.<\/td>\n<\/tr>\n<tr>\n<td>Ventilador 2 de 70 mm, 12 v de cc<\/td>\n<\/tr>\n<tr>\n<td>Advertencia del sistema timbre<\/td>\n<\/tr>\n<tr>\n<td>Max. numero de conexiones concurrentes (cifs) &#8211; con max. memoria 700<\/td>\n<\/tr>\n<tr>\n<td>Nota: utilice solamente modulos de memoria qnap para mantener el rendimiento y la estabilidad del sistema. para dispositivos nas con mas de una ranura de memoria, use modulos qnap con las mismas especificaciones.<\/td>\n<\/tr>\n<tr>\n<td>Advertencia: usar modulos no compatibles puede degradar el rendimiento, provocar errores o impedir el arranque del sistema operativo.<\/td>\n<\/tr>\n<tr>\n<td>Las imagenes de producto son para fines ilustrativos y pueden diferir del producto real debido a diferencias en los monitores, los colores de los productos tambi\u00e9n pueden parecer distintos de los que se muestra en el sitio.<\/td>\n<\/tr>\n<tr>\n<td>Los disenos y las especificaciones estan sujetos a modificaciones sin previo aviso.<\/td>\n<\/tr>\n<tr>\n<td>Sistema operativo<\/td>\n<\/tr>\n<tr>\n<td>Qts 5.0.0<\/td>\n<\/tr>\n<tr>\n<td>Sistemas operativos de cliente compatibles<\/td>\n<\/tr>\n<tr>\n<td>Apple mac os 10.10 o posterior<\/td>\n<\/tr>\n<tr>\n<td>Ubuntu 14.04, centos 7, rhel 6.6, suse 12 o posterior linux<\/td>\n<\/tr>\n<tr>\n<td>Ibm aix 7, solaris 10 o posterior unix<\/td>\n<\/tr>\n<tr>\n<td>Microsoft windows 7, 8, 10 y 11<\/td>\n<\/tr>\n<tr>\n<td>Navegadores compatibles<\/td>\n<\/tr>\n<tr>\n<td>Apple safari<\/td>\n<\/tr>\n<tr>\n<td>Google chrome<\/td>\n<\/tr>\n<tr>\n<td>Microsoft edge<\/td>\n<\/tr>\n<tr>\n<td>Mozilla firefox<\/td>\n<\/tr>\n<tr>\n<td>Idiomas admitidos<\/td>\n<\/tr>\n<tr>\n<td>Chino (tradicional y simplificado), checo, danes, holandes, ingles, finlandes, frances, aleman, griego, hungaro, italiano, japones, coreano, noruego, polaco, portugues (brasil), rumano, ruso, espanol, sueco, tailandes, y turco<\/td>\n<\/tr>\n<tr>\n<td>Grupo de almacenamiento:     si<\/td>\n<\/tr>\n<tr>\n<td>Grupo de almacenamiento sed:    si<\/td>\n<\/tr>\n<tr>\n<td>Numero maximo de agrupaciones de almacenamiento<\/td>\n<\/tr>\n<tr>\n<td>128<\/td>\n<\/tr>\n<tr>\n<td>Tipo de volumen<\/td>\n<\/tr>\n<tr>\n<td>Grueso, delgado, estatico<\/td>\n<\/tr>\n<tr>\n<td>Tamano de volumen maximo<\/td>\n<\/tr>\n<tr>\n<td>250 tb<\/td>\n<\/tr>\n<tr>\n<td>Nota: se requieren al menos 4 gb de ram.<\/td>\n<\/tr>\n<tr>\n<td>Numero maximo de volumen<\/td>\n<\/tr>\n<tr>\n<td>128<\/td>\n<\/tr>\n<tr>\n<td>Tamano maximo de carpeta compartida<\/td>\n<\/tr>\n<tr>\n<td>250 tb<\/td>\n<\/tr>\n<tr>\n<td>Numero maximo de carpeta compartida<\/td>\n<\/tr>\n<tr>\n<td>512<\/td>\n<\/tr>\n<tr>\n<td>Expansion jbod:     si<\/td>\n<\/tr>\n<tr>\n<td>Nube de vjbod \/ vjbod:    si<\/td>\n<\/tr>\n<tr>\n<td>Servicio iscsi:    si<\/td>\n<\/tr>\n<tr>\n<td>Servicio de canal de fibra:    si<\/td>\n<\/tr>\n<tr>\n<td>Tipo de lun<\/td>\n<\/tr>\n<tr>\n<td>Grueso &#8212;- delgado<\/td>\n<\/tr>\n<tr>\n<td>Iscsi lun basado en archivos:     si<\/td>\n<\/tr>\n<tr>\n<td>Iscsi lun basado en bloques:     si<\/td>\n<\/tr>\n<tr>\n<td>Tamano maximo de lun<\/td>\n<\/tr>\n<tr>\n<td>250 tb<\/td>\n<\/tr>\n<tr>\n<td>Nota: se requieren al menos 4 gb de ram.<\/td>\n<\/tr>\n<tr>\n<td>Numero maximo de lun de objetivos<\/td>\n<\/tr>\n<tr>\n<td>256<\/td>\n<\/tr>\n<tr>\n<td>Funcion lun<\/td>\n<\/tr>\n<tr>\n<td>Asignacion de lun (lun se puede mover entre iscsi y fc)<\/td>\n<\/tr>\n<tr>\n<td>Enmascaramiento de lun<\/td>\n<\/tr>\n<tr>\n<td>Importaci\u00f3n \/ exportaci\u00f3n de alias wwpn<\/td>\n<\/tr>\n<tr>\n<td>Grupo de puertos fc<\/td>\n<\/tr>\n<tr>\n<td>Nivelacion automatica:     si<\/td>\n<\/tr>\n<tr>\n<td>Tipo de raid<\/td>\n<\/tr>\n<tr>\n<td>8 bah\u00edas (y m\u00e1s): jbod, individual, raid 0, 1, 5, 6, 10, 50, 60<\/td>\n<\/tr>\n<tr>\n<td>6 bah\u00edas: jbod, individual, raid 0, 1, 5, 6, 10, 50<\/td>\n<\/tr>\n<tr>\n<td>4 bah\u00edas: jbod, individual, raid 0, 1, 5, 6, 10<\/td>\n<\/tr>\n<tr>\n<td>2 bah\u00edas: jbod, simple, raid 0, 1<\/td>\n<\/tr>\n<tr>\n<td>Grupo raid:     si<\/td>\n<\/tr>\n<tr>\n<td>Migracion de nivel raid:    si<\/td>\n<\/tr>\n<tr>\n<td>Expansion raid (agregando disco):     si<\/td>\n<\/tr>\n<tr>\n<td>Expansion raid (reemplazando discos mas grandes):    si<\/td>\n<\/tr>\n<tr>\n<td>Expansion del grupo de almacenamiento (agregando raid group):    si<\/td>\n<\/tr>\n<tr>\n<td>Repuesto dinamico raid<\/td>\n<\/tr>\n<tr>\n<td>Global, local<\/td>\n<\/tr>\n<tr>\n<td>Sincronizacion \/ reconstruccion \/ depuracion de raid:    si<\/td>\n<\/tr>\n<tr>\n<td>Unidad interna<\/td>\n<\/tr>\n<tr>\n<td>Ext4<\/td>\n<\/tr>\n<tr>\n<td>Unidad externa<\/td>\n<\/tr>\n<tr>\n<td>Ext3, ext4, ntfs, fat32, hfs + y exfat (opcional para el modelo arm)<\/td>\n<\/tr>\n<tr>\n<td>Nota: para usar exfat en ciertos modelos, debe comprar una licencia de conducir exfat en el centro de licencias.<\/td>\n<\/tr>\n<tr>\n<td>Https:\/\/www.qnap.com\/la\/product\/ts-832pxu\/specs\/software<\/td>\n<\/tr>\n<tr>\n<td>Especificaciones del hardware<\/td>\n<\/tr>\n<tr>\n<td>Especificaciones del software<\/td>\n<\/tr>\n<tr>\n<td>Link de ficha<\/td>\n<\/tr>\n<\/table>\n","protected":false},"excerpt":{"rendered":"<p>Descripcion comercial. Ts-832pxu-4g- con puertos de red sfp+ 10gbe y 2,5gbe, ofrece un alto ancho de banda de red para optimizar la colaboraci\u00f3n en equipo y el acceso a los archivos. Una ranura pcie gen 2 \u00d72 permite la instalaci\u00f3n de una tarjeta de expansi\u00f3n de qnap para anadir conectividad de red, capacidades de cache ssd o conectividad inalambrica. El ts-832pxu admite la copia de seguridad y sincronizaci\u00f3n de los archivos, la proteccion mediante instantaneas y los servicios de copia de seguridad de cuentas empresariales de google\u0099 workspace y microsoft 365\u00ae, a la vez que ofrece una recuperacion instant\u00e1nea en caso necesario<\/p>\n","protected":false},"featured_media":225015,"comment_status":"open","ping_status":"open","template":"","meta":[],"product_cat":[1803,1804],"product_tag":[2110],"acf":[],"yoast_head":"<!-- This site is optimized with the Yoast SEO plugin v21.7 - https:\/\/yoast.com\/wordpress\/plugins\/seo\/ -->\n<title>[ Qnap ] &#129351; Ts-832pxu-4g-us Nas Ts-832pxu-4g\/ 8 Bahias Sata Hdd 3,5\/rack 2u\/nucleo Cuadruple 1.7ghz\/4gb Ddr4 Udimm Ampliable A 16gb\/2 Pto 2,5 Gbe \/2 Pto 10 Gbe\/ Usb 3.2 X4\/ Hotswap\/ No Incluye Discos\/ Hasta 144tb<\/title>\n<meta name=\"description\" content=\"Compra Ts-832pxu-4g-us Nas Ts-832pxu-4g\/ 8 Bahias Sata Hdd 3,5\/rack 2u\/nucleo Cuadruple 1.7ghz\/4gb Ddr4 Udimm Ampliable A 16gb\/2 Pto 2,5 Gbe \/2 Pto 10 Gbe\/ Usb 3.2 X4\/ Hotswap\/ No Incluye Discos\/ Hasta 144tb + Env\u00edo a domicilio + Pago seguro + Garant\u00eda\" \/>\n<meta name=\"robots\" content=\"index, follow, max-snippet:-1, max-image-preview:large, max-video-preview:-1\" \/>\n<link rel=\"canonical\" href=\"https:\/\/compuviper.mx\/tienda\/producto\/qnap-ts-832pxu-4g-us-nas-ts-832pxu-4g-8-bahias-sata-hdd-35-rack-2u-nucleo-cuadruple-1-7ghz-4gb-ddr4-udimm-ampliable-a-16gb-2-pto-25-gbe-2-pto-10-gbe-usb-3-2-x4-hotswap-no-incluye-discos-hasta\/\" \/>\n<meta property=\"og:locale\" content=\"es_MX\" \/>\n<meta property=\"og:type\" content=\"article\" \/>\n<meta property=\"og:title\" content=\"[ Qnap ] &#129351; Ts-832pxu-4g-us Nas Ts-832pxu-4g\/ 8 Bahias Sata Hdd 3,5\/rack 2u\/nucleo Cuadruple 1.7ghz\/4gb Ddr4 Udimm Ampliable A 16gb\/2 Pto 2,5 Gbe \/2 Pto 10 Gbe\/ Usb 3.2 X4\/ Hotswap\/ No Incluye Discos\/ Hasta 144tb\" \/>\n<meta property=\"og:description\" content=\"Compra Ts-832pxu-4g-us Nas Ts-832pxu-4g\/ 8 Bahias Sata Hdd 3,5\/rack 2u\/nucleo Cuadruple 1.7ghz\/4gb Ddr4 Udimm Ampliable A 16gb\/2 Pto 2,5 Gbe \/2 Pto 10 Gbe\/ Usb 3.2 X4\/ Hotswap\/ No Incluye Discos\/ Hasta 144tb + Env\u00edo a domicilio + Pago seguro + Garant\u00eda\" \/>\n<meta property=\"og:url\" content=\"https:\/\/compuviper.mx\/tienda\/producto\/qnap-ts-832pxu-4g-us-nas-ts-832pxu-4g-8-bahias-sata-hdd-35-rack-2u-nucleo-cuadruple-1-7ghz-4gb-ddr4-udimm-ampliable-a-16gb-2-pto-25-gbe-2-pto-10-gbe-usb-3-2-x4-hotswap-no-incluye-discos-hasta\/\" \/>\n<meta property=\"og:site_name\" content=\"Compuviper\" \/>\n<meta property=\"article:publisher\" content=\"https:\/\/www.facebook.com\/compuviper\" \/>\n<meta property=\"article:modified_time\" content=\"2026-04-16T07:54:59+00:00\" \/>\n<meta property=\"og:image\" content=\"https:\/\/compuviper.mx\/tienda\/wp-content\/uploads\/2023\/12\/Nas-qnap-ts-832pxu-4g-8-bahias-sata-hdd-35rack-2unucleo-cuadruple-1.7ghz4gb-ddr4-udimm-ampliable-a-16gb2-pto-25-gbe-2-pto-10-gbe-usb-3.2-x4-hotswap-no-incluye-discos-hasta-144tb.jpg\" \/>\n\t<meta property=\"og:image:width\" content=\"200\" \/>\n\t<meta property=\"og:image:height\" content=\"200\" \/>\n\t<meta property=\"og:image:type\" content=\"image\/jpeg\" \/>\n<meta name=\"twitter:card\" content=\"summary_large_image\" \/>\n<meta name=\"twitter:label1\" content=\"Precio\" \/>\n\t<meta name=\"twitter:data1\" content=\"&#36;19,778 &#36;18,682 con IVA\" \/>\n\t<meta name=\"twitter:label2\" content=\"Availability\" \/>\n\t<meta name=\"twitter:data2\" content=\"In stock\" \/>\n<script type=\"application\/ld+json\" class=\"yoast-schema-graph\">{\"@context\":\"https:\/\/schema.org\",\"@graph\":[{\"@type\":\"WebPage\",\"@id\":\"https:\/\/compuviper.mx\/tienda\/producto\/qnap-ts-832pxu-4g-us-nas-ts-832pxu-4g-8-bahias-sata-hdd-35-rack-2u-nucleo-cuadruple-1-7ghz-4gb-ddr4-udimm-ampliable-a-16gb-2-pto-25-gbe-2-pto-10-gbe-usb-3-2-x4-hotswap-no-incluye-discos-hasta\/\",\"url\":\"https:\/\/compuviper.mx\/tienda\/producto\/qnap-ts-832pxu-4g-us-nas-ts-832pxu-4g-8-bahias-sata-hdd-35-rack-2u-nucleo-cuadruple-1-7ghz-4gb-ddr4-udimm-ampliable-a-16gb-2-pto-25-gbe-2-pto-10-gbe-usb-3-2-x4-hotswap-no-incluye-discos-hasta\/\",\"name\":\"[ Qnap ] &#129351; Ts-832pxu-4g-us Nas Ts-832pxu-4g\/ 8 Bahias Sata Hdd 3,5\/rack 2u\/nucleo Cuadruple 1.7ghz\/4gb Ddr4 Udimm Ampliable A 16gb\/2 Pto 2,5 Gbe \/2 Pto 10 Gbe\/ Usb 3.2 X4\/ Hotswap\/ No Incluye Discos\/ Hasta 144tb\",\"isPartOf\":{\"@id\":\"https:\/\/compuviper.mx\/tienda\/#website\"},\"datePublished\":\"2026-04-16T07:54:58+00:00\",\"dateModified\":\"2026-04-16T07:54:59+00:00\",\"description\":\"Compra Ts-832pxu-4g-us Nas Ts-832pxu-4g\/ 8 Bahias Sata Hdd 3,5\/rack 2u\/nucleo Cuadruple 1.7ghz\/4gb Ddr4 Udimm Ampliable A 16gb\/2 Pto 2,5 Gbe \/2 Pto 10 Gbe\/ Usb 3.2 X4\/ Hotswap\/ No Incluye Discos\/ Hasta 144tb + Env\u00edo a domicilio + Pago seguro + Garant\u00eda\",\"breadcrumb\":{\"@id\":\"https:\/\/compuviper.mx\/tienda\/producto\/qnap-ts-832pxu-4g-us-nas-ts-832pxu-4g-8-bahias-sata-hdd-35-rack-2u-nucleo-cuadruple-1-7ghz-4gb-ddr4-udimm-ampliable-a-16gb-2-pto-25-gbe-2-pto-10-gbe-usb-3-2-x4-hotswap-no-incluye-discos-hasta\/#breadcrumb\"},\"inLanguage\":\"es-MX\",\"potentialAction\":[{\"@type\":\"ReadAction\",\"target\":[\"https:\/\/compuviper.mx\/tienda\/producto\/qnap-ts-832pxu-4g-us-nas-ts-832pxu-4g-8-bahias-sata-hdd-35-rack-2u-nucleo-cuadruple-1-7ghz-4gb-ddr4-udimm-ampliable-a-16gb-2-pto-25-gbe-2-pto-10-gbe-usb-3-2-x4-hotswap-no-incluye-discos-hasta\/\"]}]},{\"@type\":\"BreadcrumbList\",\"@id\":\"https:\/\/compuviper.mx\/tienda\/producto\/qnap-ts-832pxu-4g-us-nas-ts-832pxu-4g-8-bahias-sata-hdd-35-rack-2u-nucleo-cuadruple-1-7ghz-4gb-ddr4-udimm-ampliable-a-16gb-2-pto-25-gbe-2-pto-10-gbe-usb-3-2-x4-hotswap-no-incluye-discos-hasta\/#breadcrumb\",\"itemListElement\":[{\"@type\":\"ListItem\",\"position\":1,\"name\":\"Inicio\",\"item\":\"https:\/\/compuviper.mx\/tienda\/\"},{\"@type\":\"ListItem\",\"position\":2,\"name\":\"Productos\",\"item\":\"https:\/\/compuviper.mx\/tienda\/productos\/\"},{\"@type\":\"ListItem\",\"position\":3,\"name\":\"Almacenamiento\",\"item\":\"https:\/\/compuviper.mx\/tienda\/categoria-producto\/almacenamiento\/\"},{\"@type\":\"ListItem\",\"position\":4,\"name\":\"Sistema De Almacenamiento\",\"item\":\"https:\/\/compuviper.mx\/tienda\/categoria-producto\/almacenamiento\/sistema-de-almacenamiento\/\"},{\"@type\":\"ListItem\",\"position\":5,\"name\":\"Qnap Ts-832pxu-4g-us Nas Ts-832pxu-4g\/ 8 Bahias Sata Hdd 3,5\/rack 2u\/nucleo Cuadruple 1.7ghz\/4gb Ddr4 Udimm Ampliable A 16gb\/2 Pto 2,5 Gbe \/2 Pto 10 Gbe\/ Usb 3.2 X4\/ Hotswap\/ No Incluye Discos\/ Hasta 144tb\"}]},{\"@type\":\"WebSite\",\"@id\":\"https:\/\/compuviper.mx\/tienda\/#website\",\"url\":\"https:\/\/compuviper.mx\/tienda\/\",\"name\":\"Compuviper\",\"description\":\"Proveedor de Computadoras, Laptops, Servidores, Monitores, Puntos de Venta, Teclados,   Impresoras, T\u00f3ner, C\u00e1maras de Seguridad y m\u00e1s en tu tienda en l\u00ednea\",\"publisher\":{\"@id\":\"https:\/\/compuviper.mx\/tienda\/#organization\"},\"potentialAction\":[{\"@type\":\"SearchAction\",\"target\":{\"@type\":\"EntryPoint\",\"urlTemplate\":\"https:\/\/compuviper.mx\/tienda\/?s={search_term_string}\"},\"query-input\":\"required name=search_term_string\"}],\"inLanguage\":\"es-MX\"},{\"@type\":\"Organization\",\"@id\":\"https:\/\/compuviper.mx\/tienda\/#organization\",\"name\":\"Compuviper\",\"url\":\"https:\/\/compuviper.mx\/tienda\/\",\"logo\":{\"@type\":\"ImageObject\",\"inLanguage\":\"es-MX\",\"@id\":\"https:\/\/compuviper.mx\/tienda\/#\/schema\/logo\/image\/\",\"url\":\"https:\/\/compuviper.mx\/tienda\/wp-content\/uploads\/2021\/08\/Logo-Compuviper-10.png\",\"contentUrl\":\"https:\/\/compuviper.mx\/tienda\/wp-content\/uploads\/2021\/08\/Logo-Compuviper-10.png\",\"width\":1000,\"height\":500,\"caption\":\"Compuviper\"},\"image\":{\"@id\":\"https:\/\/compuviper.mx\/tienda\/#\/schema\/logo\/image\/\"},\"sameAs\":[\"https:\/\/www.facebook.com\/compuviper\",\"https:\/\/www.youtube.com\/channel\/UCf73dERp9Y3cfOq7q8BhLjA?view_as=subscriber\"]}]}<\/script>\n<meta property=\"product:brand\" content=\"Qnap\" \/>\n<meta property=\"product:price:amount\" content=\"18682\" \/>\n<meta property=\"product:price:currency\" content=\"MXN\" \/>\n<meta property=\"og:availability\" content=\"instock\" \/>\n<meta property=\"product:availability\" content=\"instock\" \/>\n<meta property=\"product:retailer_item_id\" content=\"TS-832PXU-4G-US\" \/>\n<meta property=\"product:condition\" content=\"new\" \/>\n<!-- \/ Yoast SEO plugin. -->","yoast_head_json":{"title":"[ Qnap ] &#129351; Ts-832pxu-4g-us Nas Ts-832pxu-4g\/ 8 Bahias Sata Hdd 3,5\/rack 2u\/nucleo Cuadruple 1.7ghz\/4gb Ddr4 Udimm Ampliable A 16gb\/2 Pto 2,5 Gbe \/2 Pto 10 Gbe\/ Usb 3.2 X4\/ Hotswap\/ No Incluye Discos\/ Hasta 144tb","description":"Compra Ts-832pxu-4g-us Nas Ts-832pxu-4g\/ 8 Bahias Sata Hdd 3,5\/rack 2u\/nucleo Cuadruple 1.7ghz\/4gb Ddr4 Udimm Ampliable A 16gb\/2 Pto 2,5 Gbe \/2 Pto 10 Gbe\/ Usb 3.2 X4\/ Hotswap\/ No Incluye Discos\/ Hasta 144tb + Env\u00edo a domicilio + Pago seguro + Garant\u00eda","robots":{"index":"index","follow":"follow","max-snippet":"max-snippet:-1","max-image-preview":"max-image-preview:large","max-video-preview":"max-video-preview:-1"},"canonical":"https:\/\/compuviper.mx\/tienda\/producto\/qnap-ts-832pxu-4g-us-nas-ts-832pxu-4g-8-bahias-sata-hdd-35-rack-2u-nucleo-cuadruple-1-7ghz-4gb-ddr4-udimm-ampliable-a-16gb-2-pto-25-gbe-2-pto-10-gbe-usb-3-2-x4-hotswap-no-incluye-discos-hasta\/","og_locale":"es_MX","og_type":"article","og_title":"[ Qnap ] &#129351; Ts-832pxu-4g-us Nas Ts-832pxu-4g\/ 8 Bahias Sata Hdd 3,5\/rack 2u\/nucleo Cuadruple 1.7ghz\/4gb Ddr4 Udimm Ampliable A 16gb\/2 Pto 2,5 Gbe \/2 Pto 10 Gbe\/ Usb 3.2 X4\/ Hotswap\/ No Incluye Discos\/ Hasta 144tb","og_description":"Compra Ts-832pxu-4g-us Nas Ts-832pxu-4g\/ 8 Bahias Sata Hdd 3,5\/rack 2u\/nucleo Cuadruple 1.7ghz\/4gb Ddr4 Udimm Ampliable A 16gb\/2 Pto 2,5 Gbe \/2 Pto 10 Gbe\/ Usb 3.2 X4\/ Hotswap\/ No Incluye Discos\/ Hasta 144tb + Env\u00edo a domicilio + Pago seguro + Garant\u00eda","og_url":"https:\/\/compuviper.mx\/tienda\/producto\/qnap-ts-832pxu-4g-us-nas-ts-832pxu-4g-8-bahias-sata-hdd-35-rack-2u-nucleo-cuadruple-1-7ghz-4gb-ddr4-udimm-ampliable-a-16gb-2-pto-25-gbe-2-pto-10-gbe-usb-3-2-x4-hotswap-no-incluye-discos-hasta\/","og_site_name":"Compuviper","article_publisher":"https:\/\/www.facebook.com\/compuviper","article_modified_time":"2026-04-16T07:54:59+00:00","og_image":[{"width":200,"height":200,"url":"https:\/\/compuviper.mx\/tienda\/wp-content\/uploads\/2023\/12\/Nas-qnap-ts-832pxu-4g-8-bahias-sata-hdd-35rack-2unucleo-cuadruple-1.7ghz4gb-ddr4-udimm-ampliable-a-16gb2-pto-25-gbe-2-pto-10-gbe-usb-3.2-x4-hotswap-no-incluye-discos-hasta-144tb.jpg","type":"image\/jpeg"}],"twitter_card":"summary_large_image","twitter_misc":{"Precio":"&#36;19,778 &#36;18,682 con IVA","Availability":"In stock"},"schema":{"@context":"https:\/\/schema.org","@graph":[{"@type":"WebPage","@id":"https:\/\/compuviper.mx\/tienda\/producto\/qnap-ts-832pxu-4g-us-nas-ts-832pxu-4g-8-bahias-sata-hdd-35-rack-2u-nucleo-cuadruple-1-7ghz-4gb-ddr4-udimm-ampliable-a-16gb-2-pto-25-gbe-2-pto-10-gbe-usb-3-2-x4-hotswap-no-incluye-discos-hasta\/","url":"https:\/\/compuviper.mx\/tienda\/producto\/qnap-ts-832pxu-4g-us-nas-ts-832pxu-4g-8-bahias-sata-hdd-35-rack-2u-nucleo-cuadruple-1-7ghz-4gb-ddr4-udimm-ampliable-a-16gb-2-pto-25-gbe-2-pto-10-gbe-usb-3-2-x4-hotswap-no-incluye-discos-hasta\/","name":"[ Qnap ] &#129351; Ts-832pxu-4g-us Nas Ts-832pxu-4g\/ 8 Bahias Sata Hdd 3,5\/rack 2u\/nucleo Cuadruple 1.7ghz\/4gb Ddr4 Udimm Ampliable A 16gb\/2 Pto 2,5 Gbe \/2 Pto 10 Gbe\/ Usb 3.2 X4\/ Hotswap\/ No Incluye Discos\/ Hasta 144tb","isPartOf":{"@id":"https:\/\/compuviper.mx\/tienda\/#website"},"datePublished":"2026-04-16T07:54:58+00:00","dateModified":"2026-04-16T07:54:59+00:00","description":"Compra Ts-832pxu-4g-us Nas Ts-832pxu-4g\/ 8 Bahias Sata Hdd 3,5\/rack 2u\/nucleo Cuadruple 1.7ghz\/4gb Ddr4 Udimm Ampliable A 16gb\/2 Pto 2,5 Gbe \/2 Pto 10 Gbe\/ Usb 3.2 X4\/ Hotswap\/ No Incluye Discos\/ Hasta 144tb + Env\u00edo a domicilio + Pago seguro + Garant\u00eda","breadcrumb":{"@id":"https:\/\/compuviper.mx\/tienda\/producto\/qnap-ts-832pxu-4g-us-nas-ts-832pxu-4g-8-bahias-sata-hdd-35-rack-2u-nucleo-cuadruple-1-7ghz-4gb-ddr4-udimm-ampliable-a-16gb-2-pto-25-gbe-2-pto-10-gbe-usb-3-2-x4-hotswap-no-incluye-discos-hasta\/#breadcrumb"},"inLanguage":"es-MX","potentialAction":[{"@type":"ReadAction","target":["https:\/\/compuviper.mx\/tienda\/producto\/qnap-ts-832pxu-4g-us-nas-ts-832pxu-4g-8-bahias-sata-hdd-35-rack-2u-nucleo-cuadruple-1-7ghz-4gb-ddr4-udimm-ampliable-a-16gb-2-pto-25-gbe-2-pto-10-gbe-usb-3-2-x4-hotswap-no-incluye-discos-hasta\/"]}]},{"@type":"BreadcrumbList","@id":"https:\/\/compuviper.mx\/tienda\/producto\/qnap-ts-832pxu-4g-us-nas-ts-832pxu-4g-8-bahias-sata-hdd-35-rack-2u-nucleo-cuadruple-1-7ghz-4gb-ddr4-udimm-ampliable-a-16gb-2-pto-25-gbe-2-pto-10-gbe-usb-3-2-x4-hotswap-no-incluye-discos-hasta\/#breadcrumb","itemListElement":[{"@type":"ListItem","position":1,"name":"Inicio","item":"https:\/\/compuviper.mx\/tienda\/"},{"@type":"ListItem","position":2,"name":"Productos","item":"https:\/\/compuviper.mx\/tienda\/productos\/"},{"@type":"ListItem","position":3,"name":"Almacenamiento","item":"https:\/\/compuviper.mx\/tienda\/categoria-producto\/almacenamiento\/"},{"@type":"ListItem","position":4,"name":"Sistema De Almacenamiento","item":"https:\/\/compuviper.mx\/tienda\/categoria-producto\/almacenamiento\/sistema-de-almacenamiento\/"},{"@type":"ListItem","position":5,"name":"Qnap Ts-832pxu-4g-us Nas Ts-832pxu-4g\/ 8 Bahias Sata Hdd 3,5\/rack 2u\/nucleo Cuadruple 1.7ghz\/4gb Ddr4 Udimm Ampliable A 16gb\/2 Pto 2,5 Gbe \/2 Pto 10 Gbe\/ Usb 3.2 X4\/ Hotswap\/ No Incluye Discos\/ Hasta 144tb"}]},{"@type":"WebSite","@id":"https:\/\/compuviper.mx\/tienda\/#website","url":"https:\/\/compuviper.mx\/tienda\/","name":"Compuviper","description":"Proveedor de Computadoras, Laptops, Servidores, Monitores, Puntos de Venta, Teclados,   Impresoras, T\u00f3ner, C\u00e1maras de Seguridad y m\u00e1s en tu tienda en l\u00ednea","publisher":{"@id":"https:\/\/compuviper.mx\/tienda\/#organization"},"potentialAction":[{"@type":"SearchAction","target":{"@type":"EntryPoint","urlTemplate":"https:\/\/compuviper.mx\/tienda\/?s={search_term_string}"},"query-input":"required name=search_term_string"}],"inLanguage":"es-MX"},{"@type":"Organization","@id":"https:\/\/compuviper.mx\/tienda\/#organization","name":"Compuviper","url":"https:\/\/compuviper.mx\/tienda\/","logo":{"@type":"ImageObject","inLanguage":"es-MX","@id":"https:\/\/compuviper.mx\/tienda\/#\/schema\/logo\/image\/","url":"https:\/\/compuviper.mx\/tienda\/wp-content\/uploads\/2021\/08\/Logo-Compuviper-10.png","contentUrl":"https:\/\/compuviper.mx\/tienda\/wp-content\/uploads\/2021\/08\/Logo-Compuviper-10.png","width":1000,"height":500,"caption":"Compuviper"},"image":{"@id":"https:\/\/compuviper.mx\/tienda\/#\/schema\/logo\/image\/"},"sameAs":["https:\/\/www.facebook.com\/compuviper","https:\/\/www.youtube.com\/channel\/UCf73dERp9Y3cfOq7q8BhLjA?view_as=subscriber"]}]},"product_brand":"Qnap","product_price_amount":"18682","product_price_currency":"MXN","og_availability":"instock","product_availability":"instock","product_retailer_item_id":"TS-832PXU-4G-US","product_condition":"new"},"_links":{"self":[{"href":"https:\/\/compuviper.mx\/tienda\/wp-json\/wp\/v2\/product\/225014"}],"collection":[{"href":"https:\/\/compuviper.mx\/tienda\/wp-json\/wp\/v2\/product"}],"about":[{"href":"https:\/\/compuviper.mx\/tienda\/wp-json\/wp\/v2\/types\/product"}],"replies":[{"embeddable":true,"href":"https:\/\/compuviper.mx\/tienda\/wp-json\/wp\/v2\/comments?post=225014"}],"wp:featuredmedia":[{"embeddable":true,"href":"https:\/\/compuviper.mx\/tienda\/wp-json\/wp\/v2\/media\/225015"}],"wp:attachment":[{"href":"https:\/\/compuviper.mx\/tienda\/wp-json\/wp\/v2\/media?parent=225014"}],"wp:term":[{"taxonomy":"product_cat","embeddable":true,"href":"https:\/\/compuviper.mx\/tienda\/wp-json\/wp\/v2\/product_cat?post=225014"},{"taxonomy":"product_tag","embeddable":true,"href":"https:\/\/compuviper.mx\/tienda\/wp-json\/wp\/v2\/product_tag?post=225014"}],"curies":[{"name":"wp","href":"https:\/\/api.w.org\/{rel}","templated":true}]}}