{"id":225010,"date":"2026-04-16T01:54:57","date_gmt":"2026-04-16T07:54:57","guid":{"rendered":"https:\/\/compuviper.mx\/tienda\/producto\/qnap-ts-h973ax-8g-us-nas-ts-h973ax-8g-9-bahias-5-de-35-4-de-25-nucleo-cuadruple-2-2ghz-8gb-ddr4-sodimm-hasta-64gb-2-pto-25-gbe-1-pto-10-gbe-usb-3-2-x3-hotswap-no-incluye-discos-amd\/"},"modified":"2026-04-16T01:54:58","modified_gmt":"2026-04-16T07:54:58","slug":"qnap-ts-h973ax-8g-us-nas-ts-h973ax-8g-9-bahias-5-de-35-4-de-25-nucleo-cuadruple-2-2ghz-8gb-ddr4-sodimm-hasta-64gb-2-pto-25-gbe-1-pto-10-gbe-usb-3-2-x3-hotswap-no-incluye-discos-amd","status":"publish","type":"product","link":"https:\/\/compuviper.mx\/tienda\/producto\/qnap-ts-h973ax-8g-us-nas-ts-h973ax-8g-9-bahias-5-de-35-4-de-25-nucleo-cuadruple-2-2ghz-8gb-ddr4-sodimm-hasta-64gb-2-pto-25-gbe-1-pto-10-gbe-usb-3-2-x3-hotswap-no-incluye-discos-amd\/","title":{"rendered":"Qnap Ts-h973ax-8g-us Nas  Ts-h973ax-8g\/ 9 Bahias \/5 De 3,5 4 De 2,5\/nucleo Cuadruple 2.2ghz\/8gb Ddr4 Sodimm Hasta 64gb\/2 Pto 2,5 Gbe\/1 Pto 10 Gbe \/usb 3.2 X3\/ Hotswap\/ No Incluye Discos\/ Amd"},"content":{"rendered":"<table class=\"descripcion\">\n<tr>\n<td>Descripcion tecnica<\/td>\n<\/tr>\n<tr>\n<td>Cpu amd ryzen\u0099 embedded v1500b 4-core\/8-thread 2.2 ghz processor<\/td>\n<\/tr>\n<tr>\n<td>Arquitectura de cpu x86 de 64 bits<\/td>\n<\/tr>\n<tr>\n<td>Unidad de coma flotante:      si<\/td>\n<\/tr>\n<tr>\n<td>Motor de cifrado  (aes-ni):    si<\/td>\n<\/tr>\n<tr>\n<td>Memoria del sistema 8 gb de memoria ddr4 so-dimm (1 modulo de 8 gb)<\/td>\n<\/tr>\n<tr>\n<td>Memoria maxima 64 gb (2 x 32 gb)<\/td>\n<\/tr>\n<tr>\n<td>Ranura para memoria 2 x so-dimm ddr4<\/td>\n<\/tr>\n<tr>\n<td>Support optional ecc memory<\/td>\n<\/tr>\n<tr>\n<td>Para configuraciones dimm dobles, debe usar un par de modulos ddr4 identicos.<\/td>\n<\/tr>\n<tr>\n<td>Memoria flash 5 gb (proteccion del sistema operativo de doble arranque)<\/td>\n<\/tr>\n<tr>\n<td>Bahia para unidades 5 de 3,5 + 4 de 2,5<\/td>\n<\/tr>\n<tr>\n<td>El sistema se envia sin unidad de disco duro\/ssd.<\/td>\n<\/tr>\n<tr>\n<td>Compatibilidad de unidades<\/td>\n<\/tr>\n<tr>\n<td>Bahias de 3,5:<\/td>\n<\/tr>\n<tr>\n<td>Unidades de disco duro sata de 3,5<\/td>\n<\/tr>\n<tr>\n<td>Unidades de disco duro sata de 2,5<\/td>\n<\/tr>\n<tr>\n<td>Unidades de estado solido sata de 2,5<\/td>\n<\/tr>\n<tr>\n<td>Bahias de 2,5:<\/td>\n<\/tr>\n<tr>\n<td>Unidades de disco duro sata de 2,5<\/td>\n<\/tr>\n<tr>\n<td>Unidades de estado solido sata de 2,5<\/td>\n<\/tr>\n<tr>\n<td>Unidades de estado solido pcie nvme u.2 gen3 x4 de 2,5 (bahia de 2,5 #1  and  #2)<\/td>\n<\/tr>\n<tr>\n<td>* las bahias de 2,5 pulgadas n.\u00ba 1 y n.\u00ba 2 admiten ssd nvme u.2 o ssd sata 6gb\/s.<\/td>\n<\/tr>\n<tr>\n<td>** las unidades de estado solido nvme u.2 solo se pueden instalar en las bahias de 2,5 pulgadas n.\u00ba 1 y n.\u00ba 2. la instalaci\u00f3n de estas unidades en otras bahias danara los conectores de la unidad.<\/td>\n<\/tr>\n<tr>\n<td>Intercambiable en caliente:    si<\/td>\n<\/tr>\n<tr>\n<td>Compatibilidad con aceleracion de cache ssd:    si<\/td>\n<\/tr>\n<tr>\n<td>Puerto 2,5 gbe (2,5g\/1g\/100m) 2<\/td>\n<\/tr>\n<tr>\n<td>Puerto 5 gbe (5\/2,5g\/1g\/100m) opcional a traves del adaptador de red usb qna-uc5g1t a 5gbe<\/td>\n<\/tr>\n<tr>\n<td>Puerto 10 gbe 1 10gbase-t (10g\/5g\/2,5g\/1g\/100m)<\/td>\n<\/tr>\n<tr>\n<td>Wake-on-lan (wol):    si<\/td>\n<\/tr>\n<tr>\n<td>Jumbo frame:     si<\/td>\n<\/tr>\n<tr>\n<td>Puerto usb 3.2 gen 2 (10 gbps) 1 puerto usb 3.2 gen 2 tipo-c<\/td>\n<\/tr>\n<tr>\n<td>3 puertos usb 3.2 gen 2 tipo-a<\/td>\n<\/tr>\n<tr>\n<td>Formato torre<\/td>\n<\/tr>\n<tr>\n<td>Indicadores led unidad de disco duro 1-5, ssd 1-4, alimentacion\/estado, lan, usb<\/td>\n<\/tr>\n<tr>\n<td>Botones<\/td>\n<\/tr>\n<tr>\n<td>Encendido, reinicio, copia usb<\/td>\n<\/tr>\n<tr>\n<td>Dimensiones<\/td>\n<\/tr>\n<tr>\n<td>(altura x anchura x profundidad)<\/td>\n<\/tr>\n<tr>\n<td>182.65 \u00d7 224.6 \u00d7 224.1 mm<\/td>\n<\/tr>\n<tr>\n<td>Peso (neto) 3,52 kg<\/td>\n<\/tr>\n<tr>\n<td>Peso (bruto) 5,12 kg<\/td>\n<\/tr>\n<tr>\n<td>Temperatura operativa 0 &#8211; 40 \u00b0c (32\u00b0f &#8211; 104\u00b0f)<\/td>\n<\/tr>\n<tr>\n<td>Temperatura de almacenamiento -20 &#8211; 70\u00b0c (-4\u00b0f &#8211; 158\u00b0f)<\/td>\n<\/tr>\n<tr>\n<td>Humedad relativa 5 ~ 95 % de humedad relativa sin condensacion, bulbo humedo: 27  and #730;c (80,6  and #730;f)<\/td>\n<\/tr>\n<tr>\n<td>Unidad de alimentaci\u00f3n el\u00e9ctrica externo, 120 w, ca 100 a 240 v<\/td>\n<\/tr>\n<tr>\n<td>Consumo de energia: modo suspension de disco duro: 41,2 w<\/td>\n<\/tr>\n<tr>\n<td>Consumo de energia: modo de funcionamiento, t\u00edpico 55,41 w<\/td>\n<\/tr>\n<tr>\n<td>Probado con unidades totalmente llenas.<\/td>\n<\/tr>\n<tr>\n<td>Ventilador 1 de 140 mm, 12 v de cc<\/td>\n<\/tr>\n<tr>\n<td>Nivel de sonido 22,9 db(a)<\/td>\n<\/tr>\n<tr>\n<td>Advertencia del sistema timbre<\/td>\n<\/tr>\n<tr>\n<td>Ranura de seguridad tipo  kensington<\/td>\n<\/tr>\n<tr>\n<td>Max. numero de conexiones concurrentes (cifs) &#8211; con max. memoria 2000<\/td>\n<\/tr>\n<tr>\n<td>Nota: utilice solamente m\u00f3dulos de memoria qnap para mantener el rendimiento y la estabilidad del sistema. para dispositivos nas con m\u00e1s de una ranura de memoria, use m\u00f3dulos qnap con las mismas especificaciones.<\/td>\n<\/tr>\n<tr>\n<td>Advertencia: usar m\u00f3dulos no compatibles puede degradar el rendimiento, provocar errores o impedir el arranque del sistema operativo.<\/td>\n<\/tr>\n<tr>\n<td>Las imagenes de producto son para fines ilustrativos y pueden diferir del producto real debido a diferencias en los monitores, los colores de los productos tambi\u00e9n pueden parecer distintos de los que se muestra en el sitio.<\/td>\n<\/tr>\n<tr>\n<td>Los disenos y las especificaciones estan sujetos a modificaciones sin previo aviso.<\/td>\n<\/tr>\n<tr>\n<td>Sistema operativo<\/td>\n<\/tr>\n<tr>\n<td>Qts 5.0.0<\/td>\n<\/tr>\n<tr>\n<td>Sistemas operativos de cliente compatibles<\/td>\n<\/tr>\n<tr>\n<td>Apple mac os 10.10 o posterior<\/td>\n<\/tr>\n<tr>\n<td>Ubuntu 14.04, centos 7, rhel 6.6, suse 12 o posterior linux<\/td>\n<\/tr>\n<tr>\n<td>Ibm aix 7, solaris 10 o posterior unix<\/td>\n<\/tr>\n<tr>\n<td>Microsoft windows 7, 8, 10 y 11<\/td>\n<\/tr>\n<tr>\n<td>Navegadores compatibles<\/td>\n<\/tr>\n<tr>\n<td>Apple safari<\/td>\n<\/tr>\n<tr>\n<td>Google chrome<\/td>\n<\/tr>\n<tr>\n<td>Microsoft edge<\/td>\n<\/tr>\n<tr>\n<td>Mozilla firefox<\/td>\n<\/tr>\n<tr>\n<td>Idiomas admitidos<\/td>\n<\/tr>\n<tr>\n<td>Chino (tradicional y simplificado), checo, danes, holandes, ingles, finlandes, frances, aleman, griego, hungaro, italiano, japones, coreano, noruego, polaco, portugu\u00e9s (brasil), rumano, ruso, espanol, sueco, tailandes, y turco<\/td>\n<\/tr>\n<tr>\n<td>Grupo de almacenamiento:      si<\/td>\n<\/tr>\n<tr>\n<td>Grupo de almacenamiento sed:     si<\/td>\n<\/tr>\n<tr>\n<td>Numero maximo de agrupaciones de almacenamiento<\/td>\n<\/tr>\n<tr>\n<td>128<\/td>\n<\/tr>\n<tr>\n<td>Tipo de volumen<\/td>\n<\/tr>\n<tr>\n<td>Grueso, delgado, est\u00e1tico<\/td>\n<\/tr>\n<tr>\n<td>Tamano de volumen maximo<\/td>\n<\/tr>\n<tr>\n<td>250 tb<\/td>\n<\/tr>\n<tr>\n<td>Nota: se requieren al menos 4 gb de ram.<\/td>\n<\/tr>\n<tr>\n<td>Numero maximo de volumen<\/td>\n<\/tr>\n<tr>\n<td>128<\/td>\n<\/tr>\n<tr>\n<td>Tamano maximo de carpeta compartida<\/td>\n<\/tr>\n<tr>\n<td>250 tb<\/td>\n<\/tr>\n<tr>\n<td>Numero maximo de carpeta compartida<\/td>\n<\/tr>\n<tr>\n<td>512<\/td>\n<\/tr>\n<tr>\n<td>Expansion jbod:     si<\/td>\n<\/tr>\n<tr>\n<td>Nube de vjbod \/ vjbod:     si<\/td>\n<\/tr>\n<tr>\n<td>Servicio iscsi:     si<\/td>\n<\/tr>\n<tr>\n<td>Servicio de canal de fibra:    si<\/td>\n<\/tr>\n<tr>\n<td>Tipo de lun<\/td>\n<\/tr>\n<tr>\n<td>Grueso &#8212;- delgado<\/td>\n<\/tr>\n<tr>\n<td>Iscsi lun basado en archivos:    si<\/td>\n<\/tr>\n<tr>\n<td>Iscsi lun basado en bloques:    si<\/td>\n<\/tr>\n<tr>\n<td>Tamano maximo de lun<\/td>\n<\/tr>\n<tr>\n<td>250 tb<\/td>\n<\/tr>\n<tr>\n<td>Nota: se requieren al menos 4 gb de ram.<\/td>\n<\/tr>\n<tr>\n<td>Numero maximo de lun de objetivos<\/td>\n<\/tr>\n<tr>\n<td>256<\/td>\n<\/tr>\n<tr>\n<td>Funcion lun<\/td>\n<\/tr>\n<tr>\n<td>Asignaci\u00f3n de lun (lun se puede mover entre iscsi y fc)<\/td>\n<\/tr>\n<tr>\n<td>Enmascaramiento de lun<\/td>\n<\/tr>\n<tr>\n<td>Importacion \/ exportaci\u00f3n de alias wwpn<\/td>\n<\/tr>\n<tr>\n<td>Grupo de puertos fc<\/td>\n<\/tr>\n<tr>\n<td>Nivelacion autom\u00e1tica:    si<\/td>\n<\/tr>\n<tr>\n<td>Tipo de raid<\/td>\n<\/tr>\n<tr>\n<td>8 bah\u00edas (y m\u00e1s): jbod, individual, raid 0, 1, 5, 6, 10, 50, 60<\/td>\n<\/tr>\n<tr>\n<td>6 bah\u00edas: jbod, individual, raid 0, 1, 5, 6, 10, 50<\/td>\n<\/tr>\n<tr>\n<td>4 bah\u00edas: jbod, individual, raid 0, 1, 5, 6, 10<\/td>\n<\/tr>\n<tr>\n<td>2 bah\u00edas: jbod, simple, raid 0, 1<\/td>\n<\/tr>\n<tr>\n<td>Grupo raid:    si<\/td>\n<\/tr>\n<tr>\n<td>Migraci\u00f3n de nivel raid:    si<\/td>\n<\/tr>\n<tr>\n<td>Expansi\u00f3n raid (agregando disco):     si<\/td>\n<\/tr>\n<tr>\n<td>Expansi\u00f3n raid (reemplazando discos m\u00e1s grandes):     si<\/td>\n<\/tr>\n<tr>\n<td>Expansi\u00f3n del grupo de almacenamiento (agregando raid group):    si<\/td>\n<\/tr>\n<tr>\n<td>Repuesto din\u00e1mico raid<\/td>\n<\/tr>\n<tr>\n<td>Global, local<\/td>\n<\/tr>\n<tr>\n<td>Sincronizaci\u00f3n \/ reconstrucci\u00f3n \/ depuraci\u00f3n de raid:    si<\/td>\n<\/tr>\n<tr>\n<td>Unidad interna<\/td>\n<\/tr>\n<tr>\n<td>Ext4<\/td>\n<\/tr>\n<tr>\n<td>Unidad externa<\/td>\n<\/tr>\n<tr>\n<td>Ext3, ext4, ntfs, fat32, hfs + y exfat (opcional para el modelo arm)<\/td>\n<\/tr>\n<tr>\n<td>Nota: para usar exfat en ciertos modelos, debe comprar una licencia de conducir exfat en el centro de licencias.<\/td>\n<\/tr>\n<tr>\n<td>Https:\/\/www.qnap.com\/la\/product\/ts-h973ax\/specs\/software<\/td>\n<\/tr>\n<tr>\n<td>Especificaciones del hardware<\/td>\n<\/tr>\n<tr>\n<td>Especificaciones del software<\/td>\n<\/tr>\n<tr>\n<td>Link de ficha<\/td>\n<\/tr>\n<\/table>\n","protected":false},"excerpt":{"rendered":"<p>Descripcion comercial. Con un procesador amd ryzen v1000 serie v1500b de cuatro nucleos y conectividad 10gbe\/2,5gbe, el ts-h973ax de 9 bahias ofrece una infraestructura de almacenamiento hibrido de alta capacidad en un compacto formato fisico. Con cinco bahias de unidades sata 6gbps de 3,5 pulgadas, dos ranuras para ssd nvme u.2 de 2,5 pulgadas (la ranura 1 y 2 admiten ambas ssd sata y u.2 nvme) y dos ranuras para ssd sata 6gbps de 2,5 pulgadas, el ts-h973ax puede aprovechar el almacenamiento en cache ssd para mejorar las aplicaciones con uso intensivo de iops. Con el sistema operativo quts hero basado en zfs, el ts-h973ax garantiza la integridad de los datos y admite la deduplicacion y compresion de los datos en linea a nivel de bloques, instantaneas practicamente ilimitadas y snapsync en tiempo real para responder a las necesidades de los servidores de archivos criticos, la edicion de video colaborativa y la copia y recuperacion de datos eficiente con un rendimiento de clase empresarial, fiabilidad del trabajo y un coste general reducido.<\/p>\n","protected":false},"featured_media":225011,"comment_status":"open","ping_status":"open","template":"","meta":[],"product_cat":[1803,1804],"product_tag":[2110],"acf":[],"yoast_head":"<!-- This site is optimized with the Yoast SEO plugin v21.7 - https:\/\/yoast.com\/wordpress\/plugins\/seo\/ -->\n<title>[ Qnap ] &#129351; Ts-h973ax-8g-us Nas Ts-h973ax-8g\/ 9 Bahias \/5 De 3,5 4 De 2,5\/nucleo Cuadruple 2.2ghz\/8gb Ddr4 Sodimm Hasta 64gb\/2 Pto 2,5 Gbe\/1 Pto 10 Gbe \/usb 3.2 X3\/ Hotswap\/ No Incluye Discos\/ Amd<\/title>\n<meta name=\"description\" content=\"Compra Ts-h973ax-8g-us Nas Ts-h973ax-8g\/ 9 Bahias \/5 De 3,5 4 De 2,5\/nucleo Cuadruple 2.2ghz\/8gb Ddr4 Sodimm Hasta 64gb\/2 Pto 2,5 Gbe\/1 Pto 10 Gbe \/usb 3.2 X3\/ Hotswap\/ No Incluye Discos\/ Amd + Env\u00edo a domicilio + Pago seguro + Garant\u00eda\" \/>\n<meta name=\"robots\" content=\"index, follow, max-snippet:-1, max-image-preview:large, max-video-preview:-1\" \/>\n<link rel=\"canonical\" href=\"https:\/\/compuviper.mx\/tienda\/producto\/qnap-ts-h973ax-8g-us-nas-ts-h973ax-8g-9-bahias-5-de-35-4-de-25-nucleo-cuadruple-2-2ghz-8gb-ddr4-sodimm-hasta-64gb-2-pto-25-gbe-1-pto-10-gbe-usb-3-2-x3-hotswap-no-incluye-discos-amd\/\" \/>\n<meta property=\"og:locale\" content=\"es_MX\" \/>\n<meta property=\"og:type\" content=\"article\" \/>\n<meta property=\"og:title\" content=\"[ Qnap ] &#129351; Ts-h973ax-8g-us Nas Ts-h973ax-8g\/ 9 Bahias \/5 De 3,5 4 De 2,5\/nucleo Cuadruple 2.2ghz\/8gb Ddr4 Sodimm Hasta 64gb\/2 Pto 2,5 Gbe\/1 Pto 10 Gbe \/usb 3.2 X3\/ Hotswap\/ No Incluye Discos\/ Amd\" \/>\n<meta property=\"og:description\" content=\"Compra Ts-h973ax-8g-us Nas Ts-h973ax-8g\/ 9 Bahias \/5 De 3,5 4 De 2,5\/nucleo Cuadruple 2.2ghz\/8gb Ddr4 Sodimm Hasta 64gb\/2 Pto 2,5 Gbe\/1 Pto 10 Gbe \/usb 3.2 X3\/ Hotswap\/ No Incluye Discos\/ Amd + Env\u00edo a domicilio + Pago seguro + Garant\u00eda\" \/>\n<meta property=\"og:url\" content=\"https:\/\/compuviper.mx\/tienda\/producto\/qnap-ts-h973ax-8g-us-nas-ts-h973ax-8g-9-bahias-5-de-35-4-de-25-nucleo-cuadruple-2-2ghz-8gb-ddr4-sodimm-hasta-64gb-2-pto-25-gbe-1-pto-10-gbe-usb-3-2-x3-hotswap-no-incluye-discos-amd\/\" \/>\n<meta property=\"og:site_name\" content=\"Compuviper\" \/>\n<meta property=\"article:publisher\" content=\"https:\/\/www.facebook.com\/compuviper\" \/>\n<meta property=\"article:modified_time\" content=\"2026-04-16T07:54:58+00:00\" \/>\n<meta property=\"og:image\" content=\"https:\/\/compuviper.mx\/tienda\/wp-content\/uploads\/2023\/12\/Nas-qnap-ts-h973ax-8g-9-bahias-5-de-35-4-de-25nucleo-cuadruple-2.2ghz8gb-ddr4-sodimm-hasta-64gb2-pto-25-gbe1-pto-10-gbe-usb-3.2-x3-hotswap-no-incluye-discos-amd.jpg\" \/>\n\t<meta property=\"og:image:width\" content=\"200\" \/>\n\t<meta property=\"og:image:height\" content=\"200\" \/>\n\t<meta property=\"og:image:type\" content=\"image\/jpeg\" \/>\n<meta name=\"twitter:card\" content=\"summary_large_image\" \/>\n<meta name=\"twitter:label1\" content=\"Precio\" \/>\n\t<meta name=\"twitter:data1\" content=\"&#36;21,370 con IVA\" \/>\n\t<meta name=\"twitter:label2\" content=\"Availability\" \/>\n\t<meta name=\"twitter:data2\" content=\"In stock\" \/>\n<script type=\"application\/ld+json\" class=\"yoast-schema-graph\">{\"@context\":\"https:\/\/schema.org\",\"@graph\":[{\"@type\":\"WebPage\",\"@id\":\"https:\/\/compuviper.mx\/tienda\/producto\/qnap-ts-h973ax-8g-us-nas-ts-h973ax-8g-9-bahias-5-de-35-4-de-25-nucleo-cuadruple-2-2ghz-8gb-ddr4-sodimm-hasta-64gb-2-pto-25-gbe-1-pto-10-gbe-usb-3-2-x3-hotswap-no-incluye-discos-amd\/\",\"url\":\"https:\/\/compuviper.mx\/tienda\/producto\/qnap-ts-h973ax-8g-us-nas-ts-h973ax-8g-9-bahias-5-de-35-4-de-25-nucleo-cuadruple-2-2ghz-8gb-ddr4-sodimm-hasta-64gb-2-pto-25-gbe-1-pto-10-gbe-usb-3-2-x3-hotswap-no-incluye-discos-amd\/\",\"name\":\"[ Qnap ] &#129351; Ts-h973ax-8g-us Nas Ts-h973ax-8g\/ 9 Bahias \/5 De 3,5 4 De 2,5\/nucleo Cuadruple 2.2ghz\/8gb Ddr4 Sodimm Hasta 64gb\/2 Pto 2,5 Gbe\/1 Pto 10 Gbe \/usb 3.2 X3\/ Hotswap\/ No Incluye Discos\/ Amd\",\"isPartOf\":{\"@id\":\"https:\/\/compuviper.mx\/tienda\/#website\"},\"datePublished\":\"2026-04-16T07:54:57+00:00\",\"dateModified\":\"2026-04-16T07:54:58+00:00\",\"description\":\"Compra Ts-h973ax-8g-us Nas Ts-h973ax-8g\/ 9 Bahias \/5 De 3,5 4 De 2,5\/nucleo Cuadruple 2.2ghz\/8gb Ddr4 Sodimm Hasta 64gb\/2 Pto 2,5 Gbe\/1 Pto 10 Gbe \/usb 3.2 X3\/ Hotswap\/ No Incluye Discos\/ Amd + Env\u00edo a domicilio + Pago seguro + Garant\u00eda\",\"breadcrumb\":{\"@id\":\"https:\/\/compuviper.mx\/tienda\/producto\/qnap-ts-h973ax-8g-us-nas-ts-h973ax-8g-9-bahias-5-de-35-4-de-25-nucleo-cuadruple-2-2ghz-8gb-ddr4-sodimm-hasta-64gb-2-pto-25-gbe-1-pto-10-gbe-usb-3-2-x3-hotswap-no-incluye-discos-amd\/#breadcrumb\"},\"inLanguage\":\"es-MX\",\"potentialAction\":[{\"@type\":\"ReadAction\",\"target\":[\"https:\/\/compuviper.mx\/tienda\/producto\/qnap-ts-h973ax-8g-us-nas-ts-h973ax-8g-9-bahias-5-de-35-4-de-25-nucleo-cuadruple-2-2ghz-8gb-ddr4-sodimm-hasta-64gb-2-pto-25-gbe-1-pto-10-gbe-usb-3-2-x3-hotswap-no-incluye-discos-amd\/\"]}]},{\"@type\":\"BreadcrumbList\",\"@id\":\"https:\/\/compuviper.mx\/tienda\/producto\/qnap-ts-h973ax-8g-us-nas-ts-h973ax-8g-9-bahias-5-de-35-4-de-25-nucleo-cuadruple-2-2ghz-8gb-ddr4-sodimm-hasta-64gb-2-pto-25-gbe-1-pto-10-gbe-usb-3-2-x3-hotswap-no-incluye-discos-amd\/#breadcrumb\",\"itemListElement\":[{\"@type\":\"ListItem\",\"position\":1,\"name\":\"Inicio\",\"item\":\"https:\/\/compuviper.mx\/tienda\/\"},{\"@type\":\"ListItem\",\"position\":2,\"name\":\"Productos\",\"item\":\"https:\/\/compuviper.mx\/tienda\/productos\/\"},{\"@type\":\"ListItem\",\"position\":3,\"name\":\"Almacenamiento\",\"item\":\"https:\/\/compuviper.mx\/tienda\/categoria-producto\/almacenamiento\/\"},{\"@type\":\"ListItem\",\"position\":4,\"name\":\"Sistema De Almacenamiento\",\"item\":\"https:\/\/compuviper.mx\/tienda\/categoria-producto\/almacenamiento\/sistema-de-almacenamiento\/\"},{\"@type\":\"ListItem\",\"position\":5,\"name\":\"Qnap Ts-h973ax-8g-us Nas Ts-h973ax-8g\/ 9 Bahias \/5 De 3,5 4 De 2,5\/nucleo Cuadruple 2.2ghz\/8gb Ddr4 Sodimm Hasta 64gb\/2 Pto 2,5 Gbe\/1 Pto 10 Gbe \/usb 3.2 X3\/ Hotswap\/ No Incluye Discos\/ Amd\"}]},{\"@type\":\"WebSite\",\"@id\":\"https:\/\/compuviper.mx\/tienda\/#website\",\"url\":\"https:\/\/compuviper.mx\/tienda\/\",\"name\":\"Compuviper\",\"description\":\"Proveedor de Computadoras, Laptops, Servidores, Monitores, Puntos de Venta, Teclados,   Impresoras, T\u00f3ner, C\u00e1maras de Seguridad y m\u00e1s en tu tienda en l\u00ednea\",\"publisher\":{\"@id\":\"https:\/\/compuviper.mx\/tienda\/#organization\"},\"potentialAction\":[{\"@type\":\"SearchAction\",\"target\":{\"@type\":\"EntryPoint\",\"urlTemplate\":\"https:\/\/compuviper.mx\/tienda\/?s={search_term_string}\"},\"query-input\":\"required name=search_term_string\"}],\"inLanguage\":\"es-MX\"},{\"@type\":\"Organization\",\"@id\":\"https:\/\/compuviper.mx\/tienda\/#organization\",\"name\":\"Compuviper\",\"url\":\"https:\/\/compuviper.mx\/tienda\/\",\"logo\":{\"@type\":\"ImageObject\",\"inLanguage\":\"es-MX\",\"@id\":\"https:\/\/compuviper.mx\/tienda\/#\/schema\/logo\/image\/\",\"url\":\"https:\/\/compuviper.mx\/tienda\/wp-content\/uploads\/2021\/08\/Logo-Compuviper-10.png\",\"contentUrl\":\"https:\/\/compuviper.mx\/tienda\/wp-content\/uploads\/2021\/08\/Logo-Compuviper-10.png\",\"width\":1000,\"height\":500,\"caption\":\"Compuviper\"},\"image\":{\"@id\":\"https:\/\/compuviper.mx\/tienda\/#\/schema\/logo\/image\/\"},\"sameAs\":[\"https:\/\/www.facebook.com\/compuviper\",\"https:\/\/www.youtube.com\/channel\/UCf73dERp9Y3cfOq7q8BhLjA?view_as=subscriber\"]}]}<\/script>\n<meta property=\"product:brand\" content=\"Qnap\" \/>\n<meta property=\"product:price:amount\" content=\"21370\" \/>\n<meta property=\"product:price:currency\" content=\"MXN\" \/>\n<meta property=\"og:availability\" content=\"instock\" \/>\n<meta property=\"product:availability\" content=\"instock\" \/>\n<meta property=\"product:retailer_item_id\" content=\"TS-H973AX-8G-US\" \/>\n<meta property=\"product:condition\" content=\"new\" \/>\n<!-- \/ Yoast SEO plugin. -->","yoast_head_json":{"title":"[ Qnap ] &#129351; Ts-h973ax-8g-us Nas Ts-h973ax-8g\/ 9 Bahias \/5 De 3,5 4 De 2,5\/nucleo Cuadruple 2.2ghz\/8gb Ddr4 Sodimm Hasta 64gb\/2 Pto 2,5 Gbe\/1 Pto 10 Gbe \/usb 3.2 X3\/ Hotswap\/ No Incluye Discos\/ Amd","description":"Compra Ts-h973ax-8g-us Nas Ts-h973ax-8g\/ 9 Bahias \/5 De 3,5 4 De 2,5\/nucleo Cuadruple 2.2ghz\/8gb Ddr4 Sodimm Hasta 64gb\/2 Pto 2,5 Gbe\/1 Pto 10 Gbe \/usb 3.2 X3\/ Hotswap\/ No Incluye Discos\/ Amd + Env\u00edo a domicilio + Pago seguro + Garant\u00eda","robots":{"index":"index","follow":"follow","max-snippet":"max-snippet:-1","max-image-preview":"max-image-preview:large","max-video-preview":"max-video-preview:-1"},"canonical":"https:\/\/compuviper.mx\/tienda\/producto\/qnap-ts-h973ax-8g-us-nas-ts-h973ax-8g-9-bahias-5-de-35-4-de-25-nucleo-cuadruple-2-2ghz-8gb-ddr4-sodimm-hasta-64gb-2-pto-25-gbe-1-pto-10-gbe-usb-3-2-x3-hotswap-no-incluye-discos-amd\/","og_locale":"es_MX","og_type":"article","og_title":"[ Qnap ] &#129351; Ts-h973ax-8g-us Nas Ts-h973ax-8g\/ 9 Bahias \/5 De 3,5 4 De 2,5\/nucleo Cuadruple 2.2ghz\/8gb Ddr4 Sodimm Hasta 64gb\/2 Pto 2,5 Gbe\/1 Pto 10 Gbe \/usb 3.2 X3\/ Hotswap\/ No Incluye Discos\/ Amd","og_description":"Compra Ts-h973ax-8g-us Nas Ts-h973ax-8g\/ 9 Bahias \/5 De 3,5 4 De 2,5\/nucleo Cuadruple 2.2ghz\/8gb Ddr4 Sodimm Hasta 64gb\/2 Pto 2,5 Gbe\/1 Pto 10 Gbe \/usb 3.2 X3\/ Hotswap\/ No Incluye Discos\/ Amd + Env\u00edo a domicilio + Pago seguro + Garant\u00eda","og_url":"https:\/\/compuviper.mx\/tienda\/producto\/qnap-ts-h973ax-8g-us-nas-ts-h973ax-8g-9-bahias-5-de-35-4-de-25-nucleo-cuadruple-2-2ghz-8gb-ddr4-sodimm-hasta-64gb-2-pto-25-gbe-1-pto-10-gbe-usb-3-2-x3-hotswap-no-incluye-discos-amd\/","og_site_name":"Compuviper","article_publisher":"https:\/\/www.facebook.com\/compuviper","article_modified_time":"2026-04-16T07:54:58+00:00","og_image":[{"width":200,"height":200,"url":"https:\/\/compuviper.mx\/tienda\/wp-content\/uploads\/2023\/12\/Nas-qnap-ts-h973ax-8g-9-bahias-5-de-35-4-de-25nucleo-cuadruple-2.2ghz8gb-ddr4-sodimm-hasta-64gb2-pto-25-gbe1-pto-10-gbe-usb-3.2-x3-hotswap-no-incluye-discos-amd.jpg","type":"image\/jpeg"}],"twitter_card":"summary_large_image","twitter_misc":{"Precio":"&#36;21,370 con IVA","Availability":"In stock"},"schema":{"@context":"https:\/\/schema.org","@graph":[{"@type":"WebPage","@id":"https:\/\/compuviper.mx\/tienda\/producto\/qnap-ts-h973ax-8g-us-nas-ts-h973ax-8g-9-bahias-5-de-35-4-de-25-nucleo-cuadruple-2-2ghz-8gb-ddr4-sodimm-hasta-64gb-2-pto-25-gbe-1-pto-10-gbe-usb-3-2-x3-hotswap-no-incluye-discos-amd\/","url":"https:\/\/compuviper.mx\/tienda\/producto\/qnap-ts-h973ax-8g-us-nas-ts-h973ax-8g-9-bahias-5-de-35-4-de-25-nucleo-cuadruple-2-2ghz-8gb-ddr4-sodimm-hasta-64gb-2-pto-25-gbe-1-pto-10-gbe-usb-3-2-x3-hotswap-no-incluye-discos-amd\/","name":"[ Qnap ] &#129351; Ts-h973ax-8g-us Nas Ts-h973ax-8g\/ 9 Bahias \/5 De 3,5 4 De 2,5\/nucleo Cuadruple 2.2ghz\/8gb Ddr4 Sodimm Hasta 64gb\/2 Pto 2,5 Gbe\/1 Pto 10 Gbe \/usb 3.2 X3\/ Hotswap\/ No Incluye Discos\/ Amd","isPartOf":{"@id":"https:\/\/compuviper.mx\/tienda\/#website"},"datePublished":"2026-04-16T07:54:57+00:00","dateModified":"2026-04-16T07:54:58+00:00","description":"Compra Ts-h973ax-8g-us Nas Ts-h973ax-8g\/ 9 Bahias \/5 De 3,5 4 De 2,5\/nucleo Cuadruple 2.2ghz\/8gb Ddr4 Sodimm Hasta 64gb\/2 Pto 2,5 Gbe\/1 Pto 10 Gbe \/usb 3.2 X3\/ Hotswap\/ No Incluye Discos\/ Amd + Env\u00edo a domicilio + Pago seguro + Garant\u00eda","breadcrumb":{"@id":"https:\/\/compuviper.mx\/tienda\/producto\/qnap-ts-h973ax-8g-us-nas-ts-h973ax-8g-9-bahias-5-de-35-4-de-25-nucleo-cuadruple-2-2ghz-8gb-ddr4-sodimm-hasta-64gb-2-pto-25-gbe-1-pto-10-gbe-usb-3-2-x3-hotswap-no-incluye-discos-amd\/#breadcrumb"},"inLanguage":"es-MX","potentialAction":[{"@type":"ReadAction","target":["https:\/\/compuviper.mx\/tienda\/producto\/qnap-ts-h973ax-8g-us-nas-ts-h973ax-8g-9-bahias-5-de-35-4-de-25-nucleo-cuadruple-2-2ghz-8gb-ddr4-sodimm-hasta-64gb-2-pto-25-gbe-1-pto-10-gbe-usb-3-2-x3-hotswap-no-incluye-discos-amd\/"]}]},{"@type":"BreadcrumbList","@id":"https:\/\/compuviper.mx\/tienda\/producto\/qnap-ts-h973ax-8g-us-nas-ts-h973ax-8g-9-bahias-5-de-35-4-de-25-nucleo-cuadruple-2-2ghz-8gb-ddr4-sodimm-hasta-64gb-2-pto-25-gbe-1-pto-10-gbe-usb-3-2-x3-hotswap-no-incluye-discos-amd\/#breadcrumb","itemListElement":[{"@type":"ListItem","position":1,"name":"Inicio","item":"https:\/\/compuviper.mx\/tienda\/"},{"@type":"ListItem","position":2,"name":"Productos","item":"https:\/\/compuviper.mx\/tienda\/productos\/"},{"@type":"ListItem","position":3,"name":"Almacenamiento","item":"https:\/\/compuviper.mx\/tienda\/categoria-producto\/almacenamiento\/"},{"@type":"ListItem","position":4,"name":"Sistema De Almacenamiento","item":"https:\/\/compuviper.mx\/tienda\/categoria-producto\/almacenamiento\/sistema-de-almacenamiento\/"},{"@type":"ListItem","position":5,"name":"Qnap Ts-h973ax-8g-us Nas Ts-h973ax-8g\/ 9 Bahias \/5 De 3,5 4 De 2,5\/nucleo Cuadruple 2.2ghz\/8gb Ddr4 Sodimm Hasta 64gb\/2 Pto 2,5 Gbe\/1 Pto 10 Gbe \/usb 3.2 X3\/ Hotswap\/ No Incluye Discos\/ Amd"}]},{"@type":"WebSite","@id":"https:\/\/compuviper.mx\/tienda\/#website","url":"https:\/\/compuviper.mx\/tienda\/","name":"Compuviper","description":"Proveedor de Computadoras, Laptops, Servidores, Monitores, Puntos de Venta, Teclados,   Impresoras, T\u00f3ner, C\u00e1maras de Seguridad y m\u00e1s en tu tienda en l\u00ednea","publisher":{"@id":"https:\/\/compuviper.mx\/tienda\/#organization"},"potentialAction":[{"@type":"SearchAction","target":{"@type":"EntryPoint","urlTemplate":"https:\/\/compuviper.mx\/tienda\/?s={search_term_string}"},"query-input":"required name=search_term_string"}],"inLanguage":"es-MX"},{"@type":"Organization","@id":"https:\/\/compuviper.mx\/tienda\/#organization","name":"Compuviper","url":"https:\/\/compuviper.mx\/tienda\/","logo":{"@type":"ImageObject","inLanguage":"es-MX","@id":"https:\/\/compuviper.mx\/tienda\/#\/schema\/logo\/image\/","url":"https:\/\/compuviper.mx\/tienda\/wp-content\/uploads\/2021\/08\/Logo-Compuviper-10.png","contentUrl":"https:\/\/compuviper.mx\/tienda\/wp-content\/uploads\/2021\/08\/Logo-Compuviper-10.png","width":1000,"height":500,"caption":"Compuviper"},"image":{"@id":"https:\/\/compuviper.mx\/tienda\/#\/schema\/logo\/image\/"},"sameAs":["https:\/\/www.facebook.com\/compuviper","https:\/\/www.youtube.com\/channel\/UCf73dERp9Y3cfOq7q8BhLjA?view_as=subscriber"]}]},"product_brand":"Qnap","product_price_amount":"21370","product_price_currency":"MXN","og_availability":"instock","product_availability":"instock","product_retailer_item_id":"TS-H973AX-8G-US","product_condition":"new"},"_links":{"self":[{"href":"https:\/\/compuviper.mx\/tienda\/wp-json\/wp\/v2\/product\/225010"}],"collection":[{"href":"https:\/\/compuviper.mx\/tienda\/wp-json\/wp\/v2\/product"}],"about":[{"href":"https:\/\/compuviper.mx\/tienda\/wp-json\/wp\/v2\/types\/product"}],"replies":[{"embeddable":true,"href":"https:\/\/compuviper.mx\/tienda\/wp-json\/wp\/v2\/comments?post=225010"}],"wp:featuredmedia":[{"embeddable":true,"href":"https:\/\/compuviper.mx\/tienda\/wp-json\/wp\/v2\/media\/225011"}],"wp:attachment":[{"href":"https:\/\/compuviper.mx\/tienda\/wp-json\/wp\/v2\/media?parent=225010"}],"wp:term":[{"taxonomy":"product_cat","embeddable":true,"href":"https:\/\/compuviper.mx\/tienda\/wp-json\/wp\/v2\/product_cat?post=225010"},{"taxonomy":"product_tag","embeddable":true,"href":"https:\/\/compuviper.mx\/tienda\/wp-json\/wp\/v2\/product_tag?post=225010"}],"curies":[{"name":"wp","href":"https:\/\/api.w.org\/{rel}","templated":true}]}}