{"id":224998,"date":"2026-04-17T02:01:03","date_gmt":"2026-04-17T08:01:03","guid":{"rendered":"https:\/\/compuviper.mx\/tienda\/producto\/synology-uc3200-san-12-bahas-hasta-192-tb-doble-controladora-intel-xeon-d-1521-4-ncleos-2-4ghz-hasta-2-7ghz-8-gb-ddr4-rj-45-10gbe-lan-x-1-rj45-1gbe-lan-x-2-hot-swap\/"},"modified":"2026-04-17T02:01:03","modified_gmt":"2026-04-17T08:01:03","slug":"synology-uc3200-san-12-bahas-hasta-192-tb-doble-controladora-intel-xeon-d-1521-4-ncleos-2-4ghz-hasta-2-7ghz-8-gb-ddr4-rj-45-10gbe-lan-x-1-rj45-1gbe-lan-x-2-hot-swap","status":"publish","type":"product","link":"https:\/\/compuviper.mx\/tienda\/producto\/synology-uc3200-san-12-bahas-hasta-192-tb-doble-controladora-intel-xeon-d-1521-4-ncleos-2-4ghz-hasta-2-7ghz-8-gb-ddr4-rj-45-10gbe-lan-x-1-rj45-1gbe-lan-x-2-hot-swap\/","title":{"rendered":"Synology Uc3200 San   12 Bahas Hasta 192 Tb\/ Doble Controladora Intel Xeon D-1521 4 Ncleos 2.4ghz Hasta 2.7ghz \/8 Gb Ddr4\/ Rj-45 10gbe Lan X 1\/ Rj45 1gbe Lan X 2\/ Hot-swap"},"content":{"rendered":"<table class=\"descripcion\">\n<tr>\n<td>Especificaciones de hardware<\/td>\n<\/tr>\n<tr>\n<td>Controlador<\/td>\n<\/tr>\n<tr>\n<td>N\u00famero de m\u00f3dulos de controlador 2<\/td>\n<\/tr>\n<tr>\n<td>Cpu<\/td>\n<\/tr>\n<tr>\n<td>Modelo de cpu intel xeon d-1521<\/td>\n<\/tr>\n<tr>\n<td>Cantidad de cpu 1 (por controlador)<\/td>\n<\/tr>\n<tr>\n<td>Arquitectura de cpu 64-bit<\/td>\n<\/tr>\n<tr>\n<td>Frecuencia de cpu 4-core 2.4 (base) \/ 2.7 (turbo) ghz<\/td>\n<\/tr>\n<tr>\n<td>Motor de cifrado de hardware (aes-ni):     si<\/td>\n<\/tr>\n<tr>\n<td>Memoria<\/td>\n<\/tr>\n<tr>\n<td>Memoria del sistema 8 gb ddr4 ecc udimm (por controlador)<\/td>\n<\/tr>\n<tr>\n<td>M\u00f3dulo de memoria preinstalado 8 gb (8 gb x 1) (por controlador)<\/td>\n<\/tr>\n<tr>\n<td>Ranuras de memoria totales 4 (por controlador)<\/td>\n<\/tr>\n<tr>\n<td>Capacidad de memoria m\u00e1xima 64 gb (16 gb x 4) (por controlador)<\/td>\n<\/tr>\n<tr>\n<td>Notas<\/td>\n<\/tr>\n<tr>\n<td>Synology se reserva el derecho a sustituir m\u00f3dulos de memoria con la misma frecuencia o una frecuencia mayor, en funci\u00f3n del estado del ciclo de vida del producto del proveedor. aseg\u00farese de que la compatibilidad y la estabilidad se han comprobado rigurosamente con los mismos criterios para garantizar que el rendimiento sea id\u00e9ntico.<\/td>\n<\/tr>\n<tr>\n<td>Seleccione m\u00f3dulos de memoria de synology para disfrutar de una compatibilidad y fiabilidad \u00f3ptimas. synology no ofrecer\u00e1 servicio de soporte t\u00e9cnico ni la garant\u00eda del producto en su totalidad si se utilizan m\u00f3dulos de memoria de un fabricante distinto de synology para la ampliaci\u00f3n de la memoria.<\/td>\n<\/tr>\n<tr>\n<td>Almacenamiento<\/td>\n<\/tr>\n<tr>\n<td>Recept\u00e1culo(s) de unidad 12<\/td>\n<\/tr>\n<tr>\n<td>Recept\u00e1culos de unidad m\u00e1x. con la unidad de expansi\u00f3n 36 (rxd1219sas x 2)<\/td>\n<\/tr>\n<tr>\n<td>Tipo de unidad compatible*<\/td>\n<\/tr>\n<tr>\n<td>Unidad de disco duro sas de 3,5<\/td>\n<\/tr>\n<tr>\n<td>Unidad de disco duro sas de 2,5<\/td>\n<\/tr>\n<tr>\n<td>Ssd sas de 2,5<\/td>\n<\/tr>\n<tr>\n<td>Tama\u00f1o m\u00e1ximo de volumen individual* 108 tb<\/td>\n<\/tr>\n<tr>\n<td>Unidad de intercambio en caliente:     si<\/td>\n<\/tr>\n<tr>\n<td>Notas<\/td>\n<\/tr>\n<tr>\n<td>La creaci\u00f3n de grupos de almacenamiento y vol\u00famenes requiere que todas las unidades aparezcan como compatibles en la lista de compatibilidad del modelo de dispositivo.<\/td>\n<\/tr>\n<tr>\n<td>Tipo de unidad compatible indica las unidades cuya compatibilidad con los productos synology ha sido probada. este t\u00e9rmino no indica la velocidad de conexi\u00f3n m\u00e1xima para cada bah\u00eda de unidad.<\/td>\n<\/tr>\n<tr>\n<td>Cada volumen interno (puede constar de varias unidades) se puede ampliar hasta 108 tb.<\/td>\n<\/tr>\n<tr>\n<td>Puertos externos<\/td>\n<\/tr>\n<tr>\n<td>Puerto rj-45 1gbe lan 2 (con soporte de conmutaci\u00f3n por error \/ link aggregation) (por controlador)<\/td>\n<\/tr>\n<tr>\n<td>Puerto rj-45 10gbe lan 1 (por controlador)<\/td>\n<\/tr>\n<tr>\n<td>Pcie<\/td>\n<\/tr>\n<tr>\n<td>Expansi\u00f3n pcie 1 x gen3 x8 slot (x8 link) (por controlador)<\/td>\n<\/tr>\n<tr>\n<td>Sistema de archivos<\/td>\n<\/tr>\n<tr>\n<td>Unidades internas btrfs<\/td>\n<\/tr>\n<tr>\n<td>Apariencia<\/td>\n<\/tr>\n<tr>\n<td>Tama\u00f1o (altura x anchura x profundidad) 88 mm x 430.5 mm x 692 mm<\/td>\n<\/tr>\n<tr>\n<td>Tama\u00f1o (altura x anchura x profundidad) (con las aletas del servidor) 88 mm x 482 mm x 724 mm<\/td>\n<\/tr>\n<tr>\n<td>Peso 19.7 kg<\/td>\n<\/tr>\n<tr>\n<td>Soporte para instalaci\u00f3n en bastidor* bastidor de 4 postes de 19 (synology rail kit: rks1317)<\/td>\n<\/tr>\n<tr>\n<td>Notas el kit de ra\u00edles se vende por separado<\/td>\n<\/tr>\n<tr>\n<td>Otros<\/td>\n<\/tr>\n<tr>\n<td>Ventilador del sistema 60 mm x 60 mm x 2 (por controlador)<\/td>\n<\/tr>\n<tr>\n<td>Modo de velocidad de ventilador<\/td>\n<\/tr>\n<tr>\n<td>Modo velocidad completa<\/td>\n<\/tr>\n<tr>\n<td>Modo fresco<\/td>\n<\/tr>\n<tr>\n<td>Modo silencioso<\/td>\n<\/tr>\n<tr>\n<td>F\u00e1cil sustituci\u00f3n de ventilador del sistema:     si<\/td>\n<\/tr>\n<tr>\n<td>Recuperaci\u00f3n de energ\u00eda:     si<\/td>\n<\/tr>\n<tr>\n<td>Nivel de ruido* 51.3 db(a)<\/td>\n<\/tr>\n<tr>\n<td>Fuente \/ adaptador de alimentaci\u00f3n 500w<\/td>\n<\/tr>\n<tr>\n<td>Fuente de alimentaci\u00f3n redundante:     si<\/td>\n<\/tr>\n<tr>\n<td>Voltaje de alimentaci\u00f3n de entrada ca de 100 v a 240 v ca<\/td>\n<\/tr>\n<tr>\n<td>Frecuencia de alimentaci\u00f3n 50\/60hz, monof\u00e1sico<\/td>\n<\/tr>\n<tr>\n<td>Consumo de energ\u00eda* 417.48 w (acceso)<\/td>\n<\/tr>\n<tr>\n<td>British thermal unit 1425.45 btu\/hr (acceso)<\/td>\n<\/tr>\n<tr>\n<td>Notas<\/td>\n<\/tr>\n<tr>\n<td>Consumo de energ\u00eda medido cuando la unidad (o unidades) de disco duro seagate st3600057ss se ha(n) cargado completamente.<\/td>\n<\/tr>\n<tr>\n<td>Entorno de comprobaci\u00f3n del nivel de ruido: totalmente cargado con unidades de disco duro seagate st8000nm0075 en estado inactivo. dos micr\u00f3fonos g.r.a.s. type 40ae, cada uno instalado a 1 metro del servidor synology en la parte delantera y trasera. ruido de fondo: 16,49-17,51 db(a); temperatura: 24,25-25,75 and #730;c; humedad: 58,2-61,8 %.<\/td>\n<\/tr>\n<tr>\n<td>Temperatura<\/td>\n<\/tr>\n<tr>\n<td>Temperatura operativa 0\u00b0c a 35\u00b0c (32\u00b0f a 95\u00b0f)<\/td>\n<\/tr>\n<tr>\n<td>Temperatura de almacenamiento -20\u00b0c a 60\u00b0c (-5\u00b0f a 140\u00b0f)<\/td>\n<\/tr>\n<tr>\n<td>Humedad relativa 5% a 95% rh<\/td>\n<\/tr>\n<tr>\n<td>Certificaci\u00f3n<\/td>\n<\/tr>\n<tr>\n<td>Eac<\/td>\n<\/tr>\n<tr>\n<td>Vcci<\/td>\n<\/tr>\n<tr>\n<td>Ccc<\/td>\n<\/tr>\n<tr>\n<td>Rcm<\/td>\n<\/tr>\n<tr>\n<td>Kc<\/td>\n<\/tr>\n<tr>\n<td>Fcc<\/td>\n<\/tr>\n<tr>\n<td>Ce<\/td>\n<\/tr>\n<tr>\n<td>Bsmi<\/td>\n<\/tr>\n<tr>\n<td>Garant\u00eda<\/td>\n<\/tr>\n<tr>\n<td>1 a\u00f1os<\/td>\n<\/tr>\n<tr>\n<td>Entorno<\/td>\n<\/tr>\n<tr>\n<td>Conforme con rohs<\/td>\n<\/tr>\n<tr>\n<td>Contenido del paquete<\/td>\n<\/tr>\n<tr>\n<td>Unidad principal x 1<\/td>\n<\/tr>\n<tr>\n<td>Paquete de accesorios x 1<\/td>\n<\/tr>\n<tr>\n<td>Cable de alimentaci\u00f3n ca x 2<\/td>\n<\/tr>\n<tr>\n<td>Gu\u00eda de instalaci\u00f3n r\u00e1pida x 1<\/td>\n<\/tr>\n<tr>\n<td>Accesorios opcionales<\/td>\n<\/tr>\n<tr>\n<td>Ddr4 ecc udimm: d4ec-2666-8g\/d4ec-2666-16g<\/td>\n<\/tr>\n<tr>\n<td>Unidades de expansi\u00f3n: rxd1219sas<\/td>\n<\/tr>\n<tr>\n<td>10gbe tarjeta de interfaz de red: e10g18-t2\/e10g18-t1\/e10g17-f2<\/td>\n<\/tr>\n<tr>\n<td>Kit de ra\u00edles deslizantes: rks1317<\/td>\n<\/tr>\n<tr>\n<td>Kit de ra\u00edles deslizantes: rks-02<\/td>\n<\/tr>\n<\/table>\n","protected":false},"excerpt":{"rendered":"<p>Especificaciones del software. Especificaciones de dsm uc. Gesti\u00f3n de almacenamiento. N\u00famero m\u00e1x. De volumen interno 32. N\u00famero m\u00e1x. De iscsi target 128. N\u00famero m\u00e1x. De lun 128. Compatibilidad con lun avanzado (clon\/instant\u00e1nea):     si. N\u00famero m\u00e1ximo de instant\u00e1neas por lun avanzado 256. Ssd de cach\u00e9 de lectura\/escritura (white paper):      si. Ssd trim:     si. Raid group:      si. Tipo de raid compatible. Raid f1. Basic. Jbod. Raid 0. Raid 1. Raid 5. Raid 6. Raid 10. Migraci\u00f3n de raid. Basic to raid 1. Basic to raid 5. Raid 1 to raid 5. Expansi\u00f3n de volumen con unidades de disco duro m\u00e1s grandes. Raid f1. Raid 1. Raid 5. Raid 6. Raid 10. Expansi\u00f3n de volumen a\u00f1adiendo una unidad de disco duro. Jbod. Raid f1. Raid 5. Raid 6. Tipo de raid compatible con global hot spare. Raid f1. Raid 1. Raid 5. Raid 6. Raid 10. Cuenta y carpeta compartida. N\u00fam. M\u00e1ximo de cuentas de usuario local 65. Virtualizaci\u00f3n. Vmware vsphere with vaai:     si. Windows server 2016:      si. Windows server 2019:     si. Citrix ready:      si. Openstack:     si. Snapshot replication. N\u00famero m\u00e1ximo de replicaciones 32. M\u00e1ximo de instant\u00e1neas del sistema 4,096. Especificaciones generales. Protocolos de red. Iscsi. Telnet. Ssh. Snmp. Fibre channel. Clientes compatibles. Windows server 2008 onwards. Vmware 5 onward. Oracle solaris 10 onward. Citrix xenserver 7.2 onward. Suse linux es 11 onward. Red hat es 6.10 onward. Idioma compatible. English, deutsch, fran\u00e7ais, italiano, espa\u00f1ol, dansk, norsk, svenska, nederlands,  and #1056; and #1059; and #1057; and #1057; and #1050; and #1048; and #1049;, polski, magyar, portugu\u00eas do brasil, portugu\u00eas europeu, t\u00fcrk\u00e7e,  and #268;esk\u00fd,  and #3616; and #3634; and #3625; and #3634; and #3652; and #3607; and #3618;,  and #26085; and #26412; and #35486;,  and #54620; and #44397; and #50612;,  and #32321; and #39636; and #20013; and #25991;,  and #31616; and #20307; and #20013; and #25991;<\/p>\n","protected":false},"featured_media":224999,"comment_status":"open","ping_status":"open","template":"","meta":[],"product_cat":[1803,1804],"product_tag":[1561],"acf":[],"yoast_head":"<!-- This site is optimized with the Yoast SEO plugin v21.7 - https:\/\/yoast.com\/wordpress\/plugins\/seo\/ -->\n<title>[ Synology ] &#129351; Uc3200 San 12 Bahas Hasta 192 Tb\/ Doble Controladora Intel Xeon D-1521 4 Ncleos 2.4ghz Hasta 2.7ghz \/8 Gb Ddr4\/ Rj-45 10gbe Lan X 1\/ Rj45 1gbe Lan X 2\/ Hot-swap<\/title>\n<meta name=\"description\" content=\"Compra Uc3200 San 12 Bahas Hasta 192 Tb\/ Doble Controladora Intel Xeon D-1521 4 Ncleos 2.4ghz Hasta 2.7ghz \/8 Gb Ddr4\/ Rj-45 10gbe Lan X 1\/ Rj45 1gbe Lan X 2\/ Hot-swap + Env\u00edo a domicilio + Pago seguro + Garant\u00eda\" \/>\n<meta name=\"robots\" content=\"index, follow, max-snippet:-1, max-image-preview:large, max-video-preview:-1\" \/>\n<link rel=\"canonical\" href=\"https:\/\/compuviper.mx\/tienda\/producto\/synology-uc3200-san-12-bahas-hasta-192-tb-doble-controladora-intel-xeon-d-1521-4-ncleos-2-4ghz-hasta-2-7ghz-8-gb-ddr4-rj-45-10gbe-lan-x-1-rj45-1gbe-lan-x-2-hot-swap\/\" \/>\n<meta property=\"og:locale\" content=\"es_MX\" \/>\n<meta property=\"og:type\" content=\"article\" \/>\n<meta property=\"og:title\" content=\"[ Synology ] &#129351; Uc3200 San 12 Bahas Hasta 192 Tb\/ Doble Controladora Intel Xeon D-1521 4 Ncleos 2.4ghz Hasta 2.7ghz \/8 Gb Ddr4\/ Rj-45 10gbe Lan X 1\/ Rj45 1gbe Lan X 2\/ Hot-swap\" \/>\n<meta property=\"og:description\" content=\"Compra Uc3200 San 12 Bahas Hasta 192 Tb\/ Doble Controladora Intel Xeon D-1521 4 Ncleos 2.4ghz Hasta 2.7ghz \/8 Gb Ddr4\/ Rj-45 10gbe Lan X 1\/ Rj45 1gbe Lan X 2\/ Hot-swap + Env\u00edo a domicilio + Pago seguro + Garant\u00eda\" \/>\n<meta property=\"og:url\" content=\"https:\/\/compuviper.mx\/tienda\/producto\/synology-uc3200-san-12-bahas-hasta-192-tb-doble-controladora-intel-xeon-d-1521-4-ncleos-2-4ghz-hasta-2-7ghz-8-gb-ddr4-rj-45-10gbe-lan-x-1-rj45-1gbe-lan-x-2-hot-swap\/\" \/>\n<meta property=\"og:site_name\" content=\"Compuviper\" \/>\n<meta property=\"article:publisher\" content=\"https:\/\/www.facebook.com\/compuviper\" \/>\n<meta property=\"og:image\" content=\"https:\/\/compuviper.mx\/tienda\/wp-content\/uploads\/2023\/12\/San-synology-uc3200-12-bahias-hasta-192-tb-doble-controladora-intel-xeon-d-1521-4-nucleos-2.4ghz-hasta-2.7ghz-8-gb-ddr4-rj-45-10gbe-lan-x-1-rj45-1gbe-lan-x-2-hot-swap.jpg\" \/>\n\t<meta property=\"og:image:width\" content=\"200\" \/>\n\t<meta property=\"og:image:height\" content=\"200\" \/>\n\t<meta property=\"og:image:type\" content=\"image\/jpeg\" \/>\n<meta name=\"twitter:card\" content=\"summary_large_image\" \/>\n<meta name=\"twitter:label1\" content=\"Precio\" \/>\n\t<meta name=\"twitter:data1\" content=\"&#36;147,519 con IVA\" \/>\n\t<meta name=\"twitter:label2\" content=\"Availability\" \/>\n\t<meta name=\"twitter:data2\" content=\"On backorder\" \/>\n<script type=\"application\/ld+json\" class=\"yoast-schema-graph\">{\"@context\":\"https:\/\/schema.org\",\"@graph\":[{\"@type\":\"WebPage\",\"@id\":\"https:\/\/compuviper.mx\/tienda\/producto\/synology-uc3200-san-12-bahas-hasta-192-tb-doble-controladora-intel-xeon-d-1521-4-ncleos-2-4ghz-hasta-2-7ghz-8-gb-ddr4-rj-45-10gbe-lan-x-1-rj45-1gbe-lan-x-2-hot-swap\/\",\"url\":\"https:\/\/compuviper.mx\/tienda\/producto\/synology-uc3200-san-12-bahas-hasta-192-tb-doble-controladora-intel-xeon-d-1521-4-ncleos-2-4ghz-hasta-2-7ghz-8-gb-ddr4-rj-45-10gbe-lan-x-1-rj45-1gbe-lan-x-2-hot-swap\/\",\"name\":\"[ Synology ] &#129351; Uc3200 San 12 Bahas Hasta 192 Tb\/ Doble Controladora Intel Xeon D-1521 4 Ncleos 2.4ghz Hasta 2.7ghz \/8 Gb Ddr4\/ Rj-45 10gbe Lan X 1\/ Rj45 1gbe Lan X 2\/ Hot-swap\",\"isPartOf\":{\"@id\":\"https:\/\/compuviper.mx\/tienda\/#website\"},\"datePublished\":\"2026-04-17T08:01:03+00:00\",\"dateModified\":\"2026-04-17T08:01:03+00:00\",\"description\":\"Compra Uc3200 San 12 Bahas Hasta 192 Tb\/ Doble Controladora Intel Xeon D-1521 4 Ncleos 2.4ghz Hasta 2.7ghz \/8 Gb Ddr4\/ Rj-45 10gbe Lan X 1\/ Rj45 1gbe Lan X 2\/ Hot-swap + Env\u00edo a domicilio + Pago seguro + Garant\u00eda\",\"breadcrumb\":{\"@id\":\"https:\/\/compuviper.mx\/tienda\/producto\/synology-uc3200-san-12-bahas-hasta-192-tb-doble-controladora-intel-xeon-d-1521-4-ncleos-2-4ghz-hasta-2-7ghz-8-gb-ddr4-rj-45-10gbe-lan-x-1-rj45-1gbe-lan-x-2-hot-swap\/#breadcrumb\"},\"inLanguage\":\"es-MX\",\"potentialAction\":[{\"@type\":\"ReadAction\",\"target\":[\"https:\/\/compuviper.mx\/tienda\/producto\/synology-uc3200-san-12-bahas-hasta-192-tb-doble-controladora-intel-xeon-d-1521-4-ncleos-2-4ghz-hasta-2-7ghz-8-gb-ddr4-rj-45-10gbe-lan-x-1-rj45-1gbe-lan-x-2-hot-swap\/\"]}]},{\"@type\":\"BreadcrumbList\",\"@id\":\"https:\/\/compuviper.mx\/tienda\/producto\/synology-uc3200-san-12-bahas-hasta-192-tb-doble-controladora-intel-xeon-d-1521-4-ncleos-2-4ghz-hasta-2-7ghz-8-gb-ddr4-rj-45-10gbe-lan-x-1-rj45-1gbe-lan-x-2-hot-swap\/#breadcrumb\",\"itemListElement\":[{\"@type\":\"ListItem\",\"position\":1,\"name\":\"Inicio\",\"item\":\"https:\/\/compuviper.mx\/tienda\/\"},{\"@type\":\"ListItem\",\"position\":2,\"name\":\"Productos\",\"item\":\"https:\/\/compuviper.mx\/tienda\/productos\/\"},{\"@type\":\"ListItem\",\"position\":3,\"name\":\"Almacenamiento\",\"item\":\"https:\/\/compuviper.mx\/tienda\/categoria-producto\/almacenamiento\/\"},{\"@type\":\"ListItem\",\"position\":4,\"name\":\"Sistema De Almacenamiento\",\"item\":\"https:\/\/compuviper.mx\/tienda\/categoria-producto\/almacenamiento\/sistema-de-almacenamiento\/\"},{\"@type\":\"ListItem\",\"position\":5,\"name\":\"Synology Uc3200 San 12 Bahas Hasta 192 Tb\/ Doble Controladora Intel Xeon D-1521 4 Ncleos 2.4ghz Hasta 2.7ghz \/8 Gb Ddr4\/ Rj-45 10gbe Lan X 1\/ Rj45 1gbe Lan X 2\/ Hot-swap\"}]},{\"@type\":\"WebSite\",\"@id\":\"https:\/\/compuviper.mx\/tienda\/#website\",\"url\":\"https:\/\/compuviper.mx\/tienda\/\",\"name\":\"Compuviper\",\"description\":\"Proveedor de Computadoras, Laptops, Servidores, Monitores, Puntos de Venta, Teclados,   Impresoras, T\u00f3ner, C\u00e1maras de Seguridad y m\u00e1s en tu tienda en l\u00ednea\",\"publisher\":{\"@id\":\"https:\/\/compuviper.mx\/tienda\/#organization\"},\"potentialAction\":[{\"@type\":\"SearchAction\",\"target\":{\"@type\":\"EntryPoint\",\"urlTemplate\":\"https:\/\/compuviper.mx\/tienda\/?s={search_term_string}\"},\"query-input\":\"required name=search_term_string\"}],\"inLanguage\":\"es-MX\"},{\"@type\":\"Organization\",\"@id\":\"https:\/\/compuviper.mx\/tienda\/#organization\",\"name\":\"Compuviper\",\"url\":\"https:\/\/compuviper.mx\/tienda\/\",\"logo\":{\"@type\":\"ImageObject\",\"inLanguage\":\"es-MX\",\"@id\":\"https:\/\/compuviper.mx\/tienda\/#\/schema\/logo\/image\/\",\"url\":\"https:\/\/compuviper.mx\/tienda\/wp-content\/uploads\/2021\/08\/Logo-Compuviper-10.png\",\"contentUrl\":\"https:\/\/compuviper.mx\/tienda\/wp-content\/uploads\/2021\/08\/Logo-Compuviper-10.png\",\"width\":1000,\"height\":500,\"caption\":\"Compuviper\"},\"image\":{\"@id\":\"https:\/\/compuviper.mx\/tienda\/#\/schema\/logo\/image\/\"},\"sameAs\":[\"https:\/\/www.facebook.com\/compuviper\",\"https:\/\/www.youtube.com\/channel\/UCf73dERp9Y3cfOq7q8BhLjA?view_as=subscriber\"]}]}<\/script>\n<meta property=\"product:brand\" content=\"SYNOLOGY\" \/>\n<meta property=\"product:price:amount\" content=\"147519\" \/>\n<meta property=\"product:price:currency\" content=\"MXN\" \/>\n<meta property=\"og:availability\" content=\"backorder\" \/>\n<meta property=\"product:availability\" content=\"available for order\" \/>\n<meta property=\"product:retailer_item_id\" content=\"UC3200\" \/>\n<meta property=\"product:condition\" content=\"new\" \/>\n<!-- \/ Yoast SEO plugin. -->","yoast_head_json":{"title":"[ Synology ] &#129351; Uc3200 San 12 Bahas Hasta 192 Tb\/ Doble Controladora Intel Xeon D-1521 4 Ncleos 2.4ghz Hasta 2.7ghz \/8 Gb Ddr4\/ Rj-45 10gbe Lan X 1\/ Rj45 1gbe Lan X 2\/ Hot-swap","description":"Compra Uc3200 San 12 Bahas Hasta 192 Tb\/ Doble Controladora Intel Xeon D-1521 4 Ncleos 2.4ghz Hasta 2.7ghz \/8 Gb Ddr4\/ Rj-45 10gbe Lan X 1\/ Rj45 1gbe Lan X 2\/ Hot-swap + Env\u00edo a domicilio + Pago seguro + Garant\u00eda","robots":{"index":"index","follow":"follow","max-snippet":"max-snippet:-1","max-image-preview":"max-image-preview:large","max-video-preview":"max-video-preview:-1"},"canonical":"https:\/\/compuviper.mx\/tienda\/producto\/synology-uc3200-san-12-bahas-hasta-192-tb-doble-controladora-intel-xeon-d-1521-4-ncleos-2-4ghz-hasta-2-7ghz-8-gb-ddr4-rj-45-10gbe-lan-x-1-rj45-1gbe-lan-x-2-hot-swap\/","og_locale":"es_MX","og_type":"article","og_title":"[ Synology ] &#129351; Uc3200 San 12 Bahas Hasta 192 Tb\/ Doble Controladora Intel Xeon D-1521 4 Ncleos 2.4ghz Hasta 2.7ghz \/8 Gb Ddr4\/ Rj-45 10gbe Lan X 1\/ Rj45 1gbe Lan X 2\/ Hot-swap","og_description":"Compra Uc3200 San 12 Bahas Hasta 192 Tb\/ Doble Controladora Intel Xeon D-1521 4 Ncleos 2.4ghz Hasta 2.7ghz \/8 Gb Ddr4\/ Rj-45 10gbe Lan X 1\/ Rj45 1gbe Lan X 2\/ Hot-swap + Env\u00edo a domicilio + Pago seguro + Garant\u00eda","og_url":"https:\/\/compuviper.mx\/tienda\/producto\/synology-uc3200-san-12-bahas-hasta-192-tb-doble-controladora-intel-xeon-d-1521-4-ncleos-2-4ghz-hasta-2-7ghz-8-gb-ddr4-rj-45-10gbe-lan-x-1-rj45-1gbe-lan-x-2-hot-swap\/","og_site_name":"Compuviper","article_publisher":"https:\/\/www.facebook.com\/compuviper","og_image":[{"width":200,"height":200,"url":"https:\/\/compuviper.mx\/tienda\/wp-content\/uploads\/2023\/12\/San-synology-uc3200-12-bahias-hasta-192-tb-doble-controladora-intel-xeon-d-1521-4-nucleos-2.4ghz-hasta-2.7ghz-8-gb-ddr4-rj-45-10gbe-lan-x-1-rj45-1gbe-lan-x-2-hot-swap.jpg","type":"image\/jpeg"}],"twitter_card":"summary_large_image","twitter_misc":{"Precio":"&#36;147,519 con IVA","Availability":"On backorder"},"schema":{"@context":"https:\/\/schema.org","@graph":[{"@type":"WebPage","@id":"https:\/\/compuviper.mx\/tienda\/producto\/synology-uc3200-san-12-bahas-hasta-192-tb-doble-controladora-intel-xeon-d-1521-4-ncleos-2-4ghz-hasta-2-7ghz-8-gb-ddr4-rj-45-10gbe-lan-x-1-rj45-1gbe-lan-x-2-hot-swap\/","url":"https:\/\/compuviper.mx\/tienda\/producto\/synology-uc3200-san-12-bahas-hasta-192-tb-doble-controladora-intel-xeon-d-1521-4-ncleos-2-4ghz-hasta-2-7ghz-8-gb-ddr4-rj-45-10gbe-lan-x-1-rj45-1gbe-lan-x-2-hot-swap\/","name":"[ Synology ] &#129351; Uc3200 San 12 Bahas Hasta 192 Tb\/ Doble Controladora Intel Xeon D-1521 4 Ncleos 2.4ghz Hasta 2.7ghz \/8 Gb Ddr4\/ Rj-45 10gbe Lan X 1\/ Rj45 1gbe Lan X 2\/ Hot-swap","isPartOf":{"@id":"https:\/\/compuviper.mx\/tienda\/#website"},"datePublished":"2026-04-17T08:01:03+00:00","dateModified":"2026-04-17T08:01:03+00:00","description":"Compra Uc3200 San 12 Bahas Hasta 192 Tb\/ Doble Controladora Intel Xeon D-1521 4 Ncleos 2.4ghz Hasta 2.7ghz \/8 Gb Ddr4\/ Rj-45 10gbe Lan X 1\/ Rj45 1gbe Lan X 2\/ Hot-swap + Env\u00edo a domicilio + Pago seguro + Garant\u00eda","breadcrumb":{"@id":"https:\/\/compuviper.mx\/tienda\/producto\/synology-uc3200-san-12-bahas-hasta-192-tb-doble-controladora-intel-xeon-d-1521-4-ncleos-2-4ghz-hasta-2-7ghz-8-gb-ddr4-rj-45-10gbe-lan-x-1-rj45-1gbe-lan-x-2-hot-swap\/#breadcrumb"},"inLanguage":"es-MX","potentialAction":[{"@type":"ReadAction","target":["https:\/\/compuviper.mx\/tienda\/producto\/synology-uc3200-san-12-bahas-hasta-192-tb-doble-controladora-intel-xeon-d-1521-4-ncleos-2-4ghz-hasta-2-7ghz-8-gb-ddr4-rj-45-10gbe-lan-x-1-rj45-1gbe-lan-x-2-hot-swap\/"]}]},{"@type":"BreadcrumbList","@id":"https:\/\/compuviper.mx\/tienda\/producto\/synology-uc3200-san-12-bahas-hasta-192-tb-doble-controladora-intel-xeon-d-1521-4-ncleos-2-4ghz-hasta-2-7ghz-8-gb-ddr4-rj-45-10gbe-lan-x-1-rj45-1gbe-lan-x-2-hot-swap\/#breadcrumb","itemListElement":[{"@type":"ListItem","position":1,"name":"Inicio","item":"https:\/\/compuviper.mx\/tienda\/"},{"@type":"ListItem","position":2,"name":"Productos","item":"https:\/\/compuviper.mx\/tienda\/productos\/"},{"@type":"ListItem","position":3,"name":"Almacenamiento","item":"https:\/\/compuviper.mx\/tienda\/categoria-producto\/almacenamiento\/"},{"@type":"ListItem","position":4,"name":"Sistema De Almacenamiento","item":"https:\/\/compuviper.mx\/tienda\/categoria-producto\/almacenamiento\/sistema-de-almacenamiento\/"},{"@type":"ListItem","position":5,"name":"Synology Uc3200 San 12 Bahas Hasta 192 Tb\/ Doble Controladora Intel Xeon D-1521 4 Ncleos 2.4ghz Hasta 2.7ghz \/8 Gb Ddr4\/ Rj-45 10gbe Lan X 1\/ Rj45 1gbe Lan X 2\/ Hot-swap"}]},{"@type":"WebSite","@id":"https:\/\/compuviper.mx\/tienda\/#website","url":"https:\/\/compuviper.mx\/tienda\/","name":"Compuviper","description":"Proveedor de Computadoras, Laptops, Servidores, Monitores, Puntos de Venta, Teclados,   Impresoras, T\u00f3ner, C\u00e1maras de Seguridad y m\u00e1s en tu tienda en l\u00ednea","publisher":{"@id":"https:\/\/compuviper.mx\/tienda\/#organization"},"potentialAction":[{"@type":"SearchAction","target":{"@type":"EntryPoint","urlTemplate":"https:\/\/compuviper.mx\/tienda\/?s={search_term_string}"},"query-input":"required name=search_term_string"}],"inLanguage":"es-MX"},{"@type":"Organization","@id":"https:\/\/compuviper.mx\/tienda\/#organization","name":"Compuviper","url":"https:\/\/compuviper.mx\/tienda\/","logo":{"@type":"ImageObject","inLanguage":"es-MX","@id":"https:\/\/compuviper.mx\/tienda\/#\/schema\/logo\/image\/","url":"https:\/\/compuviper.mx\/tienda\/wp-content\/uploads\/2021\/08\/Logo-Compuviper-10.png","contentUrl":"https:\/\/compuviper.mx\/tienda\/wp-content\/uploads\/2021\/08\/Logo-Compuviper-10.png","width":1000,"height":500,"caption":"Compuviper"},"image":{"@id":"https:\/\/compuviper.mx\/tienda\/#\/schema\/logo\/image\/"},"sameAs":["https:\/\/www.facebook.com\/compuviper","https:\/\/www.youtube.com\/channel\/UCf73dERp9Y3cfOq7q8BhLjA?view_as=subscriber"]}]},"product_brand":"SYNOLOGY","product_price_amount":"147519","product_price_currency":"MXN","og_availability":"backorder","product_availability":"available for order","product_retailer_item_id":"UC3200","product_condition":"new"},"_links":{"self":[{"href":"https:\/\/compuviper.mx\/tienda\/wp-json\/wp\/v2\/product\/224998"}],"collection":[{"href":"https:\/\/compuviper.mx\/tienda\/wp-json\/wp\/v2\/product"}],"about":[{"href":"https:\/\/compuviper.mx\/tienda\/wp-json\/wp\/v2\/types\/product"}],"replies":[{"embeddable":true,"href":"https:\/\/compuviper.mx\/tienda\/wp-json\/wp\/v2\/comments?post=224998"}],"wp:featuredmedia":[{"embeddable":true,"href":"https:\/\/compuviper.mx\/tienda\/wp-json\/wp\/v2\/media\/224999"}],"wp:attachment":[{"href":"https:\/\/compuviper.mx\/tienda\/wp-json\/wp\/v2\/media?parent=224998"}],"wp:term":[{"taxonomy":"product_cat","embeddable":true,"href":"https:\/\/compuviper.mx\/tienda\/wp-json\/wp\/v2\/product_cat?post=224998"},{"taxonomy":"product_tag","embeddable":true,"href":"https:\/\/compuviper.mx\/tienda\/wp-json\/wp\/v2\/product_tag?post=224998"}],"curies":[{"name":"wp","href":"https:\/\/api.w.org\/{rel}","templated":true}]}}