{"id":224996,"date":"2026-04-17T02:01:02","date_gmt":"2026-04-17T08:01:02","guid":{"rendered":"https:\/\/compuviper.mx\/tienda\/producto\/hewlett-packard-enterprise-r0q39a-gabienete-de-discos-hpe-msa-2060-2u-12d-lff-drive-enclosure\/"},"modified":"2026-04-17T02:01:02","modified_gmt":"2026-04-17T08:01:02","slug":"hewlett-packard-enterprise-r0q39a-gabienete-de-discos-hpe-msa-2060-2u-12d-lff-drive-enclosure","status":"publish","type":"product","link":"https:\/\/compuviper.mx\/tienda\/producto\/hewlett-packard-enterprise-r0q39a-gabienete-de-discos-hpe-msa-2060-2u-12d-lff-drive-enclosure\/","title":{"rendered":"Hewlett Packard Enterprise R0q39a Gabienete De Discos Hpe Msa 2060 2u 12d Lff Drive Enclosure"},"content":{"rendered":"<table class=\"descripcion\">\n<tr>\n<td>Gabienete de discos hpe msa 2060 2u 12d lff drive enclosure<\/td>\n<\/tr>\n<\/table>\n","protected":false},"excerpt":{"rendered":"<p>\u00bfbuscas un almacenamiento flash realmente sencillo y asequible? el almacenamiento hpe msa 2062 es un sistema flash diseado para aplicaciones de aceleracin asequibles en implementaciones de pequeas y remotas oficinas. No dejes que el bajo coste te engae. Hpe msa 2062 proporciona la combinacin de simplicidad y flexibilidad, as como funciones avanzadas que no esperabas en una cabina de almacenamiento de precio econmico. Con una capacidad flash integrada inicial de 3,84 tb, puedes escalar el sistema desde ese punto con cualquier combinacin de discos de estado slido sdd, hdd enterprise sas de alto rendimiento o hdd midline sas de menor coste. Capaz de ofrecer un rendimiento de ms de 325 000 iops, hpe msa 2062 puede ahorrarte hasta un 32 con un conjunto de software global y una capacidad flash incluida de 3,84 tb. Es un almacenamiento flash realmente sencillo y asequible que te ayuda a conseguir un alto rendimiento y, al mismo tiempo, ceirte a los presupuestos ms exigentes. Novedades. Nueva arquitectura de almacenamiento msa de 6.\u00aa generacin con nuevas funciones de hardware y software que incluyen tiering 2.0, esquema de proteccin raid msa dp, una nueva interfaz web y gestin de datos a travs de una nueva interfaz restful. Rendimiento mejorado de cabina que proporciona ms iops, mayor ancho de banda y conectividad backend ampliada. Hasta un 45 de incremento [1] en iops, y hasta un 60 de mejora en el rendimiento secuencial frente a msa gen5 en funcin del protocolo host. Nuevo tipo de disco de grupo msa dp que incrementa la disponibilidad, reduce drsticamente los tiempos de recuperacin raid, mejora el rendimiento, simplifica la configuracin y proporciona una mayor expansin granular de los pool de discos. Solo ventajas. Aceleracin asequible de las aplicaciones. El almacenamiento hpe msa 2062 es capaz de ofrecer ms de 325 000 iops para una aceleracin asequible de la aplicacin en pymes. Ahorra un 32 en el hpe msa 2062 con el software global y una capacidad incluida de 3,84 tb ssd unidad de estado slido. Los servicios de datos \u00abset and forget\u00bb de msa no requieren un administrador de almacenamiento dedicado para su gestin. El almacenamiento hpe msa 2060 es fcil de instalar, usar y mantener, incluso para un generalista de ti. Los administradores encontrarn la nueva utilidad de gestin del almacenamiento del msa 2060 intuitiva y fcil de navegar. El motor automtico de clasificacin por niveles msa responde de forma dinmica a los cambios en las cargas de trabajo para que no tengas que ocuparte de ello, garantizando que los datos ms recientes sern trasladados a los soportes ms rpidos automticamente y en tiempo real. Aprovecha las funciones de proteccin de datos para mantener a tu empresa funcionando en caso de desastre. El almacenamiento hpe msa 2060 proporciona tecnologa de snapshot virtualizada haciendo que la proteccin de datos y la recuperacin instantnea sean muy sencillas. La replicacin remota a travs de canal de fibra fc o iscsi facilita una solucin de recuperacin ante desastres asequible. Los ssd y hdd cifrados con gestin de claves local pueden implementarse para ofrecer una cabina flash hbrida cifrada y segura. Arquitectura modular y flexible que facilita el crecimiento futuro. El almacenamiento hpe msa 2060 admite una combinacin de carcasas de expansin lff 3,5 pulg. Y sff 2,5 pulg. Para ofrecer un mximo de 9 carcasas 10 si se incluye el sistema base. Empieza poco a poco y escala segn tus necesidades con cualquier combinacin de ssd o hdd enterprise sas o midline sas.<\/p>\n","protected":false},"featured_media":224997,"comment_status":"open","ping_status":"open","template":"","meta":[],"product_cat":[1803,1804],"product_tag":[1568],"acf":[],"yoast_head":"<!-- This site is optimized with the Yoast SEO plugin v21.7 - https:\/\/yoast.com\/wordpress\/plugins\/seo\/ -->\n<title>[ Hewlett Packard Enterprise ] &#129351; R0q39a Gabienete De Discos Hpe Msa 2060 2u 12d Lff Drive Enclosure<\/title>\n<meta name=\"description\" content=\"Compra R0q39a Gabienete De Discos Hpe Msa 2060 2u 12d Lff Drive Enclosure + Env\u00edo a domicilio + Pago seguro + Garant\u00eda\" \/>\n<meta name=\"robots\" content=\"index, follow, max-snippet:-1, max-image-preview:large, max-video-preview:-1\" \/>\n<link rel=\"canonical\" href=\"https:\/\/compuviper.mx\/tienda\/producto\/hewlett-packard-enterprise-r0q39a-gabienete-de-discos-hpe-msa-2060-2u-12d-lff-drive-enclosure\/\" \/>\n<meta property=\"og:locale\" content=\"es_MX\" \/>\n<meta property=\"og:type\" content=\"article\" \/>\n<meta property=\"og:title\" content=\"[ Hewlett Packard Enterprise ] &#129351; R0q39a Gabienete De Discos Hpe Msa 2060 2u 12d Lff Drive Enclosure\" \/>\n<meta property=\"og:description\" content=\"Compra R0q39a Gabienete De Discos Hpe Msa 2060 2u 12d Lff Drive Enclosure + Env\u00edo a domicilio + Pago seguro + Garant\u00eda\" \/>\n<meta property=\"og:url\" content=\"https:\/\/compuviper.mx\/tienda\/producto\/hewlett-packard-enterprise-r0q39a-gabienete-de-discos-hpe-msa-2060-2u-12d-lff-drive-enclosure\/\" \/>\n<meta property=\"og:site_name\" content=\"Compuviper\" \/>\n<meta property=\"article:publisher\" content=\"https:\/\/www.facebook.com\/compuviper\" \/>\n<meta property=\"og:image\" content=\"https:\/\/compuviper.mx\/tienda\/wp-content\/uploads\/2023\/12\/Gabienete-de-discos-hpe-msa-2060-2u-12d-lff-drive-enclosure.jpg\" \/>\n\t<meta property=\"og:image:width\" content=\"200\" \/>\n\t<meta property=\"og:image:height\" content=\"200\" \/>\n\t<meta property=\"og:image:type\" content=\"image\/jpeg\" \/>\n<meta name=\"twitter:card\" content=\"summary_large_image\" \/>\n<meta name=\"twitter:label1\" content=\"Precio\" \/>\n\t<meta name=\"twitter:data1\" content=\"&#36;43,032 con IVA\" \/>\n\t<meta name=\"twitter:label2\" content=\"Availability\" \/>\n\t<meta name=\"twitter:data2\" content=\"On backorder\" \/>\n<script type=\"application\/ld+json\" class=\"yoast-schema-graph\">{\"@context\":\"https:\/\/schema.org\",\"@graph\":[{\"@type\":\"WebPage\",\"@id\":\"https:\/\/compuviper.mx\/tienda\/producto\/hewlett-packard-enterprise-r0q39a-gabienete-de-discos-hpe-msa-2060-2u-12d-lff-drive-enclosure\/\",\"url\":\"https:\/\/compuviper.mx\/tienda\/producto\/hewlett-packard-enterprise-r0q39a-gabienete-de-discos-hpe-msa-2060-2u-12d-lff-drive-enclosure\/\",\"name\":\"[ Hewlett Packard Enterprise ] &#129351; R0q39a Gabienete De Discos Hpe Msa 2060 2u 12d Lff Drive Enclosure\",\"isPartOf\":{\"@id\":\"https:\/\/compuviper.mx\/tienda\/#website\"},\"datePublished\":\"2026-04-17T08:01:02+00:00\",\"dateModified\":\"2026-04-17T08:01:02+00:00\",\"description\":\"Compra R0q39a Gabienete De Discos Hpe Msa 2060 2u 12d Lff Drive Enclosure + Env\u00edo a domicilio + Pago seguro + Garant\u00eda\",\"breadcrumb\":{\"@id\":\"https:\/\/compuviper.mx\/tienda\/producto\/hewlett-packard-enterprise-r0q39a-gabienete-de-discos-hpe-msa-2060-2u-12d-lff-drive-enclosure\/#breadcrumb\"},\"inLanguage\":\"es-MX\",\"potentialAction\":[{\"@type\":\"ReadAction\",\"target\":[\"https:\/\/compuviper.mx\/tienda\/producto\/hewlett-packard-enterprise-r0q39a-gabienete-de-discos-hpe-msa-2060-2u-12d-lff-drive-enclosure\/\"]}]},{\"@type\":\"BreadcrumbList\",\"@id\":\"https:\/\/compuviper.mx\/tienda\/producto\/hewlett-packard-enterprise-r0q39a-gabienete-de-discos-hpe-msa-2060-2u-12d-lff-drive-enclosure\/#breadcrumb\",\"itemListElement\":[{\"@type\":\"ListItem\",\"position\":1,\"name\":\"Inicio\",\"item\":\"https:\/\/compuviper.mx\/tienda\/\"},{\"@type\":\"ListItem\",\"position\":2,\"name\":\"Productos\",\"item\":\"https:\/\/compuviper.mx\/tienda\/productos\/\"},{\"@type\":\"ListItem\",\"position\":3,\"name\":\"Almacenamiento\",\"item\":\"https:\/\/compuviper.mx\/tienda\/categoria-producto\/almacenamiento\/\"},{\"@type\":\"ListItem\",\"position\":4,\"name\":\"Sistema De Almacenamiento\",\"item\":\"https:\/\/compuviper.mx\/tienda\/categoria-producto\/almacenamiento\/sistema-de-almacenamiento\/\"},{\"@type\":\"ListItem\",\"position\":5,\"name\":\"Hewlett Packard Enterprise R0q39a Gabienete De Discos Hpe Msa 2060 2u 12d Lff Drive Enclosure\"}]},{\"@type\":\"WebSite\",\"@id\":\"https:\/\/compuviper.mx\/tienda\/#website\",\"url\":\"https:\/\/compuviper.mx\/tienda\/\",\"name\":\"Compuviper\",\"description\":\"Proveedor de Computadoras, Laptops, Servidores, Monitores, Puntos de Venta, Teclados,   Impresoras, T\u00f3ner, C\u00e1maras de Seguridad y m\u00e1s en tu tienda en l\u00ednea\",\"publisher\":{\"@id\":\"https:\/\/compuviper.mx\/tienda\/#organization\"},\"potentialAction\":[{\"@type\":\"SearchAction\",\"target\":{\"@type\":\"EntryPoint\",\"urlTemplate\":\"https:\/\/compuviper.mx\/tienda\/?s={search_term_string}\"},\"query-input\":\"required name=search_term_string\"}],\"inLanguage\":\"es-MX\"},{\"@type\":\"Organization\",\"@id\":\"https:\/\/compuviper.mx\/tienda\/#organization\",\"name\":\"Compuviper\",\"url\":\"https:\/\/compuviper.mx\/tienda\/\",\"logo\":{\"@type\":\"ImageObject\",\"inLanguage\":\"es-MX\",\"@id\":\"https:\/\/compuviper.mx\/tienda\/#\/schema\/logo\/image\/\",\"url\":\"https:\/\/compuviper.mx\/tienda\/wp-content\/uploads\/2021\/08\/Logo-Compuviper-10.png\",\"contentUrl\":\"https:\/\/compuviper.mx\/tienda\/wp-content\/uploads\/2021\/08\/Logo-Compuviper-10.png\",\"width\":1000,\"height\":500,\"caption\":\"Compuviper\"},\"image\":{\"@id\":\"https:\/\/compuviper.mx\/tienda\/#\/schema\/logo\/image\/\"},\"sameAs\":[\"https:\/\/www.facebook.com\/compuviper\",\"https:\/\/www.youtube.com\/channel\/UCf73dERp9Y3cfOq7q8BhLjA?view_as=subscriber\"]}]}<\/script>\n<meta property=\"product:brand\" content=\"HEWLETT PACKARD ENTERPRISE\" \/>\n<meta property=\"product:price:amount\" content=\"43032\" \/>\n<meta property=\"product:price:currency\" content=\"MXN\" \/>\n<meta property=\"og:availability\" content=\"backorder\" \/>\n<meta property=\"product:availability\" content=\"available for order\" \/>\n<meta property=\"product:retailer_item_id\" content=\"R0Q39A\" \/>\n<meta property=\"product:condition\" content=\"new\" \/>\n<!-- \/ Yoast SEO plugin. -->","yoast_head_json":{"title":"[ Hewlett Packard Enterprise ] &#129351; R0q39a Gabienete De Discos Hpe Msa 2060 2u 12d Lff Drive Enclosure","description":"Compra R0q39a Gabienete De Discos Hpe Msa 2060 2u 12d Lff Drive Enclosure + Env\u00edo a domicilio + Pago seguro + Garant\u00eda","robots":{"index":"index","follow":"follow","max-snippet":"max-snippet:-1","max-image-preview":"max-image-preview:large","max-video-preview":"max-video-preview:-1"},"canonical":"https:\/\/compuviper.mx\/tienda\/producto\/hewlett-packard-enterprise-r0q39a-gabienete-de-discos-hpe-msa-2060-2u-12d-lff-drive-enclosure\/","og_locale":"es_MX","og_type":"article","og_title":"[ Hewlett Packard Enterprise ] &#129351; R0q39a Gabienete De Discos Hpe Msa 2060 2u 12d Lff Drive Enclosure","og_description":"Compra R0q39a Gabienete De Discos Hpe Msa 2060 2u 12d Lff Drive Enclosure + Env\u00edo a domicilio + Pago seguro + Garant\u00eda","og_url":"https:\/\/compuviper.mx\/tienda\/producto\/hewlett-packard-enterprise-r0q39a-gabienete-de-discos-hpe-msa-2060-2u-12d-lff-drive-enclosure\/","og_site_name":"Compuviper","article_publisher":"https:\/\/www.facebook.com\/compuviper","og_image":[{"width":200,"height":200,"url":"https:\/\/compuviper.mx\/tienda\/wp-content\/uploads\/2023\/12\/Gabienete-de-discos-hpe-msa-2060-2u-12d-lff-drive-enclosure.jpg","type":"image\/jpeg"}],"twitter_card":"summary_large_image","twitter_misc":{"Precio":"&#36;43,032 con IVA","Availability":"On backorder"},"schema":{"@context":"https:\/\/schema.org","@graph":[{"@type":"WebPage","@id":"https:\/\/compuviper.mx\/tienda\/producto\/hewlett-packard-enterprise-r0q39a-gabienete-de-discos-hpe-msa-2060-2u-12d-lff-drive-enclosure\/","url":"https:\/\/compuviper.mx\/tienda\/producto\/hewlett-packard-enterprise-r0q39a-gabienete-de-discos-hpe-msa-2060-2u-12d-lff-drive-enclosure\/","name":"[ Hewlett Packard Enterprise ] &#129351; R0q39a Gabienete De Discos Hpe Msa 2060 2u 12d Lff Drive Enclosure","isPartOf":{"@id":"https:\/\/compuviper.mx\/tienda\/#website"},"datePublished":"2026-04-17T08:01:02+00:00","dateModified":"2026-04-17T08:01:02+00:00","description":"Compra R0q39a Gabienete De Discos Hpe Msa 2060 2u 12d Lff Drive Enclosure + Env\u00edo a domicilio + Pago seguro + Garant\u00eda","breadcrumb":{"@id":"https:\/\/compuviper.mx\/tienda\/producto\/hewlett-packard-enterprise-r0q39a-gabienete-de-discos-hpe-msa-2060-2u-12d-lff-drive-enclosure\/#breadcrumb"},"inLanguage":"es-MX","potentialAction":[{"@type":"ReadAction","target":["https:\/\/compuviper.mx\/tienda\/producto\/hewlett-packard-enterprise-r0q39a-gabienete-de-discos-hpe-msa-2060-2u-12d-lff-drive-enclosure\/"]}]},{"@type":"BreadcrumbList","@id":"https:\/\/compuviper.mx\/tienda\/producto\/hewlett-packard-enterprise-r0q39a-gabienete-de-discos-hpe-msa-2060-2u-12d-lff-drive-enclosure\/#breadcrumb","itemListElement":[{"@type":"ListItem","position":1,"name":"Inicio","item":"https:\/\/compuviper.mx\/tienda\/"},{"@type":"ListItem","position":2,"name":"Productos","item":"https:\/\/compuviper.mx\/tienda\/productos\/"},{"@type":"ListItem","position":3,"name":"Almacenamiento","item":"https:\/\/compuviper.mx\/tienda\/categoria-producto\/almacenamiento\/"},{"@type":"ListItem","position":4,"name":"Sistema De Almacenamiento","item":"https:\/\/compuviper.mx\/tienda\/categoria-producto\/almacenamiento\/sistema-de-almacenamiento\/"},{"@type":"ListItem","position":5,"name":"Hewlett Packard Enterprise R0q39a Gabienete De Discos Hpe Msa 2060 2u 12d Lff Drive Enclosure"}]},{"@type":"WebSite","@id":"https:\/\/compuviper.mx\/tienda\/#website","url":"https:\/\/compuviper.mx\/tienda\/","name":"Compuviper","description":"Proveedor de Computadoras, Laptops, Servidores, Monitores, Puntos de Venta, Teclados,   Impresoras, T\u00f3ner, C\u00e1maras de Seguridad y m\u00e1s en tu tienda en l\u00ednea","publisher":{"@id":"https:\/\/compuviper.mx\/tienda\/#organization"},"potentialAction":[{"@type":"SearchAction","target":{"@type":"EntryPoint","urlTemplate":"https:\/\/compuviper.mx\/tienda\/?s={search_term_string}"},"query-input":"required name=search_term_string"}],"inLanguage":"es-MX"},{"@type":"Organization","@id":"https:\/\/compuviper.mx\/tienda\/#organization","name":"Compuviper","url":"https:\/\/compuviper.mx\/tienda\/","logo":{"@type":"ImageObject","inLanguage":"es-MX","@id":"https:\/\/compuviper.mx\/tienda\/#\/schema\/logo\/image\/","url":"https:\/\/compuviper.mx\/tienda\/wp-content\/uploads\/2021\/08\/Logo-Compuviper-10.png","contentUrl":"https:\/\/compuviper.mx\/tienda\/wp-content\/uploads\/2021\/08\/Logo-Compuviper-10.png","width":1000,"height":500,"caption":"Compuviper"},"image":{"@id":"https:\/\/compuviper.mx\/tienda\/#\/schema\/logo\/image\/"},"sameAs":["https:\/\/www.facebook.com\/compuviper","https:\/\/www.youtube.com\/channel\/UCf73dERp9Y3cfOq7q8BhLjA?view_as=subscriber"]}]},"product_brand":"HEWLETT PACKARD ENTERPRISE","product_price_amount":"43032","product_price_currency":"MXN","og_availability":"backorder","product_availability":"available for order","product_retailer_item_id":"R0Q39A","product_condition":"new"},"_links":{"self":[{"href":"https:\/\/compuviper.mx\/tienda\/wp-json\/wp\/v2\/product\/224996"}],"collection":[{"href":"https:\/\/compuviper.mx\/tienda\/wp-json\/wp\/v2\/product"}],"about":[{"href":"https:\/\/compuviper.mx\/tienda\/wp-json\/wp\/v2\/types\/product"}],"replies":[{"embeddable":true,"href":"https:\/\/compuviper.mx\/tienda\/wp-json\/wp\/v2\/comments?post=224996"}],"wp:featuredmedia":[{"embeddable":true,"href":"https:\/\/compuviper.mx\/tienda\/wp-json\/wp\/v2\/media\/224997"}],"wp:attachment":[{"href":"https:\/\/compuviper.mx\/tienda\/wp-json\/wp\/v2\/media?parent=224996"}],"wp:term":[{"taxonomy":"product_cat","embeddable":true,"href":"https:\/\/compuviper.mx\/tienda\/wp-json\/wp\/v2\/product_cat?post=224996"},{"taxonomy":"product_tag","embeddable":true,"href":"https:\/\/compuviper.mx\/tienda\/wp-json\/wp\/v2\/product_tag?post=224996"}],"curies":[{"name":"wp","href":"https:\/\/api.w.org\/{rel}","templated":true}]}}