{"id":224948,"date":"2026-04-16T01:54:44","date_gmt":"2026-04-16T07:54:44","guid":{"rendered":"https:\/\/compuviper.mx\/tienda\/producto\/hewlett-packard-enterprise-q1j09a-enclosure-hpe-d3610-lff-gen10-para-storeeasy-proliant\/"},"modified":"2026-04-16T01:54:44","modified_gmt":"2026-04-16T07:54:44","slug":"hewlett-packard-enterprise-q1j09a-enclosure-hpe-d3610-lff-gen10-para-storeeasy-proliant","status":"publish","type":"product","link":"https:\/\/compuviper.mx\/tienda\/producto\/hewlett-packard-enterprise-q1j09a-enclosure-hpe-d3610-lff-gen10-para-storeeasy-proliant\/","title":{"rendered":"Hewlett Packard Enterprise Q1j09a Enclosure Hpe D3610 Lff Gen10 Para Storeeasy \/ Proliant"},"content":{"rendered":"<table class=\"descripcion\">\n<tr>\n<td>Capacidad<\/td>\n<\/tr>\n<tr>\n<td>960 tb m\u00e1ximo<\/td>\n<\/tr>\n<tr>\n<td>Seg\u00fan la capacidad de la unidad y el formato<\/td>\n<\/tr>\n<tr>\n<td>Descripci\u00f3n de unidad<\/td>\n<\/tr>\n<tr>\n<td>25 unidades hpe sff sas\/sata en smart carriers admitidas<\/td>\n<\/tr>\n<tr>\n<td>Interfaz de host<\/td>\n<\/tr>\n<tr>\n<td>Sas de 12 gb\/s<\/td>\n<\/tr>\n<tr>\n<td>Controlador de almacenamiento<\/td>\n<\/tr>\n<tr>\n<td>Smart array e208e-p<\/td>\n<\/tr>\n<tr>\n<td>Smart array p408e-p<\/td>\n<\/tr>\n<tr>\n<td>Opciones de expansi\u00f3n de almacenamiento<\/td>\n<\/tr>\n<tr>\n<td>Hasta ocho (8) carcasas desde un solo puerto de controlador<\/td>\n<\/tr>\n<tr>\n<td>\u00bfadmite copias de seguridad san?<\/td>\n<\/tr>\n<tr>\n<td>No<\/td>\n<\/tr>\n<tr>\n<td>\u00bfadmite storage mirroring?<\/td>\n<\/tr>\n<tr>\n<td>No<\/td>\n<\/tr>\n<tr>\n<td>Soporte de systems insight manager<\/td>\n<\/tr>\n<tr>\n<td>S\u00ed<\/td>\n<\/tr>\n<tr>\n<td>Sistemas operativos compatibles<\/td>\n<\/tr>\n<tr>\n<td>Microsoft\u00ae windows\u00ae 2003<\/td>\n<\/tr>\n<tr>\n<td>Microsoft windows 2008<\/td>\n<\/tr>\n<tr>\n<td>Microsoft windows hyper-v<\/td>\n<\/tr>\n<tr>\n<td>Red hat\u00ae linux\u00ae<\/td>\n<\/tr>\n<tr>\n<td>Suse linux<\/td>\n<\/tr>\n<tr>\n<td>Vmware\u00ae<\/td>\n<\/tr>\n<tr>\n<td>Microsoft windows server\u00ae 2012 r2<\/td>\n<\/tr>\n<tr>\n<td>Formato<\/td>\n<\/tr>\n<tr>\n<td>2 u<\/td>\n<\/tr>\n<tr>\n<td>Dimensiones m\u00ednimas (p x a x l)<\/td>\n<\/tr>\n<tr>\n<td>44,8 x 54,6 x 8,7 cm<\/td>\n<\/tr>\n<tr>\n<td>Peso<\/td>\n<\/tr>\n<tr>\n<td>17,2 kg<\/td>\n<\/tr>\n<tr>\n<td>Garant\u00eda<\/td>\n<\/tr>\n<tr>\n<td>Cobertura de 3 a\u00f1os para piezas, sin mano de obra, sin soporte in situ<\/td>\n<\/tr>\n<\/table>\n","protected":false},"excerpt":{"rendered":"<p>D3610 con 12 bah\u00edas para unidades, ofrecen soluciones modulares y flexibles para simplificar la expansi\u00f3n de la capacidad de los entornos de servidores hpe proliant y hpe bladesystem con almacenamiento externo sin tener que realizar una migraci\u00f3n completa a san o nas. Esto le permite comprar lo que necesita hoy y adquirir capacidad adicional a medida que aumenten las necesidades de almacenamiento de datos. Las carcasas hpe d3000 son compatibles con hpe smartdrive carriers. \u0095 las carcasas hpe d3000 sas de 12 gb proporcionan un nivel superior de redundancia y fiabilidad, que reduce los puntos individuales de fallo dentro de la red de almacenamiento. \u0095 le ofrecen la flexibilidad que necesita para combinar unidades sas, sata y de estado s\u00f3lido en la misma carcasa. Asimismo, ampl\u00edan las ventajas del almacenamiento por niveles a sus clientes. \u0095 hpe storevirtual vsa entrega la potencia de la virtualizaci\u00f3n para crear una cabina virtual dentro de su servidor host. Gesti\u00f3nelo como un solo grupo de capacidad de almacenamiento compartido y ampl\u00edelo para responder a sus necesidades cambiantes.<\/p>\n","protected":false},"featured_media":224949,"comment_status":"open","ping_status":"open","template":"","meta":[],"product_cat":[1803,1995],"product_tag":[1568],"acf":[],"yoast_head":"<!-- This site is optimized with the Yoast SEO plugin v21.7 - https:\/\/yoast.com\/wordpress\/plugins\/seo\/ -->\n<title>[ Hewlett Packard Enterprise ] &#129351; Q1j09a Enclosure Hpe D3610 Lff Gen10 Para Storeeasy \/ Proliant<\/title>\n<meta name=\"description\" content=\"Compra Q1j09a Enclosure Hpe D3610 Lff Gen10 Para Storeeasy \/ Proliant + Env\u00edo a domicilio + Pago seguro + Garant\u00eda\" \/>\n<meta name=\"robots\" content=\"index, follow, max-snippet:-1, max-image-preview:large, max-video-preview:-1\" \/>\n<link rel=\"canonical\" href=\"https:\/\/compuviper.mx\/tienda\/producto\/hewlett-packard-enterprise-q1j09a-enclosure-hpe-d3610-lff-gen10-para-storeeasy-proliant\/\" \/>\n<meta property=\"og:locale\" content=\"es_MX\" \/>\n<meta property=\"og:type\" content=\"article\" \/>\n<meta property=\"og:title\" content=\"[ Hewlett Packard Enterprise ] &#129351; Q1j09a Enclosure Hpe D3610 Lff Gen10 Para Storeeasy \/ Proliant\" \/>\n<meta property=\"og:description\" content=\"Compra Q1j09a Enclosure Hpe D3610 Lff Gen10 Para Storeeasy \/ Proliant + Env\u00edo a domicilio + Pago seguro + Garant\u00eda\" \/>\n<meta property=\"og:url\" content=\"https:\/\/compuviper.mx\/tienda\/producto\/hewlett-packard-enterprise-q1j09a-enclosure-hpe-d3610-lff-gen10-para-storeeasy-proliant\/\" \/>\n<meta property=\"og:site_name\" content=\"Compuviper\" \/>\n<meta property=\"article:publisher\" content=\"https:\/\/www.facebook.com\/compuviper\" \/>\n<meta property=\"og:image\" content=\"https:\/\/compuviper.mx\/tienda\/wp-content\/uploads\/2023\/12\/Enclosure-hpe-d3610-lff-gen10-para-storeeasy-proliant.jpg\" \/>\n\t<meta property=\"og:image:width\" content=\"200\" \/>\n\t<meta property=\"og:image:height\" content=\"200\" \/>\n\t<meta property=\"og:image:type\" content=\"image\/jpeg\" \/>\n<meta name=\"twitter:card\" content=\"summary_large_image\" \/>\n<meta name=\"twitter:label1\" content=\"Precio\" \/>\n\t<meta name=\"twitter:data1\" content=\"&#36;33,213 con IVA\" \/>\n\t<meta name=\"twitter:label2\" content=\"Availability\" \/>\n\t<meta name=\"twitter:data2\" content=\"On backorder\" \/>\n<script type=\"application\/ld+json\" class=\"yoast-schema-graph\">{\"@context\":\"https:\/\/schema.org\",\"@graph\":[{\"@type\":\"WebPage\",\"@id\":\"https:\/\/compuviper.mx\/tienda\/producto\/hewlett-packard-enterprise-q1j09a-enclosure-hpe-d3610-lff-gen10-para-storeeasy-proliant\/\",\"url\":\"https:\/\/compuviper.mx\/tienda\/producto\/hewlett-packard-enterprise-q1j09a-enclosure-hpe-d3610-lff-gen10-para-storeeasy-proliant\/\",\"name\":\"[ Hewlett Packard Enterprise ] &#129351; Q1j09a Enclosure Hpe D3610 Lff Gen10 Para Storeeasy \/ Proliant\",\"isPartOf\":{\"@id\":\"https:\/\/compuviper.mx\/tienda\/#website\"},\"datePublished\":\"2026-04-16T07:54:44+00:00\",\"dateModified\":\"2026-04-16T07:54:44+00:00\",\"description\":\"Compra Q1j09a Enclosure Hpe D3610 Lff Gen10 Para Storeeasy \/ Proliant + Env\u00edo a domicilio + Pago seguro + Garant\u00eda\",\"breadcrumb\":{\"@id\":\"https:\/\/compuviper.mx\/tienda\/producto\/hewlett-packard-enterprise-q1j09a-enclosure-hpe-d3610-lff-gen10-para-storeeasy-proliant\/#breadcrumb\"},\"inLanguage\":\"es-MX\",\"potentialAction\":[{\"@type\":\"ReadAction\",\"target\":[\"https:\/\/compuviper.mx\/tienda\/producto\/hewlett-packard-enterprise-q1j09a-enclosure-hpe-d3610-lff-gen10-para-storeeasy-proliant\/\"]}]},{\"@type\":\"BreadcrumbList\",\"@id\":\"https:\/\/compuviper.mx\/tienda\/producto\/hewlett-packard-enterprise-q1j09a-enclosure-hpe-d3610-lff-gen10-para-storeeasy-proliant\/#breadcrumb\",\"itemListElement\":[{\"@type\":\"ListItem\",\"position\":1,\"name\":\"Inicio\",\"item\":\"https:\/\/compuviper.mx\/tienda\/\"},{\"@type\":\"ListItem\",\"position\":2,\"name\":\"Productos\",\"item\":\"https:\/\/compuviper.mx\/tienda\/productos\/\"},{\"@type\":\"ListItem\",\"position\":3,\"name\":\"Almacenamiento\",\"item\":\"https:\/\/compuviper.mx\/tienda\/categoria-producto\/almacenamiento\/\"},{\"@type\":\"ListItem\",\"position\":4,\"name\":\"Storage Masivo\",\"item\":\"https:\/\/compuviper.mx\/tienda\/categoria-producto\/almacenamiento\/storage-masivo\/\"},{\"@type\":\"ListItem\",\"position\":5,\"name\":\"Hewlett Packard Enterprise Q1j09a Enclosure Hpe D3610 Lff Gen10 Para Storeeasy \/ Proliant\"}]},{\"@type\":\"WebSite\",\"@id\":\"https:\/\/compuviper.mx\/tienda\/#website\",\"url\":\"https:\/\/compuviper.mx\/tienda\/\",\"name\":\"Compuviper\",\"description\":\"Proveedor de Computadoras, Laptops, Servidores, Monitores, Puntos de Venta, Teclados,   Impresoras, T\u00f3ner, C\u00e1maras de Seguridad y m\u00e1s en tu tienda en l\u00ednea\",\"publisher\":{\"@id\":\"https:\/\/compuviper.mx\/tienda\/#organization\"},\"potentialAction\":[{\"@type\":\"SearchAction\",\"target\":{\"@type\":\"EntryPoint\",\"urlTemplate\":\"https:\/\/compuviper.mx\/tienda\/?s={search_term_string}\"},\"query-input\":\"required name=search_term_string\"}],\"inLanguage\":\"es-MX\"},{\"@type\":\"Organization\",\"@id\":\"https:\/\/compuviper.mx\/tienda\/#organization\",\"name\":\"Compuviper\",\"url\":\"https:\/\/compuviper.mx\/tienda\/\",\"logo\":{\"@type\":\"ImageObject\",\"inLanguage\":\"es-MX\",\"@id\":\"https:\/\/compuviper.mx\/tienda\/#\/schema\/logo\/image\/\",\"url\":\"https:\/\/compuviper.mx\/tienda\/wp-content\/uploads\/2021\/08\/Logo-Compuviper-10.png\",\"contentUrl\":\"https:\/\/compuviper.mx\/tienda\/wp-content\/uploads\/2021\/08\/Logo-Compuviper-10.png\",\"width\":1000,\"height\":500,\"caption\":\"Compuviper\"},\"image\":{\"@id\":\"https:\/\/compuviper.mx\/tienda\/#\/schema\/logo\/image\/\"},\"sameAs\":[\"https:\/\/www.facebook.com\/compuviper\",\"https:\/\/www.youtube.com\/channel\/UCf73dERp9Y3cfOq7q8BhLjA?view_as=subscriber\"]}]}<\/script>\n<meta property=\"product:brand\" content=\"HEWLETT PACKARD ENTERPRISE\" \/>\n<meta property=\"product:price:amount\" content=\"33213\" \/>\n<meta property=\"product:price:currency\" content=\"MXN\" \/>\n<meta property=\"og:availability\" content=\"backorder\" \/>\n<meta property=\"product:availability\" content=\"available for order\" \/>\n<meta property=\"product:retailer_item_id\" content=\"Q1J09A\" \/>\n<meta property=\"product:condition\" content=\"new\" \/>\n<!-- \/ Yoast SEO plugin. -->","yoast_head_json":{"title":"[ Hewlett Packard Enterprise ] &#129351; Q1j09a Enclosure Hpe D3610 Lff Gen10 Para Storeeasy \/ Proliant","description":"Compra Q1j09a Enclosure Hpe D3610 Lff Gen10 Para Storeeasy \/ Proliant + Env\u00edo a domicilio + Pago seguro + Garant\u00eda","robots":{"index":"index","follow":"follow","max-snippet":"max-snippet:-1","max-image-preview":"max-image-preview:large","max-video-preview":"max-video-preview:-1"},"canonical":"https:\/\/compuviper.mx\/tienda\/producto\/hewlett-packard-enterprise-q1j09a-enclosure-hpe-d3610-lff-gen10-para-storeeasy-proliant\/","og_locale":"es_MX","og_type":"article","og_title":"[ Hewlett Packard Enterprise ] &#129351; Q1j09a Enclosure Hpe D3610 Lff Gen10 Para Storeeasy \/ Proliant","og_description":"Compra Q1j09a Enclosure Hpe D3610 Lff Gen10 Para Storeeasy \/ Proliant + Env\u00edo a domicilio + Pago seguro + Garant\u00eda","og_url":"https:\/\/compuviper.mx\/tienda\/producto\/hewlett-packard-enterprise-q1j09a-enclosure-hpe-d3610-lff-gen10-para-storeeasy-proliant\/","og_site_name":"Compuviper","article_publisher":"https:\/\/www.facebook.com\/compuviper","og_image":[{"width":200,"height":200,"url":"https:\/\/compuviper.mx\/tienda\/wp-content\/uploads\/2023\/12\/Enclosure-hpe-d3610-lff-gen10-para-storeeasy-proliant.jpg","type":"image\/jpeg"}],"twitter_card":"summary_large_image","twitter_misc":{"Precio":"&#36;33,213 con IVA","Availability":"On backorder"},"schema":{"@context":"https:\/\/schema.org","@graph":[{"@type":"WebPage","@id":"https:\/\/compuviper.mx\/tienda\/producto\/hewlett-packard-enterprise-q1j09a-enclosure-hpe-d3610-lff-gen10-para-storeeasy-proliant\/","url":"https:\/\/compuviper.mx\/tienda\/producto\/hewlett-packard-enterprise-q1j09a-enclosure-hpe-d3610-lff-gen10-para-storeeasy-proliant\/","name":"[ Hewlett Packard Enterprise ] &#129351; Q1j09a Enclosure Hpe D3610 Lff Gen10 Para Storeeasy \/ Proliant","isPartOf":{"@id":"https:\/\/compuviper.mx\/tienda\/#website"},"datePublished":"2026-04-16T07:54:44+00:00","dateModified":"2026-04-16T07:54:44+00:00","description":"Compra Q1j09a Enclosure Hpe D3610 Lff Gen10 Para Storeeasy \/ Proliant + Env\u00edo a domicilio + Pago seguro + Garant\u00eda","breadcrumb":{"@id":"https:\/\/compuviper.mx\/tienda\/producto\/hewlett-packard-enterprise-q1j09a-enclosure-hpe-d3610-lff-gen10-para-storeeasy-proliant\/#breadcrumb"},"inLanguage":"es-MX","potentialAction":[{"@type":"ReadAction","target":["https:\/\/compuviper.mx\/tienda\/producto\/hewlett-packard-enterprise-q1j09a-enclosure-hpe-d3610-lff-gen10-para-storeeasy-proliant\/"]}]},{"@type":"BreadcrumbList","@id":"https:\/\/compuviper.mx\/tienda\/producto\/hewlett-packard-enterprise-q1j09a-enclosure-hpe-d3610-lff-gen10-para-storeeasy-proliant\/#breadcrumb","itemListElement":[{"@type":"ListItem","position":1,"name":"Inicio","item":"https:\/\/compuviper.mx\/tienda\/"},{"@type":"ListItem","position":2,"name":"Productos","item":"https:\/\/compuviper.mx\/tienda\/productos\/"},{"@type":"ListItem","position":3,"name":"Almacenamiento","item":"https:\/\/compuviper.mx\/tienda\/categoria-producto\/almacenamiento\/"},{"@type":"ListItem","position":4,"name":"Storage Masivo","item":"https:\/\/compuviper.mx\/tienda\/categoria-producto\/almacenamiento\/storage-masivo\/"},{"@type":"ListItem","position":5,"name":"Hewlett Packard Enterprise Q1j09a Enclosure Hpe D3610 Lff Gen10 Para Storeeasy \/ Proliant"}]},{"@type":"WebSite","@id":"https:\/\/compuviper.mx\/tienda\/#website","url":"https:\/\/compuviper.mx\/tienda\/","name":"Compuviper","description":"Proveedor de Computadoras, Laptops, Servidores, Monitores, Puntos de Venta, Teclados,   Impresoras, T\u00f3ner, C\u00e1maras de Seguridad y m\u00e1s en tu tienda en l\u00ednea","publisher":{"@id":"https:\/\/compuviper.mx\/tienda\/#organization"},"potentialAction":[{"@type":"SearchAction","target":{"@type":"EntryPoint","urlTemplate":"https:\/\/compuviper.mx\/tienda\/?s={search_term_string}"},"query-input":"required name=search_term_string"}],"inLanguage":"es-MX"},{"@type":"Organization","@id":"https:\/\/compuviper.mx\/tienda\/#organization","name":"Compuviper","url":"https:\/\/compuviper.mx\/tienda\/","logo":{"@type":"ImageObject","inLanguage":"es-MX","@id":"https:\/\/compuviper.mx\/tienda\/#\/schema\/logo\/image\/","url":"https:\/\/compuviper.mx\/tienda\/wp-content\/uploads\/2021\/08\/Logo-Compuviper-10.png","contentUrl":"https:\/\/compuviper.mx\/tienda\/wp-content\/uploads\/2021\/08\/Logo-Compuviper-10.png","width":1000,"height":500,"caption":"Compuviper"},"image":{"@id":"https:\/\/compuviper.mx\/tienda\/#\/schema\/logo\/image\/"},"sameAs":["https:\/\/www.facebook.com\/compuviper","https:\/\/www.youtube.com\/channel\/UCf73dERp9Y3cfOq7q8BhLjA?view_as=subscriber"]}]},"product_brand":"HEWLETT PACKARD ENTERPRISE","product_price_amount":"33213","product_price_currency":"MXN","og_availability":"backorder","product_availability":"available for order","product_retailer_item_id":"Q1J09A","product_condition":"new"},"_links":{"self":[{"href":"https:\/\/compuviper.mx\/tienda\/wp-json\/wp\/v2\/product\/224948"}],"collection":[{"href":"https:\/\/compuviper.mx\/tienda\/wp-json\/wp\/v2\/product"}],"about":[{"href":"https:\/\/compuviper.mx\/tienda\/wp-json\/wp\/v2\/types\/product"}],"replies":[{"embeddable":true,"href":"https:\/\/compuviper.mx\/tienda\/wp-json\/wp\/v2\/comments?post=224948"}],"wp:featuredmedia":[{"embeddable":true,"href":"https:\/\/compuviper.mx\/tienda\/wp-json\/wp\/v2\/media\/224949"}],"wp:attachment":[{"href":"https:\/\/compuviper.mx\/tienda\/wp-json\/wp\/v2\/media?parent=224948"}],"wp:term":[{"taxonomy":"product_cat","embeddable":true,"href":"https:\/\/compuviper.mx\/tienda\/wp-json\/wp\/v2\/product_cat?post=224948"},{"taxonomy":"product_tag","embeddable":true,"href":"https:\/\/compuviper.mx\/tienda\/wp-json\/wp\/v2\/product_tag?post=224948"}],"curies":[{"name":"wp","href":"https:\/\/api.w.org\/{rel}","templated":true}]}}