{"id":224928,"date":"2026-04-02T01:58:20","date_gmt":"2026-04-02T07:58:20","guid":{"rendered":"https:\/\/compuviper.mx\/tienda\/producto\/sola-basic-isb-63-22-230-regulador-cvh-3000-va-ferroresonante-2-fases-220-volts-3\/"},"modified":"2026-04-02T01:58:20","modified_gmt":"2026-04-02T07:58:20","slug":"sola-basic-isb-63-22-230-regulador-cvh-3000-va-ferroresonante-2-fases-220-volts-3","status":"publish","type":"product","link":"https:\/\/compuviper.mx\/tienda\/producto\/sola-basic-isb-63-22-230-regulador-cvh-3000-va-ferroresonante-2-fases-220-volts-3\/","title":{"rendered":"Sola Basic Isb 63-22-230 Regulador  Cvh 3000 Va, Ferroresonante 2 Fases, 220 Volts &#8211; 3"},"content":{"rendered":"<table class=\"descripcion\">\n<tr>\n<td>Entrada: tension 220 o 440 v~ +27% -13%, sistema 2 hilos y tierra para sistemas bifasicos frecuencia: 60 + &#8211; 3 hz factor de potencia: 0.90 minimo a plena carga y a tension nominal. eficiencia: 0.90 minimo a plena carga y a tension nominal. salida: tension 220 v~, 220\/110 v + &#8211; 3%. regulacion para las variaciones de tension y frecuencia arriba indicadas y de 0 a 100% de carga. rechazo al ruido: modo comun modo transverso a) tipo computadora:   120 db   60 db caracteristicas fisicas gabinete metalico en lamina de acero color arena horneado dimensiones alto, ancho, fondo en cm: 27.3 x 31 x 70 peso: 102 kg disipacion de calor  30.6 btu. caracteristicas ambientales temperatura ambiente de operacion -20? a 50?c temperatura de almacenamiento: -20? a 70? c humeadad relativa: sin condensacion) 20% a 80 % altura maxima de operacion 2 500 m s.n.m.<\/td>\n<\/tr>\n<tr>\n<td>Nota: industrias sola basic maneja este equipo sobre pedido fabricante con tiempo de entrega de 5 a 7 semanas y se solicita 50% de anticipo al levantar el pedido.nota: disponible la misma linea cvh industrial pero bifasica con las mismas capacidades desde 750 hasta 10000va, con tension de salida de 220\/110 v~ + &#8211; 3% de la misma manera estan disponibles 2 lineas mas cvh industrial la primera con capacidades desde 250 hasta 8000va de reguladores ferrosonantes monfasicos con tension de salida a 120v~ + &#8211; 1% y la segunda bifasicos con tension de salida a 220\/ 110 v~ + &#8211; 1% sola basic isb fabrica sobre pedido cualquier capacidad que necesite hasta 120 kva como el soletron.<\/td>\n<\/tr>\n<\/table>\n","protected":false},"excerpt":{"rendered":"<p>Proteccion contra sobrecarga debido a la naturaleza ferro-resonante del regulador, la corriente de salida se autolimita protegiendo a la unidad de danos internos y haciendo innecesarias protecciones adicionales tales como fusibles e interruptores termomagneticos. En caso de corto circuito, la corriente de salida se limita al 125 &#8211; 200% de su valor nominal. El regulador puede operar en esta condicion por tiempo indefinido sin sufrir dano alguno. La simplicidad de su construccion y la no utilizacion de partes moviles dan lugar a unidades altamente confiables bajo las condiciones mas adversas de trabajo. Proteccion total de la carga el diseno de este tipo de reguladores es tal, que por ningun motivo puede entregar tensiones de salida superiores a la nominal. Esto cubre inclusive una falla interna en el regulador.<\/p>\n","protected":false},"featured_media":224929,"comment_status":"open","ping_status":"open","template":"","meta":[],"product_cat":[1508,1802],"product_tag":[1696],"acf":[],"yoast_head":"<!-- This site is optimized with the Yoast SEO plugin v21.7 - https:\/\/yoast.com\/wordpress\/plugins\/seo\/ -->\n<title>[ Sola Basic Isb ] &#129351; 63-22-230 Regulador Cvh 3000 Va, Ferroresonante 2 Fases, 220 Volts - 3<\/title>\n<meta name=\"description\" content=\"Compra 63-22-230 Regulador Cvh 3000 Va, Ferroresonante 2 Fases, 220 Volts - 3 + Env\u00edo a domicilio + Pago seguro + Garant\u00eda\" \/>\n<meta name=\"robots\" content=\"index, follow, max-snippet:-1, max-image-preview:large, max-video-preview:-1\" \/>\n<link rel=\"canonical\" href=\"https:\/\/compuviper.mx\/tienda\/producto\/sola-basic-isb-63-22-230-regulador-cvh-3000-va-ferroresonante-2-fases-220-volts-3\/\" \/>\n<meta property=\"og:locale\" content=\"es_MX\" \/>\n<meta property=\"og:type\" content=\"article\" \/>\n<meta property=\"og:title\" content=\"[ Sola Basic Isb ] &#129351; 63-22-230 Regulador Cvh 3000 Va, Ferroresonante 2 Fases, 220 Volts - 3\" \/>\n<meta property=\"og:description\" content=\"Compra 63-22-230 Regulador Cvh 3000 Va, Ferroresonante 2 Fases, 220 Volts - 3 + Env\u00edo a domicilio + Pago seguro + Garant\u00eda\" \/>\n<meta property=\"og:url\" content=\"https:\/\/compuviper.mx\/tienda\/producto\/sola-basic-isb-63-22-230-regulador-cvh-3000-va-ferroresonante-2-fases-220-volts-3\/\" \/>\n<meta property=\"og:site_name\" content=\"Compuviper\" \/>\n<meta property=\"article:publisher\" content=\"https:\/\/www.facebook.com\/compuviper\" \/>\n<meta property=\"og:image\" content=\"https:\/\/compuviper.mx\/tienda\/wp-content\/uploads\/2023\/12\/Regulador-sola-basic-isb-cvh-3000-va-ferroresonante-2-fases-220-volts-3.jpg\" \/>\n\t<meta property=\"og:image:width\" content=\"200\" \/>\n\t<meta property=\"og:image:height\" content=\"200\" \/>\n\t<meta property=\"og:image:type\" content=\"image\/jpeg\" \/>\n<meta name=\"twitter:card\" content=\"summary_large_image\" \/>\n<meta name=\"twitter:label1\" content=\"Precio\" \/>\n\t<meta name=\"twitter:data1\" content=\"&#36;11,961 con IVA\" \/>\n\t<meta name=\"twitter:label2\" content=\"Availability\" \/>\n\t<meta name=\"twitter:data2\" content=\"On backorder\" \/>\n<script type=\"application\/ld+json\" class=\"yoast-schema-graph\">{\"@context\":\"https:\/\/schema.org\",\"@graph\":[{\"@type\":\"WebPage\",\"@id\":\"https:\/\/compuviper.mx\/tienda\/producto\/sola-basic-isb-63-22-230-regulador-cvh-3000-va-ferroresonante-2-fases-220-volts-3\/\",\"url\":\"https:\/\/compuviper.mx\/tienda\/producto\/sola-basic-isb-63-22-230-regulador-cvh-3000-va-ferroresonante-2-fases-220-volts-3\/\",\"name\":\"[ Sola Basic Isb ] &#129351; 63-22-230 Regulador Cvh 3000 Va, Ferroresonante 2 Fases, 220 Volts - 3\",\"isPartOf\":{\"@id\":\"https:\/\/compuviper.mx\/tienda\/#website\"},\"datePublished\":\"2026-04-02T07:58:20+00:00\",\"dateModified\":\"2026-04-02T07:58:20+00:00\",\"description\":\"Compra 63-22-230 Regulador Cvh 3000 Va, Ferroresonante 2 Fases, 220 Volts - 3 + Env\u00edo a domicilio + Pago seguro + Garant\u00eda\",\"breadcrumb\":{\"@id\":\"https:\/\/compuviper.mx\/tienda\/producto\/sola-basic-isb-63-22-230-regulador-cvh-3000-va-ferroresonante-2-fases-220-volts-3\/#breadcrumb\"},\"inLanguage\":\"es-MX\",\"potentialAction\":[{\"@type\":\"ReadAction\",\"target\":[\"https:\/\/compuviper.mx\/tienda\/producto\/sola-basic-isb-63-22-230-regulador-cvh-3000-va-ferroresonante-2-fases-220-volts-3\/\"]}]},{\"@type\":\"BreadcrumbList\",\"@id\":\"https:\/\/compuviper.mx\/tienda\/producto\/sola-basic-isb-63-22-230-regulador-cvh-3000-va-ferroresonante-2-fases-220-volts-3\/#breadcrumb\",\"itemListElement\":[{\"@type\":\"ListItem\",\"position\":1,\"name\":\"Inicio\",\"item\":\"https:\/\/compuviper.mx\/tienda\/\"},{\"@type\":\"ListItem\",\"position\":2,\"name\":\"Productos\",\"item\":\"https:\/\/compuviper.mx\/tienda\/productos\/\"},{\"@type\":\"ListItem\",\"position\":3,\"name\":\"Energia\",\"item\":\"https:\/\/compuviper.mx\/tienda\/categoria-producto\/energia\/\"},{\"@type\":\"ListItem\",\"position\":4,\"name\":\"Regulador\",\"item\":\"https:\/\/compuviper.mx\/tienda\/categoria-producto\/energia\/regulador\/\"},{\"@type\":\"ListItem\",\"position\":5,\"name\":\"Sola Basic Isb 63-22-230 Regulador Cvh 3000 Va, Ferroresonante 2 Fases, 220 Volts &#8211; 3\"}]},{\"@type\":\"WebSite\",\"@id\":\"https:\/\/compuviper.mx\/tienda\/#website\",\"url\":\"https:\/\/compuviper.mx\/tienda\/\",\"name\":\"Compuviper\",\"description\":\"Proveedor de Computadoras, Laptops, Servidores, Monitores, Puntos de Venta, Teclados,   Impresoras, T\u00f3ner, C\u00e1maras de Seguridad y m\u00e1s en tu tienda en l\u00ednea\",\"publisher\":{\"@id\":\"https:\/\/compuviper.mx\/tienda\/#organization\"},\"potentialAction\":[{\"@type\":\"SearchAction\",\"target\":{\"@type\":\"EntryPoint\",\"urlTemplate\":\"https:\/\/compuviper.mx\/tienda\/?s={search_term_string}\"},\"query-input\":\"required name=search_term_string\"}],\"inLanguage\":\"es-MX\"},{\"@type\":\"Organization\",\"@id\":\"https:\/\/compuviper.mx\/tienda\/#organization\",\"name\":\"Compuviper\",\"url\":\"https:\/\/compuviper.mx\/tienda\/\",\"logo\":{\"@type\":\"ImageObject\",\"inLanguage\":\"es-MX\",\"@id\":\"https:\/\/compuviper.mx\/tienda\/#\/schema\/logo\/image\/\",\"url\":\"https:\/\/compuviper.mx\/tienda\/wp-content\/uploads\/2021\/08\/Logo-Compuviper-10.png\",\"contentUrl\":\"https:\/\/compuviper.mx\/tienda\/wp-content\/uploads\/2021\/08\/Logo-Compuviper-10.png\",\"width\":1000,\"height\":500,\"caption\":\"Compuviper\"},\"image\":{\"@id\":\"https:\/\/compuviper.mx\/tienda\/#\/schema\/logo\/image\/\"},\"sameAs\":[\"https:\/\/www.facebook.com\/compuviper\",\"https:\/\/www.youtube.com\/channel\/UCf73dERp9Y3cfOq7q8BhLjA?view_as=subscriber\"]}]}<\/script>\n<meta property=\"product:brand\" content=\"SOLA BASIC ISB\" \/>\n<meta property=\"product:price:amount\" content=\"11961\" \/>\n<meta property=\"product:price:currency\" content=\"MXN\" \/>\n<meta property=\"og:availability\" content=\"backorder\" \/>\n<meta property=\"product:availability\" content=\"available for order\" \/>\n<meta property=\"product:retailer_item_id\" content=\"63-22-230\" \/>\n<meta property=\"product:condition\" content=\"new\" \/>\n<!-- \/ Yoast SEO plugin. -->","yoast_head_json":{"title":"[ Sola Basic Isb ] &#129351; 63-22-230 Regulador Cvh 3000 Va, Ferroresonante 2 Fases, 220 Volts - 3","description":"Compra 63-22-230 Regulador Cvh 3000 Va, Ferroresonante 2 Fases, 220 Volts - 3 + Env\u00edo a domicilio + Pago seguro + Garant\u00eda","robots":{"index":"index","follow":"follow","max-snippet":"max-snippet:-1","max-image-preview":"max-image-preview:large","max-video-preview":"max-video-preview:-1"},"canonical":"https:\/\/compuviper.mx\/tienda\/producto\/sola-basic-isb-63-22-230-regulador-cvh-3000-va-ferroresonante-2-fases-220-volts-3\/","og_locale":"es_MX","og_type":"article","og_title":"[ Sola Basic Isb ] &#129351; 63-22-230 Regulador Cvh 3000 Va, Ferroresonante 2 Fases, 220 Volts - 3","og_description":"Compra 63-22-230 Regulador Cvh 3000 Va, Ferroresonante 2 Fases, 220 Volts - 3 + Env\u00edo a domicilio + Pago seguro + Garant\u00eda","og_url":"https:\/\/compuviper.mx\/tienda\/producto\/sola-basic-isb-63-22-230-regulador-cvh-3000-va-ferroresonante-2-fases-220-volts-3\/","og_site_name":"Compuviper","article_publisher":"https:\/\/www.facebook.com\/compuviper","og_image":[{"width":200,"height":200,"url":"https:\/\/compuviper.mx\/tienda\/wp-content\/uploads\/2023\/12\/Regulador-sola-basic-isb-cvh-3000-va-ferroresonante-2-fases-220-volts-3.jpg","type":"image\/jpeg"}],"twitter_card":"summary_large_image","twitter_misc":{"Precio":"&#36;11,961 con IVA","Availability":"On backorder"},"schema":{"@context":"https:\/\/schema.org","@graph":[{"@type":"WebPage","@id":"https:\/\/compuviper.mx\/tienda\/producto\/sola-basic-isb-63-22-230-regulador-cvh-3000-va-ferroresonante-2-fases-220-volts-3\/","url":"https:\/\/compuviper.mx\/tienda\/producto\/sola-basic-isb-63-22-230-regulador-cvh-3000-va-ferroresonante-2-fases-220-volts-3\/","name":"[ Sola Basic Isb ] &#129351; 63-22-230 Regulador Cvh 3000 Va, Ferroresonante 2 Fases, 220 Volts - 3","isPartOf":{"@id":"https:\/\/compuviper.mx\/tienda\/#website"},"datePublished":"2026-04-02T07:58:20+00:00","dateModified":"2026-04-02T07:58:20+00:00","description":"Compra 63-22-230 Regulador Cvh 3000 Va, Ferroresonante 2 Fases, 220 Volts - 3 + Env\u00edo a domicilio + Pago seguro + Garant\u00eda","breadcrumb":{"@id":"https:\/\/compuviper.mx\/tienda\/producto\/sola-basic-isb-63-22-230-regulador-cvh-3000-va-ferroresonante-2-fases-220-volts-3\/#breadcrumb"},"inLanguage":"es-MX","potentialAction":[{"@type":"ReadAction","target":["https:\/\/compuviper.mx\/tienda\/producto\/sola-basic-isb-63-22-230-regulador-cvh-3000-va-ferroresonante-2-fases-220-volts-3\/"]}]},{"@type":"BreadcrumbList","@id":"https:\/\/compuviper.mx\/tienda\/producto\/sola-basic-isb-63-22-230-regulador-cvh-3000-va-ferroresonante-2-fases-220-volts-3\/#breadcrumb","itemListElement":[{"@type":"ListItem","position":1,"name":"Inicio","item":"https:\/\/compuviper.mx\/tienda\/"},{"@type":"ListItem","position":2,"name":"Productos","item":"https:\/\/compuviper.mx\/tienda\/productos\/"},{"@type":"ListItem","position":3,"name":"Energia","item":"https:\/\/compuviper.mx\/tienda\/categoria-producto\/energia\/"},{"@type":"ListItem","position":4,"name":"Regulador","item":"https:\/\/compuviper.mx\/tienda\/categoria-producto\/energia\/regulador\/"},{"@type":"ListItem","position":5,"name":"Sola Basic Isb 63-22-230 Regulador Cvh 3000 Va, Ferroresonante 2 Fases, 220 Volts &#8211; 3"}]},{"@type":"WebSite","@id":"https:\/\/compuviper.mx\/tienda\/#website","url":"https:\/\/compuviper.mx\/tienda\/","name":"Compuviper","description":"Proveedor de Computadoras, Laptops, Servidores, Monitores, Puntos de Venta, Teclados,   Impresoras, T\u00f3ner, C\u00e1maras de Seguridad y m\u00e1s en tu tienda en l\u00ednea","publisher":{"@id":"https:\/\/compuviper.mx\/tienda\/#organization"},"potentialAction":[{"@type":"SearchAction","target":{"@type":"EntryPoint","urlTemplate":"https:\/\/compuviper.mx\/tienda\/?s={search_term_string}"},"query-input":"required name=search_term_string"}],"inLanguage":"es-MX"},{"@type":"Organization","@id":"https:\/\/compuviper.mx\/tienda\/#organization","name":"Compuviper","url":"https:\/\/compuviper.mx\/tienda\/","logo":{"@type":"ImageObject","inLanguage":"es-MX","@id":"https:\/\/compuviper.mx\/tienda\/#\/schema\/logo\/image\/","url":"https:\/\/compuviper.mx\/tienda\/wp-content\/uploads\/2021\/08\/Logo-Compuviper-10.png","contentUrl":"https:\/\/compuviper.mx\/tienda\/wp-content\/uploads\/2021\/08\/Logo-Compuviper-10.png","width":1000,"height":500,"caption":"Compuviper"},"image":{"@id":"https:\/\/compuviper.mx\/tienda\/#\/schema\/logo\/image\/"},"sameAs":["https:\/\/www.facebook.com\/compuviper","https:\/\/www.youtube.com\/channel\/UCf73dERp9Y3cfOq7q8BhLjA?view_as=subscriber"]}]},"product_brand":"SOLA BASIC ISB","product_price_amount":"11961","product_price_currency":"MXN","og_availability":"backorder","product_availability":"available for order","product_retailer_item_id":"63-22-230","product_condition":"new"},"_links":{"self":[{"href":"https:\/\/compuviper.mx\/tienda\/wp-json\/wp\/v2\/product\/224928"}],"collection":[{"href":"https:\/\/compuviper.mx\/tienda\/wp-json\/wp\/v2\/product"}],"about":[{"href":"https:\/\/compuviper.mx\/tienda\/wp-json\/wp\/v2\/types\/product"}],"replies":[{"embeddable":true,"href":"https:\/\/compuviper.mx\/tienda\/wp-json\/wp\/v2\/comments?post=224928"}],"wp:featuredmedia":[{"embeddable":true,"href":"https:\/\/compuviper.mx\/tienda\/wp-json\/wp\/v2\/media\/224929"}],"wp:attachment":[{"href":"https:\/\/compuviper.mx\/tienda\/wp-json\/wp\/v2\/media?parent=224928"}],"wp:term":[{"taxonomy":"product_cat","embeddable":true,"href":"https:\/\/compuviper.mx\/tienda\/wp-json\/wp\/v2\/product_cat?post=224928"},{"taxonomy":"product_tag","embeddable":true,"href":"https:\/\/compuviper.mx\/tienda\/wp-json\/wp\/v2\/product_tag?post=224928"}],"curies":[{"name":"wp","href":"https:\/\/api.w.org\/{rel}","templated":true}]}}