{"id":224918,"date":"2026-04-02T01:58:18","date_gmt":"2026-04-02T07:58:18","guid":{"rendered":"https:\/\/compuviper.mx\/tienda\/producto\/sola-basic-isb-63-13-240-regulador-cvh-4000-va-ferroresonante-1-fase-120-vca-3\/"},"modified":"2026-04-02T01:58:18","modified_gmt":"2026-04-02T07:58:18","slug":"sola-basic-isb-63-13-240-regulador-cvh-4000-va-ferroresonante-1-fase-120-vca-3","status":"publish","type":"product","link":"https:\/\/compuviper.mx\/tienda\/producto\/sola-basic-isb-63-13-240-regulador-cvh-4000-va-ferroresonante-1-fase-120-vca-3\/","title":{"rendered":"Sola Basic Isb 63-13-240 Regulador  Cvh 4000 Va, Ferroresonante 1 Fase 120 Vca +\/- 3%"},"content":{"rendered":"<table class=\"descripcion\">\n<tr>\n<td>Entrada: tensi\u00f3n 127 v~ +10% -25%, sistema 2 hilos y tierra para sistemas monof\u00e1sicos frecuencia: 60 \u00b1 3 hz factor de potencia: 0.90 m\u00ednimo a plena carga y a tensi\u00f3n nominal. eficiencia: 0.90 m\u00ednimo a plena carga y a tensi\u00f3n nominal. salida: tensi\u00f3n 120 v~ \u00b1 3% tablilla de conexiones para entrada y salida de tension regulaci\u00f3n para las variaciones de tensi\u00f3n y frecuencia arriba indicadas y de 0 a 100% de carga. rechazo al ruido: modo com\u00fan modo transverso a) tipo computadora:   120 db   60 db caracter\u00edsticas fisicas gabinete metalico en l\u00e1mina de acero color arena horneado dimensiones alto, ancho, fondo en cm: 27.3 x 31.0 x 62.5 peso: 95.2 kg caracter\u00edsticas ambientales temperatura ambiente de operaci\u00f3n -20\u00b0 a 50 \u00b0 c temperatura de almacenamiento: 20\u00b0 a 70 \u00b0 c humeadad relativa: sin condensaci\u00f3n) 20% a 80 % altura m\u00e1xima de operaci\u00f3n 2 500 m s.n.m. nota: disponible la misma linea cvh industrial pero bifasica con las mismas capacidades desde 750 hasta 10000va, con tension de salida de 220 v~ \u00b1 3% de la misma manera estan disponibles 2 lineas mas cvh industrial la primera con capacidades desde 250 hasta 8000va de reguladores ferrosonantes monfasicos con tension de salida a 120v~ \u00b1 1% y la segunda bifasicos con tension de salida a 220 v~ \u00b1 1% sola basic isb fabrica sobre pedido cualquier capacidad que necesite hasta 120 kva como el soletron.<\/td>\n<\/tr>\n<\/table>\n","protected":false},"excerpt":{"rendered":"<p>Protecci\u00f3n contra sobrecarga debido a la naturaleza ferro-resonante del regulador, la corriente de salida se autolimita protegiendo a la unidad de da\u00f1os internos y haciendo innecesarias protecciones adicionales tales como fusibles e interruptores termomagn\u00e9ticos. En caso de corto circuito, la corriente de salida se limita al 125 &#8211; 200% de su valor nominal. El regulador puede operar en esta condicion por tiempo indefinido sin sufrir da\u00f1o alguno. La simplicidad de su construcci\u00f3n y la no utilizaci\u00f3n de partes m\u00f3viles dan lugar a unidades altamente confiables bajo las condiciones m\u00e1s adversas de trabajo. Protecci\u00f3n total de la carga el dise\u00f1o de este tipo de reguladores es tal, que por ning\u00fan motivo puede entregar tensiones de salida superiores a la nominal. Esto cubre inclusive una falla interna en el regulador.<\/p>\n","protected":false},"featured_media":224919,"comment_status":"open","ping_status":"open","template":"","meta":[],"product_cat":[1508,1802],"product_tag":[1696],"acf":[],"yoast_head":"<!-- This site is optimized with the Yoast SEO plugin v21.7 - https:\/\/yoast.com\/wordpress\/plugins\/seo\/ -->\n<title>[ Sola Basic Isb ] &#129351; 63-13-240 Regulador Cvh 4000 Va, Ferroresonante 1 Fase 120 Vca +\/- 3%<\/title>\n<meta name=\"description\" content=\"Compra 63-13-240 Regulador Cvh 4000 Va, Ferroresonante 1 Fase 120 Vca +\/- 3% + Env\u00edo a domicilio + Pago seguro + Garant\u00eda\" \/>\n<meta name=\"robots\" content=\"index, follow, max-snippet:-1, max-image-preview:large, max-video-preview:-1\" \/>\n<link rel=\"canonical\" href=\"https:\/\/compuviper.mx\/tienda\/producto\/sola-basic-isb-63-13-240-regulador-cvh-4000-va-ferroresonante-1-fase-120-vca-3\/\" \/>\n<meta property=\"og:locale\" content=\"es_MX\" \/>\n<meta property=\"og:type\" content=\"article\" \/>\n<meta property=\"og:title\" content=\"[ Sola Basic Isb ] &#129351; 63-13-240 Regulador Cvh 4000 Va, Ferroresonante 1 Fase 120 Vca +\/- 3%\" \/>\n<meta property=\"og:description\" content=\"Compra 63-13-240 Regulador Cvh 4000 Va, Ferroresonante 1 Fase 120 Vca +\/- 3% + Env\u00edo a domicilio + Pago seguro + Garant\u00eda\" \/>\n<meta property=\"og:url\" content=\"https:\/\/compuviper.mx\/tienda\/producto\/sola-basic-isb-63-13-240-regulador-cvh-4000-va-ferroresonante-1-fase-120-vca-3\/\" \/>\n<meta property=\"og:site_name\" content=\"Compuviper\" \/>\n<meta property=\"article:publisher\" content=\"https:\/\/www.facebook.com\/compuviper\" \/>\n<meta property=\"og:image\" content=\"https:\/\/compuviper.mx\/tienda\/wp-content\/uploads\/2023\/12\/Regulador-sola-basic-isb-cvh-4000-va-ferroresonante-1-fase-120-vca-3.jpg\" \/>\n\t<meta property=\"og:image:width\" content=\"200\" \/>\n\t<meta property=\"og:image:height\" content=\"200\" \/>\n\t<meta property=\"og:image:type\" content=\"image\/jpeg\" \/>\n<meta name=\"twitter:card\" content=\"summary_large_image\" \/>\n<meta name=\"twitter:label1\" content=\"Precio\" \/>\n\t<meta name=\"twitter:data1\" content=\"&#36;15,518 con IVA\" \/>\n\t<meta name=\"twitter:label2\" content=\"Availability\" \/>\n\t<meta name=\"twitter:data2\" content=\"On backorder\" \/>\n<script type=\"application\/ld+json\" class=\"yoast-schema-graph\">{\"@context\":\"https:\/\/schema.org\",\"@graph\":[{\"@type\":\"WebPage\",\"@id\":\"https:\/\/compuviper.mx\/tienda\/producto\/sola-basic-isb-63-13-240-regulador-cvh-4000-va-ferroresonante-1-fase-120-vca-3\/\",\"url\":\"https:\/\/compuviper.mx\/tienda\/producto\/sola-basic-isb-63-13-240-regulador-cvh-4000-va-ferroresonante-1-fase-120-vca-3\/\",\"name\":\"[ Sola Basic Isb ] &#129351; 63-13-240 Regulador Cvh 4000 Va, Ferroresonante 1 Fase 120 Vca +\/- 3%\",\"isPartOf\":{\"@id\":\"https:\/\/compuviper.mx\/tienda\/#website\"},\"datePublished\":\"2026-04-02T07:58:18+00:00\",\"dateModified\":\"2026-04-02T07:58:18+00:00\",\"description\":\"Compra 63-13-240 Regulador Cvh 4000 Va, Ferroresonante 1 Fase 120 Vca +\/- 3% + Env\u00edo a domicilio + Pago seguro + Garant\u00eda\",\"breadcrumb\":{\"@id\":\"https:\/\/compuviper.mx\/tienda\/producto\/sola-basic-isb-63-13-240-regulador-cvh-4000-va-ferroresonante-1-fase-120-vca-3\/#breadcrumb\"},\"inLanguage\":\"es-MX\",\"potentialAction\":[{\"@type\":\"ReadAction\",\"target\":[\"https:\/\/compuviper.mx\/tienda\/producto\/sola-basic-isb-63-13-240-regulador-cvh-4000-va-ferroresonante-1-fase-120-vca-3\/\"]}]},{\"@type\":\"BreadcrumbList\",\"@id\":\"https:\/\/compuviper.mx\/tienda\/producto\/sola-basic-isb-63-13-240-regulador-cvh-4000-va-ferroresonante-1-fase-120-vca-3\/#breadcrumb\",\"itemListElement\":[{\"@type\":\"ListItem\",\"position\":1,\"name\":\"Inicio\",\"item\":\"https:\/\/compuviper.mx\/tienda\/\"},{\"@type\":\"ListItem\",\"position\":2,\"name\":\"Productos\",\"item\":\"https:\/\/compuviper.mx\/tienda\/productos\/\"},{\"@type\":\"ListItem\",\"position\":3,\"name\":\"Energia\",\"item\":\"https:\/\/compuviper.mx\/tienda\/categoria-producto\/energia\/\"},{\"@type\":\"ListItem\",\"position\":4,\"name\":\"Regulador\",\"item\":\"https:\/\/compuviper.mx\/tienda\/categoria-producto\/energia\/regulador\/\"},{\"@type\":\"ListItem\",\"position\":5,\"name\":\"Sola Basic Isb 63-13-240 Regulador Cvh 4000 Va, Ferroresonante 1 Fase 120 Vca +\/- 3%\"}]},{\"@type\":\"WebSite\",\"@id\":\"https:\/\/compuviper.mx\/tienda\/#website\",\"url\":\"https:\/\/compuviper.mx\/tienda\/\",\"name\":\"Compuviper\",\"description\":\"Proveedor de Computadoras, Laptops, Servidores, Monitores, Puntos de Venta, Teclados,   Impresoras, T\u00f3ner, C\u00e1maras de Seguridad y m\u00e1s en tu tienda en l\u00ednea\",\"publisher\":{\"@id\":\"https:\/\/compuviper.mx\/tienda\/#organization\"},\"potentialAction\":[{\"@type\":\"SearchAction\",\"target\":{\"@type\":\"EntryPoint\",\"urlTemplate\":\"https:\/\/compuviper.mx\/tienda\/?s={search_term_string}\"},\"query-input\":\"required name=search_term_string\"}],\"inLanguage\":\"es-MX\"},{\"@type\":\"Organization\",\"@id\":\"https:\/\/compuviper.mx\/tienda\/#organization\",\"name\":\"Compuviper\",\"url\":\"https:\/\/compuviper.mx\/tienda\/\",\"logo\":{\"@type\":\"ImageObject\",\"inLanguage\":\"es-MX\",\"@id\":\"https:\/\/compuviper.mx\/tienda\/#\/schema\/logo\/image\/\",\"url\":\"https:\/\/compuviper.mx\/tienda\/wp-content\/uploads\/2021\/08\/Logo-Compuviper-10.png\",\"contentUrl\":\"https:\/\/compuviper.mx\/tienda\/wp-content\/uploads\/2021\/08\/Logo-Compuviper-10.png\",\"width\":1000,\"height\":500,\"caption\":\"Compuviper\"},\"image\":{\"@id\":\"https:\/\/compuviper.mx\/tienda\/#\/schema\/logo\/image\/\"},\"sameAs\":[\"https:\/\/www.facebook.com\/compuviper\",\"https:\/\/www.youtube.com\/channel\/UCf73dERp9Y3cfOq7q8BhLjA?view_as=subscriber\"]}]}<\/script>\n<meta property=\"product:brand\" content=\"SOLA BASIC ISB\" \/>\n<meta property=\"product:price:amount\" content=\"15518\" \/>\n<meta property=\"product:price:currency\" content=\"MXN\" \/>\n<meta property=\"og:availability\" content=\"backorder\" \/>\n<meta property=\"product:availability\" content=\"available for order\" \/>\n<meta property=\"product:retailer_item_id\" content=\"63-13-240\" \/>\n<meta property=\"product:condition\" content=\"new\" \/>\n<!-- \/ Yoast SEO plugin. -->","yoast_head_json":{"title":"[ Sola Basic Isb ] &#129351; 63-13-240 Regulador Cvh 4000 Va, Ferroresonante 1 Fase 120 Vca +\/- 3%","description":"Compra 63-13-240 Regulador Cvh 4000 Va, Ferroresonante 1 Fase 120 Vca +\/- 3% + Env\u00edo a domicilio + Pago seguro + Garant\u00eda","robots":{"index":"index","follow":"follow","max-snippet":"max-snippet:-1","max-image-preview":"max-image-preview:large","max-video-preview":"max-video-preview:-1"},"canonical":"https:\/\/compuviper.mx\/tienda\/producto\/sola-basic-isb-63-13-240-regulador-cvh-4000-va-ferroresonante-1-fase-120-vca-3\/","og_locale":"es_MX","og_type":"article","og_title":"[ Sola Basic Isb ] &#129351; 63-13-240 Regulador Cvh 4000 Va, Ferroresonante 1 Fase 120 Vca +\/- 3%","og_description":"Compra 63-13-240 Regulador Cvh 4000 Va, Ferroresonante 1 Fase 120 Vca +\/- 3% + Env\u00edo a domicilio + Pago seguro + Garant\u00eda","og_url":"https:\/\/compuviper.mx\/tienda\/producto\/sola-basic-isb-63-13-240-regulador-cvh-4000-va-ferroresonante-1-fase-120-vca-3\/","og_site_name":"Compuviper","article_publisher":"https:\/\/www.facebook.com\/compuviper","og_image":[{"width":200,"height":200,"url":"https:\/\/compuviper.mx\/tienda\/wp-content\/uploads\/2023\/12\/Regulador-sola-basic-isb-cvh-4000-va-ferroresonante-1-fase-120-vca-3.jpg","type":"image\/jpeg"}],"twitter_card":"summary_large_image","twitter_misc":{"Precio":"&#36;15,518 con IVA","Availability":"On backorder"},"schema":{"@context":"https:\/\/schema.org","@graph":[{"@type":"WebPage","@id":"https:\/\/compuviper.mx\/tienda\/producto\/sola-basic-isb-63-13-240-regulador-cvh-4000-va-ferroresonante-1-fase-120-vca-3\/","url":"https:\/\/compuviper.mx\/tienda\/producto\/sola-basic-isb-63-13-240-regulador-cvh-4000-va-ferroresonante-1-fase-120-vca-3\/","name":"[ Sola Basic Isb ] &#129351; 63-13-240 Regulador Cvh 4000 Va, Ferroresonante 1 Fase 120 Vca +\/- 3%","isPartOf":{"@id":"https:\/\/compuviper.mx\/tienda\/#website"},"datePublished":"2026-04-02T07:58:18+00:00","dateModified":"2026-04-02T07:58:18+00:00","description":"Compra 63-13-240 Regulador Cvh 4000 Va, Ferroresonante 1 Fase 120 Vca +\/- 3% + Env\u00edo a domicilio + Pago seguro + Garant\u00eda","breadcrumb":{"@id":"https:\/\/compuviper.mx\/tienda\/producto\/sola-basic-isb-63-13-240-regulador-cvh-4000-va-ferroresonante-1-fase-120-vca-3\/#breadcrumb"},"inLanguage":"es-MX","potentialAction":[{"@type":"ReadAction","target":["https:\/\/compuviper.mx\/tienda\/producto\/sola-basic-isb-63-13-240-regulador-cvh-4000-va-ferroresonante-1-fase-120-vca-3\/"]}]},{"@type":"BreadcrumbList","@id":"https:\/\/compuviper.mx\/tienda\/producto\/sola-basic-isb-63-13-240-regulador-cvh-4000-va-ferroresonante-1-fase-120-vca-3\/#breadcrumb","itemListElement":[{"@type":"ListItem","position":1,"name":"Inicio","item":"https:\/\/compuviper.mx\/tienda\/"},{"@type":"ListItem","position":2,"name":"Productos","item":"https:\/\/compuviper.mx\/tienda\/productos\/"},{"@type":"ListItem","position":3,"name":"Energia","item":"https:\/\/compuviper.mx\/tienda\/categoria-producto\/energia\/"},{"@type":"ListItem","position":4,"name":"Regulador","item":"https:\/\/compuviper.mx\/tienda\/categoria-producto\/energia\/regulador\/"},{"@type":"ListItem","position":5,"name":"Sola Basic Isb 63-13-240 Regulador Cvh 4000 Va, Ferroresonante 1 Fase 120 Vca +\/- 3%"}]},{"@type":"WebSite","@id":"https:\/\/compuviper.mx\/tienda\/#website","url":"https:\/\/compuviper.mx\/tienda\/","name":"Compuviper","description":"Proveedor de Computadoras, Laptops, Servidores, Monitores, Puntos de Venta, Teclados,   Impresoras, T\u00f3ner, C\u00e1maras de Seguridad y m\u00e1s en tu tienda en l\u00ednea","publisher":{"@id":"https:\/\/compuviper.mx\/tienda\/#organization"},"potentialAction":[{"@type":"SearchAction","target":{"@type":"EntryPoint","urlTemplate":"https:\/\/compuviper.mx\/tienda\/?s={search_term_string}"},"query-input":"required name=search_term_string"}],"inLanguage":"es-MX"},{"@type":"Organization","@id":"https:\/\/compuviper.mx\/tienda\/#organization","name":"Compuviper","url":"https:\/\/compuviper.mx\/tienda\/","logo":{"@type":"ImageObject","inLanguage":"es-MX","@id":"https:\/\/compuviper.mx\/tienda\/#\/schema\/logo\/image\/","url":"https:\/\/compuviper.mx\/tienda\/wp-content\/uploads\/2021\/08\/Logo-Compuviper-10.png","contentUrl":"https:\/\/compuviper.mx\/tienda\/wp-content\/uploads\/2021\/08\/Logo-Compuviper-10.png","width":1000,"height":500,"caption":"Compuviper"},"image":{"@id":"https:\/\/compuviper.mx\/tienda\/#\/schema\/logo\/image\/"},"sameAs":["https:\/\/www.facebook.com\/compuviper","https:\/\/www.youtube.com\/channel\/UCf73dERp9Y3cfOq7q8BhLjA?view_as=subscriber"]}]},"product_brand":"SOLA BASIC ISB","product_price_amount":"15518","product_price_currency":"MXN","og_availability":"backorder","product_availability":"available for order","product_retailer_item_id":"63-13-240","product_condition":"new"},"_links":{"self":[{"href":"https:\/\/compuviper.mx\/tienda\/wp-json\/wp\/v2\/product\/224918"}],"collection":[{"href":"https:\/\/compuviper.mx\/tienda\/wp-json\/wp\/v2\/product"}],"about":[{"href":"https:\/\/compuviper.mx\/tienda\/wp-json\/wp\/v2\/types\/product"}],"replies":[{"embeddable":true,"href":"https:\/\/compuviper.mx\/tienda\/wp-json\/wp\/v2\/comments?post=224918"}],"wp:featuredmedia":[{"embeddable":true,"href":"https:\/\/compuviper.mx\/tienda\/wp-json\/wp\/v2\/media\/224919"}],"wp:attachment":[{"href":"https:\/\/compuviper.mx\/tienda\/wp-json\/wp\/v2\/media?parent=224918"}],"wp:term":[{"taxonomy":"product_cat","embeddable":true,"href":"https:\/\/compuviper.mx\/tienda\/wp-json\/wp\/v2\/product_cat?post=224918"},{"taxonomy":"product_tag","embeddable":true,"href":"https:\/\/compuviper.mx\/tienda\/wp-json\/wp\/v2\/product_tag?post=224918"}],"curies":[{"name":"wp","href":"https:\/\/api.w.org\/{rel}","templated":true}]}}