{"id":224900,"date":"2026-04-02T01:58:13","date_gmt":"2026-04-02T07:58:13","guid":{"rendered":"https:\/\/compuviper.mx\/tienda\/producto\/sola-basic-isb-15-81-120-8000-corrector-de-voltaje-8000-va\/"},"modified":"2026-04-02T01:58:13","modified_gmt":"2026-04-02T07:58:13","slug":"sola-basic-isb-15-81-120-8000-corrector-de-voltaje-8000-va","status":"publish","type":"product","link":"https:\/\/compuviper.mx\/tienda\/producto\/sola-basic-isb-15-81-120-8000-corrector-de-voltaje-8000-va\/","title":{"rendered":"Sola Basic Isb 15-81-120-8000 Corrector De Voltaje  8000 Va"},"content":{"rendered":"<table class=\"descripcion\">\n<tr>\n<td>Gabinete construido en l\u00e1mina de acero de gran robustez mec\u00e1nica, con acabado en pintura especial a prueba de intemperie, tablilla de conexiones para entrada y salida en ambas capacidades, cuenta con soporte para montaje en pared, indicadores luminosos de operaci\u00f3n en la parte frontal del equipo, modelo 8kva, ancho a 38,0 cm, fondo b 24,0 cm, altura c 29,2 cm, peso 18,9 kg, especificaciones el\u00e9ctricas; entrada, voltaje de entrada 127v~+15, 7% -33% (85 a 147 v~), frecuencia de entrada 60\u00b1 3 hz, sistema monof\u00e1sico 4kva(4000 va)\/ 8 kva(8000 va), factor potencia 0,98 m\u00ednimo, eficiencia 99%, salida, voltaje de salida 102 a 129 v~<\/td>\n<\/tr>\n<\/table>\n","protected":false},"excerpt":{"rendered":"<p>El corrector de voltaje; es un dispositivo electromagn\u00e9tico que consiste en un transformador de potencia y un circuito electr\u00f3nico de control, el equipo est\u00e1 operado por un microcontrolador que da como resultado un producto muy confiable, eficiente, r\u00e1pido y de alta precisi\u00f3n en su operaci\u00f3n. Construido con los mejores materiales y un proceso de manufactura muy especializado, un equipo que puede operar ininterrumpidamente por mucho tiempo y que no requiere mantenimiento. El corrector de voltaje est\u00e1 dise\u00f1ado para mantener un voltaje estable en una instalaci\u00f3n el\u00e9ctrica del tipo usado en casa habitaci\u00f3n. El corrector de voltaje provee un voltaje adecuado para alimentar refrigeradores, lavadoras, alumbrado, equipo de bombeo, planchas, aire acondicionado y todos los equipos que tiene en su instalaci\u00f3n el\u00e9ctrica, a\u00fan en l\u00edneas tan bajas como 87 v~ y desde una operaci\u00f3n sin carga hasta 60 a para el modelo 8000 va.<\/p>\n","protected":false},"featured_media":224901,"comment_status":"open","ping_status":"open","template":"","meta":[],"product_cat":[1508,1802],"product_tag":[1696],"acf":[],"yoast_head":"<!-- This site is optimized with the Yoast SEO plugin v21.7 - https:\/\/yoast.com\/wordpress\/plugins\/seo\/ -->\n<title>[ Sola Basic Isb ] &#129351; 15-81-120-8000 Corrector De Voltaje 8000 Va<\/title>\n<meta name=\"description\" content=\"Compra 15-81-120-8000 Corrector De Voltaje 8000 Va + Env\u00edo a domicilio + Pago seguro + Garant\u00eda\" \/>\n<meta name=\"robots\" content=\"index, follow, max-snippet:-1, max-image-preview:large, max-video-preview:-1\" \/>\n<link rel=\"canonical\" href=\"https:\/\/compuviper.mx\/tienda\/producto\/sola-basic-isb-15-81-120-8000-corrector-de-voltaje-8000-va\/\" \/>\n<meta property=\"og:locale\" content=\"es_MX\" \/>\n<meta property=\"og:type\" content=\"article\" \/>\n<meta property=\"og:title\" content=\"[ Sola Basic Isb ] &#129351; 15-81-120-8000 Corrector De Voltaje 8000 Va\" \/>\n<meta property=\"og:description\" content=\"Compra 15-81-120-8000 Corrector De Voltaje 8000 Va + Env\u00edo a domicilio + Pago seguro + Garant\u00eda\" \/>\n<meta property=\"og:url\" content=\"https:\/\/compuviper.mx\/tienda\/producto\/sola-basic-isb-15-81-120-8000-corrector-de-voltaje-8000-va\/\" \/>\n<meta property=\"og:site_name\" content=\"Compuviper\" \/>\n<meta property=\"article:publisher\" content=\"https:\/\/www.facebook.com\/compuviper\" \/>\n<meta property=\"og:image\" content=\"https:\/\/compuviper.mx\/tienda\/wp-content\/uploads\/2023\/12\/Corrector-de-voltaje-sola-basic-isb-8000-va.jpg\" \/>\n\t<meta property=\"og:image:width\" content=\"200\" \/>\n\t<meta property=\"og:image:height\" content=\"200\" \/>\n\t<meta property=\"og:image:type\" content=\"image\/jpeg\" \/>\n<meta name=\"twitter:card\" content=\"summary_large_image\" \/>\n<meta name=\"twitter:label1\" content=\"Precio\" \/>\n\t<meta name=\"twitter:data1\" content=\"&#36;5,196 con IVA\" \/>\n\t<meta name=\"twitter:label2\" content=\"Availability\" \/>\n\t<meta name=\"twitter:data2\" content=\"Out of stock\" \/>\n<script type=\"application\/ld+json\" class=\"yoast-schema-graph\">{\"@context\":\"https:\/\/schema.org\",\"@graph\":[{\"@type\":\"WebPage\",\"@id\":\"https:\/\/compuviper.mx\/tienda\/producto\/sola-basic-isb-15-81-120-8000-corrector-de-voltaje-8000-va\/\",\"url\":\"https:\/\/compuviper.mx\/tienda\/producto\/sola-basic-isb-15-81-120-8000-corrector-de-voltaje-8000-va\/\",\"name\":\"[ Sola Basic Isb ] &#129351; 15-81-120-8000 Corrector De Voltaje 8000 Va\",\"isPartOf\":{\"@id\":\"https:\/\/compuviper.mx\/tienda\/#website\"},\"datePublished\":\"2026-04-02T07:58:13+00:00\",\"dateModified\":\"2026-04-02T07:58:13+00:00\",\"description\":\"Compra 15-81-120-8000 Corrector De Voltaje 8000 Va + Env\u00edo a domicilio + Pago seguro + Garant\u00eda\",\"breadcrumb\":{\"@id\":\"https:\/\/compuviper.mx\/tienda\/producto\/sola-basic-isb-15-81-120-8000-corrector-de-voltaje-8000-va\/#breadcrumb\"},\"inLanguage\":\"es-MX\",\"potentialAction\":[{\"@type\":\"ReadAction\",\"target\":[\"https:\/\/compuviper.mx\/tienda\/producto\/sola-basic-isb-15-81-120-8000-corrector-de-voltaje-8000-va\/\"]}]},{\"@type\":\"BreadcrumbList\",\"@id\":\"https:\/\/compuviper.mx\/tienda\/producto\/sola-basic-isb-15-81-120-8000-corrector-de-voltaje-8000-va\/#breadcrumb\",\"itemListElement\":[{\"@type\":\"ListItem\",\"position\":1,\"name\":\"Inicio\",\"item\":\"https:\/\/compuviper.mx\/tienda\/\"},{\"@type\":\"ListItem\",\"position\":2,\"name\":\"Productos\",\"item\":\"https:\/\/compuviper.mx\/tienda\/productos\/\"},{\"@type\":\"ListItem\",\"position\":3,\"name\":\"Energia\",\"item\":\"https:\/\/compuviper.mx\/tienda\/categoria-producto\/energia\/\"},{\"@type\":\"ListItem\",\"position\":4,\"name\":\"Regulador\",\"item\":\"https:\/\/compuviper.mx\/tienda\/categoria-producto\/energia\/regulador\/\"},{\"@type\":\"ListItem\",\"position\":5,\"name\":\"Sola Basic Isb 15-81-120-8000 Corrector De Voltaje 8000 Va\"}]},{\"@type\":\"WebSite\",\"@id\":\"https:\/\/compuviper.mx\/tienda\/#website\",\"url\":\"https:\/\/compuviper.mx\/tienda\/\",\"name\":\"Compuviper\",\"description\":\"Proveedor de Computadoras, Laptops, Servidores, Monitores, Puntos de Venta, Teclados,   Impresoras, T\u00f3ner, C\u00e1maras de Seguridad y m\u00e1s en tu tienda en l\u00ednea\",\"publisher\":{\"@id\":\"https:\/\/compuviper.mx\/tienda\/#organization\"},\"potentialAction\":[{\"@type\":\"SearchAction\",\"target\":{\"@type\":\"EntryPoint\",\"urlTemplate\":\"https:\/\/compuviper.mx\/tienda\/?s={search_term_string}\"},\"query-input\":\"required name=search_term_string\"}],\"inLanguage\":\"es-MX\"},{\"@type\":\"Organization\",\"@id\":\"https:\/\/compuviper.mx\/tienda\/#organization\",\"name\":\"Compuviper\",\"url\":\"https:\/\/compuviper.mx\/tienda\/\",\"logo\":{\"@type\":\"ImageObject\",\"inLanguage\":\"es-MX\",\"@id\":\"https:\/\/compuviper.mx\/tienda\/#\/schema\/logo\/image\/\",\"url\":\"https:\/\/compuviper.mx\/tienda\/wp-content\/uploads\/2021\/08\/Logo-Compuviper-10.png\",\"contentUrl\":\"https:\/\/compuviper.mx\/tienda\/wp-content\/uploads\/2021\/08\/Logo-Compuviper-10.png\",\"width\":1000,\"height\":500,\"caption\":\"Compuviper\"},\"image\":{\"@id\":\"https:\/\/compuviper.mx\/tienda\/#\/schema\/logo\/image\/\"},\"sameAs\":[\"https:\/\/www.facebook.com\/compuviper\",\"https:\/\/www.youtube.com\/channel\/UCf73dERp9Y3cfOq7q8BhLjA?view_as=subscriber\"]}]}<\/script>\n<meta property=\"product:brand\" content=\"SOLA BASIC ISB\" \/>\n<meta property=\"product:price:amount\" content=\"5196\" \/>\n<meta property=\"product:price:currency\" content=\"MXN\" \/>\n<meta property=\"og:availability\" content=\"out of stock\" \/>\n<meta property=\"product:availability\" content=\"out of stock\" \/>\n<meta property=\"product:retailer_item_id\" content=\"15-81-120-8000\" \/>\n<meta property=\"product:condition\" content=\"new\" \/>\n<!-- \/ Yoast SEO plugin. -->","yoast_head_json":{"title":"[ Sola Basic Isb ] &#129351; 15-81-120-8000 Corrector De Voltaje 8000 Va","description":"Compra 15-81-120-8000 Corrector De Voltaje 8000 Va + Env\u00edo a domicilio + Pago seguro + Garant\u00eda","robots":{"index":"index","follow":"follow","max-snippet":"max-snippet:-1","max-image-preview":"max-image-preview:large","max-video-preview":"max-video-preview:-1"},"canonical":"https:\/\/compuviper.mx\/tienda\/producto\/sola-basic-isb-15-81-120-8000-corrector-de-voltaje-8000-va\/","og_locale":"es_MX","og_type":"article","og_title":"[ Sola Basic Isb ] &#129351; 15-81-120-8000 Corrector De Voltaje 8000 Va","og_description":"Compra 15-81-120-8000 Corrector De Voltaje 8000 Va + Env\u00edo a domicilio + Pago seguro + Garant\u00eda","og_url":"https:\/\/compuviper.mx\/tienda\/producto\/sola-basic-isb-15-81-120-8000-corrector-de-voltaje-8000-va\/","og_site_name":"Compuviper","article_publisher":"https:\/\/www.facebook.com\/compuviper","og_image":[{"width":200,"height":200,"url":"https:\/\/compuviper.mx\/tienda\/wp-content\/uploads\/2023\/12\/Corrector-de-voltaje-sola-basic-isb-8000-va.jpg","type":"image\/jpeg"}],"twitter_card":"summary_large_image","twitter_misc":{"Precio":"&#36;5,196 con IVA","Availability":"Out of stock"},"schema":{"@context":"https:\/\/schema.org","@graph":[{"@type":"WebPage","@id":"https:\/\/compuviper.mx\/tienda\/producto\/sola-basic-isb-15-81-120-8000-corrector-de-voltaje-8000-va\/","url":"https:\/\/compuviper.mx\/tienda\/producto\/sola-basic-isb-15-81-120-8000-corrector-de-voltaje-8000-va\/","name":"[ Sola Basic Isb ] &#129351; 15-81-120-8000 Corrector De Voltaje 8000 Va","isPartOf":{"@id":"https:\/\/compuviper.mx\/tienda\/#website"},"datePublished":"2026-04-02T07:58:13+00:00","dateModified":"2026-04-02T07:58:13+00:00","description":"Compra 15-81-120-8000 Corrector De Voltaje 8000 Va + Env\u00edo a domicilio + Pago seguro + Garant\u00eda","breadcrumb":{"@id":"https:\/\/compuviper.mx\/tienda\/producto\/sola-basic-isb-15-81-120-8000-corrector-de-voltaje-8000-va\/#breadcrumb"},"inLanguage":"es-MX","potentialAction":[{"@type":"ReadAction","target":["https:\/\/compuviper.mx\/tienda\/producto\/sola-basic-isb-15-81-120-8000-corrector-de-voltaje-8000-va\/"]}]},{"@type":"BreadcrumbList","@id":"https:\/\/compuviper.mx\/tienda\/producto\/sola-basic-isb-15-81-120-8000-corrector-de-voltaje-8000-va\/#breadcrumb","itemListElement":[{"@type":"ListItem","position":1,"name":"Inicio","item":"https:\/\/compuviper.mx\/tienda\/"},{"@type":"ListItem","position":2,"name":"Productos","item":"https:\/\/compuviper.mx\/tienda\/productos\/"},{"@type":"ListItem","position":3,"name":"Energia","item":"https:\/\/compuviper.mx\/tienda\/categoria-producto\/energia\/"},{"@type":"ListItem","position":4,"name":"Regulador","item":"https:\/\/compuviper.mx\/tienda\/categoria-producto\/energia\/regulador\/"},{"@type":"ListItem","position":5,"name":"Sola Basic Isb 15-81-120-8000 Corrector De Voltaje 8000 Va"}]},{"@type":"WebSite","@id":"https:\/\/compuviper.mx\/tienda\/#website","url":"https:\/\/compuviper.mx\/tienda\/","name":"Compuviper","description":"Proveedor de Computadoras, Laptops, Servidores, Monitores, Puntos de Venta, Teclados,   Impresoras, T\u00f3ner, C\u00e1maras de Seguridad y m\u00e1s en tu tienda en l\u00ednea","publisher":{"@id":"https:\/\/compuviper.mx\/tienda\/#organization"},"potentialAction":[{"@type":"SearchAction","target":{"@type":"EntryPoint","urlTemplate":"https:\/\/compuviper.mx\/tienda\/?s={search_term_string}"},"query-input":"required name=search_term_string"}],"inLanguage":"es-MX"},{"@type":"Organization","@id":"https:\/\/compuviper.mx\/tienda\/#organization","name":"Compuviper","url":"https:\/\/compuviper.mx\/tienda\/","logo":{"@type":"ImageObject","inLanguage":"es-MX","@id":"https:\/\/compuviper.mx\/tienda\/#\/schema\/logo\/image\/","url":"https:\/\/compuviper.mx\/tienda\/wp-content\/uploads\/2021\/08\/Logo-Compuviper-10.png","contentUrl":"https:\/\/compuviper.mx\/tienda\/wp-content\/uploads\/2021\/08\/Logo-Compuviper-10.png","width":1000,"height":500,"caption":"Compuviper"},"image":{"@id":"https:\/\/compuviper.mx\/tienda\/#\/schema\/logo\/image\/"},"sameAs":["https:\/\/www.facebook.com\/compuviper","https:\/\/www.youtube.com\/channel\/UCf73dERp9Y3cfOq7q8BhLjA?view_as=subscriber"]}]},"product_brand":"SOLA BASIC ISB","product_price_amount":"5196","product_price_currency":"MXN","og_availability":"out of stock","product_availability":"out of stock","product_retailer_item_id":"15-81-120-8000","product_condition":"new"},"_links":{"self":[{"href":"https:\/\/compuviper.mx\/tienda\/wp-json\/wp\/v2\/product\/224900"}],"collection":[{"href":"https:\/\/compuviper.mx\/tienda\/wp-json\/wp\/v2\/product"}],"about":[{"href":"https:\/\/compuviper.mx\/tienda\/wp-json\/wp\/v2\/types\/product"}],"replies":[{"embeddable":true,"href":"https:\/\/compuviper.mx\/tienda\/wp-json\/wp\/v2\/comments?post=224900"}],"wp:featuredmedia":[{"embeddable":true,"href":"https:\/\/compuviper.mx\/tienda\/wp-json\/wp\/v2\/media\/224901"}],"wp:attachment":[{"href":"https:\/\/compuviper.mx\/tienda\/wp-json\/wp\/v2\/media?parent=224900"}],"wp:term":[{"taxonomy":"product_cat","embeddable":true,"href":"https:\/\/compuviper.mx\/tienda\/wp-json\/wp\/v2\/product_cat?post=224900"},{"taxonomy":"product_tag","embeddable":true,"href":"https:\/\/compuviper.mx\/tienda\/wp-json\/wp\/v2\/product_tag?post=224900"}],"curies":[{"name":"wp","href":"https:\/\/api.w.org\/{rel}","templated":true}]}}