{"id":224896,"date":"2026-04-02T01:58:12","date_gmt":"2026-04-02T07:58:12","guid":{"rendered":"https:\/\/compuviper.mx\/tienda\/producto\/sola-basic-isb-cvr-2500-ee-regulador-de-voltaje-para-refrigeradores-lavadoras-sola-basic-cvr-2500va-1500w-1-contacto\/"},"modified":"2026-04-02T01:58:12","modified_gmt":"2026-04-02T07:58:12","slug":"sola-basic-isb-cvr-2500-ee-regulador-de-voltaje-para-refrigeradores-lavadoras-sola-basic-cvr-2500va-1500w-1-contacto","status":"publish","type":"product","link":"https:\/\/compuviper.mx\/tienda\/producto\/sola-basic-isb-cvr-2500-ee-regulador-de-voltaje-para-refrigeradores-lavadoras-sola-basic-cvr-2500va-1500w-1-contacto\/","title":{"rendered":"Sola Basic Isb Cvr-2500 Ee Regulador De Voltaje Para Refrigeradores, Lavadoras, Sola Basic Cvr-2500va\/1500w, 1 Contacto"},"content":{"rendered":"<table class=\"descripcion\">\n<tr>\n<td>Modelo 2500, motor (hp) 2 hp m\u00e1ximo, capacidad 2500 va (1500 w) entrada, tensi\u00f3n 127v~, 60 hz, rango de operaci\u00f3n80 80 &#8211; 140v~, fusible de operaci\u00f3n 20\u00aa, salida tensi\u00f3n 104- 127 v~ , corriente m\u00e1xima 13,0 a, caracter\u00edsticas m\u00e9canicas por modelo; modelo 2500, ancho a 12 cm , fondo b 18 cm, altura c 14 cm, peso 5,46 kg, ideal para; refrigeradores dom\u00e9sticos y comerciales, lavadoras y secadoras, hornos de microondas, equipos de aire acondicionado y bombeo, tinas de hidromasaje, fotocopiadora.<\/td>\n<\/tr>\n<\/table>\n","protected":false},"excerpt":{"rendered":"<p>Compensador de voltaje cvr es un regulador autom\u00e1tico dise\u00f1ado especialmente para mantener niveles \u00f3ptimos de voltaje para aquellos equipos que inclusive utilicen un motor de corriente alterna que est\u00e1n dentro de la capacidad del compensador; protegi\u00e9ndolos contra las variaciones severas de tensi\u00f3n del sistema de suminisro el\u00e9ctrico.El cvr lleva a cabo su funcionamiento mediante dos pasos de elevaci\u00f3n y uno de reducci\u00f3n del voltaje de entrada. Esto se realiza por medio de un autotransformador y un circuito de control que mantienen el voltaje de salida en los niveles seguros para la correcta operaci\u00f3n de sus equipos.<\/p>\n","protected":false},"featured_media":224897,"comment_status":"open","ping_status":"open","template":"","meta":[],"product_cat":[1508,1802],"product_tag":[1696],"acf":[],"yoast_head":"<!-- This site is optimized with the Yoast SEO plugin v21.7 - https:\/\/yoast.com\/wordpress\/plugins\/seo\/ -->\n<title>[ Sola Basic Isb ] &#129351; Cvr-2500 Ee Regulador De Voltaje Para Refrigeradores, Lavadoras, Sola Basic Cvr-2500va\/1500w, 1 Contacto<\/title>\n<meta name=\"description\" content=\"Compra Cvr-2500 Ee Regulador De Voltaje Para Refrigeradores, Lavadoras, Sola Basic Cvr-2500va\/1500w, 1 Contacto + Env\u00edo a domicilio + Pago seguro + Garant\u00eda\" \/>\n<meta name=\"robots\" content=\"index, follow, max-snippet:-1, max-image-preview:large, max-video-preview:-1\" \/>\n<link rel=\"canonical\" href=\"https:\/\/compuviper.mx\/tienda\/producto\/sola-basic-isb-cvr-2500-ee-regulador-de-voltaje-para-refrigeradores-lavadoras-sola-basic-cvr-2500va-1500w-1-contacto\/\" \/>\n<meta property=\"og:locale\" content=\"es_MX\" \/>\n<meta property=\"og:type\" content=\"article\" \/>\n<meta property=\"og:title\" content=\"[ Sola Basic Isb ] &#129351; Cvr-2500 Ee Regulador De Voltaje Para Refrigeradores, Lavadoras, Sola Basic Cvr-2500va\/1500w, 1 Contacto\" \/>\n<meta property=\"og:description\" content=\"Compra Cvr-2500 Ee Regulador De Voltaje Para Refrigeradores, Lavadoras, Sola Basic Cvr-2500va\/1500w, 1 Contacto + Env\u00edo a domicilio + Pago seguro + Garant\u00eda\" \/>\n<meta property=\"og:url\" content=\"https:\/\/compuviper.mx\/tienda\/producto\/sola-basic-isb-cvr-2500-ee-regulador-de-voltaje-para-refrigeradores-lavadoras-sola-basic-cvr-2500va-1500w-1-contacto\/\" \/>\n<meta property=\"og:site_name\" content=\"Compuviper\" \/>\n<meta property=\"article:publisher\" content=\"https:\/\/www.facebook.com\/compuviper\" \/>\n<meta property=\"og:image\" content=\"https:\/\/compuviper.mx\/tienda\/wp-content\/uploads\/2023\/12\/Regulador-de-voltaje-para-refrigeradores-lavadoras-sola-basic-cvr-2500va1500w-1-contacto.jpg\" \/>\n\t<meta property=\"og:image:width\" content=\"200\" \/>\n\t<meta property=\"og:image:height\" content=\"200\" \/>\n\t<meta property=\"og:image:type\" content=\"image\/jpeg\" \/>\n<meta name=\"twitter:card\" content=\"summary_large_image\" \/>\n<meta name=\"twitter:label1\" content=\"Precio\" \/>\n\t<meta name=\"twitter:data1\" content=\"&#36;1,166 con IVA\" \/>\n\t<meta name=\"twitter:label2\" content=\"Availability\" \/>\n\t<meta name=\"twitter:data2\" content=\"Out of stock\" \/>\n<script type=\"application\/ld+json\" class=\"yoast-schema-graph\">{\"@context\":\"https:\/\/schema.org\",\"@graph\":[{\"@type\":\"WebPage\",\"@id\":\"https:\/\/compuviper.mx\/tienda\/producto\/sola-basic-isb-cvr-2500-ee-regulador-de-voltaje-para-refrigeradores-lavadoras-sola-basic-cvr-2500va-1500w-1-contacto\/\",\"url\":\"https:\/\/compuviper.mx\/tienda\/producto\/sola-basic-isb-cvr-2500-ee-regulador-de-voltaje-para-refrigeradores-lavadoras-sola-basic-cvr-2500va-1500w-1-contacto\/\",\"name\":\"[ Sola Basic Isb ] &#129351; Cvr-2500 Ee Regulador De Voltaje Para Refrigeradores, Lavadoras, Sola Basic Cvr-2500va\/1500w, 1 Contacto\",\"isPartOf\":{\"@id\":\"https:\/\/compuviper.mx\/tienda\/#website\"},\"datePublished\":\"2026-04-02T07:58:12+00:00\",\"dateModified\":\"2026-04-02T07:58:12+00:00\",\"description\":\"Compra Cvr-2500 Ee Regulador De Voltaje Para Refrigeradores, Lavadoras, Sola Basic Cvr-2500va\/1500w, 1 Contacto + Env\u00edo a domicilio + Pago seguro + Garant\u00eda\",\"breadcrumb\":{\"@id\":\"https:\/\/compuviper.mx\/tienda\/producto\/sola-basic-isb-cvr-2500-ee-regulador-de-voltaje-para-refrigeradores-lavadoras-sola-basic-cvr-2500va-1500w-1-contacto\/#breadcrumb\"},\"inLanguage\":\"es-MX\",\"potentialAction\":[{\"@type\":\"ReadAction\",\"target\":[\"https:\/\/compuviper.mx\/tienda\/producto\/sola-basic-isb-cvr-2500-ee-regulador-de-voltaje-para-refrigeradores-lavadoras-sola-basic-cvr-2500va-1500w-1-contacto\/\"]}]},{\"@type\":\"BreadcrumbList\",\"@id\":\"https:\/\/compuviper.mx\/tienda\/producto\/sola-basic-isb-cvr-2500-ee-regulador-de-voltaje-para-refrigeradores-lavadoras-sola-basic-cvr-2500va-1500w-1-contacto\/#breadcrumb\",\"itemListElement\":[{\"@type\":\"ListItem\",\"position\":1,\"name\":\"Inicio\",\"item\":\"https:\/\/compuviper.mx\/tienda\/\"},{\"@type\":\"ListItem\",\"position\":2,\"name\":\"Productos\",\"item\":\"https:\/\/compuviper.mx\/tienda\/productos\/\"},{\"@type\":\"ListItem\",\"position\":3,\"name\":\"Energia\",\"item\":\"https:\/\/compuviper.mx\/tienda\/categoria-producto\/energia\/\"},{\"@type\":\"ListItem\",\"position\":4,\"name\":\"Regulador\",\"item\":\"https:\/\/compuviper.mx\/tienda\/categoria-producto\/energia\/regulador\/\"},{\"@type\":\"ListItem\",\"position\":5,\"name\":\"Sola Basic Isb Cvr-2500 Ee Regulador De Voltaje Para Refrigeradores, Lavadoras, Sola Basic Cvr-2500va\/1500w, 1 Contacto\"}]},{\"@type\":\"WebSite\",\"@id\":\"https:\/\/compuviper.mx\/tienda\/#website\",\"url\":\"https:\/\/compuviper.mx\/tienda\/\",\"name\":\"Compuviper\",\"description\":\"Proveedor de Computadoras, Laptops, Servidores, Monitores, Puntos de Venta, Teclados,   Impresoras, T\u00f3ner, C\u00e1maras de Seguridad y m\u00e1s en tu tienda en l\u00ednea\",\"publisher\":{\"@id\":\"https:\/\/compuviper.mx\/tienda\/#organization\"},\"potentialAction\":[{\"@type\":\"SearchAction\",\"target\":{\"@type\":\"EntryPoint\",\"urlTemplate\":\"https:\/\/compuviper.mx\/tienda\/?s={search_term_string}\"},\"query-input\":\"required name=search_term_string\"}],\"inLanguage\":\"es-MX\"},{\"@type\":\"Organization\",\"@id\":\"https:\/\/compuviper.mx\/tienda\/#organization\",\"name\":\"Compuviper\",\"url\":\"https:\/\/compuviper.mx\/tienda\/\",\"logo\":{\"@type\":\"ImageObject\",\"inLanguage\":\"es-MX\",\"@id\":\"https:\/\/compuviper.mx\/tienda\/#\/schema\/logo\/image\/\",\"url\":\"https:\/\/compuviper.mx\/tienda\/wp-content\/uploads\/2021\/08\/Logo-Compuviper-10.png\",\"contentUrl\":\"https:\/\/compuviper.mx\/tienda\/wp-content\/uploads\/2021\/08\/Logo-Compuviper-10.png\",\"width\":1000,\"height\":500,\"caption\":\"Compuviper\"},\"image\":{\"@id\":\"https:\/\/compuviper.mx\/tienda\/#\/schema\/logo\/image\/\"},\"sameAs\":[\"https:\/\/www.facebook.com\/compuviper\",\"https:\/\/www.youtube.com\/channel\/UCf73dERp9Y3cfOq7q8BhLjA?view_as=subscriber\"]}]}<\/script>\n<meta property=\"product:brand\" content=\"SOLA BASIC ISB\" \/>\n<meta property=\"product:price:amount\" content=\"1166\" \/>\n<meta property=\"product:price:currency\" content=\"MXN\" \/>\n<meta property=\"og:availability\" content=\"out of stock\" \/>\n<meta property=\"product:availability\" content=\"out of stock\" \/>\n<meta property=\"product:retailer_item_id\" content=\"CVR-2500 EE\" \/>\n<meta property=\"product:condition\" content=\"new\" \/>\n<!-- \/ Yoast SEO plugin. -->","yoast_head_json":{"title":"[ Sola Basic Isb ] &#129351; Cvr-2500 Ee Regulador De Voltaje Para Refrigeradores, Lavadoras, Sola Basic Cvr-2500va\/1500w, 1 Contacto","description":"Compra Cvr-2500 Ee Regulador De Voltaje Para Refrigeradores, Lavadoras, Sola Basic Cvr-2500va\/1500w, 1 Contacto + Env\u00edo a domicilio + Pago seguro + Garant\u00eda","robots":{"index":"index","follow":"follow","max-snippet":"max-snippet:-1","max-image-preview":"max-image-preview:large","max-video-preview":"max-video-preview:-1"},"canonical":"https:\/\/compuviper.mx\/tienda\/producto\/sola-basic-isb-cvr-2500-ee-regulador-de-voltaje-para-refrigeradores-lavadoras-sola-basic-cvr-2500va-1500w-1-contacto\/","og_locale":"es_MX","og_type":"article","og_title":"[ Sola Basic Isb ] &#129351; Cvr-2500 Ee Regulador De Voltaje Para Refrigeradores, Lavadoras, Sola Basic Cvr-2500va\/1500w, 1 Contacto","og_description":"Compra Cvr-2500 Ee Regulador De Voltaje Para Refrigeradores, Lavadoras, Sola Basic Cvr-2500va\/1500w, 1 Contacto + Env\u00edo a domicilio + Pago seguro + Garant\u00eda","og_url":"https:\/\/compuviper.mx\/tienda\/producto\/sola-basic-isb-cvr-2500-ee-regulador-de-voltaje-para-refrigeradores-lavadoras-sola-basic-cvr-2500va-1500w-1-contacto\/","og_site_name":"Compuviper","article_publisher":"https:\/\/www.facebook.com\/compuviper","og_image":[{"width":200,"height":200,"url":"https:\/\/compuviper.mx\/tienda\/wp-content\/uploads\/2023\/12\/Regulador-de-voltaje-para-refrigeradores-lavadoras-sola-basic-cvr-2500va1500w-1-contacto.jpg","type":"image\/jpeg"}],"twitter_card":"summary_large_image","twitter_misc":{"Precio":"&#36;1,166 con IVA","Availability":"Out of stock"},"schema":{"@context":"https:\/\/schema.org","@graph":[{"@type":"WebPage","@id":"https:\/\/compuviper.mx\/tienda\/producto\/sola-basic-isb-cvr-2500-ee-regulador-de-voltaje-para-refrigeradores-lavadoras-sola-basic-cvr-2500va-1500w-1-contacto\/","url":"https:\/\/compuviper.mx\/tienda\/producto\/sola-basic-isb-cvr-2500-ee-regulador-de-voltaje-para-refrigeradores-lavadoras-sola-basic-cvr-2500va-1500w-1-contacto\/","name":"[ Sola Basic Isb ] &#129351; Cvr-2500 Ee Regulador De Voltaje Para Refrigeradores, Lavadoras, Sola Basic Cvr-2500va\/1500w, 1 Contacto","isPartOf":{"@id":"https:\/\/compuviper.mx\/tienda\/#website"},"datePublished":"2026-04-02T07:58:12+00:00","dateModified":"2026-04-02T07:58:12+00:00","description":"Compra Cvr-2500 Ee Regulador De Voltaje Para Refrigeradores, Lavadoras, Sola Basic Cvr-2500va\/1500w, 1 Contacto + Env\u00edo a domicilio + Pago seguro + Garant\u00eda","breadcrumb":{"@id":"https:\/\/compuviper.mx\/tienda\/producto\/sola-basic-isb-cvr-2500-ee-regulador-de-voltaje-para-refrigeradores-lavadoras-sola-basic-cvr-2500va-1500w-1-contacto\/#breadcrumb"},"inLanguage":"es-MX","potentialAction":[{"@type":"ReadAction","target":["https:\/\/compuviper.mx\/tienda\/producto\/sola-basic-isb-cvr-2500-ee-regulador-de-voltaje-para-refrigeradores-lavadoras-sola-basic-cvr-2500va-1500w-1-contacto\/"]}]},{"@type":"BreadcrumbList","@id":"https:\/\/compuviper.mx\/tienda\/producto\/sola-basic-isb-cvr-2500-ee-regulador-de-voltaje-para-refrigeradores-lavadoras-sola-basic-cvr-2500va-1500w-1-contacto\/#breadcrumb","itemListElement":[{"@type":"ListItem","position":1,"name":"Inicio","item":"https:\/\/compuviper.mx\/tienda\/"},{"@type":"ListItem","position":2,"name":"Productos","item":"https:\/\/compuviper.mx\/tienda\/productos\/"},{"@type":"ListItem","position":3,"name":"Energia","item":"https:\/\/compuviper.mx\/tienda\/categoria-producto\/energia\/"},{"@type":"ListItem","position":4,"name":"Regulador","item":"https:\/\/compuviper.mx\/tienda\/categoria-producto\/energia\/regulador\/"},{"@type":"ListItem","position":5,"name":"Sola Basic Isb Cvr-2500 Ee Regulador De Voltaje Para Refrigeradores, Lavadoras, Sola Basic Cvr-2500va\/1500w, 1 Contacto"}]},{"@type":"WebSite","@id":"https:\/\/compuviper.mx\/tienda\/#website","url":"https:\/\/compuviper.mx\/tienda\/","name":"Compuviper","description":"Proveedor de Computadoras, Laptops, Servidores, Monitores, Puntos de Venta, Teclados,   Impresoras, T\u00f3ner, C\u00e1maras de Seguridad y m\u00e1s en tu tienda en l\u00ednea","publisher":{"@id":"https:\/\/compuviper.mx\/tienda\/#organization"},"potentialAction":[{"@type":"SearchAction","target":{"@type":"EntryPoint","urlTemplate":"https:\/\/compuviper.mx\/tienda\/?s={search_term_string}"},"query-input":"required name=search_term_string"}],"inLanguage":"es-MX"},{"@type":"Organization","@id":"https:\/\/compuviper.mx\/tienda\/#organization","name":"Compuviper","url":"https:\/\/compuviper.mx\/tienda\/","logo":{"@type":"ImageObject","inLanguage":"es-MX","@id":"https:\/\/compuviper.mx\/tienda\/#\/schema\/logo\/image\/","url":"https:\/\/compuviper.mx\/tienda\/wp-content\/uploads\/2021\/08\/Logo-Compuviper-10.png","contentUrl":"https:\/\/compuviper.mx\/tienda\/wp-content\/uploads\/2021\/08\/Logo-Compuviper-10.png","width":1000,"height":500,"caption":"Compuviper"},"image":{"@id":"https:\/\/compuviper.mx\/tienda\/#\/schema\/logo\/image\/"},"sameAs":["https:\/\/www.facebook.com\/compuviper","https:\/\/www.youtube.com\/channel\/UCf73dERp9Y3cfOq7q8BhLjA?view_as=subscriber"]}]},"product_brand":"SOLA BASIC ISB","product_price_amount":"1166","product_price_currency":"MXN","og_availability":"out of stock","product_availability":"out of stock","product_retailer_item_id":"CVR-2500 EE","product_condition":"new"},"_links":{"self":[{"href":"https:\/\/compuviper.mx\/tienda\/wp-json\/wp\/v2\/product\/224896"}],"collection":[{"href":"https:\/\/compuviper.mx\/tienda\/wp-json\/wp\/v2\/product"}],"about":[{"href":"https:\/\/compuviper.mx\/tienda\/wp-json\/wp\/v2\/types\/product"}],"replies":[{"embeddable":true,"href":"https:\/\/compuviper.mx\/tienda\/wp-json\/wp\/v2\/comments?post=224896"}],"wp:featuredmedia":[{"embeddable":true,"href":"https:\/\/compuviper.mx\/tienda\/wp-json\/wp\/v2\/media\/224897"}],"wp:attachment":[{"href":"https:\/\/compuviper.mx\/tienda\/wp-json\/wp\/v2\/media?parent=224896"}],"wp:term":[{"taxonomy":"product_cat","embeddable":true,"href":"https:\/\/compuviper.mx\/tienda\/wp-json\/wp\/v2\/product_cat?post=224896"},{"taxonomy":"product_tag","embeddable":true,"href":"https:\/\/compuviper.mx\/tienda\/wp-json\/wp\/v2\/product_tag?post=224896"}],"curies":[{"name":"wp","href":"https:\/\/api.w.org\/{rel}","templated":true}]}}