{"id":224888,"date":"2026-04-02T01:58:09","date_gmt":"2026-04-02T07:58:09","guid":{"rendered":"https:\/\/compuviper.mx\/tienda\/producto\/koblenz-er-2550-regulador-de-voltaje-2500-va-2000-w-6-contactos-nema-5-15r-luz-led-encendido-apagado-de-uso-rudo-7-aos-de-garanta-sku-00-1560-2\/"},"modified":"2026-04-02T01:58:09","modified_gmt":"2026-04-02T07:58:09","slug":"koblenz-er-2550-regulador-de-voltaje-2500-va-2000-w-6-contactos-nema-5-15r-luz-led-encendido-apagado-de-uso-rudo-7-aos-de-garanta-sku-00-1560-2","status":"publish","type":"product","link":"https:\/\/compuviper.mx\/tienda\/producto\/koblenz-er-2550-regulador-de-voltaje-2500-va-2000-w-6-contactos-nema-5-15r-luz-led-encendido-apagado-de-uso-rudo-7-aos-de-garanta-sku-00-1560-2\/","title":{"rendered":"Koblenz Er-2550 Regulador De Voltaje  , 2500 Va \/ 2000 W, 6 Contactos Nema 5-15r, Luz Led, Encendido\/ Apagado De Uso Rudo. 7 A?os De Garanta Sku 00-1560-2"},"content":{"rendered":"<table class=\"descripcion\">\n<tr>\n<td>Rango de regulacion de 95 a 145 v supresor de picos de 134 joules indicadores visuales de encendido y desconexion automatica  garantia de 5 a\u00f1os dimenciones de 11x11x14 peso 3.0 kg.<\/td>\n<\/tr>\n<\/table>\n","protected":false},"excerpt":{"rendered":"<p>Regulador para impresoras laser, copiadoras y microondas con un inigualable dise?o y seguridad que solo koblenz te puede ofrecer, cuenta con una poliza de segruo para el equipo conectado de hasta 25,000 pesos muestra de la confianza que tenemos en la calidad de nuestro equipo.<\/p>\n","protected":false},"featured_media":224889,"comment_status":"open","ping_status":"open","template":"","meta":[],"product_cat":[1508,1802],"product_tag":[1577],"acf":[],"yoast_head":"<!-- This site is optimized with the Yoast SEO plugin v21.7 - https:\/\/yoast.com\/wordpress\/plugins\/seo\/ -->\n<title>[ Koblenz ] &#129351; Er-2550 Regulador De Voltaje , 2500 Va \/ 2000 W, 6 Contactos Nema 5-15r, Luz Led, Encendido\/ Apagado De Uso Rudo. 7 A\u00f1os De Garanta Sku 00-1560-2<\/title>\n<meta name=\"description\" content=\"Compra Er-2550 Regulador De Voltaje , 2500 Va \/ 2000 W, 6 Contactos Nema 5-15r, Luz Led, Encendido\/ Apagado De Uso Rudo. 7 A\u00f1os De Garanta Sku 00-1560-2 + Env\u00edo a domicilio + Pago seguro + Garant\u00eda\" \/>\n<meta name=\"robots\" content=\"index, follow, max-snippet:-1, max-image-preview:large, max-video-preview:-1\" \/>\n<link rel=\"canonical\" href=\"https:\/\/compuviper.mx\/tienda\/producto\/koblenz-er-2550-regulador-de-voltaje-2500-va-2000-w-6-contactos-nema-5-15r-luz-led-encendido-apagado-de-uso-rudo-7-aos-de-garanta-sku-00-1560-2\/\" \/>\n<meta property=\"og:locale\" content=\"es_MX\" \/>\n<meta property=\"og:type\" content=\"article\" \/>\n<meta property=\"og:title\" content=\"[ Koblenz ] &#129351; Er-2550 Regulador De Voltaje , 2500 Va \/ 2000 W, 6 Contactos Nema 5-15r, Luz Led, Encendido\/ Apagado De Uso Rudo. 7 A\u00f1os De Garanta Sku 00-1560-2\" \/>\n<meta property=\"og:description\" content=\"Compra Er-2550 Regulador De Voltaje , 2500 Va \/ 2000 W, 6 Contactos Nema 5-15r, Luz Led, Encendido\/ Apagado De Uso Rudo. 7 A\u00f1os De Garanta Sku 00-1560-2 + Env\u00edo a domicilio + Pago seguro + Garant\u00eda\" \/>\n<meta property=\"og:url\" content=\"https:\/\/compuviper.mx\/tienda\/producto\/koblenz-er-2550-regulador-de-voltaje-2500-va-2000-w-6-contactos-nema-5-15r-luz-led-encendido-apagado-de-uso-rudo-7-aos-de-garanta-sku-00-1560-2\/\" \/>\n<meta property=\"og:site_name\" content=\"Compuviper\" \/>\n<meta property=\"article:publisher\" content=\"https:\/\/www.facebook.com\/compuviper\" \/>\n<meta property=\"og:image\" content=\"https:\/\/compuviper.mx\/tienda\/wp-content\/uploads\/2023\/12\/Regulador-de-voltaje-koblenz-er-2550-2500-va-2000-w-6-contactos-nema-5-15r-luz-led-encendido-apagado-de-uso-rudo.-7-anos-de-garantia-sku-00-1560-2.jpg\" \/>\n\t<meta property=\"og:image:width\" content=\"200\" \/>\n\t<meta property=\"og:image:height\" content=\"200\" \/>\n\t<meta property=\"og:image:type\" content=\"image\/jpeg\" \/>\n<meta name=\"twitter:card\" content=\"summary_large_image\" \/>\n<meta name=\"twitter:label1\" content=\"Precio\" \/>\n\t<meta name=\"twitter:data1\" content=\"&#36;826 &#36;793 con IVA\" \/>\n\t<meta name=\"twitter:label2\" content=\"Availability\" \/>\n\t<meta name=\"twitter:data2\" content=\"Out of stock\" \/>\n<script type=\"application\/ld+json\" class=\"yoast-schema-graph\">{\"@context\":\"https:\/\/schema.org\",\"@graph\":[{\"@type\":\"WebPage\",\"@id\":\"https:\/\/compuviper.mx\/tienda\/producto\/koblenz-er-2550-regulador-de-voltaje-2500-va-2000-w-6-contactos-nema-5-15r-luz-led-encendido-apagado-de-uso-rudo-7-aos-de-garanta-sku-00-1560-2\/\",\"url\":\"https:\/\/compuviper.mx\/tienda\/producto\/koblenz-er-2550-regulador-de-voltaje-2500-va-2000-w-6-contactos-nema-5-15r-luz-led-encendido-apagado-de-uso-rudo-7-aos-de-garanta-sku-00-1560-2\/\",\"name\":\"[ Koblenz ] &#129351; Er-2550 Regulador De Voltaje , 2500 Va \/ 2000 W, 6 Contactos Nema 5-15r, Luz Led, Encendido\/ Apagado De Uso Rudo. 7 A\u00f1os De Garanta Sku 00-1560-2\",\"isPartOf\":{\"@id\":\"https:\/\/compuviper.mx\/tienda\/#website\"},\"datePublished\":\"2026-04-02T07:58:09+00:00\",\"dateModified\":\"2026-04-02T07:58:09+00:00\",\"description\":\"Compra Er-2550 Regulador De Voltaje , 2500 Va \/ 2000 W, 6 Contactos Nema 5-15r, Luz Led, Encendido\/ Apagado De Uso Rudo. 7 A\u00f1os De Garanta Sku 00-1560-2 + Env\u00edo a domicilio + Pago seguro + Garant\u00eda\",\"breadcrumb\":{\"@id\":\"https:\/\/compuviper.mx\/tienda\/producto\/koblenz-er-2550-regulador-de-voltaje-2500-va-2000-w-6-contactos-nema-5-15r-luz-led-encendido-apagado-de-uso-rudo-7-aos-de-garanta-sku-00-1560-2\/#breadcrumb\"},\"inLanguage\":\"es-MX\",\"potentialAction\":[{\"@type\":\"ReadAction\",\"target\":[\"https:\/\/compuviper.mx\/tienda\/producto\/koblenz-er-2550-regulador-de-voltaje-2500-va-2000-w-6-contactos-nema-5-15r-luz-led-encendido-apagado-de-uso-rudo-7-aos-de-garanta-sku-00-1560-2\/\"]}]},{\"@type\":\"BreadcrumbList\",\"@id\":\"https:\/\/compuviper.mx\/tienda\/producto\/koblenz-er-2550-regulador-de-voltaje-2500-va-2000-w-6-contactos-nema-5-15r-luz-led-encendido-apagado-de-uso-rudo-7-aos-de-garanta-sku-00-1560-2\/#breadcrumb\",\"itemListElement\":[{\"@type\":\"ListItem\",\"position\":1,\"name\":\"Inicio\",\"item\":\"https:\/\/compuviper.mx\/tienda\/\"},{\"@type\":\"ListItem\",\"position\":2,\"name\":\"Productos\",\"item\":\"https:\/\/compuviper.mx\/tienda\/productos\/\"},{\"@type\":\"ListItem\",\"position\":3,\"name\":\"Energia\",\"item\":\"https:\/\/compuviper.mx\/tienda\/categoria-producto\/energia\/\"},{\"@type\":\"ListItem\",\"position\":4,\"name\":\"Regulador\",\"item\":\"https:\/\/compuviper.mx\/tienda\/categoria-producto\/energia\/regulador\/\"},{\"@type\":\"ListItem\",\"position\":5,\"name\":\"Koblenz Er-2550 Regulador De Voltaje , 2500 Va \/ 2000 W, 6 Contactos Nema 5-15r, Luz Led, Encendido\/ Apagado De Uso Rudo. 7 A?os De Garanta Sku 00-1560-2\"}]},{\"@type\":\"WebSite\",\"@id\":\"https:\/\/compuviper.mx\/tienda\/#website\",\"url\":\"https:\/\/compuviper.mx\/tienda\/\",\"name\":\"Compuviper\",\"description\":\"Proveedor de Computadoras, Laptops, Servidores, Monitores, Puntos de Venta, Teclados,   Impresoras, T\u00f3ner, C\u00e1maras de Seguridad y m\u00e1s en tu tienda en l\u00ednea\",\"publisher\":{\"@id\":\"https:\/\/compuviper.mx\/tienda\/#organization\"},\"potentialAction\":[{\"@type\":\"SearchAction\",\"target\":{\"@type\":\"EntryPoint\",\"urlTemplate\":\"https:\/\/compuviper.mx\/tienda\/?s={search_term_string}\"},\"query-input\":\"required name=search_term_string\"}],\"inLanguage\":\"es-MX\"},{\"@type\":\"Organization\",\"@id\":\"https:\/\/compuviper.mx\/tienda\/#organization\",\"name\":\"Compuviper\",\"url\":\"https:\/\/compuviper.mx\/tienda\/\",\"logo\":{\"@type\":\"ImageObject\",\"inLanguage\":\"es-MX\",\"@id\":\"https:\/\/compuviper.mx\/tienda\/#\/schema\/logo\/image\/\",\"url\":\"https:\/\/compuviper.mx\/tienda\/wp-content\/uploads\/2021\/08\/Logo-Compuviper-10.png\",\"contentUrl\":\"https:\/\/compuviper.mx\/tienda\/wp-content\/uploads\/2021\/08\/Logo-Compuviper-10.png\",\"width\":1000,\"height\":500,\"caption\":\"Compuviper\"},\"image\":{\"@id\":\"https:\/\/compuviper.mx\/tienda\/#\/schema\/logo\/image\/\"},\"sameAs\":[\"https:\/\/www.facebook.com\/compuviper\",\"https:\/\/www.youtube.com\/channel\/UCf73dERp9Y3cfOq7q8BhLjA?view_as=subscriber\"]}]}<\/script>\n<meta property=\"product:brand\" content=\"KOBLENZ\" \/>\n<meta property=\"product:price:amount\" content=\"793\" \/>\n<meta property=\"product:price:currency\" content=\"MXN\" \/>\n<meta property=\"og:availability\" content=\"out of stock\" \/>\n<meta property=\"product:availability\" content=\"out of stock\" \/>\n<meta property=\"product:retailer_item_id\" content=\"ER-2550\" \/>\n<meta property=\"product:condition\" content=\"new\" \/>\n<!-- \/ Yoast SEO plugin. -->","yoast_head_json":{"title":"[ Koblenz ] &#129351; Er-2550 Regulador De Voltaje , 2500 Va \/ 2000 W, 6 Contactos Nema 5-15r, Luz Led, Encendido\/ Apagado De Uso Rudo. 7 A\u00f1os De Garanta Sku 00-1560-2","description":"Compra Er-2550 Regulador De Voltaje , 2500 Va \/ 2000 W, 6 Contactos Nema 5-15r, Luz Led, Encendido\/ Apagado De Uso Rudo. 7 A\u00f1os De Garanta Sku 00-1560-2 + Env\u00edo a domicilio + Pago seguro + Garant\u00eda","robots":{"index":"index","follow":"follow","max-snippet":"max-snippet:-1","max-image-preview":"max-image-preview:large","max-video-preview":"max-video-preview:-1"},"canonical":"https:\/\/compuviper.mx\/tienda\/producto\/koblenz-er-2550-regulador-de-voltaje-2500-va-2000-w-6-contactos-nema-5-15r-luz-led-encendido-apagado-de-uso-rudo-7-aos-de-garanta-sku-00-1560-2\/","og_locale":"es_MX","og_type":"article","og_title":"[ Koblenz ] &#129351; Er-2550 Regulador De Voltaje , 2500 Va \/ 2000 W, 6 Contactos Nema 5-15r, Luz Led, Encendido\/ Apagado De Uso Rudo. 7 A\u00f1os De Garanta Sku 00-1560-2","og_description":"Compra Er-2550 Regulador De Voltaje , 2500 Va \/ 2000 W, 6 Contactos Nema 5-15r, Luz Led, Encendido\/ Apagado De Uso Rudo. 7 A\u00f1os De Garanta Sku 00-1560-2 + Env\u00edo a domicilio + Pago seguro + Garant\u00eda","og_url":"https:\/\/compuviper.mx\/tienda\/producto\/koblenz-er-2550-regulador-de-voltaje-2500-va-2000-w-6-contactos-nema-5-15r-luz-led-encendido-apagado-de-uso-rudo-7-aos-de-garanta-sku-00-1560-2\/","og_site_name":"Compuviper","article_publisher":"https:\/\/www.facebook.com\/compuviper","og_image":[{"width":200,"height":200,"url":"https:\/\/compuviper.mx\/tienda\/wp-content\/uploads\/2023\/12\/Regulador-de-voltaje-koblenz-er-2550-2500-va-2000-w-6-contactos-nema-5-15r-luz-led-encendido-apagado-de-uso-rudo.-7-anos-de-garantia-sku-00-1560-2.jpg","type":"image\/jpeg"}],"twitter_card":"summary_large_image","twitter_misc":{"Precio":"&#36;826 &#36;793 con IVA","Availability":"Out of stock"},"schema":{"@context":"https:\/\/schema.org","@graph":[{"@type":"WebPage","@id":"https:\/\/compuviper.mx\/tienda\/producto\/koblenz-er-2550-regulador-de-voltaje-2500-va-2000-w-6-contactos-nema-5-15r-luz-led-encendido-apagado-de-uso-rudo-7-aos-de-garanta-sku-00-1560-2\/","url":"https:\/\/compuviper.mx\/tienda\/producto\/koblenz-er-2550-regulador-de-voltaje-2500-va-2000-w-6-contactos-nema-5-15r-luz-led-encendido-apagado-de-uso-rudo-7-aos-de-garanta-sku-00-1560-2\/","name":"[ Koblenz ] &#129351; Er-2550 Regulador De Voltaje , 2500 Va \/ 2000 W, 6 Contactos Nema 5-15r, Luz Led, Encendido\/ Apagado De Uso Rudo. 7 A\u00f1os De Garanta Sku 00-1560-2","isPartOf":{"@id":"https:\/\/compuviper.mx\/tienda\/#website"},"datePublished":"2026-04-02T07:58:09+00:00","dateModified":"2026-04-02T07:58:09+00:00","description":"Compra Er-2550 Regulador De Voltaje , 2500 Va \/ 2000 W, 6 Contactos Nema 5-15r, Luz Led, Encendido\/ Apagado De Uso Rudo. 7 A\u00f1os De Garanta Sku 00-1560-2 + Env\u00edo a domicilio + Pago seguro + Garant\u00eda","breadcrumb":{"@id":"https:\/\/compuviper.mx\/tienda\/producto\/koblenz-er-2550-regulador-de-voltaje-2500-va-2000-w-6-contactos-nema-5-15r-luz-led-encendido-apagado-de-uso-rudo-7-aos-de-garanta-sku-00-1560-2\/#breadcrumb"},"inLanguage":"es-MX","potentialAction":[{"@type":"ReadAction","target":["https:\/\/compuviper.mx\/tienda\/producto\/koblenz-er-2550-regulador-de-voltaje-2500-va-2000-w-6-contactos-nema-5-15r-luz-led-encendido-apagado-de-uso-rudo-7-aos-de-garanta-sku-00-1560-2\/"]}]},{"@type":"BreadcrumbList","@id":"https:\/\/compuviper.mx\/tienda\/producto\/koblenz-er-2550-regulador-de-voltaje-2500-va-2000-w-6-contactos-nema-5-15r-luz-led-encendido-apagado-de-uso-rudo-7-aos-de-garanta-sku-00-1560-2\/#breadcrumb","itemListElement":[{"@type":"ListItem","position":1,"name":"Inicio","item":"https:\/\/compuviper.mx\/tienda\/"},{"@type":"ListItem","position":2,"name":"Productos","item":"https:\/\/compuviper.mx\/tienda\/productos\/"},{"@type":"ListItem","position":3,"name":"Energia","item":"https:\/\/compuviper.mx\/tienda\/categoria-producto\/energia\/"},{"@type":"ListItem","position":4,"name":"Regulador","item":"https:\/\/compuviper.mx\/tienda\/categoria-producto\/energia\/regulador\/"},{"@type":"ListItem","position":5,"name":"Koblenz Er-2550 Regulador De Voltaje , 2500 Va \/ 2000 W, 6 Contactos Nema 5-15r, Luz Led, Encendido\/ Apagado De Uso Rudo. 7 A?os De Garanta Sku 00-1560-2"}]},{"@type":"WebSite","@id":"https:\/\/compuviper.mx\/tienda\/#website","url":"https:\/\/compuviper.mx\/tienda\/","name":"Compuviper","description":"Proveedor de Computadoras, Laptops, Servidores, Monitores, Puntos de Venta, Teclados,   Impresoras, T\u00f3ner, C\u00e1maras de Seguridad y m\u00e1s en tu tienda en l\u00ednea","publisher":{"@id":"https:\/\/compuviper.mx\/tienda\/#organization"},"potentialAction":[{"@type":"SearchAction","target":{"@type":"EntryPoint","urlTemplate":"https:\/\/compuviper.mx\/tienda\/?s={search_term_string}"},"query-input":"required name=search_term_string"}],"inLanguage":"es-MX"},{"@type":"Organization","@id":"https:\/\/compuviper.mx\/tienda\/#organization","name":"Compuviper","url":"https:\/\/compuviper.mx\/tienda\/","logo":{"@type":"ImageObject","inLanguage":"es-MX","@id":"https:\/\/compuviper.mx\/tienda\/#\/schema\/logo\/image\/","url":"https:\/\/compuviper.mx\/tienda\/wp-content\/uploads\/2021\/08\/Logo-Compuviper-10.png","contentUrl":"https:\/\/compuviper.mx\/tienda\/wp-content\/uploads\/2021\/08\/Logo-Compuviper-10.png","width":1000,"height":500,"caption":"Compuviper"},"image":{"@id":"https:\/\/compuviper.mx\/tienda\/#\/schema\/logo\/image\/"},"sameAs":["https:\/\/www.facebook.com\/compuviper","https:\/\/www.youtube.com\/channel\/UCf73dERp9Y3cfOq7q8BhLjA?view_as=subscriber"]}]},"product_brand":"KOBLENZ","product_price_amount":"793","product_price_currency":"MXN","og_availability":"out of stock","product_availability":"out of stock","product_retailer_item_id":"ER-2550","product_condition":"new"},"_links":{"self":[{"href":"https:\/\/compuviper.mx\/tienda\/wp-json\/wp\/v2\/product\/224888"}],"collection":[{"href":"https:\/\/compuviper.mx\/tienda\/wp-json\/wp\/v2\/product"}],"about":[{"href":"https:\/\/compuviper.mx\/tienda\/wp-json\/wp\/v2\/types\/product"}],"replies":[{"embeddable":true,"href":"https:\/\/compuviper.mx\/tienda\/wp-json\/wp\/v2\/comments?post=224888"}],"wp:featuredmedia":[{"embeddable":true,"href":"https:\/\/compuviper.mx\/tienda\/wp-json\/wp\/v2\/media\/224889"}],"wp:attachment":[{"href":"https:\/\/compuviper.mx\/tienda\/wp-json\/wp\/v2\/media?parent=224888"}],"wp:term":[{"taxonomy":"product_cat","embeddable":true,"href":"https:\/\/compuviper.mx\/tienda\/wp-json\/wp\/v2\/product_cat?post=224888"},{"taxonomy":"product_tag","embeddable":true,"href":"https:\/\/compuviper.mx\/tienda\/wp-json\/wp\/v2\/product_tag?post=224888"}],"curies":[{"name":"wp","href":"https:\/\/api.w.org\/{rel}","templated":true}]}}