{"id":224883,"date":"2026-04-02T01:55:49","date_gmt":"2026-04-02T07:55:49","guid":{"rendered":"https:\/\/compuviper.mx\/tienda\/producto\/sola-basic-isb-23-13-230-regulador-cvh-3000va-ferroresonante-1-fase-120-vca-1\/"},"modified":"2026-04-02T01:55:49","modified_gmt":"2026-04-02T07:55:49","slug":"sola-basic-isb-23-13-230-regulador-cvh-3000va-ferroresonante-1-fase-120-vca-1","status":"publish","type":"product","link":"https:\/\/compuviper.mx\/tienda\/producto\/sola-basic-isb-23-13-230-regulador-cvh-3000va-ferroresonante-1-fase-120-vca-1\/","title":{"rendered":"Sola Basic Isb 23-13-230 Regulador  Cvh 3000va, Ferroresonante ,1 Fase, 120 Vca +\/- 1%"},"content":{"rendered":"<table class=\"descripcion\">\n<tr>\n<td>Entrada: tensi\u00f3n 127 v~ +10% -25%, sistema 2 hilos y tierra, sistema: monof\u00e1sicos, frecuencia: 60 \u00b1 3 hz factor de potencia: 0.90 m\u00ednimo a plena carga y a tensi\u00f3n nominal. eficiencia: 0.90 m\u00ednimo a plena carga y a tensi\u00f3n nominal. salida: tensi\u00f3n 120 v~ \u00b1 1%, regulacion: para las varacionesd de tencion y frecuencia, arriba indicadas y de 0 a 100% de carga, a) tipo computadora: +- 3%, b) tipo industrial:+- 1%, rechazo al ruido: a) tipo computadora modo comun  120db, modo transverso  60 db, b) tipo industrial: modo comun:  120 db,   40 db, modo transverso   20 db,protecci\u00f3n contra sobrecarga debido a la naturaleza ferro-resonante del regulador, la corriente de salida se autolimita protegiendo a la unidad de da\u00f1os internos y haciendo innecesarias protecciones adicionales tales como fusibles e interruptores termomagn\u00e9ticos. en caso de corto circuito, la corriente de salida se limita al 125 &#8211; 200% de su valor nominal. el regulador puede operar en esta condicion por tiempo indefinido sin sufrir da\u00f1o alguno. la simplicidad de su construcci\u00f3n y la no utilizaci\u00f3n de partes m\u00f3viles dan lugar a unidades altamente confiables bajo las condiciones m\u00e1s adversas de trabajo. exelente rechazo de ruido electrico y picos de sobretencion,su construccion esta basada en un minimo de partes, proteccion contra tensiones de linea demasiado bajas por ejemplompara los reguladores de tencion de linea de 127 v, la salida se mantiene dentro del -10% con el regulador a plena carga a tensiones de linea de 80v y al 50% de carga opera aceptablemente a tensiones de linea tan bajas como 55v, contenido neto de armonicas es menor al 3%, capacidad de sobrecarga: en caso de sobrecarga el regulador puede  entregar hasta 120% de su capacidad nominal por 30 minutos maximo, capacidades 3000va: dimenciones alto: 27,3cm, ancho: 29,0cm, fondo42,5cm, peso:50,9kg, disipacion de calor  btu\/min 13,7, 3 a\u00f1os de garantia.<\/td>\n<\/tr>\n<\/table>\n","protected":false},"excerpt":{"rendered":"<p>Los regualdores de tecnologia ferrroresonate, son los mas confiables del mercado con 3 a\u00f1os de garantia.<\/p>\n","protected":false},"featured_media":224884,"comment_status":"open","ping_status":"open","template":"","meta":[],"product_cat":[1508,1802],"product_tag":[1696],"acf":[],"yoast_head":"<!-- This site is optimized with the Yoast SEO plugin v21.7 - https:\/\/yoast.com\/wordpress\/plugins\/seo\/ -->\n<title>[ Sola Basic Isb ] &#129351; 23-13-230 Regulador Cvh 3000va, Ferroresonante ,1 Fase, 120 Vca +\/- 1%<\/title>\n<meta name=\"description\" content=\"Compra 23-13-230 Regulador Cvh 3000va, Ferroresonante ,1 Fase, 120 Vca +\/- 1% + Env\u00edo a domicilio + Pago seguro + Garant\u00eda\" \/>\n<meta name=\"robots\" content=\"index, follow, max-snippet:-1, max-image-preview:large, max-video-preview:-1\" \/>\n<link rel=\"canonical\" href=\"https:\/\/compuviper.mx\/tienda\/producto\/sola-basic-isb-23-13-230-regulador-cvh-3000va-ferroresonante-1-fase-120-vca-1\/\" \/>\n<meta property=\"og:locale\" content=\"es_MX\" \/>\n<meta property=\"og:type\" content=\"article\" \/>\n<meta property=\"og:title\" content=\"[ Sola Basic Isb ] &#129351; 23-13-230 Regulador Cvh 3000va, Ferroresonante ,1 Fase, 120 Vca +\/- 1%\" \/>\n<meta property=\"og:description\" content=\"Compra 23-13-230 Regulador Cvh 3000va, Ferroresonante ,1 Fase, 120 Vca +\/- 1% + Env\u00edo a domicilio + Pago seguro + Garant\u00eda\" \/>\n<meta property=\"og:url\" content=\"https:\/\/compuviper.mx\/tienda\/producto\/sola-basic-isb-23-13-230-regulador-cvh-3000va-ferroresonante-1-fase-120-vca-1\/\" \/>\n<meta property=\"og:site_name\" content=\"Compuviper\" \/>\n<meta property=\"article:publisher\" content=\"https:\/\/www.facebook.com\/compuviper\" \/>\n<meta property=\"og:image\" content=\"https:\/\/compuviper.mx\/tienda\/wp-content\/uploads\/2023\/12\/Regulador-sola-basic-isb-cvh-3000va-ferroresonante-1-fase-120-vca-1.jpg\" \/>\n\t<meta property=\"og:image:width\" content=\"200\" \/>\n\t<meta property=\"og:image:height\" content=\"200\" \/>\n\t<meta property=\"og:image:type\" content=\"image\/jpeg\" \/>\n<meta name=\"twitter:card\" content=\"summary_large_image\" \/>\n<meta name=\"twitter:label1\" content=\"Precio\" \/>\n\t<meta name=\"twitter:data1\" content=\"&#36;11,961 con IVA\" \/>\n\t<meta name=\"twitter:label2\" content=\"Availability\" \/>\n\t<meta name=\"twitter:data2\" content=\"On backorder\" \/>\n<script type=\"application\/ld+json\" class=\"yoast-schema-graph\">{\"@context\":\"https:\/\/schema.org\",\"@graph\":[{\"@type\":\"WebPage\",\"@id\":\"https:\/\/compuviper.mx\/tienda\/producto\/sola-basic-isb-23-13-230-regulador-cvh-3000va-ferroresonante-1-fase-120-vca-1\/\",\"url\":\"https:\/\/compuviper.mx\/tienda\/producto\/sola-basic-isb-23-13-230-regulador-cvh-3000va-ferroresonante-1-fase-120-vca-1\/\",\"name\":\"[ Sola Basic Isb ] &#129351; 23-13-230 Regulador Cvh 3000va, Ferroresonante ,1 Fase, 120 Vca +\/- 1%\",\"isPartOf\":{\"@id\":\"https:\/\/compuviper.mx\/tienda\/#website\"},\"datePublished\":\"2026-04-02T07:55:49+00:00\",\"dateModified\":\"2026-04-02T07:55:49+00:00\",\"description\":\"Compra 23-13-230 Regulador Cvh 3000va, Ferroresonante ,1 Fase, 120 Vca +\/- 1% + Env\u00edo a domicilio + Pago seguro + Garant\u00eda\",\"breadcrumb\":{\"@id\":\"https:\/\/compuviper.mx\/tienda\/producto\/sola-basic-isb-23-13-230-regulador-cvh-3000va-ferroresonante-1-fase-120-vca-1\/#breadcrumb\"},\"inLanguage\":\"es-MX\",\"potentialAction\":[{\"@type\":\"ReadAction\",\"target\":[\"https:\/\/compuviper.mx\/tienda\/producto\/sola-basic-isb-23-13-230-regulador-cvh-3000va-ferroresonante-1-fase-120-vca-1\/\"]}]},{\"@type\":\"BreadcrumbList\",\"@id\":\"https:\/\/compuviper.mx\/tienda\/producto\/sola-basic-isb-23-13-230-regulador-cvh-3000va-ferroresonante-1-fase-120-vca-1\/#breadcrumb\",\"itemListElement\":[{\"@type\":\"ListItem\",\"position\":1,\"name\":\"Inicio\",\"item\":\"https:\/\/compuviper.mx\/tienda\/\"},{\"@type\":\"ListItem\",\"position\":2,\"name\":\"Productos\",\"item\":\"https:\/\/compuviper.mx\/tienda\/productos\/\"},{\"@type\":\"ListItem\",\"position\":3,\"name\":\"Energia\",\"item\":\"https:\/\/compuviper.mx\/tienda\/categoria-producto\/energia\/\"},{\"@type\":\"ListItem\",\"position\":4,\"name\":\"Regulador\",\"item\":\"https:\/\/compuviper.mx\/tienda\/categoria-producto\/energia\/regulador\/\"},{\"@type\":\"ListItem\",\"position\":5,\"name\":\"Sola Basic Isb 23-13-230 Regulador Cvh 3000va, Ferroresonante ,1 Fase, 120 Vca +\/- 1%\"}]},{\"@type\":\"WebSite\",\"@id\":\"https:\/\/compuviper.mx\/tienda\/#website\",\"url\":\"https:\/\/compuviper.mx\/tienda\/\",\"name\":\"Compuviper\",\"description\":\"Proveedor de Computadoras, Laptops, Servidores, Monitores, Puntos de Venta, Teclados,   Impresoras, T\u00f3ner, C\u00e1maras de Seguridad y m\u00e1s en tu tienda en l\u00ednea\",\"publisher\":{\"@id\":\"https:\/\/compuviper.mx\/tienda\/#organization\"},\"potentialAction\":[{\"@type\":\"SearchAction\",\"target\":{\"@type\":\"EntryPoint\",\"urlTemplate\":\"https:\/\/compuviper.mx\/tienda\/?s={search_term_string}\"},\"query-input\":\"required name=search_term_string\"}],\"inLanguage\":\"es-MX\"},{\"@type\":\"Organization\",\"@id\":\"https:\/\/compuviper.mx\/tienda\/#organization\",\"name\":\"Compuviper\",\"url\":\"https:\/\/compuviper.mx\/tienda\/\",\"logo\":{\"@type\":\"ImageObject\",\"inLanguage\":\"es-MX\",\"@id\":\"https:\/\/compuviper.mx\/tienda\/#\/schema\/logo\/image\/\",\"url\":\"https:\/\/compuviper.mx\/tienda\/wp-content\/uploads\/2021\/08\/Logo-Compuviper-10.png\",\"contentUrl\":\"https:\/\/compuviper.mx\/tienda\/wp-content\/uploads\/2021\/08\/Logo-Compuviper-10.png\",\"width\":1000,\"height\":500,\"caption\":\"Compuviper\"},\"image\":{\"@id\":\"https:\/\/compuviper.mx\/tienda\/#\/schema\/logo\/image\/\"},\"sameAs\":[\"https:\/\/www.facebook.com\/compuviper\",\"https:\/\/www.youtube.com\/channel\/UCf73dERp9Y3cfOq7q8BhLjA?view_as=subscriber\"]}]}<\/script>\n<meta property=\"product:brand\" content=\"SOLA BASIC ISB\" \/>\n<meta property=\"product:price:amount\" content=\"11961\" \/>\n<meta property=\"product:price:currency\" content=\"MXN\" \/>\n<meta property=\"og:availability\" content=\"backorder\" \/>\n<meta property=\"product:availability\" content=\"available for order\" \/>\n<meta property=\"product:retailer_item_id\" content=\"23-13-230\" \/>\n<meta property=\"product:condition\" content=\"new\" \/>\n<!-- \/ Yoast SEO plugin. -->","yoast_head_json":{"title":"[ Sola Basic Isb ] &#129351; 23-13-230 Regulador Cvh 3000va, Ferroresonante ,1 Fase, 120 Vca +\/- 1%","description":"Compra 23-13-230 Regulador Cvh 3000va, Ferroresonante ,1 Fase, 120 Vca +\/- 1% + Env\u00edo a domicilio + Pago seguro + Garant\u00eda","robots":{"index":"index","follow":"follow","max-snippet":"max-snippet:-1","max-image-preview":"max-image-preview:large","max-video-preview":"max-video-preview:-1"},"canonical":"https:\/\/compuviper.mx\/tienda\/producto\/sola-basic-isb-23-13-230-regulador-cvh-3000va-ferroresonante-1-fase-120-vca-1\/","og_locale":"es_MX","og_type":"article","og_title":"[ Sola Basic Isb ] &#129351; 23-13-230 Regulador Cvh 3000va, Ferroresonante ,1 Fase, 120 Vca +\/- 1%","og_description":"Compra 23-13-230 Regulador Cvh 3000va, Ferroresonante ,1 Fase, 120 Vca +\/- 1% + Env\u00edo a domicilio + Pago seguro + Garant\u00eda","og_url":"https:\/\/compuviper.mx\/tienda\/producto\/sola-basic-isb-23-13-230-regulador-cvh-3000va-ferroresonante-1-fase-120-vca-1\/","og_site_name":"Compuviper","article_publisher":"https:\/\/www.facebook.com\/compuviper","og_image":[{"width":200,"height":200,"url":"https:\/\/compuviper.mx\/tienda\/wp-content\/uploads\/2023\/12\/Regulador-sola-basic-isb-cvh-3000va-ferroresonante-1-fase-120-vca-1.jpg","type":"image\/jpeg"}],"twitter_card":"summary_large_image","twitter_misc":{"Precio":"&#36;11,961 con IVA","Availability":"On backorder"},"schema":{"@context":"https:\/\/schema.org","@graph":[{"@type":"WebPage","@id":"https:\/\/compuviper.mx\/tienda\/producto\/sola-basic-isb-23-13-230-regulador-cvh-3000va-ferroresonante-1-fase-120-vca-1\/","url":"https:\/\/compuviper.mx\/tienda\/producto\/sola-basic-isb-23-13-230-regulador-cvh-3000va-ferroresonante-1-fase-120-vca-1\/","name":"[ Sola Basic Isb ] &#129351; 23-13-230 Regulador Cvh 3000va, Ferroresonante ,1 Fase, 120 Vca +\/- 1%","isPartOf":{"@id":"https:\/\/compuviper.mx\/tienda\/#website"},"datePublished":"2026-04-02T07:55:49+00:00","dateModified":"2026-04-02T07:55:49+00:00","description":"Compra 23-13-230 Regulador Cvh 3000va, Ferroresonante ,1 Fase, 120 Vca +\/- 1% + Env\u00edo a domicilio + Pago seguro + Garant\u00eda","breadcrumb":{"@id":"https:\/\/compuviper.mx\/tienda\/producto\/sola-basic-isb-23-13-230-regulador-cvh-3000va-ferroresonante-1-fase-120-vca-1\/#breadcrumb"},"inLanguage":"es-MX","potentialAction":[{"@type":"ReadAction","target":["https:\/\/compuviper.mx\/tienda\/producto\/sola-basic-isb-23-13-230-regulador-cvh-3000va-ferroresonante-1-fase-120-vca-1\/"]}]},{"@type":"BreadcrumbList","@id":"https:\/\/compuviper.mx\/tienda\/producto\/sola-basic-isb-23-13-230-regulador-cvh-3000va-ferroresonante-1-fase-120-vca-1\/#breadcrumb","itemListElement":[{"@type":"ListItem","position":1,"name":"Inicio","item":"https:\/\/compuviper.mx\/tienda\/"},{"@type":"ListItem","position":2,"name":"Productos","item":"https:\/\/compuviper.mx\/tienda\/productos\/"},{"@type":"ListItem","position":3,"name":"Energia","item":"https:\/\/compuviper.mx\/tienda\/categoria-producto\/energia\/"},{"@type":"ListItem","position":4,"name":"Regulador","item":"https:\/\/compuviper.mx\/tienda\/categoria-producto\/energia\/regulador\/"},{"@type":"ListItem","position":5,"name":"Sola Basic Isb 23-13-230 Regulador Cvh 3000va, Ferroresonante ,1 Fase, 120 Vca +\/- 1%"}]},{"@type":"WebSite","@id":"https:\/\/compuviper.mx\/tienda\/#website","url":"https:\/\/compuviper.mx\/tienda\/","name":"Compuviper","description":"Proveedor de Computadoras, Laptops, Servidores, Monitores, Puntos de Venta, Teclados,   Impresoras, T\u00f3ner, C\u00e1maras de Seguridad y m\u00e1s en tu tienda en l\u00ednea","publisher":{"@id":"https:\/\/compuviper.mx\/tienda\/#organization"},"potentialAction":[{"@type":"SearchAction","target":{"@type":"EntryPoint","urlTemplate":"https:\/\/compuviper.mx\/tienda\/?s={search_term_string}"},"query-input":"required name=search_term_string"}],"inLanguage":"es-MX"},{"@type":"Organization","@id":"https:\/\/compuviper.mx\/tienda\/#organization","name":"Compuviper","url":"https:\/\/compuviper.mx\/tienda\/","logo":{"@type":"ImageObject","inLanguage":"es-MX","@id":"https:\/\/compuviper.mx\/tienda\/#\/schema\/logo\/image\/","url":"https:\/\/compuviper.mx\/tienda\/wp-content\/uploads\/2021\/08\/Logo-Compuviper-10.png","contentUrl":"https:\/\/compuviper.mx\/tienda\/wp-content\/uploads\/2021\/08\/Logo-Compuviper-10.png","width":1000,"height":500,"caption":"Compuviper"},"image":{"@id":"https:\/\/compuviper.mx\/tienda\/#\/schema\/logo\/image\/"},"sameAs":["https:\/\/www.facebook.com\/compuviper","https:\/\/www.youtube.com\/channel\/UCf73dERp9Y3cfOq7q8BhLjA?view_as=subscriber"]}]},"product_brand":"SOLA BASIC ISB","product_price_amount":"11961","product_price_currency":"MXN","og_availability":"backorder","product_availability":"available for order","product_retailer_item_id":"23-13-230","product_condition":"new"},"_links":{"self":[{"href":"https:\/\/compuviper.mx\/tienda\/wp-json\/wp\/v2\/product\/224883"}],"collection":[{"href":"https:\/\/compuviper.mx\/tienda\/wp-json\/wp\/v2\/product"}],"about":[{"href":"https:\/\/compuviper.mx\/tienda\/wp-json\/wp\/v2\/types\/product"}],"replies":[{"embeddable":true,"href":"https:\/\/compuviper.mx\/tienda\/wp-json\/wp\/v2\/comments?post=224883"}],"wp:featuredmedia":[{"embeddable":true,"href":"https:\/\/compuviper.mx\/tienda\/wp-json\/wp\/v2\/media\/224884"}],"wp:attachment":[{"href":"https:\/\/compuviper.mx\/tienda\/wp-json\/wp\/v2\/media?parent=224883"}],"wp:term":[{"taxonomy":"product_cat","embeddable":true,"href":"https:\/\/compuviper.mx\/tienda\/wp-json\/wp\/v2\/product_cat?post=224883"},{"taxonomy":"product_tag","embeddable":true,"href":"https:\/\/compuviper.mx\/tienda\/wp-json\/wp\/v2\/product_tag?post=224883"}],"curies":[{"name":"wp","href":"https:\/\/api.w.org\/{rel}","templated":true}]}}