{"id":224851,"date":"2026-04-08T01:53:34","date_gmt":"2026-04-08T07:53:34","guid":{"rendered":"https:\/\/compuviper.mx\/tienda\/producto\/koblenz-er-2250-regulador-de-voltaje-2250-va-1000-w-8-contactos-nema-5-15r-luz-led-disyuntor-termico-5-aos-de-garanta-poliza-de-seguro-por-10000-usd-en-equipo-conectado-sku-00-1588-3\/"},"modified":"2026-04-08T01:53:35","modified_gmt":"2026-04-08T07:53:35","slug":"koblenz-er-2250-regulador-de-voltaje-2250-va-1000-w-8-contactos-nema-5-15r-luz-led-disyuntor-termico-5-aos-de-garanta-poliza-de-seguro-por-10000-usd-en-equipo-conectado-sku-00-1588-3","status":"publish","type":"product","link":"https:\/\/compuviper.mx\/tienda\/producto\/koblenz-er-2250-regulador-de-voltaje-2250-va-1000-w-8-contactos-nema-5-15r-luz-led-disyuntor-termico-5-aos-de-garanta-poliza-de-seguro-por-10000-usd-en-equipo-conectado-sku-00-1588-3\/","title":{"rendered":"Koblenz Er-2250 Regulador De Voltaje  , 2250 Va \/ 1000 W, 8 Contactos Nema 5-15r, Luz Led, Disyuntor Termico. 5 A?os De Garanta, Poliza De Seguro Por 10,000 Usd En Equipo Conectado. Sku 00-1588-3"},"content":{"rendered":"<table class=\"descripcion\">\n<tr>\n<td>Capacidad 2250 va \/ 1000 watts, 8 contactos aterrizados regulados, rango de regulacin: 95 \u0096 145 v, supresin de picos: 134 joules, desconexin automtica con alto voltaje,  versa-led azul: encendido \/ regulando. versa-led azul flasheando: desconexin automtica, switch protector trmico con reset, cable: 0.90m 17 awg. moderno diseo, ideal para equipos de audio\/video,garanta de 5 aos. pliza por usd 10,000 en equipo conectado.<\/td>\n<\/tr>\n<\/table>\n","protected":false},"excerpt":{"rendered":"<p>Regulador koblenz er-2250, 2250 va \/ 1 000 watts, 8 contactos regulados desconexin automtica ideal para equipos de audio y de video led indicador 5 aos de garanta.<\/p>\n","protected":false},"featured_media":224852,"comment_status":"open","ping_status":"open","template":"","meta":[],"product_cat":[1508,1802],"product_tag":[1577],"acf":[],"yoast_head":"<!-- This site is optimized with the Yoast SEO plugin v21.7 - https:\/\/yoast.com\/wordpress\/plugins\/seo\/ -->\n<title>[ Koblenz ] &#129351; Er-2250 Regulador De Voltaje , 2250 Va \/ 1000 W, 8 Contactos Nema 5-15r, Luz Led, Disyuntor Termico. 5 A\u00f1os De Garanta, Poliza De Seguro Por 10,000 Usd En Equipo Conectado. Sku 00-1588-3<\/title>\n<meta name=\"description\" content=\"Compra Er-2250 Regulador De Voltaje , 2250 Va \/ 1000 W, 8 Contactos Nema 5-15r, Luz Led, Disyuntor Termico. 5 A\u00f1os De Garanta, Poliza De Seguro Por 10,000 Usd En Equipo Conectado. Sku 00-1588-3 + Env\u00edo a domicilio + Pago seguro + Garant\u00eda\" \/>\n<meta name=\"robots\" content=\"index, follow, max-snippet:-1, max-image-preview:large, max-video-preview:-1\" \/>\n<link rel=\"canonical\" href=\"https:\/\/compuviper.mx\/tienda\/producto\/koblenz-er-2250-regulador-de-voltaje-2250-va-1000-w-8-contactos-nema-5-15r-luz-led-disyuntor-termico-5-aos-de-garanta-poliza-de-seguro-por-10000-usd-en-equipo-conectado-sku-00-1588-3\/\" \/>\n<meta property=\"og:locale\" content=\"es_MX\" \/>\n<meta property=\"og:type\" content=\"article\" \/>\n<meta property=\"og:title\" content=\"[ Koblenz ] &#129351; Er-2250 Regulador De Voltaje , 2250 Va \/ 1000 W, 8 Contactos Nema 5-15r, Luz Led, Disyuntor Termico. 5 A\u00f1os De Garanta, Poliza De Seguro Por 10,000 Usd En Equipo Conectado. Sku 00-1588-3\" \/>\n<meta property=\"og:description\" content=\"Compra Er-2250 Regulador De Voltaje , 2250 Va \/ 1000 W, 8 Contactos Nema 5-15r, Luz Led, Disyuntor Termico. 5 A\u00f1os De Garanta, Poliza De Seguro Por 10,000 Usd En Equipo Conectado. Sku 00-1588-3 + Env\u00edo a domicilio + Pago seguro + Garant\u00eda\" \/>\n<meta property=\"og:url\" content=\"https:\/\/compuviper.mx\/tienda\/producto\/koblenz-er-2250-regulador-de-voltaje-2250-va-1000-w-8-contactos-nema-5-15r-luz-led-disyuntor-termico-5-aos-de-garanta-poliza-de-seguro-por-10000-usd-en-equipo-conectado-sku-00-1588-3\/\" \/>\n<meta property=\"og:site_name\" content=\"Compuviper\" \/>\n<meta property=\"article:publisher\" content=\"https:\/\/www.facebook.com\/compuviper\" \/>\n<meta property=\"article:modified_time\" content=\"2026-04-08T07:53:35+00:00\" \/>\n<meta property=\"og:image\" content=\"https:\/\/compuviper.mx\/tienda\/wp-content\/uploads\/2023\/12\/Regulador-de-voltaje-koblenz-er-2250-2250-va-1000-w-8-contactos-nema-5-15r-luz-led-disyuntor-termico.-5-anos-de-garantia-poliza-de-seguro-por-10000-usd-en-equipo-conectado.-sku-00-1588-3.jpg\" \/>\n\t<meta property=\"og:image:width\" content=\"200\" \/>\n\t<meta property=\"og:image:height\" content=\"200\" \/>\n\t<meta property=\"og:image:type\" content=\"image\/jpeg\" \/>\n<meta name=\"twitter:card\" content=\"summary_large_image\" \/>\n<meta name=\"twitter:label1\" content=\"Precio\" \/>\n\t<meta name=\"twitter:data1\" content=\"&#36;815 con IVA\" \/>\n\t<meta name=\"twitter:label2\" content=\"Availability\" \/>\n\t<meta name=\"twitter:data2\" content=\"In stock\" \/>\n<script type=\"application\/ld+json\" class=\"yoast-schema-graph\">{\"@context\":\"https:\/\/schema.org\",\"@graph\":[{\"@type\":\"WebPage\",\"@id\":\"https:\/\/compuviper.mx\/tienda\/producto\/koblenz-er-2250-regulador-de-voltaje-2250-va-1000-w-8-contactos-nema-5-15r-luz-led-disyuntor-termico-5-aos-de-garanta-poliza-de-seguro-por-10000-usd-en-equipo-conectado-sku-00-1588-3\/\",\"url\":\"https:\/\/compuviper.mx\/tienda\/producto\/koblenz-er-2250-regulador-de-voltaje-2250-va-1000-w-8-contactos-nema-5-15r-luz-led-disyuntor-termico-5-aos-de-garanta-poliza-de-seguro-por-10000-usd-en-equipo-conectado-sku-00-1588-3\/\",\"name\":\"[ Koblenz ] &#129351; Er-2250 Regulador De Voltaje , 2250 Va \/ 1000 W, 8 Contactos Nema 5-15r, Luz Led, Disyuntor Termico. 5 A\u00f1os De Garanta, Poliza De Seguro Por 10,000 Usd En Equipo Conectado. Sku 00-1588-3\",\"isPartOf\":{\"@id\":\"https:\/\/compuviper.mx\/tienda\/#website\"},\"datePublished\":\"2026-04-08T07:53:34+00:00\",\"dateModified\":\"2026-04-08T07:53:35+00:00\",\"description\":\"Compra Er-2250 Regulador De Voltaje , 2250 Va \/ 1000 W, 8 Contactos Nema 5-15r, Luz Led, Disyuntor Termico. 5 A\u00f1os De Garanta, Poliza De Seguro Por 10,000 Usd En Equipo Conectado. Sku 00-1588-3 + Env\u00edo a domicilio + Pago seguro + Garant\u00eda\",\"breadcrumb\":{\"@id\":\"https:\/\/compuviper.mx\/tienda\/producto\/koblenz-er-2250-regulador-de-voltaje-2250-va-1000-w-8-contactos-nema-5-15r-luz-led-disyuntor-termico-5-aos-de-garanta-poliza-de-seguro-por-10000-usd-en-equipo-conectado-sku-00-1588-3\/#breadcrumb\"},\"inLanguage\":\"es-MX\",\"potentialAction\":[{\"@type\":\"ReadAction\",\"target\":[\"https:\/\/compuviper.mx\/tienda\/producto\/koblenz-er-2250-regulador-de-voltaje-2250-va-1000-w-8-contactos-nema-5-15r-luz-led-disyuntor-termico-5-aos-de-garanta-poliza-de-seguro-por-10000-usd-en-equipo-conectado-sku-00-1588-3\/\"]}]},{\"@type\":\"BreadcrumbList\",\"@id\":\"https:\/\/compuviper.mx\/tienda\/producto\/koblenz-er-2250-regulador-de-voltaje-2250-va-1000-w-8-contactos-nema-5-15r-luz-led-disyuntor-termico-5-aos-de-garanta-poliza-de-seguro-por-10000-usd-en-equipo-conectado-sku-00-1588-3\/#breadcrumb\",\"itemListElement\":[{\"@type\":\"ListItem\",\"position\":1,\"name\":\"Inicio\",\"item\":\"https:\/\/compuviper.mx\/tienda\/\"},{\"@type\":\"ListItem\",\"position\":2,\"name\":\"Productos\",\"item\":\"https:\/\/compuviper.mx\/tienda\/productos\/\"},{\"@type\":\"ListItem\",\"position\":3,\"name\":\"Energia\",\"item\":\"https:\/\/compuviper.mx\/tienda\/categoria-producto\/energia\/\"},{\"@type\":\"ListItem\",\"position\":4,\"name\":\"Regulador\",\"item\":\"https:\/\/compuviper.mx\/tienda\/categoria-producto\/energia\/regulador\/\"},{\"@type\":\"ListItem\",\"position\":5,\"name\":\"Koblenz Er-2250 Regulador De Voltaje , 2250 Va \/ 1000 W, 8 Contactos Nema 5-15r, Luz Led, Disyuntor Termico. 5 A?os De Garanta, Poliza De Seguro Por 10,000 Usd En Equipo Conectado. Sku 00-1588-3\"}]},{\"@type\":\"WebSite\",\"@id\":\"https:\/\/compuviper.mx\/tienda\/#website\",\"url\":\"https:\/\/compuviper.mx\/tienda\/\",\"name\":\"Compuviper\",\"description\":\"Proveedor de Computadoras, Laptops, Servidores, Monitores, Puntos de Venta, Teclados,   Impresoras, T\u00f3ner, C\u00e1maras de Seguridad y m\u00e1s en tu tienda en l\u00ednea\",\"publisher\":{\"@id\":\"https:\/\/compuviper.mx\/tienda\/#organization\"},\"potentialAction\":[{\"@type\":\"SearchAction\",\"target\":{\"@type\":\"EntryPoint\",\"urlTemplate\":\"https:\/\/compuviper.mx\/tienda\/?s={search_term_string}\"},\"query-input\":\"required name=search_term_string\"}],\"inLanguage\":\"es-MX\"},{\"@type\":\"Organization\",\"@id\":\"https:\/\/compuviper.mx\/tienda\/#organization\",\"name\":\"Compuviper\",\"url\":\"https:\/\/compuviper.mx\/tienda\/\",\"logo\":{\"@type\":\"ImageObject\",\"inLanguage\":\"es-MX\",\"@id\":\"https:\/\/compuviper.mx\/tienda\/#\/schema\/logo\/image\/\",\"url\":\"https:\/\/compuviper.mx\/tienda\/wp-content\/uploads\/2021\/08\/Logo-Compuviper-10.png\",\"contentUrl\":\"https:\/\/compuviper.mx\/tienda\/wp-content\/uploads\/2021\/08\/Logo-Compuviper-10.png\",\"width\":1000,\"height\":500,\"caption\":\"Compuviper\"},\"image\":{\"@id\":\"https:\/\/compuviper.mx\/tienda\/#\/schema\/logo\/image\/\"},\"sameAs\":[\"https:\/\/www.facebook.com\/compuviper\",\"https:\/\/www.youtube.com\/channel\/UCf73dERp9Y3cfOq7q8BhLjA?view_as=subscriber\"]}]}<\/script>\n<meta property=\"product:brand\" content=\"KOBLENZ\" \/>\n<meta property=\"product:price:amount\" content=\"815\" \/>\n<meta property=\"product:price:currency\" content=\"MXN\" \/>\n<meta property=\"og:availability\" content=\"instock\" \/>\n<meta property=\"product:availability\" content=\"instock\" \/>\n<meta property=\"product:retailer_item_id\" content=\"ER-2250\" \/>\n<meta property=\"product:condition\" content=\"new\" \/>\n<!-- \/ Yoast SEO plugin. -->","yoast_head_json":{"title":"[ Koblenz ] &#129351; Er-2250 Regulador De Voltaje , 2250 Va \/ 1000 W, 8 Contactos Nema 5-15r, Luz Led, Disyuntor Termico. 5 A\u00f1os De Garanta, Poliza De Seguro Por 10,000 Usd En Equipo Conectado. Sku 00-1588-3","description":"Compra Er-2250 Regulador De Voltaje , 2250 Va \/ 1000 W, 8 Contactos Nema 5-15r, Luz Led, Disyuntor Termico. 5 A\u00f1os De Garanta, Poliza De Seguro Por 10,000 Usd En Equipo Conectado. Sku 00-1588-3 + Env\u00edo a domicilio + Pago seguro + Garant\u00eda","robots":{"index":"index","follow":"follow","max-snippet":"max-snippet:-1","max-image-preview":"max-image-preview:large","max-video-preview":"max-video-preview:-1"},"canonical":"https:\/\/compuviper.mx\/tienda\/producto\/koblenz-er-2250-regulador-de-voltaje-2250-va-1000-w-8-contactos-nema-5-15r-luz-led-disyuntor-termico-5-aos-de-garanta-poliza-de-seguro-por-10000-usd-en-equipo-conectado-sku-00-1588-3\/","og_locale":"es_MX","og_type":"article","og_title":"[ Koblenz ] &#129351; Er-2250 Regulador De Voltaje , 2250 Va \/ 1000 W, 8 Contactos Nema 5-15r, Luz Led, Disyuntor Termico. 5 A\u00f1os De Garanta, Poliza De Seguro Por 10,000 Usd En Equipo Conectado. Sku 00-1588-3","og_description":"Compra Er-2250 Regulador De Voltaje , 2250 Va \/ 1000 W, 8 Contactos Nema 5-15r, Luz Led, Disyuntor Termico. 5 A\u00f1os De Garanta, Poliza De Seguro Por 10,000 Usd En Equipo Conectado. Sku 00-1588-3 + Env\u00edo a domicilio + Pago seguro + Garant\u00eda","og_url":"https:\/\/compuviper.mx\/tienda\/producto\/koblenz-er-2250-regulador-de-voltaje-2250-va-1000-w-8-contactos-nema-5-15r-luz-led-disyuntor-termico-5-aos-de-garanta-poliza-de-seguro-por-10000-usd-en-equipo-conectado-sku-00-1588-3\/","og_site_name":"Compuviper","article_publisher":"https:\/\/www.facebook.com\/compuviper","article_modified_time":"2026-04-08T07:53:35+00:00","og_image":[{"width":200,"height":200,"url":"https:\/\/compuviper.mx\/tienda\/wp-content\/uploads\/2023\/12\/Regulador-de-voltaje-koblenz-er-2250-2250-va-1000-w-8-contactos-nema-5-15r-luz-led-disyuntor-termico.-5-anos-de-garantia-poliza-de-seguro-por-10000-usd-en-equipo-conectado.-sku-00-1588-3.jpg","type":"image\/jpeg"}],"twitter_card":"summary_large_image","twitter_misc":{"Precio":"&#36;815 con IVA","Availability":"In stock"},"schema":{"@context":"https:\/\/schema.org","@graph":[{"@type":"WebPage","@id":"https:\/\/compuviper.mx\/tienda\/producto\/koblenz-er-2250-regulador-de-voltaje-2250-va-1000-w-8-contactos-nema-5-15r-luz-led-disyuntor-termico-5-aos-de-garanta-poliza-de-seguro-por-10000-usd-en-equipo-conectado-sku-00-1588-3\/","url":"https:\/\/compuviper.mx\/tienda\/producto\/koblenz-er-2250-regulador-de-voltaje-2250-va-1000-w-8-contactos-nema-5-15r-luz-led-disyuntor-termico-5-aos-de-garanta-poliza-de-seguro-por-10000-usd-en-equipo-conectado-sku-00-1588-3\/","name":"[ Koblenz ] &#129351; Er-2250 Regulador De Voltaje , 2250 Va \/ 1000 W, 8 Contactos Nema 5-15r, Luz Led, Disyuntor Termico. 5 A\u00f1os De Garanta, Poliza De Seguro Por 10,000 Usd En Equipo Conectado. Sku 00-1588-3","isPartOf":{"@id":"https:\/\/compuviper.mx\/tienda\/#website"},"datePublished":"2026-04-08T07:53:34+00:00","dateModified":"2026-04-08T07:53:35+00:00","description":"Compra Er-2250 Regulador De Voltaje , 2250 Va \/ 1000 W, 8 Contactos Nema 5-15r, Luz Led, Disyuntor Termico. 5 A\u00f1os De Garanta, Poliza De Seguro Por 10,000 Usd En Equipo Conectado. Sku 00-1588-3 + Env\u00edo a domicilio + Pago seguro + Garant\u00eda","breadcrumb":{"@id":"https:\/\/compuviper.mx\/tienda\/producto\/koblenz-er-2250-regulador-de-voltaje-2250-va-1000-w-8-contactos-nema-5-15r-luz-led-disyuntor-termico-5-aos-de-garanta-poliza-de-seguro-por-10000-usd-en-equipo-conectado-sku-00-1588-3\/#breadcrumb"},"inLanguage":"es-MX","potentialAction":[{"@type":"ReadAction","target":["https:\/\/compuviper.mx\/tienda\/producto\/koblenz-er-2250-regulador-de-voltaje-2250-va-1000-w-8-contactos-nema-5-15r-luz-led-disyuntor-termico-5-aos-de-garanta-poliza-de-seguro-por-10000-usd-en-equipo-conectado-sku-00-1588-3\/"]}]},{"@type":"BreadcrumbList","@id":"https:\/\/compuviper.mx\/tienda\/producto\/koblenz-er-2250-regulador-de-voltaje-2250-va-1000-w-8-contactos-nema-5-15r-luz-led-disyuntor-termico-5-aos-de-garanta-poliza-de-seguro-por-10000-usd-en-equipo-conectado-sku-00-1588-3\/#breadcrumb","itemListElement":[{"@type":"ListItem","position":1,"name":"Inicio","item":"https:\/\/compuviper.mx\/tienda\/"},{"@type":"ListItem","position":2,"name":"Productos","item":"https:\/\/compuviper.mx\/tienda\/productos\/"},{"@type":"ListItem","position":3,"name":"Energia","item":"https:\/\/compuviper.mx\/tienda\/categoria-producto\/energia\/"},{"@type":"ListItem","position":4,"name":"Regulador","item":"https:\/\/compuviper.mx\/tienda\/categoria-producto\/energia\/regulador\/"},{"@type":"ListItem","position":5,"name":"Koblenz Er-2250 Regulador De Voltaje , 2250 Va \/ 1000 W, 8 Contactos Nema 5-15r, Luz Led, Disyuntor Termico. 5 A?os De Garanta, Poliza De Seguro Por 10,000 Usd En Equipo Conectado. Sku 00-1588-3"}]},{"@type":"WebSite","@id":"https:\/\/compuviper.mx\/tienda\/#website","url":"https:\/\/compuviper.mx\/tienda\/","name":"Compuviper","description":"Proveedor de Computadoras, Laptops, Servidores, Monitores, Puntos de Venta, Teclados,   Impresoras, T\u00f3ner, C\u00e1maras de Seguridad y m\u00e1s en tu tienda en l\u00ednea","publisher":{"@id":"https:\/\/compuviper.mx\/tienda\/#organization"},"potentialAction":[{"@type":"SearchAction","target":{"@type":"EntryPoint","urlTemplate":"https:\/\/compuviper.mx\/tienda\/?s={search_term_string}"},"query-input":"required name=search_term_string"}],"inLanguage":"es-MX"},{"@type":"Organization","@id":"https:\/\/compuviper.mx\/tienda\/#organization","name":"Compuviper","url":"https:\/\/compuviper.mx\/tienda\/","logo":{"@type":"ImageObject","inLanguage":"es-MX","@id":"https:\/\/compuviper.mx\/tienda\/#\/schema\/logo\/image\/","url":"https:\/\/compuviper.mx\/tienda\/wp-content\/uploads\/2021\/08\/Logo-Compuviper-10.png","contentUrl":"https:\/\/compuviper.mx\/tienda\/wp-content\/uploads\/2021\/08\/Logo-Compuviper-10.png","width":1000,"height":500,"caption":"Compuviper"},"image":{"@id":"https:\/\/compuviper.mx\/tienda\/#\/schema\/logo\/image\/"},"sameAs":["https:\/\/www.facebook.com\/compuviper","https:\/\/www.youtube.com\/channel\/UCf73dERp9Y3cfOq7q8BhLjA?view_as=subscriber"]}]},"product_brand":"KOBLENZ","product_price_amount":"815","product_price_currency":"MXN","og_availability":"instock","product_availability":"instock","product_retailer_item_id":"ER-2250","product_condition":"new"},"_links":{"self":[{"href":"https:\/\/compuviper.mx\/tienda\/wp-json\/wp\/v2\/product\/224851"}],"collection":[{"href":"https:\/\/compuviper.mx\/tienda\/wp-json\/wp\/v2\/product"}],"about":[{"href":"https:\/\/compuviper.mx\/tienda\/wp-json\/wp\/v2\/types\/product"}],"replies":[{"embeddable":true,"href":"https:\/\/compuviper.mx\/tienda\/wp-json\/wp\/v2\/comments?post=224851"}],"wp:featuredmedia":[{"embeddable":true,"href":"https:\/\/compuviper.mx\/tienda\/wp-json\/wp\/v2\/media\/224852"}],"wp:attachment":[{"href":"https:\/\/compuviper.mx\/tienda\/wp-json\/wp\/v2\/media?parent=224851"}],"wp:term":[{"taxonomy":"product_cat","embeddable":true,"href":"https:\/\/compuviper.mx\/tienda\/wp-json\/wp\/v2\/product_cat?post=224851"},{"taxonomy":"product_tag","embeddable":true,"href":"https:\/\/compuviper.mx\/tienda\/wp-json\/wp\/v2\/product_tag?post=224851"}],"curies":[{"name":"wp","href":"https:\/\/api.w.org\/{rel}","templated":true}]}}