{"id":224831,"date":"2026-04-02T01:55:37","date_gmt":"2026-04-02T07:55:37","guid":{"rendered":"https:\/\/compuviper.mx\/tienda\/producto\/sola-basic-isb-xl32-22-280-220-s-regulador-electronico-de-voltaje-xellence-8000-2-fases-220vca\/"},"modified":"2026-04-02T01:55:37","modified_gmt":"2026-04-02T07:55:37","slug":"sola-basic-isb-xl32-22-280-220-s-regulador-electronico-de-voltaje-xellence-8000-2-fases-220vca","status":"publish","type":"product","link":"https:\/\/compuviper.mx\/tienda\/producto\/sola-basic-isb-xl32-22-280-220-s-regulador-electronico-de-voltaje-xellence-8000-2-fases-220vca\/","title":{"rendered":"Sola Basic Isb Xl32-22-280-220 S Regulador Electronico De Voltaje  Xellence 8000 2 Fases 220vca"},"content":{"rendered":"<table class=\"descripcion\">\n<tr>\n<td>Entrada<\/td>\n<\/tr>\n<tr>\n<td>Voltaje de linea nominal: 220y\/127 v 2n ~,<\/td>\n<\/tr>\n<tr>\n<td>(bifasico m\u00e1s neutro y tierra fisica)<\/td>\n<\/tr>\n<tr>\n<td>Rango de voltaje de linea: 156 &#8211; 256\/90 \u0096 147 v 2n<\/td>\n<\/tr>\n<tr>\n<td>~ (+ 16%, -29%)<\/td>\n<\/tr>\n<tr>\n<td>Corriente maxima: 45 a (por fase)<\/td>\n<\/tr>\n<tr>\n<td>Frecuencia: 60 \u00b1 3 hz<\/td>\n<\/tr>\n<tr>\n<td>Factor de potencia: 0.98 minimo<\/td>\n<\/tr>\n<tr>\n<td>Eficiencia: 99 %<\/td>\n<\/tr>\n<tr>\n<td>Sistema: bifasico de 3 hilos mas tierra (f-f\u0096neutro\u0096tierra) de<\/td>\n<\/tr>\n<tr>\n<td>Protecciones: interruptor termomagnetico 2 polos<\/td>\n<\/tr>\n<tr>\n<td>50 a contra sobrecargas prolongadas y\/o cortocircuito.<\/td>\n<\/tr>\n<tr>\n<td>Salida:<\/td>\n<\/tr>\n<tr>\n<td>Tension nominal: 220y\/127 v 2n ~<\/td>\n<\/tr>\n<tr>\n<td>Regulacion de tension: \u00b1 5 %<\/td>\n<\/tr>\n<tr>\n<td>Capacidad: 8000 va<\/td>\n<\/tr>\n<tr>\n<td>Corriente maxima: 31,5 a (por fase)<\/td>\n<\/tr>\n<tr>\n<td>Sobrecarga: 120 % durante1 hr max., 200 %<\/td>\n<\/tr>\n<tr>\n<td>Durante 20 seg. max., 400 % durante 10 ciclos max.<\/td>\n<\/tr>\n<tr>\n<td>Supresor de sobretensiones transitorias: tanto en modo comun como en modo transverso, proteccion total de 300 joules  9000 a\/650 v max. sujecion.<\/td>\n<\/tr>\n<tr>\n<td>Sistema: bifasico 3 hilos mas tierra (f-f\u0096neutro\u0096tierra)<\/td>\n<\/tr>\n<tr>\n<td>Caracteristicas mecanicas<\/td>\n<\/tr>\n<tr>\n<td>Panel frontal con indicadores luminosos ( un grupo por dada fase)<\/td>\n<\/tr>\n<tr>\n<td>Regulando linea baja<\/td>\n<\/tr>\n<tr>\n<td>Linea normal<\/td>\n<\/tr>\n<tr>\n<td>Regulando linea alta<\/td>\n<\/tr>\n<tr>\n<td>Modulo de control operando<\/td>\n<\/tr>\n<tr>\n<td>Voltaje de salida presente<\/td>\n<\/tr>\n<tr>\n<td>Panel posterior<\/td>\n<\/tr>\n<tr>\n<td>Tablilla de conexiones para linea-carga<\/td>\n<\/tr>\n<tr>\n<td>Interruptor termomangnetico de encendido-apagado y proteccion contra sobrecargas prolongadas y\/0 corto circuito<\/td>\n<\/tr>\n<tr>\n<td>2 receptaculos de salida uno por fase tipo nema5-15r<\/td>\n<\/tr>\n<tr>\n<td>2 chiqueadores para soportarlos ductos de cableado de la instalacion del equipo<\/td>\n<\/tr>\n<tr>\n<td>Gabinete tipo nema 1 metalico de gran robustez tipo autosoplado al ser portatil se puede instalar practicamente en cualquier lugar acabado con pintura electrostatica color arena<\/td>\n<\/tr>\n<tr>\n<td>Importante este equipo no debe operar sin el neutro de la linea.<\/td>\n<\/tr>\n<tr>\n<td>Peso y dimensiones<\/td>\n<\/tr>\n<tr>\n<td>Peso 38.5kg<\/td>\n<\/tr>\n<tr>\n<td>Ancho 29,5 cm<\/td>\n<\/tr>\n<tr>\n<td>Fondo 37,5 cm<\/td>\n<\/tr>\n<tr>\n<td>Altura 46,6 cm<\/td>\n<\/tr>\n<\/table>\n","protected":false},"excerpt":{"rendered":"<p>El regulador electronico de voltaje xellence8000 es un producto que conjuga la robustez de un transformador de potencia tipo transformador con la muy alta precision y velocidad de un circuito de control operado con microcontrolador ( ultima generacion de micropocesadores) originando con todo ello un equipo que puede operar ininterrumpidamente y que no requiere mantenamiento.<\/p>\n","protected":false},"featured_media":224832,"comment_status":"open","ping_status":"open","template":"","meta":[],"product_cat":[1508,1802],"product_tag":[1696],"acf":[],"yoast_head":"<!-- This site is optimized with the Yoast SEO plugin v21.7 - https:\/\/yoast.com\/wordpress\/plugins\/seo\/ -->\n<title>[ Sola Basic Isb ] &#129351; Xl32-22-280-220 S Regulador Electronico De Voltaje Xellence 8000 2 Fases 220vca<\/title>\n<meta name=\"description\" content=\"Compra Xl32-22-280-220 S Regulador Electronico De Voltaje Xellence 8000 2 Fases 220vca + Env\u00edo a domicilio + Pago seguro + Garant\u00eda\" \/>\n<meta name=\"robots\" content=\"index, follow, max-snippet:-1, max-image-preview:large, max-video-preview:-1\" \/>\n<link rel=\"canonical\" href=\"https:\/\/compuviper.mx\/tienda\/producto\/sola-basic-isb-xl32-22-280-220-s-regulador-electronico-de-voltaje-xellence-8000-2-fases-220vca\/\" \/>\n<meta property=\"og:locale\" content=\"es_MX\" \/>\n<meta property=\"og:type\" content=\"article\" \/>\n<meta property=\"og:title\" content=\"[ Sola Basic Isb ] &#129351; Xl32-22-280-220 S Regulador Electronico De Voltaje Xellence 8000 2 Fases 220vca\" \/>\n<meta property=\"og:description\" content=\"Compra Xl32-22-280-220 S Regulador Electronico De Voltaje Xellence 8000 2 Fases 220vca + Env\u00edo a domicilio + Pago seguro + Garant\u00eda\" \/>\n<meta property=\"og:url\" content=\"https:\/\/compuviper.mx\/tienda\/producto\/sola-basic-isb-xl32-22-280-220-s-regulador-electronico-de-voltaje-xellence-8000-2-fases-220vca\/\" \/>\n<meta property=\"og:site_name\" content=\"Compuviper\" \/>\n<meta property=\"article:publisher\" content=\"https:\/\/www.facebook.com\/compuviper\" \/>\n<meta property=\"og:image\" content=\"https:\/\/compuviper.mx\/tienda\/wp-content\/uploads\/2023\/12\/Regulador-electronico-de-voltaje-sola-basic-isb-xellence-8000-2-fases-220vca.jpg\" \/>\n\t<meta property=\"og:image:width\" content=\"200\" \/>\n\t<meta property=\"og:image:height\" content=\"200\" \/>\n\t<meta property=\"og:image:type\" content=\"image\/jpeg\" \/>\n<meta name=\"twitter:card\" content=\"summary_large_image\" \/>\n<meta name=\"twitter:label1\" content=\"Precio\" \/>\n\t<meta name=\"twitter:data1\" content=\"&#36;17,070 con IVA\" \/>\n\t<meta name=\"twitter:label2\" content=\"Availability\" \/>\n\t<meta name=\"twitter:data2\" content=\"On backorder\" \/>\n<script type=\"application\/ld+json\" class=\"yoast-schema-graph\">{\"@context\":\"https:\/\/schema.org\",\"@graph\":[{\"@type\":\"WebPage\",\"@id\":\"https:\/\/compuviper.mx\/tienda\/producto\/sola-basic-isb-xl32-22-280-220-s-regulador-electronico-de-voltaje-xellence-8000-2-fases-220vca\/\",\"url\":\"https:\/\/compuviper.mx\/tienda\/producto\/sola-basic-isb-xl32-22-280-220-s-regulador-electronico-de-voltaje-xellence-8000-2-fases-220vca\/\",\"name\":\"[ Sola Basic Isb ] &#129351; Xl32-22-280-220 S Regulador Electronico De Voltaje Xellence 8000 2 Fases 220vca\",\"isPartOf\":{\"@id\":\"https:\/\/compuviper.mx\/tienda\/#website\"},\"datePublished\":\"2026-04-02T07:55:37+00:00\",\"dateModified\":\"2026-04-02T07:55:37+00:00\",\"description\":\"Compra Xl32-22-280-220 S Regulador Electronico De Voltaje Xellence 8000 2 Fases 220vca + Env\u00edo a domicilio + Pago seguro + Garant\u00eda\",\"breadcrumb\":{\"@id\":\"https:\/\/compuviper.mx\/tienda\/producto\/sola-basic-isb-xl32-22-280-220-s-regulador-electronico-de-voltaje-xellence-8000-2-fases-220vca\/#breadcrumb\"},\"inLanguage\":\"es-MX\",\"potentialAction\":[{\"@type\":\"ReadAction\",\"target\":[\"https:\/\/compuviper.mx\/tienda\/producto\/sola-basic-isb-xl32-22-280-220-s-regulador-electronico-de-voltaje-xellence-8000-2-fases-220vca\/\"]}]},{\"@type\":\"BreadcrumbList\",\"@id\":\"https:\/\/compuviper.mx\/tienda\/producto\/sola-basic-isb-xl32-22-280-220-s-regulador-electronico-de-voltaje-xellence-8000-2-fases-220vca\/#breadcrumb\",\"itemListElement\":[{\"@type\":\"ListItem\",\"position\":1,\"name\":\"Inicio\",\"item\":\"https:\/\/compuviper.mx\/tienda\/\"},{\"@type\":\"ListItem\",\"position\":2,\"name\":\"Productos\",\"item\":\"https:\/\/compuviper.mx\/tienda\/productos\/\"},{\"@type\":\"ListItem\",\"position\":3,\"name\":\"Energia\",\"item\":\"https:\/\/compuviper.mx\/tienda\/categoria-producto\/energia\/\"},{\"@type\":\"ListItem\",\"position\":4,\"name\":\"Regulador\",\"item\":\"https:\/\/compuviper.mx\/tienda\/categoria-producto\/energia\/regulador\/\"},{\"@type\":\"ListItem\",\"position\":5,\"name\":\"Sola Basic Isb Xl32-22-280-220 S Regulador Electronico De Voltaje Xellence 8000 2 Fases 220vca\"}]},{\"@type\":\"WebSite\",\"@id\":\"https:\/\/compuviper.mx\/tienda\/#website\",\"url\":\"https:\/\/compuviper.mx\/tienda\/\",\"name\":\"Compuviper\",\"description\":\"Proveedor de Computadoras, Laptops, Servidores, Monitores, Puntos de Venta, Teclados,   Impresoras, T\u00f3ner, C\u00e1maras de Seguridad y m\u00e1s en tu tienda en l\u00ednea\",\"publisher\":{\"@id\":\"https:\/\/compuviper.mx\/tienda\/#organization\"},\"potentialAction\":[{\"@type\":\"SearchAction\",\"target\":{\"@type\":\"EntryPoint\",\"urlTemplate\":\"https:\/\/compuviper.mx\/tienda\/?s={search_term_string}\"},\"query-input\":\"required name=search_term_string\"}],\"inLanguage\":\"es-MX\"},{\"@type\":\"Organization\",\"@id\":\"https:\/\/compuviper.mx\/tienda\/#organization\",\"name\":\"Compuviper\",\"url\":\"https:\/\/compuviper.mx\/tienda\/\",\"logo\":{\"@type\":\"ImageObject\",\"inLanguage\":\"es-MX\",\"@id\":\"https:\/\/compuviper.mx\/tienda\/#\/schema\/logo\/image\/\",\"url\":\"https:\/\/compuviper.mx\/tienda\/wp-content\/uploads\/2021\/08\/Logo-Compuviper-10.png\",\"contentUrl\":\"https:\/\/compuviper.mx\/tienda\/wp-content\/uploads\/2021\/08\/Logo-Compuviper-10.png\",\"width\":1000,\"height\":500,\"caption\":\"Compuviper\"},\"image\":{\"@id\":\"https:\/\/compuviper.mx\/tienda\/#\/schema\/logo\/image\/\"},\"sameAs\":[\"https:\/\/www.facebook.com\/compuviper\",\"https:\/\/www.youtube.com\/channel\/UCf73dERp9Y3cfOq7q8BhLjA?view_as=subscriber\"]}]}<\/script>\n<meta property=\"product:brand\" content=\"SOLA BASIC ISB\" \/>\n<meta property=\"product:price:amount\" content=\"17070\" \/>\n<meta property=\"product:price:currency\" content=\"MXN\" \/>\n<meta property=\"og:availability\" content=\"backorder\" \/>\n<meta property=\"product:availability\" content=\"available for order\" \/>\n<meta property=\"product:retailer_item_id\" content=\"XL32-22-280-220 S\" \/>\n<meta property=\"product:condition\" content=\"new\" \/>\n<!-- \/ Yoast SEO plugin. -->","yoast_head_json":{"title":"[ Sola Basic Isb ] &#129351; Xl32-22-280-220 S Regulador Electronico De Voltaje Xellence 8000 2 Fases 220vca","description":"Compra Xl32-22-280-220 S Regulador Electronico De Voltaje Xellence 8000 2 Fases 220vca + Env\u00edo a domicilio + Pago seguro + Garant\u00eda","robots":{"index":"index","follow":"follow","max-snippet":"max-snippet:-1","max-image-preview":"max-image-preview:large","max-video-preview":"max-video-preview:-1"},"canonical":"https:\/\/compuviper.mx\/tienda\/producto\/sola-basic-isb-xl32-22-280-220-s-regulador-electronico-de-voltaje-xellence-8000-2-fases-220vca\/","og_locale":"es_MX","og_type":"article","og_title":"[ Sola Basic Isb ] &#129351; Xl32-22-280-220 S Regulador Electronico De Voltaje Xellence 8000 2 Fases 220vca","og_description":"Compra Xl32-22-280-220 S Regulador Electronico De Voltaje Xellence 8000 2 Fases 220vca + Env\u00edo a domicilio + Pago seguro + Garant\u00eda","og_url":"https:\/\/compuviper.mx\/tienda\/producto\/sola-basic-isb-xl32-22-280-220-s-regulador-electronico-de-voltaje-xellence-8000-2-fases-220vca\/","og_site_name":"Compuviper","article_publisher":"https:\/\/www.facebook.com\/compuviper","og_image":[{"width":200,"height":200,"url":"https:\/\/compuviper.mx\/tienda\/wp-content\/uploads\/2023\/12\/Regulador-electronico-de-voltaje-sola-basic-isb-xellence-8000-2-fases-220vca.jpg","type":"image\/jpeg"}],"twitter_card":"summary_large_image","twitter_misc":{"Precio":"&#36;17,070 con IVA","Availability":"On backorder"},"schema":{"@context":"https:\/\/schema.org","@graph":[{"@type":"WebPage","@id":"https:\/\/compuviper.mx\/tienda\/producto\/sola-basic-isb-xl32-22-280-220-s-regulador-electronico-de-voltaje-xellence-8000-2-fases-220vca\/","url":"https:\/\/compuviper.mx\/tienda\/producto\/sola-basic-isb-xl32-22-280-220-s-regulador-electronico-de-voltaje-xellence-8000-2-fases-220vca\/","name":"[ Sola Basic Isb ] &#129351; Xl32-22-280-220 S Regulador Electronico De Voltaje Xellence 8000 2 Fases 220vca","isPartOf":{"@id":"https:\/\/compuviper.mx\/tienda\/#website"},"datePublished":"2026-04-02T07:55:37+00:00","dateModified":"2026-04-02T07:55:37+00:00","description":"Compra Xl32-22-280-220 S Regulador Electronico De Voltaje Xellence 8000 2 Fases 220vca + Env\u00edo a domicilio + Pago seguro + Garant\u00eda","breadcrumb":{"@id":"https:\/\/compuviper.mx\/tienda\/producto\/sola-basic-isb-xl32-22-280-220-s-regulador-electronico-de-voltaje-xellence-8000-2-fases-220vca\/#breadcrumb"},"inLanguage":"es-MX","potentialAction":[{"@type":"ReadAction","target":["https:\/\/compuviper.mx\/tienda\/producto\/sola-basic-isb-xl32-22-280-220-s-regulador-electronico-de-voltaje-xellence-8000-2-fases-220vca\/"]}]},{"@type":"BreadcrumbList","@id":"https:\/\/compuviper.mx\/tienda\/producto\/sola-basic-isb-xl32-22-280-220-s-regulador-electronico-de-voltaje-xellence-8000-2-fases-220vca\/#breadcrumb","itemListElement":[{"@type":"ListItem","position":1,"name":"Inicio","item":"https:\/\/compuviper.mx\/tienda\/"},{"@type":"ListItem","position":2,"name":"Productos","item":"https:\/\/compuviper.mx\/tienda\/productos\/"},{"@type":"ListItem","position":3,"name":"Energia","item":"https:\/\/compuviper.mx\/tienda\/categoria-producto\/energia\/"},{"@type":"ListItem","position":4,"name":"Regulador","item":"https:\/\/compuviper.mx\/tienda\/categoria-producto\/energia\/regulador\/"},{"@type":"ListItem","position":5,"name":"Sola Basic Isb Xl32-22-280-220 S Regulador Electronico De Voltaje Xellence 8000 2 Fases 220vca"}]},{"@type":"WebSite","@id":"https:\/\/compuviper.mx\/tienda\/#website","url":"https:\/\/compuviper.mx\/tienda\/","name":"Compuviper","description":"Proveedor de Computadoras, Laptops, Servidores, Monitores, Puntos de Venta, Teclados,   Impresoras, T\u00f3ner, C\u00e1maras de Seguridad y m\u00e1s en tu tienda en l\u00ednea","publisher":{"@id":"https:\/\/compuviper.mx\/tienda\/#organization"},"potentialAction":[{"@type":"SearchAction","target":{"@type":"EntryPoint","urlTemplate":"https:\/\/compuviper.mx\/tienda\/?s={search_term_string}"},"query-input":"required name=search_term_string"}],"inLanguage":"es-MX"},{"@type":"Organization","@id":"https:\/\/compuviper.mx\/tienda\/#organization","name":"Compuviper","url":"https:\/\/compuviper.mx\/tienda\/","logo":{"@type":"ImageObject","inLanguage":"es-MX","@id":"https:\/\/compuviper.mx\/tienda\/#\/schema\/logo\/image\/","url":"https:\/\/compuviper.mx\/tienda\/wp-content\/uploads\/2021\/08\/Logo-Compuviper-10.png","contentUrl":"https:\/\/compuviper.mx\/tienda\/wp-content\/uploads\/2021\/08\/Logo-Compuviper-10.png","width":1000,"height":500,"caption":"Compuviper"},"image":{"@id":"https:\/\/compuviper.mx\/tienda\/#\/schema\/logo\/image\/"},"sameAs":["https:\/\/www.facebook.com\/compuviper","https:\/\/www.youtube.com\/channel\/UCf73dERp9Y3cfOq7q8BhLjA?view_as=subscriber"]}]},"product_brand":"SOLA BASIC ISB","product_price_amount":"17070","product_price_currency":"MXN","og_availability":"backorder","product_availability":"available for order","product_retailer_item_id":"XL32-22-280-220 S","product_condition":"new"},"_links":{"self":[{"href":"https:\/\/compuviper.mx\/tienda\/wp-json\/wp\/v2\/product\/224831"}],"collection":[{"href":"https:\/\/compuviper.mx\/tienda\/wp-json\/wp\/v2\/product"}],"about":[{"href":"https:\/\/compuviper.mx\/tienda\/wp-json\/wp\/v2\/types\/product"}],"replies":[{"embeddable":true,"href":"https:\/\/compuviper.mx\/tienda\/wp-json\/wp\/v2\/comments?post=224831"}],"wp:featuredmedia":[{"embeddable":true,"href":"https:\/\/compuviper.mx\/tienda\/wp-json\/wp\/v2\/media\/224832"}],"wp:attachment":[{"href":"https:\/\/compuviper.mx\/tienda\/wp-json\/wp\/v2\/media?parent=224831"}],"wp:term":[{"taxonomy":"product_cat","embeddable":true,"href":"https:\/\/compuviper.mx\/tienda\/wp-json\/wp\/v2\/product_cat?post=224831"},{"taxonomy":"product_tag","embeddable":true,"href":"https:\/\/compuviper.mx\/tienda\/wp-json\/wp\/v2\/product_tag?post=224831"}],"curies":[{"name":"wp","href":"https:\/\/api.w.org\/{rel}","templated":true}]}}