{"id":224827,"date":"2026-04-02T01:55:36","date_gmt":"2026-04-02T07:55:36","guid":{"rendered":"https:\/\/compuviper.mx\/tienda\/producto\/sola-basic-isb-xl-32-22-310-220s-regulador-electronico-de-voltaje-xellence-de-10000va-bifasico-220-127\/"},"modified":"2026-04-02T01:55:36","modified_gmt":"2026-04-02T07:55:36","slug":"sola-basic-isb-xl-32-22-310-220s-regulador-electronico-de-voltaje-xellence-de-10000va-bifasico-220-127","status":"publish","type":"product","link":"https:\/\/compuviper.mx\/tienda\/producto\/sola-basic-isb-xl-32-22-310-220s-regulador-electronico-de-voltaje-xellence-de-10000va-bifasico-220-127\/","title":{"rendered":"Sola Basic Isb Xl-32-22-310-220s Regulador Electronico De Voltaje  Xellence De 10000va Bifasico 220\/127"},"content":{"rendered":"<table class=\"descripcion\">\n<tr>\n<td>Caracter\u00edsticas el\u00e9ctricas<\/td>\n<\/tr>\n<tr>\n<td>Entrada:<\/td>\n<\/tr>\n<tr>\n<td>Voltaje de l\u00ednea nominal: 220y\/127 v 2n ~,<\/td>\n<\/tr>\n<tr>\n<td>(bif\u00e1sico m\u00e1s neutro y tierra f\u00edsica)<\/td>\n<\/tr>\n<tr>\n<td>Rango de voltaje de l\u00ednea: 156 &#8211; 256\/90 \u0096 147 v 2n ~ (+ 16%, -29%)<\/td>\n<\/tr>\n<tr>\n<td>Corriente m\u00e1xima: 56 a (por fase)<\/td>\n<\/tr>\n<tr>\n<td>Frecuencia: 60 \u00b1 3 hz<\/td>\n<\/tr>\n<tr>\n<td> and #61472;factor de potencia: 0.98 m\u00ednimo<\/td>\n<\/tr>\n<tr>\n<td>Eficiencia: 99 %<\/td>\n<\/tr>\n<tr>\n<td>Sistema: bif\u00e1sico 3 hilos m\u00e1s tierra (f-f\u0096neutro\u0096tierra)<\/td>\n<\/tr>\n<tr>\n<td>Protecciones: interruptor termo magn\u00e9tico 2 polos de 63 a contra sobrecargas prolongadas y\/o corto circuito<\/td>\n<\/tr>\n<tr>\n<td>Salida:<\/td>\n<\/tr>\n<tr>\n<td>Tensi\u00f3n nominal: 220y\/127 v 2n ~<\/td>\n<\/tr>\n<tr>\n<td>Regulaci\u00f3n de tensi\u00f3n: \u00b1 5 %<\/td>\n<\/tr>\n<tr>\n<td>Capacidad: 10000 va<\/td>\n<\/tr>\n<tr>\n<td>Corriente m\u00e1xima: 39,4 a (por fase)<\/td>\n<\/tr>\n<tr>\n<td>Sobrecarga: 120 % durante 1 hr m\u00e1x., 200 % durante 20 seg. m\u00e1x., 400 % durante 10 ciclos m\u00e1x.<\/td>\n<\/tr>\n<tr>\n<td>Supresor de sobretensiones transitorias: tanto en modo com\u00fan como en modo transverso, protecci\u00f3n<\/td>\n<\/tr>\n<tr>\n<td>Total de 300 joule 9000 a\/650 v m\u00e1x. sujeci\u00f3n.<\/td>\n<\/tr>\n<tr>\n<td>Sistema: bif\u00e1sico 3 hilos m\u00e1s tierra (f-f\u0096neutro-tierra)<\/td>\n<\/tr>\n<tr>\n<td>Caracter\u00edsticas mec\u00e1nicas<\/td>\n<\/tr>\n<tr>\n<td>Panel frontal con indicadores luminosos (un grupo por cada fase)<\/td>\n<\/tr>\n<tr>\n<td>Regulando l\u00ednea baja.<\/td>\n<\/tr>\n<tr>\n<td>L\u00ednea normal.<\/td>\n<\/tr>\n<tr>\n<td>Regulando l\u00ednea alta.<\/td>\n<\/tr>\n<tr>\n<td>M\u00f3dulo de control operando.<\/td>\n<\/tr>\n<tr>\n<td>Voltaje de salida presente.<\/td>\n<\/tr>\n<tr>\n<td>Panel posterior con: tablilla de conexiones para l\u00ednea \u0096 carga<\/td>\n<\/tr>\n<tr>\n<td>Interruptor termo magn\u00e9tico de encendido \u0096 apagado y<\/td>\n<\/tr>\n<tr>\n<td>Protecci\u00f3n contra sobrecargas prolongadas y\/o corto circuito.<\/td>\n<\/tr>\n<tr>\n<td>2 recept\u00e1culos de salida, uno por fase, tipo nema 5-15r.<\/td>\n<\/tr>\n<tr>\n<td>2 chiqueadores para soportar los ductos de cableado de la instalaci\u00f3n del equipo.<\/td>\n<\/tr>\n<tr>\n<td>Gabinete, tipo nema-1, met\u00e1lico de gran robustez, tipo auto soportado, al ser port\u00e1til se puede instalar pr\u00e1cticamente en cualquier lugar, en acabado con pintura electrost\u00e1tica color arena.<\/td>\n<\/tr>\n<tr>\n<td>Este regulador es para servicio interior.<\/td>\n<\/tr>\n<tr>\n<td>Importante.- este equipo no debe operar sin el neutro de la l\u00ednea.<\/td>\n<\/tr>\n<tr>\n<td> peso y dimensiones<\/td>\n<\/tr>\n<tr>\n<td>Peso 40.8 kg<\/td>\n<\/tr>\n<tr>\n<td>Ancho 29,5 cm<\/td>\n<\/tr>\n<tr>\n<td>Fondo 37,5 cm<\/td>\n<\/tr>\n<tr>\n<td>Altura 46,6 cm<\/td>\n<\/tr>\n<tr>\n<td>Caracter\u00edsticas ambientales<\/td>\n<\/tr>\n<tr>\n<td>Temperatura ambiente de operaci\u00f3n -20\u00b0 a 50\u00b0 c<\/td>\n<\/tr>\n<tr>\n<td>Temperatura de almacenamiento -20\u00b0 a 70\u00b0 c<\/td>\n<\/tr>\n<tr>\n<td>Altura m\u00e1xima de operaci\u00f3n 3 000 m.s.n.m.<\/td>\n<\/tr>\n<tr>\n<td>Humedad relativa (sin condensaci\u00f3n) 0 a 95 % 2 a\u00f1os de garant\u00eda<\/td>\n<\/tr>\n<\/table>\n","protected":false},"excerpt":{"rendered":"<p>El regulador electr\u00f3nico de voltaje xellence10000 xl32-22-310-220s. Sola basic es un producto que conjuga la robustez de un transformador de potencia tipo autotransformador con la muy alta precisi\u00f3n y velocidad de un circuito de control operado con, microcontrolador (\u00faltima generaci\u00f3n de microprocesadores originando con todo ello, un equipo que puede operar ininterrumpidamente.<\/p>\n","protected":false},"featured_media":224828,"comment_status":"open","ping_status":"open","template":"","meta":[],"product_cat":[1508,1802],"product_tag":[1696],"acf":[],"yoast_head":"<!-- This site is optimized with the Yoast SEO plugin v21.7 - https:\/\/yoast.com\/wordpress\/plugins\/seo\/ -->\n<title>[ Sola Basic Isb ] &#129351; Xl-32-22-310-220s Regulador Electronico De Voltaje Xellence De 10000va Bifasico 220\/127<\/title>\n<meta name=\"description\" content=\"Compra Xl-32-22-310-220s Regulador Electronico De Voltaje Xellence De 10000va Bifasico 220\/127 + Env\u00edo a domicilio + Pago seguro + Garant\u00eda\" \/>\n<meta name=\"robots\" content=\"index, follow, max-snippet:-1, max-image-preview:large, max-video-preview:-1\" \/>\n<link rel=\"canonical\" href=\"https:\/\/compuviper.mx\/tienda\/producto\/sola-basic-isb-xl-32-22-310-220s-regulador-electronico-de-voltaje-xellence-de-10000va-bifasico-220-127\/\" \/>\n<meta property=\"og:locale\" content=\"es_MX\" \/>\n<meta property=\"og:type\" content=\"article\" \/>\n<meta property=\"og:title\" content=\"[ Sola Basic Isb ] &#129351; Xl-32-22-310-220s Regulador Electronico De Voltaje Xellence De 10000va Bifasico 220\/127\" \/>\n<meta property=\"og:description\" content=\"Compra Xl-32-22-310-220s Regulador Electronico De Voltaje Xellence De 10000va Bifasico 220\/127 + Env\u00edo a domicilio + Pago seguro + Garant\u00eda\" \/>\n<meta property=\"og:url\" content=\"https:\/\/compuviper.mx\/tienda\/producto\/sola-basic-isb-xl-32-22-310-220s-regulador-electronico-de-voltaje-xellence-de-10000va-bifasico-220-127\/\" \/>\n<meta property=\"og:site_name\" content=\"Compuviper\" \/>\n<meta property=\"article:publisher\" content=\"https:\/\/www.facebook.com\/compuviper\" \/>\n<meta property=\"og:image\" content=\"https:\/\/compuviper.mx\/tienda\/wp-content\/uploads\/2023\/12\/Regulador-electronico-de-voltaje-sola-basic-isb-xellence-de-10000va-bifasico-220127.jpg\" \/>\n\t<meta property=\"og:image:width\" content=\"200\" \/>\n\t<meta property=\"og:image:height\" content=\"200\" \/>\n\t<meta property=\"og:image:type\" content=\"image\/jpeg\" \/>\n<meta name=\"twitter:card\" content=\"summary_large_image\" \/>\n<meta name=\"twitter:label1\" content=\"Precio\" \/>\n\t<meta name=\"twitter:data1\" content=\"&#36;19,243 con IVA\" \/>\n\t<meta name=\"twitter:label2\" content=\"Availability\" \/>\n\t<meta name=\"twitter:data2\" content=\"On backorder\" \/>\n<script type=\"application\/ld+json\" class=\"yoast-schema-graph\">{\"@context\":\"https:\/\/schema.org\",\"@graph\":[{\"@type\":\"WebPage\",\"@id\":\"https:\/\/compuviper.mx\/tienda\/producto\/sola-basic-isb-xl-32-22-310-220s-regulador-electronico-de-voltaje-xellence-de-10000va-bifasico-220-127\/\",\"url\":\"https:\/\/compuviper.mx\/tienda\/producto\/sola-basic-isb-xl-32-22-310-220s-regulador-electronico-de-voltaje-xellence-de-10000va-bifasico-220-127\/\",\"name\":\"[ Sola Basic Isb ] &#129351; Xl-32-22-310-220s Regulador Electronico De Voltaje Xellence De 10000va Bifasico 220\/127\",\"isPartOf\":{\"@id\":\"https:\/\/compuviper.mx\/tienda\/#website\"},\"datePublished\":\"2026-04-02T07:55:36+00:00\",\"dateModified\":\"2026-04-02T07:55:36+00:00\",\"description\":\"Compra Xl-32-22-310-220s Regulador Electronico De Voltaje Xellence De 10000va Bifasico 220\/127 + Env\u00edo a domicilio + Pago seguro + Garant\u00eda\",\"breadcrumb\":{\"@id\":\"https:\/\/compuviper.mx\/tienda\/producto\/sola-basic-isb-xl-32-22-310-220s-regulador-electronico-de-voltaje-xellence-de-10000va-bifasico-220-127\/#breadcrumb\"},\"inLanguage\":\"es-MX\",\"potentialAction\":[{\"@type\":\"ReadAction\",\"target\":[\"https:\/\/compuviper.mx\/tienda\/producto\/sola-basic-isb-xl-32-22-310-220s-regulador-electronico-de-voltaje-xellence-de-10000va-bifasico-220-127\/\"]}]},{\"@type\":\"BreadcrumbList\",\"@id\":\"https:\/\/compuviper.mx\/tienda\/producto\/sola-basic-isb-xl-32-22-310-220s-regulador-electronico-de-voltaje-xellence-de-10000va-bifasico-220-127\/#breadcrumb\",\"itemListElement\":[{\"@type\":\"ListItem\",\"position\":1,\"name\":\"Inicio\",\"item\":\"https:\/\/compuviper.mx\/tienda\/\"},{\"@type\":\"ListItem\",\"position\":2,\"name\":\"Productos\",\"item\":\"https:\/\/compuviper.mx\/tienda\/productos\/\"},{\"@type\":\"ListItem\",\"position\":3,\"name\":\"Energia\",\"item\":\"https:\/\/compuviper.mx\/tienda\/categoria-producto\/energia\/\"},{\"@type\":\"ListItem\",\"position\":4,\"name\":\"Regulador\",\"item\":\"https:\/\/compuviper.mx\/tienda\/categoria-producto\/energia\/regulador\/\"},{\"@type\":\"ListItem\",\"position\":5,\"name\":\"Sola Basic Isb Xl-32-22-310-220s Regulador Electronico De Voltaje Xellence De 10000va Bifasico 220\/127\"}]},{\"@type\":\"WebSite\",\"@id\":\"https:\/\/compuviper.mx\/tienda\/#website\",\"url\":\"https:\/\/compuviper.mx\/tienda\/\",\"name\":\"Compuviper\",\"description\":\"Proveedor de Computadoras, Laptops, Servidores, Monitores, Puntos de Venta, Teclados,   Impresoras, T\u00f3ner, C\u00e1maras de Seguridad y m\u00e1s en tu tienda en l\u00ednea\",\"publisher\":{\"@id\":\"https:\/\/compuviper.mx\/tienda\/#organization\"},\"potentialAction\":[{\"@type\":\"SearchAction\",\"target\":{\"@type\":\"EntryPoint\",\"urlTemplate\":\"https:\/\/compuviper.mx\/tienda\/?s={search_term_string}\"},\"query-input\":\"required name=search_term_string\"}],\"inLanguage\":\"es-MX\"},{\"@type\":\"Organization\",\"@id\":\"https:\/\/compuviper.mx\/tienda\/#organization\",\"name\":\"Compuviper\",\"url\":\"https:\/\/compuviper.mx\/tienda\/\",\"logo\":{\"@type\":\"ImageObject\",\"inLanguage\":\"es-MX\",\"@id\":\"https:\/\/compuviper.mx\/tienda\/#\/schema\/logo\/image\/\",\"url\":\"https:\/\/compuviper.mx\/tienda\/wp-content\/uploads\/2021\/08\/Logo-Compuviper-10.png\",\"contentUrl\":\"https:\/\/compuviper.mx\/tienda\/wp-content\/uploads\/2021\/08\/Logo-Compuviper-10.png\",\"width\":1000,\"height\":500,\"caption\":\"Compuviper\"},\"image\":{\"@id\":\"https:\/\/compuviper.mx\/tienda\/#\/schema\/logo\/image\/\"},\"sameAs\":[\"https:\/\/www.facebook.com\/compuviper\",\"https:\/\/www.youtube.com\/channel\/UCf73dERp9Y3cfOq7q8BhLjA?view_as=subscriber\"]}]}<\/script>\n<meta property=\"product:brand\" content=\"SOLA BASIC ISB\" \/>\n<meta property=\"product:price:amount\" content=\"19243\" \/>\n<meta property=\"product:price:currency\" content=\"MXN\" \/>\n<meta property=\"og:availability\" content=\"backorder\" \/>\n<meta property=\"product:availability\" content=\"available for order\" \/>\n<meta property=\"product:retailer_item_id\" content=\"XL-32-22-310-220S\" \/>\n<meta property=\"product:condition\" content=\"new\" \/>\n<!-- \/ Yoast SEO plugin. -->","yoast_head_json":{"title":"[ Sola Basic Isb ] &#129351; Xl-32-22-310-220s Regulador Electronico De Voltaje Xellence De 10000va Bifasico 220\/127","description":"Compra Xl-32-22-310-220s Regulador Electronico De Voltaje Xellence De 10000va Bifasico 220\/127 + Env\u00edo a domicilio + Pago seguro + Garant\u00eda","robots":{"index":"index","follow":"follow","max-snippet":"max-snippet:-1","max-image-preview":"max-image-preview:large","max-video-preview":"max-video-preview:-1"},"canonical":"https:\/\/compuviper.mx\/tienda\/producto\/sola-basic-isb-xl-32-22-310-220s-regulador-electronico-de-voltaje-xellence-de-10000va-bifasico-220-127\/","og_locale":"es_MX","og_type":"article","og_title":"[ Sola Basic Isb ] &#129351; Xl-32-22-310-220s Regulador Electronico De Voltaje Xellence De 10000va Bifasico 220\/127","og_description":"Compra Xl-32-22-310-220s Regulador Electronico De Voltaje Xellence De 10000va Bifasico 220\/127 + Env\u00edo a domicilio + Pago seguro + Garant\u00eda","og_url":"https:\/\/compuviper.mx\/tienda\/producto\/sola-basic-isb-xl-32-22-310-220s-regulador-electronico-de-voltaje-xellence-de-10000va-bifasico-220-127\/","og_site_name":"Compuviper","article_publisher":"https:\/\/www.facebook.com\/compuviper","og_image":[{"width":200,"height":200,"url":"https:\/\/compuviper.mx\/tienda\/wp-content\/uploads\/2023\/12\/Regulador-electronico-de-voltaje-sola-basic-isb-xellence-de-10000va-bifasico-220127.jpg","type":"image\/jpeg"}],"twitter_card":"summary_large_image","twitter_misc":{"Precio":"&#36;19,243 con IVA","Availability":"On backorder"},"schema":{"@context":"https:\/\/schema.org","@graph":[{"@type":"WebPage","@id":"https:\/\/compuviper.mx\/tienda\/producto\/sola-basic-isb-xl-32-22-310-220s-regulador-electronico-de-voltaje-xellence-de-10000va-bifasico-220-127\/","url":"https:\/\/compuviper.mx\/tienda\/producto\/sola-basic-isb-xl-32-22-310-220s-regulador-electronico-de-voltaje-xellence-de-10000va-bifasico-220-127\/","name":"[ Sola Basic Isb ] &#129351; Xl-32-22-310-220s Regulador Electronico De Voltaje Xellence De 10000va Bifasico 220\/127","isPartOf":{"@id":"https:\/\/compuviper.mx\/tienda\/#website"},"datePublished":"2026-04-02T07:55:36+00:00","dateModified":"2026-04-02T07:55:36+00:00","description":"Compra Xl-32-22-310-220s Regulador Electronico De Voltaje Xellence De 10000va Bifasico 220\/127 + Env\u00edo a domicilio + Pago seguro + Garant\u00eda","breadcrumb":{"@id":"https:\/\/compuviper.mx\/tienda\/producto\/sola-basic-isb-xl-32-22-310-220s-regulador-electronico-de-voltaje-xellence-de-10000va-bifasico-220-127\/#breadcrumb"},"inLanguage":"es-MX","potentialAction":[{"@type":"ReadAction","target":["https:\/\/compuviper.mx\/tienda\/producto\/sola-basic-isb-xl-32-22-310-220s-regulador-electronico-de-voltaje-xellence-de-10000va-bifasico-220-127\/"]}]},{"@type":"BreadcrumbList","@id":"https:\/\/compuviper.mx\/tienda\/producto\/sola-basic-isb-xl-32-22-310-220s-regulador-electronico-de-voltaje-xellence-de-10000va-bifasico-220-127\/#breadcrumb","itemListElement":[{"@type":"ListItem","position":1,"name":"Inicio","item":"https:\/\/compuviper.mx\/tienda\/"},{"@type":"ListItem","position":2,"name":"Productos","item":"https:\/\/compuviper.mx\/tienda\/productos\/"},{"@type":"ListItem","position":3,"name":"Energia","item":"https:\/\/compuviper.mx\/tienda\/categoria-producto\/energia\/"},{"@type":"ListItem","position":4,"name":"Regulador","item":"https:\/\/compuviper.mx\/tienda\/categoria-producto\/energia\/regulador\/"},{"@type":"ListItem","position":5,"name":"Sola Basic Isb Xl-32-22-310-220s Regulador Electronico De Voltaje Xellence De 10000va Bifasico 220\/127"}]},{"@type":"WebSite","@id":"https:\/\/compuviper.mx\/tienda\/#website","url":"https:\/\/compuviper.mx\/tienda\/","name":"Compuviper","description":"Proveedor de Computadoras, Laptops, Servidores, Monitores, Puntos de Venta, Teclados,   Impresoras, T\u00f3ner, C\u00e1maras de Seguridad y m\u00e1s en tu tienda en l\u00ednea","publisher":{"@id":"https:\/\/compuviper.mx\/tienda\/#organization"},"potentialAction":[{"@type":"SearchAction","target":{"@type":"EntryPoint","urlTemplate":"https:\/\/compuviper.mx\/tienda\/?s={search_term_string}"},"query-input":"required name=search_term_string"}],"inLanguage":"es-MX"},{"@type":"Organization","@id":"https:\/\/compuviper.mx\/tienda\/#organization","name":"Compuviper","url":"https:\/\/compuviper.mx\/tienda\/","logo":{"@type":"ImageObject","inLanguage":"es-MX","@id":"https:\/\/compuviper.mx\/tienda\/#\/schema\/logo\/image\/","url":"https:\/\/compuviper.mx\/tienda\/wp-content\/uploads\/2021\/08\/Logo-Compuviper-10.png","contentUrl":"https:\/\/compuviper.mx\/tienda\/wp-content\/uploads\/2021\/08\/Logo-Compuviper-10.png","width":1000,"height":500,"caption":"Compuviper"},"image":{"@id":"https:\/\/compuviper.mx\/tienda\/#\/schema\/logo\/image\/"},"sameAs":["https:\/\/www.facebook.com\/compuviper","https:\/\/www.youtube.com\/channel\/UCf73dERp9Y3cfOq7q8BhLjA?view_as=subscriber"]}]},"product_brand":"SOLA BASIC ISB","product_price_amount":"19243","product_price_currency":"MXN","og_availability":"backorder","product_availability":"available for order","product_retailer_item_id":"XL-32-22-310-220S","product_condition":"new"},"_links":{"self":[{"href":"https:\/\/compuviper.mx\/tienda\/wp-json\/wp\/v2\/product\/224827"}],"collection":[{"href":"https:\/\/compuviper.mx\/tienda\/wp-json\/wp\/v2\/product"}],"about":[{"href":"https:\/\/compuviper.mx\/tienda\/wp-json\/wp\/v2\/types\/product"}],"replies":[{"embeddable":true,"href":"https:\/\/compuviper.mx\/tienda\/wp-json\/wp\/v2\/comments?post=224827"}],"wp:featuredmedia":[{"embeddable":true,"href":"https:\/\/compuviper.mx\/tienda\/wp-json\/wp\/v2\/media\/224828"}],"wp:attachment":[{"href":"https:\/\/compuviper.mx\/tienda\/wp-json\/wp\/v2\/media?parent=224827"}],"wp:term":[{"taxonomy":"product_cat","embeddable":true,"href":"https:\/\/compuviper.mx\/tienda\/wp-json\/wp\/v2\/product_cat?post=224827"},{"taxonomy":"product_tag","embeddable":true,"href":"https:\/\/compuviper.mx\/tienda\/wp-json\/wp\/v2\/product_tag?post=224827"}],"curies":[{"name":"wp","href":"https:\/\/api.w.org\/{rel}","templated":true}]}}