{"id":224813,"date":"2026-04-23T01:52:32","date_gmt":"2026-04-23T07:52:32","guid":{"rendered":"https:\/\/compuviper.mx\/tienda\/producto\/smartbitt-sbavr2200-regulador-de-voltaje-2200va-1100w-8-contactos-proteccion-telefonica\/"},"modified":"2026-04-23T01:52:32","modified_gmt":"2026-04-23T07:52:32","slug":"smartbitt-sbavr2200-regulador-de-voltaje-2200va-1100w-8-contactos-proteccin-de-lnea-telefnica-rj-11","status":"publish","type":"product","link":"https:\/\/compuviper.mx\/tienda\/producto\/smartbitt-sbavr2200-regulador-de-voltaje-2200va-1100w-8-contactos-proteccin-de-lnea-telefnica-rj-11\/","title":{"rendered":"Smartbitt Sbavr2200 Regulador De Voltaje     2200va\/1100w, 8 Contactos, Proteccin De Lnea Telefnica Rj-11"},"content":{"rendered":"<table class=\"descripcion\">\n<tr>\n<td>Regulador de voltaje smartbitt:<\/td>\n<\/tr>\n<tr>\n<td>8 contactos con regulacion de voltaje y supresion de picos<\/td>\n<\/tr>\n<tr>\n<td>Tipo de tomacorriente salida 8 nemas 5-15r.<\/td>\n<\/tr>\n<tr>\n<td>Frecuencia nominal 50\/60 hz<\/td>\n<\/tr>\n<tr>\n<td>Voltaje nominal 120vca +\/- 10%<\/td>\n<\/tr>\n<tr>\n<td>Rango de regulaci\u00f3n entrada 90 vca &#8211; 145 vca<\/td>\n<\/tr>\n<tr>\n<td>Tipo de tomacorriente entrada nema 5-15p<\/td>\n<\/tr>\n<tr>\n<td>Supresi\u00f3n de picos de voltaje 20 j<\/td>\n<\/tr>\n<tr>\n<td>Sobre carga 12 a<\/td>\n<\/tr>\n<tr>\n<td>L\u00ednea an\u00e1loga tel\u00e9fono\/modem rj11<\/td>\n<\/tr>\n<tr>\n<td>Breaker elecronico interruptor con restablecimiento.<\/td>\n<\/tr>\n<tr>\n<td>Indicador led.<\/td>\n<\/tr>\n<tr>\n<td>Led de encendido color verde<\/td>\n<\/tr>\n<tr>\n<td>Led regulaci\u00f3n color ambar<\/td>\n<\/tr>\n<tr>\n<td>Montaje  pered\/piso con perforaciones<\/td>\n<\/tr>\n<tr>\n<td>Temperatura de operaci\u00f3n 0-40 c\u00b0<\/td>\n<\/tr>\n<tr>\n<td>Humedad relativa 0-95%<\/td>\n<\/tr>\n<tr>\n<td>Nivel de ruido   40 db<\/td>\n<\/tr>\n<tr>\n<td>Elevaci\u00f3n operativa 0-2000 s.n.m.<\/td>\n<\/tr>\n<tr>\n<td>Garant\u00eda por defecto de f\u00e1brica 5 a\u00f1os<\/td>\n<\/tr>\n<\/table>\n","protected":false},"excerpt":{"rendered":"<p>Regulador ideal para. Consolas de videojuegos. Modems de internet. Tvs. Blu-ray. Portatiles, mac y pc. Con la mejor tecnolog\u00eda del mercado<\/p>\n","protected":false},"featured_media":224814,"comment_status":"open","ping_status":"open","template":"","meta":[],"product_cat":[1508,1802],"product_tag":[1583],"acf":[],"yoast_head":"<!-- This site is optimized with the Yoast SEO plugin v21.7 - https:\/\/yoast.com\/wordpress\/plugins\/seo\/ -->\n<title>[ Smartbitt ] &#129351; Sbavr2200 Regulador De Voltaje 2200va\/1100w, 8 Contactos, Proteccin De Lnea Telefnica Rj-11<\/title>\n<meta name=\"description\" content=\"Compra Sbavr2200 Regulador De Voltaje 2200va\/1100w, 8 Contactos, Proteccin De Lnea Telefnica Rj-11 + Env\u00edo a domicilio + Pago seguro + Garant\u00eda\" \/>\n<meta name=\"robots\" content=\"index, follow, max-snippet:-1, max-image-preview:large, max-video-preview:-1\" \/>\n<link rel=\"canonical\" href=\"https:\/\/compuviper.mx\/tienda\/producto\/smartbitt-sbavr2200-regulador-de-voltaje-2200va-1100w-8-contactos-proteccin-de-lnea-telefnica-rj-11\/\" \/>\n<meta property=\"og:locale\" content=\"es_MX\" \/>\n<meta property=\"og:type\" content=\"article\" \/>\n<meta property=\"og:title\" content=\"[ Smartbitt ] &#129351; Sbavr2200 Regulador De Voltaje 2200va\/1100w, 8 Contactos, Proteccin De Lnea Telefnica Rj-11\" \/>\n<meta property=\"og:description\" content=\"Compra Sbavr2200 Regulador De Voltaje 2200va\/1100w, 8 Contactos, Proteccin De Lnea Telefnica Rj-11 + Env\u00edo a domicilio + Pago seguro + Garant\u00eda\" \/>\n<meta property=\"og:url\" content=\"https:\/\/compuviper.mx\/tienda\/producto\/smartbitt-sbavr2200-regulador-de-voltaje-2200va-1100w-8-contactos-proteccin-de-lnea-telefnica-rj-11\/\" \/>\n<meta property=\"og:site_name\" content=\"Compuviper\" \/>\n<meta property=\"article:publisher\" content=\"https:\/\/www.facebook.com\/compuviper\" \/>\n<meta property=\"og:image\" content=\"https:\/\/compuviper.mx\/tienda\/wp-content\/uploads\/2023\/12\/Regulador-de-voltaje-smartbitt-2200va1100w-8-contactos-proteccion-telefonica.jpg\" \/>\n\t<meta property=\"og:image:width\" content=\"200\" \/>\n\t<meta property=\"og:image:height\" content=\"200\" \/>\n\t<meta property=\"og:image:type\" content=\"image\/jpeg\" \/>\n<meta name=\"twitter:card\" content=\"summary_large_image\" \/>\n<meta name=\"twitter:label1\" content=\"Precio\" \/>\n\t<meta name=\"twitter:data1\" content=\"&#36;363 con IVA\" \/>\n\t<meta name=\"twitter:label2\" content=\"Availability\" \/>\n\t<meta name=\"twitter:data2\" content=\"In stock\" \/>\n<script type=\"application\/ld+json\" class=\"yoast-schema-graph\">{\"@context\":\"https:\/\/schema.org\",\"@graph\":[{\"@type\":\"WebPage\",\"@id\":\"https:\/\/compuviper.mx\/tienda\/producto\/smartbitt-sbavr2200-regulador-de-voltaje-2200va-1100w-8-contactos-proteccin-de-lnea-telefnica-rj-11\/\",\"url\":\"https:\/\/compuviper.mx\/tienda\/producto\/smartbitt-sbavr2200-regulador-de-voltaje-2200va-1100w-8-contactos-proteccin-de-lnea-telefnica-rj-11\/\",\"name\":\"[ Smartbitt ] &#129351; Sbavr2200 Regulador De Voltaje 2200va\/1100w, 8 Contactos, Proteccin De Lnea Telefnica Rj-11\",\"isPartOf\":{\"@id\":\"https:\/\/compuviper.mx\/tienda\/#website\"},\"datePublished\":\"2026-04-23T07:52:32+00:00\",\"dateModified\":\"2026-04-23T07:52:32+00:00\",\"description\":\"Compra Sbavr2200 Regulador De Voltaje 2200va\/1100w, 8 Contactos, Proteccin De Lnea Telefnica Rj-11 + Env\u00edo a domicilio + Pago seguro + Garant\u00eda\",\"breadcrumb\":{\"@id\":\"https:\/\/compuviper.mx\/tienda\/producto\/smartbitt-sbavr2200-regulador-de-voltaje-2200va-1100w-8-contactos-proteccin-de-lnea-telefnica-rj-11\/#breadcrumb\"},\"inLanguage\":\"es-MX\",\"potentialAction\":[{\"@type\":\"ReadAction\",\"target\":[\"https:\/\/compuviper.mx\/tienda\/producto\/smartbitt-sbavr2200-regulador-de-voltaje-2200va-1100w-8-contactos-proteccin-de-lnea-telefnica-rj-11\/\"]}]},{\"@type\":\"BreadcrumbList\",\"@id\":\"https:\/\/compuviper.mx\/tienda\/producto\/smartbitt-sbavr2200-regulador-de-voltaje-2200va-1100w-8-contactos-proteccin-de-lnea-telefnica-rj-11\/#breadcrumb\",\"itemListElement\":[{\"@type\":\"ListItem\",\"position\":1,\"name\":\"Inicio\",\"item\":\"https:\/\/compuviper.mx\/tienda\/\"},{\"@type\":\"ListItem\",\"position\":2,\"name\":\"Productos\",\"item\":\"https:\/\/compuviper.mx\/tienda\/productos\/\"},{\"@type\":\"ListItem\",\"position\":3,\"name\":\"Energia\",\"item\":\"https:\/\/compuviper.mx\/tienda\/categoria-producto\/energia\/\"},{\"@type\":\"ListItem\",\"position\":4,\"name\":\"Regulador\",\"item\":\"https:\/\/compuviper.mx\/tienda\/categoria-producto\/energia\/regulador\/\"},{\"@type\":\"ListItem\",\"position\":5,\"name\":\"Smartbitt Sbavr2200 Regulador De Voltaje 2200va\/1100w, 8 Contactos, Proteccin De Lnea Telefnica Rj-11\"}]},{\"@type\":\"WebSite\",\"@id\":\"https:\/\/compuviper.mx\/tienda\/#website\",\"url\":\"https:\/\/compuviper.mx\/tienda\/\",\"name\":\"Compuviper\",\"description\":\"Proveedor de Computadoras, Laptops, Servidores, Monitores, Puntos de Venta, Teclados,   Impresoras, T\u00f3ner, C\u00e1maras de Seguridad y m\u00e1s en tu tienda en l\u00ednea\",\"publisher\":{\"@id\":\"https:\/\/compuviper.mx\/tienda\/#organization\"},\"potentialAction\":[{\"@type\":\"SearchAction\",\"target\":{\"@type\":\"EntryPoint\",\"urlTemplate\":\"https:\/\/compuviper.mx\/tienda\/?s={search_term_string}\"},\"query-input\":\"required name=search_term_string\"}],\"inLanguage\":\"es-MX\"},{\"@type\":\"Organization\",\"@id\":\"https:\/\/compuviper.mx\/tienda\/#organization\",\"name\":\"Compuviper\",\"url\":\"https:\/\/compuviper.mx\/tienda\/\",\"logo\":{\"@type\":\"ImageObject\",\"inLanguage\":\"es-MX\",\"@id\":\"https:\/\/compuviper.mx\/tienda\/#\/schema\/logo\/image\/\",\"url\":\"https:\/\/compuviper.mx\/tienda\/wp-content\/uploads\/2021\/08\/Logo-Compuviper-10.png\",\"contentUrl\":\"https:\/\/compuviper.mx\/tienda\/wp-content\/uploads\/2021\/08\/Logo-Compuviper-10.png\",\"width\":1000,\"height\":500,\"caption\":\"Compuviper\"},\"image\":{\"@id\":\"https:\/\/compuviper.mx\/tienda\/#\/schema\/logo\/image\/\"},\"sameAs\":[\"https:\/\/www.facebook.com\/compuviper\",\"https:\/\/www.youtube.com\/channel\/UCf73dERp9Y3cfOq7q8BhLjA?view_as=subscriber\"]}]}<\/script>\n<meta property=\"product:brand\" content=\"SMARTBITT\" \/>\n<meta property=\"product:price:amount\" content=\"363\" \/>\n<meta property=\"product:price:currency\" content=\"MXN\" \/>\n<meta property=\"og:availability\" content=\"instock\" \/>\n<meta property=\"product:availability\" content=\"instock\" \/>\n<meta property=\"product:retailer_item_id\" content=\"SBAVR2200\" \/>\n<meta property=\"product:condition\" content=\"new\" \/>\n<!-- \/ Yoast SEO plugin. -->","yoast_head_json":{"title":"[ Smartbitt ] &#129351; Sbavr2200 Regulador De Voltaje 2200va\/1100w, 8 Contactos, Proteccin De Lnea Telefnica Rj-11","description":"Compra Sbavr2200 Regulador De Voltaje 2200va\/1100w, 8 Contactos, Proteccin De Lnea Telefnica Rj-11 + Env\u00edo a domicilio + Pago seguro + Garant\u00eda","robots":{"index":"index","follow":"follow","max-snippet":"max-snippet:-1","max-image-preview":"max-image-preview:large","max-video-preview":"max-video-preview:-1"},"canonical":"https:\/\/compuviper.mx\/tienda\/producto\/smartbitt-sbavr2200-regulador-de-voltaje-2200va-1100w-8-contactos-proteccin-de-lnea-telefnica-rj-11\/","og_locale":"es_MX","og_type":"article","og_title":"[ Smartbitt ] &#129351; Sbavr2200 Regulador De Voltaje 2200va\/1100w, 8 Contactos, Proteccin De Lnea Telefnica Rj-11","og_description":"Compra Sbavr2200 Regulador De Voltaje 2200va\/1100w, 8 Contactos, Proteccin De Lnea Telefnica Rj-11 + Env\u00edo a domicilio + Pago seguro + Garant\u00eda","og_url":"https:\/\/compuviper.mx\/tienda\/producto\/smartbitt-sbavr2200-regulador-de-voltaje-2200va-1100w-8-contactos-proteccin-de-lnea-telefnica-rj-11\/","og_site_name":"Compuviper","article_publisher":"https:\/\/www.facebook.com\/compuviper","og_image":[{"width":200,"height":200,"url":"https:\/\/compuviper.mx\/tienda\/wp-content\/uploads\/2023\/12\/Regulador-de-voltaje-smartbitt-2200va1100w-8-contactos-proteccion-telefonica.jpg","type":"image\/jpeg"}],"twitter_card":"summary_large_image","twitter_misc":{"Precio":"&#36;363 con IVA","Availability":"In stock"},"schema":{"@context":"https:\/\/schema.org","@graph":[{"@type":"WebPage","@id":"https:\/\/compuviper.mx\/tienda\/producto\/smartbitt-sbavr2200-regulador-de-voltaje-2200va-1100w-8-contactos-proteccin-de-lnea-telefnica-rj-11\/","url":"https:\/\/compuviper.mx\/tienda\/producto\/smartbitt-sbavr2200-regulador-de-voltaje-2200va-1100w-8-contactos-proteccin-de-lnea-telefnica-rj-11\/","name":"[ Smartbitt ] &#129351; Sbavr2200 Regulador De Voltaje 2200va\/1100w, 8 Contactos, Proteccin De Lnea Telefnica Rj-11","isPartOf":{"@id":"https:\/\/compuviper.mx\/tienda\/#website"},"datePublished":"2026-04-23T07:52:32+00:00","dateModified":"2026-04-23T07:52:32+00:00","description":"Compra Sbavr2200 Regulador De Voltaje 2200va\/1100w, 8 Contactos, Proteccin De Lnea Telefnica Rj-11 + Env\u00edo a domicilio + Pago seguro + Garant\u00eda","breadcrumb":{"@id":"https:\/\/compuviper.mx\/tienda\/producto\/smartbitt-sbavr2200-regulador-de-voltaje-2200va-1100w-8-contactos-proteccin-de-lnea-telefnica-rj-11\/#breadcrumb"},"inLanguage":"es-MX","potentialAction":[{"@type":"ReadAction","target":["https:\/\/compuviper.mx\/tienda\/producto\/smartbitt-sbavr2200-regulador-de-voltaje-2200va-1100w-8-contactos-proteccin-de-lnea-telefnica-rj-11\/"]}]},{"@type":"BreadcrumbList","@id":"https:\/\/compuviper.mx\/tienda\/producto\/smartbitt-sbavr2200-regulador-de-voltaje-2200va-1100w-8-contactos-proteccin-de-lnea-telefnica-rj-11\/#breadcrumb","itemListElement":[{"@type":"ListItem","position":1,"name":"Inicio","item":"https:\/\/compuviper.mx\/tienda\/"},{"@type":"ListItem","position":2,"name":"Productos","item":"https:\/\/compuviper.mx\/tienda\/productos\/"},{"@type":"ListItem","position":3,"name":"Energia","item":"https:\/\/compuviper.mx\/tienda\/categoria-producto\/energia\/"},{"@type":"ListItem","position":4,"name":"Regulador","item":"https:\/\/compuviper.mx\/tienda\/categoria-producto\/energia\/regulador\/"},{"@type":"ListItem","position":5,"name":"Smartbitt Sbavr2200 Regulador De Voltaje 2200va\/1100w, 8 Contactos, Proteccin De Lnea Telefnica Rj-11"}]},{"@type":"WebSite","@id":"https:\/\/compuviper.mx\/tienda\/#website","url":"https:\/\/compuviper.mx\/tienda\/","name":"Compuviper","description":"Proveedor de Computadoras, Laptops, Servidores, Monitores, Puntos de Venta, Teclados,   Impresoras, T\u00f3ner, C\u00e1maras de Seguridad y m\u00e1s en tu tienda en l\u00ednea","publisher":{"@id":"https:\/\/compuviper.mx\/tienda\/#organization"},"potentialAction":[{"@type":"SearchAction","target":{"@type":"EntryPoint","urlTemplate":"https:\/\/compuviper.mx\/tienda\/?s={search_term_string}"},"query-input":"required name=search_term_string"}],"inLanguage":"es-MX"},{"@type":"Organization","@id":"https:\/\/compuviper.mx\/tienda\/#organization","name":"Compuviper","url":"https:\/\/compuviper.mx\/tienda\/","logo":{"@type":"ImageObject","inLanguage":"es-MX","@id":"https:\/\/compuviper.mx\/tienda\/#\/schema\/logo\/image\/","url":"https:\/\/compuviper.mx\/tienda\/wp-content\/uploads\/2021\/08\/Logo-Compuviper-10.png","contentUrl":"https:\/\/compuviper.mx\/tienda\/wp-content\/uploads\/2021\/08\/Logo-Compuviper-10.png","width":1000,"height":500,"caption":"Compuviper"},"image":{"@id":"https:\/\/compuviper.mx\/tienda\/#\/schema\/logo\/image\/"},"sameAs":["https:\/\/www.facebook.com\/compuviper","https:\/\/www.youtube.com\/channel\/UCf73dERp9Y3cfOq7q8BhLjA?view_as=subscriber"]}]},"product_brand":"SMARTBITT","product_price_amount":"363","product_price_currency":"MXN","og_availability":"instock","product_availability":"instock","product_retailer_item_id":"SBAVR2200","product_condition":"new"},"_links":{"self":[{"href":"https:\/\/compuviper.mx\/tienda\/wp-json\/wp\/v2\/product\/224813"}],"collection":[{"href":"https:\/\/compuviper.mx\/tienda\/wp-json\/wp\/v2\/product"}],"about":[{"href":"https:\/\/compuviper.mx\/tienda\/wp-json\/wp\/v2\/types\/product"}],"replies":[{"embeddable":true,"href":"https:\/\/compuviper.mx\/tienda\/wp-json\/wp\/v2\/comments?post=224813"}],"wp:featuredmedia":[{"embeddable":true,"href":"https:\/\/compuviper.mx\/tienda\/wp-json\/wp\/v2\/media\/224814"}],"wp:attachment":[{"href":"https:\/\/compuviper.mx\/tienda\/wp-json\/wp\/v2\/media?parent=224813"}],"wp:term":[{"taxonomy":"product_cat","embeddable":true,"href":"https:\/\/compuviper.mx\/tienda\/wp-json\/wp\/v2\/product_cat?post=224813"},{"taxonomy":"product_tag","embeddable":true,"href":"https:\/\/compuviper.mx\/tienda\/wp-json\/wp\/v2\/product_tag?post=224813"}],"curies":[{"name":"wp","href":"https:\/\/api.w.org\/{rel}","templated":true}]}}