{"id":224803,"date":"2026-04-02T01:55:31","date_gmt":"2026-04-02T07:55:31","guid":{"rendered":"https:\/\/compuviper.mx\/tienda\/producto\/sola-basic-isb-xl-38-22-315-regulador-electronico-de-voltaje-xellence15000-3-fases-220y-127-vca\/"},"modified":"2026-04-02T01:55:31","modified_gmt":"2026-04-02T07:55:31","slug":"sola-basic-isb-xl-38-22-315-regulador-electronico-de-voltaje-xellence15000-3-fases-220y-127-vca","status":"publish","type":"product","link":"https:\/\/compuviper.mx\/tienda\/producto\/sola-basic-isb-xl-38-22-315-regulador-electronico-de-voltaje-xellence15000-3-fases-220y-127-vca\/","title":{"rendered":"Sola Basic Isb Xl-38-22-315 Regulador Electronico De Voltaje  Xellence15000 3 Fases 220y\/127 Vca."},"content":{"rendered":"<table class=\"descripcion\">\n<tr>\n<td>Especificaciones el\u00e9ctricas corriente m\u00e1xima 56 amperes por fase, frecuencia 60 +\/- 3 hz, factor de potencia 0,98 m\u00ednimo, eficiencia 99%, sistema trif\u00e1sico-estrella 4 hilos mas tierra, fase &#8211; fase \u0096 fase &#8211; neutro -tierra, protecciones interruptor termomagn\u00e9tico de 41.7 amperes contra sobrecargas prolongadas y\/o corto circuito.salida; tensi\u00f3n nominal 220y\/127 v~, regulaci\u00f3n de tensi\u00f3n +\/- 5%  (f-n), capacidad 9000 va, corriente m\u00e1xima 41.7 amperes por fase, sobrecarga al 120% durante 1h m\u00e1x., 200% durante 20 s m\u00e1x., 400% durante 10 ciclos m\u00e1x., supresor de sobretensiones transitorias tanto en modo com\u00fan como en modo transverso, protecci\u00f3n total de 300 joules 9000 a\/650 v m\u00e1x. sujeci\u00f3n. sistema trif\u00e1sico 4 hilos m\u00e1s tierra, fase &#8211; fase &#8211; fase &#8211; neutro -tierra, ancho 29,5 cm, fondo 37,5 cm, altura 69,5 cm, peso 60.5 kg. entrada con tabilla de conexi\u00f3n. salida con tabilla de conexi\u00f3n.y 1 receptaculo nema 5-15r por fase.<\/td>\n<\/tr>\n<\/table>\n","protected":false},"excerpt":{"rendered":"<p>El xellence 15000, al igual que todos los productos que fabrica industrias sola basic, re\u00fane mediante la avanzada y experimentada ingenier\u00eda de dise\u00f1o los componentes de la m\u00e1s alta calidad, mano de obra especializada y las t\u00e9cnicas de fabricaci\u00f3n m\u00e1s modernas para ofrecer un producto confiable y eficiente.<\/p>\n","protected":false},"featured_media":224804,"comment_status":"open","ping_status":"open","template":"","meta":[],"product_cat":[1508,1802],"product_tag":[1696],"acf":[],"yoast_head":"<!-- This site is optimized with the Yoast SEO plugin v21.7 - https:\/\/yoast.com\/wordpress\/plugins\/seo\/ -->\n<title>[ Sola Basic Isb ] &#129351; Xl-38-22-315 Regulador Electronico De Voltaje Xellence15000 3 Fases 220y\/127 Vca.<\/title>\n<meta name=\"description\" content=\"Compra Xl-38-22-315 Regulador Electronico De Voltaje Xellence15000 3 Fases 220y\/127 Vca. + Env\u00edo a domicilio + Pago seguro + Garant\u00eda\" \/>\n<meta name=\"robots\" content=\"index, follow, max-snippet:-1, max-image-preview:large, max-video-preview:-1\" \/>\n<link rel=\"canonical\" href=\"https:\/\/compuviper.mx\/tienda\/producto\/sola-basic-isb-xl-38-22-315-regulador-electronico-de-voltaje-xellence15000-3-fases-220y-127-vca\/\" \/>\n<meta property=\"og:locale\" content=\"es_MX\" \/>\n<meta property=\"og:type\" content=\"article\" \/>\n<meta property=\"og:title\" content=\"[ Sola Basic Isb ] &#129351; Xl-38-22-315 Regulador Electronico De Voltaje Xellence15000 3 Fases 220y\/127 Vca.\" \/>\n<meta property=\"og:description\" content=\"Compra Xl-38-22-315 Regulador Electronico De Voltaje Xellence15000 3 Fases 220y\/127 Vca. + Env\u00edo a domicilio + Pago seguro + Garant\u00eda\" \/>\n<meta property=\"og:url\" content=\"https:\/\/compuviper.mx\/tienda\/producto\/sola-basic-isb-xl-38-22-315-regulador-electronico-de-voltaje-xellence15000-3-fases-220y-127-vca\/\" \/>\n<meta property=\"og:site_name\" content=\"Compuviper\" \/>\n<meta property=\"article:publisher\" content=\"https:\/\/www.facebook.com\/compuviper\" \/>\n<meta property=\"og:image\" content=\"https:\/\/compuviper.mx\/tienda\/wp-content\/uploads\/2023\/12\/Regulador-electronico-de-voltaje-sola-basic-isb-xellence15000-3-fases-220y127-vca.jpg\" \/>\n\t<meta property=\"og:image:width\" content=\"200\" \/>\n\t<meta property=\"og:image:height\" content=\"200\" \/>\n\t<meta property=\"og:image:type\" content=\"image\/jpeg\" \/>\n<meta name=\"twitter:card\" content=\"summary_large_image\" \/>\n<meta name=\"twitter:label1\" content=\"Precio\" \/>\n\t<meta name=\"twitter:data1\" content=\"&#36;26,516 con IVA\" \/>\n\t<meta name=\"twitter:label2\" content=\"Availability\" \/>\n\t<meta name=\"twitter:data2\" content=\"On backorder\" \/>\n<script type=\"application\/ld+json\" class=\"yoast-schema-graph\">{\"@context\":\"https:\/\/schema.org\",\"@graph\":[{\"@type\":\"WebPage\",\"@id\":\"https:\/\/compuviper.mx\/tienda\/producto\/sola-basic-isb-xl-38-22-315-regulador-electronico-de-voltaje-xellence15000-3-fases-220y-127-vca\/\",\"url\":\"https:\/\/compuviper.mx\/tienda\/producto\/sola-basic-isb-xl-38-22-315-regulador-electronico-de-voltaje-xellence15000-3-fases-220y-127-vca\/\",\"name\":\"[ Sola Basic Isb ] &#129351; Xl-38-22-315 Regulador Electronico De Voltaje Xellence15000 3 Fases 220y\/127 Vca.\",\"isPartOf\":{\"@id\":\"https:\/\/compuviper.mx\/tienda\/#website\"},\"datePublished\":\"2026-04-02T07:55:31+00:00\",\"dateModified\":\"2026-04-02T07:55:31+00:00\",\"description\":\"Compra Xl-38-22-315 Regulador Electronico De Voltaje Xellence15000 3 Fases 220y\/127 Vca. + Env\u00edo a domicilio + Pago seguro + Garant\u00eda\",\"breadcrumb\":{\"@id\":\"https:\/\/compuviper.mx\/tienda\/producto\/sola-basic-isb-xl-38-22-315-regulador-electronico-de-voltaje-xellence15000-3-fases-220y-127-vca\/#breadcrumb\"},\"inLanguage\":\"es-MX\",\"potentialAction\":[{\"@type\":\"ReadAction\",\"target\":[\"https:\/\/compuviper.mx\/tienda\/producto\/sola-basic-isb-xl-38-22-315-regulador-electronico-de-voltaje-xellence15000-3-fases-220y-127-vca\/\"]}]},{\"@type\":\"BreadcrumbList\",\"@id\":\"https:\/\/compuviper.mx\/tienda\/producto\/sola-basic-isb-xl-38-22-315-regulador-electronico-de-voltaje-xellence15000-3-fases-220y-127-vca\/#breadcrumb\",\"itemListElement\":[{\"@type\":\"ListItem\",\"position\":1,\"name\":\"Inicio\",\"item\":\"https:\/\/compuviper.mx\/tienda\/\"},{\"@type\":\"ListItem\",\"position\":2,\"name\":\"Productos\",\"item\":\"https:\/\/compuviper.mx\/tienda\/productos\/\"},{\"@type\":\"ListItem\",\"position\":3,\"name\":\"Energia\",\"item\":\"https:\/\/compuviper.mx\/tienda\/categoria-producto\/energia\/\"},{\"@type\":\"ListItem\",\"position\":4,\"name\":\"Regulador\",\"item\":\"https:\/\/compuviper.mx\/tienda\/categoria-producto\/energia\/regulador\/\"},{\"@type\":\"ListItem\",\"position\":5,\"name\":\"Sola Basic Isb Xl-38-22-315 Regulador Electronico De Voltaje Xellence15000 3 Fases 220y\/127 Vca.\"}]},{\"@type\":\"WebSite\",\"@id\":\"https:\/\/compuviper.mx\/tienda\/#website\",\"url\":\"https:\/\/compuviper.mx\/tienda\/\",\"name\":\"Compuviper\",\"description\":\"Proveedor de Computadoras, Laptops, Servidores, Monitores, Puntos de Venta, Teclados,   Impresoras, T\u00f3ner, C\u00e1maras de Seguridad y m\u00e1s en tu tienda en l\u00ednea\",\"publisher\":{\"@id\":\"https:\/\/compuviper.mx\/tienda\/#organization\"},\"potentialAction\":[{\"@type\":\"SearchAction\",\"target\":{\"@type\":\"EntryPoint\",\"urlTemplate\":\"https:\/\/compuviper.mx\/tienda\/?s={search_term_string}\"},\"query-input\":\"required name=search_term_string\"}],\"inLanguage\":\"es-MX\"},{\"@type\":\"Organization\",\"@id\":\"https:\/\/compuviper.mx\/tienda\/#organization\",\"name\":\"Compuviper\",\"url\":\"https:\/\/compuviper.mx\/tienda\/\",\"logo\":{\"@type\":\"ImageObject\",\"inLanguage\":\"es-MX\",\"@id\":\"https:\/\/compuviper.mx\/tienda\/#\/schema\/logo\/image\/\",\"url\":\"https:\/\/compuviper.mx\/tienda\/wp-content\/uploads\/2021\/08\/Logo-Compuviper-10.png\",\"contentUrl\":\"https:\/\/compuviper.mx\/tienda\/wp-content\/uploads\/2021\/08\/Logo-Compuviper-10.png\",\"width\":1000,\"height\":500,\"caption\":\"Compuviper\"},\"image\":{\"@id\":\"https:\/\/compuviper.mx\/tienda\/#\/schema\/logo\/image\/\"},\"sameAs\":[\"https:\/\/www.facebook.com\/compuviper\",\"https:\/\/www.youtube.com\/channel\/UCf73dERp9Y3cfOq7q8BhLjA?view_as=subscriber\"]}]}<\/script>\n<meta property=\"product:brand\" content=\"SOLA BASIC ISB\" \/>\n<meta property=\"product:price:amount\" content=\"26516\" \/>\n<meta property=\"product:price:currency\" content=\"MXN\" \/>\n<meta property=\"og:availability\" content=\"backorder\" \/>\n<meta property=\"product:availability\" content=\"available for order\" \/>\n<meta property=\"product:retailer_item_id\" content=\"XL-38-22-315\" \/>\n<meta property=\"product:condition\" content=\"new\" \/>\n<!-- \/ Yoast SEO plugin. -->","yoast_head_json":{"title":"[ Sola Basic Isb ] &#129351; Xl-38-22-315 Regulador Electronico De Voltaje Xellence15000 3 Fases 220y\/127 Vca.","description":"Compra Xl-38-22-315 Regulador Electronico De Voltaje Xellence15000 3 Fases 220y\/127 Vca. + Env\u00edo a domicilio + Pago seguro + Garant\u00eda","robots":{"index":"index","follow":"follow","max-snippet":"max-snippet:-1","max-image-preview":"max-image-preview:large","max-video-preview":"max-video-preview:-1"},"canonical":"https:\/\/compuviper.mx\/tienda\/producto\/sola-basic-isb-xl-38-22-315-regulador-electronico-de-voltaje-xellence15000-3-fases-220y-127-vca\/","og_locale":"es_MX","og_type":"article","og_title":"[ Sola Basic Isb ] &#129351; Xl-38-22-315 Regulador Electronico De Voltaje Xellence15000 3 Fases 220y\/127 Vca.","og_description":"Compra Xl-38-22-315 Regulador Electronico De Voltaje Xellence15000 3 Fases 220y\/127 Vca. + Env\u00edo a domicilio + Pago seguro + Garant\u00eda","og_url":"https:\/\/compuviper.mx\/tienda\/producto\/sola-basic-isb-xl-38-22-315-regulador-electronico-de-voltaje-xellence15000-3-fases-220y-127-vca\/","og_site_name":"Compuviper","article_publisher":"https:\/\/www.facebook.com\/compuviper","og_image":[{"width":200,"height":200,"url":"https:\/\/compuviper.mx\/tienda\/wp-content\/uploads\/2023\/12\/Regulador-electronico-de-voltaje-sola-basic-isb-xellence15000-3-fases-220y127-vca.jpg","type":"image\/jpeg"}],"twitter_card":"summary_large_image","twitter_misc":{"Precio":"&#36;26,516 con IVA","Availability":"On backorder"},"schema":{"@context":"https:\/\/schema.org","@graph":[{"@type":"WebPage","@id":"https:\/\/compuviper.mx\/tienda\/producto\/sola-basic-isb-xl-38-22-315-regulador-electronico-de-voltaje-xellence15000-3-fases-220y-127-vca\/","url":"https:\/\/compuviper.mx\/tienda\/producto\/sola-basic-isb-xl-38-22-315-regulador-electronico-de-voltaje-xellence15000-3-fases-220y-127-vca\/","name":"[ Sola Basic Isb ] &#129351; Xl-38-22-315 Regulador Electronico De Voltaje Xellence15000 3 Fases 220y\/127 Vca.","isPartOf":{"@id":"https:\/\/compuviper.mx\/tienda\/#website"},"datePublished":"2026-04-02T07:55:31+00:00","dateModified":"2026-04-02T07:55:31+00:00","description":"Compra Xl-38-22-315 Regulador Electronico De Voltaje Xellence15000 3 Fases 220y\/127 Vca. + Env\u00edo a domicilio + Pago seguro + Garant\u00eda","breadcrumb":{"@id":"https:\/\/compuviper.mx\/tienda\/producto\/sola-basic-isb-xl-38-22-315-regulador-electronico-de-voltaje-xellence15000-3-fases-220y-127-vca\/#breadcrumb"},"inLanguage":"es-MX","potentialAction":[{"@type":"ReadAction","target":["https:\/\/compuviper.mx\/tienda\/producto\/sola-basic-isb-xl-38-22-315-regulador-electronico-de-voltaje-xellence15000-3-fases-220y-127-vca\/"]}]},{"@type":"BreadcrumbList","@id":"https:\/\/compuviper.mx\/tienda\/producto\/sola-basic-isb-xl-38-22-315-regulador-electronico-de-voltaje-xellence15000-3-fases-220y-127-vca\/#breadcrumb","itemListElement":[{"@type":"ListItem","position":1,"name":"Inicio","item":"https:\/\/compuviper.mx\/tienda\/"},{"@type":"ListItem","position":2,"name":"Productos","item":"https:\/\/compuviper.mx\/tienda\/productos\/"},{"@type":"ListItem","position":3,"name":"Energia","item":"https:\/\/compuviper.mx\/tienda\/categoria-producto\/energia\/"},{"@type":"ListItem","position":4,"name":"Regulador","item":"https:\/\/compuviper.mx\/tienda\/categoria-producto\/energia\/regulador\/"},{"@type":"ListItem","position":5,"name":"Sola Basic Isb Xl-38-22-315 Regulador Electronico De Voltaje Xellence15000 3 Fases 220y\/127 Vca."}]},{"@type":"WebSite","@id":"https:\/\/compuviper.mx\/tienda\/#website","url":"https:\/\/compuviper.mx\/tienda\/","name":"Compuviper","description":"Proveedor de Computadoras, Laptops, Servidores, Monitores, Puntos de Venta, Teclados,   Impresoras, T\u00f3ner, C\u00e1maras de Seguridad y m\u00e1s en tu tienda en l\u00ednea","publisher":{"@id":"https:\/\/compuviper.mx\/tienda\/#organization"},"potentialAction":[{"@type":"SearchAction","target":{"@type":"EntryPoint","urlTemplate":"https:\/\/compuviper.mx\/tienda\/?s={search_term_string}"},"query-input":"required name=search_term_string"}],"inLanguage":"es-MX"},{"@type":"Organization","@id":"https:\/\/compuviper.mx\/tienda\/#organization","name":"Compuviper","url":"https:\/\/compuviper.mx\/tienda\/","logo":{"@type":"ImageObject","inLanguage":"es-MX","@id":"https:\/\/compuviper.mx\/tienda\/#\/schema\/logo\/image\/","url":"https:\/\/compuviper.mx\/tienda\/wp-content\/uploads\/2021\/08\/Logo-Compuviper-10.png","contentUrl":"https:\/\/compuviper.mx\/tienda\/wp-content\/uploads\/2021\/08\/Logo-Compuviper-10.png","width":1000,"height":500,"caption":"Compuviper"},"image":{"@id":"https:\/\/compuviper.mx\/tienda\/#\/schema\/logo\/image\/"},"sameAs":["https:\/\/www.facebook.com\/compuviper","https:\/\/www.youtube.com\/channel\/UCf73dERp9Y3cfOq7q8BhLjA?view_as=subscriber"]}]},"product_brand":"SOLA BASIC ISB","product_price_amount":"26516","product_price_currency":"MXN","og_availability":"backorder","product_availability":"available for order","product_retailer_item_id":"XL-38-22-315","product_condition":"new"},"_links":{"self":[{"href":"https:\/\/compuviper.mx\/tienda\/wp-json\/wp\/v2\/product\/224803"}],"collection":[{"href":"https:\/\/compuviper.mx\/tienda\/wp-json\/wp\/v2\/product"}],"about":[{"href":"https:\/\/compuviper.mx\/tienda\/wp-json\/wp\/v2\/types\/product"}],"replies":[{"embeddable":true,"href":"https:\/\/compuviper.mx\/tienda\/wp-json\/wp\/v2\/comments?post=224803"}],"wp:featuredmedia":[{"embeddable":true,"href":"https:\/\/compuviper.mx\/tienda\/wp-json\/wp\/v2\/media\/224804"}],"wp:attachment":[{"href":"https:\/\/compuviper.mx\/tienda\/wp-json\/wp\/v2\/media?parent=224803"}],"wp:term":[{"taxonomy":"product_cat","embeddable":true,"href":"https:\/\/compuviper.mx\/tienda\/wp-json\/wp\/v2\/product_cat?post=224803"},{"taxonomy":"product_tag","embeddable":true,"href":"https:\/\/compuviper.mx\/tienda\/wp-json\/wp\/v2\/product_tag?post=224803"}],"curies":[{"name":"wp","href":"https:\/\/api.w.org\/{rel}","templated":true}]}}