{"id":224467,"date":"2026-04-02T01:50:10","date_gmt":"2026-04-02T07:50:10","guid":{"rendered":"https:\/\/compuviper.mx\/tienda\/producto\/hewlett-packard-enterprise-p07646-b21-kit-hpe-smart-memory-registrada-de-rango-dual-x4-ddr4-3200-de-32-gb-1-x-32-gb-cas-22-22-22\/"},"modified":"2026-04-02T01:50:10","modified_gmt":"2026-04-02T07:50:10","slug":"hewlett-packard-enterprise-p07646-b21-kit-hpe-smart-memory-registrada-de-rango-dual-x4-ddr4-3200-de-32-gb-1-x-32-gb-cas-22-22-22","status":"publish","type":"product","link":"https:\/\/compuviper.mx\/tienda\/producto\/hewlett-packard-enterprise-p07646-b21-kit-hpe-smart-memory-registrada-de-rango-dual-x4-ddr4-3200-de-32-gb-1-x-32-gb-cas-22-22-22\/","title":{"rendered":"Hewlett Packard Enterprise P07646-b21 Kit Hpe Smart Memory Registrada De Rango Dual X4 Ddr4-3200 De 32 Gb (1 X 32 Gb) Cas-22-22-22"},"content":{"rendered":"<table class=\"descripcion\">\n<tr>\n<td>Tipo de dimm<\/td>\n<\/tr>\n<tr>\n<td>Rdimm<\/td>\n<\/tr>\n<tr>\n<td>Capacidad de dimm<\/td>\n<\/tr>\n<tr>\n<td>32 gb<\/td>\n<\/tr>\n<tr>\n<td>Rango de dimm<\/td>\n<\/tr>\n<tr>\n<td>Rango dual<\/td>\n<\/tr>\n<tr>\n<td>Velocidad original de dimm (mt\/s)<\/td>\n<\/tr>\n<tr>\n<td>3200 mt\/s<\/td>\n<\/tr>\n<tr>\n<td>Tensi\u00f3n<\/td>\n<\/tr>\n<tr>\n<td>1,2 v<\/td>\n<\/tr>\n<\/table>\n","protected":false},"excerpt":{"rendered":"<p>Alto rendimiento. \u0095 hpe smartmemory ddr4 3200 mt\/s proporciona mejoras en el ancho de banda frente a los m\u00f3dulos de memoria ddr4 2933 mt\/s. \u0095 hpe smartmemory ddr4 ofrece mejoras en latencia a 3200 mt\/s frente a los m\u00f3dulos de memoria ddr4 2933 mt\/s. Gran confiabilidad. \u0095 hewlett packard enterprise prueba y certifica los m\u00f3dulos hpe smartmemory ddr4 en todas las plataformas de servidor de hpe para ofrecer el m\u00e1ximo nivel de integridad de se\u00f1al. \u0095 hpe ddr4 smartmemory evita el reemplazo innecesario de dimm y reduce el tiempo de inactividad del servidor con la tecnolog\u00eda de detecci\u00f3n de error de memoria de avanzada. \u0095 hpe utiliza los materiales de primera calidad para la memoria de servidor ddr4, lo que reduce los problemas que pueden afectar a la integridad de la se\u00f1al y aumenta la fiabilidad del sistema. \u0095 hpe proporciona memoria de servidor que tiene un rendimiento por encima de los est\u00e1ndares del sector, lo que permite a los clientes aumentar el rendimiento de los servidores sin tener que aumentar la cantidad de memoria comprada.<\/p>\n","protected":false},"featured_media":224468,"comment_status":"open","ping_status":"open","template":"","meta":[],"product_cat":[1793,1797],"product_tag":[1568],"acf":[],"yoast_head":"<!-- This site is optimized with the Yoast SEO plugin v21.7 - https:\/\/yoast.com\/wordpress\/plugins\/seo\/ -->\n<title>[ Hewlett Packard Enterprise ] &#129351; P07646-b21 Kit Hpe Smart Memory Registrada De Rango Dual X4 Ddr4-3200 De 32 Gb (1 X 32 Gb) Cas-22-22-22<\/title>\n<meta name=\"description\" content=\"Compra P07646-b21 Kit Hpe Smart Memory Registrada De Rango Dual X4 Ddr4-3200 De 32 Gb (1 X 32 Gb) Cas-22-22-22 + Env\u00edo a domicilio + Pago seguro + Garant\u00eda\" \/>\n<meta name=\"robots\" content=\"index, follow, max-snippet:-1, max-image-preview:large, max-video-preview:-1\" \/>\n<link rel=\"canonical\" href=\"https:\/\/compuviper.mx\/tienda\/producto\/hewlett-packard-enterprise-p07646-b21-kit-hpe-smart-memory-registrada-de-rango-dual-x4-ddr4-3200-de-32-gb-1-x-32-gb-cas-22-22-22\/\" \/>\n<meta property=\"og:locale\" content=\"es_MX\" \/>\n<meta property=\"og:type\" content=\"article\" \/>\n<meta property=\"og:title\" content=\"[ Hewlett Packard Enterprise ] &#129351; P07646-b21 Kit Hpe Smart Memory Registrada De Rango Dual X4 Ddr4-3200 De 32 Gb (1 X 32 Gb) Cas-22-22-22\" \/>\n<meta property=\"og:description\" content=\"Compra P07646-b21 Kit Hpe Smart Memory Registrada De Rango Dual X4 Ddr4-3200 De 32 Gb (1 X 32 Gb) Cas-22-22-22 + Env\u00edo a domicilio + Pago seguro + Garant\u00eda\" \/>\n<meta property=\"og:url\" content=\"https:\/\/compuviper.mx\/tienda\/producto\/hewlett-packard-enterprise-p07646-b21-kit-hpe-smart-memory-registrada-de-rango-dual-x4-ddr4-3200-de-32-gb-1-x-32-gb-cas-22-22-22\/\" \/>\n<meta property=\"og:site_name\" content=\"Compuviper\" \/>\n<meta property=\"article:publisher\" content=\"https:\/\/www.facebook.com\/compuviper\" \/>\n<meta property=\"og:image\" content=\"https:\/\/compuviper.mx\/tienda\/wp-content\/uploads\/2023\/12\/Kit-hpe-smart-memory-registrada-de-rango-dual-x4-ddr4-3200-de-32-gb-1-x-32-gb-cas-22-22-22-1.jpg\" \/>\n\t<meta property=\"og:image:width\" content=\"200\" \/>\n\t<meta property=\"og:image:height\" content=\"200\" \/>\n\t<meta property=\"og:image:type\" content=\"image\/jpeg\" \/>\n<meta name=\"twitter:card\" content=\"summary_large_image\" \/>\n<meta name=\"twitter:label1\" content=\"Precio\" \/>\n\t<meta name=\"twitter:data1\" content=\"&#36;14,494 con IVA\" \/>\n\t<meta name=\"twitter:label2\" content=\"Availability\" \/>\n\t<meta name=\"twitter:data2\" content=\"Out of stock\" \/>\n<script type=\"application\/ld+json\" class=\"yoast-schema-graph\">{\"@context\":\"https:\/\/schema.org\",\"@graph\":[{\"@type\":\"WebPage\",\"@id\":\"https:\/\/compuviper.mx\/tienda\/producto\/hewlett-packard-enterprise-p07646-b21-kit-hpe-smart-memory-registrada-de-rango-dual-x4-ddr4-3200-de-32-gb-1-x-32-gb-cas-22-22-22\/\",\"url\":\"https:\/\/compuviper.mx\/tienda\/producto\/hewlett-packard-enterprise-p07646-b21-kit-hpe-smart-memory-registrada-de-rango-dual-x4-ddr4-3200-de-32-gb-1-x-32-gb-cas-22-22-22\/\",\"name\":\"[ Hewlett Packard Enterprise ] &#129351; P07646-b21 Kit Hpe Smart Memory Registrada De Rango Dual X4 Ddr4-3200 De 32 Gb (1 X 32 Gb) Cas-22-22-22\",\"isPartOf\":{\"@id\":\"https:\/\/compuviper.mx\/tienda\/#website\"},\"datePublished\":\"2026-04-02T07:50:10+00:00\",\"dateModified\":\"2026-04-02T07:50:10+00:00\",\"description\":\"Compra P07646-b21 Kit Hpe Smart Memory Registrada De Rango Dual X4 Ddr4-3200 De 32 Gb (1 X 32 Gb) Cas-22-22-22 + Env\u00edo a domicilio + Pago seguro + Garant\u00eda\",\"breadcrumb\":{\"@id\":\"https:\/\/compuviper.mx\/tienda\/producto\/hewlett-packard-enterprise-p07646-b21-kit-hpe-smart-memory-registrada-de-rango-dual-x4-ddr4-3200-de-32-gb-1-x-32-gb-cas-22-22-22\/#breadcrumb\"},\"inLanguage\":\"es-MX\",\"potentialAction\":[{\"@type\":\"ReadAction\",\"target\":[\"https:\/\/compuviper.mx\/tienda\/producto\/hewlett-packard-enterprise-p07646-b21-kit-hpe-smart-memory-registrada-de-rango-dual-x4-ddr4-3200-de-32-gb-1-x-32-gb-cas-22-22-22\/\"]}]},{\"@type\":\"BreadcrumbList\",\"@id\":\"https:\/\/compuviper.mx\/tienda\/producto\/hewlett-packard-enterprise-p07646-b21-kit-hpe-smart-memory-registrada-de-rango-dual-x4-ddr4-3200-de-32-gb-1-x-32-gb-cas-22-22-22\/#breadcrumb\",\"itemListElement\":[{\"@type\":\"ListItem\",\"position\":1,\"name\":\"Inicio\",\"item\":\"https:\/\/compuviper.mx\/tienda\/\"},{\"@type\":\"ListItem\",\"position\":2,\"name\":\"Productos\",\"item\":\"https:\/\/compuviper.mx\/tienda\/productos\/\"},{\"@type\":\"ListItem\",\"position\":3,\"name\":\"Memorias\",\"item\":\"https:\/\/compuviper.mx\/tienda\/categoria-producto\/memorias\/\"},{\"@type\":\"ListItem\",\"position\":4,\"name\":\"Memoria Ram\",\"item\":\"https:\/\/compuviper.mx\/tienda\/categoria-producto\/memorias\/memoria-ram\/\"},{\"@type\":\"ListItem\",\"position\":5,\"name\":\"Hewlett Packard Enterprise P07646-b21 Kit Hpe Smart Memory Registrada De Rango Dual X4 Ddr4-3200 De 32 Gb (1 X 32 Gb) Cas-22-22-22\"}]},{\"@type\":\"WebSite\",\"@id\":\"https:\/\/compuviper.mx\/tienda\/#website\",\"url\":\"https:\/\/compuviper.mx\/tienda\/\",\"name\":\"Compuviper\",\"description\":\"Proveedor de Computadoras, Laptops, Servidores, Monitores, Puntos de Venta, Teclados,   Impresoras, T\u00f3ner, C\u00e1maras de Seguridad y m\u00e1s en tu tienda en l\u00ednea\",\"publisher\":{\"@id\":\"https:\/\/compuviper.mx\/tienda\/#organization\"},\"potentialAction\":[{\"@type\":\"SearchAction\",\"target\":{\"@type\":\"EntryPoint\",\"urlTemplate\":\"https:\/\/compuviper.mx\/tienda\/?s={search_term_string}\"},\"query-input\":\"required name=search_term_string\"}],\"inLanguage\":\"es-MX\"},{\"@type\":\"Organization\",\"@id\":\"https:\/\/compuviper.mx\/tienda\/#organization\",\"name\":\"Compuviper\",\"url\":\"https:\/\/compuviper.mx\/tienda\/\",\"logo\":{\"@type\":\"ImageObject\",\"inLanguage\":\"es-MX\",\"@id\":\"https:\/\/compuviper.mx\/tienda\/#\/schema\/logo\/image\/\",\"url\":\"https:\/\/compuviper.mx\/tienda\/wp-content\/uploads\/2021\/08\/Logo-Compuviper-10.png\",\"contentUrl\":\"https:\/\/compuviper.mx\/tienda\/wp-content\/uploads\/2021\/08\/Logo-Compuviper-10.png\",\"width\":1000,\"height\":500,\"caption\":\"Compuviper\"},\"image\":{\"@id\":\"https:\/\/compuviper.mx\/tienda\/#\/schema\/logo\/image\/\"},\"sameAs\":[\"https:\/\/www.facebook.com\/compuviper\",\"https:\/\/www.youtube.com\/channel\/UCf73dERp9Y3cfOq7q8BhLjA?view_as=subscriber\"]}]}<\/script>\n<meta property=\"product:brand\" content=\"HEWLETT PACKARD ENTERPRISE\" \/>\n<meta property=\"product:price:amount\" content=\"14494\" \/>\n<meta property=\"product:price:currency\" content=\"MXN\" \/>\n<meta property=\"og:availability\" content=\"out of stock\" \/>\n<meta property=\"product:availability\" content=\"out of stock\" \/>\n<meta property=\"product:retailer_item_id\" content=\"P07646-B21\" \/>\n<meta property=\"product:condition\" content=\"new\" \/>\n<!-- \/ Yoast SEO plugin. -->","yoast_head_json":{"title":"[ Hewlett Packard Enterprise ] &#129351; P07646-b21 Kit Hpe Smart Memory Registrada De Rango Dual X4 Ddr4-3200 De 32 Gb (1 X 32 Gb) Cas-22-22-22","description":"Compra P07646-b21 Kit Hpe Smart Memory Registrada De Rango Dual X4 Ddr4-3200 De 32 Gb (1 X 32 Gb) Cas-22-22-22 + Env\u00edo a domicilio + Pago seguro + Garant\u00eda","robots":{"index":"index","follow":"follow","max-snippet":"max-snippet:-1","max-image-preview":"max-image-preview:large","max-video-preview":"max-video-preview:-1"},"canonical":"https:\/\/compuviper.mx\/tienda\/producto\/hewlett-packard-enterprise-p07646-b21-kit-hpe-smart-memory-registrada-de-rango-dual-x4-ddr4-3200-de-32-gb-1-x-32-gb-cas-22-22-22\/","og_locale":"es_MX","og_type":"article","og_title":"[ Hewlett Packard Enterprise ] &#129351; P07646-b21 Kit Hpe Smart Memory Registrada De Rango Dual X4 Ddr4-3200 De 32 Gb (1 X 32 Gb) Cas-22-22-22","og_description":"Compra P07646-b21 Kit Hpe Smart Memory Registrada De Rango Dual X4 Ddr4-3200 De 32 Gb (1 X 32 Gb) Cas-22-22-22 + Env\u00edo a domicilio + Pago seguro + Garant\u00eda","og_url":"https:\/\/compuviper.mx\/tienda\/producto\/hewlett-packard-enterprise-p07646-b21-kit-hpe-smart-memory-registrada-de-rango-dual-x4-ddr4-3200-de-32-gb-1-x-32-gb-cas-22-22-22\/","og_site_name":"Compuviper","article_publisher":"https:\/\/www.facebook.com\/compuviper","og_image":[{"width":200,"height":200,"url":"https:\/\/compuviper.mx\/tienda\/wp-content\/uploads\/2023\/12\/Kit-hpe-smart-memory-registrada-de-rango-dual-x4-ddr4-3200-de-32-gb-1-x-32-gb-cas-22-22-22-1.jpg","type":"image\/jpeg"}],"twitter_card":"summary_large_image","twitter_misc":{"Precio":"&#36;14,494 con IVA","Availability":"Out of stock"},"schema":{"@context":"https:\/\/schema.org","@graph":[{"@type":"WebPage","@id":"https:\/\/compuviper.mx\/tienda\/producto\/hewlett-packard-enterprise-p07646-b21-kit-hpe-smart-memory-registrada-de-rango-dual-x4-ddr4-3200-de-32-gb-1-x-32-gb-cas-22-22-22\/","url":"https:\/\/compuviper.mx\/tienda\/producto\/hewlett-packard-enterprise-p07646-b21-kit-hpe-smart-memory-registrada-de-rango-dual-x4-ddr4-3200-de-32-gb-1-x-32-gb-cas-22-22-22\/","name":"[ Hewlett Packard Enterprise ] &#129351; P07646-b21 Kit Hpe Smart Memory Registrada De Rango Dual X4 Ddr4-3200 De 32 Gb (1 X 32 Gb) Cas-22-22-22","isPartOf":{"@id":"https:\/\/compuviper.mx\/tienda\/#website"},"datePublished":"2026-04-02T07:50:10+00:00","dateModified":"2026-04-02T07:50:10+00:00","description":"Compra P07646-b21 Kit Hpe Smart Memory Registrada De Rango Dual X4 Ddr4-3200 De 32 Gb (1 X 32 Gb) Cas-22-22-22 + Env\u00edo a domicilio + Pago seguro + Garant\u00eda","breadcrumb":{"@id":"https:\/\/compuviper.mx\/tienda\/producto\/hewlett-packard-enterprise-p07646-b21-kit-hpe-smart-memory-registrada-de-rango-dual-x4-ddr4-3200-de-32-gb-1-x-32-gb-cas-22-22-22\/#breadcrumb"},"inLanguage":"es-MX","potentialAction":[{"@type":"ReadAction","target":["https:\/\/compuviper.mx\/tienda\/producto\/hewlett-packard-enterprise-p07646-b21-kit-hpe-smart-memory-registrada-de-rango-dual-x4-ddr4-3200-de-32-gb-1-x-32-gb-cas-22-22-22\/"]}]},{"@type":"BreadcrumbList","@id":"https:\/\/compuviper.mx\/tienda\/producto\/hewlett-packard-enterprise-p07646-b21-kit-hpe-smart-memory-registrada-de-rango-dual-x4-ddr4-3200-de-32-gb-1-x-32-gb-cas-22-22-22\/#breadcrumb","itemListElement":[{"@type":"ListItem","position":1,"name":"Inicio","item":"https:\/\/compuviper.mx\/tienda\/"},{"@type":"ListItem","position":2,"name":"Productos","item":"https:\/\/compuviper.mx\/tienda\/productos\/"},{"@type":"ListItem","position":3,"name":"Memorias","item":"https:\/\/compuviper.mx\/tienda\/categoria-producto\/memorias\/"},{"@type":"ListItem","position":4,"name":"Memoria Ram","item":"https:\/\/compuviper.mx\/tienda\/categoria-producto\/memorias\/memoria-ram\/"},{"@type":"ListItem","position":5,"name":"Hewlett Packard Enterprise P07646-b21 Kit Hpe Smart Memory Registrada De Rango Dual X4 Ddr4-3200 De 32 Gb (1 X 32 Gb) Cas-22-22-22"}]},{"@type":"WebSite","@id":"https:\/\/compuviper.mx\/tienda\/#website","url":"https:\/\/compuviper.mx\/tienda\/","name":"Compuviper","description":"Proveedor de Computadoras, Laptops, Servidores, Monitores, Puntos de Venta, Teclados,   Impresoras, T\u00f3ner, C\u00e1maras de Seguridad y m\u00e1s en tu tienda en l\u00ednea","publisher":{"@id":"https:\/\/compuviper.mx\/tienda\/#organization"},"potentialAction":[{"@type":"SearchAction","target":{"@type":"EntryPoint","urlTemplate":"https:\/\/compuviper.mx\/tienda\/?s={search_term_string}"},"query-input":"required name=search_term_string"}],"inLanguage":"es-MX"},{"@type":"Organization","@id":"https:\/\/compuviper.mx\/tienda\/#organization","name":"Compuviper","url":"https:\/\/compuviper.mx\/tienda\/","logo":{"@type":"ImageObject","inLanguage":"es-MX","@id":"https:\/\/compuviper.mx\/tienda\/#\/schema\/logo\/image\/","url":"https:\/\/compuviper.mx\/tienda\/wp-content\/uploads\/2021\/08\/Logo-Compuviper-10.png","contentUrl":"https:\/\/compuviper.mx\/tienda\/wp-content\/uploads\/2021\/08\/Logo-Compuviper-10.png","width":1000,"height":500,"caption":"Compuviper"},"image":{"@id":"https:\/\/compuviper.mx\/tienda\/#\/schema\/logo\/image\/"},"sameAs":["https:\/\/www.facebook.com\/compuviper","https:\/\/www.youtube.com\/channel\/UCf73dERp9Y3cfOq7q8BhLjA?view_as=subscriber"]}]},"product_brand":"HEWLETT PACKARD ENTERPRISE","product_price_amount":"14494","product_price_currency":"MXN","og_availability":"out of stock","product_availability":"out of stock","product_retailer_item_id":"P07646-B21","product_condition":"new"},"_links":{"self":[{"href":"https:\/\/compuviper.mx\/tienda\/wp-json\/wp\/v2\/product\/224467"}],"collection":[{"href":"https:\/\/compuviper.mx\/tienda\/wp-json\/wp\/v2\/product"}],"about":[{"href":"https:\/\/compuviper.mx\/tienda\/wp-json\/wp\/v2\/types\/product"}],"replies":[{"embeddable":true,"href":"https:\/\/compuviper.mx\/tienda\/wp-json\/wp\/v2\/comments?post=224467"}],"wp:featuredmedia":[{"embeddable":true,"href":"https:\/\/compuviper.mx\/tienda\/wp-json\/wp\/v2\/media\/224468"}],"wp:attachment":[{"href":"https:\/\/compuviper.mx\/tienda\/wp-json\/wp\/v2\/media?parent=224467"}],"wp:term":[{"taxonomy":"product_cat","embeddable":true,"href":"https:\/\/compuviper.mx\/tienda\/wp-json\/wp\/v2\/product_cat?post=224467"},{"taxonomy":"product_tag","embeddable":true,"href":"https:\/\/compuviper.mx\/tienda\/wp-json\/wp\/v2\/product_tag?post=224467"}],"curies":[{"name":"wp","href":"https:\/\/api.w.org\/{rel}","templated":true}]}}