{"id":224300,"date":"2026-04-02T01:47:50","date_gmt":"2026-04-02T07:47:50","guid":{"rendered":"https:\/\/compuviper.mx\/tienda\/producto\/hewlett-packard-enterprise-p07640-b21-kit-hpe-smart-memory-registrada-de-rango-nico-x4-ddr4-3200-de-16-gb-1-x-16-gb-cas-22-22-22\/"},"modified":"2026-04-02T01:47:50","modified_gmt":"2026-04-02T07:47:50","slug":"hewlett-packard-enterprise-p07640-b21-kit-hpe-smart-memory-registrada-de-rango-nico-x4-ddr4-3200-de-16-gb-1-x-16-gb-cas-22-22-22","status":"publish","type":"product","link":"https:\/\/compuviper.mx\/tienda\/producto\/hewlett-packard-enterprise-p07640-b21-kit-hpe-smart-memory-registrada-de-rango-nico-x4-ddr4-3200-de-16-gb-1-x-16-gb-cas-22-22-22\/","title":{"rendered":"Hewlett Packard Enterprise P07640-b21 Kit Hpe Smart Memory Registrada De Rango ?nico X4 Ddr4-3200 De 16 Gb (1 X 16 Gb) Cas-22-22-22"},"content":{"rendered":"<table class=\"descripcion\">\n<tr>\n<td>Tipo de dimm rdimm capacidad de dimm 16 gb rango de dimm rango simple velocidad original de dimm mt\/s 3200 mt\/s tensin 1,2 v<\/td>\n<\/tr>\n<\/table>\n","protected":false},"excerpt":{"rendered":"<p>\u00bfsu servidor se ha configurado con la memoria necesaria para realizar sus funciones a medida que estas aumenten con el paso del tiempo? la memoria hpe smartmemory ddr4 est\u00e1 diseada para usuarios de pequeas y grandes empresas con una necesidad significativa de rendimiento y capacidad junto con un deseo de gestionar el coste total de la propiedad. Hpe smartmemory ddr4 ofrece la optimizacin total de la memoria del servidor, funciona a la m\u00e1xima velocidad de rendimiento y se encuentra entre la memoria m\u00e1s eficiente disponible. Adem\u00e1s del rendimiento y la eficiencia, hpe smartmemory ddr4 tambin ofrece fiabilidad. Solo los mdulos de memoria dram de m\u00e1s alta calidad son seleccionados de los principales proveedores. Ahora m\u00e1s que nunca, la calidad de la dram es crucial, al igual que las tendencias de los centros de datos como la virtualizacin de servidores, la computacin en la nube y el uso de aplicaciones de grandes bases de datos han aumentado la necesidad de una mayor capacidad de memoria con un mayor tiempo de actividad. La hpe smartmemory ddr4 pasa por rigurosos procesos de pruebas y certificaciones que desbloquean las caractersticas de rendimiento de la memoria disponible solo con los servidores hpe.<\/p>\n","protected":false},"featured_media":138010,"comment_status":"open","ping_status":"open","template":"","meta":[],"product_cat":[1793,1797],"product_tag":[1568],"acf":[],"yoast_head":"<!-- This site is optimized with the Yoast SEO plugin v21.7 - https:\/\/yoast.com\/wordpress\/plugins\/seo\/ -->\n<title>[ Hewlett Packard Enterprise ] &#129351; P07640-b21 Kit Hpe Smart Memory Registrada De Rango \u00fanico X4 Ddr4-3200 De 16 Gb (1 X 16 Gb) Cas-22-22-22<\/title>\n<meta name=\"description\" content=\"Compra P07640-b21 Kit Hpe Smart Memory Registrada De Rango \u00fanico X4 Ddr4-3200 De 16 Gb (1 X 16 Gb) Cas-22-22-22 + Env\u00edo a domicilio + Pago seguro + Garant\u00eda\" \/>\n<meta name=\"robots\" content=\"index, follow, max-snippet:-1, max-image-preview:large, max-video-preview:-1\" \/>\n<link rel=\"canonical\" href=\"https:\/\/compuviper.mx\/tienda\/producto\/hewlett-packard-enterprise-p07640-b21-kit-hpe-smart-memory-registrada-de-rango-nico-x4-ddr4-3200-de-16-gb-1-x-16-gb-cas-22-22-22\/\" \/>\n<meta property=\"og:locale\" content=\"es_MX\" \/>\n<meta property=\"og:type\" content=\"article\" \/>\n<meta property=\"og:title\" content=\"[ Hewlett Packard Enterprise ] &#129351; P07640-b21 Kit Hpe Smart Memory Registrada De Rango \u00fanico X4 Ddr4-3200 De 16 Gb (1 X 16 Gb) Cas-22-22-22\" \/>\n<meta property=\"og:description\" content=\"Compra P07640-b21 Kit Hpe Smart Memory Registrada De Rango \u00fanico X4 Ddr4-3200 De 16 Gb (1 X 16 Gb) Cas-22-22-22 + Env\u00edo a domicilio + Pago seguro + Garant\u00eda\" \/>\n<meta property=\"og:url\" content=\"https:\/\/compuviper.mx\/tienda\/producto\/hewlett-packard-enterprise-p07640-b21-kit-hpe-smart-memory-registrada-de-rango-nico-x4-ddr4-3200-de-16-gb-1-x-16-gb-cas-22-22-22\/\" \/>\n<meta property=\"og:site_name\" content=\"Compuviper\" \/>\n<meta property=\"article:publisher\" content=\"https:\/\/www.facebook.com\/compuviper\" \/>\n<meta property=\"og:image\" content=\"https:\/\/compuviper.mx\/tienda\/wp-content\/uploads\/2021\/09\/Kit-hpe-smart-memory-registrada-de-rango-unico-x4-ddr4-3200-de-16-gb-1-x-16-gb-cas-22-22-22.jpg\" \/>\n\t<meta property=\"og:image:width\" content=\"200\" \/>\n\t<meta property=\"og:image:height\" content=\"200\" \/>\n\t<meta property=\"og:image:type\" content=\"image\/jpeg\" \/>\n<meta name=\"twitter:card\" content=\"summary_large_image\" \/>\n<meta name=\"twitter:label1\" content=\"Precio\" \/>\n\t<meta name=\"twitter:data1\" content=\"&#36;5,486 con IVA\" \/>\n\t<meta name=\"twitter:label2\" content=\"Availability\" \/>\n\t<meta name=\"twitter:data2\" content=\"On backorder\" \/>\n<script type=\"application\/ld+json\" class=\"yoast-schema-graph\">{\"@context\":\"https:\/\/schema.org\",\"@graph\":[{\"@type\":\"WebPage\",\"@id\":\"https:\/\/compuviper.mx\/tienda\/producto\/hewlett-packard-enterprise-p07640-b21-kit-hpe-smart-memory-registrada-de-rango-nico-x4-ddr4-3200-de-16-gb-1-x-16-gb-cas-22-22-22\/\",\"url\":\"https:\/\/compuviper.mx\/tienda\/producto\/hewlett-packard-enterprise-p07640-b21-kit-hpe-smart-memory-registrada-de-rango-nico-x4-ddr4-3200-de-16-gb-1-x-16-gb-cas-22-22-22\/\",\"name\":\"[ Hewlett Packard Enterprise ] &#129351; P07640-b21 Kit Hpe Smart Memory Registrada De Rango \u00fanico X4 Ddr4-3200 De 16 Gb (1 X 16 Gb) Cas-22-22-22\",\"isPartOf\":{\"@id\":\"https:\/\/compuviper.mx\/tienda\/#website\"},\"datePublished\":\"2026-04-02T07:47:50+00:00\",\"dateModified\":\"2026-04-02T07:47:50+00:00\",\"description\":\"Compra P07640-b21 Kit Hpe Smart Memory Registrada De Rango \u00fanico X4 Ddr4-3200 De 16 Gb (1 X 16 Gb) Cas-22-22-22 + Env\u00edo a domicilio + Pago seguro + Garant\u00eda\",\"breadcrumb\":{\"@id\":\"https:\/\/compuviper.mx\/tienda\/producto\/hewlett-packard-enterprise-p07640-b21-kit-hpe-smart-memory-registrada-de-rango-nico-x4-ddr4-3200-de-16-gb-1-x-16-gb-cas-22-22-22\/#breadcrumb\"},\"inLanguage\":\"es-MX\",\"potentialAction\":[{\"@type\":\"ReadAction\",\"target\":[\"https:\/\/compuviper.mx\/tienda\/producto\/hewlett-packard-enterprise-p07640-b21-kit-hpe-smart-memory-registrada-de-rango-nico-x4-ddr4-3200-de-16-gb-1-x-16-gb-cas-22-22-22\/\"]}]},{\"@type\":\"BreadcrumbList\",\"@id\":\"https:\/\/compuviper.mx\/tienda\/producto\/hewlett-packard-enterprise-p07640-b21-kit-hpe-smart-memory-registrada-de-rango-nico-x4-ddr4-3200-de-16-gb-1-x-16-gb-cas-22-22-22\/#breadcrumb\",\"itemListElement\":[{\"@type\":\"ListItem\",\"position\":1,\"name\":\"Inicio\",\"item\":\"https:\/\/compuviper.mx\/tienda\/\"},{\"@type\":\"ListItem\",\"position\":2,\"name\":\"Productos\",\"item\":\"https:\/\/compuviper.mx\/tienda\/productos\/\"},{\"@type\":\"ListItem\",\"position\":3,\"name\":\"Memorias\",\"item\":\"https:\/\/compuviper.mx\/tienda\/categoria-producto\/memorias\/\"},{\"@type\":\"ListItem\",\"position\":4,\"name\":\"Memoria Ram\",\"item\":\"https:\/\/compuviper.mx\/tienda\/categoria-producto\/memorias\/memoria-ram\/\"},{\"@type\":\"ListItem\",\"position\":5,\"name\":\"Hewlett Packard Enterprise P07640-b21 Kit Hpe Smart Memory Registrada De Rango ?nico X4 Ddr4-3200 De 16 Gb (1 X 16 Gb) Cas-22-22-22\"}]},{\"@type\":\"WebSite\",\"@id\":\"https:\/\/compuviper.mx\/tienda\/#website\",\"url\":\"https:\/\/compuviper.mx\/tienda\/\",\"name\":\"Compuviper\",\"description\":\"Proveedor de Computadoras, Laptops, Servidores, Monitores, Puntos de Venta, Teclados,   Impresoras, T\u00f3ner, C\u00e1maras de Seguridad y m\u00e1s en tu tienda en l\u00ednea\",\"publisher\":{\"@id\":\"https:\/\/compuviper.mx\/tienda\/#organization\"},\"potentialAction\":[{\"@type\":\"SearchAction\",\"target\":{\"@type\":\"EntryPoint\",\"urlTemplate\":\"https:\/\/compuviper.mx\/tienda\/?s={search_term_string}\"},\"query-input\":\"required name=search_term_string\"}],\"inLanguage\":\"es-MX\"},{\"@type\":\"Organization\",\"@id\":\"https:\/\/compuviper.mx\/tienda\/#organization\",\"name\":\"Compuviper\",\"url\":\"https:\/\/compuviper.mx\/tienda\/\",\"logo\":{\"@type\":\"ImageObject\",\"inLanguage\":\"es-MX\",\"@id\":\"https:\/\/compuviper.mx\/tienda\/#\/schema\/logo\/image\/\",\"url\":\"https:\/\/compuviper.mx\/tienda\/wp-content\/uploads\/2021\/08\/Logo-Compuviper-10.png\",\"contentUrl\":\"https:\/\/compuviper.mx\/tienda\/wp-content\/uploads\/2021\/08\/Logo-Compuviper-10.png\",\"width\":1000,\"height\":500,\"caption\":\"Compuviper\"},\"image\":{\"@id\":\"https:\/\/compuviper.mx\/tienda\/#\/schema\/logo\/image\/\"},\"sameAs\":[\"https:\/\/www.facebook.com\/compuviper\",\"https:\/\/www.youtube.com\/channel\/UCf73dERp9Y3cfOq7q8BhLjA?view_as=subscriber\"]}]}<\/script>\n<meta property=\"product:brand\" content=\"HEWLETT PACKARD ENTERPRISE\" \/>\n<meta property=\"product:price:amount\" content=\"5486\" \/>\n<meta property=\"product:price:currency\" content=\"MXN\" \/>\n<meta property=\"og:availability\" content=\"backorder\" \/>\n<meta property=\"product:availability\" content=\"available for order\" \/>\n<meta property=\"product:retailer_item_id\" content=\"P07640-B21\" \/>\n<meta property=\"product:condition\" content=\"new\" \/>\n<!-- \/ Yoast SEO plugin. -->","yoast_head_json":{"title":"[ Hewlett Packard Enterprise ] &#129351; P07640-b21 Kit Hpe Smart Memory Registrada De Rango \u00fanico X4 Ddr4-3200 De 16 Gb (1 X 16 Gb) Cas-22-22-22","description":"Compra P07640-b21 Kit Hpe Smart Memory Registrada De Rango \u00fanico X4 Ddr4-3200 De 16 Gb (1 X 16 Gb) Cas-22-22-22 + Env\u00edo a domicilio + Pago seguro + Garant\u00eda","robots":{"index":"index","follow":"follow","max-snippet":"max-snippet:-1","max-image-preview":"max-image-preview:large","max-video-preview":"max-video-preview:-1"},"canonical":"https:\/\/compuviper.mx\/tienda\/producto\/hewlett-packard-enterprise-p07640-b21-kit-hpe-smart-memory-registrada-de-rango-nico-x4-ddr4-3200-de-16-gb-1-x-16-gb-cas-22-22-22\/","og_locale":"es_MX","og_type":"article","og_title":"[ Hewlett Packard Enterprise ] &#129351; P07640-b21 Kit Hpe Smart Memory Registrada De Rango \u00fanico X4 Ddr4-3200 De 16 Gb (1 X 16 Gb) Cas-22-22-22","og_description":"Compra P07640-b21 Kit Hpe Smart Memory Registrada De Rango \u00fanico X4 Ddr4-3200 De 16 Gb (1 X 16 Gb) Cas-22-22-22 + Env\u00edo a domicilio + Pago seguro + Garant\u00eda","og_url":"https:\/\/compuviper.mx\/tienda\/producto\/hewlett-packard-enterprise-p07640-b21-kit-hpe-smart-memory-registrada-de-rango-nico-x4-ddr4-3200-de-16-gb-1-x-16-gb-cas-22-22-22\/","og_site_name":"Compuviper","article_publisher":"https:\/\/www.facebook.com\/compuviper","og_image":[{"width":200,"height":200,"url":"https:\/\/compuviper.mx\/tienda\/wp-content\/uploads\/2021\/09\/Kit-hpe-smart-memory-registrada-de-rango-unico-x4-ddr4-3200-de-16-gb-1-x-16-gb-cas-22-22-22.jpg","type":"image\/jpeg"}],"twitter_card":"summary_large_image","twitter_misc":{"Precio":"&#36;5,486 con IVA","Availability":"On backorder"},"schema":{"@context":"https:\/\/schema.org","@graph":[{"@type":"WebPage","@id":"https:\/\/compuviper.mx\/tienda\/producto\/hewlett-packard-enterprise-p07640-b21-kit-hpe-smart-memory-registrada-de-rango-nico-x4-ddr4-3200-de-16-gb-1-x-16-gb-cas-22-22-22\/","url":"https:\/\/compuviper.mx\/tienda\/producto\/hewlett-packard-enterprise-p07640-b21-kit-hpe-smart-memory-registrada-de-rango-nico-x4-ddr4-3200-de-16-gb-1-x-16-gb-cas-22-22-22\/","name":"[ Hewlett Packard Enterprise ] &#129351; P07640-b21 Kit Hpe Smart Memory Registrada De Rango \u00fanico X4 Ddr4-3200 De 16 Gb (1 X 16 Gb) Cas-22-22-22","isPartOf":{"@id":"https:\/\/compuviper.mx\/tienda\/#website"},"datePublished":"2026-04-02T07:47:50+00:00","dateModified":"2026-04-02T07:47:50+00:00","description":"Compra P07640-b21 Kit Hpe Smart Memory Registrada De Rango \u00fanico X4 Ddr4-3200 De 16 Gb (1 X 16 Gb) Cas-22-22-22 + Env\u00edo a domicilio + Pago seguro + Garant\u00eda","breadcrumb":{"@id":"https:\/\/compuviper.mx\/tienda\/producto\/hewlett-packard-enterprise-p07640-b21-kit-hpe-smart-memory-registrada-de-rango-nico-x4-ddr4-3200-de-16-gb-1-x-16-gb-cas-22-22-22\/#breadcrumb"},"inLanguage":"es-MX","potentialAction":[{"@type":"ReadAction","target":["https:\/\/compuviper.mx\/tienda\/producto\/hewlett-packard-enterprise-p07640-b21-kit-hpe-smart-memory-registrada-de-rango-nico-x4-ddr4-3200-de-16-gb-1-x-16-gb-cas-22-22-22\/"]}]},{"@type":"BreadcrumbList","@id":"https:\/\/compuviper.mx\/tienda\/producto\/hewlett-packard-enterprise-p07640-b21-kit-hpe-smart-memory-registrada-de-rango-nico-x4-ddr4-3200-de-16-gb-1-x-16-gb-cas-22-22-22\/#breadcrumb","itemListElement":[{"@type":"ListItem","position":1,"name":"Inicio","item":"https:\/\/compuviper.mx\/tienda\/"},{"@type":"ListItem","position":2,"name":"Productos","item":"https:\/\/compuviper.mx\/tienda\/productos\/"},{"@type":"ListItem","position":3,"name":"Memorias","item":"https:\/\/compuviper.mx\/tienda\/categoria-producto\/memorias\/"},{"@type":"ListItem","position":4,"name":"Memoria Ram","item":"https:\/\/compuviper.mx\/tienda\/categoria-producto\/memorias\/memoria-ram\/"},{"@type":"ListItem","position":5,"name":"Hewlett Packard Enterprise P07640-b21 Kit Hpe Smart Memory Registrada De Rango ?nico X4 Ddr4-3200 De 16 Gb (1 X 16 Gb) Cas-22-22-22"}]},{"@type":"WebSite","@id":"https:\/\/compuviper.mx\/tienda\/#website","url":"https:\/\/compuviper.mx\/tienda\/","name":"Compuviper","description":"Proveedor de Computadoras, Laptops, Servidores, Monitores, Puntos de Venta, Teclados,   Impresoras, T\u00f3ner, C\u00e1maras de Seguridad y m\u00e1s en tu tienda en l\u00ednea","publisher":{"@id":"https:\/\/compuviper.mx\/tienda\/#organization"},"potentialAction":[{"@type":"SearchAction","target":{"@type":"EntryPoint","urlTemplate":"https:\/\/compuviper.mx\/tienda\/?s={search_term_string}"},"query-input":"required name=search_term_string"}],"inLanguage":"es-MX"},{"@type":"Organization","@id":"https:\/\/compuviper.mx\/tienda\/#organization","name":"Compuviper","url":"https:\/\/compuviper.mx\/tienda\/","logo":{"@type":"ImageObject","inLanguage":"es-MX","@id":"https:\/\/compuviper.mx\/tienda\/#\/schema\/logo\/image\/","url":"https:\/\/compuviper.mx\/tienda\/wp-content\/uploads\/2021\/08\/Logo-Compuviper-10.png","contentUrl":"https:\/\/compuviper.mx\/tienda\/wp-content\/uploads\/2021\/08\/Logo-Compuviper-10.png","width":1000,"height":500,"caption":"Compuviper"},"image":{"@id":"https:\/\/compuviper.mx\/tienda\/#\/schema\/logo\/image\/"},"sameAs":["https:\/\/www.facebook.com\/compuviper","https:\/\/www.youtube.com\/channel\/UCf73dERp9Y3cfOq7q8BhLjA?view_as=subscriber"]}]},"product_brand":"HEWLETT PACKARD ENTERPRISE","product_price_amount":"5486","product_price_currency":"MXN","og_availability":"backorder","product_availability":"available for order","product_retailer_item_id":"P07640-B21","product_condition":"new"},"_links":{"self":[{"href":"https:\/\/compuviper.mx\/tienda\/wp-json\/wp\/v2\/product\/224300"}],"collection":[{"href":"https:\/\/compuviper.mx\/tienda\/wp-json\/wp\/v2\/product"}],"about":[{"href":"https:\/\/compuviper.mx\/tienda\/wp-json\/wp\/v2\/types\/product"}],"replies":[{"embeddable":true,"href":"https:\/\/compuviper.mx\/tienda\/wp-json\/wp\/v2\/comments?post=224300"}],"wp:featuredmedia":[{"embeddable":true,"href":"https:\/\/compuviper.mx\/tienda\/wp-json\/wp\/v2\/media\/138010"}],"wp:attachment":[{"href":"https:\/\/compuviper.mx\/tienda\/wp-json\/wp\/v2\/media?parent=224300"}],"wp:term":[{"taxonomy":"product_cat","embeddable":true,"href":"https:\/\/compuviper.mx\/tienda\/wp-json\/wp\/v2\/product_cat?post=224300"},{"taxonomy":"product_tag","embeddable":true,"href":"https:\/\/compuviper.mx\/tienda\/wp-json\/wp\/v2\/product_tag?post=224300"}],"curies":[{"name":"wp","href":"https:\/\/api.w.org\/{rel}","templated":true}]}}