{"id":223909,"date":"2026-04-10T01:36:59","date_gmt":"2026-04-10T07:36:59","guid":{"rendered":"https:\/\/compuviper.mx\/tienda\/producto\/epson-c11ck57301-multifuncional-l5590-ppm-33-negro-20-ppm-color-tinta-continua-ecotank-usb-wifi-red-adf\/"},"modified":"2026-04-10T01:36:59","modified_gmt":"2026-04-10T07:36:59","slug":"epson-c11ck57301-multifuncional-l5590-ppm-33-negro-20-ppm-color-tinta-continua-ecotank-usb-wifi-red-adf","status":"publish","type":"product","link":"https:\/\/compuviper.mx\/tienda\/producto\/epson-c11ck57301-multifuncional-l5590-ppm-33-negro-20-ppm-color-tinta-continua-ecotank-usb-wifi-red-adf\/","title":{"rendered":"Epson C11ck57301 Multifuncional  L5590, Ppm 33 Negro\/20 Ppm Color, Tinta Continua, Ecotank, Usb, Wifi, Red, Adf"},"content":{"rendered":"<table class=\"descripcion\">\n<tr>\n<td>Informacion tecnica:<\/td>\n<\/tr>\n<tr>\n<td>Impresion:<\/td>\n<\/tr>\n<tr>\n<td> tecnologia de impresion: inyeccion de tinta heat-free precisioncore de 4 colores cmyk<\/td>\n<\/tr>\n<tr>\n<td> resolucion maxima de impresion: hasta 4.800 dpi x 1.200 dpi de resolucion optimizada en varios tipos de papel<\/td>\n<\/tr>\n<tr>\n<td> velocidad de impresion maxima: simplex: 33 ppm negro, 20 ppm color borrador, a4\/carta<\/td>\n<\/tr>\n<tr>\n<td> velocidad de impresion iso: simplex: 10 ppm negro, 8 ppm color a4\/carta<\/td>\n<\/tr>\n<tr>\n<td> timepo de salida de la primera pagina iso: 9 segundos blanco y negro \/ 15 segundos color<\/td>\n<\/tr>\n<tr>\n<td>Copias:<\/td>\n<\/tr>\n<tr>\n<td> velocidad de copiado iso: negro 10,8 cpm y color 5,5 cpm a4\/carta  resolucion maxima de copiado: 300 dpi x 600 dpi cama plana \/ 300 dpi x 300 dpi adf<\/td>\n<\/tr>\n<tr>\n<td> tamao maximo de copiado: oficio adf<\/td>\n<\/tr>\n<tr>\n<td>Escaneo:<\/td>\n<\/tr>\n<tr>\n<td> tipo de escaner: cama plana con sensor de lineas cis de color<\/td>\n<\/tr>\n<tr>\n<td> velocidad de escaneo: 12 segundos blanco y negro\/ 29 segundos color<\/td>\n<\/tr>\n<tr>\n<td> area de escaneo maxima: 216 mm x 297 mm<\/td>\n<\/tr>\n<tr>\n<td> resolucion optica\/maxima: 1.200 dpi x 2.400 dpi<\/td>\n<\/tr>\n<tr>\n<td> profundidad de color: color: 48 bits de entrada, 24 bits de salida &#8211; escala de grises: 16 bits de entrada, 8 bits de salida. blanco y negro: 16 bits de entrada, 1 bit de salida<\/td>\n<\/tr>\n<tr>\n<td>Impresion inalambrica desde dispositivos inteligentes:<\/td>\n<\/tr>\n<tr>\n<td> epson connect: epson smart panel app ios, android, epson email print, remote print driver<\/td>\n<\/tr>\n<tr>\n<td> otros: apple airprint, chromebook native print, mopria print service<\/td>\n<\/tr>\n<tr>\n<td>Interfaz y conectividad:<\/td>\n<\/tr>\n<tr>\n<td> conectividad estandar: usb de alta velocidad compatible con usb 2.0, wi-fi 4 ieee 802.11 b\/g\/n, wi-fi direct, ethernet 10\/100<\/td>\n<\/tr>\n<tr>\n<td> protocolos de impresion en red: lpd, ipp, port9100, wsd<\/td>\n<\/tr>\n<tr>\n<td> protocolos para gestion de redes: snmp, http, dhcp, bootp, apipa, ping, ddns, mdns, slp, wsd, lltd<\/td>\n<\/tr>\n<tr>\n<td> seguridad wlan: wep 64-bit\/128-bit, wpa-psk tkip, wpa2-psk aes, wpa3-sae aes<\/td>\n<\/tr>\n<tr>\n<td> compatibilidad con sistemas operativos: windows vista \/ 7 \/ 8 \/ 8.1 \/10 32bit, 64bit, windows server 2003 sp2 o mas reciente, mac os x 10.7.5 &#8211; o mas reciente<\/td>\n<\/tr>\n<tr>\n<td>Manejo de papel y medios:<\/td>\n<\/tr>\n<tr>\n<td> tamaos maximos de impresin: 215,9 mm x 1.200 mm<\/td>\n<\/tr>\n<tr>\n<td> tipos: papel normal, papel especial, epson photo glossy\/semi-gloss, presentation paper<\/td>\n<\/tr>\n<tr>\n<td> tamaos de papeles soportados: a4, letter, oficio 215.9 mm x 355.6 mm, mexico-oficio 215.9 mm x 340.4 mm, oficio 9 214.9 mm x 315 mm, 4 x 6 10 cm x 15 cm, 5 x 7 13 cm x 18 cm, 8 x 10. sobres 10<\/td>\n<\/tr>\n<tr>\n<td> area maxima de impresion: 215,9 mm x 1.200 mm<\/td>\n<\/tr>\n<tr>\n<td> capacidad de carga: alimentacion trasera: hasta 100 hojas a4\/ltr\/oficio \/ adf: hasta 30 hojas a4\/carta hasta 10 hojas oficio<\/td>\n<\/tr>\n<tr>\n<td>General:<\/td>\n<\/tr>\n<tr>\n<td> software incluido: cd y descarga web: printer driver, epson scan 2, epson scansmart, epson fax utility descarga web: epson photo<\/td>\n<\/tr>\n<tr>\n<td> pantalla lcd: 1,44\u0094 a color<\/td>\n<\/tr>\n<tr>\n<td> dimensiones ancho x profundidad x altura: 375 mm x 578 mm x 253 mm<\/td>\n<\/tr>\n<tr>\n<td> peso: 5,2 kg<\/td>\n<\/tr>\n<tr>\n<td> que hay en la caja: multifuncional epson l5590, guia de instalacion, cd-rom con controladores, cable de alimentacion, cable usb, cable de fax, botellas de tinta de inicializacion negra,cian, magenta, amarilla x1 c\/u<\/td>\n<\/tr>\n<tr>\n<td> pais de origen: filipinas<\/td>\n<\/tr>\n<tr>\n<td> garantia limitada extendida: 2 aos con registro del producto<\/td>\n<\/tr>\n<tr>\n<td> consumo de energia: 12 w en modo operacion<\/td>\n<\/tr>\n<tr>\n<td>Ecotank l5590 220v c11cj65303: ac 100 &#8211; 240 v\/50 hz &#8211; 60 hz<\/td>\n<\/tr>\n<\/table>\n","protected":false},"excerpt":{"rendered":"<p>Nueva multifuncional epson l5590 hasta 50 mas rapida que la generacion anterior, ahorre tiempo en copiado, escaneo y envio de fax frecuentes, con sus sistema de conectividad avanzada wifi, 100 libre de cartuchos ni cabezales que reemplazar.<\/p>\n","protected":false},"featured_media":223910,"comment_status":"open","ping_status":"open","template":"","meta":[],"product_cat":[1777,1783],"product_tag":[1624],"acf":[],"yoast_head":"<!-- This site is optimized with the Yoast SEO plugin v21.7 - https:\/\/yoast.com\/wordpress\/plugins\/seo\/ -->\n<title>[ Epson ] &#129351; C11ck57301 Multifuncional L5590, Ppm 33 Negro\/20 Ppm Color, Tinta Continua, Ecotank, Usb, Wifi, Red, Adf<\/title>\n<meta name=\"description\" content=\"Compra C11ck57301 Multifuncional L5590, Ppm 33 Negro\/20 Ppm Color, Tinta Continua, Ecotank, Usb, Wifi, Red, Adf + Env\u00edo a domicilio + Pago seguro + Garant\u00eda\" \/>\n<meta name=\"robots\" content=\"index, follow, max-snippet:-1, max-image-preview:large, max-video-preview:-1\" \/>\n<link rel=\"canonical\" href=\"https:\/\/compuviper.mx\/tienda\/producto\/epson-c11ck57301-multifuncional-l5590-ppm-33-negro-20-ppm-color-tinta-continua-ecotank-usb-wifi-red-adf\/\" \/>\n<meta property=\"og:locale\" content=\"es_MX\" \/>\n<meta property=\"og:type\" content=\"article\" \/>\n<meta property=\"og:title\" content=\"[ Epson ] &#129351; C11ck57301 Multifuncional L5590, Ppm 33 Negro\/20 Ppm Color, Tinta Continua, Ecotank, Usb, Wifi, Red, Adf\" \/>\n<meta property=\"og:description\" content=\"Compra C11ck57301 Multifuncional L5590, Ppm 33 Negro\/20 Ppm Color, Tinta Continua, Ecotank, Usb, Wifi, Red, Adf + Env\u00edo a domicilio + Pago seguro + Garant\u00eda\" \/>\n<meta property=\"og:url\" content=\"https:\/\/compuviper.mx\/tienda\/producto\/epson-c11ck57301-multifuncional-l5590-ppm-33-negro-20-ppm-color-tinta-continua-ecotank-usb-wifi-red-adf\/\" \/>\n<meta property=\"og:site_name\" content=\"Compuviper\" \/>\n<meta property=\"article:publisher\" content=\"https:\/\/www.facebook.com\/compuviper\" \/>\n<meta property=\"og:image\" content=\"https:\/\/compuviper.mx\/tienda\/wp-content\/uploads\/2023\/12\/Multifuncional-epson-l5590-ppm-33-negro20-ppm-color-tinta-continua-ecotank-usb-wifi-red-adf.jpg\" \/>\n\t<meta property=\"og:image:width\" content=\"200\" \/>\n\t<meta property=\"og:image:height\" content=\"200\" \/>\n\t<meta property=\"og:image:type\" content=\"image\/jpeg\" \/>\n<meta name=\"twitter:card\" content=\"summary_large_image\" \/>\n<meta name=\"twitter:label1\" content=\"Precio\" \/>\n\t<meta name=\"twitter:data1\" content=\"&#36;5,977 con IVA\" \/>\n\t<meta name=\"twitter:label2\" content=\"Availability\" \/>\n\t<meta name=\"twitter:data2\" content=\"In stock\" \/>\n<script type=\"application\/ld+json\" class=\"yoast-schema-graph\">{\"@context\":\"https:\/\/schema.org\",\"@graph\":[{\"@type\":\"WebPage\",\"@id\":\"https:\/\/compuviper.mx\/tienda\/producto\/epson-c11ck57301-multifuncional-l5590-ppm-33-negro-20-ppm-color-tinta-continua-ecotank-usb-wifi-red-adf\/\",\"url\":\"https:\/\/compuviper.mx\/tienda\/producto\/epson-c11ck57301-multifuncional-l5590-ppm-33-negro-20-ppm-color-tinta-continua-ecotank-usb-wifi-red-adf\/\",\"name\":\"[ Epson ] &#129351; C11ck57301 Multifuncional L5590, Ppm 33 Negro\/20 Ppm Color, Tinta Continua, Ecotank, Usb, Wifi, Red, Adf\",\"isPartOf\":{\"@id\":\"https:\/\/compuviper.mx\/tienda\/#website\"},\"datePublished\":\"2026-04-10T07:36:59+00:00\",\"dateModified\":\"2026-04-10T07:36:59+00:00\",\"description\":\"Compra C11ck57301 Multifuncional L5590, Ppm 33 Negro\/20 Ppm Color, Tinta Continua, Ecotank, Usb, Wifi, Red, Adf + Env\u00edo a domicilio + Pago seguro + Garant\u00eda\",\"breadcrumb\":{\"@id\":\"https:\/\/compuviper.mx\/tienda\/producto\/epson-c11ck57301-multifuncional-l5590-ppm-33-negro-20-ppm-color-tinta-continua-ecotank-usb-wifi-red-adf\/#breadcrumb\"},\"inLanguage\":\"es-MX\",\"potentialAction\":[{\"@type\":\"ReadAction\",\"target\":[\"https:\/\/compuviper.mx\/tienda\/producto\/epson-c11ck57301-multifuncional-l5590-ppm-33-negro-20-ppm-color-tinta-continua-ecotank-usb-wifi-red-adf\/\"]}]},{\"@type\":\"BreadcrumbList\",\"@id\":\"https:\/\/compuviper.mx\/tienda\/producto\/epson-c11ck57301-multifuncional-l5590-ppm-33-negro-20-ppm-color-tinta-continua-ecotank-usb-wifi-red-adf\/#breadcrumb\",\"itemListElement\":[{\"@type\":\"ListItem\",\"position\":1,\"name\":\"Inicio\",\"item\":\"https:\/\/compuviper.mx\/tienda\/\"},{\"@type\":\"ListItem\",\"position\":2,\"name\":\"Productos\",\"item\":\"https:\/\/compuviper.mx\/tienda\/productos\/\"},{\"@type\":\"ListItem\",\"position\":3,\"name\":\"Impresoras\",\"item\":\"https:\/\/compuviper.mx\/tienda\/categoria-producto\/impresoras\/\"},{\"@type\":\"ListItem\",\"position\":4,\"name\":\"Inyeccion De Tinta\",\"item\":\"https:\/\/compuviper.mx\/tienda\/categoria-producto\/impresoras\/inyeccion-de-tinta-impresoras\/\"},{\"@type\":\"ListItem\",\"position\":5,\"name\":\"Epson C11ck57301 Multifuncional L5590, Ppm 33 Negro\/20 Ppm Color, Tinta Continua, Ecotank, Usb, Wifi, Red, Adf\"}]},{\"@type\":\"WebSite\",\"@id\":\"https:\/\/compuviper.mx\/tienda\/#website\",\"url\":\"https:\/\/compuviper.mx\/tienda\/\",\"name\":\"Compuviper\",\"description\":\"Proveedor de Computadoras, Laptops, Servidores, Monitores, Puntos de Venta, Teclados,   Impresoras, T\u00f3ner, C\u00e1maras de Seguridad y m\u00e1s en tu tienda en l\u00ednea\",\"publisher\":{\"@id\":\"https:\/\/compuviper.mx\/tienda\/#organization\"},\"potentialAction\":[{\"@type\":\"SearchAction\",\"target\":{\"@type\":\"EntryPoint\",\"urlTemplate\":\"https:\/\/compuviper.mx\/tienda\/?s={search_term_string}\"},\"query-input\":\"required name=search_term_string\"}],\"inLanguage\":\"es-MX\"},{\"@type\":\"Organization\",\"@id\":\"https:\/\/compuviper.mx\/tienda\/#organization\",\"name\":\"Compuviper\",\"url\":\"https:\/\/compuviper.mx\/tienda\/\",\"logo\":{\"@type\":\"ImageObject\",\"inLanguage\":\"es-MX\",\"@id\":\"https:\/\/compuviper.mx\/tienda\/#\/schema\/logo\/image\/\",\"url\":\"https:\/\/compuviper.mx\/tienda\/wp-content\/uploads\/2021\/08\/Logo-Compuviper-10.png\",\"contentUrl\":\"https:\/\/compuviper.mx\/tienda\/wp-content\/uploads\/2021\/08\/Logo-Compuviper-10.png\",\"width\":1000,\"height\":500,\"caption\":\"Compuviper\"},\"image\":{\"@id\":\"https:\/\/compuviper.mx\/tienda\/#\/schema\/logo\/image\/\"},\"sameAs\":[\"https:\/\/www.facebook.com\/compuviper\",\"https:\/\/www.youtube.com\/channel\/UCf73dERp9Y3cfOq7q8BhLjA?view_as=subscriber\"]}]}<\/script>\n<meta property=\"product:brand\" content=\"EPSON\" \/>\n<meta property=\"product:price:amount\" content=\"5977\" \/>\n<meta property=\"product:price:currency\" content=\"MXN\" \/>\n<meta property=\"og:availability\" content=\"instock\" \/>\n<meta property=\"product:availability\" content=\"instock\" \/>\n<meta property=\"product:retailer_item_id\" content=\"C11CK57301\" \/>\n<meta property=\"product:condition\" content=\"new\" \/>\n<!-- \/ Yoast SEO plugin. -->","yoast_head_json":{"title":"[ Epson ] &#129351; C11ck57301 Multifuncional L5590, Ppm 33 Negro\/20 Ppm Color, Tinta Continua, Ecotank, Usb, Wifi, Red, Adf","description":"Compra C11ck57301 Multifuncional L5590, Ppm 33 Negro\/20 Ppm Color, Tinta Continua, Ecotank, Usb, Wifi, Red, Adf + Env\u00edo a domicilio + Pago seguro + Garant\u00eda","robots":{"index":"index","follow":"follow","max-snippet":"max-snippet:-1","max-image-preview":"max-image-preview:large","max-video-preview":"max-video-preview:-1"},"canonical":"https:\/\/compuviper.mx\/tienda\/producto\/epson-c11ck57301-multifuncional-l5590-ppm-33-negro-20-ppm-color-tinta-continua-ecotank-usb-wifi-red-adf\/","og_locale":"es_MX","og_type":"article","og_title":"[ Epson ] &#129351; C11ck57301 Multifuncional L5590, Ppm 33 Negro\/20 Ppm Color, Tinta Continua, Ecotank, Usb, Wifi, Red, Adf","og_description":"Compra C11ck57301 Multifuncional L5590, Ppm 33 Negro\/20 Ppm Color, Tinta Continua, Ecotank, Usb, Wifi, Red, Adf + Env\u00edo a domicilio + Pago seguro + Garant\u00eda","og_url":"https:\/\/compuviper.mx\/tienda\/producto\/epson-c11ck57301-multifuncional-l5590-ppm-33-negro-20-ppm-color-tinta-continua-ecotank-usb-wifi-red-adf\/","og_site_name":"Compuviper","article_publisher":"https:\/\/www.facebook.com\/compuviper","og_image":[{"width":200,"height":200,"url":"https:\/\/compuviper.mx\/tienda\/wp-content\/uploads\/2023\/12\/Multifuncional-epson-l5590-ppm-33-negro20-ppm-color-tinta-continua-ecotank-usb-wifi-red-adf.jpg","type":"image\/jpeg"}],"twitter_card":"summary_large_image","twitter_misc":{"Precio":"&#36;5,977 con IVA","Availability":"In stock"},"schema":{"@context":"https:\/\/schema.org","@graph":[{"@type":"WebPage","@id":"https:\/\/compuviper.mx\/tienda\/producto\/epson-c11ck57301-multifuncional-l5590-ppm-33-negro-20-ppm-color-tinta-continua-ecotank-usb-wifi-red-adf\/","url":"https:\/\/compuviper.mx\/tienda\/producto\/epson-c11ck57301-multifuncional-l5590-ppm-33-negro-20-ppm-color-tinta-continua-ecotank-usb-wifi-red-adf\/","name":"[ Epson ] &#129351; C11ck57301 Multifuncional L5590, Ppm 33 Negro\/20 Ppm Color, Tinta Continua, Ecotank, Usb, Wifi, Red, Adf","isPartOf":{"@id":"https:\/\/compuviper.mx\/tienda\/#website"},"datePublished":"2026-04-10T07:36:59+00:00","dateModified":"2026-04-10T07:36:59+00:00","description":"Compra C11ck57301 Multifuncional L5590, Ppm 33 Negro\/20 Ppm Color, Tinta Continua, Ecotank, Usb, Wifi, Red, Adf + Env\u00edo a domicilio + Pago seguro + Garant\u00eda","breadcrumb":{"@id":"https:\/\/compuviper.mx\/tienda\/producto\/epson-c11ck57301-multifuncional-l5590-ppm-33-negro-20-ppm-color-tinta-continua-ecotank-usb-wifi-red-adf\/#breadcrumb"},"inLanguage":"es-MX","potentialAction":[{"@type":"ReadAction","target":["https:\/\/compuviper.mx\/tienda\/producto\/epson-c11ck57301-multifuncional-l5590-ppm-33-negro-20-ppm-color-tinta-continua-ecotank-usb-wifi-red-adf\/"]}]},{"@type":"BreadcrumbList","@id":"https:\/\/compuviper.mx\/tienda\/producto\/epson-c11ck57301-multifuncional-l5590-ppm-33-negro-20-ppm-color-tinta-continua-ecotank-usb-wifi-red-adf\/#breadcrumb","itemListElement":[{"@type":"ListItem","position":1,"name":"Inicio","item":"https:\/\/compuviper.mx\/tienda\/"},{"@type":"ListItem","position":2,"name":"Productos","item":"https:\/\/compuviper.mx\/tienda\/productos\/"},{"@type":"ListItem","position":3,"name":"Impresoras","item":"https:\/\/compuviper.mx\/tienda\/categoria-producto\/impresoras\/"},{"@type":"ListItem","position":4,"name":"Inyeccion De Tinta","item":"https:\/\/compuviper.mx\/tienda\/categoria-producto\/impresoras\/inyeccion-de-tinta-impresoras\/"},{"@type":"ListItem","position":5,"name":"Epson C11ck57301 Multifuncional L5590, Ppm 33 Negro\/20 Ppm Color, Tinta Continua, Ecotank, Usb, Wifi, Red, Adf"}]},{"@type":"WebSite","@id":"https:\/\/compuviper.mx\/tienda\/#website","url":"https:\/\/compuviper.mx\/tienda\/","name":"Compuviper","description":"Proveedor de Computadoras, Laptops, Servidores, Monitores, Puntos de Venta, Teclados,   Impresoras, T\u00f3ner, C\u00e1maras de Seguridad y m\u00e1s en tu tienda en l\u00ednea","publisher":{"@id":"https:\/\/compuviper.mx\/tienda\/#organization"},"potentialAction":[{"@type":"SearchAction","target":{"@type":"EntryPoint","urlTemplate":"https:\/\/compuviper.mx\/tienda\/?s={search_term_string}"},"query-input":"required name=search_term_string"}],"inLanguage":"es-MX"},{"@type":"Organization","@id":"https:\/\/compuviper.mx\/tienda\/#organization","name":"Compuviper","url":"https:\/\/compuviper.mx\/tienda\/","logo":{"@type":"ImageObject","inLanguage":"es-MX","@id":"https:\/\/compuviper.mx\/tienda\/#\/schema\/logo\/image\/","url":"https:\/\/compuviper.mx\/tienda\/wp-content\/uploads\/2021\/08\/Logo-Compuviper-10.png","contentUrl":"https:\/\/compuviper.mx\/tienda\/wp-content\/uploads\/2021\/08\/Logo-Compuviper-10.png","width":1000,"height":500,"caption":"Compuviper"},"image":{"@id":"https:\/\/compuviper.mx\/tienda\/#\/schema\/logo\/image\/"},"sameAs":["https:\/\/www.facebook.com\/compuviper","https:\/\/www.youtube.com\/channel\/UCf73dERp9Y3cfOq7q8BhLjA?view_as=subscriber"]}]},"product_brand":"EPSON","product_price_amount":"5977","product_price_currency":"MXN","og_availability":"instock","product_availability":"instock","product_retailer_item_id":"C11CK57301","product_condition":"new"},"_links":{"self":[{"href":"https:\/\/compuviper.mx\/tienda\/wp-json\/wp\/v2\/product\/223909"}],"collection":[{"href":"https:\/\/compuviper.mx\/tienda\/wp-json\/wp\/v2\/product"}],"about":[{"href":"https:\/\/compuviper.mx\/tienda\/wp-json\/wp\/v2\/types\/product"}],"replies":[{"embeddable":true,"href":"https:\/\/compuviper.mx\/tienda\/wp-json\/wp\/v2\/comments?post=223909"}],"wp:featuredmedia":[{"embeddable":true,"href":"https:\/\/compuviper.mx\/tienda\/wp-json\/wp\/v2\/media\/223910"}],"wp:attachment":[{"href":"https:\/\/compuviper.mx\/tienda\/wp-json\/wp\/v2\/media?parent=223909"}],"wp:term":[{"taxonomy":"product_cat","embeddable":true,"href":"https:\/\/compuviper.mx\/tienda\/wp-json\/wp\/v2\/product_cat?post=223909"},{"taxonomy":"product_tag","embeddable":true,"href":"https:\/\/compuviper.mx\/tienda\/wp-json\/wp\/v2\/product_tag?post=223909"}],"curies":[{"name":"wp","href":"https:\/\/api.w.org\/{rel}","templated":true}]}}