{"id":223907,"date":"2026-04-07T01:38:39","date_gmt":"2026-04-07T07:38:39","guid":{"rendered":"https:\/\/compuviper.mx\/tienda\/producto\/epson-c11ck37301-impresora-l8050-tinta-continua-ecotank-usb-wifi-fotografica\/"},"modified":"2026-04-07T01:38:40","modified_gmt":"2026-04-07T07:38:40","slug":"epson-c11ck37301-impresora-l8050-tinta-continua-ecotank-usb-wifi-fotografica","status":"publish","type":"product","link":"https:\/\/compuviper.mx\/tienda\/producto\/epson-c11ck37301-impresora-l8050-tinta-continua-ecotank-usb-wifi-fotografica\/","title":{"rendered":"Epson C11ck37301 Impresora  L8050 Tinta Continua, Ecotank, Usb, Wifi, Fotografica"},"content":{"rendered":"<table class=\"descripcion\">\n<tr>\n<td>Generales<\/td>\n<\/tr>\n<tr>\n<td>      tecnologia de impresin: tecnologia de inyeccion de tinta micropiezo\u00ae de 6 colores ccmmyk optimizada para impresion de fotografias<\/td>\n<\/tr>\n<tr>\n<td>      resolucion: hasta 5760 x 1440 dpi de resolucion optimizada en varios tipos de papel<\/td>\n<\/tr>\n<tr>\n<td>      velocidad de impresion maxima: negro 22 ppm a4\/carta fotos a color 4\u0094 x 6\u0094 10 cm x 15 cm: 11 segundos borrador<\/td>\n<\/tr>\n<tr>\n<td>      velocidad de impresin iso: negro 8 ppm y color 8 ppm a4\/carta<\/td>\n<\/tr>\n<tr>\n<td>Tiempo de salida de la primera pagina iso: aprox 14 segundos negro \/ 14 segundos color a4\/carta<\/td>\n<\/tr>\n<tr>\n<td>Epson connect: aplicacin epson smart panel ios , android epson email print, chromebook native print.<\/td>\n<\/tr>\n<tr>\n<td>Interfaz y conetividad<\/td>\n<\/tr>\n<tr>\n<td>   conectividad estandar: usb de alta velocidad compatible con usb 2.0, wi-fi 4 ieee 802.11 b\/g\/n, wi-fi direct<\/td>\n<\/tr>\n<tr>\n<td>   protocolos de impresin de red:tcp \/ipv4, tcp \/ipv6<\/td>\n<\/tr>\n<tr>\n<td>   protocolos para gestion de redes: snmp, http, dhcp, apipa, ddns mdns, slp, wsd, lltd<\/td>\n<\/tr>\n<tr>\n<td>   seguridad wlan: wep 64 bit\/128 bit, wpa-psk tkip wpa2-psk aes, wpa3-sae aes<\/td>\n<\/tr>\n<tr>\n<td>   compatibilidad con sistemas operativos: windows vista, windows7, window 8\/8.1 windows 10 , windows 11, windows server 2003 o posterior, mac os x 10.9.5 o posterior, macos 11 o posterior.<\/td>\n<\/tr>\n<tr>\n<td>Manejo de papel y medios<\/td>\n<\/tr>\n<tr>\n<td>   tamao maximo de impresin: 215,9 mm x 1,200 mm<\/td>\n<\/tr>\n<tr>\n<td>   tamaos para la impresin sin bordes a4, carta, 4\u0094 x 6\u0094 10 x 15 cm, 5\u0094 x 7\u0094 13 x 18 cm, 8\u0094 x 10\u0094, oficio 8,5 x 14 cm ancho 16:9 4\u0094 x 7,1 100 x 148 mm, 3.5 x 5\u0094 definido por el usuario desde 89 x 127 mm hasta 215,9 x 2.000 mm estandar: a4, carta, oficio 215,9 mm x 355,6 mm mexico-oficio 215,9 mm x 340,4 mm oficio 9 214,9 mm x 315 mm, folio 215,9 mm x 330,2 mm, ejecutivo, media carta, a6<\/td>\n<\/tr>\n<tr>\n<td>Foto: 4\u0094 x 6\u0094 10 cm x 15 cm, 5\u0094 x 7\u0094 13 cm x 18 cm, 8\u0094 x 10\u0094, 3.5\u0094 x 5\u0094 9cm x 13 cm<\/td>\n<\/tr>\n<tr>\n<td>Sobres: 10<\/td>\n<\/tr>\n<tr>\n<td>Pvc id: tarjeta 54 mm x 86 mm<\/td>\n<\/tr>\n<tr>\n<td>Definido por el usuario: desde 89 x 127 mm hasta 215,9 x 1.200 mm<\/td>\n<\/tr>\n<tr>\n<td>Papel normal, epson specialty papers photo glossy \/semi-gloss\/luster, presentation paper matte, high quality ink jet paper, iron-om cool peel transfer<\/td>\n<\/tr>\n<\/table>\n","protected":false},"excerpt":{"rendered":"<p>La nueva l8050 fotogr\u00e1fica viene con tecnologa innovadora de tanques de tinta de seis colores, para imprimir un alto volumen de fotos  y documentos, con gran ahorro. Revoluciona la impresin en pequeos negocios y hogares. Mayor volumen de impresin, calidad y productividad con el nuevo sistema de tanques de tinta de 6 colores de epson. Diseadas con la m\u00e1s alta calidad para impresiones duraderas. Impresiones a muy bajo costo &#8211; solo pocos centavos<\/p>\n","protected":false},"featured_media":223908,"comment_status":"open","ping_status":"open","template":"","meta":[],"product_cat":[1777,1785],"product_tag":[1624],"acf":[],"yoast_head":"<!-- This site is optimized with the Yoast SEO plugin v21.7 - https:\/\/yoast.com\/wordpress\/plugins\/seo\/ -->\n<title>[ Epson ] &#129351; C11ck37301 Impresora L8050 Tinta Continua, Ecotank, Usb, Wifi, Fotografica<\/title>\n<meta name=\"description\" content=\"Compra C11ck37301 Impresora L8050 Tinta Continua, Ecotank, Usb, Wifi, Fotografica + Env\u00edo a domicilio + Pago seguro + Garant\u00eda\" \/>\n<meta name=\"robots\" content=\"index, follow, max-snippet:-1, max-image-preview:large, max-video-preview:-1\" \/>\n<link rel=\"canonical\" href=\"https:\/\/compuviper.mx\/tienda\/producto\/epson-c11ck37301-impresora-l8050-tinta-continua-ecotank-usb-wifi-fotografica\/\" \/>\n<meta property=\"og:locale\" content=\"es_MX\" \/>\n<meta property=\"og:type\" content=\"article\" \/>\n<meta property=\"og:title\" content=\"[ Epson ] &#129351; C11ck37301 Impresora L8050 Tinta Continua, Ecotank, Usb, Wifi, Fotografica\" \/>\n<meta property=\"og:description\" content=\"Compra C11ck37301 Impresora L8050 Tinta Continua, Ecotank, Usb, Wifi, Fotografica + Env\u00edo a domicilio + Pago seguro + Garant\u00eda\" \/>\n<meta property=\"og:url\" content=\"https:\/\/compuviper.mx\/tienda\/producto\/epson-c11ck37301-impresora-l8050-tinta-continua-ecotank-usb-wifi-fotografica\/\" \/>\n<meta property=\"og:site_name\" content=\"Compuviper\" \/>\n<meta property=\"article:publisher\" content=\"https:\/\/www.facebook.com\/compuviper\" \/>\n<meta property=\"article:modified_time\" content=\"2026-04-07T07:38:40+00:00\" \/>\n<meta property=\"og:image\" content=\"https:\/\/compuviper.mx\/tienda\/wp-content\/uploads\/2023\/12\/Impresora-epson-l8050-tinta-continua-ecotank-usb-wifi-fotografica.jpg\" \/>\n\t<meta property=\"og:image:width\" content=\"200\" \/>\n\t<meta property=\"og:image:height\" content=\"200\" \/>\n\t<meta property=\"og:image:type\" content=\"image\/jpeg\" \/>\n<meta name=\"twitter:card\" content=\"summary_large_image\" \/>\n<meta name=\"twitter:label1\" content=\"Precio\" \/>\n\t<meta name=\"twitter:data1\" content=\"&#36;10,445 &#36;10,339 con IVA\" \/>\n\t<meta name=\"twitter:label2\" content=\"Availability\" \/>\n\t<meta name=\"twitter:data2\" content=\"In stock\" \/>\n<script type=\"application\/ld+json\" class=\"yoast-schema-graph\">{\"@context\":\"https:\/\/schema.org\",\"@graph\":[{\"@type\":\"WebPage\",\"@id\":\"https:\/\/compuviper.mx\/tienda\/producto\/epson-c11ck37301-impresora-l8050-tinta-continua-ecotank-usb-wifi-fotografica\/\",\"url\":\"https:\/\/compuviper.mx\/tienda\/producto\/epson-c11ck37301-impresora-l8050-tinta-continua-ecotank-usb-wifi-fotografica\/\",\"name\":\"[ Epson ] &#129351; C11ck37301 Impresora L8050 Tinta Continua, Ecotank, Usb, Wifi, Fotografica\",\"isPartOf\":{\"@id\":\"https:\/\/compuviper.mx\/tienda\/#website\"},\"datePublished\":\"2026-04-07T07:38:39+00:00\",\"dateModified\":\"2026-04-07T07:38:40+00:00\",\"description\":\"Compra C11ck37301 Impresora L8050 Tinta Continua, Ecotank, Usb, Wifi, Fotografica + Env\u00edo a domicilio + Pago seguro + Garant\u00eda\",\"breadcrumb\":{\"@id\":\"https:\/\/compuviper.mx\/tienda\/producto\/epson-c11ck37301-impresora-l8050-tinta-continua-ecotank-usb-wifi-fotografica\/#breadcrumb\"},\"inLanguage\":\"es-MX\",\"potentialAction\":[{\"@type\":\"ReadAction\",\"target\":[\"https:\/\/compuviper.mx\/tienda\/producto\/epson-c11ck37301-impresora-l8050-tinta-continua-ecotank-usb-wifi-fotografica\/\"]}]},{\"@type\":\"BreadcrumbList\",\"@id\":\"https:\/\/compuviper.mx\/tienda\/producto\/epson-c11ck37301-impresora-l8050-tinta-continua-ecotank-usb-wifi-fotografica\/#breadcrumb\",\"itemListElement\":[{\"@type\":\"ListItem\",\"position\":1,\"name\":\"Inicio\",\"item\":\"https:\/\/compuviper.mx\/tienda\/\"},{\"@type\":\"ListItem\",\"position\":2,\"name\":\"Productos\",\"item\":\"https:\/\/compuviper.mx\/tienda\/productos\/\"},{\"@type\":\"ListItem\",\"position\":3,\"name\":\"Impresoras\",\"item\":\"https:\/\/compuviper.mx\/tienda\/categoria-producto\/impresoras\/\"},{\"@type\":\"ListItem\",\"position\":4,\"name\":\"Tanque De Tinta\",\"item\":\"https:\/\/compuviper.mx\/tienda\/categoria-producto\/impresoras\/tanque-de-tinta\/\"},{\"@type\":\"ListItem\",\"position\":5,\"name\":\"Epson C11ck37301 Impresora L8050 Tinta Continua, Ecotank, Usb, Wifi, Fotografica\"}]},{\"@type\":\"WebSite\",\"@id\":\"https:\/\/compuviper.mx\/tienda\/#website\",\"url\":\"https:\/\/compuviper.mx\/tienda\/\",\"name\":\"Compuviper\",\"description\":\"Proveedor de Computadoras, Laptops, Servidores, Monitores, Puntos de Venta, Teclados,   Impresoras, T\u00f3ner, C\u00e1maras de Seguridad y m\u00e1s en tu tienda en l\u00ednea\",\"publisher\":{\"@id\":\"https:\/\/compuviper.mx\/tienda\/#organization\"},\"potentialAction\":[{\"@type\":\"SearchAction\",\"target\":{\"@type\":\"EntryPoint\",\"urlTemplate\":\"https:\/\/compuviper.mx\/tienda\/?s={search_term_string}\"},\"query-input\":\"required name=search_term_string\"}],\"inLanguage\":\"es-MX\"},{\"@type\":\"Organization\",\"@id\":\"https:\/\/compuviper.mx\/tienda\/#organization\",\"name\":\"Compuviper\",\"url\":\"https:\/\/compuviper.mx\/tienda\/\",\"logo\":{\"@type\":\"ImageObject\",\"inLanguage\":\"es-MX\",\"@id\":\"https:\/\/compuviper.mx\/tienda\/#\/schema\/logo\/image\/\",\"url\":\"https:\/\/compuviper.mx\/tienda\/wp-content\/uploads\/2021\/08\/Logo-Compuviper-10.png\",\"contentUrl\":\"https:\/\/compuviper.mx\/tienda\/wp-content\/uploads\/2021\/08\/Logo-Compuviper-10.png\",\"width\":1000,\"height\":500,\"caption\":\"Compuviper\"},\"image\":{\"@id\":\"https:\/\/compuviper.mx\/tienda\/#\/schema\/logo\/image\/\"},\"sameAs\":[\"https:\/\/www.facebook.com\/compuviper\",\"https:\/\/www.youtube.com\/channel\/UCf73dERp9Y3cfOq7q8BhLjA?view_as=subscriber\"]}]}<\/script>\n<meta property=\"product:brand\" content=\"EPSON\" \/>\n<meta property=\"product:price:amount\" content=\"10339\" \/>\n<meta property=\"product:price:currency\" content=\"MXN\" \/>\n<meta property=\"og:availability\" content=\"instock\" \/>\n<meta property=\"product:availability\" content=\"instock\" \/>\n<meta property=\"product:retailer_item_id\" content=\"C11CK37301\" \/>\n<meta property=\"product:condition\" content=\"new\" \/>\n<!-- \/ Yoast SEO plugin. -->","yoast_head_json":{"title":"[ Epson ] &#129351; C11ck37301 Impresora L8050 Tinta Continua, Ecotank, Usb, Wifi, Fotografica","description":"Compra C11ck37301 Impresora L8050 Tinta Continua, Ecotank, Usb, Wifi, Fotografica + Env\u00edo a domicilio + Pago seguro + Garant\u00eda","robots":{"index":"index","follow":"follow","max-snippet":"max-snippet:-1","max-image-preview":"max-image-preview:large","max-video-preview":"max-video-preview:-1"},"canonical":"https:\/\/compuviper.mx\/tienda\/producto\/epson-c11ck37301-impresora-l8050-tinta-continua-ecotank-usb-wifi-fotografica\/","og_locale":"es_MX","og_type":"article","og_title":"[ Epson ] &#129351; C11ck37301 Impresora L8050 Tinta Continua, Ecotank, Usb, Wifi, Fotografica","og_description":"Compra C11ck37301 Impresora L8050 Tinta Continua, Ecotank, Usb, Wifi, Fotografica + Env\u00edo a domicilio + Pago seguro + Garant\u00eda","og_url":"https:\/\/compuviper.mx\/tienda\/producto\/epson-c11ck37301-impresora-l8050-tinta-continua-ecotank-usb-wifi-fotografica\/","og_site_name":"Compuviper","article_publisher":"https:\/\/www.facebook.com\/compuviper","article_modified_time":"2026-04-07T07:38:40+00:00","og_image":[{"width":200,"height":200,"url":"https:\/\/compuviper.mx\/tienda\/wp-content\/uploads\/2023\/12\/Impresora-epson-l8050-tinta-continua-ecotank-usb-wifi-fotografica.jpg","type":"image\/jpeg"}],"twitter_card":"summary_large_image","twitter_misc":{"Precio":"&#36;10,445 &#36;10,339 con IVA","Availability":"In stock"},"schema":{"@context":"https:\/\/schema.org","@graph":[{"@type":"WebPage","@id":"https:\/\/compuviper.mx\/tienda\/producto\/epson-c11ck37301-impresora-l8050-tinta-continua-ecotank-usb-wifi-fotografica\/","url":"https:\/\/compuviper.mx\/tienda\/producto\/epson-c11ck37301-impresora-l8050-tinta-continua-ecotank-usb-wifi-fotografica\/","name":"[ Epson ] &#129351; C11ck37301 Impresora L8050 Tinta Continua, Ecotank, Usb, Wifi, Fotografica","isPartOf":{"@id":"https:\/\/compuviper.mx\/tienda\/#website"},"datePublished":"2026-04-07T07:38:39+00:00","dateModified":"2026-04-07T07:38:40+00:00","description":"Compra C11ck37301 Impresora L8050 Tinta Continua, Ecotank, Usb, Wifi, Fotografica + Env\u00edo a domicilio + Pago seguro + Garant\u00eda","breadcrumb":{"@id":"https:\/\/compuviper.mx\/tienda\/producto\/epson-c11ck37301-impresora-l8050-tinta-continua-ecotank-usb-wifi-fotografica\/#breadcrumb"},"inLanguage":"es-MX","potentialAction":[{"@type":"ReadAction","target":["https:\/\/compuviper.mx\/tienda\/producto\/epson-c11ck37301-impresora-l8050-tinta-continua-ecotank-usb-wifi-fotografica\/"]}]},{"@type":"BreadcrumbList","@id":"https:\/\/compuviper.mx\/tienda\/producto\/epson-c11ck37301-impresora-l8050-tinta-continua-ecotank-usb-wifi-fotografica\/#breadcrumb","itemListElement":[{"@type":"ListItem","position":1,"name":"Inicio","item":"https:\/\/compuviper.mx\/tienda\/"},{"@type":"ListItem","position":2,"name":"Productos","item":"https:\/\/compuviper.mx\/tienda\/productos\/"},{"@type":"ListItem","position":3,"name":"Impresoras","item":"https:\/\/compuviper.mx\/tienda\/categoria-producto\/impresoras\/"},{"@type":"ListItem","position":4,"name":"Tanque De Tinta","item":"https:\/\/compuviper.mx\/tienda\/categoria-producto\/impresoras\/tanque-de-tinta\/"},{"@type":"ListItem","position":5,"name":"Epson C11ck37301 Impresora L8050 Tinta Continua, Ecotank, Usb, Wifi, Fotografica"}]},{"@type":"WebSite","@id":"https:\/\/compuviper.mx\/tienda\/#website","url":"https:\/\/compuviper.mx\/tienda\/","name":"Compuviper","description":"Proveedor de Computadoras, Laptops, Servidores, Monitores, Puntos de Venta, Teclados,   Impresoras, T\u00f3ner, C\u00e1maras de Seguridad y m\u00e1s en tu tienda en l\u00ednea","publisher":{"@id":"https:\/\/compuviper.mx\/tienda\/#organization"},"potentialAction":[{"@type":"SearchAction","target":{"@type":"EntryPoint","urlTemplate":"https:\/\/compuviper.mx\/tienda\/?s={search_term_string}"},"query-input":"required name=search_term_string"}],"inLanguage":"es-MX"},{"@type":"Organization","@id":"https:\/\/compuviper.mx\/tienda\/#organization","name":"Compuviper","url":"https:\/\/compuviper.mx\/tienda\/","logo":{"@type":"ImageObject","inLanguage":"es-MX","@id":"https:\/\/compuviper.mx\/tienda\/#\/schema\/logo\/image\/","url":"https:\/\/compuviper.mx\/tienda\/wp-content\/uploads\/2021\/08\/Logo-Compuviper-10.png","contentUrl":"https:\/\/compuviper.mx\/tienda\/wp-content\/uploads\/2021\/08\/Logo-Compuviper-10.png","width":1000,"height":500,"caption":"Compuviper"},"image":{"@id":"https:\/\/compuviper.mx\/tienda\/#\/schema\/logo\/image\/"},"sameAs":["https:\/\/www.facebook.com\/compuviper","https:\/\/www.youtube.com\/channel\/UCf73dERp9Y3cfOq7q8BhLjA?view_as=subscriber"]}]},"product_brand":"EPSON","product_price_amount":"10339","product_price_currency":"MXN","og_availability":"instock","product_availability":"instock","product_retailer_item_id":"C11CK37301","product_condition":"new"},"_links":{"self":[{"href":"https:\/\/compuviper.mx\/tienda\/wp-json\/wp\/v2\/product\/223907"}],"collection":[{"href":"https:\/\/compuviper.mx\/tienda\/wp-json\/wp\/v2\/product"}],"about":[{"href":"https:\/\/compuviper.mx\/tienda\/wp-json\/wp\/v2\/types\/product"}],"replies":[{"embeddable":true,"href":"https:\/\/compuviper.mx\/tienda\/wp-json\/wp\/v2\/comments?post=223907"}],"wp:featuredmedia":[{"embeddable":true,"href":"https:\/\/compuviper.mx\/tienda\/wp-json\/wp\/v2\/media\/223908"}],"wp:attachment":[{"href":"https:\/\/compuviper.mx\/tienda\/wp-json\/wp\/v2\/media?parent=223907"}],"wp:term":[{"taxonomy":"product_cat","embeddable":true,"href":"https:\/\/compuviper.mx\/tienda\/wp-json\/wp\/v2\/product_cat?post=223907"},{"taxonomy":"product_tag","embeddable":true,"href":"https:\/\/compuviper.mx\/tienda\/wp-json\/wp\/v2\/product_tag?post=223907"}],"curies":[{"name":"wp","href":"https:\/\/api.w.org\/{rel}","templated":true}]}}