{"id":223864,"date":"2026-04-02T01:43:29","date_gmt":"2026-04-02T07:43:29","guid":{"rendered":"https:\/\/compuviper.mx\/tienda\/producto\/canon-5815c002ab-plotter-imageprograf-tc-20-tinta-continua-24-pulgadas-60-96-cm-usb-wifi-ethernet-red-2400-x-1200-ppp-compatible-windows-mac-no-requiere-instalacion-tintas-pfi-050\/"},"modified":"2026-04-02T01:43:29","modified_gmt":"2026-04-02T07:43:29","slug":"canon-5815c002ab0138033517435815c002ac5815c002ac5815c002ac-plotter-imageprograf-tc-20-tinta-continua-24-pulgadas-60-96-cm-usb-wifi-ethernet-red-2400-x-1200-ppp-compatible-windows-mac-no-r","status":"publish","type":"product","link":"https:\/\/compuviper.mx\/tienda\/producto\/canon-5815c002ab0138033517435815c002ac5815c002ac5815c002ac-plotter-imageprograf-tc-20-tinta-continua-24-pulgadas-60-96-cm-usb-wifi-ethernet-red-2400-x-1200-ppp-compatible-windows-mac-no-r\/","title":{"rendered":"Canon 5815c002ab,013803351743,5815c002ac\n5815c002ac\n5815c002ac Plotter  Imageprograf Tc-20, Tinta Continua, 24 Pulgadas 60.96 Cm, Usb, Wifi, Ethernet Red, 2400 X 1200 Ppp, Compatible Windows\/mac, No Requiere Instalacion, Tintas Pfi-050"},"content":{"rendered":"<table class=\"descripcion\">\n<tr>\n<td>Cabezal de impresion: pf-08<\/td>\n<\/tr>\n<tr>\n<td>Tecnologa: fine photolithography inkjet nozzle engineering<\/td>\n<\/tr>\n<tr>\n<td>Resolucion de impresion m\u00e1x.: 2400 x 1200 ppp<\/td>\n<\/tr>\n<tr>\n<td>Precision de lnea: \u00b10.1 o menos.<\/td>\n<\/tr>\n<tr>\n<td>Cantidad de boquillas: negro: 1,280 boquillas y c\/m\/y: 1,024 boquillas por color.<\/td>\n<\/tr>\n<tr>\n<td>Tipo de tinta: a base de pigmentos: cyan c, magenta m, amarillo y, negro bk.<\/td>\n<\/tr>\n<tr>\n<td>Botella de tinta: se enva con la impresora: c, m, y, bk, 70 ml por botella, reemplazo: pfi-050 70 ml.<\/td>\n<\/tr>\n<tr>\n<td>Mtodo de suministro de tinta:sistema de mangueras.<\/td>\n<\/tr>\n<tr>\n<td>Ram de la impresora: 1 gb<\/td>\n<\/tr>\n<tr>\n<td>Alimentacin de materiales:<\/td>\n<\/tr>\n<tr>\n<td>Alimentacin de rollos: un rollo, carga superior, salida frontal.<\/td>\n<\/tr>\n<tr>\n<td>Hojas sueltas: alimentador autom\u00e1tico de hojas, carga superior, salida frontal.<\/td>\n<\/tr>\n<tr>\n<td>Ancho del material:<\/td>\n<\/tr>\n<tr>\n<td>Alimentacin de rollos: de 12 a 24<\/td>\n<\/tr>\n<tr>\n<td>Hojas sueltas: de 8.3 a 12<\/td>\n<\/tr>\n<tr>\n<td>M\u00e1rgenes imprimibles:<\/td>\n<\/tr>\n<tr>\n<td>Alimentacin de rollos: todos los lados: .2 5 mm;<\/td>\n<\/tr>\n<tr>\n<td>Algunos modos de fotografa: superior\/inferior: 30 mm;<\/td>\n<\/tr>\n<tr>\n<td>Hojas sueltas: todos los lados: .2 5 mm.<\/td>\n<\/tr>\n<tr>\n<td>Cuchilla de materiales: cuchilla giratoria<\/td>\n<\/tr>\n<tr>\n<td>Grosor de los materiales: de 0.08 mm a 0.28 mm<\/td>\n<\/tr>\n<tr>\n<td>Tamao del di\u00e1metro del material: di\u00e1metro interno del ncleo del rollo: 2<\/td>\n<\/tr>\n<tr>\n<td>Di\u00e1metro externo m\u00e1ximo del rollo: 4.3 110 mm<\/td>\n<\/tr>\n<tr>\n<td>Software de impresin:<\/td>\n<\/tr>\n<tr>\n<td>Controlador de impresora imageprograf para windows\/mac, apple air print, direct print plus, canon print inkjet\/selphy, conexin pixma cloud, free layout plus, posterartist lite solo para pc, versin en lnea de posterartist pc y mac, media configuration tool, quick utility toolbox, wifi and 59804; connection assistant y utilitario de actualizacin de la impresora<\/td>\n<\/tr>\n<tr>\n<td>Sistema operativo: 32 bits: windows 7\/8.1\/10<\/td>\n<\/tr>\n<tr>\n<td>64 bits: windows 7\/8.1\/10\/11, windows server 2008 r2, 2012, 2012 r2, 2016, 2019, 2022<\/td>\n<\/tr>\n<tr>\n<td>Mac: mac0s v10.14.6 &#8211; macos v12.x<\/td>\n<\/tr>\n<tr>\n<td>Lenguaje de impresin:sgraster<\/td>\n<\/tr>\n<tr>\n<td>Interfaz: est\u00e1ndar integrada: hi-speed usb, wi-fi and 59804; lan inal\u00e1mbrica, 2.4\/5 ghz, ieee 802.11b\/g\/n, lan con cable 100base-tx\/ 10base-t<\/td>\n<\/tr>\n<tr>\n<td>Ruido acstico:<\/td>\n<\/tr>\n<tr>\n<td>Operacin: 42.5 db a.<\/td>\n<\/tr>\n<tr>\n<td> modo de espera: 35 db a o menos.<\/td>\n<\/tr>\n<tr>\n<td> potencia acstica: 6 belios.<\/td>\n<\/tr>\n<tr>\n<td>Fuente de energa: de ac 100 a 240 v de 50 a 60 hz<\/td>\n<\/tr>\n<tr>\n<td>Consumo de energa:<\/td>\n<\/tr>\n<tr>\n<td>M\u00e1ximo: 28 w o menos<\/td>\n<\/tr>\n<tr>\n<td> modo de espera: 1.8 w o menos<\/td>\n<\/tr>\n<tr>\n<td> energa desactivada: 0.3 w o menos en cumplimiento con la orden ejecutiva<\/td>\n<\/tr>\n<tr>\n<td>Ambiente de operacin:<\/td>\n<\/tr>\n<tr>\n<td>Temperatura: de 59\u00b0 a 86 \u00b0f de 15\u00b0 a 30 \u00b0c<\/td>\n<\/tr>\n<tr>\n<td> humedad relativa: de 10 a 80 sin condensacin por roco<\/td>\n<\/tr>\n<tr>\n<td>Dimensiones de la impresora al. x an. x pr. y peso:<\/td>\n<\/tr>\n<tr>\n<td>Asf abierto: 16 x 38 x 22, aprox. 71 lb<\/td>\n<\/tr>\n<tr>\n<td>Asf cerrado: 10 x 38 x 22, aprox. 71 lb<\/td>\n<\/tr>\n<tr>\n<td>Dimensiones del empaque al. x an. x pr. y peso.<\/td>\n<\/tr>\n<tr>\n<td>Impresora: 16 x 44 x 29, aprox. 93 lb<\/td>\n<\/tr>\n<\/table>\n","protected":false},"excerpt":{"rendered":"<p>Sea cual sea su tipo de oficina: pequea, en casa, empresarial o temporal, canon lo tiene cubierto. Alimentador autom\u00e1tico de hojas. Coloque hasta 100 hojas de papel comn de tamao carta o 50 hojas de papel 11\u0094 x 17\u0094 para una impresin m\u00e1s r\u00e1pida. Adem\u00e1s, imageprograf tc-20 tambin ofrece alimentacin de rollos sin eje. El alimentador autom\u00e1tico de hojas se suministra de forma est\u00e1ndar. Manejo de materiales. Desde la alimentacin de rollos hasta el papel de hojas sueltas, obtendr\u00e1 la versatilidad para imprimir salidas de 24 pulgadas de ancho, as como de tamao carta, 11 x 17 y mucho m\u00e1s, directamente desde su oficina en casa. Imprima m\u00e1s. La imageprograf tc-20 se enva de forma est\u00e1ndar con 280 ml de tinta 70 ml por botella de tinta. \u00a1la mayor cantidad de tinta de su clase. Excelente calidad de impresin. El sistema de tintas con base en pigmentos de cuatro colores proporciona texto ntido y gr\u00e1ficos vibrantes, adem\u00e1s de resistencia al agua y a marcadores. Posterartist. Cree carteles y volantes f\u00e1cilmente desde una aplicacin gratuita de creacin de carteles basada en la web y en plantillas. F\u00e1cil de usar. Impresora de formato ancho de 24 con acceso frontal completo que utiliza un espacio de trabajo mnimo. Adem\u00e1s,  la  compatibilidad  con wi-fi le permite imprimir desde casi cualquier lugar de casa u oficina.<\/p>\n","protected":false},"featured_media":223865,"comment_status":"open","ping_status":"open","template":"","meta":[],"product_cat":[1790,1791],"product_tag":[1554],"acf":[],"yoast_head":"<!-- This site is optimized with the Yoast SEO plugin v21.7 - https:\/\/yoast.com\/wordpress\/plugins\/seo\/ -->\n<title>[ Canon ] &#129351; 5815c002ab,013803351743,5815c002ac 5815c002ac 5815c002ac Plotter Imageprograf Tc-20, Tinta Continua, 24 Pulgadas 60.96 Cm, Usb, Wifi, Ethernet Red, 2400 X 1200 Ppp, Compatible Windows\/mac, No Requiere Instalacion, Tintas Pfi-050<\/title>\n<meta name=\"description\" content=\"Compra 5815c002ab,013803351743,5815c002ac 5815c002ac 5815c002ac Plotter Imageprograf Tc-20, Tinta Continua, 24 Pulgadas 60.96 Cm, Usb, Wifi, Ethernet Red, 2400 X 1200 Ppp, Compatible Windows\/mac, No Requiere Instalacion, Tintas Pfi-050 + Env\u00edo a domicilio + Pago seguro + Garant\u00eda\" \/>\n<meta name=\"robots\" content=\"index, follow, max-snippet:-1, max-image-preview:large, max-video-preview:-1\" \/>\n<link rel=\"canonical\" href=\"https:\/\/compuviper.mx\/tienda\/producto\/canon-5815c002ab0138033517435815c002ac5815c002ac5815c002ac-plotter-imageprograf-tc-20-tinta-continua-24-pulgadas-60-96-cm-usb-wifi-ethernet-red-2400-x-1200-ppp-compatible-windows-mac-no-r\/\" \/>\n<meta property=\"og:locale\" content=\"es_MX\" \/>\n<meta property=\"og:type\" content=\"article\" \/>\n<meta property=\"og:title\" content=\"[ Canon ] &#129351; 5815c002ab,013803351743,5815c002ac 5815c002ac 5815c002ac Plotter Imageprograf Tc-20, Tinta Continua, 24 Pulgadas 60.96 Cm, Usb, Wifi, Ethernet Red, 2400 X 1200 Ppp, Compatible Windows\/mac, No Requiere Instalacion, Tintas Pfi-050\" \/>\n<meta property=\"og:description\" content=\"Compra 5815c002ab,013803351743,5815c002ac 5815c002ac 5815c002ac Plotter Imageprograf Tc-20, Tinta Continua, 24 Pulgadas 60.96 Cm, Usb, Wifi, Ethernet Red, 2400 X 1200 Ppp, Compatible Windows\/mac, No Requiere Instalacion, Tintas Pfi-050 + Env\u00edo a domicilio + Pago seguro + Garant\u00eda\" \/>\n<meta property=\"og:url\" content=\"https:\/\/compuviper.mx\/tienda\/producto\/canon-5815c002ab0138033517435815c002ac5815c002ac5815c002ac-plotter-imageprograf-tc-20-tinta-continua-24-pulgadas-60-96-cm-usb-wifi-ethernet-red-2400-x-1200-ppp-compatible-windows-mac-no-r\/\" \/>\n<meta property=\"og:site_name\" content=\"Compuviper\" \/>\n<meta property=\"article:publisher\" content=\"https:\/\/www.facebook.com\/compuviper\" \/>\n<meta property=\"og:image\" content=\"https:\/\/compuviper.mx\/tienda\/wp-content\/uploads\/2023\/12\/Plotter-canon-imageprograf-tc-20-tinta-continua-24-pulgadas-60.96-cm-usb-wifi-ethernet-red-2400-x-1200-ppp-compatible-windowsmac-no-requiere-instalacion-tintas-pfi-050.jpg\" \/>\n\t<meta property=\"og:image:width\" content=\"200\" \/>\n\t<meta property=\"og:image:height\" content=\"200\" \/>\n\t<meta property=\"og:image:type\" content=\"image\/jpeg\" \/>\n<meta name=\"twitter:card\" content=\"summary_large_image\" \/>\n<meta name=\"twitter:label1\" content=\"Precio\" \/>\n\t<meta name=\"twitter:data1\" content=\"&#36;17,387 con IVA\" \/>\n\t<meta name=\"twitter:label2\" content=\"Availability\" \/>\n\t<meta name=\"twitter:data2\" content=\"Out of stock\" \/>\n<script type=\"application\/ld+json\" class=\"yoast-schema-graph\">{\"@context\":\"https:\/\/schema.org\",\"@graph\":[{\"@type\":\"WebPage\",\"@id\":\"https:\/\/compuviper.mx\/tienda\/producto\/canon-5815c002ab0138033517435815c002ac5815c002ac5815c002ac-plotter-imageprograf-tc-20-tinta-continua-24-pulgadas-60-96-cm-usb-wifi-ethernet-red-2400-x-1200-ppp-compatible-windows-mac-no-r\/\",\"url\":\"https:\/\/compuviper.mx\/tienda\/producto\/canon-5815c002ab0138033517435815c002ac5815c002ac5815c002ac-plotter-imageprograf-tc-20-tinta-continua-24-pulgadas-60-96-cm-usb-wifi-ethernet-red-2400-x-1200-ppp-compatible-windows-mac-no-r\/\",\"name\":\"[ Canon ] &#129351; 5815c002ab,013803351743,5815c002ac 5815c002ac 5815c002ac Plotter Imageprograf Tc-20, Tinta Continua, 24 Pulgadas 60.96 Cm, Usb, Wifi, Ethernet Red, 2400 X 1200 Ppp, Compatible Windows\/mac, No Requiere Instalacion, Tintas Pfi-050\",\"isPartOf\":{\"@id\":\"https:\/\/compuviper.mx\/tienda\/#website\"},\"datePublished\":\"2026-04-02T07:43:29+00:00\",\"dateModified\":\"2026-04-02T07:43:29+00:00\",\"description\":\"Compra 5815c002ab,013803351743,5815c002ac 5815c002ac 5815c002ac Plotter Imageprograf Tc-20, Tinta Continua, 24 Pulgadas 60.96 Cm, Usb, Wifi, Ethernet Red, 2400 X 1200 Ppp, Compatible Windows\/mac, No Requiere Instalacion, Tintas Pfi-050 + Env\u00edo a domicilio + Pago seguro + Garant\u00eda\",\"breadcrumb\":{\"@id\":\"https:\/\/compuviper.mx\/tienda\/producto\/canon-5815c002ab0138033517435815c002ac5815c002ac5815c002ac-plotter-imageprograf-tc-20-tinta-continua-24-pulgadas-60-96-cm-usb-wifi-ethernet-red-2400-x-1200-ppp-compatible-windows-mac-no-r\/#breadcrumb\"},\"inLanguage\":\"es-MX\",\"potentialAction\":[{\"@type\":\"ReadAction\",\"target\":[\"https:\/\/compuviper.mx\/tienda\/producto\/canon-5815c002ab0138033517435815c002ac5815c002ac5815c002ac-plotter-imageprograf-tc-20-tinta-continua-24-pulgadas-60-96-cm-usb-wifi-ethernet-red-2400-x-1200-ppp-compatible-windows-mac-no-r\/\"]}]},{\"@type\":\"BreadcrumbList\",\"@id\":\"https:\/\/compuviper.mx\/tienda\/producto\/canon-5815c002ab0138033517435815c002ac5815c002ac5815c002ac-plotter-imageprograf-tc-20-tinta-continua-24-pulgadas-60-96-cm-usb-wifi-ethernet-red-2400-x-1200-ppp-compatible-windows-mac-no-r\/#breadcrumb\",\"itemListElement\":[{\"@type\":\"ListItem\",\"position\":1,\"name\":\"Inicio\",\"item\":\"https:\/\/compuviper.mx\/tienda\/\"},{\"@type\":\"ListItem\",\"position\":2,\"name\":\"Productos\",\"item\":\"https:\/\/compuviper.mx\/tienda\/productos\/\"},{\"@type\":\"ListItem\",\"position\":3,\"name\":\"Impresora De Amplio Formato (plotter)\",\"item\":\"https:\/\/compuviper.mx\/tienda\/categoria-producto\/impresora-de-amplio-formato-plotter\/\"},{\"@type\":\"ListItem\",\"position\":4,\"name\":\"Sin Categor\u00eda\",\"item\":\"https:\/\/compuviper.mx\/tienda\/categoria-producto\/impresora-de-amplio-formato-plotter\/sin-categoria-impresora-de-amplio-formato-plotter\/\"},{\"@type\":\"ListItem\",\"position\":5,\"name\":\"Canon 5815c002ab,013803351743,5815c002ac 5815c002ac 5815c002ac Plotter Imageprograf Tc-20, Tinta Continua, 24 Pulgadas 60.96 Cm, Usb, Wifi, Ethernet Red, 2400 X 1200 Ppp, Compatible Windows\/mac, No Requiere Instalacion, Tintas Pfi-050\"}]},{\"@type\":\"WebSite\",\"@id\":\"https:\/\/compuviper.mx\/tienda\/#website\",\"url\":\"https:\/\/compuviper.mx\/tienda\/\",\"name\":\"Compuviper\",\"description\":\"Proveedor de Computadoras, Laptops, Servidores, Monitores, Puntos de Venta, Teclados,   Impresoras, T\u00f3ner, C\u00e1maras de Seguridad y m\u00e1s en tu tienda en l\u00ednea\",\"publisher\":{\"@id\":\"https:\/\/compuviper.mx\/tienda\/#organization\"},\"potentialAction\":[{\"@type\":\"SearchAction\",\"target\":{\"@type\":\"EntryPoint\",\"urlTemplate\":\"https:\/\/compuviper.mx\/tienda\/?s={search_term_string}\"},\"query-input\":\"required name=search_term_string\"}],\"inLanguage\":\"es-MX\"},{\"@type\":\"Organization\",\"@id\":\"https:\/\/compuviper.mx\/tienda\/#organization\",\"name\":\"Compuviper\",\"url\":\"https:\/\/compuviper.mx\/tienda\/\",\"logo\":{\"@type\":\"ImageObject\",\"inLanguage\":\"es-MX\",\"@id\":\"https:\/\/compuviper.mx\/tienda\/#\/schema\/logo\/image\/\",\"url\":\"https:\/\/compuviper.mx\/tienda\/wp-content\/uploads\/2021\/08\/Logo-Compuviper-10.png\",\"contentUrl\":\"https:\/\/compuviper.mx\/tienda\/wp-content\/uploads\/2021\/08\/Logo-Compuviper-10.png\",\"width\":1000,\"height\":500,\"caption\":\"Compuviper\"},\"image\":{\"@id\":\"https:\/\/compuviper.mx\/tienda\/#\/schema\/logo\/image\/\"},\"sameAs\":[\"https:\/\/www.facebook.com\/compuviper\",\"https:\/\/www.youtube.com\/channel\/UCf73dERp9Y3cfOq7q8BhLjA?view_as=subscriber\"]}]}<\/script>\n<meta property=\"product:brand\" content=\"CANON\" \/>\n<meta property=\"product:price:amount\" content=\"17387\" \/>\n<meta property=\"product:price:currency\" content=\"MXN\" \/>\n<meta property=\"og:availability\" content=\"out of stock\" \/>\n<meta property=\"product:availability\" content=\"out of stock\" \/>\n<meta property=\"product:retailer_item_id\" content=\"5815C002AB,013803351743,5815C002AC 5815C002AC 5815C002AC\" \/>\n<meta property=\"product:condition\" content=\"new\" \/>\n<!-- \/ Yoast SEO plugin. -->","yoast_head_json":{"title":"[ Canon ] &#129351; 5815c002ab,013803351743,5815c002ac 5815c002ac 5815c002ac Plotter Imageprograf Tc-20, Tinta Continua, 24 Pulgadas 60.96 Cm, Usb, Wifi, Ethernet Red, 2400 X 1200 Ppp, Compatible Windows\/mac, No Requiere Instalacion, Tintas Pfi-050","description":"Compra 5815c002ab,013803351743,5815c002ac 5815c002ac 5815c002ac Plotter Imageprograf Tc-20, Tinta Continua, 24 Pulgadas 60.96 Cm, Usb, Wifi, Ethernet Red, 2400 X 1200 Ppp, Compatible Windows\/mac, No Requiere Instalacion, Tintas Pfi-050 + Env\u00edo a domicilio + Pago seguro + Garant\u00eda","robots":{"index":"index","follow":"follow","max-snippet":"max-snippet:-1","max-image-preview":"max-image-preview:large","max-video-preview":"max-video-preview:-1"},"canonical":"https:\/\/compuviper.mx\/tienda\/producto\/canon-5815c002ab0138033517435815c002ac5815c002ac5815c002ac-plotter-imageprograf-tc-20-tinta-continua-24-pulgadas-60-96-cm-usb-wifi-ethernet-red-2400-x-1200-ppp-compatible-windows-mac-no-r\/","og_locale":"es_MX","og_type":"article","og_title":"[ Canon ] &#129351; 5815c002ab,013803351743,5815c002ac 5815c002ac 5815c002ac Plotter Imageprograf Tc-20, Tinta Continua, 24 Pulgadas 60.96 Cm, Usb, Wifi, Ethernet Red, 2400 X 1200 Ppp, Compatible Windows\/mac, No Requiere Instalacion, Tintas Pfi-050","og_description":"Compra 5815c002ab,013803351743,5815c002ac 5815c002ac 5815c002ac Plotter Imageprograf Tc-20, Tinta Continua, 24 Pulgadas 60.96 Cm, Usb, Wifi, Ethernet Red, 2400 X 1200 Ppp, Compatible Windows\/mac, No Requiere Instalacion, Tintas Pfi-050 + Env\u00edo a domicilio + Pago seguro + Garant\u00eda","og_url":"https:\/\/compuviper.mx\/tienda\/producto\/canon-5815c002ab0138033517435815c002ac5815c002ac5815c002ac-plotter-imageprograf-tc-20-tinta-continua-24-pulgadas-60-96-cm-usb-wifi-ethernet-red-2400-x-1200-ppp-compatible-windows-mac-no-r\/","og_site_name":"Compuviper","article_publisher":"https:\/\/www.facebook.com\/compuviper","og_image":[{"width":200,"height":200,"url":"https:\/\/compuviper.mx\/tienda\/wp-content\/uploads\/2023\/12\/Plotter-canon-imageprograf-tc-20-tinta-continua-24-pulgadas-60.96-cm-usb-wifi-ethernet-red-2400-x-1200-ppp-compatible-windowsmac-no-requiere-instalacion-tintas-pfi-050.jpg","type":"image\/jpeg"}],"twitter_card":"summary_large_image","twitter_misc":{"Precio":"&#36;17,387 con IVA","Availability":"Out of stock"},"schema":{"@context":"https:\/\/schema.org","@graph":[{"@type":"WebPage","@id":"https:\/\/compuviper.mx\/tienda\/producto\/canon-5815c002ab0138033517435815c002ac5815c002ac5815c002ac-plotter-imageprograf-tc-20-tinta-continua-24-pulgadas-60-96-cm-usb-wifi-ethernet-red-2400-x-1200-ppp-compatible-windows-mac-no-r\/","url":"https:\/\/compuviper.mx\/tienda\/producto\/canon-5815c002ab0138033517435815c002ac5815c002ac5815c002ac-plotter-imageprograf-tc-20-tinta-continua-24-pulgadas-60-96-cm-usb-wifi-ethernet-red-2400-x-1200-ppp-compatible-windows-mac-no-r\/","name":"[ Canon ] &#129351; 5815c002ab,013803351743,5815c002ac 5815c002ac 5815c002ac Plotter Imageprograf Tc-20, Tinta Continua, 24 Pulgadas 60.96 Cm, Usb, Wifi, Ethernet Red, 2400 X 1200 Ppp, Compatible Windows\/mac, No Requiere Instalacion, Tintas Pfi-050","isPartOf":{"@id":"https:\/\/compuviper.mx\/tienda\/#website"},"datePublished":"2026-04-02T07:43:29+00:00","dateModified":"2026-04-02T07:43:29+00:00","description":"Compra 5815c002ab,013803351743,5815c002ac 5815c002ac 5815c002ac Plotter Imageprograf Tc-20, Tinta Continua, 24 Pulgadas 60.96 Cm, Usb, Wifi, Ethernet Red, 2400 X 1200 Ppp, Compatible Windows\/mac, No Requiere Instalacion, Tintas Pfi-050 + Env\u00edo a domicilio + Pago seguro + Garant\u00eda","breadcrumb":{"@id":"https:\/\/compuviper.mx\/tienda\/producto\/canon-5815c002ab0138033517435815c002ac5815c002ac5815c002ac-plotter-imageprograf-tc-20-tinta-continua-24-pulgadas-60-96-cm-usb-wifi-ethernet-red-2400-x-1200-ppp-compatible-windows-mac-no-r\/#breadcrumb"},"inLanguage":"es-MX","potentialAction":[{"@type":"ReadAction","target":["https:\/\/compuviper.mx\/tienda\/producto\/canon-5815c002ab0138033517435815c002ac5815c002ac5815c002ac-plotter-imageprograf-tc-20-tinta-continua-24-pulgadas-60-96-cm-usb-wifi-ethernet-red-2400-x-1200-ppp-compatible-windows-mac-no-r\/"]}]},{"@type":"BreadcrumbList","@id":"https:\/\/compuviper.mx\/tienda\/producto\/canon-5815c002ab0138033517435815c002ac5815c002ac5815c002ac-plotter-imageprograf-tc-20-tinta-continua-24-pulgadas-60-96-cm-usb-wifi-ethernet-red-2400-x-1200-ppp-compatible-windows-mac-no-r\/#breadcrumb","itemListElement":[{"@type":"ListItem","position":1,"name":"Inicio","item":"https:\/\/compuviper.mx\/tienda\/"},{"@type":"ListItem","position":2,"name":"Productos","item":"https:\/\/compuviper.mx\/tienda\/productos\/"},{"@type":"ListItem","position":3,"name":"Impresora De Amplio Formato (plotter)","item":"https:\/\/compuviper.mx\/tienda\/categoria-producto\/impresora-de-amplio-formato-plotter\/"},{"@type":"ListItem","position":4,"name":"Sin Categor\u00eda","item":"https:\/\/compuviper.mx\/tienda\/categoria-producto\/impresora-de-amplio-formato-plotter\/sin-categoria-impresora-de-amplio-formato-plotter\/"},{"@type":"ListItem","position":5,"name":"Canon 5815c002ab,013803351743,5815c002ac 5815c002ac 5815c002ac Plotter Imageprograf Tc-20, Tinta Continua, 24 Pulgadas 60.96 Cm, Usb, Wifi, Ethernet Red, 2400 X 1200 Ppp, Compatible Windows\/mac, No Requiere Instalacion, Tintas Pfi-050"}]},{"@type":"WebSite","@id":"https:\/\/compuviper.mx\/tienda\/#website","url":"https:\/\/compuviper.mx\/tienda\/","name":"Compuviper","description":"Proveedor de Computadoras, Laptops, Servidores, Monitores, Puntos de Venta, Teclados,   Impresoras, T\u00f3ner, C\u00e1maras de Seguridad y m\u00e1s en tu tienda en l\u00ednea","publisher":{"@id":"https:\/\/compuviper.mx\/tienda\/#organization"},"potentialAction":[{"@type":"SearchAction","target":{"@type":"EntryPoint","urlTemplate":"https:\/\/compuviper.mx\/tienda\/?s={search_term_string}"},"query-input":"required name=search_term_string"}],"inLanguage":"es-MX"},{"@type":"Organization","@id":"https:\/\/compuviper.mx\/tienda\/#organization","name":"Compuviper","url":"https:\/\/compuviper.mx\/tienda\/","logo":{"@type":"ImageObject","inLanguage":"es-MX","@id":"https:\/\/compuviper.mx\/tienda\/#\/schema\/logo\/image\/","url":"https:\/\/compuviper.mx\/tienda\/wp-content\/uploads\/2021\/08\/Logo-Compuviper-10.png","contentUrl":"https:\/\/compuviper.mx\/tienda\/wp-content\/uploads\/2021\/08\/Logo-Compuviper-10.png","width":1000,"height":500,"caption":"Compuviper"},"image":{"@id":"https:\/\/compuviper.mx\/tienda\/#\/schema\/logo\/image\/"},"sameAs":["https:\/\/www.facebook.com\/compuviper","https:\/\/www.youtube.com\/channel\/UCf73dERp9Y3cfOq7q8BhLjA?view_as=subscriber"]}]},"product_brand":"CANON","product_price_amount":"17387","product_price_currency":"MXN","og_availability":"out of stock","product_availability":"out of stock","product_retailer_item_id":"5815C002AB,013803351743,5815C002AC 5815C002AC 5815C002AC","product_condition":"new"},"_links":{"self":[{"href":"https:\/\/compuviper.mx\/tienda\/wp-json\/wp\/v2\/product\/223864"}],"collection":[{"href":"https:\/\/compuviper.mx\/tienda\/wp-json\/wp\/v2\/product"}],"about":[{"href":"https:\/\/compuviper.mx\/tienda\/wp-json\/wp\/v2\/types\/product"}],"replies":[{"embeddable":true,"href":"https:\/\/compuviper.mx\/tienda\/wp-json\/wp\/v2\/comments?post=223864"}],"wp:featuredmedia":[{"embeddable":true,"href":"https:\/\/compuviper.mx\/tienda\/wp-json\/wp\/v2\/media\/223865"}],"wp:attachment":[{"href":"https:\/\/compuviper.mx\/tienda\/wp-json\/wp\/v2\/media?parent=223864"}],"wp:term":[{"taxonomy":"product_cat","embeddable":true,"href":"https:\/\/compuviper.mx\/tienda\/wp-json\/wp\/v2\/product_cat?post=223864"},{"taxonomy":"product_tag","embeddable":true,"href":"https:\/\/compuviper.mx\/tienda\/wp-json\/wp\/v2\/product_tag?post=223864"}],"curies":[{"name":"wp","href":"https:\/\/api.w.org\/{rel}","templated":true}]}}