{"id":223858,"date":"2026-04-02T01:43:27","date_gmt":"2026-04-02T07:43:27","guid":{"rendered":"https:\/\/compuviper.mx\/tienda\/producto\/epson-c31ck03101-impresora-de-etiquetas-colorworks-cw-c4000-usb-ethernet-red-cortador-automatico\/"},"modified":"2026-04-02T01:43:28","modified_gmt":"2026-04-02T07:43:28","slug":"epson-c31ck03101ck031010230-impresora-de-etiquetas-colorworks-cw-c4000-usb-ethernet-red-cortador-automatico","status":"publish","type":"product","link":"https:\/\/compuviper.mx\/tienda\/producto\/epson-c31ck03101ck031010230-impresora-de-etiquetas-colorworks-cw-c4000-usb-ethernet-red-cortador-automatico\/","title":{"rendered":"Epson C31ck03101,ck031010230 Impresora De Etiquetas  Colorworks Cw-c4000, Usb, Ethernet Red, Cortador Automatico"},"content":{"rendered":"<table class=\"descripcion\">\n<tr>\n<td>Tecnologia<\/td>\n<\/tr>\n<tr>\n<td>*metodo de impresion: inyeccion de tinta serie precisioncore tfp<\/td>\n<\/tr>\n<tr>\n<td>*seguridad de imagen: tecnolog\u00eda de verificacion de boquillas, mantenimiento automatico del cabezal y comensacion automatica de puntos faltantes.<\/td>\n<\/tr>\n<tr>\n<td>*tecnologia de tinta: tinta pigmentada ultrachrome dl<\/td>\n<\/tr>\n<tr>\n<td>*colores: negro, cyan, amarillo, magenta<\/td>\n<\/tr>\n<tr>\n<td>*panel de control: 2,7\u0094 pantalla grafica de color<\/td>\n<\/tr>\n<tr>\n<td>*funcionalidades: correcion de color de color: perfiles de color icc, sustitucion de colores directos rgb, ajuste de color basado en controladores.<\/td>\n<\/tr>\n<tr>\n<td>Fuentes de impresi\u00f3n<\/td>\n<\/tr>\n<tr>\n<td>*impresi\u00f3n de banner: impresi\u00f3n en segmentos para producir letreros largos sin espacios.<\/td>\n<\/tr>\n<tr>\n<td>Fuentes de codigos de barras: upc-a, upc-e, jan13 (ean), jan8 (ean) code39, itf, codabar, code93, code128, gs1-128, gs1 databar omnidiractional, gs1, databar truncado, gs1 databar limited, gs1, databar expandido.<\/td>\n<\/tr>\n<tr>\n<td>*impresi\u00f3n de codigo bidimensional: pdf417, qrcode, maxicode, gs1 databar stacked, gs1 databar expanded stacked, datamatrix, aztec code, micropdf417, micro qr code.<\/td>\n<\/tr>\n<tr>\n<td>*ancho: 4,25\u0094 (108 mm) max.<\/td>\n<\/tr>\n<tr>\n<td>*vida util del cortador (cortes): liner de papel hasta 1,05 m, liner sintetico hasta 0,5 m, papel mate continuo hasta 0,5 m, papel brillante continuo hasta 0,3 m, sitetico continuo hasta 0,1 m.<\/td>\n<\/tr>\n<tr>\n<td>* durabilidad de impresora: cabezal de impresi\u00f3n permanente: dise\u00f1ado para durar toda la vida util de la impresora. mecanimsmo de alimentacion de 5,9 m pulgadas (150km) antes del servicio principal.<\/td>\n<\/tr>\n<tr>\n<td>Medios:<\/td>\n<\/tr>\n<tr>\n<td>*fuente de medios: rollo de alimentacion interno, pliegue en abanico de alimentacion trasera, desbobinador externo alimentado por la puerta trasera.<\/td>\n<\/tr>\n<tr>\n<td>*construccion de medios: etiqueta troqueleada estandar con o sin marca negra, etiqueta troqueleada con matris y marca negra, etiquetas continuas con o sin marca negra, etiqueta continua con o sin marca negra, pulsera con marca negra.<\/td>\n<\/tr>\n<tr>\n<td>*tipos de medios: papel normal papel mate, etiqueta sintetica, papel brillante, pelicula brillante, pulsera.<\/td>\n<\/tr>\n<tr>\n<td>*ancho: rollo: 1,0\u0094-4,41\u0094 (25,4-112 mm) pliegue en abanico: 2,0\u0094-4,41\u0094 (50,8-11mm)<\/td>\n<\/tr>\n<tr>\n<td>*espesor: 0,0033\u0094 -0,009\u0094 (0,084 mm- 0229 mm)<\/td>\n<\/tr>\n<tr>\n<td>*longitud de la etiqueta: max 16\u0094 (406,4 mm) min 0,31\u0094 (8mm)<\/td>\n<\/tr>\n<tr>\n<td>*tama\u00f1o del rollo interno: diametro externo: 4\u0094 (101,6 mm) max diametro interior del nucleo: 1,75\u0094- 2,25\u0094 (44-57 mm)<\/td>\n<\/tr>\n<tr>\n<td>*separacion de etiqueta troqueleada: 2mm- 6mm diametro interior del nucleo: 1,75\u0094- 2,25\u0094 (44-57mm)<\/td>\n<\/tr>\n<tr>\n<td>*sensores de medios: separacion, marca negra, corte de medios.<\/td>\n<\/tr>\n<tr>\n<td>*tama\u00f1o de la marca negra: min 0,51\u0094 x 0,16\u0094 (13mm x 4mm) (axa)<\/td>\n<\/tr>\n<tr>\n<td>Informacion general<\/td>\n<\/tr>\n<tr>\n<td>*interfaces ethernet 100base-tx\/10base-tx\/10base-t, usb 2.0<\/td>\n<\/tr>\n<tr>\n<td>*sistema operativos: windows 11,10 8.1, windows server, 2019, 2016, 2012 r2 (64 bits), mac os, 10.9.5 o posterior, macps 11x 0 posterior.<\/td>\n<\/tr>\n<tr>\n<td>*comandos de impresi\u00f3n: compatibilidad con el idioma nativo de zebra zpl ii, ademas de extensiones de comando, para permitir la colorizacion de los datos, idioma de comando de color epson esc\/ label.<\/td>\n<\/tr>\n<tr>\n<td>*herramientas de gestion remota: epson device admin, webconfig, epson monitoring tool, printer setting utility, epson deployment tool, epsonnet setup, manager, epsonnet confi se, epson firmware updater.<\/td>\n<\/tr>\n<tr>\n<td>*temperatura operativa: 41 a 95\u00b0f, 5 a 35\u00b0c humedad relativa del 20 al 80%<\/td>\n<\/tr>\n<tr>\n<td>*temperatura de almacenamiento: -4 a 140\u00b0f, -20  a 60\u00b0c humedad relativa del 5 al 85%.<\/td>\n<\/tr>\n<tr>\n<td>*consumo de energia: 28,2 w imprimiendo (impresi\u00f3n promedio) 2,6 w en espera 0,13 w apagada.<\/td>\n<\/tr>\n<tr>\n<td>*voltaje nominal: ca 100. 240v ca<\/td>\n<\/tr>\n<tr>\n<td>*frecuencia nominal: 50-60 hz<\/td>\n<\/tr>\n<tr>\n<td>*dimensiones (ancho x profundidad x altura): impresora 12,2\u0094 x 11 x1\u0094 x 11, 2\u0094 (310 mm x 283 mm x 285mm) caja de env\u00edo: 15.6\u0094 x 17,6\u0094 x 18.5\u0094) (396 mm x 446 mm x 469 mm)<\/td>\n<\/tr>\n<tr>\n<td>Peso: impresora: 13 kg \/ 28, 7 libras, caja de envio: 17,5 kg \/ 38,6 libras<\/td>\n<\/tr>\n<tr>\n<td>*ruido acustico: aprox 58 dba<\/td>\n<\/tr>\n<tr>\n<td>Emi: fcc\/ices-003 clase a, vcci clase a, marca ce<\/td>\n<\/tr>\n<tr>\n<td>*normas de seguridad: ul1950\/csa c22.2 no.950, tuv, gost-r<\/td>\n<\/tr>\n<tr>\n<td>Garantia limitada: 1 a\u00f1o en centro de servicio.<\/td>\n<\/tr>\n<\/table>\n","protected":false},"excerpt":{"rendered":"<p>Nueva impresora de etiquetas colorworks cw-4000u una potente y compacta impresora de etiquetas a color bajo demanda.<\/p>\n","protected":false},"featured_media":223859,"comment_status":"open","ping_status":"open","template":"","meta":[],"product_cat":[1777,1788],"product_tag":[1624],"acf":[],"yoast_head":"<!-- This site is optimized with the Yoast SEO plugin v21.7 - https:\/\/yoast.com\/wordpress\/plugins\/seo\/ -->\n<title>[ Epson ] &#129351; C31ck03101,ck031010230 Impresora De Etiquetas Colorworks Cw-c4000, Usb, Ethernet Red, Cortador Automatico<\/title>\n<meta name=\"description\" content=\"Compra C31ck03101,ck031010230 Impresora De Etiquetas Colorworks Cw-c4000, Usb, Ethernet Red, Cortador Automatico + Env\u00edo a domicilio + Pago seguro + Garant\u00eda\" \/>\n<meta name=\"robots\" content=\"index, follow, max-snippet:-1, max-image-preview:large, max-video-preview:-1\" \/>\n<link rel=\"canonical\" href=\"https:\/\/compuviper.mx\/tienda\/producto\/epson-c31ck03101ck031010230-impresora-de-etiquetas-colorworks-cw-c4000-usb-ethernet-red-cortador-automatico\/\" \/>\n<meta property=\"og:locale\" content=\"es_MX\" \/>\n<meta property=\"og:type\" content=\"article\" \/>\n<meta property=\"og:title\" content=\"[ Epson ] &#129351; C31ck03101,ck031010230 Impresora De Etiquetas Colorworks Cw-c4000, Usb, Ethernet Red, Cortador Automatico\" \/>\n<meta property=\"og:description\" content=\"Compra C31ck03101,ck031010230 Impresora De Etiquetas Colorworks Cw-c4000, Usb, Ethernet Red, Cortador Automatico + Env\u00edo a domicilio + Pago seguro + Garant\u00eda\" \/>\n<meta property=\"og:url\" content=\"https:\/\/compuviper.mx\/tienda\/producto\/epson-c31ck03101ck031010230-impresora-de-etiquetas-colorworks-cw-c4000-usb-ethernet-red-cortador-automatico\/\" \/>\n<meta property=\"og:site_name\" content=\"Compuviper\" \/>\n<meta property=\"article:publisher\" content=\"https:\/\/www.facebook.com\/compuviper\" \/>\n<meta property=\"article:modified_time\" content=\"2026-04-02T07:43:28+00:00\" \/>\n<meta property=\"og:image\" content=\"https:\/\/compuviper.mx\/tienda\/wp-content\/uploads\/2023\/12\/Impresora-de-etiquetas-epson-colorworks-cw-c4000-usb-ethernet-red-cortador-automatico.jpg\" \/>\n\t<meta property=\"og:image:width\" content=\"200\" \/>\n\t<meta property=\"og:image:height\" content=\"200\" \/>\n\t<meta property=\"og:image:type\" content=\"image\/jpeg\" \/>\n<meta name=\"twitter:card\" content=\"summary_large_image\" \/>\n<meta name=\"twitter:label1\" content=\"Precio\" \/>\n\t<meta name=\"twitter:data1\" content=\"&#36;35,366 con IVA\" \/>\n\t<meta name=\"twitter:label2\" content=\"Availability\" \/>\n\t<meta name=\"twitter:data2\" content=\"In stock\" \/>\n<script type=\"application\/ld+json\" class=\"yoast-schema-graph\">{\"@context\":\"https:\/\/schema.org\",\"@graph\":[{\"@type\":\"WebPage\",\"@id\":\"https:\/\/compuviper.mx\/tienda\/producto\/epson-c31ck03101ck031010230-impresora-de-etiquetas-colorworks-cw-c4000-usb-ethernet-red-cortador-automatico\/\",\"url\":\"https:\/\/compuviper.mx\/tienda\/producto\/epson-c31ck03101ck031010230-impresora-de-etiquetas-colorworks-cw-c4000-usb-ethernet-red-cortador-automatico\/\",\"name\":\"[ Epson ] &#129351; C31ck03101,ck031010230 Impresora De Etiquetas Colorworks Cw-c4000, Usb, Ethernet Red, Cortador Automatico\",\"isPartOf\":{\"@id\":\"https:\/\/compuviper.mx\/tienda\/#website\"},\"datePublished\":\"2026-04-02T07:43:27+00:00\",\"dateModified\":\"2026-04-02T07:43:28+00:00\",\"description\":\"Compra C31ck03101,ck031010230 Impresora De Etiquetas Colorworks Cw-c4000, Usb, Ethernet Red, Cortador Automatico + Env\u00edo a domicilio + Pago seguro + Garant\u00eda\",\"breadcrumb\":{\"@id\":\"https:\/\/compuviper.mx\/tienda\/producto\/epson-c31ck03101ck031010230-impresora-de-etiquetas-colorworks-cw-c4000-usb-ethernet-red-cortador-automatico\/#breadcrumb\"},\"inLanguage\":\"es-MX\",\"potentialAction\":[{\"@type\":\"ReadAction\",\"target\":[\"https:\/\/compuviper.mx\/tienda\/producto\/epson-c31ck03101ck031010230-impresora-de-etiquetas-colorworks-cw-c4000-usb-ethernet-red-cortador-automatico\/\"]}]},{\"@type\":\"BreadcrumbList\",\"@id\":\"https:\/\/compuviper.mx\/tienda\/producto\/epson-c31ck03101ck031010230-impresora-de-etiquetas-colorworks-cw-c4000-usb-ethernet-red-cortador-automatico\/#breadcrumb\",\"itemListElement\":[{\"@type\":\"ListItem\",\"position\":1,\"name\":\"Inicio\",\"item\":\"https:\/\/compuviper.mx\/tienda\/\"},{\"@type\":\"ListItem\",\"position\":2,\"name\":\"Productos\",\"item\":\"https:\/\/compuviper.mx\/tienda\/productos\/\"},{\"@type\":\"ListItem\",\"position\":3,\"name\":\"Impresoras\",\"item\":\"https:\/\/compuviper.mx\/tienda\/categoria-producto\/impresoras\/\"},{\"@type\":\"ListItem\",\"position\":4,\"name\":\"Etiquetas\",\"item\":\"https:\/\/compuviper.mx\/tienda\/categoria-producto\/impresoras\/etiquetas\/\"},{\"@type\":\"ListItem\",\"position\":5,\"name\":\"Epson C31ck03101,ck031010230 Impresora De Etiquetas Colorworks Cw-c4000, Usb, Ethernet Red, Cortador Automatico\"}]},{\"@type\":\"WebSite\",\"@id\":\"https:\/\/compuviper.mx\/tienda\/#website\",\"url\":\"https:\/\/compuviper.mx\/tienda\/\",\"name\":\"Compuviper\",\"description\":\"Proveedor de Computadoras, Laptops, Servidores, Monitores, Puntos de Venta, Teclados,   Impresoras, T\u00f3ner, C\u00e1maras de Seguridad y m\u00e1s en tu tienda en l\u00ednea\",\"publisher\":{\"@id\":\"https:\/\/compuviper.mx\/tienda\/#organization\"},\"potentialAction\":[{\"@type\":\"SearchAction\",\"target\":{\"@type\":\"EntryPoint\",\"urlTemplate\":\"https:\/\/compuviper.mx\/tienda\/?s={search_term_string}\"},\"query-input\":\"required name=search_term_string\"}],\"inLanguage\":\"es-MX\"},{\"@type\":\"Organization\",\"@id\":\"https:\/\/compuviper.mx\/tienda\/#organization\",\"name\":\"Compuviper\",\"url\":\"https:\/\/compuviper.mx\/tienda\/\",\"logo\":{\"@type\":\"ImageObject\",\"inLanguage\":\"es-MX\",\"@id\":\"https:\/\/compuviper.mx\/tienda\/#\/schema\/logo\/image\/\",\"url\":\"https:\/\/compuviper.mx\/tienda\/wp-content\/uploads\/2021\/08\/Logo-Compuviper-10.png\",\"contentUrl\":\"https:\/\/compuviper.mx\/tienda\/wp-content\/uploads\/2021\/08\/Logo-Compuviper-10.png\",\"width\":1000,\"height\":500,\"caption\":\"Compuviper\"},\"image\":{\"@id\":\"https:\/\/compuviper.mx\/tienda\/#\/schema\/logo\/image\/\"},\"sameAs\":[\"https:\/\/www.facebook.com\/compuviper\",\"https:\/\/www.youtube.com\/channel\/UCf73dERp9Y3cfOq7q8BhLjA?view_as=subscriber\"]}]}<\/script>\n<meta property=\"product:brand\" content=\"EPSON\" \/>\n<meta property=\"product:price:amount\" content=\"35366\" \/>\n<meta property=\"product:price:currency\" content=\"MXN\" \/>\n<meta property=\"og:availability\" content=\"instock\" \/>\n<meta property=\"product:availability\" content=\"instock\" \/>\n<meta property=\"product:retailer_item_id\" content=\"C31CK03101,CK031010230\" \/>\n<meta property=\"product:condition\" content=\"new\" \/>\n<!-- \/ Yoast SEO plugin. -->","yoast_head_json":{"title":"[ Epson ] &#129351; C31ck03101,ck031010230 Impresora De Etiquetas Colorworks Cw-c4000, Usb, Ethernet Red, Cortador Automatico","description":"Compra C31ck03101,ck031010230 Impresora De Etiquetas Colorworks Cw-c4000, Usb, Ethernet Red, Cortador Automatico + Env\u00edo a domicilio + Pago seguro + Garant\u00eda","robots":{"index":"index","follow":"follow","max-snippet":"max-snippet:-1","max-image-preview":"max-image-preview:large","max-video-preview":"max-video-preview:-1"},"canonical":"https:\/\/compuviper.mx\/tienda\/producto\/epson-c31ck03101ck031010230-impresora-de-etiquetas-colorworks-cw-c4000-usb-ethernet-red-cortador-automatico\/","og_locale":"es_MX","og_type":"article","og_title":"[ Epson ] &#129351; C31ck03101,ck031010230 Impresora De Etiquetas Colorworks Cw-c4000, Usb, Ethernet Red, Cortador Automatico","og_description":"Compra C31ck03101,ck031010230 Impresora De Etiquetas Colorworks Cw-c4000, Usb, Ethernet Red, Cortador Automatico + Env\u00edo a domicilio + Pago seguro + Garant\u00eda","og_url":"https:\/\/compuviper.mx\/tienda\/producto\/epson-c31ck03101ck031010230-impresora-de-etiquetas-colorworks-cw-c4000-usb-ethernet-red-cortador-automatico\/","og_site_name":"Compuviper","article_publisher":"https:\/\/www.facebook.com\/compuviper","article_modified_time":"2026-04-02T07:43:28+00:00","og_image":[{"width":200,"height":200,"url":"https:\/\/compuviper.mx\/tienda\/wp-content\/uploads\/2023\/12\/Impresora-de-etiquetas-epson-colorworks-cw-c4000-usb-ethernet-red-cortador-automatico.jpg","type":"image\/jpeg"}],"twitter_card":"summary_large_image","twitter_misc":{"Precio":"&#36;35,366 con IVA","Availability":"In stock"},"schema":{"@context":"https:\/\/schema.org","@graph":[{"@type":"WebPage","@id":"https:\/\/compuviper.mx\/tienda\/producto\/epson-c31ck03101ck031010230-impresora-de-etiquetas-colorworks-cw-c4000-usb-ethernet-red-cortador-automatico\/","url":"https:\/\/compuviper.mx\/tienda\/producto\/epson-c31ck03101ck031010230-impresora-de-etiquetas-colorworks-cw-c4000-usb-ethernet-red-cortador-automatico\/","name":"[ Epson ] &#129351; C31ck03101,ck031010230 Impresora De Etiquetas Colorworks Cw-c4000, Usb, Ethernet Red, Cortador Automatico","isPartOf":{"@id":"https:\/\/compuviper.mx\/tienda\/#website"},"datePublished":"2026-04-02T07:43:27+00:00","dateModified":"2026-04-02T07:43:28+00:00","description":"Compra C31ck03101,ck031010230 Impresora De Etiquetas Colorworks Cw-c4000, Usb, Ethernet Red, Cortador Automatico + Env\u00edo a domicilio + Pago seguro + Garant\u00eda","breadcrumb":{"@id":"https:\/\/compuviper.mx\/tienda\/producto\/epson-c31ck03101ck031010230-impresora-de-etiquetas-colorworks-cw-c4000-usb-ethernet-red-cortador-automatico\/#breadcrumb"},"inLanguage":"es-MX","potentialAction":[{"@type":"ReadAction","target":["https:\/\/compuviper.mx\/tienda\/producto\/epson-c31ck03101ck031010230-impresora-de-etiquetas-colorworks-cw-c4000-usb-ethernet-red-cortador-automatico\/"]}]},{"@type":"BreadcrumbList","@id":"https:\/\/compuviper.mx\/tienda\/producto\/epson-c31ck03101ck031010230-impresora-de-etiquetas-colorworks-cw-c4000-usb-ethernet-red-cortador-automatico\/#breadcrumb","itemListElement":[{"@type":"ListItem","position":1,"name":"Inicio","item":"https:\/\/compuviper.mx\/tienda\/"},{"@type":"ListItem","position":2,"name":"Productos","item":"https:\/\/compuviper.mx\/tienda\/productos\/"},{"@type":"ListItem","position":3,"name":"Impresoras","item":"https:\/\/compuviper.mx\/tienda\/categoria-producto\/impresoras\/"},{"@type":"ListItem","position":4,"name":"Etiquetas","item":"https:\/\/compuviper.mx\/tienda\/categoria-producto\/impresoras\/etiquetas\/"},{"@type":"ListItem","position":5,"name":"Epson C31ck03101,ck031010230 Impresora De Etiquetas Colorworks Cw-c4000, Usb, Ethernet Red, Cortador Automatico"}]},{"@type":"WebSite","@id":"https:\/\/compuviper.mx\/tienda\/#website","url":"https:\/\/compuviper.mx\/tienda\/","name":"Compuviper","description":"Proveedor de Computadoras, Laptops, Servidores, Monitores, Puntos de Venta, Teclados,   Impresoras, T\u00f3ner, C\u00e1maras de Seguridad y m\u00e1s en tu tienda en l\u00ednea","publisher":{"@id":"https:\/\/compuviper.mx\/tienda\/#organization"},"potentialAction":[{"@type":"SearchAction","target":{"@type":"EntryPoint","urlTemplate":"https:\/\/compuviper.mx\/tienda\/?s={search_term_string}"},"query-input":"required name=search_term_string"}],"inLanguage":"es-MX"},{"@type":"Organization","@id":"https:\/\/compuviper.mx\/tienda\/#organization","name":"Compuviper","url":"https:\/\/compuviper.mx\/tienda\/","logo":{"@type":"ImageObject","inLanguage":"es-MX","@id":"https:\/\/compuviper.mx\/tienda\/#\/schema\/logo\/image\/","url":"https:\/\/compuviper.mx\/tienda\/wp-content\/uploads\/2021\/08\/Logo-Compuviper-10.png","contentUrl":"https:\/\/compuviper.mx\/tienda\/wp-content\/uploads\/2021\/08\/Logo-Compuviper-10.png","width":1000,"height":500,"caption":"Compuviper"},"image":{"@id":"https:\/\/compuviper.mx\/tienda\/#\/schema\/logo\/image\/"},"sameAs":["https:\/\/www.facebook.com\/compuviper","https:\/\/www.youtube.com\/channel\/UCf73dERp9Y3cfOq7q8BhLjA?view_as=subscriber"]}]},"product_brand":"EPSON","product_price_amount":"35366","product_price_currency":"MXN","og_availability":"instock","product_availability":"instock","product_retailer_item_id":"C31CK03101,CK031010230","product_condition":"new"},"_links":{"self":[{"href":"https:\/\/compuviper.mx\/tienda\/wp-json\/wp\/v2\/product\/223858"}],"collection":[{"href":"https:\/\/compuviper.mx\/tienda\/wp-json\/wp\/v2\/product"}],"about":[{"href":"https:\/\/compuviper.mx\/tienda\/wp-json\/wp\/v2\/types\/product"}],"replies":[{"embeddable":true,"href":"https:\/\/compuviper.mx\/tienda\/wp-json\/wp\/v2\/comments?post=223858"}],"wp:featuredmedia":[{"embeddable":true,"href":"https:\/\/compuviper.mx\/tienda\/wp-json\/wp\/v2\/media\/223859"}],"wp:attachment":[{"href":"https:\/\/compuviper.mx\/tienda\/wp-json\/wp\/v2\/media?parent=223858"}],"wp:term":[{"taxonomy":"product_cat","embeddable":true,"href":"https:\/\/compuviper.mx\/tienda\/wp-json\/wp\/v2\/product_cat?post=223858"},{"taxonomy":"product_tag","embeddable":true,"href":"https:\/\/compuviper.mx\/tienda\/wp-json\/wp\/v2\/product_tag?post=223858"}],"curies":[{"name":"wp","href":"https:\/\/api.w.org\/{rel}","templated":true}]}}