{"id":223852,"date":"2026-04-18T01:48:31","date_gmt":"2026-04-18T07:48:31","guid":{"rendered":"https:\/\/compuviper.mx\/tienda\/producto\/pantum-bm5100fdw-multifuncional-bm5100afdw-ppm-42-negro-laser-monocromatico-usb-wifi-ethernet-red-duplex-adf-cama-plana-carta-fax\/"},"modified":"2026-04-18T01:48:31","modified_gmt":"2026-04-18T07:48:31","slug":"pantum-bm5100fdw-multifuncional-bm5100afdw-ppm-42-laser-monocromatico-usb-wifi-ethernet-duplex-adf-cama-plana-fax","status":"publish","type":"product","link":"https:\/\/compuviper.mx\/tienda\/producto\/pantum-bm5100fdw-multifuncional-bm5100afdw-ppm-42-laser-monocromatico-usb-wifi-ethernet-duplex-adf-cama-plana-fax\/","title":{"rendered":"Pantum Bm5100fdw Multifuncional  Bm5100afdw, Ppm 42, Laser Monocromatico, Usb, Wifi, Ethernet, Duplex, Adf, Cama Plana, Fax"},"content":{"rendered":"<table class=\"descripcion\">\n<tr>\n<td>Tecnologialaser monocromatico<\/td>\n<\/tr>\n<tr>\n<td>Funcion  4 en 1<\/td>\n<\/tr>\n<tr>\n<td>Velocidad de impresin40 ppm a4 \/ 42 ppm carta<\/td>\n<\/tr>\n<tr>\n<td>Resolucion dpimaximo 1200 x 1200<\/td>\n<\/tr>\n<tr>\n<td>Tiempo de impresin primera paginamenos de 6.9 seg<\/td>\n<\/tr>\n<tr>\n<td>Procesador1.2 ghz<\/td>\n<\/tr>\n<tr>\n<td>Memoria512 mb<\/td>\n<\/tr>\n<tr>\n<td>Impresin duplexautomatico<\/td>\n<\/tr>\n<tr>\n<td>Panel de control  pantalla tactil de 3.5 pulgadas<\/td>\n<\/tr>\n<tr>\n<td>Otras funciones de impresin  impresin de folletos, impresin segura, impresin de discos usb, compatible con: airprint, mopria, app movil app i os\/ android app<\/td>\n<\/tr>\n<tr>\n<td>Copiado<\/td>\n<\/tr>\n<tr>\n<td>Velocidad de copia40 cpm a4 \/ 42 cpm carta<\/td>\n<\/tr>\n<tr>\n<td>Tiempo de primera copiacama plana menos de 10 seg, adf menos de 11 seg.<\/td>\n<\/tr>\n<tr>\n<td>Resolucion dpi600 x 600 dpi<\/td>\n<\/tr>\n<tr>\n<td>Ampliacion25 &#8211; 400<\/td>\n<\/tr>\n<tr>\n<td>Maximo volumen de copia1 &#8211; 99 paginas<\/td>\n<\/tr>\n<tr>\n<td>Funciones adicionalescopia de id, copia de recibo, copia n- up, copia de clonacion, copia de carteles, copia intercalada, copia con marcas de agua<\/td>\n<\/tr>\n<tr>\n<td>Escaneo<\/td>\n<\/tr>\n<tr>\n<td>Tipo de escanerbase plana  adf<\/td>\n<\/tr>\n<tr>\n<td>Duplexsi<\/td>\n<\/tr>\n<tr>\n<td>Capacidad del adf50 hojas<\/td>\n<\/tr>\n<tr>\n<td>Tamao maximo de escaneobase plana: 216297 mm adf: 216356 mm<\/td>\n<\/tr>\n<tr>\n<td>Escaneo a colorsi<\/td>\n<\/tr>\n<tr>\n<td>Resolucion de escaneo dpibase plana: 75\/150\/300\/600\/1.200 dpi adf: 75\/150\/300\/600 dpi<\/td>\n<\/tr>\n<tr>\n<td>Destinos de escaneo  de escaner a pc, correo electrnico, ftp, smb, dispositivo usb, app ios\/android\/ipad os<\/td>\n<\/tr>\n<tr>\n<td>Fax<\/td>\n<\/tr>\n<tr>\n<td>Tipo de fax  mono<\/td>\n<\/tr>\n<tr>\n<td>Velocidad del modem   33,6 kbps<\/td>\n<\/tr>\n<tr>\n<td>Memoria de fax   650 paginas<\/td>\n<\/tr>\n<tr>\n<td>Resolucion de fax   estndar: 200  100 ppp fina: 200  200 ppp  superfino: 200  400 ppp imagen: 300  300 ppp<\/td>\n<\/tr>\n<tr>\n<td>Sistema de codificacion  mh \/ mr \/ mmr \/ jbig<\/td>\n<\/tr>\n<tr>\n<td>Compatibilidad   itu-t sg3 \/ ecm<\/td>\n<\/tr>\n<tr>\n<td>Papel manual<\/td>\n<\/tr>\n<tr>\n<td>Bandeja de entrada de papel250 hojas<\/td>\n<\/tr>\n<tr>\n<td>Bandeja de entrada de papel de entrada opcional2 x 250 hojas<\/td>\n<\/tr>\n<tr>\n<td>Bandeja multiusos60 hojas<\/td>\n<\/tr>\n<tr>\n<td>Capacidad maxima de entrada de papel1410 hojas<\/td>\n<\/tr>\n<tr>\n<td>Bandeja de salida de papel150 hojas<\/td>\n<\/tr>\n<tr>\n<td>Tipos de impresina4, a5, jis b5, is0 b5 , a6, letter, legal, executive, folio, oficio, statement, japanese postcard, monarch env, dl env, c5 env, c6 env, no.10 env, zl, big 16k, big 32k, 16k, 32k, b6, yougata4, postcard, younaga3, nagagata3, yougata2<\/td>\n<\/tr>\n<tr>\n<td>Peso de papelbandeja de entrada: 60-120g\/ and 13217; bandeja multipropsito: 60-200g\/ and 13217; bandeja opcional: 60-120g\/ and 13217;<\/td>\n<\/tr>\n<tr>\n<td>Otros<\/td>\n<\/tr>\n<tr>\n<td>Dimensiones w x d x h415 x 365 x 370 mm<\/td>\n<\/tr>\n<tr>\n<td>Peso con toner incluido12.5 kg<\/td>\n<\/tr>\n<tr>\n<td>Intervalo de la temperatura de operacintemperatura recomendada: de 10 a 32\u00b0c humedad: de 20 a 80<\/td>\n<\/tr>\n<tr>\n<td>Voltaje de entrada110v model: ac100 -127v &#8211; 10; 50 hz: 6a                                                                                                      220v model: ac220 &#8211; 240v -15,10, 50hz\/60hz: 3a<\/td>\n<\/tr>\n<tr>\n<td>Ruidolista para imprimir  and 8804; 30db a; imprimiendo  and 8804; 54db a; escaneando  and 8804; 54db a; copiando  and 8804; 57 db a<\/td>\n<\/tr>\n<tr>\n<td>Consumo de potenciaconsumo promedio de impresin:  and 8804; 650w lista para imprimir:  and 8804; 60w en descanso:  and 8804; 1 w<\/td>\n<\/tr>\n<tr>\n<td>Compatibilidad de sistema operativomicrosoft windows and 65306; server2008\/server2012\/server2016\/xp\/vista\/win7\/win8\/win8.1\/win10 32\/64 bit \/ mac os and 65306;10.8\/10.9\/10.10\/10.11\/10.12\/10.13\/10.14\/10.15  linux and 65306;ubuntu 14.04\/16.04\/18.04 \/debian 10.0\/centos 7 and 65288;32\/64 bit and 65289; and 65307;astra linux special edition v1.6\/redhat 8.0\/ centos 8.264 bit<\/td>\n<\/tr>\n<tr>\n<td>Interfaz   alta velocidad usb 2.0; ieee 802.3 10\/100\/1000base-tx; wifi 2.4g\/5g: ieee 802.11 a\/b\/g\/n<\/td>\n<\/tr>\n<tr>\n<td>Consumible<\/td>\n<\/tr>\n<tr>\n<td>Tipo de consumiblecartucho de toner y unidad de tambor<\/td>\n<\/tr>\n<tr>\n<td>Cartucho inicaltl-5120 3,000 paginas<\/td>\n<\/tr>\n<tr>\n<td>Unidad de tambor inicialdl-5120 30,000 paginas<\/td>\n<\/tr>\n<tr>\n<td>Cartucho estandartl-5120 3,000 paginas \/ tl-5120h 6,000 paginas \/ tl-5120x 15,000 paginas<\/td>\n<\/tr>\n<tr>\n<td>Tambor estandardl-5120 30,000 paginas<\/td>\n<\/tr>\n<\/table>\n","protected":false},"excerpt":{"rendered":"<p>Amplia la productividad y el rendimiento. Consiga que su negocio funcionen a pleno rendimiento con nuestras impresoras en las que puede confiar, la bm5100 no solo le permite confiar en la velocidad espectacular, si no tambien en las funciones de facil manejo, gran comodidad, navegacion intuitiva y mucho mas<\/p>\n","protected":false},"featured_media":223853,"comment_status":"open","ping_status":"open","template":"","meta":[],"product_cat":[1780,1782],"product_tag":[2177],"acf":[],"yoast_head":"<!-- This site is optimized with the Yoast SEO plugin v21.7 - https:\/\/yoast.com\/wordpress\/plugins\/seo\/ -->\n<title>[ Pantum ] &#129351; Bm5100fdw Multifuncional Bm5100afdw, Ppm 42, Laser Monocromatico, Usb, Wifi, Ethernet, Duplex, Adf, Cama Plana, Fax<\/title>\n<meta name=\"description\" content=\"Compra Bm5100fdw Multifuncional Bm5100afdw, Ppm 42, Laser Monocromatico, Usb, Wifi, Ethernet, Duplex, Adf, Cama Plana, Fax + Env\u00edo a domicilio + Pago seguro + Garant\u00eda\" \/>\n<meta name=\"robots\" content=\"index, follow, max-snippet:-1, max-image-preview:large, max-video-preview:-1\" \/>\n<link rel=\"canonical\" href=\"https:\/\/compuviper.mx\/tienda\/producto\/pantum-bm5100fdw-multifuncional-bm5100afdw-ppm-42-laser-monocromatico-usb-wifi-ethernet-duplex-adf-cama-plana-fax\/\" \/>\n<meta property=\"og:locale\" content=\"es_MX\" \/>\n<meta property=\"og:type\" content=\"article\" \/>\n<meta property=\"og:title\" content=\"[ Pantum ] &#129351; Bm5100fdw Multifuncional Bm5100afdw, Ppm 42, Laser Monocromatico, Usb, Wifi, Ethernet, Duplex, Adf, Cama Plana, Fax\" \/>\n<meta property=\"og:description\" content=\"Compra Bm5100fdw Multifuncional Bm5100afdw, Ppm 42, Laser Monocromatico, Usb, Wifi, Ethernet, Duplex, Adf, Cama Plana, Fax + Env\u00edo a domicilio + Pago seguro + Garant\u00eda\" \/>\n<meta property=\"og:url\" content=\"https:\/\/compuviper.mx\/tienda\/producto\/pantum-bm5100fdw-multifuncional-bm5100afdw-ppm-42-laser-monocromatico-usb-wifi-ethernet-duplex-adf-cama-plana-fax\/\" \/>\n<meta property=\"og:site_name\" content=\"Compuviper\" \/>\n<meta property=\"article:publisher\" content=\"https:\/\/www.facebook.com\/compuviper\" \/>\n<meta property=\"og:image\" content=\"https:\/\/compuviper.mx\/tienda\/wp-content\/uploads\/2023\/12\/Multifuncional-pantum-bm5100afdw-ppm-42-negro-laser-monocromatico-usb-wifi-ethernet-red-duplex-adf-cama-plana-carta-fax.jpg\" \/>\n\t<meta property=\"og:image:width\" content=\"200\" \/>\n\t<meta property=\"og:image:height\" content=\"200\" \/>\n\t<meta property=\"og:image:type\" content=\"image\/jpeg\" \/>\n<meta name=\"twitter:card\" content=\"summary_large_image\" \/>\n<meta name=\"twitter:label1\" content=\"Precio\" \/>\n\t<meta name=\"twitter:data1\" content=\"&#36;5,640 con IVA\" \/>\n\t<meta name=\"twitter:label2\" content=\"Availability\" \/>\n\t<meta name=\"twitter:data2\" content=\"Out of stock\" \/>\n<script type=\"application\/ld+json\" class=\"yoast-schema-graph\">{\"@context\":\"https:\/\/schema.org\",\"@graph\":[{\"@type\":\"WebPage\",\"@id\":\"https:\/\/compuviper.mx\/tienda\/producto\/pantum-bm5100fdw-multifuncional-bm5100afdw-ppm-42-laser-monocromatico-usb-wifi-ethernet-duplex-adf-cama-plana-fax\/\",\"url\":\"https:\/\/compuviper.mx\/tienda\/producto\/pantum-bm5100fdw-multifuncional-bm5100afdw-ppm-42-laser-monocromatico-usb-wifi-ethernet-duplex-adf-cama-plana-fax\/\",\"name\":\"[ Pantum ] &#129351; Bm5100fdw Multifuncional Bm5100afdw, Ppm 42, Laser Monocromatico, Usb, Wifi, Ethernet, Duplex, Adf, Cama Plana, Fax\",\"isPartOf\":{\"@id\":\"https:\/\/compuviper.mx\/tienda\/#website\"},\"datePublished\":\"2026-04-18T07:48:31+00:00\",\"dateModified\":\"2026-04-18T07:48:31+00:00\",\"description\":\"Compra Bm5100fdw Multifuncional Bm5100afdw, Ppm 42, Laser Monocromatico, Usb, Wifi, Ethernet, Duplex, Adf, Cama Plana, Fax + Env\u00edo a domicilio + Pago seguro + Garant\u00eda\",\"breadcrumb\":{\"@id\":\"https:\/\/compuviper.mx\/tienda\/producto\/pantum-bm5100fdw-multifuncional-bm5100afdw-ppm-42-laser-monocromatico-usb-wifi-ethernet-duplex-adf-cama-plana-fax\/#breadcrumb\"},\"inLanguage\":\"es-MX\",\"potentialAction\":[{\"@type\":\"ReadAction\",\"target\":[\"https:\/\/compuviper.mx\/tienda\/producto\/pantum-bm5100fdw-multifuncional-bm5100afdw-ppm-42-laser-monocromatico-usb-wifi-ethernet-duplex-adf-cama-plana-fax\/\"]}]},{\"@type\":\"BreadcrumbList\",\"@id\":\"https:\/\/compuviper.mx\/tienda\/producto\/pantum-bm5100fdw-multifuncional-bm5100afdw-ppm-42-laser-monocromatico-usb-wifi-ethernet-duplex-adf-cama-plana-fax\/#breadcrumb\",\"itemListElement\":[{\"@type\":\"ListItem\",\"position\":1,\"name\":\"Inicio\",\"item\":\"https:\/\/compuviper.mx\/tienda\/\"},{\"@type\":\"ListItem\",\"position\":2,\"name\":\"Productos\",\"item\":\"https:\/\/compuviper.mx\/tienda\/productos\/\"},{\"@type\":\"ListItem\",\"position\":3,\"name\":\"Multifuncionales\",\"item\":\"https:\/\/compuviper.mx\/tienda\/categoria-producto\/multifuncionales\/\"},{\"@type\":\"ListItem\",\"position\":4,\"name\":\"Laser Monocromatica\",\"item\":\"https:\/\/compuviper.mx\/tienda\/categoria-producto\/multifuncionales\/laser-monocromatica\/\"},{\"@type\":\"ListItem\",\"position\":5,\"name\":\"Pantum Bm5100fdw Multifuncional Bm5100afdw, Ppm 42, Laser Monocromatico, Usb, Wifi, Ethernet, Duplex, Adf, Cama Plana, Fax\"}]},{\"@type\":\"WebSite\",\"@id\":\"https:\/\/compuviper.mx\/tienda\/#website\",\"url\":\"https:\/\/compuviper.mx\/tienda\/\",\"name\":\"Compuviper\",\"description\":\"Proveedor de Computadoras, Laptops, Servidores, Monitores, Puntos de Venta, Teclados,   Impresoras, T\u00f3ner, C\u00e1maras de Seguridad y m\u00e1s en tu tienda en l\u00ednea\",\"publisher\":{\"@id\":\"https:\/\/compuviper.mx\/tienda\/#organization\"},\"potentialAction\":[{\"@type\":\"SearchAction\",\"target\":{\"@type\":\"EntryPoint\",\"urlTemplate\":\"https:\/\/compuviper.mx\/tienda\/?s={search_term_string}\"},\"query-input\":\"required name=search_term_string\"}],\"inLanguage\":\"es-MX\"},{\"@type\":\"Organization\",\"@id\":\"https:\/\/compuviper.mx\/tienda\/#organization\",\"name\":\"Compuviper\",\"url\":\"https:\/\/compuviper.mx\/tienda\/\",\"logo\":{\"@type\":\"ImageObject\",\"inLanguage\":\"es-MX\",\"@id\":\"https:\/\/compuviper.mx\/tienda\/#\/schema\/logo\/image\/\",\"url\":\"https:\/\/compuviper.mx\/tienda\/wp-content\/uploads\/2021\/08\/Logo-Compuviper-10.png\",\"contentUrl\":\"https:\/\/compuviper.mx\/tienda\/wp-content\/uploads\/2021\/08\/Logo-Compuviper-10.png\",\"width\":1000,\"height\":500,\"caption\":\"Compuviper\"},\"image\":{\"@id\":\"https:\/\/compuviper.mx\/tienda\/#\/schema\/logo\/image\/\"},\"sameAs\":[\"https:\/\/www.facebook.com\/compuviper\",\"https:\/\/www.youtube.com\/channel\/UCf73dERp9Y3cfOq7q8BhLjA?view_as=subscriber\"]}]}<\/script>\n<meta property=\"product:brand\" content=\"Pantum\" \/>\n<meta property=\"product:price:amount\" content=\"5640\" \/>\n<meta property=\"product:price:currency\" content=\"MXN\" \/>\n<meta property=\"og:availability\" content=\"out of stock\" \/>\n<meta property=\"product:availability\" content=\"out of stock\" \/>\n<meta property=\"product:retailer_item_id\" content=\"BM5100FDW\" \/>\n<meta property=\"product:condition\" content=\"new\" \/>\n<!-- \/ Yoast SEO plugin. -->","yoast_head_json":{"title":"[ Pantum ] &#129351; Bm5100fdw Multifuncional Bm5100afdw, Ppm 42, Laser Monocromatico, Usb, Wifi, Ethernet, Duplex, Adf, Cama Plana, Fax","description":"Compra Bm5100fdw Multifuncional Bm5100afdw, Ppm 42, Laser Monocromatico, Usb, Wifi, Ethernet, Duplex, Adf, Cama Plana, Fax + Env\u00edo a domicilio + Pago seguro + Garant\u00eda","robots":{"index":"index","follow":"follow","max-snippet":"max-snippet:-1","max-image-preview":"max-image-preview:large","max-video-preview":"max-video-preview:-1"},"canonical":"https:\/\/compuviper.mx\/tienda\/producto\/pantum-bm5100fdw-multifuncional-bm5100afdw-ppm-42-laser-monocromatico-usb-wifi-ethernet-duplex-adf-cama-plana-fax\/","og_locale":"es_MX","og_type":"article","og_title":"[ Pantum ] &#129351; Bm5100fdw Multifuncional Bm5100afdw, Ppm 42, Laser Monocromatico, Usb, Wifi, Ethernet, Duplex, Adf, Cama Plana, Fax","og_description":"Compra Bm5100fdw Multifuncional Bm5100afdw, Ppm 42, Laser Monocromatico, Usb, Wifi, Ethernet, Duplex, Adf, Cama Plana, Fax + Env\u00edo a domicilio + Pago seguro + Garant\u00eda","og_url":"https:\/\/compuviper.mx\/tienda\/producto\/pantum-bm5100fdw-multifuncional-bm5100afdw-ppm-42-laser-monocromatico-usb-wifi-ethernet-duplex-adf-cama-plana-fax\/","og_site_name":"Compuviper","article_publisher":"https:\/\/www.facebook.com\/compuviper","og_image":[{"width":200,"height":200,"url":"https:\/\/compuviper.mx\/tienda\/wp-content\/uploads\/2023\/12\/Multifuncional-pantum-bm5100afdw-ppm-42-negro-laser-monocromatico-usb-wifi-ethernet-red-duplex-adf-cama-plana-carta-fax.jpg","type":"image\/jpeg"}],"twitter_card":"summary_large_image","twitter_misc":{"Precio":"&#36;5,640 con IVA","Availability":"Out of stock"},"schema":{"@context":"https:\/\/schema.org","@graph":[{"@type":"WebPage","@id":"https:\/\/compuviper.mx\/tienda\/producto\/pantum-bm5100fdw-multifuncional-bm5100afdw-ppm-42-laser-monocromatico-usb-wifi-ethernet-duplex-adf-cama-plana-fax\/","url":"https:\/\/compuviper.mx\/tienda\/producto\/pantum-bm5100fdw-multifuncional-bm5100afdw-ppm-42-laser-monocromatico-usb-wifi-ethernet-duplex-adf-cama-plana-fax\/","name":"[ Pantum ] &#129351; Bm5100fdw Multifuncional Bm5100afdw, Ppm 42, Laser Monocromatico, Usb, Wifi, Ethernet, Duplex, Adf, Cama Plana, Fax","isPartOf":{"@id":"https:\/\/compuviper.mx\/tienda\/#website"},"datePublished":"2026-04-18T07:48:31+00:00","dateModified":"2026-04-18T07:48:31+00:00","description":"Compra Bm5100fdw Multifuncional Bm5100afdw, Ppm 42, Laser Monocromatico, Usb, Wifi, Ethernet, Duplex, Adf, Cama Plana, Fax + Env\u00edo a domicilio + Pago seguro + Garant\u00eda","breadcrumb":{"@id":"https:\/\/compuviper.mx\/tienda\/producto\/pantum-bm5100fdw-multifuncional-bm5100afdw-ppm-42-laser-monocromatico-usb-wifi-ethernet-duplex-adf-cama-plana-fax\/#breadcrumb"},"inLanguage":"es-MX","potentialAction":[{"@type":"ReadAction","target":["https:\/\/compuviper.mx\/tienda\/producto\/pantum-bm5100fdw-multifuncional-bm5100afdw-ppm-42-laser-monocromatico-usb-wifi-ethernet-duplex-adf-cama-plana-fax\/"]}]},{"@type":"BreadcrumbList","@id":"https:\/\/compuviper.mx\/tienda\/producto\/pantum-bm5100fdw-multifuncional-bm5100afdw-ppm-42-laser-monocromatico-usb-wifi-ethernet-duplex-adf-cama-plana-fax\/#breadcrumb","itemListElement":[{"@type":"ListItem","position":1,"name":"Inicio","item":"https:\/\/compuviper.mx\/tienda\/"},{"@type":"ListItem","position":2,"name":"Productos","item":"https:\/\/compuviper.mx\/tienda\/productos\/"},{"@type":"ListItem","position":3,"name":"Multifuncionales","item":"https:\/\/compuviper.mx\/tienda\/categoria-producto\/multifuncionales\/"},{"@type":"ListItem","position":4,"name":"Laser Monocromatica","item":"https:\/\/compuviper.mx\/tienda\/categoria-producto\/multifuncionales\/laser-monocromatica\/"},{"@type":"ListItem","position":5,"name":"Pantum Bm5100fdw Multifuncional Bm5100afdw, Ppm 42, Laser Monocromatico, Usb, Wifi, Ethernet, Duplex, Adf, Cama Plana, Fax"}]},{"@type":"WebSite","@id":"https:\/\/compuviper.mx\/tienda\/#website","url":"https:\/\/compuviper.mx\/tienda\/","name":"Compuviper","description":"Proveedor de Computadoras, Laptops, Servidores, Monitores, Puntos de Venta, Teclados,   Impresoras, T\u00f3ner, C\u00e1maras de Seguridad y m\u00e1s en tu tienda en l\u00ednea","publisher":{"@id":"https:\/\/compuviper.mx\/tienda\/#organization"},"potentialAction":[{"@type":"SearchAction","target":{"@type":"EntryPoint","urlTemplate":"https:\/\/compuviper.mx\/tienda\/?s={search_term_string}"},"query-input":"required name=search_term_string"}],"inLanguage":"es-MX"},{"@type":"Organization","@id":"https:\/\/compuviper.mx\/tienda\/#organization","name":"Compuviper","url":"https:\/\/compuviper.mx\/tienda\/","logo":{"@type":"ImageObject","inLanguage":"es-MX","@id":"https:\/\/compuviper.mx\/tienda\/#\/schema\/logo\/image\/","url":"https:\/\/compuviper.mx\/tienda\/wp-content\/uploads\/2021\/08\/Logo-Compuviper-10.png","contentUrl":"https:\/\/compuviper.mx\/tienda\/wp-content\/uploads\/2021\/08\/Logo-Compuviper-10.png","width":1000,"height":500,"caption":"Compuviper"},"image":{"@id":"https:\/\/compuviper.mx\/tienda\/#\/schema\/logo\/image\/"},"sameAs":["https:\/\/www.facebook.com\/compuviper","https:\/\/www.youtube.com\/channel\/UCf73dERp9Y3cfOq7q8BhLjA?view_as=subscriber"]}]},"product_brand":"Pantum","product_price_amount":"5640","product_price_currency":"MXN","og_availability":"out of stock","product_availability":"out of stock","product_retailer_item_id":"BM5100FDW","product_condition":"new"},"_links":{"self":[{"href":"https:\/\/compuviper.mx\/tienda\/wp-json\/wp\/v2\/product\/223852"}],"collection":[{"href":"https:\/\/compuviper.mx\/tienda\/wp-json\/wp\/v2\/product"}],"about":[{"href":"https:\/\/compuviper.mx\/tienda\/wp-json\/wp\/v2\/types\/product"}],"replies":[{"embeddable":true,"href":"https:\/\/compuviper.mx\/tienda\/wp-json\/wp\/v2\/comments?post=223852"}],"wp:featuredmedia":[{"embeddable":true,"href":"https:\/\/compuviper.mx\/tienda\/wp-json\/wp\/v2\/media\/223853"}],"wp:attachment":[{"href":"https:\/\/compuviper.mx\/tienda\/wp-json\/wp\/v2\/media?parent=223852"}],"wp:term":[{"taxonomy":"product_cat","embeddable":true,"href":"https:\/\/compuviper.mx\/tienda\/wp-json\/wp\/v2\/product_cat?post=223852"},{"taxonomy":"product_tag","embeddable":true,"href":"https:\/\/compuviper.mx\/tienda\/wp-json\/wp\/v2\/product_tag?post=223852"}],"curies":[{"name":"wp","href":"https:\/\/api.w.org\/{rel}","templated":true}]}}