{"id":223848,"date":"2026-04-14T01:42:44","date_gmt":"2026-04-14T07:42:44","guid":{"rendered":"https:\/\/compuviper.mx\/tienda\/producto\/pantum-bp5100dw-impresora-ppm-42-negro-laser-monocromatico-usb-wifi-ethernet-red-duplex\/"},"modified":"2026-04-14T01:42:44","modified_gmt":"2026-04-14T07:42:44","slug":"pantum-bp5100dw-impresora-ppm-42-laser-monocromatico-usb-wifi-ethernet-duplex","status":"publish","type":"product","link":"https:\/\/compuviper.mx\/tienda\/producto\/pantum-bp5100dw-impresora-ppm-42-laser-monocromatico-usb-wifi-ethernet-duplex\/","title":{"rendered":"Pantum Bp5100dw Impresora  , Ppm 42, Laser Monocromatico, Usb, Wifi, Ethernet, Duplex"},"content":{"rendered":"<table class=\"descripcion\">\n<tr>\n<td>Tecnologialaser monocromatico<\/td>\n<\/tr>\n<tr>\n<td>Velocidad de impresin40 ppm a4 \/ 42 ppm carta<\/td>\n<\/tr>\n<tr>\n<td>Resolucion dpimaximo 1200 x 1200 dpi max<\/td>\n<\/tr>\n<tr>\n<td>Tiempo de impresin primera paginamenos de 6.9 seg<\/td>\n<\/tr>\n<tr>\n<td>Volumen de impresin recomendado750 a 5,000 paginas por mes<\/td>\n<\/tr>\n<tr>\n<td>Procesador1.2 ghz<\/td>\n<\/tr>\n<tr>\n<td>Memoria512 mb<\/td>\n<\/tr>\n<tr>\n<td>Lenguaje de impresinpcl5e and 12289;pcl6 and 12289;ps<\/td>\n<\/tr>\n<tr>\n<td>Duplexautomatico<\/td>\n<\/tr>\n<tr>\n<td>Panel de controllcd de 2 lineas<\/td>\n<\/tr>\n<tr>\n<td>Impresin movilairprint, mopria, ios app\/android app<\/td>\n<\/tr>\n<tr>\n<td>Capacidad entrada de papelbandeja de papel estandar 250 paginas, bandeja de papel opcional 550 paginas maximo 2 charolas<\/td>\n<\/tr>\n<tr>\n<td>Capacidad salida de papel150 paginas<\/td>\n<\/tr>\n<tr>\n<td>Bandeja multiusos60 paginas<\/td>\n<\/tr>\n<tr>\n<td>Tipo de papel soportadonormal,liso, grueso, recicaldo,transparencia, cartulina, etiqueta, sobre<\/td>\n<\/tr>\n<tr>\n<td>Tamao de papel soportadoa4, a5, a6, jis b5, iso b5, b6, carta, legal, ejecutivo,declaracion, sobre monarca, sobre dl,sobre c5, sobre c6, sobre no. 10, tarjeta postal japonesa, folio, oficio, big 16k, 32k, 16k, big 32k, zl, yougata 4, tarjeta postal, younaga3, nagagata3, yougata2<\/td>\n<\/tr>\n<tr>\n<td>Peso de papel soportado60-163 g\/m<\/td>\n<\/tr>\n<tr>\n<td>Interfaz usb 2.0 de alta velocidad; ieee 802.3 10\/100\/1000 base-tx; wifi 2.4g \/ 5g:ieee 802.11a\/b\/g\/n<\/td>\n<\/tr>\n<tr>\n<td>Ambiente recomendadorango de temperatura: 10-32\u00b0c 50\u00b0f-90\u00b0f rango de humedad: 20 &#8211; 80<\/td>\n<\/tr>\n<tr>\n<td>Compatibilidad de sistema operativomicrosoft windows: server 2008\/server 2012\/server 2016\/xp\/vista\/win7\/win8\/win8.1\/win10 32\/64 bit mac os: 10.8\/10.9\/10.10\/10.11\/10.12\/10.13\/10.14\/10.15  linux: ubuntu 14.04\/16.04\/18.04 \/debian 10.0\/centos 7 32\/64 bit;  astra linux edicin especial v1.6\/redhat 8.0.0\/ centos 8.2 64 bit<\/td>\n<\/tr>\n<tr>\n<td>Potencia110 v: ac 100-127 v, 50\/60 hz,14 a 220 v: ac 220-240 v, 50\/60 hz, 7 a<\/td>\n<\/tr>\n<tr>\n<td>Ruidoimprimir and 8804; 54db a listo and 8804;30db a<\/td>\n<\/tr>\n<tr>\n<td>Consumo de energiaimpresin regular  and 8804; 650 w preparada estado  and 8804; 50 w en reposo estado  and 8804; 1w<\/td>\n<\/tr>\n<tr>\n<td>Dimensiones w x d x h452427332 mm<\/td>\n<\/tr>\n<tr>\n<td>Peso 10.09 kg<\/td>\n<\/tr>\n<\/table>\n","protected":false},"excerpt":{"rendered":"<p>Imprima miles de pginas sin preocupaciones con la mejor. Impresora lser de su clase de calidad profesional, con un. Rendimiento impresionante. Esta impresora es lo. Suficientemente fiable para negocios que requieren un. Cambio constante en la demanda de impresiones y una. Reduccin gradual del espacio.<\/p>\n","protected":false},"featured_media":223849,"comment_status":"open","ping_status":"open","template":"","meta":[],"product_cat":[1777,1784],"product_tag":[2177],"acf":[],"yoast_head":"<!-- This site is optimized with the Yoast SEO plugin v21.7 - https:\/\/yoast.com\/wordpress\/plugins\/seo\/ -->\n<title>[ Pantum ] &#129351; Bp5100dw Impresora , Ppm 42, Laser Monocromatico, Usb, Wifi, Ethernet, Duplex<\/title>\n<meta name=\"description\" content=\"Compra Bp5100dw Impresora , Ppm 42, Laser Monocromatico, Usb, Wifi, Ethernet, Duplex + Env\u00edo a domicilio + Pago seguro + Garant\u00eda\" \/>\n<meta name=\"robots\" content=\"index, follow, max-snippet:-1, max-image-preview:large, max-video-preview:-1\" \/>\n<link rel=\"canonical\" href=\"https:\/\/compuviper.mx\/tienda\/producto\/pantum-bp5100dw-impresora-ppm-42-laser-monocromatico-usb-wifi-ethernet-duplex\/\" \/>\n<meta property=\"og:locale\" content=\"es_MX\" \/>\n<meta property=\"og:type\" content=\"article\" \/>\n<meta property=\"og:title\" content=\"[ Pantum ] &#129351; Bp5100dw Impresora , Ppm 42, Laser Monocromatico, Usb, Wifi, Ethernet, Duplex\" \/>\n<meta property=\"og:description\" content=\"Compra Bp5100dw Impresora , Ppm 42, Laser Monocromatico, Usb, Wifi, Ethernet, Duplex + Env\u00edo a domicilio + Pago seguro + Garant\u00eda\" \/>\n<meta property=\"og:url\" content=\"https:\/\/compuviper.mx\/tienda\/producto\/pantum-bp5100dw-impresora-ppm-42-laser-monocromatico-usb-wifi-ethernet-duplex\/\" \/>\n<meta property=\"og:site_name\" content=\"Compuviper\" \/>\n<meta property=\"article:publisher\" content=\"https:\/\/www.facebook.com\/compuviper\" \/>\n<meta property=\"og:image\" content=\"https:\/\/compuviper.mx\/tienda\/wp-content\/uploads\/2023\/12\/Impresora-pantum-bp5100dw-ppm-42-negro-laser-monocromatico-usb-wifi-ethernet-red-duplex.jpg\" \/>\n\t<meta property=\"og:image:width\" content=\"200\" \/>\n\t<meta property=\"og:image:height\" content=\"200\" \/>\n\t<meta property=\"og:image:type\" content=\"image\/jpeg\" \/>\n<meta name=\"twitter:card\" content=\"summary_large_image\" \/>\n<meta name=\"twitter:label1\" content=\"Precio\" \/>\n\t<meta name=\"twitter:data1\" content=\"&#36;3,273 con IVA\" \/>\n\t<meta name=\"twitter:label2\" content=\"Availability\" \/>\n\t<meta name=\"twitter:data2\" content=\"In stock\" \/>\n<script type=\"application\/ld+json\" class=\"yoast-schema-graph\">{\"@context\":\"https:\/\/schema.org\",\"@graph\":[{\"@type\":\"WebPage\",\"@id\":\"https:\/\/compuviper.mx\/tienda\/producto\/pantum-bp5100dw-impresora-ppm-42-laser-monocromatico-usb-wifi-ethernet-duplex\/\",\"url\":\"https:\/\/compuviper.mx\/tienda\/producto\/pantum-bp5100dw-impresora-ppm-42-laser-monocromatico-usb-wifi-ethernet-duplex\/\",\"name\":\"[ Pantum ] &#129351; Bp5100dw Impresora , Ppm 42, Laser Monocromatico, Usb, Wifi, Ethernet, Duplex\",\"isPartOf\":{\"@id\":\"https:\/\/compuviper.mx\/tienda\/#website\"},\"datePublished\":\"2026-04-14T07:42:44+00:00\",\"dateModified\":\"2026-04-14T07:42:44+00:00\",\"description\":\"Compra Bp5100dw Impresora , Ppm 42, Laser Monocromatico, Usb, Wifi, Ethernet, Duplex + Env\u00edo a domicilio + Pago seguro + Garant\u00eda\",\"breadcrumb\":{\"@id\":\"https:\/\/compuviper.mx\/tienda\/producto\/pantum-bp5100dw-impresora-ppm-42-laser-monocromatico-usb-wifi-ethernet-duplex\/#breadcrumb\"},\"inLanguage\":\"es-MX\",\"potentialAction\":[{\"@type\":\"ReadAction\",\"target\":[\"https:\/\/compuviper.mx\/tienda\/producto\/pantum-bp5100dw-impresora-ppm-42-laser-monocromatico-usb-wifi-ethernet-duplex\/\"]}]},{\"@type\":\"BreadcrumbList\",\"@id\":\"https:\/\/compuviper.mx\/tienda\/producto\/pantum-bp5100dw-impresora-ppm-42-laser-monocromatico-usb-wifi-ethernet-duplex\/#breadcrumb\",\"itemListElement\":[{\"@type\":\"ListItem\",\"position\":1,\"name\":\"Inicio\",\"item\":\"https:\/\/compuviper.mx\/tienda\/\"},{\"@type\":\"ListItem\",\"position\":2,\"name\":\"Productos\",\"item\":\"https:\/\/compuviper.mx\/tienda\/productos\/\"},{\"@type\":\"ListItem\",\"position\":3,\"name\":\"Impresoras\",\"item\":\"https:\/\/compuviper.mx\/tienda\/categoria-producto\/impresoras\/\"},{\"@type\":\"ListItem\",\"position\":4,\"name\":\"Laser Monocromatica\",\"item\":\"https:\/\/compuviper.mx\/tienda\/categoria-producto\/impresoras\/laser-monocromatica-impresoras\/\"},{\"@type\":\"ListItem\",\"position\":5,\"name\":\"Pantum Bp5100dw Impresora , Ppm 42, Laser Monocromatico, Usb, Wifi, Ethernet, Duplex\"}]},{\"@type\":\"WebSite\",\"@id\":\"https:\/\/compuviper.mx\/tienda\/#website\",\"url\":\"https:\/\/compuviper.mx\/tienda\/\",\"name\":\"Compuviper\",\"description\":\"Proveedor de Computadoras, Laptops, Servidores, Monitores, Puntos de Venta, Teclados,   Impresoras, T\u00f3ner, C\u00e1maras de Seguridad y m\u00e1s en tu tienda en l\u00ednea\",\"publisher\":{\"@id\":\"https:\/\/compuviper.mx\/tienda\/#organization\"},\"potentialAction\":[{\"@type\":\"SearchAction\",\"target\":{\"@type\":\"EntryPoint\",\"urlTemplate\":\"https:\/\/compuviper.mx\/tienda\/?s={search_term_string}\"},\"query-input\":\"required name=search_term_string\"}],\"inLanguage\":\"es-MX\"},{\"@type\":\"Organization\",\"@id\":\"https:\/\/compuviper.mx\/tienda\/#organization\",\"name\":\"Compuviper\",\"url\":\"https:\/\/compuviper.mx\/tienda\/\",\"logo\":{\"@type\":\"ImageObject\",\"inLanguage\":\"es-MX\",\"@id\":\"https:\/\/compuviper.mx\/tienda\/#\/schema\/logo\/image\/\",\"url\":\"https:\/\/compuviper.mx\/tienda\/wp-content\/uploads\/2021\/08\/Logo-Compuviper-10.png\",\"contentUrl\":\"https:\/\/compuviper.mx\/tienda\/wp-content\/uploads\/2021\/08\/Logo-Compuviper-10.png\",\"width\":1000,\"height\":500,\"caption\":\"Compuviper\"},\"image\":{\"@id\":\"https:\/\/compuviper.mx\/tienda\/#\/schema\/logo\/image\/\"},\"sameAs\":[\"https:\/\/www.facebook.com\/compuviper\",\"https:\/\/www.youtube.com\/channel\/UCf73dERp9Y3cfOq7q8BhLjA?view_as=subscriber\"]}]}<\/script>\n<meta property=\"product:brand\" content=\"Pantum\" \/>\n<meta property=\"product:price:amount\" content=\"3273\" \/>\n<meta property=\"product:price:currency\" content=\"MXN\" \/>\n<meta property=\"og:availability\" content=\"instock\" \/>\n<meta property=\"product:availability\" content=\"instock\" \/>\n<meta property=\"product:retailer_item_id\" content=\"BP5100DW\" \/>\n<meta property=\"product:condition\" content=\"new\" \/>\n<!-- \/ Yoast SEO plugin. -->","yoast_head_json":{"title":"[ Pantum ] &#129351; Bp5100dw Impresora , Ppm 42, Laser Monocromatico, Usb, Wifi, Ethernet, Duplex","description":"Compra Bp5100dw Impresora , Ppm 42, Laser Monocromatico, Usb, Wifi, Ethernet, Duplex + Env\u00edo a domicilio + Pago seguro + Garant\u00eda","robots":{"index":"index","follow":"follow","max-snippet":"max-snippet:-1","max-image-preview":"max-image-preview:large","max-video-preview":"max-video-preview:-1"},"canonical":"https:\/\/compuviper.mx\/tienda\/producto\/pantum-bp5100dw-impresora-ppm-42-laser-monocromatico-usb-wifi-ethernet-duplex\/","og_locale":"es_MX","og_type":"article","og_title":"[ Pantum ] &#129351; Bp5100dw Impresora , Ppm 42, Laser Monocromatico, Usb, Wifi, Ethernet, Duplex","og_description":"Compra Bp5100dw Impresora , Ppm 42, Laser Monocromatico, Usb, Wifi, Ethernet, Duplex + Env\u00edo a domicilio + Pago seguro + Garant\u00eda","og_url":"https:\/\/compuviper.mx\/tienda\/producto\/pantum-bp5100dw-impresora-ppm-42-laser-monocromatico-usb-wifi-ethernet-duplex\/","og_site_name":"Compuviper","article_publisher":"https:\/\/www.facebook.com\/compuviper","og_image":[{"width":200,"height":200,"url":"https:\/\/compuviper.mx\/tienda\/wp-content\/uploads\/2023\/12\/Impresora-pantum-bp5100dw-ppm-42-negro-laser-monocromatico-usb-wifi-ethernet-red-duplex.jpg","type":"image\/jpeg"}],"twitter_card":"summary_large_image","twitter_misc":{"Precio":"&#36;3,273 con IVA","Availability":"In stock"},"schema":{"@context":"https:\/\/schema.org","@graph":[{"@type":"WebPage","@id":"https:\/\/compuviper.mx\/tienda\/producto\/pantum-bp5100dw-impresora-ppm-42-laser-monocromatico-usb-wifi-ethernet-duplex\/","url":"https:\/\/compuviper.mx\/tienda\/producto\/pantum-bp5100dw-impresora-ppm-42-laser-monocromatico-usb-wifi-ethernet-duplex\/","name":"[ Pantum ] &#129351; Bp5100dw Impresora , Ppm 42, Laser Monocromatico, Usb, Wifi, Ethernet, Duplex","isPartOf":{"@id":"https:\/\/compuviper.mx\/tienda\/#website"},"datePublished":"2026-04-14T07:42:44+00:00","dateModified":"2026-04-14T07:42:44+00:00","description":"Compra Bp5100dw Impresora , Ppm 42, Laser Monocromatico, Usb, Wifi, Ethernet, Duplex + Env\u00edo a domicilio + Pago seguro + Garant\u00eda","breadcrumb":{"@id":"https:\/\/compuviper.mx\/tienda\/producto\/pantum-bp5100dw-impresora-ppm-42-laser-monocromatico-usb-wifi-ethernet-duplex\/#breadcrumb"},"inLanguage":"es-MX","potentialAction":[{"@type":"ReadAction","target":["https:\/\/compuviper.mx\/tienda\/producto\/pantum-bp5100dw-impresora-ppm-42-laser-monocromatico-usb-wifi-ethernet-duplex\/"]}]},{"@type":"BreadcrumbList","@id":"https:\/\/compuviper.mx\/tienda\/producto\/pantum-bp5100dw-impresora-ppm-42-laser-monocromatico-usb-wifi-ethernet-duplex\/#breadcrumb","itemListElement":[{"@type":"ListItem","position":1,"name":"Inicio","item":"https:\/\/compuviper.mx\/tienda\/"},{"@type":"ListItem","position":2,"name":"Productos","item":"https:\/\/compuviper.mx\/tienda\/productos\/"},{"@type":"ListItem","position":3,"name":"Impresoras","item":"https:\/\/compuviper.mx\/tienda\/categoria-producto\/impresoras\/"},{"@type":"ListItem","position":4,"name":"Laser Monocromatica","item":"https:\/\/compuviper.mx\/tienda\/categoria-producto\/impresoras\/laser-monocromatica-impresoras\/"},{"@type":"ListItem","position":5,"name":"Pantum Bp5100dw Impresora , Ppm 42, Laser Monocromatico, Usb, Wifi, Ethernet, Duplex"}]},{"@type":"WebSite","@id":"https:\/\/compuviper.mx\/tienda\/#website","url":"https:\/\/compuviper.mx\/tienda\/","name":"Compuviper","description":"Proveedor de Computadoras, Laptops, Servidores, Monitores, Puntos de Venta, Teclados,   Impresoras, T\u00f3ner, C\u00e1maras de Seguridad y m\u00e1s en tu tienda en l\u00ednea","publisher":{"@id":"https:\/\/compuviper.mx\/tienda\/#organization"},"potentialAction":[{"@type":"SearchAction","target":{"@type":"EntryPoint","urlTemplate":"https:\/\/compuviper.mx\/tienda\/?s={search_term_string}"},"query-input":"required name=search_term_string"}],"inLanguage":"es-MX"},{"@type":"Organization","@id":"https:\/\/compuviper.mx\/tienda\/#organization","name":"Compuviper","url":"https:\/\/compuviper.mx\/tienda\/","logo":{"@type":"ImageObject","inLanguage":"es-MX","@id":"https:\/\/compuviper.mx\/tienda\/#\/schema\/logo\/image\/","url":"https:\/\/compuviper.mx\/tienda\/wp-content\/uploads\/2021\/08\/Logo-Compuviper-10.png","contentUrl":"https:\/\/compuviper.mx\/tienda\/wp-content\/uploads\/2021\/08\/Logo-Compuviper-10.png","width":1000,"height":500,"caption":"Compuviper"},"image":{"@id":"https:\/\/compuviper.mx\/tienda\/#\/schema\/logo\/image\/"},"sameAs":["https:\/\/www.facebook.com\/compuviper","https:\/\/www.youtube.com\/channel\/UCf73dERp9Y3cfOq7q8BhLjA?view_as=subscriber"]}]},"product_brand":"Pantum","product_price_amount":"3273","product_price_currency":"MXN","og_availability":"instock","product_availability":"instock","product_retailer_item_id":"BP5100DW","product_condition":"new"},"_links":{"self":[{"href":"https:\/\/compuviper.mx\/tienda\/wp-json\/wp\/v2\/product\/223848"}],"collection":[{"href":"https:\/\/compuviper.mx\/tienda\/wp-json\/wp\/v2\/product"}],"about":[{"href":"https:\/\/compuviper.mx\/tienda\/wp-json\/wp\/v2\/types\/product"}],"replies":[{"embeddable":true,"href":"https:\/\/compuviper.mx\/tienda\/wp-json\/wp\/v2\/comments?post=223848"}],"wp:featuredmedia":[{"embeddable":true,"href":"https:\/\/compuviper.mx\/tienda\/wp-json\/wp\/v2\/media\/223849"}],"wp:attachment":[{"href":"https:\/\/compuviper.mx\/tienda\/wp-json\/wp\/v2\/media?parent=223848"}],"wp:term":[{"taxonomy":"product_cat","embeddable":true,"href":"https:\/\/compuviper.mx\/tienda\/wp-json\/wp\/v2\/product_cat?post=223848"},{"taxonomy":"product_tag","embeddable":true,"href":"https:\/\/compuviper.mx\/tienda\/wp-json\/wp\/v2\/product_tag?post=223848"}],"curies":[{"name":"wp","href":"https:\/\/api.w.org\/{rel}","templated":true}]}}