{"id":223844,"date":"2026-04-10T01:36:50","date_gmt":"2026-04-10T07:36:50","guid":{"rendered":"https:\/\/compuviper.mx\/tienda\/producto\/pantum-m6559nw-multifuncional-ppm-23-negro-laser-monocromatico-usb-wifi-ethernet-red-duplex-adf-cama-plana-carta\/"},"modified":"2026-04-10T01:36:50","modified_gmt":"2026-04-10T07:36:50","slug":"pantum-m6559nw6936358035323-multifuncional-m6559nw-ppm-23-laser-monocromatico-usb-wifi-duplex-adf-cama-plana","status":"publish","type":"product","link":"https:\/\/compuviper.mx\/tienda\/producto\/pantum-m6559nw6936358035323-multifuncional-m6559nw-ppm-23-laser-monocromatico-usb-wifi-duplex-adf-cama-plana\/","title":{"rendered":"Pantum M6559nw,6936358035323 Multifuncional  M6559nw, Ppm 23, Laser Monocromatico, Usb, Wifi, Duplex, Adf, Cama Plana"},"content":{"rendered":"<table class=\"descripcion\">\n<tr>\n<td>Impresion<\/td>\n<\/tr>\n<tr>\n<td>Tecnologia laser monocromatico electrofotografico<\/td>\n<\/tr>\n<tr>\n<td>Velocidad de impresi\u00f3n 22 ppm (a4) \/ 23 ppm (carta)<\/td>\n<\/tr>\n<tr>\n<td>Resolucion (dpi) maximo 1200 x 1200<\/td>\n<\/tr>\n<tr>\n<td>Tiempo de impresi\u00f3n primera pagina menos de 7.8 seg<\/td>\n<\/tr>\n<tr>\n<td>Procesador 600 mhz<\/td>\n<\/tr>\n<tr>\n<td>Memoria 128 mb<\/td>\n<\/tr>\n<tr>\n<td>Impresi\u00f3n duplex manual<\/td>\n<\/tr>\n<tr>\n<td>Conectividad   alta velocidad usb 2.0, neto: ieee 802.3 10\/100base-tx wifi:ieee 802.11b\/g\/n<\/td>\n<\/tr>\n<tr>\n<td>Volumen mensual maximo 10,000 paginas<\/td>\n<\/tr>\n<tr>\n<td>Lenguaje de impresi\u00f3n gdi<\/td>\n<\/tr>\n<tr>\n<td>Copiado<\/td>\n<\/tr>\n<tr>\n<td>Velocidad de copia 22 cpm (a4) \/ 23 cpm (carta)<\/td>\n<\/tr>\n<tr>\n<td>Tiempo de primera copia menos de 10 seg \/ adf menos de 12 seg<\/td>\n<\/tr>\n<tr>\n<td>Ampliacion 25% &#8211; 400%<\/td>\n<\/tr>\n<tr>\n<td>Maximo volumen de copia 1 &#8211; 99 paginas<\/td>\n<\/tr>\n<tr>\n<td>Funciones adicionales copia de id, copia de recibo, copia n- up, copia de clonacion<\/td>\n<\/tr>\n<tr>\n<td>Escaneo<\/td>\n<\/tr>\n<tr>\n<td>Tipo de escaner flatbed + adf<\/td>\n<\/tr>\n<tr>\n<td>Tama\u00f1o maximo de escaneo 216 x 297 mm ( flatbed ) \/ 216 x 356 mm (adf)<\/td>\n<\/tr>\n<tr>\n<td>Escaneo a color si<\/td>\n<\/tr>\n<tr>\n<td>Funcion de salida   escaneo a correo electronico, pc, ftp, i os, android<\/td>\n<\/tr>\n<tr>\n<td>Manejo de papel<\/td>\n<\/tr>\n<tr>\n<td>Capacidad entrada de papel 150 paginas<\/td>\n<\/tr>\n<tr>\n<td>Capacidad salida de papel 100 paginas<\/td>\n<\/tr>\n<tr>\n<td>Capacidad de adf 35 paginas<\/td>\n<\/tr>\n<tr>\n<td>Tipo de papel soportado liso, grueso, transparencia, cartulina, etiqueta, fino<\/td>\n<\/tr>\n<tr>\n<td>Tama\u00f1o de papel soportado a4, a5, a6, jis b5, iso b5, b6, carta, legal, ejecutivo,declaracion, sobre monarca, sobre dl,sobre c5, sobre c6, sobre no. 10, tarjeta postal japonesa, folio, oficio, big 16k, 32k, 16k, big 32k, zl, yougata 4, tarjeta postal, younaga3, nagagata3, yougata2<\/td>\n<\/tr>\n<tr>\n<td>Peso de papel soportado 60~163g\/m2<\/td>\n<\/tr>\n<tr>\n<td>Otros<\/td>\n<\/tr>\n<tr>\n<td>Compatibilidad de sistema operativo    microsoft windows  server 2023\/server 2008\/server 2012\/xp\/vista\/win7\/win8\/win 8.1\/win 10; mac os 10.7 -10.13; linux (ubuntu 12.04  and  14.04); i os 7.0 y superior; android 4.4 y superior<\/td>\n<\/tr>\n<tr>\n<td>Dimensiones (w x d x h) 16.4 x 12.0 x 11.8<\/td>\n<\/tr>\n<tr>\n<td>Peso con toner incluido 8.5 kg<\/td>\n<\/tr>\n<tr>\n<td>Ambiente recomendado rango de temperatura: 10-32\u00b0c (50\u00b0f-90\u00b0f) rango de humedad: 20% &#8211; 80%<\/td>\n<\/tr>\n<tr>\n<td>Potencia 110v model: ac100 -127v (+- 10%); 50 hz: 6a                                                                                                      220v model: ac220 &#8211; 240v (-15%,+10%), 50hz\/60hz: 3a<\/td>\n<\/tr>\n<tr>\n<td>Consumible<\/td>\n<\/tr>\n<tr>\n<td>Cartucho toner cartucho de inicio de 1,600 paginas capacidad estandar pd-219<\/td>\n<\/tr>\n<\/table>\n","protected":false},"excerpt":{"rendered":"<p>Acelere la eficiencia de su trabajo con el alimentador autom\u00e1tico de documentos. La nueva serie m6550 con adf brinda los usuarios domesticos y peque\u00f1as empresas experiencias de copia y escaneo mas facil y rapido. 3 en 1 + adf. Impresion directa e instalacion de wifi en un paso. Alta velocidad de impresion y copia. Impresion directa de documentos de office desde dispositivos moviles. Conectividad wifi, e impresion por movil. Velocidad del procesador  \/ memoria. Volumen mensual de 10,000 paginas<\/p>\n","protected":false},"featured_media":223845,"comment_status":"open","ping_status":"open","template":"","meta":[],"product_cat":[1782,1780],"product_tag":[2177],"acf":[],"yoast_head":"<!-- This site is optimized with the Yoast SEO plugin v21.7 - https:\/\/yoast.com\/wordpress\/plugins\/seo\/ -->\n<title>[ Pantum ] &#129351; M6559nw,6936358035323 Multifuncional M6559nw, Ppm 23, Laser Monocromatico, Usb, Wifi, Duplex, Adf, Cama Plana<\/title>\n<meta name=\"description\" content=\"Compra M6559nw,6936358035323 Multifuncional M6559nw, Ppm 23, Laser Monocromatico, Usb, Wifi, Duplex, Adf, Cama Plana + Env\u00edo a domicilio + Pago seguro + Garant\u00eda\" \/>\n<meta name=\"robots\" content=\"index, follow, max-snippet:-1, max-image-preview:large, max-video-preview:-1\" \/>\n<link rel=\"canonical\" href=\"https:\/\/compuviper.mx\/tienda\/producto\/pantum-m6559nw6936358035323-multifuncional-m6559nw-ppm-23-laser-monocromatico-usb-wifi-duplex-adf-cama-plana\/\" \/>\n<meta property=\"og:locale\" content=\"es_MX\" \/>\n<meta property=\"og:type\" content=\"article\" \/>\n<meta property=\"og:title\" content=\"[ Pantum ] &#129351; M6559nw,6936358035323 Multifuncional M6559nw, Ppm 23, Laser Monocromatico, Usb, Wifi, Duplex, Adf, Cama Plana\" \/>\n<meta property=\"og:description\" content=\"Compra M6559nw,6936358035323 Multifuncional M6559nw, Ppm 23, Laser Monocromatico, Usb, Wifi, Duplex, Adf, Cama Plana + Env\u00edo a domicilio + Pago seguro + Garant\u00eda\" \/>\n<meta property=\"og:url\" content=\"https:\/\/compuviper.mx\/tienda\/producto\/pantum-m6559nw6936358035323-multifuncional-m6559nw-ppm-23-laser-monocromatico-usb-wifi-duplex-adf-cama-plana\/\" \/>\n<meta property=\"og:site_name\" content=\"Compuviper\" \/>\n<meta property=\"article:publisher\" content=\"https:\/\/www.facebook.com\/compuviper\" \/>\n<meta property=\"og:image\" content=\"https:\/\/compuviper.mx\/tienda\/wp-content\/uploads\/2023\/12\/Multifuncional-pantum-m6559nw-ppm-23-negro-laser-monocromatico-usb-wifi-ethernet-red-duplex-adf-cama-plana-carta.jpg\" \/>\n\t<meta property=\"og:image:width\" content=\"200\" \/>\n\t<meta property=\"og:image:height\" content=\"200\" \/>\n\t<meta property=\"og:image:type\" content=\"image\/jpeg\" \/>\n<meta name=\"twitter:card\" content=\"summary_large_image\" \/>\n<meta name=\"twitter:label1\" content=\"Precio\" \/>\n\t<meta name=\"twitter:data1\" content=\"&#36;2,550 con IVA\" \/>\n\t<meta name=\"twitter:label2\" content=\"Availability\" \/>\n\t<meta name=\"twitter:data2\" content=\"Out of stock\" \/>\n<script type=\"application\/ld+json\" class=\"yoast-schema-graph\">{\"@context\":\"https:\/\/schema.org\",\"@graph\":[{\"@type\":\"WebPage\",\"@id\":\"https:\/\/compuviper.mx\/tienda\/producto\/pantum-m6559nw6936358035323-multifuncional-m6559nw-ppm-23-laser-monocromatico-usb-wifi-duplex-adf-cama-plana\/\",\"url\":\"https:\/\/compuviper.mx\/tienda\/producto\/pantum-m6559nw6936358035323-multifuncional-m6559nw-ppm-23-laser-monocromatico-usb-wifi-duplex-adf-cama-plana\/\",\"name\":\"[ Pantum ] &#129351; M6559nw,6936358035323 Multifuncional M6559nw, Ppm 23, Laser Monocromatico, Usb, Wifi, Duplex, Adf, Cama Plana\",\"isPartOf\":{\"@id\":\"https:\/\/compuviper.mx\/tienda\/#website\"},\"datePublished\":\"2026-04-10T07:36:50+00:00\",\"dateModified\":\"2026-04-10T07:36:50+00:00\",\"description\":\"Compra M6559nw,6936358035323 Multifuncional M6559nw, Ppm 23, Laser Monocromatico, Usb, Wifi, Duplex, Adf, Cama Plana + Env\u00edo a domicilio + Pago seguro + Garant\u00eda\",\"breadcrumb\":{\"@id\":\"https:\/\/compuviper.mx\/tienda\/producto\/pantum-m6559nw6936358035323-multifuncional-m6559nw-ppm-23-laser-monocromatico-usb-wifi-duplex-adf-cama-plana\/#breadcrumb\"},\"inLanguage\":\"es-MX\",\"potentialAction\":[{\"@type\":\"ReadAction\",\"target\":[\"https:\/\/compuviper.mx\/tienda\/producto\/pantum-m6559nw6936358035323-multifuncional-m6559nw-ppm-23-laser-monocromatico-usb-wifi-duplex-adf-cama-plana\/\"]}]},{\"@type\":\"BreadcrumbList\",\"@id\":\"https:\/\/compuviper.mx\/tienda\/producto\/pantum-m6559nw6936358035323-multifuncional-m6559nw-ppm-23-laser-monocromatico-usb-wifi-duplex-adf-cama-plana\/#breadcrumb\",\"itemListElement\":[{\"@type\":\"ListItem\",\"position\":1,\"name\":\"Inicio\",\"item\":\"https:\/\/compuviper.mx\/tienda\/\"},{\"@type\":\"ListItem\",\"position\":2,\"name\":\"Productos\",\"item\":\"https:\/\/compuviper.mx\/tienda\/productos\/\"},{\"@type\":\"ListItem\",\"position\":3,\"name\":\"Multifuncionales\",\"item\":\"https:\/\/compuviper.mx\/tienda\/categoria-producto\/multifuncionales\/\"},{\"@type\":\"ListItem\",\"position\":4,\"name\":\"Laser Monocromatica\",\"item\":\"https:\/\/compuviper.mx\/tienda\/categoria-producto\/multifuncionales\/laser-monocromatica\/\"},{\"@type\":\"ListItem\",\"position\":5,\"name\":\"Pantum M6559nw,6936358035323 Multifuncional M6559nw, Ppm 23, Laser Monocromatico, Usb, Wifi, Duplex, Adf, Cama Plana\"}]},{\"@type\":\"WebSite\",\"@id\":\"https:\/\/compuviper.mx\/tienda\/#website\",\"url\":\"https:\/\/compuviper.mx\/tienda\/\",\"name\":\"Compuviper\",\"description\":\"Proveedor de Computadoras, Laptops, Servidores, Monitores, Puntos de Venta, Teclados,   Impresoras, T\u00f3ner, C\u00e1maras de Seguridad y m\u00e1s en tu tienda en l\u00ednea\",\"publisher\":{\"@id\":\"https:\/\/compuviper.mx\/tienda\/#organization\"},\"potentialAction\":[{\"@type\":\"SearchAction\",\"target\":{\"@type\":\"EntryPoint\",\"urlTemplate\":\"https:\/\/compuviper.mx\/tienda\/?s={search_term_string}\"},\"query-input\":\"required name=search_term_string\"}],\"inLanguage\":\"es-MX\"},{\"@type\":\"Organization\",\"@id\":\"https:\/\/compuviper.mx\/tienda\/#organization\",\"name\":\"Compuviper\",\"url\":\"https:\/\/compuviper.mx\/tienda\/\",\"logo\":{\"@type\":\"ImageObject\",\"inLanguage\":\"es-MX\",\"@id\":\"https:\/\/compuviper.mx\/tienda\/#\/schema\/logo\/image\/\",\"url\":\"https:\/\/compuviper.mx\/tienda\/wp-content\/uploads\/2021\/08\/Logo-Compuviper-10.png\",\"contentUrl\":\"https:\/\/compuviper.mx\/tienda\/wp-content\/uploads\/2021\/08\/Logo-Compuviper-10.png\",\"width\":1000,\"height\":500,\"caption\":\"Compuviper\"},\"image\":{\"@id\":\"https:\/\/compuviper.mx\/tienda\/#\/schema\/logo\/image\/\"},\"sameAs\":[\"https:\/\/www.facebook.com\/compuviper\",\"https:\/\/www.youtube.com\/channel\/UCf73dERp9Y3cfOq7q8BhLjA?view_as=subscriber\"]}]}<\/script>\n<meta property=\"product:brand\" content=\"Pantum\" \/>\n<meta property=\"product:price:amount\" content=\"2550\" \/>\n<meta property=\"product:price:currency\" content=\"MXN\" \/>\n<meta property=\"og:availability\" content=\"out of stock\" \/>\n<meta property=\"product:availability\" content=\"out of stock\" \/>\n<meta property=\"product:retailer_item_id\" content=\"M6559NW,6936358035323\" \/>\n<meta property=\"product:condition\" content=\"new\" \/>\n<!-- \/ Yoast SEO plugin. -->","yoast_head_json":{"title":"[ Pantum ] &#129351; M6559nw,6936358035323 Multifuncional M6559nw, Ppm 23, Laser Monocromatico, Usb, Wifi, Duplex, Adf, Cama Plana","description":"Compra M6559nw,6936358035323 Multifuncional M6559nw, Ppm 23, Laser Monocromatico, Usb, Wifi, Duplex, Adf, Cama Plana + Env\u00edo a domicilio + Pago seguro + Garant\u00eda","robots":{"index":"index","follow":"follow","max-snippet":"max-snippet:-1","max-image-preview":"max-image-preview:large","max-video-preview":"max-video-preview:-1"},"canonical":"https:\/\/compuviper.mx\/tienda\/producto\/pantum-m6559nw6936358035323-multifuncional-m6559nw-ppm-23-laser-monocromatico-usb-wifi-duplex-adf-cama-plana\/","og_locale":"es_MX","og_type":"article","og_title":"[ Pantum ] &#129351; M6559nw,6936358035323 Multifuncional M6559nw, Ppm 23, Laser Monocromatico, Usb, Wifi, Duplex, Adf, Cama Plana","og_description":"Compra M6559nw,6936358035323 Multifuncional M6559nw, Ppm 23, Laser Monocromatico, Usb, Wifi, Duplex, Adf, Cama Plana + Env\u00edo a domicilio + Pago seguro + Garant\u00eda","og_url":"https:\/\/compuviper.mx\/tienda\/producto\/pantum-m6559nw6936358035323-multifuncional-m6559nw-ppm-23-laser-monocromatico-usb-wifi-duplex-adf-cama-plana\/","og_site_name":"Compuviper","article_publisher":"https:\/\/www.facebook.com\/compuviper","og_image":[{"width":200,"height":200,"url":"https:\/\/compuviper.mx\/tienda\/wp-content\/uploads\/2023\/12\/Multifuncional-pantum-m6559nw-ppm-23-negro-laser-monocromatico-usb-wifi-ethernet-red-duplex-adf-cama-plana-carta.jpg","type":"image\/jpeg"}],"twitter_card":"summary_large_image","twitter_misc":{"Precio":"&#36;2,550 con IVA","Availability":"Out of stock"},"schema":{"@context":"https:\/\/schema.org","@graph":[{"@type":"WebPage","@id":"https:\/\/compuviper.mx\/tienda\/producto\/pantum-m6559nw6936358035323-multifuncional-m6559nw-ppm-23-laser-monocromatico-usb-wifi-duplex-adf-cama-plana\/","url":"https:\/\/compuviper.mx\/tienda\/producto\/pantum-m6559nw6936358035323-multifuncional-m6559nw-ppm-23-laser-monocromatico-usb-wifi-duplex-adf-cama-plana\/","name":"[ Pantum ] &#129351; M6559nw,6936358035323 Multifuncional M6559nw, Ppm 23, Laser Monocromatico, Usb, Wifi, Duplex, Adf, Cama Plana","isPartOf":{"@id":"https:\/\/compuviper.mx\/tienda\/#website"},"datePublished":"2026-04-10T07:36:50+00:00","dateModified":"2026-04-10T07:36:50+00:00","description":"Compra M6559nw,6936358035323 Multifuncional M6559nw, Ppm 23, Laser Monocromatico, Usb, Wifi, Duplex, Adf, Cama Plana + Env\u00edo a domicilio + Pago seguro + Garant\u00eda","breadcrumb":{"@id":"https:\/\/compuviper.mx\/tienda\/producto\/pantum-m6559nw6936358035323-multifuncional-m6559nw-ppm-23-laser-monocromatico-usb-wifi-duplex-adf-cama-plana\/#breadcrumb"},"inLanguage":"es-MX","potentialAction":[{"@type":"ReadAction","target":["https:\/\/compuviper.mx\/tienda\/producto\/pantum-m6559nw6936358035323-multifuncional-m6559nw-ppm-23-laser-monocromatico-usb-wifi-duplex-adf-cama-plana\/"]}]},{"@type":"BreadcrumbList","@id":"https:\/\/compuviper.mx\/tienda\/producto\/pantum-m6559nw6936358035323-multifuncional-m6559nw-ppm-23-laser-monocromatico-usb-wifi-duplex-adf-cama-plana\/#breadcrumb","itemListElement":[{"@type":"ListItem","position":1,"name":"Inicio","item":"https:\/\/compuviper.mx\/tienda\/"},{"@type":"ListItem","position":2,"name":"Productos","item":"https:\/\/compuviper.mx\/tienda\/productos\/"},{"@type":"ListItem","position":3,"name":"Multifuncionales","item":"https:\/\/compuviper.mx\/tienda\/categoria-producto\/multifuncionales\/"},{"@type":"ListItem","position":4,"name":"Laser Monocromatica","item":"https:\/\/compuviper.mx\/tienda\/categoria-producto\/multifuncionales\/laser-monocromatica\/"},{"@type":"ListItem","position":5,"name":"Pantum M6559nw,6936358035323 Multifuncional M6559nw, Ppm 23, Laser Monocromatico, Usb, Wifi, Duplex, Adf, Cama Plana"}]},{"@type":"WebSite","@id":"https:\/\/compuviper.mx\/tienda\/#website","url":"https:\/\/compuviper.mx\/tienda\/","name":"Compuviper","description":"Proveedor de Computadoras, Laptops, Servidores, Monitores, Puntos de Venta, Teclados,   Impresoras, T\u00f3ner, C\u00e1maras de Seguridad y m\u00e1s en tu tienda en l\u00ednea","publisher":{"@id":"https:\/\/compuviper.mx\/tienda\/#organization"},"potentialAction":[{"@type":"SearchAction","target":{"@type":"EntryPoint","urlTemplate":"https:\/\/compuviper.mx\/tienda\/?s={search_term_string}"},"query-input":"required name=search_term_string"}],"inLanguage":"es-MX"},{"@type":"Organization","@id":"https:\/\/compuviper.mx\/tienda\/#organization","name":"Compuviper","url":"https:\/\/compuviper.mx\/tienda\/","logo":{"@type":"ImageObject","inLanguage":"es-MX","@id":"https:\/\/compuviper.mx\/tienda\/#\/schema\/logo\/image\/","url":"https:\/\/compuviper.mx\/tienda\/wp-content\/uploads\/2021\/08\/Logo-Compuviper-10.png","contentUrl":"https:\/\/compuviper.mx\/tienda\/wp-content\/uploads\/2021\/08\/Logo-Compuviper-10.png","width":1000,"height":500,"caption":"Compuviper"},"image":{"@id":"https:\/\/compuviper.mx\/tienda\/#\/schema\/logo\/image\/"},"sameAs":["https:\/\/www.facebook.com\/compuviper","https:\/\/www.youtube.com\/channel\/UCf73dERp9Y3cfOq7q8BhLjA?view_as=subscriber"]}]},"product_brand":"Pantum","product_price_amount":"2550","product_price_currency":"MXN","og_availability":"out of stock","product_availability":"out of stock","product_retailer_item_id":"M6559NW,6936358035323","product_condition":"new"},"_links":{"self":[{"href":"https:\/\/compuviper.mx\/tienda\/wp-json\/wp\/v2\/product\/223844"}],"collection":[{"href":"https:\/\/compuviper.mx\/tienda\/wp-json\/wp\/v2\/product"}],"about":[{"href":"https:\/\/compuviper.mx\/tienda\/wp-json\/wp\/v2\/types\/product"}],"replies":[{"embeddable":true,"href":"https:\/\/compuviper.mx\/tienda\/wp-json\/wp\/v2\/comments?post=223844"}],"wp:featuredmedia":[{"embeddable":true,"href":"https:\/\/compuviper.mx\/tienda\/wp-json\/wp\/v2\/media\/223845"}],"wp:attachment":[{"href":"https:\/\/compuviper.mx\/tienda\/wp-json\/wp\/v2\/media?parent=223844"}],"wp:term":[{"taxonomy":"product_cat","embeddable":true,"href":"https:\/\/compuviper.mx\/tienda\/wp-json\/wp\/v2\/product_cat?post=223844"},{"taxonomy":"product_tag","embeddable":true,"href":"https:\/\/compuviper.mx\/tienda\/wp-json\/wp\/v2\/product_tag?post=223844"}],"curies":[{"name":"wp","href":"https:\/\/api.w.org\/{rel}","templated":true}]}}