{"id":223842,"date":"2026-04-10T01:36:49","date_gmt":"2026-04-10T07:36:49","guid":{"rendered":"https:\/\/compuviper.mx\/tienda\/producto\/pantum-p2509w-impresora-ppm-23-negro-laser-monocromatico-usb-wifi\/"},"modified":"2026-04-10T01:36:49","modified_gmt":"2026-04-10T07:36:49","slug":"pantum-p2509w6936358035507-impresora-p2509w-ppm-23-laser-monocromatico-usb-wifi","status":"publish","type":"product","link":"https:\/\/compuviper.mx\/tienda\/producto\/pantum-p2509w6936358035507-impresora-p2509w-ppm-23-laser-monocromatico-usb-wifi\/","title":{"rendered":"Pantum P2509w,6936358035507 Impresora  P2509w, Ppm 23, Laser Monocromatico, Usb, Wifi"},"content":{"rendered":"<table class=\"descripcion\">\n<tr>\n<td>Tecnologia laser monocromatico electrofotografico<\/td>\n<\/tr>\n<tr>\n<td>Velocidad de impresi\u00f3n 22 ppm (a4) \/ 23 ppm (carta)<\/td>\n<\/tr>\n<tr>\n<td>Tiempo de impresi\u00f3n primera pagina menos de 7.8 seg<\/td>\n<\/tr>\n<tr>\n<td>Volumen mensual maximo 15,000 paginas<\/td>\n<\/tr>\n<tr>\n<td>Volumen mensual recomendado 2,000 paginas<\/td>\n<\/tr>\n<tr>\n<td>Resolucion (dpi) maximo 1200 x 1200<\/td>\n<\/tr>\n<tr>\n<td>Lenguaje de impresi\u00f3n gdi<\/td>\n<\/tr>\n<tr>\n<td>Impresi\u00f3n duplex manual<\/td>\n<\/tr>\n<tr>\n<td>Entrada de papel 150 paginas<\/td>\n<\/tr>\n<tr>\n<td>Salida de papel 100 paginas<\/td>\n<\/tr>\n<tr>\n<td>Tipo de papel soportado liso, grueso, transparencia, cartulina, etiqueta y fino<\/td>\n<\/tr>\n<tr>\n<td>Tama\u00f1o de papel soportado a4, a5, a6, jis b5, iso b5, b6, carta, legal, ejecutivo,declaracion postal japonesa, folio, oficio, big 16k, 32k, 16k, big 32k, zl, yougata 4, postal, younaga3, nagagata3, yougata2<\/td>\n<\/tr>\n<tr>\n<td>Peso de papel soportado 60-163 g\/m<\/td>\n<\/tr>\n<tr>\n<td>Dimensiones (w x d x h) 13.27 x 8.66 x 7.01<\/td>\n<\/tr>\n<tr>\n<td>Peso con toner incluido 4.7 kg<\/td>\n<\/tr>\n<tr>\n<td>Ambiente recomendado rango de temperatura  10 &#8211; 32\u00b0 c<\/td>\n<\/tr>\n<tr>\n<td>Potencia rango de humedad 20% &#8211; 80%<\/td>\n<\/tr>\n<tr>\n<td>Ruido 110v model: ac100 -127v (+- 10%); 50 hz: 6a                                                                                                      220v model: ac220 &#8211; 240v (-15%,+10%), 50hz\/60hz: 3a<\/td>\n<\/tr>\n<tr>\n<td>Consumo de potencia impresi\u00f3n: promedio 370w                                                                                                                     en espera: 38w   latente: menos de 2w<\/td>\n<\/tr>\n<tr>\n<td>Compatibilidad de sistema operativo  i os 7.0 y superior \/ android 4.4 y superior<\/td>\n<\/tr>\n<tr>\n<td>Conectividad   usb 2.0 de alta velocidad \/ wifi : ieee 802.11b \/ g \/ n<\/td>\n<\/tr>\n<tr>\n<td>Velocidad del procesador 600 mhz<\/td>\n<\/tr>\n<tr>\n<td>Memoria 128 mb<\/td>\n<\/tr>\n<tr>\n<td>Rendimiento de toner pd-219 ( capacidad estandar de 1,600 paginas)<\/td>\n<\/tr>\n<\/table>\n","protected":false},"excerpt":{"rendered":"<p>Imprima documentos de alta calidad, impresora compacta, facil de usar y transportar. Disfrute de la conectividad, el ahorro de espacio y las caracteristicas economicas de la mini impresora en la que confian smb, usuarios domesticos y profesionales de oficina. * impresion directa e instalacion de wifi en un paso. * dise\u00f1o compacto y elegante. * impresion directa de documentos de office desde dispositivos moviles. * conectividad wifi e impresion por movil. * alta velocidad de impresion<\/p>\n","protected":false},"featured_media":223843,"comment_status":"open","ping_status":"open","template":"","meta":[],"product_cat":[1777,1784],"product_tag":[2177],"acf":[],"yoast_head":"<!-- This site is optimized with the Yoast SEO plugin v21.7 - https:\/\/yoast.com\/wordpress\/plugins\/seo\/ -->\n<title>[ Pantum ] &#129351; P2509w,6936358035507 Impresora P2509w, Ppm 23, Laser Monocromatico, Usb, Wifi<\/title>\n<meta name=\"description\" content=\"Compra P2509w,6936358035507 Impresora P2509w, Ppm 23, Laser Monocromatico, Usb, Wifi + Env\u00edo a domicilio + Pago seguro + Garant\u00eda\" \/>\n<meta name=\"robots\" content=\"index, follow, max-snippet:-1, max-image-preview:large, max-video-preview:-1\" \/>\n<link rel=\"canonical\" href=\"https:\/\/compuviper.mx\/tienda\/producto\/pantum-p2509w6936358035507-impresora-p2509w-ppm-23-laser-monocromatico-usb-wifi\/\" \/>\n<meta property=\"og:locale\" content=\"es_MX\" \/>\n<meta property=\"og:type\" content=\"article\" \/>\n<meta property=\"og:title\" content=\"[ Pantum ] &#129351; P2509w,6936358035507 Impresora P2509w, Ppm 23, Laser Monocromatico, Usb, Wifi\" \/>\n<meta property=\"og:description\" content=\"Compra P2509w,6936358035507 Impresora P2509w, Ppm 23, Laser Monocromatico, Usb, Wifi + Env\u00edo a domicilio + Pago seguro + Garant\u00eda\" \/>\n<meta property=\"og:url\" content=\"https:\/\/compuviper.mx\/tienda\/producto\/pantum-p2509w6936358035507-impresora-p2509w-ppm-23-laser-monocromatico-usb-wifi\/\" \/>\n<meta property=\"og:site_name\" content=\"Compuviper\" \/>\n<meta property=\"article:publisher\" content=\"https:\/\/www.facebook.com\/compuviper\" \/>\n<meta property=\"og:image\" content=\"https:\/\/compuviper.mx\/tienda\/wp-content\/uploads\/2023\/12\/Impresora-pantum-p2509w-ppm-23-negro-laser-monocromatico-usb-wifi.jpg\" \/>\n\t<meta property=\"og:image:width\" content=\"200\" \/>\n\t<meta property=\"og:image:height\" content=\"200\" \/>\n\t<meta property=\"og:image:type\" content=\"image\/jpeg\" \/>\n<meta name=\"twitter:card\" content=\"summary_large_image\" \/>\n<meta name=\"twitter:label1\" content=\"Precio\" \/>\n\t<meta name=\"twitter:data1\" content=\"&#36;1,713 con IVA\" \/>\n\t<meta name=\"twitter:label2\" content=\"Availability\" \/>\n\t<meta name=\"twitter:data2\" content=\"In stock\" \/>\n<script type=\"application\/ld+json\" class=\"yoast-schema-graph\">{\"@context\":\"https:\/\/schema.org\",\"@graph\":[{\"@type\":\"WebPage\",\"@id\":\"https:\/\/compuviper.mx\/tienda\/producto\/pantum-p2509w6936358035507-impresora-p2509w-ppm-23-laser-monocromatico-usb-wifi\/\",\"url\":\"https:\/\/compuviper.mx\/tienda\/producto\/pantum-p2509w6936358035507-impresora-p2509w-ppm-23-laser-monocromatico-usb-wifi\/\",\"name\":\"[ Pantum ] &#129351; P2509w,6936358035507 Impresora P2509w, Ppm 23, Laser Monocromatico, Usb, Wifi\",\"isPartOf\":{\"@id\":\"https:\/\/compuviper.mx\/tienda\/#website\"},\"datePublished\":\"2026-04-10T07:36:49+00:00\",\"dateModified\":\"2026-04-10T07:36:49+00:00\",\"description\":\"Compra P2509w,6936358035507 Impresora P2509w, Ppm 23, Laser Monocromatico, Usb, Wifi + Env\u00edo a domicilio + Pago seguro + Garant\u00eda\",\"breadcrumb\":{\"@id\":\"https:\/\/compuviper.mx\/tienda\/producto\/pantum-p2509w6936358035507-impresora-p2509w-ppm-23-laser-monocromatico-usb-wifi\/#breadcrumb\"},\"inLanguage\":\"es-MX\",\"potentialAction\":[{\"@type\":\"ReadAction\",\"target\":[\"https:\/\/compuviper.mx\/tienda\/producto\/pantum-p2509w6936358035507-impresora-p2509w-ppm-23-laser-monocromatico-usb-wifi\/\"]}]},{\"@type\":\"BreadcrumbList\",\"@id\":\"https:\/\/compuviper.mx\/tienda\/producto\/pantum-p2509w6936358035507-impresora-p2509w-ppm-23-laser-monocromatico-usb-wifi\/#breadcrumb\",\"itemListElement\":[{\"@type\":\"ListItem\",\"position\":1,\"name\":\"Inicio\",\"item\":\"https:\/\/compuviper.mx\/tienda\/\"},{\"@type\":\"ListItem\",\"position\":2,\"name\":\"Productos\",\"item\":\"https:\/\/compuviper.mx\/tienda\/productos\/\"},{\"@type\":\"ListItem\",\"position\":3,\"name\":\"Impresoras\",\"item\":\"https:\/\/compuviper.mx\/tienda\/categoria-producto\/impresoras\/\"},{\"@type\":\"ListItem\",\"position\":4,\"name\":\"Laser Monocromatica\",\"item\":\"https:\/\/compuviper.mx\/tienda\/categoria-producto\/impresoras\/laser-monocromatica-impresoras\/\"},{\"@type\":\"ListItem\",\"position\":5,\"name\":\"Pantum P2509w,6936358035507 Impresora P2509w, Ppm 23, Laser Monocromatico, Usb, Wifi\"}]},{\"@type\":\"WebSite\",\"@id\":\"https:\/\/compuviper.mx\/tienda\/#website\",\"url\":\"https:\/\/compuviper.mx\/tienda\/\",\"name\":\"Compuviper\",\"description\":\"Proveedor de Computadoras, Laptops, Servidores, Monitores, Puntos de Venta, Teclados,   Impresoras, T\u00f3ner, C\u00e1maras de Seguridad y m\u00e1s en tu tienda en l\u00ednea\",\"publisher\":{\"@id\":\"https:\/\/compuviper.mx\/tienda\/#organization\"},\"potentialAction\":[{\"@type\":\"SearchAction\",\"target\":{\"@type\":\"EntryPoint\",\"urlTemplate\":\"https:\/\/compuviper.mx\/tienda\/?s={search_term_string}\"},\"query-input\":\"required name=search_term_string\"}],\"inLanguage\":\"es-MX\"},{\"@type\":\"Organization\",\"@id\":\"https:\/\/compuviper.mx\/tienda\/#organization\",\"name\":\"Compuviper\",\"url\":\"https:\/\/compuviper.mx\/tienda\/\",\"logo\":{\"@type\":\"ImageObject\",\"inLanguage\":\"es-MX\",\"@id\":\"https:\/\/compuviper.mx\/tienda\/#\/schema\/logo\/image\/\",\"url\":\"https:\/\/compuviper.mx\/tienda\/wp-content\/uploads\/2021\/08\/Logo-Compuviper-10.png\",\"contentUrl\":\"https:\/\/compuviper.mx\/tienda\/wp-content\/uploads\/2021\/08\/Logo-Compuviper-10.png\",\"width\":1000,\"height\":500,\"caption\":\"Compuviper\"},\"image\":{\"@id\":\"https:\/\/compuviper.mx\/tienda\/#\/schema\/logo\/image\/\"},\"sameAs\":[\"https:\/\/www.facebook.com\/compuviper\",\"https:\/\/www.youtube.com\/channel\/UCf73dERp9Y3cfOq7q8BhLjA?view_as=subscriber\"]}]}<\/script>\n<meta property=\"product:brand\" content=\"Pantum\" \/>\n<meta property=\"product:price:amount\" content=\"1713\" \/>\n<meta property=\"product:price:currency\" content=\"MXN\" \/>\n<meta property=\"og:availability\" content=\"instock\" \/>\n<meta property=\"product:availability\" content=\"instock\" \/>\n<meta property=\"product:retailer_item_id\" content=\"P2509W,6936358035507\" \/>\n<meta property=\"product:condition\" content=\"new\" \/>\n<!-- \/ Yoast SEO plugin. -->","yoast_head_json":{"title":"[ Pantum ] &#129351; P2509w,6936358035507 Impresora P2509w, Ppm 23, Laser Monocromatico, Usb, Wifi","description":"Compra P2509w,6936358035507 Impresora P2509w, Ppm 23, Laser Monocromatico, Usb, Wifi + Env\u00edo a domicilio + Pago seguro + Garant\u00eda","robots":{"index":"index","follow":"follow","max-snippet":"max-snippet:-1","max-image-preview":"max-image-preview:large","max-video-preview":"max-video-preview:-1"},"canonical":"https:\/\/compuviper.mx\/tienda\/producto\/pantum-p2509w6936358035507-impresora-p2509w-ppm-23-laser-monocromatico-usb-wifi\/","og_locale":"es_MX","og_type":"article","og_title":"[ Pantum ] &#129351; P2509w,6936358035507 Impresora P2509w, Ppm 23, Laser Monocromatico, Usb, Wifi","og_description":"Compra P2509w,6936358035507 Impresora P2509w, Ppm 23, Laser Monocromatico, Usb, Wifi + Env\u00edo a domicilio + Pago seguro + Garant\u00eda","og_url":"https:\/\/compuviper.mx\/tienda\/producto\/pantum-p2509w6936358035507-impresora-p2509w-ppm-23-laser-monocromatico-usb-wifi\/","og_site_name":"Compuviper","article_publisher":"https:\/\/www.facebook.com\/compuviper","og_image":[{"width":200,"height":200,"url":"https:\/\/compuviper.mx\/tienda\/wp-content\/uploads\/2023\/12\/Impresora-pantum-p2509w-ppm-23-negro-laser-monocromatico-usb-wifi.jpg","type":"image\/jpeg"}],"twitter_card":"summary_large_image","twitter_misc":{"Precio":"&#36;1,713 con IVA","Availability":"In stock"},"schema":{"@context":"https:\/\/schema.org","@graph":[{"@type":"WebPage","@id":"https:\/\/compuviper.mx\/tienda\/producto\/pantum-p2509w6936358035507-impresora-p2509w-ppm-23-laser-monocromatico-usb-wifi\/","url":"https:\/\/compuviper.mx\/tienda\/producto\/pantum-p2509w6936358035507-impresora-p2509w-ppm-23-laser-monocromatico-usb-wifi\/","name":"[ Pantum ] &#129351; P2509w,6936358035507 Impresora P2509w, Ppm 23, Laser Monocromatico, Usb, Wifi","isPartOf":{"@id":"https:\/\/compuviper.mx\/tienda\/#website"},"datePublished":"2026-04-10T07:36:49+00:00","dateModified":"2026-04-10T07:36:49+00:00","description":"Compra P2509w,6936358035507 Impresora P2509w, Ppm 23, Laser Monocromatico, Usb, Wifi + Env\u00edo a domicilio + Pago seguro + Garant\u00eda","breadcrumb":{"@id":"https:\/\/compuviper.mx\/tienda\/producto\/pantum-p2509w6936358035507-impresora-p2509w-ppm-23-laser-monocromatico-usb-wifi\/#breadcrumb"},"inLanguage":"es-MX","potentialAction":[{"@type":"ReadAction","target":["https:\/\/compuviper.mx\/tienda\/producto\/pantum-p2509w6936358035507-impresora-p2509w-ppm-23-laser-monocromatico-usb-wifi\/"]}]},{"@type":"BreadcrumbList","@id":"https:\/\/compuviper.mx\/tienda\/producto\/pantum-p2509w6936358035507-impresora-p2509w-ppm-23-laser-monocromatico-usb-wifi\/#breadcrumb","itemListElement":[{"@type":"ListItem","position":1,"name":"Inicio","item":"https:\/\/compuviper.mx\/tienda\/"},{"@type":"ListItem","position":2,"name":"Productos","item":"https:\/\/compuviper.mx\/tienda\/productos\/"},{"@type":"ListItem","position":3,"name":"Impresoras","item":"https:\/\/compuviper.mx\/tienda\/categoria-producto\/impresoras\/"},{"@type":"ListItem","position":4,"name":"Laser Monocromatica","item":"https:\/\/compuviper.mx\/tienda\/categoria-producto\/impresoras\/laser-monocromatica-impresoras\/"},{"@type":"ListItem","position":5,"name":"Pantum P2509w,6936358035507 Impresora P2509w, Ppm 23, Laser Monocromatico, Usb, Wifi"}]},{"@type":"WebSite","@id":"https:\/\/compuviper.mx\/tienda\/#website","url":"https:\/\/compuviper.mx\/tienda\/","name":"Compuviper","description":"Proveedor de Computadoras, Laptops, Servidores, Monitores, Puntos de Venta, Teclados,   Impresoras, T\u00f3ner, C\u00e1maras de Seguridad y m\u00e1s en tu tienda en l\u00ednea","publisher":{"@id":"https:\/\/compuviper.mx\/tienda\/#organization"},"potentialAction":[{"@type":"SearchAction","target":{"@type":"EntryPoint","urlTemplate":"https:\/\/compuviper.mx\/tienda\/?s={search_term_string}"},"query-input":"required name=search_term_string"}],"inLanguage":"es-MX"},{"@type":"Organization","@id":"https:\/\/compuviper.mx\/tienda\/#organization","name":"Compuviper","url":"https:\/\/compuviper.mx\/tienda\/","logo":{"@type":"ImageObject","inLanguage":"es-MX","@id":"https:\/\/compuviper.mx\/tienda\/#\/schema\/logo\/image\/","url":"https:\/\/compuviper.mx\/tienda\/wp-content\/uploads\/2021\/08\/Logo-Compuviper-10.png","contentUrl":"https:\/\/compuviper.mx\/tienda\/wp-content\/uploads\/2021\/08\/Logo-Compuviper-10.png","width":1000,"height":500,"caption":"Compuviper"},"image":{"@id":"https:\/\/compuviper.mx\/tienda\/#\/schema\/logo\/image\/"},"sameAs":["https:\/\/www.facebook.com\/compuviper","https:\/\/www.youtube.com\/channel\/UCf73dERp9Y3cfOq7q8BhLjA?view_as=subscriber"]}]},"product_brand":"Pantum","product_price_amount":"1713","product_price_currency":"MXN","og_availability":"instock","product_availability":"instock","product_retailer_item_id":"P2509W,6936358035507","product_condition":"new"},"_links":{"self":[{"href":"https:\/\/compuviper.mx\/tienda\/wp-json\/wp\/v2\/product\/223842"}],"collection":[{"href":"https:\/\/compuviper.mx\/tienda\/wp-json\/wp\/v2\/product"}],"about":[{"href":"https:\/\/compuviper.mx\/tienda\/wp-json\/wp\/v2\/types\/product"}],"replies":[{"embeddable":true,"href":"https:\/\/compuviper.mx\/tienda\/wp-json\/wp\/v2\/comments?post=223842"}],"wp:featuredmedia":[{"embeddable":true,"href":"https:\/\/compuviper.mx\/tienda\/wp-json\/wp\/v2\/media\/223843"}],"wp:attachment":[{"href":"https:\/\/compuviper.mx\/tienda\/wp-json\/wp\/v2\/media?parent=223842"}],"wp:term":[{"taxonomy":"product_cat","embeddable":true,"href":"https:\/\/compuviper.mx\/tienda\/wp-json\/wp\/v2\/product_cat?post=223842"},{"taxonomy":"product_tag","embeddable":true,"href":"https:\/\/compuviper.mx\/tienda\/wp-json\/wp\/v2\/product_tag?post=223842"}],"curies":[{"name":"wp","href":"https:\/\/api.w.org\/{rel}","templated":true}]}}