{"id":223830,"date":"2026-04-02T01:43:23","date_gmt":"2026-04-02T07:43:23","guid":{"rendered":"https:\/\/compuviper.mx\/tienda\/producto\/3nstar-rpi007-miniprinter-negro-matriz-9-pines-usb-76-mm-45-lineas-seg\/"},"modified":"2026-04-02T01:43:23","modified_gmt":"2026-04-02T07:43:23","slug":"3nstar-rpi007-miniprinter-negro-matriz-9-pines-usb-76-mm-45-lineas-seg","status":"publish","type":"product","link":"https:\/\/compuviper.mx\/tienda\/producto\/3nstar-rpi007-miniprinter-negro-matriz-9-pines-usb-76-mm-45-lineas-seg\/","title":{"rendered":"3nstar Rpi007 Miniprinter  , Negro, Matriz, 9 Pines, Usb, 76 Mm, 4,5 Lineas\/seg"},"content":{"rendered":"<table class=\"descripcion\">\n<tr>\n<td>Dimensiones de la impresora 230 mm l  150 mm w  138 mm h<\/td>\n<\/tr>\n<tr>\n<td>Peso neto 1.46kg<\/td>\n<\/tr>\n<tr>\n<td>Impresion<\/td>\n<\/tr>\n<tr>\n<td>Metodo de impresion matriz de puntos de impacto de 9 pines<\/td>\n<\/tr>\n<tr>\n<td>Velocidad de impresion 4,5 lineas por segundo<\/td>\n<\/tr>\n<tr>\n<td>Resolucion 84 ppp<\/td>\n<\/tr>\n<tr>\n<td>Ancho maximo de impresion 63,5 mm<\/td>\n<\/tr>\n<tr>\n<td>Especificaciones del papel<\/td>\n<\/tr>\n<tr>\n<td>Tipo de soporte papel<\/td>\n<\/tr>\n<tr>\n<td>Ancho del papel 75,5\u00b1 0,5 mm<\/td>\n<\/tr>\n<tr>\n<td>Grosor del papel 0,06 mm-0,085 mm<\/td>\n<\/tr>\n<tr>\n<td>Diametro del rollo de papel 80 mm max.<\/td>\n<\/tr>\n<tr>\n<td>Metodo de suministro de papel alimentacion por friccion<\/td>\n<\/tr>\n<tr>\n<td>Caracteristicas<\/td>\n<\/tr>\n<tr>\n<td>Sensor sensor de fin de papel, sensor de marca negra, sensor de cubierta abierta<\/td>\n<\/tr>\n<tr>\n<td>Cajon puerto 1 puerto &#8211; dc 24v<\/td>\n<\/tr>\n<tr>\n<td>Memoria nv flash 64k, bufer de entrada 32k<\/td>\n<\/tr>\n<tr>\n<td>Mecanismo print life 10 millones de lineas<\/td>\n<\/tr>\n<tr>\n<td>Interfaz rpi007: usb<\/td>\n<\/tr>\n<tr>\n<td>Rpi007e: usb, ethernet<\/td>\n<\/tr>\n<tr>\n<td>Software<\/td>\n<\/tr>\n<tr>\n<td>Emulacion esc\/pos<\/td>\n<\/tr>\n<tr>\n<td>Controlador windows, linux, macos<\/td>\n<\/tr>\n<tr>\n<td>Ventanas de utilidad<\/td>\n<\/tr>\n<tr>\n<td>Sdk windows, android<\/td>\n<\/tr>\n<tr>\n<td>Electrico<\/td>\n<\/tr>\n<tr>\n<td>Entrada de fuente de alimentacion ca 110 v\/240 v, 50 ~ 60 hz adaptador<\/td>\n<\/tr>\n<tr>\n<td>Salida de fuente de alimentacion dc 24v\/2.5a<\/td>\n<\/tr>\n<tr>\n<td>Ambiental<\/td>\n<\/tr>\n<tr>\n<td>Temperatura de funcionamiento 0\u00b0c a 45\u00b0c<\/td>\n<\/tr>\n<tr>\n<td>Humedad de funcionamiento 10~80<\/td>\n<\/tr>\n<tr>\n<td>Temperatura de almacenamiento -10\u00b0 a 60\u00b0c<\/td>\n<\/tr>\n<tr>\n<td>Humedad de almacenamiento 10~90<\/td>\n<\/tr>\n<tr>\n<td>Embalaje<\/td>\n<\/tr>\n<tr>\n<td>En la caja impresora, adaptador, cable de alimentacion, cable usb, rollo de papel, cinta<\/td>\n<\/tr>\n<tr>\n<td>Dimensiones de la caja 295 mm largo x 220 mm ancho x 185 mm alto<\/td>\n<\/tr>\n<tr>\n<td>Peso bruto 2,1 kg<\/td>\n<\/tr>\n<tr>\n<td>1 ao de garantia<\/td>\n<\/tr>\n<\/table>\n","protected":false},"excerpt":{"rendered":"<p>Dimensiones de la impresora 230 mm l  150 mm w  138 mm h. Peso neto 1.46kg. Impresion. Metodo de impresion matriz de puntos de impacto de 9 pines. Velocidad de impresion 4,5 lineas por segundo. Resolucion 84 ppp. Ancho maximo de impresion 63,5 mm. Especificaciones del papel. Tipo de soporte papel. Ancho del papel 75,5\u00b1 0,5 mm. Grosor del papel 0,06 mm-0,085 mm. Diametro del rollo de papel 80 mm max. Metodo de suministro de papel alimentacion por friccion. Caracteristicas. Sensor sensor de fin de papel, sensor de marca negra, sensor de cubierta abierta. Cajon puerto 1 puerto &#8211; dc 24v. Memoria nv flash 64k, bufer de entrada 32k. Mecanismo print life 10 millones de lineas. Interfaz rpi007: usb. Rpi007e: usb, ethernet. Software. Emulacion esc\/pos. Controlador windows, linux, macos. Ventanas de utilidad. Sdk windows, android. Electrico. Entrada de fuente de alimentacion ca 110 v\/240 v, 50 ~ 60 hz adaptador. Salida de fuente de alimentacion dc 24v\/2.5a. Ambiental. Temperatura de funcionamiento 0\u00b0c a 45\u00b0c. Humedad de funcionamiento 10~80. Temperatura de almacenamiento -10\u00b0 a 60\u00b0c. Humedad de almacenamiento 10~90. Embalaje. En la caja impresora, adaptador, cable de alimentacion, cable usb, rollo de papel, cinta. Dimensiones de la caja 295 mm largo x 220 mm ancho x 185 mm alto. Peso bruto 2,1 kg. 1 ao de garantia<\/p>\n","protected":false},"featured_media":223831,"comment_status":"open","ping_status":"open","template":"","meta":[],"product_cat":[1777,1779],"product_tag":[1570],"acf":[],"yoast_head":"<!-- This site is optimized with the Yoast SEO plugin v21.7 - https:\/\/yoast.com\/wordpress\/plugins\/seo\/ -->\n<title>[ 3nstar ] &#129351; Rpi007 Miniprinter , Negro, Matriz, 9 Pines, Usb, 76 Mm, 4,5 Lineas\/seg<\/title>\n<meta name=\"description\" content=\"Compra Rpi007 Miniprinter , Negro, Matriz, 9 Pines, Usb, 76 Mm, 4,5 Lineas\/seg + Env\u00edo a domicilio + Pago seguro + Garant\u00eda\" \/>\n<meta name=\"robots\" content=\"index, follow, max-snippet:-1, max-image-preview:large, max-video-preview:-1\" \/>\n<link rel=\"canonical\" href=\"https:\/\/compuviper.mx\/tienda\/producto\/3nstar-rpi007-miniprinter-negro-matriz-9-pines-usb-76-mm-45-lineas-seg\/\" \/>\n<meta property=\"og:locale\" content=\"es_MX\" \/>\n<meta property=\"og:type\" content=\"article\" \/>\n<meta property=\"og:title\" content=\"[ 3nstar ] &#129351; Rpi007 Miniprinter , Negro, Matriz, 9 Pines, Usb, 76 Mm, 4,5 Lineas\/seg\" \/>\n<meta property=\"og:description\" content=\"Compra Rpi007 Miniprinter , Negro, Matriz, 9 Pines, Usb, 76 Mm, 4,5 Lineas\/seg + Env\u00edo a domicilio + Pago seguro + Garant\u00eda\" \/>\n<meta property=\"og:url\" content=\"https:\/\/compuviper.mx\/tienda\/producto\/3nstar-rpi007-miniprinter-negro-matriz-9-pines-usb-76-mm-45-lineas-seg\/\" \/>\n<meta property=\"og:site_name\" content=\"Compuviper\" \/>\n<meta property=\"article:publisher\" content=\"https:\/\/www.facebook.com\/compuviper\" \/>\n<meta property=\"og:image\" content=\"https:\/\/compuviper.mx\/tienda\/wp-content\/uploads\/2023\/12\/Miniprinter-3nstar-rpi007-negro-matriz-9-pines-usb-76-mm-45-lineasseg.jpg\" \/>\n\t<meta property=\"og:image:width\" content=\"200\" \/>\n\t<meta property=\"og:image:height\" content=\"200\" \/>\n\t<meta property=\"og:image:type\" content=\"image\/jpeg\" \/>\n<meta name=\"twitter:card\" content=\"summary_large_image\" \/>\n<meta name=\"twitter:label1\" content=\"Precio\" \/>\n\t<meta name=\"twitter:data1\" content=\"&#36;2,328 con IVA\" \/>\n\t<meta name=\"twitter:label2\" content=\"Availability\" \/>\n\t<meta name=\"twitter:data2\" content=\"Out of stock\" \/>\n<script type=\"application\/ld+json\" class=\"yoast-schema-graph\">{\"@context\":\"https:\/\/schema.org\",\"@graph\":[{\"@type\":\"WebPage\",\"@id\":\"https:\/\/compuviper.mx\/tienda\/producto\/3nstar-rpi007-miniprinter-negro-matriz-9-pines-usb-76-mm-45-lineas-seg\/\",\"url\":\"https:\/\/compuviper.mx\/tienda\/producto\/3nstar-rpi007-miniprinter-negro-matriz-9-pines-usb-76-mm-45-lineas-seg\/\",\"name\":\"[ 3nstar ] &#129351; Rpi007 Miniprinter , Negro, Matriz, 9 Pines, Usb, 76 Mm, 4,5 Lineas\/seg\",\"isPartOf\":{\"@id\":\"https:\/\/compuviper.mx\/tienda\/#website\"},\"datePublished\":\"2026-04-02T07:43:23+00:00\",\"dateModified\":\"2026-04-02T07:43:23+00:00\",\"description\":\"Compra Rpi007 Miniprinter , Negro, Matriz, 9 Pines, Usb, 76 Mm, 4,5 Lineas\/seg + Env\u00edo a domicilio + Pago seguro + Garant\u00eda\",\"breadcrumb\":{\"@id\":\"https:\/\/compuviper.mx\/tienda\/producto\/3nstar-rpi007-miniprinter-negro-matriz-9-pines-usb-76-mm-45-lineas-seg\/#breadcrumb\"},\"inLanguage\":\"es-MX\",\"potentialAction\":[{\"@type\":\"ReadAction\",\"target\":[\"https:\/\/compuviper.mx\/tienda\/producto\/3nstar-rpi007-miniprinter-negro-matriz-9-pines-usb-76-mm-45-lineas-seg\/\"]}]},{\"@type\":\"BreadcrumbList\",\"@id\":\"https:\/\/compuviper.mx\/tienda\/producto\/3nstar-rpi007-miniprinter-negro-matriz-9-pines-usb-76-mm-45-lineas-seg\/#breadcrumb\",\"itemListElement\":[{\"@type\":\"ListItem\",\"position\":1,\"name\":\"Inicio\",\"item\":\"https:\/\/compuviper.mx\/tienda\/\"},{\"@type\":\"ListItem\",\"position\":2,\"name\":\"Productos\",\"item\":\"https:\/\/compuviper.mx\/tienda\/productos\/\"},{\"@type\":\"ListItem\",\"position\":3,\"name\":\"Impresoras\",\"item\":\"https:\/\/compuviper.mx\/tienda\/categoria-producto\/impresoras\/\"},{\"@type\":\"ListItem\",\"position\":4,\"name\":\"Matriz De Punto\",\"item\":\"https:\/\/compuviper.mx\/tienda\/categoria-producto\/impresoras\/matriz-de-punto\/\"},{\"@type\":\"ListItem\",\"position\":5,\"name\":\"3nstar Rpi007 Miniprinter , Negro, Matriz, 9 Pines, Usb, 76 Mm, 4,5 Lineas\/seg\"}]},{\"@type\":\"WebSite\",\"@id\":\"https:\/\/compuviper.mx\/tienda\/#website\",\"url\":\"https:\/\/compuviper.mx\/tienda\/\",\"name\":\"Compuviper\",\"description\":\"Proveedor de Computadoras, Laptops, Servidores, Monitores, Puntos de Venta, Teclados,   Impresoras, T\u00f3ner, C\u00e1maras de Seguridad y m\u00e1s en tu tienda en l\u00ednea\",\"publisher\":{\"@id\":\"https:\/\/compuviper.mx\/tienda\/#organization\"},\"potentialAction\":[{\"@type\":\"SearchAction\",\"target\":{\"@type\":\"EntryPoint\",\"urlTemplate\":\"https:\/\/compuviper.mx\/tienda\/?s={search_term_string}\"},\"query-input\":\"required name=search_term_string\"}],\"inLanguage\":\"es-MX\"},{\"@type\":\"Organization\",\"@id\":\"https:\/\/compuviper.mx\/tienda\/#organization\",\"name\":\"Compuviper\",\"url\":\"https:\/\/compuviper.mx\/tienda\/\",\"logo\":{\"@type\":\"ImageObject\",\"inLanguage\":\"es-MX\",\"@id\":\"https:\/\/compuviper.mx\/tienda\/#\/schema\/logo\/image\/\",\"url\":\"https:\/\/compuviper.mx\/tienda\/wp-content\/uploads\/2021\/08\/Logo-Compuviper-10.png\",\"contentUrl\":\"https:\/\/compuviper.mx\/tienda\/wp-content\/uploads\/2021\/08\/Logo-Compuviper-10.png\",\"width\":1000,\"height\":500,\"caption\":\"Compuviper\"},\"image\":{\"@id\":\"https:\/\/compuviper.mx\/tienda\/#\/schema\/logo\/image\/\"},\"sameAs\":[\"https:\/\/www.facebook.com\/compuviper\",\"https:\/\/www.youtube.com\/channel\/UCf73dERp9Y3cfOq7q8BhLjA?view_as=subscriber\"]}]}<\/script>\n<meta property=\"product:brand\" content=\"3NSTAR\" \/>\n<meta property=\"product:price:amount\" content=\"2328\" \/>\n<meta property=\"product:price:currency\" content=\"MXN\" \/>\n<meta property=\"og:availability\" content=\"out of stock\" \/>\n<meta property=\"product:availability\" content=\"out of stock\" \/>\n<meta property=\"product:retailer_item_id\" content=\"RPI007\" \/>\n<meta property=\"product:condition\" content=\"new\" \/>\n<!-- \/ Yoast SEO plugin. -->","yoast_head_json":{"title":"[ 3nstar ] &#129351; Rpi007 Miniprinter , Negro, Matriz, 9 Pines, Usb, 76 Mm, 4,5 Lineas\/seg","description":"Compra Rpi007 Miniprinter , Negro, Matriz, 9 Pines, Usb, 76 Mm, 4,5 Lineas\/seg + Env\u00edo a domicilio + Pago seguro + Garant\u00eda","robots":{"index":"index","follow":"follow","max-snippet":"max-snippet:-1","max-image-preview":"max-image-preview:large","max-video-preview":"max-video-preview:-1"},"canonical":"https:\/\/compuviper.mx\/tienda\/producto\/3nstar-rpi007-miniprinter-negro-matriz-9-pines-usb-76-mm-45-lineas-seg\/","og_locale":"es_MX","og_type":"article","og_title":"[ 3nstar ] &#129351; Rpi007 Miniprinter , Negro, Matriz, 9 Pines, Usb, 76 Mm, 4,5 Lineas\/seg","og_description":"Compra Rpi007 Miniprinter , Negro, Matriz, 9 Pines, Usb, 76 Mm, 4,5 Lineas\/seg + Env\u00edo a domicilio + Pago seguro + Garant\u00eda","og_url":"https:\/\/compuviper.mx\/tienda\/producto\/3nstar-rpi007-miniprinter-negro-matriz-9-pines-usb-76-mm-45-lineas-seg\/","og_site_name":"Compuviper","article_publisher":"https:\/\/www.facebook.com\/compuviper","og_image":[{"width":200,"height":200,"url":"https:\/\/compuviper.mx\/tienda\/wp-content\/uploads\/2023\/12\/Miniprinter-3nstar-rpi007-negro-matriz-9-pines-usb-76-mm-45-lineasseg.jpg","type":"image\/jpeg"}],"twitter_card":"summary_large_image","twitter_misc":{"Precio":"&#36;2,328 con IVA","Availability":"Out of stock"},"schema":{"@context":"https:\/\/schema.org","@graph":[{"@type":"WebPage","@id":"https:\/\/compuviper.mx\/tienda\/producto\/3nstar-rpi007-miniprinter-negro-matriz-9-pines-usb-76-mm-45-lineas-seg\/","url":"https:\/\/compuviper.mx\/tienda\/producto\/3nstar-rpi007-miniprinter-negro-matriz-9-pines-usb-76-mm-45-lineas-seg\/","name":"[ 3nstar ] &#129351; Rpi007 Miniprinter , Negro, Matriz, 9 Pines, Usb, 76 Mm, 4,5 Lineas\/seg","isPartOf":{"@id":"https:\/\/compuviper.mx\/tienda\/#website"},"datePublished":"2026-04-02T07:43:23+00:00","dateModified":"2026-04-02T07:43:23+00:00","description":"Compra Rpi007 Miniprinter , Negro, Matriz, 9 Pines, Usb, 76 Mm, 4,5 Lineas\/seg + Env\u00edo a domicilio + Pago seguro + Garant\u00eda","breadcrumb":{"@id":"https:\/\/compuviper.mx\/tienda\/producto\/3nstar-rpi007-miniprinter-negro-matriz-9-pines-usb-76-mm-45-lineas-seg\/#breadcrumb"},"inLanguage":"es-MX","potentialAction":[{"@type":"ReadAction","target":["https:\/\/compuviper.mx\/tienda\/producto\/3nstar-rpi007-miniprinter-negro-matriz-9-pines-usb-76-mm-45-lineas-seg\/"]}]},{"@type":"BreadcrumbList","@id":"https:\/\/compuviper.mx\/tienda\/producto\/3nstar-rpi007-miniprinter-negro-matriz-9-pines-usb-76-mm-45-lineas-seg\/#breadcrumb","itemListElement":[{"@type":"ListItem","position":1,"name":"Inicio","item":"https:\/\/compuviper.mx\/tienda\/"},{"@type":"ListItem","position":2,"name":"Productos","item":"https:\/\/compuviper.mx\/tienda\/productos\/"},{"@type":"ListItem","position":3,"name":"Impresoras","item":"https:\/\/compuviper.mx\/tienda\/categoria-producto\/impresoras\/"},{"@type":"ListItem","position":4,"name":"Matriz De Punto","item":"https:\/\/compuviper.mx\/tienda\/categoria-producto\/impresoras\/matriz-de-punto\/"},{"@type":"ListItem","position":5,"name":"3nstar Rpi007 Miniprinter , Negro, Matriz, 9 Pines, Usb, 76 Mm, 4,5 Lineas\/seg"}]},{"@type":"WebSite","@id":"https:\/\/compuviper.mx\/tienda\/#website","url":"https:\/\/compuviper.mx\/tienda\/","name":"Compuviper","description":"Proveedor de Computadoras, Laptops, Servidores, Monitores, Puntos de Venta, Teclados,   Impresoras, T\u00f3ner, C\u00e1maras de Seguridad y m\u00e1s en tu tienda en l\u00ednea","publisher":{"@id":"https:\/\/compuviper.mx\/tienda\/#organization"},"potentialAction":[{"@type":"SearchAction","target":{"@type":"EntryPoint","urlTemplate":"https:\/\/compuviper.mx\/tienda\/?s={search_term_string}"},"query-input":"required name=search_term_string"}],"inLanguage":"es-MX"},{"@type":"Organization","@id":"https:\/\/compuviper.mx\/tienda\/#organization","name":"Compuviper","url":"https:\/\/compuviper.mx\/tienda\/","logo":{"@type":"ImageObject","inLanguage":"es-MX","@id":"https:\/\/compuviper.mx\/tienda\/#\/schema\/logo\/image\/","url":"https:\/\/compuviper.mx\/tienda\/wp-content\/uploads\/2021\/08\/Logo-Compuviper-10.png","contentUrl":"https:\/\/compuviper.mx\/tienda\/wp-content\/uploads\/2021\/08\/Logo-Compuviper-10.png","width":1000,"height":500,"caption":"Compuviper"},"image":{"@id":"https:\/\/compuviper.mx\/tienda\/#\/schema\/logo\/image\/"},"sameAs":["https:\/\/www.facebook.com\/compuviper","https:\/\/www.youtube.com\/channel\/UCf73dERp9Y3cfOq7q8BhLjA?view_as=subscriber"]}]},"product_brand":"3NSTAR","product_price_amount":"2328","product_price_currency":"MXN","og_availability":"out of stock","product_availability":"out of stock","product_retailer_item_id":"RPI007","product_condition":"new"},"_links":{"self":[{"href":"https:\/\/compuviper.mx\/tienda\/wp-json\/wp\/v2\/product\/223830"}],"collection":[{"href":"https:\/\/compuviper.mx\/tienda\/wp-json\/wp\/v2\/product"}],"about":[{"href":"https:\/\/compuviper.mx\/tienda\/wp-json\/wp\/v2\/types\/product"}],"replies":[{"embeddable":true,"href":"https:\/\/compuviper.mx\/tienda\/wp-json\/wp\/v2\/comments?post=223830"}],"wp:featuredmedia":[{"embeddable":true,"href":"https:\/\/compuviper.mx\/tienda\/wp-json\/wp\/v2\/media\/223831"}],"wp:attachment":[{"href":"https:\/\/compuviper.mx\/tienda\/wp-json\/wp\/v2\/media?parent=223830"}],"wp:term":[{"taxonomy":"product_cat","embeddable":true,"href":"https:\/\/compuviper.mx\/tienda\/wp-json\/wp\/v2\/product_cat?post=223830"},{"taxonomy":"product_tag","embeddable":true,"href":"https:\/\/compuviper.mx\/tienda\/wp-json\/wp\/v2\/product_tag?post=223830"}],"curies":[{"name":"wp","href":"https:\/\/api.w.org\/{rel}","templated":true}]}}