{"id":223784,"date":"2026-04-02T01:43:22","date_gmt":"2026-04-02T07:43:22","guid":{"rendered":"https:\/\/compuviper.mx\/tienda\/producto\/tech-zone-tzbe102-miniprinter-techzone-termica-80-mmvel-250-mm-s-203-dpi-usb-serial-rj45-rj11-corte-automatico-1-ao-de-garantia\/"},"modified":"2026-04-02T01:43:22","modified_gmt":"2026-04-02T07:43:22","slug":"tech-zone-pos-tzbe102-miniprinter-techzone-termica-80-mmvel-250-mm-s-203-dpi-usb-serial-rj45-rj11-corte-automatico-1-ao-de-garantia","status":"publish","type":"product","link":"https:\/\/compuviper.mx\/tienda\/producto\/tech-zone-pos-tzbe102-miniprinter-techzone-termica-80-mmvel-250-mm-s-203-dpi-usb-serial-rj45-rj11-corte-automatico-1-ao-de-garantia\/","title":{"rendered":"Tech Zone Pos Tzbe102 Miniprinter Techzone , Termica, 80 Mm,vel 250 Mm\/s, 203 Dpi, Usb, Serial, Rj45, Rj11, Corte Automatico, 1 A?o De Garantia"},"content":{"rendered":"<table class=\"descripcion\">\n<tr>\n<td>Modelo: tzbe102<\/td>\n<\/tr>\n<tr>\n<td>Velocida: 250 mm\/s<\/td>\n<\/tr>\n<tr>\n<td>Resolucion de la impresion: 203 dpi<\/td>\n<\/tr>\n<tr>\n<td>Tama\u00f1o: 80 mm<\/td>\n<\/tr>\n<tr>\n<td>Vida util: 50 km<\/td>\n<\/tr>\n<tr>\n<td>Cortador: automatico<\/td>\n<\/tr>\n<tr>\n<td>Rendimiento del cortador: 1.5 millones de cortes<\/td>\n<\/tr>\n<tr>\n<td>Consumible: papel termico<\/td>\n<\/tr>\n<tr>\n<td>Compatible:  windows  and  linux<\/td>\n<\/tr>\n<tr>\n<td>Comandos upc-a, upc-e, ean-13, ean-8,<\/td>\n<\/tr>\n<tr>\n<td>Code39, i25, codebar, code93, code128, code11, msi, qr<\/td>\n<\/tr>\n<tr>\n<td>Energ\u00eda entrada: ca 110 &#8211; 120v \/<\/td>\n<\/tr>\n<tr>\n<td>Salida: dc 24v \/ 2.5a<\/td>\n<\/tr>\n<tr>\n<td>Dimensiones 190x140x131 mm<\/td>\n<\/tr>\n<tr>\n<td>(largo x ancho x alto)<\/td>\n<\/tr>\n<tr>\n<td>Peso 1.04 kg<\/td>\n<\/tr>\n<\/table>\n","protected":false},"excerpt":{"rendered":"<p>Ideal para digitalizar tu negocio, con la tzbe102 realizaras tus operaciones de forma segura y confiable a gran velocidad gracias a sus multiples interfaces, es perfecta para negocios minoristas y de hospitalidad.<\/p>\n","protected":false},"featured_media":223785,"comment_status":"open","ping_status":"open","template":"","meta":[],"product_cat":[1777,1778],"product_tag":[2234],"acf":[],"yoast_head":"<!-- This site is optimized with the Yoast SEO plugin v21.7 - https:\/\/yoast.com\/wordpress\/plugins\/seo\/ -->\n<title>[ Tech Zone Pos ] &#129351; Tzbe102 Miniprinter Techzone , Termica, 80 Mm,vel 250 Mm\/s, 203 Dpi, Usb, Serial, Rj45, Rj11, Corte Automatico, 1 A\u00f1o De Garantia<\/title>\n<meta name=\"description\" content=\"Compra Tzbe102 Miniprinter Techzone , Termica, 80 Mm,vel 250 Mm\/s, 203 Dpi, Usb, Serial, Rj45, Rj11, Corte Automatico, 1 A\u00f1o De Garantia + Env\u00edo a domicilio + Pago seguro + Garant\u00eda\" \/>\n<meta name=\"robots\" content=\"index, follow, max-snippet:-1, max-image-preview:large, max-video-preview:-1\" \/>\n<link rel=\"canonical\" href=\"https:\/\/compuviper.mx\/tienda\/producto\/tech-zone-pos-tzbe102-miniprinter-techzone-termica-80-mmvel-250-mm-s-203-dpi-usb-serial-rj45-rj11-corte-automatico-1-ao-de-garantia\/\" \/>\n<meta property=\"og:locale\" content=\"es_MX\" \/>\n<meta property=\"og:type\" content=\"article\" \/>\n<meta property=\"og:title\" content=\"[ Tech Zone Pos ] &#129351; Tzbe102 Miniprinter Techzone , Termica, 80 Mm,vel 250 Mm\/s, 203 Dpi, Usb, Serial, Rj45, Rj11, Corte Automatico, 1 A\u00f1o De Garantia\" \/>\n<meta property=\"og:description\" content=\"Compra Tzbe102 Miniprinter Techzone , Termica, 80 Mm,vel 250 Mm\/s, 203 Dpi, Usb, Serial, Rj45, Rj11, Corte Automatico, 1 A\u00f1o De Garantia + Env\u00edo a domicilio + Pago seguro + Garant\u00eda\" \/>\n<meta property=\"og:url\" content=\"https:\/\/compuviper.mx\/tienda\/producto\/tech-zone-pos-tzbe102-miniprinter-techzone-termica-80-mmvel-250-mm-s-203-dpi-usb-serial-rj45-rj11-corte-automatico-1-ao-de-garantia\/\" \/>\n<meta property=\"og:site_name\" content=\"Compuviper\" \/>\n<meta property=\"article:publisher\" content=\"https:\/\/www.facebook.com\/compuviper\" \/>\n<meta property=\"og:image\" content=\"https:\/\/compuviper.mx\/tienda\/wp-content\/uploads\/2023\/12\/Miniprinter-techzone-tzbe102-termica-80-mmvel-250-mms-203-dpi-usb-serial-rj45-rj11-corte-automatico-1-ano-de-garantia.jpg\" \/>\n\t<meta property=\"og:image:width\" content=\"200\" \/>\n\t<meta property=\"og:image:height\" content=\"200\" \/>\n\t<meta property=\"og:image:type\" content=\"image\/jpeg\" \/>\n<meta name=\"twitter:card\" content=\"summary_large_image\" \/>\n<meta name=\"twitter:label1\" content=\"Precio\" \/>\n\t<meta name=\"twitter:data1\" content=\"&#36;1,856 con IVA\" \/>\n\t<meta name=\"twitter:label2\" content=\"Availability\" \/>\n\t<meta name=\"twitter:data2\" content=\"Out of stock\" \/>\n<script type=\"application\/ld+json\" class=\"yoast-schema-graph\">{\"@context\":\"https:\/\/schema.org\",\"@graph\":[{\"@type\":\"WebPage\",\"@id\":\"https:\/\/compuviper.mx\/tienda\/producto\/tech-zone-pos-tzbe102-miniprinter-techzone-termica-80-mmvel-250-mm-s-203-dpi-usb-serial-rj45-rj11-corte-automatico-1-ao-de-garantia\/\",\"url\":\"https:\/\/compuviper.mx\/tienda\/producto\/tech-zone-pos-tzbe102-miniprinter-techzone-termica-80-mmvel-250-mm-s-203-dpi-usb-serial-rj45-rj11-corte-automatico-1-ao-de-garantia\/\",\"name\":\"[ Tech Zone Pos ] &#129351; Tzbe102 Miniprinter Techzone , Termica, 80 Mm,vel 250 Mm\/s, 203 Dpi, Usb, Serial, Rj45, Rj11, Corte Automatico, 1 A\u00f1o De Garantia\",\"isPartOf\":{\"@id\":\"https:\/\/compuviper.mx\/tienda\/#website\"},\"datePublished\":\"2026-04-02T07:43:22+00:00\",\"dateModified\":\"2026-04-02T07:43:22+00:00\",\"description\":\"Compra Tzbe102 Miniprinter Techzone , Termica, 80 Mm,vel 250 Mm\/s, 203 Dpi, Usb, Serial, Rj45, Rj11, Corte Automatico, 1 A\u00f1o De Garantia + Env\u00edo a domicilio + Pago seguro + Garant\u00eda\",\"breadcrumb\":{\"@id\":\"https:\/\/compuviper.mx\/tienda\/producto\/tech-zone-pos-tzbe102-miniprinter-techzone-termica-80-mmvel-250-mm-s-203-dpi-usb-serial-rj45-rj11-corte-automatico-1-ao-de-garantia\/#breadcrumb\"},\"inLanguage\":\"es-MX\",\"potentialAction\":[{\"@type\":\"ReadAction\",\"target\":[\"https:\/\/compuviper.mx\/tienda\/producto\/tech-zone-pos-tzbe102-miniprinter-techzone-termica-80-mmvel-250-mm-s-203-dpi-usb-serial-rj45-rj11-corte-automatico-1-ao-de-garantia\/\"]}]},{\"@type\":\"BreadcrumbList\",\"@id\":\"https:\/\/compuviper.mx\/tienda\/producto\/tech-zone-pos-tzbe102-miniprinter-techzone-termica-80-mmvel-250-mm-s-203-dpi-usb-serial-rj45-rj11-corte-automatico-1-ao-de-garantia\/#breadcrumb\",\"itemListElement\":[{\"@type\":\"ListItem\",\"position\":1,\"name\":\"Inicio\",\"item\":\"https:\/\/compuviper.mx\/tienda\/\"},{\"@type\":\"ListItem\",\"position\":2,\"name\":\"Productos\",\"item\":\"https:\/\/compuviper.mx\/tienda\/productos\/\"},{\"@type\":\"ListItem\",\"position\":3,\"name\":\"Impresoras\",\"item\":\"https:\/\/compuviper.mx\/tienda\/categoria-producto\/impresoras\/\"},{\"@type\":\"ListItem\",\"position\":4,\"name\":\"Punto De Venta\",\"item\":\"https:\/\/compuviper.mx\/tienda\/categoria-producto\/impresoras\/punto-de-venta-impresoras\/\"},{\"@type\":\"ListItem\",\"position\":5,\"name\":\"Tech Zone Pos Tzbe102 Miniprinter Techzone , Termica, 80 Mm,vel 250 Mm\/s, 203 Dpi, Usb, Serial, Rj45, Rj11, Corte Automatico, 1 A?o De Garantia\"}]},{\"@type\":\"WebSite\",\"@id\":\"https:\/\/compuviper.mx\/tienda\/#website\",\"url\":\"https:\/\/compuviper.mx\/tienda\/\",\"name\":\"Compuviper\",\"description\":\"Proveedor de Computadoras, Laptops, Servidores, Monitores, Puntos de Venta, Teclados,   Impresoras, T\u00f3ner, C\u00e1maras de Seguridad y m\u00e1s en tu tienda en l\u00ednea\",\"publisher\":{\"@id\":\"https:\/\/compuviper.mx\/tienda\/#organization\"},\"potentialAction\":[{\"@type\":\"SearchAction\",\"target\":{\"@type\":\"EntryPoint\",\"urlTemplate\":\"https:\/\/compuviper.mx\/tienda\/?s={search_term_string}\"},\"query-input\":\"required name=search_term_string\"}],\"inLanguage\":\"es-MX\"},{\"@type\":\"Organization\",\"@id\":\"https:\/\/compuviper.mx\/tienda\/#organization\",\"name\":\"Compuviper\",\"url\":\"https:\/\/compuviper.mx\/tienda\/\",\"logo\":{\"@type\":\"ImageObject\",\"inLanguage\":\"es-MX\",\"@id\":\"https:\/\/compuviper.mx\/tienda\/#\/schema\/logo\/image\/\",\"url\":\"https:\/\/compuviper.mx\/tienda\/wp-content\/uploads\/2021\/08\/Logo-Compuviper-10.png\",\"contentUrl\":\"https:\/\/compuviper.mx\/tienda\/wp-content\/uploads\/2021\/08\/Logo-Compuviper-10.png\",\"width\":1000,\"height\":500,\"caption\":\"Compuviper\"},\"image\":{\"@id\":\"https:\/\/compuviper.mx\/tienda\/#\/schema\/logo\/image\/\"},\"sameAs\":[\"https:\/\/www.facebook.com\/compuviper\",\"https:\/\/www.youtube.com\/channel\/UCf73dERp9Y3cfOq7q8BhLjA?view_as=subscriber\"]}]}<\/script>\n<meta property=\"product:brand\" content=\"Tech Zone Pos\" \/>\n<meta property=\"product:price:amount\" content=\"1856\" \/>\n<meta property=\"product:price:currency\" content=\"MXN\" \/>\n<meta property=\"og:availability\" content=\"out of stock\" \/>\n<meta property=\"product:availability\" content=\"out of stock\" \/>\n<meta property=\"product:retailer_item_id\" content=\"TZBE102\" \/>\n<meta property=\"product:condition\" content=\"new\" \/>\n<!-- \/ Yoast SEO plugin. -->","yoast_head_json":{"title":"[ Tech Zone Pos ] &#129351; Tzbe102 Miniprinter Techzone , Termica, 80 Mm,vel 250 Mm\/s, 203 Dpi, Usb, Serial, Rj45, Rj11, Corte Automatico, 1 A\u00f1o De Garantia","description":"Compra Tzbe102 Miniprinter Techzone , Termica, 80 Mm,vel 250 Mm\/s, 203 Dpi, Usb, Serial, Rj45, Rj11, Corte Automatico, 1 A\u00f1o De Garantia + Env\u00edo a domicilio + Pago seguro + Garant\u00eda","robots":{"index":"index","follow":"follow","max-snippet":"max-snippet:-1","max-image-preview":"max-image-preview:large","max-video-preview":"max-video-preview:-1"},"canonical":"https:\/\/compuviper.mx\/tienda\/producto\/tech-zone-pos-tzbe102-miniprinter-techzone-termica-80-mmvel-250-mm-s-203-dpi-usb-serial-rj45-rj11-corte-automatico-1-ao-de-garantia\/","og_locale":"es_MX","og_type":"article","og_title":"[ Tech Zone Pos ] &#129351; Tzbe102 Miniprinter Techzone , Termica, 80 Mm,vel 250 Mm\/s, 203 Dpi, Usb, Serial, Rj45, Rj11, Corte Automatico, 1 A\u00f1o De Garantia","og_description":"Compra Tzbe102 Miniprinter Techzone , Termica, 80 Mm,vel 250 Mm\/s, 203 Dpi, Usb, Serial, Rj45, Rj11, Corte Automatico, 1 A\u00f1o De Garantia + Env\u00edo a domicilio + Pago seguro + Garant\u00eda","og_url":"https:\/\/compuviper.mx\/tienda\/producto\/tech-zone-pos-tzbe102-miniprinter-techzone-termica-80-mmvel-250-mm-s-203-dpi-usb-serial-rj45-rj11-corte-automatico-1-ao-de-garantia\/","og_site_name":"Compuviper","article_publisher":"https:\/\/www.facebook.com\/compuviper","og_image":[{"width":200,"height":200,"url":"https:\/\/compuviper.mx\/tienda\/wp-content\/uploads\/2023\/12\/Miniprinter-techzone-tzbe102-termica-80-mmvel-250-mms-203-dpi-usb-serial-rj45-rj11-corte-automatico-1-ano-de-garantia.jpg","type":"image\/jpeg"}],"twitter_card":"summary_large_image","twitter_misc":{"Precio":"&#36;1,856 con IVA","Availability":"Out of stock"},"schema":{"@context":"https:\/\/schema.org","@graph":[{"@type":"WebPage","@id":"https:\/\/compuviper.mx\/tienda\/producto\/tech-zone-pos-tzbe102-miniprinter-techzone-termica-80-mmvel-250-mm-s-203-dpi-usb-serial-rj45-rj11-corte-automatico-1-ao-de-garantia\/","url":"https:\/\/compuviper.mx\/tienda\/producto\/tech-zone-pos-tzbe102-miniprinter-techzone-termica-80-mmvel-250-mm-s-203-dpi-usb-serial-rj45-rj11-corte-automatico-1-ao-de-garantia\/","name":"[ Tech Zone Pos ] &#129351; Tzbe102 Miniprinter Techzone , Termica, 80 Mm,vel 250 Mm\/s, 203 Dpi, Usb, Serial, Rj45, Rj11, Corte Automatico, 1 A\u00f1o De Garantia","isPartOf":{"@id":"https:\/\/compuviper.mx\/tienda\/#website"},"datePublished":"2026-04-02T07:43:22+00:00","dateModified":"2026-04-02T07:43:22+00:00","description":"Compra Tzbe102 Miniprinter Techzone , Termica, 80 Mm,vel 250 Mm\/s, 203 Dpi, Usb, Serial, Rj45, Rj11, Corte Automatico, 1 A\u00f1o De Garantia + Env\u00edo a domicilio + Pago seguro + Garant\u00eda","breadcrumb":{"@id":"https:\/\/compuviper.mx\/tienda\/producto\/tech-zone-pos-tzbe102-miniprinter-techzone-termica-80-mmvel-250-mm-s-203-dpi-usb-serial-rj45-rj11-corte-automatico-1-ao-de-garantia\/#breadcrumb"},"inLanguage":"es-MX","potentialAction":[{"@type":"ReadAction","target":["https:\/\/compuviper.mx\/tienda\/producto\/tech-zone-pos-tzbe102-miniprinter-techzone-termica-80-mmvel-250-mm-s-203-dpi-usb-serial-rj45-rj11-corte-automatico-1-ao-de-garantia\/"]}]},{"@type":"BreadcrumbList","@id":"https:\/\/compuviper.mx\/tienda\/producto\/tech-zone-pos-tzbe102-miniprinter-techzone-termica-80-mmvel-250-mm-s-203-dpi-usb-serial-rj45-rj11-corte-automatico-1-ao-de-garantia\/#breadcrumb","itemListElement":[{"@type":"ListItem","position":1,"name":"Inicio","item":"https:\/\/compuviper.mx\/tienda\/"},{"@type":"ListItem","position":2,"name":"Productos","item":"https:\/\/compuviper.mx\/tienda\/productos\/"},{"@type":"ListItem","position":3,"name":"Impresoras","item":"https:\/\/compuviper.mx\/tienda\/categoria-producto\/impresoras\/"},{"@type":"ListItem","position":4,"name":"Punto De Venta","item":"https:\/\/compuviper.mx\/tienda\/categoria-producto\/impresoras\/punto-de-venta-impresoras\/"},{"@type":"ListItem","position":5,"name":"Tech Zone Pos Tzbe102 Miniprinter Techzone , Termica, 80 Mm,vel 250 Mm\/s, 203 Dpi, Usb, Serial, Rj45, Rj11, Corte Automatico, 1 A?o De Garantia"}]},{"@type":"WebSite","@id":"https:\/\/compuviper.mx\/tienda\/#website","url":"https:\/\/compuviper.mx\/tienda\/","name":"Compuviper","description":"Proveedor de Computadoras, Laptops, Servidores, Monitores, Puntos de Venta, Teclados,   Impresoras, T\u00f3ner, C\u00e1maras de Seguridad y m\u00e1s en tu tienda en l\u00ednea","publisher":{"@id":"https:\/\/compuviper.mx\/tienda\/#organization"},"potentialAction":[{"@type":"SearchAction","target":{"@type":"EntryPoint","urlTemplate":"https:\/\/compuviper.mx\/tienda\/?s={search_term_string}"},"query-input":"required name=search_term_string"}],"inLanguage":"es-MX"},{"@type":"Organization","@id":"https:\/\/compuviper.mx\/tienda\/#organization","name":"Compuviper","url":"https:\/\/compuviper.mx\/tienda\/","logo":{"@type":"ImageObject","inLanguage":"es-MX","@id":"https:\/\/compuviper.mx\/tienda\/#\/schema\/logo\/image\/","url":"https:\/\/compuviper.mx\/tienda\/wp-content\/uploads\/2021\/08\/Logo-Compuviper-10.png","contentUrl":"https:\/\/compuviper.mx\/tienda\/wp-content\/uploads\/2021\/08\/Logo-Compuviper-10.png","width":1000,"height":500,"caption":"Compuviper"},"image":{"@id":"https:\/\/compuviper.mx\/tienda\/#\/schema\/logo\/image\/"},"sameAs":["https:\/\/www.facebook.com\/compuviper","https:\/\/www.youtube.com\/channel\/UCf73dERp9Y3cfOq7q8BhLjA?view_as=subscriber"]}]},"product_brand":"Tech Zone Pos","product_price_amount":"1856","product_price_currency":"MXN","og_availability":"out of stock","product_availability":"out of stock","product_retailer_item_id":"TZBE102","product_condition":"new"},"_links":{"self":[{"href":"https:\/\/compuviper.mx\/tienda\/wp-json\/wp\/v2\/product\/223784"}],"collection":[{"href":"https:\/\/compuviper.mx\/tienda\/wp-json\/wp\/v2\/product"}],"about":[{"href":"https:\/\/compuviper.mx\/tienda\/wp-json\/wp\/v2\/types\/product"}],"replies":[{"embeddable":true,"href":"https:\/\/compuviper.mx\/tienda\/wp-json\/wp\/v2\/comments?post=223784"}],"wp:featuredmedia":[{"embeddable":true,"href":"https:\/\/compuviper.mx\/tienda\/wp-json\/wp\/v2\/media\/223785"}],"wp:attachment":[{"href":"https:\/\/compuviper.mx\/tienda\/wp-json\/wp\/v2\/media?parent=223784"}],"wp:term":[{"taxonomy":"product_cat","embeddable":true,"href":"https:\/\/compuviper.mx\/tienda\/wp-json\/wp\/v2\/product_cat?post=223784"},{"taxonomy":"product_tag","embeddable":true,"href":"https:\/\/compuviper.mx\/tienda\/wp-json\/wp\/v2\/product_tag?post=223784"}],"curies":[{"name":"wp","href":"https:\/\/api.w.org\/{rel}","templated":true}]}}