{"id":223768,"date":"2026-04-02T01:43:19","date_gmt":"2026-04-02T07:43:19","guid":{"rendered":"https:\/\/compuviper.mx\/tienda\/producto\/epson-c11cj88301-multifuncional-l6490-ppm-33-negro-20-color-tinta-continua-ecotank-usb-red-wifi-adf-fax-duplex\/"},"modified":"2026-04-02T01:43:20","modified_gmt":"2026-04-02T07:43:20","slug":"epson-c11cj88301-multifuncional-l6490-ppm-33-negro-20-color-tinta-continua-ecotank-usb-red-wifi-adf-fax-duplex","status":"publish","type":"product","link":"https:\/\/compuviper.mx\/tienda\/producto\/epson-c11cj88301-multifuncional-l6490-ppm-33-negro-20-color-tinta-continua-ecotank-usb-red-wifi-adf-fax-duplex\/","title":{"rendered":"Epson C11cj88301 Multifuncional  L6490, Ppm 33 Negro\/20 Color, Tinta Continua, Ecotank, Usb, Red, Wifi, Adf, Fax, Duplex"},"content":{"rendered":"<table class=\"descripcion\">\n<tr>\n<td>Multifuncional epson l6490, perfecta para el ambiente de home office y peque\u00f1os grupos de trabajo.<\/td>\n<\/tr>\n<tr>\n<td>Impresion:<\/td>\n<\/tr>\n<tr>\n<td>* tecnologia de impresion: precisioncore 4 colores (cmyk)<\/td>\n<\/tr>\n<tr>\n<td>* numero de inyectores: 400 boquillas negro y 128 boquillas color<\/td>\n<\/tr>\n<tr>\n<td>* tama\u00f1o minimo de gota de tinta: 3.3 picolitros<\/td>\n<\/tr>\n<tr>\n<td>* resolucion maxima de impresion: 4,800 dpi x 1,200 dpi<\/td>\n<\/tr>\n<tr>\n<td>* velocidad de impresi\u00f3n iso: 17\/9,5 iso ppm (negro\/color) simplex, 17\/5,5 iso ppm (negro\/color) duplex<\/td>\n<\/tr>\n<tr>\n<td>* timepo de salida de la primera pagina iso: 8 segundos una vez recibidos los datos (a4\/carta)<\/td>\n<\/tr>\n<tr>\n<td>* ciclo de trabajo mensual recomendado: 1500 paginas<\/td>\n<\/tr>\n<tr>\n<td>* ciclo de trabajo mensual maximo: hasta 20,000 paginas<\/td>\n<\/tr>\n<tr>\n<td>* funciones de impresion: soluciones epson connect<\/td>\n<\/tr>\n<tr>\n<td>Copiado:<\/td>\n<\/tr>\n<tr>\n<td>* velocidad de copiado: 12\/6 ipm<\/td>\n<\/tr>\n<tr>\n<td>* resolucion de copiado (entrada\/salida): hasta 600 dpi x 600 dpi y hasta 600 dpi x 1200 dpi<\/td>\n<\/tr>\n<tr>\n<td>* cantidad: 99<\/td>\n<\/tr>\n<tr>\n<td>* funciones de copiado: 1 a 2 caras, vista previa, reduccion automatica y ampliacion (25%-400%), intercalado, densidad de copia ajustable, 1 cara a 2 caras, 2 caras a 1 cara, 2 caras a 2 caras, ajuestes: densidad, contraste, color, nitidez, mejora de texto y originales de varios tama\u00f1os mezclados<\/td>\n<\/tr>\n<tr>\n<td>Escaneo:<\/td>\n<\/tr>\n<tr>\n<td>* tipo de escaner: cama plana a color\/adf<\/td>\n<\/tr>\n<tr>\n<td>* resolucion optica\/hardware: 1200 dpi x 2400 dpi<\/td>\n<\/tr>\n<tr>\n<td>* resolucion maxima: 9600 interpolada<\/td>\n<\/tr>\n<tr>\n<td>* velocidad del escaner (adf): 6\/5 ipm negro\/color (iso)<\/td>\n<\/tr>\n<tr>\n<td>* escaneo maximo tama\u00f1o de la cama: 21,6 cm x 30 cm<\/td>\n<\/tr>\n<tr>\n<td>* funciones de escaneo: escanear a pc via document capture pro, escanear a la nube (incuyendo email)<\/td>\n<\/tr>\n<tr>\n<td>* tipo de escaner: sensor de imagen contacto (cis)<\/td>\n<\/tr>\n<tr>\n<td>* profundidad de bits del escaner: entrada de colores: 48 bits\/salida de colores: 24 bits<\/td>\n<\/tr>\n<tr>\n<td>Fax:<\/td>\n<\/tr>\n<tr>\n<td>* tipo de fax: blanco y negro o en color<\/td>\n<\/tr>\n<tr>\n<td>* modem: hasta 33.6 kbps<\/td>\n<\/tr>\n<tr>\n<td>* memoria de recepcion: hasta 180 paginas<\/td>\n<\/tr>\n<tr>\n<td>* tama\u00f1o de papel de la trasnmision: cama plana: carta a4, adf: carta a4, 8.5\u0094 x 13\u0094 legal<\/td>\n<\/tr>\n<tr>\n<td>* recepcion de tama\u00f1o de papel: carta a4, legal<\/td>\n<\/tr>\n<tr>\n<td>* numeros de marcacion rapida: hasta 100<\/td>\n<\/tr>\n<tr>\n<td>* funciones de fax: enviar, recibir, fax a pc, autorrediscado, libreta de direcciones, envio masivo<\/td>\n<\/tr>\n<tr>\n<td>Alimentador automatico de documentos:<\/td>\n<\/tr>\n<tr>\n<td>* gramaje: 64 g\/m2 \u0096 95 g\/m2<\/td>\n<\/tr>\n<tr>\n<td>* capacidad maxima: 35 hojas (80 g\/m2)<\/td>\n<\/tr>\n<tr>\n<td>* escaneo, copiado y fax automatico de dos caras: la funcion duplex no es automatica en escaneo, copiado o fax, inicie con la cara frontal y luego la cara posterior<\/td>\n<\/tr>\n<tr>\n<td>Conectividad:<\/td>\n<\/tr>\n<tr>\n<td>* conectividad estandar: superspeed usb 3.0, inalambrica lan ieee (802, 11 b\/g\/n\/a\/ac)3, wifi direct, 100 base-tx\/10 base-t<\/td>\n<\/tr>\n<tr>\n<td>* sistemas operativos: windows 10 (32-bit, 64-bit), windows 8\/8.1 (32-bit, 64-bit), windows 7 (32-bit, 64-bit), windows server 2016, windows server 2012, mac os x, 10.6.8, mac os 10.15x<\/td>\n<\/tr>\n<tr>\n<td>Manejo de papel:<\/td>\n<\/tr>\n<tr>\n<td>* tipos de papel: papel normal, papel de rpesentacion ultrapremium mate, papel de presentacion premium mate, presentacion papel mate, sobres numero 10 y cartulinas de hasta 255 g\/m2<\/td>\n<\/tr>\n<tr>\n<td>* numero de bandejas de papel: 1 bandeja estandar<\/td>\n<\/tr>\n<tr>\n<td>* capacidad entrada de papel: 251 hojas<\/td>\n<\/tr>\n<tr>\n<td>* gramaje de papel: hasta 90 g\/m2<\/td>\n<\/tr>\n<tr>\n<td>General:<\/td>\n<\/tr>\n<tr>\n<td>* pantalla: tactil a color de 2,4\u0094<\/td>\n<\/tr>\n<tr>\n<td>* dimensiones (ancho x profundidad x altura): 37.5 cm x 34.7 cm x 34.6 cm<\/td>\n<\/tr>\n<tr>\n<td>* peso: 7.3 kg<\/td>\n<\/tr>\n<tr>\n<td>* que hay en la caja: multifuncional a color en red l6490, manual de instrucciones, cable de alimentacion, cable usb<\/td>\n<\/tr>\n<tr>\n<td>* pais de origen: filipinas<\/td>\n<\/tr>\n<tr>\n<td>* consumo de energia: 12 w<\/td>\n<\/tr>\n<tr>\n<td>* tension nominal: ca 100 v \u0096 240 v, universal (automatico)<\/td>\n<\/tr>\n<tr>\n<td>* frecuencia nominal: 50 hz \u0096 60 hz<\/td>\n<\/tr>\n<tr>\n<td>* corriente nominal: 0.6 a \u0096 1.0 a<\/td>\n<\/tr>\n<tr>\n<td>* temperatura: funcionamiento: 10 \u00ba c a 35 \u00ba c. (50f a 95f) almacenamiento: -20 \u00ba c a 40 \u00ba c (-4f a 104f)<\/td>\n<\/tr>\n<tr>\n<td>* humedad relativa: funcionamiento: 20% a 80%. almacenamiento: 5% a 85% (sin condensacion)<\/td>\n<\/tr>\n<tr>\n<td>* nivel de ruido: menos de 55 db<\/td>\n<\/tr>\n<tr>\n<td>* software disponible: controlador de impresora epson, epson iprint, email print, apple airprint, google cloud print, scan to cloud<\/td>\n<\/tr>\n<tr>\n<td>* garantia: limitada de 1 a\u00f1o para hardware<\/td>\n<\/tr>\n<tr>\n<td>Tinta:<\/td>\n<\/tr>\n<tr>\n<td>*tinta de pigmento: durabrite pro<\/td>\n<\/tr>\n<tr>\n<td>*botellas de tinta de repuesto: t524120-al botella de tinta negra (rendimiento iso 7,500 paginas), t524220-al (cian), t524320-al (magenta), t524420-al (amarilla) botellas de tinta color (rendimiento iso 6,000 paginas), epson recomienda el uso de tinta genuina para garantizar una calidad y rendimiento de impresi\u00f3n optimos<\/td>\n<\/tr>\n<tr>\n<td>Caracteristicas ecologicas:<\/td>\n<\/tr>\n<tr>\n<td>Ahorre hasta el 50% de su suministro de su papel con funciones automaticas, impresi\u00f3n a 2 caras<\/td>\n<\/tr>\n<tr>\n<td>Calificado rohs<\/td>\n<\/tr>\n<tr>\n<td>Informacion de productos:<\/td>\n<\/tr>\n<tr>\n<td>*ecotank l6490: c11cj88301<\/td>\n<\/tr>\n<tr>\n<td>*caja de mantenimiento: t04d100<\/td>\n<\/tr>\n<\/table>\n","protected":false},"excerpt":{"rendered":"<p>Multifuncional epson l6490, perfecta para el ambiente de home office y peque\u00f1os grupos de trabajo. Impresion. * tecnologia de impresion: precisioncore 4 colores (cmyk. * numero de inyectores: 400 boquillas negro y 128 boquillas color. * tama\u00f1o minimo de gota de tinta: 3.3 picolitros. * resolucion maxima de impresion: 4,800 dpi x 1,200 dpi. * velocidad de impresi\u00f3n iso: 17\/9,5 iso ppm (negro\/color) simplex, 17\/5,5 iso ppm (negro\/color) duplex. * timepo de salida de la primera pagina iso: 8 segundos una vez recibidos los datos (a4\/carta. * ciclo de trabajo mensual recomendado: 1500 paginas. * ciclo de trabajo mensual maximo: hasta 20,000 paginas. * funciones de impresion: soluciones epson connect. Copiado. * velocidad de copiado: 12\/6 ipm. * resolucion de copiado (entrada\/salida): hasta 600 dpi x 600 dpi y hasta 600 dpi x 1200 dpi. * cantidad: 99. * funciones de copiado: 1 a 2 caras, vista previa, reduccion automatica y ampliacion (25%-400%), intercalado, densidad de copia ajustable, 1 cara a 2 caras, 2 caras a 1 cara, 2 caras a 2 caras, ajuestes: densidad, contraste, color, nitidez, mejora de texto y originales de varios tama\u00f1os mezclados. Escaneo. * tipo de escaner: cama plana a color\/adf. * resolucion optica\/hardware: 1200 dpi x 2400 dpi. * resolucion maxima: 9600 interpolada. * velocidad del escaner (adf): 6\/5 ipm negro\/color (iso. * escaneo maximo tama\u00f1o de la cama: 21,6 cm x 30 cm. * funciones de escaneo: escanear a pc via document capture pro, escanear a la nube (incuyendo email. * tipo de escaner: sensor de imagen contacto (cis. * profundidad de bits del escaner: entrada de colores: 48 bits\/salida de colores: 24 bits. Fax. * tipo de fax: blanco y negro o en color. * modem: hasta 33.6 kbps. * memoria de recepcion: hasta 180 paginas. * tama\u00f1o de papel de la trasnmision: cama plana: carta a4, adf: carta a4, 8.5\u0094 x 13\u0094 legal. * recepcion de tama\u00f1o de papel: carta a4, legal. * numeros de marcacion rapida: hasta 100. * funciones de fax: enviar, recibir, fax a pc, autorrediscado, libreta de direcciones, envio masivo. Alimentador automatico de documentos. * gramaje: 64 g\/m2 \u0096 95 g\/m2. * capacidad maxima: 35 hojas (80 g\/m2. * escaneo, copiado y fax automatico de dos caras: la funcion duplex no es automatica en escaneo, copiado o fax, inicie con la cara frontal y luego la cara posterior. Conectividad. * conectividad estandar: superspeed usb 3.0, inalambrica lan ieee (802, 11 b\/g\/n\/a\/ac)3, wifi direct, 100 base-tx\/10 base-t. * sistemas operativos: windows 10 (32-bit, 64-bit), windows 8\/8.1 (32-bit, 64-bit), windows 7 (32-bit, 64-bit), windows server 2016, windows server 2012, mac os x, 10.6.8, mac os 10.15x. Manejo de papel. * tipos de papel: papel normal, papel de rpesentacion ultrapremium mate, papel de presentacion premium mate, presentacion papel mate, sobres numero 10 y cartulinas de hasta 255 g\/m2. * numero de bandejas de papel: 1 bandeja estandar. * capacidad entrada de papel: 251 hojas. * gramaje de papel: hasta 90 g\/m2. General. * pantalla: tactil a color de 2,4?. * dimensiones (ancho x profundidad x altura): 37.5 cm x 34.7 cm x 34.6 cm. * peso: 7.3 kg. * que hay en la caja: multifuncional a color en red l6490, manual de instrucciones, cable de alimentacion, cable usb. * pais de origen: filipinas. * consumo de energia: 12 w. * tension nominal: ca 100 v \u0096 240 v, universal (automatico. * frecuencia nominal: 50 hz \u0096 60 hz. * corriente nominal: 0.6 a \u0096 1.0 a. * temperatura: funcionamiento: 10 \u00ba c a 35 \u00ba c. (50f a 95f) almacenamiento: -20 \u00ba c a 40 \u00ba c (-4f a 104f. * humedad relativa: funcionamiento: 20% a 80%. Almacenamiento: 5% a 85% (sin condensacion. * nivel de ruido: menos de 55 db. * software disponible: controlador de impresora epson, epson iprint, email print, apple airprint, google cloud print, scan to cloud. * garantia: limitada de 1 a\u00f1o para hardware. Tinta. *tinta de pigmento: durabrite pro. *botellas de tinta de repuesto: t524120-al botella de tinta negra (rendimiento iso 7,500 paginas), t524220-al (cian), t524320-al (magenta), t524420-al (amarilla) botellas de tinta color (rendimiento iso 6,000 paginas), epson recomienda el uso de tinta genuina para garantizar una calidad y rendimiento de impresi\u00f3n optimos. Caracteristicas ecologicas. Ahorre hasta el 50% de su suministro de su papel con funciones automaticas, impresi\u00f3n a 2 caras. Calificado rohs. Informacion de productos. *ecotank l6490: c11cj88301. *caja de mantenimiento: t04d100<\/p>\n","protected":false},"featured_media":223769,"comment_status":"open","ping_status":"open","template":"","meta":[],"product_cat":[1781,1780],"product_tag":[1624],"acf":[],"yoast_head":"<!-- This site is optimized with the Yoast SEO plugin v21.7 - https:\/\/yoast.com\/wordpress\/plugins\/seo\/ -->\n<title>[ Epson ] &#129351; C11cj88301 Multifuncional L6490, Ppm 33 Negro\/20 Color, Tinta Continua, Ecotank, Usb, Red, Wifi, Adf, Fax, Duplex<\/title>\n<meta name=\"description\" content=\"Compra C11cj88301 Multifuncional L6490, Ppm 33 Negro\/20 Color, Tinta Continua, Ecotank, Usb, Red, Wifi, Adf, Fax, Duplex + Env\u00edo a domicilio + Pago seguro + Garant\u00eda\" \/>\n<meta name=\"robots\" content=\"index, follow, max-snippet:-1, max-image-preview:large, max-video-preview:-1\" \/>\n<link rel=\"canonical\" href=\"https:\/\/compuviper.mx\/tienda\/producto\/epson-c11cj88301-multifuncional-l6490-ppm-33-negro-20-color-tinta-continua-ecotank-usb-red-wifi-adf-fax-duplex\/\" \/>\n<meta property=\"og:locale\" content=\"es_MX\" \/>\n<meta property=\"og:type\" content=\"article\" \/>\n<meta property=\"og:title\" content=\"[ Epson ] &#129351; C11cj88301 Multifuncional L6490, Ppm 33 Negro\/20 Color, Tinta Continua, Ecotank, Usb, Red, Wifi, Adf, Fax, Duplex\" \/>\n<meta property=\"og:description\" content=\"Compra C11cj88301 Multifuncional L6490, Ppm 33 Negro\/20 Color, Tinta Continua, Ecotank, Usb, Red, Wifi, Adf, Fax, Duplex + Env\u00edo a domicilio + Pago seguro + Garant\u00eda\" \/>\n<meta property=\"og:url\" content=\"https:\/\/compuviper.mx\/tienda\/producto\/epson-c11cj88301-multifuncional-l6490-ppm-33-negro-20-color-tinta-continua-ecotank-usb-red-wifi-adf-fax-duplex\/\" \/>\n<meta property=\"og:site_name\" content=\"Compuviper\" \/>\n<meta property=\"article:publisher\" content=\"https:\/\/www.facebook.com\/compuviper\" \/>\n<meta property=\"article:modified_time\" content=\"2026-04-02T07:43:20+00:00\" \/>\n<meta property=\"og:image\" content=\"https:\/\/compuviper.mx\/tienda\/wp-content\/uploads\/2023\/12\/Multifuncional-epson-l6490-ppm-33-negro20-color-tinta-continua-ecotank-usb-red-wifi-adf-fax-duplex.jpg\" \/>\n\t<meta property=\"og:image:width\" content=\"200\" \/>\n\t<meta property=\"og:image:height\" content=\"200\" \/>\n\t<meta property=\"og:image:type\" content=\"image\/jpeg\" \/>\n<meta name=\"twitter:card\" content=\"summary_large_image\" \/>\n<meta name=\"twitter:label1\" content=\"Precio\" \/>\n\t<meta name=\"twitter:data1\" content=\"&#36;9,648 con IVA\" \/>\n\t<meta name=\"twitter:label2\" content=\"Availability\" \/>\n\t<meta name=\"twitter:data2\" content=\"Out of stock\" \/>\n<script type=\"application\/ld+json\" class=\"yoast-schema-graph\">{\"@context\":\"https:\/\/schema.org\",\"@graph\":[{\"@type\":\"WebPage\",\"@id\":\"https:\/\/compuviper.mx\/tienda\/producto\/epson-c11cj88301-multifuncional-l6490-ppm-33-negro-20-color-tinta-continua-ecotank-usb-red-wifi-adf-fax-duplex\/\",\"url\":\"https:\/\/compuviper.mx\/tienda\/producto\/epson-c11cj88301-multifuncional-l6490-ppm-33-negro-20-color-tinta-continua-ecotank-usb-red-wifi-adf-fax-duplex\/\",\"name\":\"[ Epson ] &#129351; C11cj88301 Multifuncional L6490, Ppm 33 Negro\/20 Color, Tinta Continua, Ecotank, Usb, Red, Wifi, Adf, Fax, Duplex\",\"isPartOf\":{\"@id\":\"https:\/\/compuviper.mx\/tienda\/#website\"},\"datePublished\":\"2026-04-02T07:43:19+00:00\",\"dateModified\":\"2026-04-02T07:43:20+00:00\",\"description\":\"Compra C11cj88301 Multifuncional L6490, Ppm 33 Negro\/20 Color, Tinta Continua, Ecotank, Usb, Red, Wifi, Adf, Fax, Duplex + Env\u00edo a domicilio + Pago seguro + Garant\u00eda\",\"breadcrumb\":{\"@id\":\"https:\/\/compuviper.mx\/tienda\/producto\/epson-c11cj88301-multifuncional-l6490-ppm-33-negro-20-color-tinta-continua-ecotank-usb-red-wifi-adf-fax-duplex\/#breadcrumb\"},\"inLanguage\":\"es-MX\",\"potentialAction\":[{\"@type\":\"ReadAction\",\"target\":[\"https:\/\/compuviper.mx\/tienda\/producto\/epson-c11cj88301-multifuncional-l6490-ppm-33-negro-20-color-tinta-continua-ecotank-usb-red-wifi-adf-fax-duplex\/\"]}]},{\"@type\":\"BreadcrumbList\",\"@id\":\"https:\/\/compuviper.mx\/tienda\/producto\/epson-c11cj88301-multifuncional-l6490-ppm-33-negro-20-color-tinta-continua-ecotank-usb-red-wifi-adf-fax-duplex\/#breadcrumb\",\"itemListElement\":[{\"@type\":\"ListItem\",\"position\":1,\"name\":\"Inicio\",\"item\":\"https:\/\/compuviper.mx\/tienda\/\"},{\"@type\":\"ListItem\",\"position\":2,\"name\":\"Productos\",\"item\":\"https:\/\/compuviper.mx\/tienda\/productos\/\"},{\"@type\":\"ListItem\",\"position\":3,\"name\":\"Multifuncionales\",\"item\":\"https:\/\/compuviper.mx\/tienda\/categoria-producto\/multifuncionales\/\"},{\"@type\":\"ListItem\",\"position\":4,\"name\":\"Inyeccion De Tinta\",\"item\":\"https:\/\/compuviper.mx\/tienda\/categoria-producto\/multifuncionales\/inyeccion-de-tinta\/\"},{\"@type\":\"ListItem\",\"position\":5,\"name\":\"Epson C11cj88301 Multifuncional L6490, Ppm 33 Negro\/20 Color, Tinta Continua, Ecotank, Usb, Red, Wifi, Adf, Fax, Duplex\"}]},{\"@type\":\"WebSite\",\"@id\":\"https:\/\/compuviper.mx\/tienda\/#website\",\"url\":\"https:\/\/compuviper.mx\/tienda\/\",\"name\":\"Compuviper\",\"description\":\"Proveedor de Computadoras, Laptops, Servidores, Monitores, Puntos de Venta, Teclados,   Impresoras, T\u00f3ner, C\u00e1maras de Seguridad y m\u00e1s en tu tienda en l\u00ednea\",\"publisher\":{\"@id\":\"https:\/\/compuviper.mx\/tienda\/#organization\"},\"potentialAction\":[{\"@type\":\"SearchAction\",\"target\":{\"@type\":\"EntryPoint\",\"urlTemplate\":\"https:\/\/compuviper.mx\/tienda\/?s={search_term_string}\"},\"query-input\":\"required name=search_term_string\"}],\"inLanguage\":\"es-MX\"},{\"@type\":\"Organization\",\"@id\":\"https:\/\/compuviper.mx\/tienda\/#organization\",\"name\":\"Compuviper\",\"url\":\"https:\/\/compuviper.mx\/tienda\/\",\"logo\":{\"@type\":\"ImageObject\",\"inLanguage\":\"es-MX\",\"@id\":\"https:\/\/compuviper.mx\/tienda\/#\/schema\/logo\/image\/\",\"url\":\"https:\/\/compuviper.mx\/tienda\/wp-content\/uploads\/2021\/08\/Logo-Compuviper-10.png\",\"contentUrl\":\"https:\/\/compuviper.mx\/tienda\/wp-content\/uploads\/2021\/08\/Logo-Compuviper-10.png\",\"width\":1000,\"height\":500,\"caption\":\"Compuviper\"},\"image\":{\"@id\":\"https:\/\/compuviper.mx\/tienda\/#\/schema\/logo\/image\/\"},\"sameAs\":[\"https:\/\/www.facebook.com\/compuviper\",\"https:\/\/www.youtube.com\/channel\/UCf73dERp9Y3cfOq7q8BhLjA?view_as=subscriber\"]}]}<\/script>\n<meta property=\"product:brand\" content=\"EPSON\" \/>\n<meta property=\"product:price:amount\" content=\"9648\" \/>\n<meta property=\"product:price:currency\" content=\"MXN\" \/>\n<meta property=\"og:availability\" content=\"out of stock\" \/>\n<meta property=\"product:availability\" content=\"out of stock\" \/>\n<meta property=\"product:retailer_item_id\" content=\"C11CJ88301\" \/>\n<meta property=\"product:condition\" content=\"new\" \/>\n<!-- \/ Yoast SEO plugin. -->","yoast_head_json":{"title":"[ Epson ] &#129351; C11cj88301 Multifuncional L6490, Ppm 33 Negro\/20 Color, Tinta Continua, Ecotank, Usb, Red, Wifi, Adf, Fax, Duplex","description":"Compra C11cj88301 Multifuncional L6490, Ppm 33 Negro\/20 Color, Tinta Continua, Ecotank, Usb, Red, Wifi, Adf, Fax, Duplex + Env\u00edo a domicilio + Pago seguro + Garant\u00eda","robots":{"index":"index","follow":"follow","max-snippet":"max-snippet:-1","max-image-preview":"max-image-preview:large","max-video-preview":"max-video-preview:-1"},"canonical":"https:\/\/compuviper.mx\/tienda\/producto\/epson-c11cj88301-multifuncional-l6490-ppm-33-negro-20-color-tinta-continua-ecotank-usb-red-wifi-adf-fax-duplex\/","og_locale":"es_MX","og_type":"article","og_title":"[ Epson ] &#129351; C11cj88301 Multifuncional L6490, Ppm 33 Negro\/20 Color, Tinta Continua, Ecotank, Usb, Red, Wifi, Adf, Fax, Duplex","og_description":"Compra C11cj88301 Multifuncional L6490, Ppm 33 Negro\/20 Color, Tinta Continua, Ecotank, Usb, Red, Wifi, Adf, Fax, Duplex + Env\u00edo a domicilio + Pago seguro + Garant\u00eda","og_url":"https:\/\/compuviper.mx\/tienda\/producto\/epson-c11cj88301-multifuncional-l6490-ppm-33-negro-20-color-tinta-continua-ecotank-usb-red-wifi-adf-fax-duplex\/","og_site_name":"Compuviper","article_publisher":"https:\/\/www.facebook.com\/compuviper","article_modified_time":"2026-04-02T07:43:20+00:00","og_image":[{"width":200,"height":200,"url":"https:\/\/compuviper.mx\/tienda\/wp-content\/uploads\/2023\/12\/Multifuncional-epson-l6490-ppm-33-negro20-color-tinta-continua-ecotank-usb-red-wifi-adf-fax-duplex.jpg","type":"image\/jpeg"}],"twitter_card":"summary_large_image","twitter_misc":{"Precio":"&#36;9,648 con IVA","Availability":"Out of stock"},"schema":{"@context":"https:\/\/schema.org","@graph":[{"@type":"WebPage","@id":"https:\/\/compuviper.mx\/tienda\/producto\/epson-c11cj88301-multifuncional-l6490-ppm-33-negro-20-color-tinta-continua-ecotank-usb-red-wifi-adf-fax-duplex\/","url":"https:\/\/compuviper.mx\/tienda\/producto\/epson-c11cj88301-multifuncional-l6490-ppm-33-negro-20-color-tinta-continua-ecotank-usb-red-wifi-adf-fax-duplex\/","name":"[ Epson ] &#129351; C11cj88301 Multifuncional L6490, Ppm 33 Negro\/20 Color, Tinta Continua, Ecotank, Usb, Red, Wifi, Adf, Fax, Duplex","isPartOf":{"@id":"https:\/\/compuviper.mx\/tienda\/#website"},"datePublished":"2026-04-02T07:43:19+00:00","dateModified":"2026-04-02T07:43:20+00:00","description":"Compra C11cj88301 Multifuncional L6490, Ppm 33 Negro\/20 Color, Tinta Continua, Ecotank, Usb, Red, Wifi, Adf, Fax, Duplex + Env\u00edo a domicilio + Pago seguro + Garant\u00eda","breadcrumb":{"@id":"https:\/\/compuviper.mx\/tienda\/producto\/epson-c11cj88301-multifuncional-l6490-ppm-33-negro-20-color-tinta-continua-ecotank-usb-red-wifi-adf-fax-duplex\/#breadcrumb"},"inLanguage":"es-MX","potentialAction":[{"@type":"ReadAction","target":["https:\/\/compuviper.mx\/tienda\/producto\/epson-c11cj88301-multifuncional-l6490-ppm-33-negro-20-color-tinta-continua-ecotank-usb-red-wifi-adf-fax-duplex\/"]}]},{"@type":"BreadcrumbList","@id":"https:\/\/compuviper.mx\/tienda\/producto\/epson-c11cj88301-multifuncional-l6490-ppm-33-negro-20-color-tinta-continua-ecotank-usb-red-wifi-adf-fax-duplex\/#breadcrumb","itemListElement":[{"@type":"ListItem","position":1,"name":"Inicio","item":"https:\/\/compuviper.mx\/tienda\/"},{"@type":"ListItem","position":2,"name":"Productos","item":"https:\/\/compuviper.mx\/tienda\/productos\/"},{"@type":"ListItem","position":3,"name":"Multifuncionales","item":"https:\/\/compuviper.mx\/tienda\/categoria-producto\/multifuncionales\/"},{"@type":"ListItem","position":4,"name":"Inyeccion De Tinta","item":"https:\/\/compuviper.mx\/tienda\/categoria-producto\/multifuncionales\/inyeccion-de-tinta\/"},{"@type":"ListItem","position":5,"name":"Epson C11cj88301 Multifuncional L6490, Ppm 33 Negro\/20 Color, Tinta Continua, Ecotank, Usb, Red, Wifi, Adf, Fax, Duplex"}]},{"@type":"WebSite","@id":"https:\/\/compuviper.mx\/tienda\/#website","url":"https:\/\/compuviper.mx\/tienda\/","name":"Compuviper","description":"Proveedor de Computadoras, Laptops, Servidores, Monitores, Puntos de Venta, Teclados,   Impresoras, T\u00f3ner, C\u00e1maras de Seguridad y m\u00e1s en tu tienda en l\u00ednea","publisher":{"@id":"https:\/\/compuviper.mx\/tienda\/#organization"},"potentialAction":[{"@type":"SearchAction","target":{"@type":"EntryPoint","urlTemplate":"https:\/\/compuviper.mx\/tienda\/?s={search_term_string}"},"query-input":"required name=search_term_string"}],"inLanguage":"es-MX"},{"@type":"Organization","@id":"https:\/\/compuviper.mx\/tienda\/#organization","name":"Compuviper","url":"https:\/\/compuviper.mx\/tienda\/","logo":{"@type":"ImageObject","inLanguage":"es-MX","@id":"https:\/\/compuviper.mx\/tienda\/#\/schema\/logo\/image\/","url":"https:\/\/compuviper.mx\/tienda\/wp-content\/uploads\/2021\/08\/Logo-Compuviper-10.png","contentUrl":"https:\/\/compuviper.mx\/tienda\/wp-content\/uploads\/2021\/08\/Logo-Compuviper-10.png","width":1000,"height":500,"caption":"Compuviper"},"image":{"@id":"https:\/\/compuviper.mx\/tienda\/#\/schema\/logo\/image\/"},"sameAs":["https:\/\/www.facebook.com\/compuviper","https:\/\/www.youtube.com\/channel\/UCf73dERp9Y3cfOq7q8BhLjA?view_as=subscriber"]}]},"product_brand":"EPSON","product_price_amount":"9648","product_price_currency":"MXN","og_availability":"out of stock","product_availability":"out of stock","product_retailer_item_id":"C11CJ88301","product_condition":"new"},"_links":{"self":[{"href":"https:\/\/compuviper.mx\/tienda\/wp-json\/wp\/v2\/product\/223768"}],"collection":[{"href":"https:\/\/compuviper.mx\/tienda\/wp-json\/wp\/v2\/product"}],"about":[{"href":"https:\/\/compuviper.mx\/tienda\/wp-json\/wp\/v2\/types\/product"}],"replies":[{"embeddable":true,"href":"https:\/\/compuviper.mx\/tienda\/wp-json\/wp\/v2\/comments?post=223768"}],"wp:featuredmedia":[{"embeddable":true,"href":"https:\/\/compuviper.mx\/tienda\/wp-json\/wp\/v2\/media\/223769"}],"wp:attachment":[{"href":"https:\/\/compuviper.mx\/tienda\/wp-json\/wp\/v2\/media?parent=223768"}],"wp:term":[{"taxonomy":"product_cat","embeddable":true,"href":"https:\/\/compuviper.mx\/tienda\/wp-json\/wp\/v2\/product_cat?post=223768"},{"taxonomy":"product_tag","embeddable":true,"href":"https:\/\/compuviper.mx\/tienda\/wp-json\/wp\/v2\/product_tag?post=223768"}],"curies":[{"name":"wp","href":"https:\/\/api.w.org\/{rel}","templated":true}]}}