{"id":223760,"date":"2026-04-18T01:48:23","date_gmt":"2026-04-18T07:48:23","guid":{"rendered":"https:\/\/compuviper.mx\/tienda\/producto\/epson-c11cj18301-multifuncional-m2120-32-ppm-negro-tinta-continua-ecotank-usb-wifi-duplex-monocromatica\/"},"modified":"2026-04-18T01:48:23","modified_gmt":"2026-04-18T07:48:23","slug":"epson-c11cj18301-multifuncional-m2120-32-ppm-negro-tinta-continua-ecotank-usb-wifi-duplex-monocromatica","status":"publish","type":"product","link":"https:\/\/compuviper.mx\/tienda\/producto\/epson-c11cj18301-multifuncional-m2120-32-ppm-negro-tinta-continua-ecotank-usb-wifi-duplex-monocromatica\/","title":{"rendered":"Epson C11cj18301 Multifuncional  M2120, 32 Ppm Negro, Tinta Continua, Ecotank, Usb, Wifi, Duplex, Monocromatica"},"content":{"rendered":"<table class=\"descripcion\">\n<tr>\n<td>Multifuncional epson m2120 inalambrinca en blanco y negro.<\/td>\n<\/tr>\n<tr>\n<td>Ideal para emprendedores, rendimiento y eficiencia a su alcance.<\/td>\n<\/tr>\n<tr>\n<td>Impresion:<\/td>\n<\/tr>\n<tr>\n<td>* tecnologia de impresion: inyeccion de tinta monocromatica optimizada con heat-free micro piezo<\/td>\n<\/tr>\n<tr>\n<td>* direccion de impresion: bidireccional<\/td>\n<\/tr>\n<tr>\n<td>* configuracion de inyectores: 360 inyectores negros (2 \u00aclas de 180 inyectores)<\/td>\n<\/tr>\n<tr>\n<td>* tama\u00f1o minimo de gota de tinta: 3 picolitros con tecnologia de gotas de tinta de tama\u00f1o variable<\/td>\n<\/tr>\n<tr>\n<td>* lenguaje de impresion: esc\/p raster y esc\/p r (sin pc)<\/td>\n<\/tr>\n<tr>\n<td>* resolucion maxima de impresion: 1,440 dpi x 720 dpi<\/td>\n<\/tr>\n<tr>\n<td>* velocidad de impresion maxima: 32 ppm negro (borrador, a4\/carta)<\/td>\n<\/tr>\n<tr>\n<td>* velocidad de impresion iso: 15 ppm negro (a4\/carta)<\/td>\n<\/tr>\n<tr>\n<td>* timepo de salida de la primera pagina iso: 8 segundos una vez recibidos los datos (a4\/carta)<\/td>\n<\/tr>\n<tr>\n<td>* ciclo de trabajo mensual recomendado: 250-1500 paginas<\/td>\n<\/tr>\n<tr>\n<td>* ciclo de trabajo mensual maximo: hasta 15,000 paginas<\/td>\n<\/tr>\n<tr>\n<td>* impresion a doble cara\/duplex: manual (incluye soporte del controlador)<\/td>\n<\/tr>\n<tr>\n<td>* funciones de impresion: intercalar, modo silencioso de impresion<\/td>\n<\/tr>\n<tr>\n<td>Copias:<\/td>\n<\/tr>\n<tr>\n<td>* velocidad de copiado maxima: 31 cpm negro (borrador\/a4\/carta) * velocidad de copiado iso: 13 cpm negro (a4\/carta)<\/td>\n<\/tr>\n<tr>\n<td>* resolucion maxima de copiado: texto en imagen hasta 600 dpi x 600 dpi<\/td>\n<\/tr>\n<tr>\n<td>* cantidad: 1-99 (sin pc)<\/td>\n<\/tr>\n<tr>\n<td>* numero de colores: escala de grises: 256 gradaciones<\/td>\n<\/tr>\n<tr>\n<td>* tama\u00f1o maximo de copiado: a4\/carta<\/td>\n<\/tr>\n<tr>\n<td>* caracteristicas de copiado: reduce y aumenta (25%-400%)<\/td>\n<\/tr>\n<tr>\n<td>Escaneo:<\/td>\n<\/tr>\n<tr>\n<td>* tipo de escaner: cama plana con sensor de lineas cis de color<\/td>\n<\/tr>\n<tr>\n<td>* velocidad de escaneo: 12 segundos blanco y negro\/28 segundos color en pdf y tama\u00f1o a4 a 200 dp<\/td>\n<\/tr>\n<tr>\n<td>* area de escaneo maxima: maxima 21,6 cm x 29,7 cm<\/td>\n<\/tr>\n<tr>\n<td>* resolucion maxima de escaneo: optica\/hardware: 1.200 dpi\/1.200 dpi x 2.400 dpi<\/td>\n<\/tr>\n<tr>\n<td>* profundidad de color: color: 48 bits de entrada, 24 bits de salida &#8211; escala de grises: 16 bits de entrada, 8 bits de salida blanco y negro: 16 bits de entrada, 8 bit de salida<\/td>\n<\/tr>\n<tr>\n<td>* compatibilidad: twain, wia, ica, escaneo a pc, escaneo a event manager<\/td>\n<\/tr>\n<tr>\n<td>* formato de salida twain: pdf, jpeg, png, tiff, multi-tiff, bmp (windows), pict (mac)<\/td>\n<\/tr>\n<tr>\n<td>Impresion inalambrica desde dispositivos inteligentes:<\/td>\n<\/tr>\n<tr>\n<td>* servicios soportados: epson connect solutions: epson iprint app (ios, android),<\/td>\n<\/tr>\n<tr>\n<td>Epson email print, remote print driver, google cloud print, mopria print service, apple airprint<\/td>\n<\/tr>\n<tr>\n<td>Interfaz y conectividad:<\/td>\n<\/tr>\n<tr>\n<td>*conectividad estandar: usb 2.0 hi-speed, wi-fi (802.11 b\/g\/n), wi-fi-direct<\/td>\n<\/tr>\n<tr>\n<td>* protocolos de impresion en red: tcp\/ipv4\/ipv6 y snmp, http, dhcp, bootp, apipa, ping, ddns, mdns, slp, wsd, lltd<\/td>\n<\/tr>\n<tr>\n<td>* seguridad wlan: wep (64-bit-128 bit), wpa-psk (tkip), wpa2-psk (aes), wpa3-sae (aes)<\/td>\n<\/tr>\n<tr>\n<td>* sistemas operativos: microsoft windows 10, windows 8.x, windows 7, windows vistatm, windows server 2003 (sp2) \u0096 windows server\u00ae 20198, mac os x 10.6.8, mac os 10.15.x9<\/td>\n<\/tr>\n<tr>\n<td>Manejo de papel y medios:<\/td>\n<\/tr>\n<tr>\n<td>* numero de bandejas de papel: 1 frontal<\/td>\n<\/tr>\n<tr>\n<td>* capacidad de carga de papel (80 g\/m2): 150 hojas estandar, 10 sobres y 30 tarjetas postales<\/td>\n<\/tr>\n<tr>\n<td>* capacidad de bandeja de salida: 30 hojas de papel normal (a4\/carta), 20 tarjetas postales<\/td>\n<\/tr>\n<tr>\n<td>* salida de papel: boca arriba<\/td>\n<\/tr>\n<tr>\n<td>* tama\u00f1o maximo: legal (216 mm x 356 mm)<\/td>\n<\/tr>\n<tr>\n<td>* formatos de papel: papel normal: a6 (105 mm x 148 mm), media carta (140 mm x 216 mm),<\/td>\n<\/tr>\n<tr>\n<td>Ejecutivo (184 mm x 267 mm), a4 (210 mm x 297 mm), ofi\u00accio 9 (215 mm x 315 mm), carta (216 mm x 279 mm), mexico-ofi\u00accio (216 mm x 340 mm) y legal (216 mm x 356 mm), de\u00acnido por el usuario (89 mm x 127 mm ~ 215,9 mm x 1.200 mm) sobres n\u00ba 10 (105 mm x 241 mm) * tipos de papel: papel normal, premium presentation paper matte, premium presentation paper matte double-sided, presentation paper matte<\/td>\n<\/tr>\n<tr>\n<td>* margenes de impresion: superior\/inferior\/izquierda\/derecha: 3 mm<\/td>\n<\/tr>\n<tr>\n<td>* peso de papel soportado: papel normal: 64 g\/m2 ~ 90 g\/m2<\/td>\n<\/tr>\n<tr>\n<td>General:<\/td>\n<\/tr>\n<tr>\n<td>* pantalla: lcd 1,44 a color<\/td>\n<\/tr>\n<tr>\n<td>* dimensiones (ancho x profundidad x altura): abierto: 37.5 cm x 51.1 cm x 20 cm &#8211; cerrado: 37.5 cm x 31.8 cm x 20 cm<\/td>\n<\/tr>\n<tr>\n<td>* peso: 5  kg<\/td>\n<\/tr>\n<tr>\n<td>* que hay en la caja: multifuncional monocromatica m2120, guia de instalacion, cd-rom  con controladores, cable de alimentacion, cable usb, 2 botellas de tinta negra t534 de inicializacion<\/td>\n<\/tr>\n<tr>\n<td>* pais de origen: filipinas<\/td>\n<\/tr>\n<tr>\n<td>* consumo de energia: 15 w (en modo operacion), modo preparado 4.3 w, modo espera 0.7 w<\/td>\n<\/tr>\n<tr>\n<td>* tension nominal: ca 100 \u0096 240 v<\/td>\n<\/tr>\n<tr>\n<td>* frecuencia nominal: 50 hz \u0096 60 hz<\/td>\n<\/tr>\n<tr>\n<td>* corriente nominal: 0.4 a \u0096 0.2 a<\/td>\n<\/tr>\n<tr>\n<td>* temperatura: funcionamiento: 10 \u00ba c a 35 \u00ba c. almacenamiento: -20 \u00ba c a 40 \u00ba c<\/td>\n<\/tr>\n<tr>\n<td>* humedad relativa: funcionamiento: 20% a 80%. almacenamiento: 5% a 85% (sin condensacion)<\/td>\n<\/tr>\n<tr>\n<td>* nivel de ruido en operacion: potencia acustica: 6,5 db (a). presion acustica: 53 db (a)<\/td>\n<\/tr>\n<tr>\n<td>Tinta:<\/td>\n<\/tr>\n<tr>\n<td>*rendimiento de botellas de tinta incluidas: 2 botellas con tinta negra combinadas rinden hasta 11.000 paginas<\/td>\n<\/tr>\n<tr>\n<td>*rendimiento de botella de tinta de reemplazo t534: 1 botella con tinta negra rinde hasta 6.000 paginas<\/td>\n<\/tr>\n<tr>\n<td>*tinta original pigmentada epson: especial para impresiones de documentos con textos claros, nitidos y duraderos con resistencia al agua y a la decoloracion. esta ecotank m2120 fue dise\u00f1ada<\/td>\n<\/tr>\n<tr>\n<td>Para usar botellas de tinta original marca epson. epson recomienda el uso de tinta original para asegurar resultados \u00acables de calidad de impresion. no comprometa su garantia usando tintas no originales que podrian causar da\u00f1os no cubiertos.<\/td>\n<\/tr>\n<tr>\n<td>Informacion de productos:<\/td>\n<\/tr>\n<tr>\n<td>*codigos de productos y botellas: m2120 &#8211; c11cj18301<\/td>\n<\/tr>\n<tr>\n<td>*botella de tinta negra: t534120-al &#8211; botella de tinta negra<\/td>\n<\/tr>\n<\/table>\n","protected":false},"excerpt":{"rendered":"<p>Multifuncional epson m2120 inalambrinca en blanco y negro. Ideal para emprendedores, rendimiento y eficiencia a su alcance. Impresion. * tecnologia de impresion: inyeccion de tinta monocromatica optimizada con heat-free micro piezo. * direccion de impresion: bidireccional. * configuracion de inyectores: 360 inyectores negros (2 \u00aclas de 180 inyectores. * tama\u00f1o minimo de gota de tinta: 3 picolitros con tecnologia de gotas de tinta de tama\u00f1o variable. * lenguaje de impresion: esc\/p raster y esc\/p r (sin pc. * resolucion maxima de impresion: 1,440 dpi x 720 dpi. * velocidad de impresion maxima: 32 ppm negro (borrador, a4\/carta. * velocidad de impresion iso: 15 ppm negro (a4\/carta. * timepo de salida de la primera pagina iso: 8 segundos una vez recibidos los datos (a4\/carta. * ciclo de trabajo mensual recomendado: 250-1500 paginas. * ciclo de trabajo mensual maximo: hasta 15,000 paginas. * impresion a doble cara\/duplex: manual (incluye soporte del controlador. * funciones de impresion: intercalar, modo silencioso de impresion. Copias. * velocidad de copiado maxima: 31 cpm negro (borrador\/a4\/carta) * velocidad de copiado iso: 13 cpm negro (a4\/carta. * resolucion maxima de copiado: texto en imagen hasta 600 dpi x 600 dpi. * cantidad: 1-99 (sin pc. * numero de colores: escala de grises: 256 gradaciones. * tama\u00f1o maximo de copiado: a4\/carta. * caracteristicas de copiado: reduce y aumenta (25%-400%. Escaneo. * tipo de escaner: cama plana con sensor de lineas cis de color. * velocidad de escaneo: 12 segundos blanco y negro\/28 segundos color en pdf y tama\u00f1o a4 a 200 dp. * area de escaneo maxima: maxima 21,6 cm x 29,7 cm. * resolucion maxima de escaneo: optica\/hardware: 1.200 dpi\/1.200 dpi x 2.400 dpi. * profundidad de color: color: 48 bits de entrada, 24 bits de salida &#8211; escala de grises: 16 bits de entrada, 8 bits de salida blanco y negro: 16 bits de entrada, 8 bit de salida. * compatibilidad: twain, wia, ica, escaneo a pc, escaneo a event manager. * formato de salida twain: pdf, jpeg, png, tiff, multi-tiff, bmp (windows), pict (mac. Impresion inalambrica desde dispositivos inteligentes. * servicios soportados: epson connect solutions: epson iprint app (ios, android). Epson email print, remote print driver, google cloud print, mopria print service, apple airprint. Interfaz y conectividad. *conectividad estandar: usb 2.0 hi-speed, wi-fi (802.11 b\/g\/n), wi-fi-direct. * protocolos de impresion en red: tcp\/ipv4\/ipv6 y snmp, http, dhcp, bootp, apipa, ping, ddns, mdns, slp, wsd, lltd. * seguridad wlan: wep (64-bit-128 bit), wpa-psk (tkip), wpa2-psk (aes), wpa3-sae (aes. * sistemas operativos: microsoft windows 10, windows 8.X, windows 7, windows vistatm, windows server 2003 (sp2) \u0096 windows server\u00ae 20198, mac os x 10.6.8, mac os 10.15.X9. Manejo de papel y medios. * numero de bandejas de papel: 1 frontal. * capacidad de carga de papel (80 g\/m2): 150 hojas estandar, 10 sobres y 30 tarjetas postales. * capacidad de bandeja de salida: 30 hojas de papel normal (a4\/carta), 20 tarjetas postales. * salida de papel: boca arriba. * tama\u00f1o maximo: legal (216 mm x 356 mm. * formatos de papel: papel normal: a6 (105 mm x 148 mm), media carta (140 mm x 216 mm). Ejecutivo (184 mm x 267 mm), a4 (210 mm x 297 mm), ofi\u00accio 9 (215 mm x 315 mm), carta (216 mm x 279 mm), mexico-ofi\u00accio (216 mm x 340 mm) y legal (216 mm x 356 mm), de\u00acnido por el usuario (89 mm x 127 mm ~ 215,9 mm x 1.200 mm) sobres n\u00ba 10 (105 mm x 241 mm) * tipos de papel: papel normal, premium presentation paper matte, premium presentation paper matte double-sided, presentation paper matte. * margenes de impresion: superior\/inferior\/izquierda\/derecha: 3 mm. * peso de papel soportado: papel normal: 64 g\/m2 ~ 90 g\/m2. General. * pantalla: lcd 1,44 a color. * dimensiones (ancho x profundidad x altura): abierto: 37.5 cm x 51.1 cm x 20 cm &#8211; cerrado: 37.5 cm x 31.8 cm x 20 cm. * peso: 5  kg. * que hay en la caja: multifuncional monocromatica m2120, guia de instalacion, cd-rom  con controladores, cable de alimentacion, cable usb, 2 botellas de tinta negra t534 de inicializacion. * pais de origen: filipinas. * consumo de energia: 15 w (en modo operacion), modo preparado 4.3 w, modo espera 0.7 w. * tension nominal: ca 100 \u0096 240 v. * frecuencia nominal: 50 hz \u0096 60 hz. * corriente nominal: 0.4 a \u0096 0.2 a. * temperatura: funcionamiento: 10 \u00ba c a 35 \u00ba c. Almacenamiento: -20 \u00ba c a 40 \u00ba c. * humedad relativa: funcionamiento: 20% a 80%. Almacenamiento: 5% a 85% (sin condensacion. * nivel de ruido en operacion: potencia acustica: 6,5 db (a). Presion acustica: 53 db (a. Tinta. *rendimiento de botellas de tinta incluidas: 2 botellas con tinta negra combinadas rinden hasta 11.000 paginas. *rendimiento de botella de tinta de reemplazo t534: 1 botella con tinta negra rinde hasta 6.000 paginas. *tinta original pigmentada epson: especial para impresiones de documentos con textos claros, nitidos y duraderos con resistencia al agua y a la decoloracion. Esta ecotank m2120 fue dise\u00f1ada. Para usar botellas de tinta original marca epson. Epson recomienda el uso de tinta original para asegurar resultados \u00acables de calidad de impresion. No comprometa su garantia usando tintas no originales que podrian causar da\u00f1os no cubiertos. Informacion de productos. *codigos de productos y botellas: m2120 &#8211; c11cj18301. *botella de tinta negra: t534120-al &#8211; botella de tinta negra<\/p>\n","protected":false},"featured_media":223761,"comment_status":"open","ping_status":"open","template":"","meta":[],"product_cat":[1780,1781],"product_tag":[1624],"acf":[],"yoast_head":"<!-- This site is optimized with the Yoast SEO plugin v21.7 - https:\/\/yoast.com\/wordpress\/plugins\/seo\/ -->\n<title>[ Epson ] &#129351; C11cj18301 Multifuncional M2120, 32 Ppm Negro, Tinta Continua, Ecotank, Usb, Wifi, Duplex, Monocromatica<\/title>\n<meta name=\"description\" content=\"Compra C11cj18301 Multifuncional M2120, 32 Ppm Negro, Tinta Continua, Ecotank, Usb, Wifi, Duplex, Monocromatica + Env\u00edo a domicilio + Pago seguro + Garant\u00eda\" \/>\n<meta name=\"robots\" content=\"index, follow, max-snippet:-1, max-image-preview:large, max-video-preview:-1\" \/>\n<link rel=\"canonical\" href=\"https:\/\/compuviper.mx\/tienda\/producto\/epson-c11cj18301-multifuncional-m2120-32-ppm-negro-tinta-continua-ecotank-usb-wifi-duplex-monocromatica\/\" \/>\n<meta property=\"og:locale\" content=\"es_MX\" \/>\n<meta property=\"og:type\" content=\"article\" \/>\n<meta property=\"og:title\" content=\"[ Epson ] &#129351; C11cj18301 Multifuncional M2120, 32 Ppm Negro, Tinta Continua, Ecotank, Usb, Wifi, Duplex, Monocromatica\" \/>\n<meta property=\"og:description\" content=\"Compra C11cj18301 Multifuncional M2120, 32 Ppm Negro, Tinta Continua, Ecotank, Usb, Wifi, Duplex, Monocromatica + Env\u00edo a domicilio + Pago seguro + Garant\u00eda\" \/>\n<meta property=\"og:url\" content=\"https:\/\/compuviper.mx\/tienda\/producto\/epson-c11cj18301-multifuncional-m2120-32-ppm-negro-tinta-continua-ecotank-usb-wifi-duplex-monocromatica\/\" \/>\n<meta property=\"og:site_name\" content=\"Compuviper\" \/>\n<meta property=\"article:publisher\" content=\"https:\/\/www.facebook.com\/compuviper\" \/>\n<meta property=\"og:image\" content=\"https:\/\/compuviper.mx\/tienda\/wp-content\/uploads\/2023\/12\/Multifuncional-epson-m2120-32-ppm-negro-tinta-continua-ecotank-usb-wifi-duplex-monocromatica.jpg\" \/>\n\t<meta property=\"og:image:width\" content=\"200\" \/>\n\t<meta property=\"og:image:height\" content=\"200\" \/>\n\t<meta property=\"og:image:type\" content=\"image\/jpeg\" \/>\n<meta name=\"twitter:card\" content=\"summary_large_image\" \/>\n<meta name=\"twitter:label1\" content=\"Precio\" \/>\n\t<meta name=\"twitter:data1\" content=\"&#36;5,396 con IVA\" \/>\n\t<meta name=\"twitter:label2\" content=\"Availability\" \/>\n\t<meta name=\"twitter:data2\" content=\"In stock\" \/>\n<script type=\"application\/ld+json\" class=\"yoast-schema-graph\">{\"@context\":\"https:\/\/schema.org\",\"@graph\":[{\"@type\":\"WebPage\",\"@id\":\"https:\/\/compuviper.mx\/tienda\/producto\/epson-c11cj18301-multifuncional-m2120-32-ppm-negro-tinta-continua-ecotank-usb-wifi-duplex-monocromatica\/\",\"url\":\"https:\/\/compuviper.mx\/tienda\/producto\/epson-c11cj18301-multifuncional-m2120-32-ppm-negro-tinta-continua-ecotank-usb-wifi-duplex-monocromatica\/\",\"name\":\"[ Epson ] &#129351; C11cj18301 Multifuncional M2120, 32 Ppm Negro, Tinta Continua, Ecotank, Usb, Wifi, Duplex, Monocromatica\",\"isPartOf\":{\"@id\":\"https:\/\/compuviper.mx\/tienda\/#website\"},\"datePublished\":\"2026-04-18T07:48:23+00:00\",\"dateModified\":\"2026-04-18T07:48:23+00:00\",\"description\":\"Compra C11cj18301 Multifuncional M2120, 32 Ppm Negro, Tinta Continua, Ecotank, Usb, Wifi, Duplex, Monocromatica + Env\u00edo a domicilio + Pago seguro + Garant\u00eda\",\"breadcrumb\":{\"@id\":\"https:\/\/compuviper.mx\/tienda\/producto\/epson-c11cj18301-multifuncional-m2120-32-ppm-negro-tinta-continua-ecotank-usb-wifi-duplex-monocromatica\/#breadcrumb\"},\"inLanguage\":\"es-MX\",\"potentialAction\":[{\"@type\":\"ReadAction\",\"target\":[\"https:\/\/compuviper.mx\/tienda\/producto\/epson-c11cj18301-multifuncional-m2120-32-ppm-negro-tinta-continua-ecotank-usb-wifi-duplex-monocromatica\/\"]}]},{\"@type\":\"BreadcrumbList\",\"@id\":\"https:\/\/compuviper.mx\/tienda\/producto\/epson-c11cj18301-multifuncional-m2120-32-ppm-negro-tinta-continua-ecotank-usb-wifi-duplex-monocromatica\/#breadcrumb\",\"itemListElement\":[{\"@type\":\"ListItem\",\"position\":1,\"name\":\"Inicio\",\"item\":\"https:\/\/compuviper.mx\/tienda\/\"},{\"@type\":\"ListItem\",\"position\":2,\"name\":\"Productos\",\"item\":\"https:\/\/compuviper.mx\/tienda\/productos\/\"},{\"@type\":\"ListItem\",\"position\":3,\"name\":\"Multifuncionales\",\"item\":\"https:\/\/compuviper.mx\/tienda\/categoria-producto\/multifuncionales\/\"},{\"@type\":\"ListItem\",\"position\":4,\"name\":\"Inyeccion De Tinta\",\"item\":\"https:\/\/compuviper.mx\/tienda\/categoria-producto\/multifuncionales\/inyeccion-de-tinta\/\"},{\"@type\":\"ListItem\",\"position\":5,\"name\":\"Epson C11cj18301 Multifuncional M2120, 32 Ppm Negro, Tinta Continua, Ecotank, Usb, Wifi, Duplex, Monocromatica\"}]},{\"@type\":\"WebSite\",\"@id\":\"https:\/\/compuviper.mx\/tienda\/#website\",\"url\":\"https:\/\/compuviper.mx\/tienda\/\",\"name\":\"Compuviper\",\"description\":\"Proveedor de Computadoras, Laptops, Servidores, Monitores, Puntos de Venta, Teclados,   Impresoras, T\u00f3ner, C\u00e1maras de Seguridad y m\u00e1s en tu tienda en l\u00ednea\",\"publisher\":{\"@id\":\"https:\/\/compuviper.mx\/tienda\/#organization\"},\"potentialAction\":[{\"@type\":\"SearchAction\",\"target\":{\"@type\":\"EntryPoint\",\"urlTemplate\":\"https:\/\/compuviper.mx\/tienda\/?s={search_term_string}\"},\"query-input\":\"required name=search_term_string\"}],\"inLanguage\":\"es-MX\"},{\"@type\":\"Organization\",\"@id\":\"https:\/\/compuviper.mx\/tienda\/#organization\",\"name\":\"Compuviper\",\"url\":\"https:\/\/compuviper.mx\/tienda\/\",\"logo\":{\"@type\":\"ImageObject\",\"inLanguage\":\"es-MX\",\"@id\":\"https:\/\/compuviper.mx\/tienda\/#\/schema\/logo\/image\/\",\"url\":\"https:\/\/compuviper.mx\/tienda\/wp-content\/uploads\/2021\/08\/Logo-Compuviper-10.png\",\"contentUrl\":\"https:\/\/compuviper.mx\/tienda\/wp-content\/uploads\/2021\/08\/Logo-Compuviper-10.png\",\"width\":1000,\"height\":500,\"caption\":\"Compuviper\"},\"image\":{\"@id\":\"https:\/\/compuviper.mx\/tienda\/#\/schema\/logo\/image\/\"},\"sameAs\":[\"https:\/\/www.facebook.com\/compuviper\",\"https:\/\/www.youtube.com\/channel\/UCf73dERp9Y3cfOq7q8BhLjA?view_as=subscriber\"]}]}<\/script>\n<meta property=\"product:brand\" content=\"EPSON\" \/>\n<meta property=\"product:price:amount\" content=\"5396\" \/>\n<meta property=\"product:price:currency\" content=\"MXN\" \/>\n<meta property=\"og:availability\" content=\"instock\" \/>\n<meta property=\"product:availability\" content=\"instock\" \/>\n<meta property=\"product:retailer_item_id\" content=\"C11CJ18301\" \/>\n<meta property=\"product:condition\" content=\"new\" \/>\n<!-- \/ Yoast SEO plugin. -->","yoast_head_json":{"title":"[ Epson ] &#129351; C11cj18301 Multifuncional M2120, 32 Ppm Negro, Tinta Continua, Ecotank, Usb, Wifi, Duplex, Monocromatica","description":"Compra C11cj18301 Multifuncional M2120, 32 Ppm Negro, Tinta Continua, Ecotank, Usb, Wifi, Duplex, Monocromatica + Env\u00edo a domicilio + Pago seguro + Garant\u00eda","robots":{"index":"index","follow":"follow","max-snippet":"max-snippet:-1","max-image-preview":"max-image-preview:large","max-video-preview":"max-video-preview:-1"},"canonical":"https:\/\/compuviper.mx\/tienda\/producto\/epson-c11cj18301-multifuncional-m2120-32-ppm-negro-tinta-continua-ecotank-usb-wifi-duplex-monocromatica\/","og_locale":"es_MX","og_type":"article","og_title":"[ Epson ] &#129351; C11cj18301 Multifuncional M2120, 32 Ppm Negro, Tinta Continua, Ecotank, Usb, Wifi, Duplex, Monocromatica","og_description":"Compra C11cj18301 Multifuncional M2120, 32 Ppm Negro, Tinta Continua, Ecotank, Usb, Wifi, Duplex, Monocromatica + Env\u00edo a domicilio + Pago seguro + Garant\u00eda","og_url":"https:\/\/compuviper.mx\/tienda\/producto\/epson-c11cj18301-multifuncional-m2120-32-ppm-negro-tinta-continua-ecotank-usb-wifi-duplex-monocromatica\/","og_site_name":"Compuviper","article_publisher":"https:\/\/www.facebook.com\/compuviper","og_image":[{"width":200,"height":200,"url":"https:\/\/compuviper.mx\/tienda\/wp-content\/uploads\/2023\/12\/Multifuncional-epson-m2120-32-ppm-negro-tinta-continua-ecotank-usb-wifi-duplex-monocromatica.jpg","type":"image\/jpeg"}],"twitter_card":"summary_large_image","twitter_misc":{"Precio":"&#36;5,396 con IVA","Availability":"In stock"},"schema":{"@context":"https:\/\/schema.org","@graph":[{"@type":"WebPage","@id":"https:\/\/compuviper.mx\/tienda\/producto\/epson-c11cj18301-multifuncional-m2120-32-ppm-negro-tinta-continua-ecotank-usb-wifi-duplex-monocromatica\/","url":"https:\/\/compuviper.mx\/tienda\/producto\/epson-c11cj18301-multifuncional-m2120-32-ppm-negro-tinta-continua-ecotank-usb-wifi-duplex-monocromatica\/","name":"[ Epson ] &#129351; C11cj18301 Multifuncional M2120, 32 Ppm Negro, Tinta Continua, Ecotank, Usb, Wifi, Duplex, Monocromatica","isPartOf":{"@id":"https:\/\/compuviper.mx\/tienda\/#website"},"datePublished":"2026-04-18T07:48:23+00:00","dateModified":"2026-04-18T07:48:23+00:00","description":"Compra C11cj18301 Multifuncional M2120, 32 Ppm Negro, Tinta Continua, Ecotank, Usb, Wifi, Duplex, Monocromatica + Env\u00edo a domicilio + Pago seguro + Garant\u00eda","breadcrumb":{"@id":"https:\/\/compuviper.mx\/tienda\/producto\/epson-c11cj18301-multifuncional-m2120-32-ppm-negro-tinta-continua-ecotank-usb-wifi-duplex-monocromatica\/#breadcrumb"},"inLanguage":"es-MX","potentialAction":[{"@type":"ReadAction","target":["https:\/\/compuviper.mx\/tienda\/producto\/epson-c11cj18301-multifuncional-m2120-32-ppm-negro-tinta-continua-ecotank-usb-wifi-duplex-monocromatica\/"]}]},{"@type":"BreadcrumbList","@id":"https:\/\/compuviper.mx\/tienda\/producto\/epson-c11cj18301-multifuncional-m2120-32-ppm-negro-tinta-continua-ecotank-usb-wifi-duplex-monocromatica\/#breadcrumb","itemListElement":[{"@type":"ListItem","position":1,"name":"Inicio","item":"https:\/\/compuviper.mx\/tienda\/"},{"@type":"ListItem","position":2,"name":"Productos","item":"https:\/\/compuviper.mx\/tienda\/productos\/"},{"@type":"ListItem","position":3,"name":"Multifuncionales","item":"https:\/\/compuviper.mx\/tienda\/categoria-producto\/multifuncionales\/"},{"@type":"ListItem","position":4,"name":"Inyeccion De Tinta","item":"https:\/\/compuviper.mx\/tienda\/categoria-producto\/multifuncionales\/inyeccion-de-tinta\/"},{"@type":"ListItem","position":5,"name":"Epson C11cj18301 Multifuncional M2120, 32 Ppm Negro, Tinta Continua, Ecotank, Usb, Wifi, Duplex, Monocromatica"}]},{"@type":"WebSite","@id":"https:\/\/compuviper.mx\/tienda\/#website","url":"https:\/\/compuviper.mx\/tienda\/","name":"Compuviper","description":"Proveedor de Computadoras, Laptops, Servidores, Monitores, Puntos de Venta, Teclados,   Impresoras, T\u00f3ner, C\u00e1maras de Seguridad y m\u00e1s en tu tienda en l\u00ednea","publisher":{"@id":"https:\/\/compuviper.mx\/tienda\/#organization"},"potentialAction":[{"@type":"SearchAction","target":{"@type":"EntryPoint","urlTemplate":"https:\/\/compuviper.mx\/tienda\/?s={search_term_string}"},"query-input":"required name=search_term_string"}],"inLanguage":"es-MX"},{"@type":"Organization","@id":"https:\/\/compuviper.mx\/tienda\/#organization","name":"Compuviper","url":"https:\/\/compuviper.mx\/tienda\/","logo":{"@type":"ImageObject","inLanguage":"es-MX","@id":"https:\/\/compuviper.mx\/tienda\/#\/schema\/logo\/image\/","url":"https:\/\/compuviper.mx\/tienda\/wp-content\/uploads\/2021\/08\/Logo-Compuviper-10.png","contentUrl":"https:\/\/compuviper.mx\/tienda\/wp-content\/uploads\/2021\/08\/Logo-Compuviper-10.png","width":1000,"height":500,"caption":"Compuviper"},"image":{"@id":"https:\/\/compuviper.mx\/tienda\/#\/schema\/logo\/image\/"},"sameAs":["https:\/\/www.facebook.com\/compuviper","https:\/\/www.youtube.com\/channel\/UCf73dERp9Y3cfOq7q8BhLjA?view_as=subscriber"]}]},"product_brand":"EPSON","product_price_amount":"5396","product_price_currency":"MXN","og_availability":"instock","product_availability":"instock","product_retailer_item_id":"C11CJ18301","product_condition":"new"},"_links":{"self":[{"href":"https:\/\/compuviper.mx\/tienda\/wp-json\/wp\/v2\/product\/223760"}],"collection":[{"href":"https:\/\/compuviper.mx\/tienda\/wp-json\/wp\/v2\/product"}],"about":[{"href":"https:\/\/compuviper.mx\/tienda\/wp-json\/wp\/v2\/types\/product"}],"replies":[{"embeddable":true,"href":"https:\/\/compuviper.mx\/tienda\/wp-json\/wp\/v2\/comments?post=223760"}],"wp:featuredmedia":[{"embeddable":true,"href":"https:\/\/compuviper.mx\/tienda\/wp-json\/wp\/v2\/media\/223761"}],"wp:attachment":[{"href":"https:\/\/compuviper.mx\/tienda\/wp-json\/wp\/v2\/media?parent=223760"}],"wp:term":[{"taxonomy":"product_cat","embeddable":true,"href":"https:\/\/compuviper.mx\/tienda\/wp-json\/wp\/v2\/product_cat?post=223760"},{"taxonomy":"product_tag","embeddable":true,"href":"https:\/\/compuviper.mx\/tienda\/wp-json\/wp\/v2\/product_tag?post=223760"}],"curies":[{"name":"wp","href":"https:\/\/api.w.org\/{rel}","templated":true}]}}