{"id":223750,"date":"2026-04-18T01:48:22","date_gmt":"2026-04-18T07:48:22","guid":{"rendered":"https:\/\/compuviper.mx\/tienda\/producto\/epson-c11cj68301-multifuncional-l3210-ppm-33-negro-15-color-tinta-continua-ecotank-usb\/"},"modified":"2026-04-18T01:48:22","modified_gmt":"2026-04-18T07:48:22","slug":"epson-c11cj68301-multifuncional-l3210-ppm-33-negro-15-color-tinta-continua-ecotank-usb","status":"publish","type":"product","link":"https:\/\/compuviper.mx\/tienda\/producto\/epson-c11cj68301-multifuncional-l3210-ppm-33-negro-15-color-tinta-continua-ecotank-usb\/","title":{"rendered":"Epson C11cj68301 Multifuncional  L3210, Ppm 33 Negro\/15 Color, Tinta Continua, Ecotank, Usb"},"content":{"rendered":"<table class=\"descripcion\">\n<tr>\n<td>Multifuncional epson l3210, ecotank ideal para el hogar.<\/td>\n<\/tr>\n<tr>\n<td>Economica, confiable y conveniente.<\/td>\n<\/tr>\n<tr>\n<td>Impresion<\/td>\n<\/tr>\n<tr>\n<td>* tecnologia de impresion: inyeccion de tinta heat-freetm micro piezo de 4 colores (cmyk)<\/td>\n<\/tr>\n<tr>\n<td>* resolucion maxima de impresion: hasta 5760 dpi x 1440 dpi<\/td>\n<\/tr>\n<tr>\n<td>* velocidad de impresion maxima: negro 33 ppm y color 15 ppm (borrador, a4\/carta)<\/td>\n<\/tr>\n<tr>\n<td>* velocidad de impresion iso: negro 10 ppm y color 5 ppm (a4\/carta)<\/td>\n<\/tr>\n<tr>\n<td>Copias<\/td>\n<\/tr>\n<tr>\n<td>* velocidad de copiado iso: negro 7 cpm y color 1,7 cpm (a4\/carta) *resolucion maxima de copiado: 600 dpi x 1.200 dpi<\/td>\n<\/tr>\n<tr>\n<td>* tama\u00f1o maximo de copiado: a4\/carta<\/td>\n<\/tr>\n<tr>\n<td>Escaneo<\/td>\n<\/tr>\n<tr>\n<td>* tipo de escaner : cama plana con sensor de lineas cis de color<\/td>\n<\/tr>\n<tr>\n<td>* area de escaneo maxima: 216 mm x 297 mm<\/td>\n<\/tr>\n<tr>\n<td>* resolucion optica\/maxima: 600 dpi x 1.200 dpi<\/td>\n<\/tr>\n<tr>\n<td>* profundidad de color: color: 48 bits de entrada, 24 bits de salida &#8211; escala de grises: 16 bits de entrada,<\/td>\n<\/tr>\n<tr>\n<td>8 bits de salida blanco y negro: 16 bits de entrada, 1 bit de salida<\/td>\n<\/tr>\n<tr>\n<td>Interfaz y conectividad<\/td>\n<\/tr>\n<tr>\n<td>* conectividad estandar: usb de alta velocidad (compatible con usb 2.0)<\/td>\n<\/tr>\n<tr>\n<td>* compatibilidad con sistemas operativos: +windows vista \/ 7 \/ 8 \/ 8.1 \/ 10 o mas reciente (32bit, 64bit)<\/td>\n<\/tr>\n<tr>\n<td>Windows server 2003 (sp2) or later, mac os x 10.5.8 o mas reciente, macos 11 o mas reciente<\/td>\n<\/tr>\n<tr>\n<td>Manejo de papel y medios<\/td>\n<\/tr>\n<tr>\n<td>* tama\u00f1o maximo de impresion: 215.9 mm x 1.200 mm<\/td>\n<\/tr>\n<tr>\n<td>* tipos de papeles soportados: papel normal, papel especial epson (photo glossy\/semi-gloss, presentation paper matte, high quality ink jet paper y sobres)<\/td>\n<\/tr>\n<tr>\n<td>* tama\u00f1os de papeles soportados: estandar: a4, carta, oficio (21,59 cm x 35,56 cm), mexico-oficio (21,59 cm x 34,04 cm), oficio 9 (21,49 cm x 31,5 cm), folio (2159 mm x 3302 mm), ejecutivo, media carta, a6<\/td>\n<\/tr>\n<tr>\n<td>Foto: 10 cm x 15 cm (4\u0094 x 6\u0094), 16:9 wide (10,2 cm x 18,1 cm), 13 cm x 18 cm (5\u0094 x 7\u0094), sobres: 10 &#8211; definido por el usuario: 54 mm x 86 mm &#8211; 215.9 mm x 1.200 mm<\/td>\n<\/tr>\n<tr>\n<td>* capacidad de carga: alimentacion trasera: hasta 100 hojas (a4\/carta)<\/td>\n<\/tr>\n<tr>\n<td>General<\/td>\n<\/tr>\n<tr>\n<td>* software incluido: cd: printer driver, epson photo+, epson scansmart<\/td>\n<\/tr>\n<tr>\n<td>* dimensiones (ancho x profundidad x altura): abierto: 37.5 cm x 57.8 cm x 25.3 cm &#8211; cerrado: 37.5 cm x 34.7 cm x 18.7 cm<\/td>\n<\/tr>\n<tr>\n<td>* peso: 3.9 kg<\/td>\n<\/tr>\n<tr>\n<td>* que hay en la caja: impresora epson ecotank l3210, guia de instalacion, cd con controladores, cable de alimentacion, cable usb<\/td>\n<\/tr>\n<tr>\n<td>* pais de origen: filipinas<\/td>\n<\/tr>\n<tr>\n<td>* garantia limitada extendida: 2 a\u00f1os con registro del producto<\/td>\n<\/tr>\n<tr>\n<td>* consumo de energia: 14 w (en modo operacion)<\/td>\n<\/tr>\n<tr>\n<td>* tension y frecuencia nominal: ecotank l3210 (110v) c11cj68301: ac 100 &#8211; 240 v \/ 50 &#8211; 60 hz, ecotank l3210 (220v) c11cj68303: ac 100 &#8211; 240 v \/ 50 &#8211; 60 hz<\/td>\n<\/tr>\n<tr>\n<td>Rendimiento de tintas<\/td>\n<\/tr>\n<tr>\n<td>* botellas de tinta de reemplazo original: 1 botella con tinta negra rinde hasta 4.500 paginas, 3 botellas a color (cian, magenta, amarillo) rinden hasta 7.500 paginas<\/td>\n<\/tr>\n<tr>\n<td>Informacion de productos<\/td>\n<\/tr>\n<tr>\n<td>* codigos de productos y botellas: impresora multifuncional epson ecotank l3210 (110v) c11cj68301, impresora multifuncional epson ecotank l3210 (220v) c11cj68303, botella tinta negra t544120-al, botella tinta cian t544220-al, botella tinta amarilla t544320-al, botella tinta magenta t544420<\/td>\n<\/tr>\n<\/table>\n","protected":false},"excerpt":{"rendered":"<p>Multifuncional epson l3210, ecotank ideal para el hogar. Economica, confiable y conveniente. Impresion. * tecnologia de impresion: inyeccion de tinta heat-freetm micro piezo de 4 colores (cmyk. * resolucion maxima de impresion: hasta 5760 dpi x 1440 dpi. * velocidad de impresion maxima: negro 33 ppm y color 15 ppm (borrador, a4\/carta. * velocidad de impresion iso: negro 10 ppm y color 5 ppm (a4\/carta. Copias. * velocidad de copiado iso: negro 7 cpm y color 1,7 cpm (a4\/carta) *resolucion maxima de copiado: 600 dpi x 1.200 dpi. * tama\u00f1o maximo de copiado: a4\/carta. Escaneo. * tipo de escaner : cama plana con sensor de lineas cis de color. * area de escaneo maxima: 216 mm x 297 mm. * resolucion optica\/maxima: 600 dpi x 1.200 dpi. * profundidad de color: color: 48 bits de entrada, 24 bits de salida &#8211; escala de grises: 16 bits de entrada. 8 bits de salida blanco y negro: 16 bits de entrada, 1 bit de salida. Interfaz y conectividad. * conectividad estandar: usb de alta velocidad (compatible con usb 2.0. * compatibilidad con sistemas operativos: +windows vista \/ 7 \/ 8 \/ 8.1 \/ 10 o mas reciente (32bit, 64bit. Windows server 2003 (sp2) or later, mac os x 10.5.8 o mas reciente, macos 11 o mas reciente. Manejo de papel y medios. * tama\u00f1o maximo de impresion: 215.9 mm x 1.200 mm. * tipos de papeles soportados: papel normal, papel especial epson (photo glossy\/semi-gloss, presentation paper matte, high quality ink jet paper y sobres. * tama\u00f1os de papeles soportados: estandar: a4, carta, oficio (21,59 cm x 35,56 cm), mexico-oficio (21,59 cm x 34,04 cm), oficio 9 (21,49 cm x 31,5 cm), folio (2159 mm x 3302 mm), ejecutivo, media carta, a6. Foto: 10 cm x 15 cm (4\u0094 x 6\u0094), 16:9 wide (10,2 cm x 18,1 cm), 13 cm x 18 cm (5\u0094 x 7\u0094), sobres: 10 &#8211; definido por el usuario: 54 mm x 86 mm &#8211; 215.9 mm x 1.200 mm. * capacidad de carga: alimentacion trasera: hasta 100 hojas (a4\/carta. General. * software incluido: cd: printer driver, epson photo+, epson scansmart. * dimensiones (ancho x profundidad x altura): abierto: 37.5 cm x 57.8 cm x 25.3 cm &#8211; cerrado: 37.5 cm x 34.7 cm x 18.7 cm. * peso: 3.9 kg. * que hay en la caja: impresora epson ecotank l3210, guia de instalacion, cd con controladores, cable de alimentacion, cable usb. * pais de origen: filipinas. * garantia limitada extendida: 2 a\u00f1os con registro del producto. * consumo de energia: 14 w (en modo operacion. * tension y frecuencia nominal: ecotank l3210 (110v) c11cj68301: ac 100 &#8211; 240 v \/ 50 &#8211; 60 hz, ecotank l3210 (220v) c11cj68303: ac 100 &#8211; 240 v \/ 50 &#8211; 60 hz. Rendimiento de tintas. * botellas de tinta de reemplazo original: 1 botella con tinta negra rinde hasta 4.500 paginas, 3 botellas a color (cian, magenta, amarillo) rinden hasta 7.500 paginas. Informacion de productos. * codigos de productos y botellas: impresora multifuncional epson ecotank l3210 (110v) c11cj68301, impresora multifuncional epson ecotank l3210 (220v) c11cj68303, botella tinta negra t544120-al, botella tinta cian t544220-al, botella tinta amarilla t544320-al, botella tinta magenta t544420<\/p>\n","protected":false},"featured_media":223751,"comment_status":"open","ping_status":"open","template":"","meta":[],"product_cat":[1780,1781],"product_tag":[1624],"acf":[],"yoast_head":"<!-- This site is optimized with the Yoast SEO plugin v21.7 - https:\/\/yoast.com\/wordpress\/plugins\/seo\/ -->\n<title>[ Epson ] &#129351; C11cj68301 Multifuncional L3210, Ppm 33 Negro\/15 Color, Tinta Continua, Ecotank, Usb<\/title>\n<meta name=\"description\" content=\"Compra C11cj68301 Multifuncional L3210, Ppm 33 Negro\/15 Color, Tinta Continua, Ecotank, Usb + Env\u00edo a domicilio + Pago seguro + Garant\u00eda\" \/>\n<meta name=\"robots\" content=\"index, follow, max-snippet:-1, max-image-preview:large, max-video-preview:-1\" \/>\n<link rel=\"canonical\" href=\"https:\/\/compuviper.mx\/tienda\/producto\/epson-c11cj68301-multifuncional-l3210-ppm-33-negro-15-color-tinta-continua-ecotank-usb\/\" \/>\n<meta property=\"og:locale\" content=\"es_MX\" \/>\n<meta property=\"og:type\" content=\"article\" \/>\n<meta property=\"og:title\" content=\"[ Epson ] &#129351; C11cj68301 Multifuncional L3210, Ppm 33 Negro\/15 Color, Tinta Continua, Ecotank, Usb\" \/>\n<meta property=\"og:description\" content=\"Compra C11cj68301 Multifuncional L3210, Ppm 33 Negro\/15 Color, Tinta Continua, Ecotank, Usb + Env\u00edo a domicilio + Pago seguro + Garant\u00eda\" \/>\n<meta property=\"og:url\" content=\"https:\/\/compuviper.mx\/tienda\/producto\/epson-c11cj68301-multifuncional-l3210-ppm-33-negro-15-color-tinta-continua-ecotank-usb\/\" \/>\n<meta property=\"og:site_name\" content=\"Compuviper\" \/>\n<meta property=\"article:publisher\" content=\"https:\/\/www.facebook.com\/compuviper\" \/>\n<meta property=\"og:image\" content=\"https:\/\/compuviper.mx\/tienda\/wp-content\/uploads\/2023\/12\/Multifuncional-epson-l3210-ppm-33-negro15-color-tinta-continua-ecotank-usb.jpg\" \/>\n\t<meta property=\"og:image:width\" content=\"200\" \/>\n\t<meta property=\"og:image:height\" content=\"200\" \/>\n\t<meta property=\"og:image:type\" content=\"image\/jpeg\" \/>\n<meta name=\"twitter:card\" content=\"summary_large_image\" \/>\n<meta name=\"twitter:label1\" content=\"Precio\" \/>\n\t<meta name=\"twitter:data1\" content=\"&#36;3,320 &#36;3,066 con IVA\" \/>\n\t<meta name=\"twitter:label2\" content=\"Availability\" \/>\n\t<meta name=\"twitter:data2\" content=\"In stock\" \/>\n<script type=\"application\/ld+json\" class=\"yoast-schema-graph\">{\"@context\":\"https:\/\/schema.org\",\"@graph\":[{\"@type\":\"WebPage\",\"@id\":\"https:\/\/compuviper.mx\/tienda\/producto\/epson-c11cj68301-multifuncional-l3210-ppm-33-negro-15-color-tinta-continua-ecotank-usb\/\",\"url\":\"https:\/\/compuviper.mx\/tienda\/producto\/epson-c11cj68301-multifuncional-l3210-ppm-33-negro-15-color-tinta-continua-ecotank-usb\/\",\"name\":\"[ Epson ] &#129351; C11cj68301 Multifuncional L3210, Ppm 33 Negro\/15 Color, Tinta Continua, Ecotank, Usb\",\"isPartOf\":{\"@id\":\"https:\/\/compuviper.mx\/tienda\/#website\"},\"datePublished\":\"2026-04-18T07:48:22+00:00\",\"dateModified\":\"2026-04-18T07:48:22+00:00\",\"description\":\"Compra C11cj68301 Multifuncional L3210, Ppm 33 Negro\/15 Color, Tinta Continua, Ecotank, Usb + Env\u00edo a domicilio + Pago seguro + Garant\u00eda\",\"breadcrumb\":{\"@id\":\"https:\/\/compuviper.mx\/tienda\/producto\/epson-c11cj68301-multifuncional-l3210-ppm-33-negro-15-color-tinta-continua-ecotank-usb\/#breadcrumb\"},\"inLanguage\":\"es-MX\",\"potentialAction\":[{\"@type\":\"ReadAction\",\"target\":[\"https:\/\/compuviper.mx\/tienda\/producto\/epson-c11cj68301-multifuncional-l3210-ppm-33-negro-15-color-tinta-continua-ecotank-usb\/\"]}]},{\"@type\":\"BreadcrumbList\",\"@id\":\"https:\/\/compuviper.mx\/tienda\/producto\/epson-c11cj68301-multifuncional-l3210-ppm-33-negro-15-color-tinta-continua-ecotank-usb\/#breadcrumb\",\"itemListElement\":[{\"@type\":\"ListItem\",\"position\":1,\"name\":\"Inicio\",\"item\":\"https:\/\/compuviper.mx\/tienda\/\"},{\"@type\":\"ListItem\",\"position\":2,\"name\":\"Productos\",\"item\":\"https:\/\/compuviper.mx\/tienda\/productos\/\"},{\"@type\":\"ListItem\",\"position\":3,\"name\":\"Multifuncionales\",\"item\":\"https:\/\/compuviper.mx\/tienda\/categoria-producto\/multifuncionales\/\"},{\"@type\":\"ListItem\",\"position\":4,\"name\":\"Inyeccion De Tinta\",\"item\":\"https:\/\/compuviper.mx\/tienda\/categoria-producto\/multifuncionales\/inyeccion-de-tinta\/\"},{\"@type\":\"ListItem\",\"position\":5,\"name\":\"Epson C11cj68301 Multifuncional L3210, Ppm 33 Negro\/15 Color, Tinta Continua, Ecotank, Usb\"}]},{\"@type\":\"WebSite\",\"@id\":\"https:\/\/compuviper.mx\/tienda\/#website\",\"url\":\"https:\/\/compuviper.mx\/tienda\/\",\"name\":\"Compuviper\",\"description\":\"Proveedor de Computadoras, Laptops, Servidores, Monitores, Puntos de Venta, Teclados,   Impresoras, T\u00f3ner, C\u00e1maras de Seguridad y m\u00e1s en tu tienda en l\u00ednea\",\"publisher\":{\"@id\":\"https:\/\/compuviper.mx\/tienda\/#organization\"},\"potentialAction\":[{\"@type\":\"SearchAction\",\"target\":{\"@type\":\"EntryPoint\",\"urlTemplate\":\"https:\/\/compuviper.mx\/tienda\/?s={search_term_string}\"},\"query-input\":\"required name=search_term_string\"}],\"inLanguage\":\"es-MX\"},{\"@type\":\"Organization\",\"@id\":\"https:\/\/compuviper.mx\/tienda\/#organization\",\"name\":\"Compuviper\",\"url\":\"https:\/\/compuviper.mx\/tienda\/\",\"logo\":{\"@type\":\"ImageObject\",\"inLanguage\":\"es-MX\",\"@id\":\"https:\/\/compuviper.mx\/tienda\/#\/schema\/logo\/image\/\",\"url\":\"https:\/\/compuviper.mx\/tienda\/wp-content\/uploads\/2021\/08\/Logo-Compuviper-10.png\",\"contentUrl\":\"https:\/\/compuviper.mx\/tienda\/wp-content\/uploads\/2021\/08\/Logo-Compuviper-10.png\",\"width\":1000,\"height\":500,\"caption\":\"Compuviper\"},\"image\":{\"@id\":\"https:\/\/compuviper.mx\/tienda\/#\/schema\/logo\/image\/\"},\"sameAs\":[\"https:\/\/www.facebook.com\/compuviper\",\"https:\/\/www.youtube.com\/channel\/UCf73dERp9Y3cfOq7q8BhLjA?view_as=subscriber\"]}]}<\/script>\n<meta property=\"product:brand\" content=\"EPSON\" \/>\n<meta property=\"product:price:amount\" content=\"3066\" \/>\n<meta property=\"product:price:currency\" content=\"MXN\" \/>\n<meta property=\"og:availability\" content=\"instock\" \/>\n<meta property=\"product:availability\" content=\"instock\" \/>\n<meta property=\"product:retailer_item_id\" content=\"C11CJ68301\" \/>\n<meta property=\"product:condition\" content=\"new\" \/>\n<!-- \/ Yoast SEO plugin. -->","yoast_head_json":{"title":"[ Epson ] &#129351; C11cj68301 Multifuncional L3210, Ppm 33 Negro\/15 Color, Tinta Continua, Ecotank, Usb","description":"Compra C11cj68301 Multifuncional L3210, Ppm 33 Negro\/15 Color, Tinta Continua, Ecotank, Usb + Env\u00edo a domicilio + Pago seguro + Garant\u00eda","robots":{"index":"index","follow":"follow","max-snippet":"max-snippet:-1","max-image-preview":"max-image-preview:large","max-video-preview":"max-video-preview:-1"},"canonical":"https:\/\/compuviper.mx\/tienda\/producto\/epson-c11cj68301-multifuncional-l3210-ppm-33-negro-15-color-tinta-continua-ecotank-usb\/","og_locale":"es_MX","og_type":"article","og_title":"[ Epson ] &#129351; C11cj68301 Multifuncional L3210, Ppm 33 Negro\/15 Color, Tinta Continua, Ecotank, Usb","og_description":"Compra C11cj68301 Multifuncional L3210, Ppm 33 Negro\/15 Color, Tinta Continua, Ecotank, Usb + Env\u00edo a domicilio + Pago seguro + Garant\u00eda","og_url":"https:\/\/compuviper.mx\/tienda\/producto\/epson-c11cj68301-multifuncional-l3210-ppm-33-negro-15-color-tinta-continua-ecotank-usb\/","og_site_name":"Compuviper","article_publisher":"https:\/\/www.facebook.com\/compuviper","og_image":[{"width":200,"height":200,"url":"https:\/\/compuviper.mx\/tienda\/wp-content\/uploads\/2023\/12\/Multifuncional-epson-l3210-ppm-33-negro15-color-tinta-continua-ecotank-usb.jpg","type":"image\/jpeg"}],"twitter_card":"summary_large_image","twitter_misc":{"Precio":"&#36;3,320 &#36;3,066 con IVA","Availability":"In stock"},"schema":{"@context":"https:\/\/schema.org","@graph":[{"@type":"WebPage","@id":"https:\/\/compuviper.mx\/tienda\/producto\/epson-c11cj68301-multifuncional-l3210-ppm-33-negro-15-color-tinta-continua-ecotank-usb\/","url":"https:\/\/compuviper.mx\/tienda\/producto\/epson-c11cj68301-multifuncional-l3210-ppm-33-negro-15-color-tinta-continua-ecotank-usb\/","name":"[ Epson ] &#129351; C11cj68301 Multifuncional L3210, Ppm 33 Negro\/15 Color, Tinta Continua, Ecotank, Usb","isPartOf":{"@id":"https:\/\/compuviper.mx\/tienda\/#website"},"datePublished":"2026-04-18T07:48:22+00:00","dateModified":"2026-04-18T07:48:22+00:00","description":"Compra C11cj68301 Multifuncional L3210, Ppm 33 Negro\/15 Color, Tinta Continua, Ecotank, Usb + Env\u00edo a domicilio + Pago seguro + Garant\u00eda","breadcrumb":{"@id":"https:\/\/compuviper.mx\/tienda\/producto\/epson-c11cj68301-multifuncional-l3210-ppm-33-negro-15-color-tinta-continua-ecotank-usb\/#breadcrumb"},"inLanguage":"es-MX","potentialAction":[{"@type":"ReadAction","target":["https:\/\/compuviper.mx\/tienda\/producto\/epson-c11cj68301-multifuncional-l3210-ppm-33-negro-15-color-tinta-continua-ecotank-usb\/"]}]},{"@type":"BreadcrumbList","@id":"https:\/\/compuviper.mx\/tienda\/producto\/epson-c11cj68301-multifuncional-l3210-ppm-33-negro-15-color-tinta-continua-ecotank-usb\/#breadcrumb","itemListElement":[{"@type":"ListItem","position":1,"name":"Inicio","item":"https:\/\/compuviper.mx\/tienda\/"},{"@type":"ListItem","position":2,"name":"Productos","item":"https:\/\/compuviper.mx\/tienda\/productos\/"},{"@type":"ListItem","position":3,"name":"Multifuncionales","item":"https:\/\/compuviper.mx\/tienda\/categoria-producto\/multifuncionales\/"},{"@type":"ListItem","position":4,"name":"Inyeccion De Tinta","item":"https:\/\/compuviper.mx\/tienda\/categoria-producto\/multifuncionales\/inyeccion-de-tinta\/"},{"@type":"ListItem","position":5,"name":"Epson C11cj68301 Multifuncional L3210, Ppm 33 Negro\/15 Color, Tinta Continua, Ecotank, Usb"}]},{"@type":"WebSite","@id":"https:\/\/compuviper.mx\/tienda\/#website","url":"https:\/\/compuviper.mx\/tienda\/","name":"Compuviper","description":"Proveedor de Computadoras, Laptops, Servidores, Monitores, Puntos de Venta, Teclados,   Impresoras, T\u00f3ner, C\u00e1maras de Seguridad y m\u00e1s en tu tienda en l\u00ednea","publisher":{"@id":"https:\/\/compuviper.mx\/tienda\/#organization"},"potentialAction":[{"@type":"SearchAction","target":{"@type":"EntryPoint","urlTemplate":"https:\/\/compuviper.mx\/tienda\/?s={search_term_string}"},"query-input":"required name=search_term_string"}],"inLanguage":"es-MX"},{"@type":"Organization","@id":"https:\/\/compuviper.mx\/tienda\/#organization","name":"Compuviper","url":"https:\/\/compuviper.mx\/tienda\/","logo":{"@type":"ImageObject","inLanguage":"es-MX","@id":"https:\/\/compuviper.mx\/tienda\/#\/schema\/logo\/image\/","url":"https:\/\/compuviper.mx\/tienda\/wp-content\/uploads\/2021\/08\/Logo-Compuviper-10.png","contentUrl":"https:\/\/compuviper.mx\/tienda\/wp-content\/uploads\/2021\/08\/Logo-Compuviper-10.png","width":1000,"height":500,"caption":"Compuviper"},"image":{"@id":"https:\/\/compuviper.mx\/tienda\/#\/schema\/logo\/image\/"},"sameAs":["https:\/\/www.facebook.com\/compuviper","https:\/\/www.youtube.com\/channel\/UCf73dERp9Y3cfOq7q8BhLjA?view_as=subscriber"]}]},"product_brand":"EPSON","product_price_amount":"3066","product_price_currency":"MXN","og_availability":"instock","product_availability":"instock","product_retailer_item_id":"C11CJ68301","product_condition":"new"},"_links":{"self":[{"href":"https:\/\/compuviper.mx\/tienda\/wp-json\/wp\/v2\/product\/223750"}],"collection":[{"href":"https:\/\/compuviper.mx\/tienda\/wp-json\/wp\/v2\/product"}],"about":[{"href":"https:\/\/compuviper.mx\/tienda\/wp-json\/wp\/v2\/types\/product"}],"replies":[{"embeddable":true,"href":"https:\/\/compuviper.mx\/tienda\/wp-json\/wp\/v2\/comments?post=223750"}],"wp:featuredmedia":[{"embeddable":true,"href":"https:\/\/compuviper.mx\/tienda\/wp-json\/wp\/v2\/media\/223751"}],"wp:attachment":[{"href":"https:\/\/compuviper.mx\/tienda\/wp-json\/wp\/v2\/media?parent=223750"}],"wp:term":[{"taxonomy":"product_cat","embeddable":true,"href":"https:\/\/compuviper.mx\/tienda\/wp-json\/wp\/v2\/product_cat?post=223750"},{"taxonomy":"product_tag","embeddable":true,"href":"https:\/\/compuviper.mx\/tienda\/wp-json\/wp\/v2\/product_tag?post=223750"}],"curies":[{"name":"wp","href":"https:\/\/api.w.org\/{rel}","templated":true}]}}