{"id":223736,"date":"2026-04-10T01:36:38","date_gmt":"2026-04-10T07:36:38","guid":{"rendered":"https:\/\/compuviper.mx\/tienda\/producto\/epson-c11cj20301-multifuncional-l8160-ppm-32-negro-32-color-tinta-continua-ecotank-usb-wifi-red-cd-dvd-fotografica\/"},"modified":"2026-04-10T01:36:39","modified_gmt":"2026-04-10T07:36:39","slug":"epson-c11cj20301-multifuncional-l8160-ppm-32-negro-32-color-tinta-continua-ecotank-usb-wifi-red-cd-dvd-fotografica","status":"publish","type":"product","link":"https:\/\/compuviper.mx\/tienda\/producto\/epson-c11cj20301-multifuncional-l8160-ppm-32-negro-32-color-tinta-continua-ecotank-usb-wifi-red-cd-dvd-fotografica\/","title":{"rendered":"Epson C11cj20301 Multifuncional  L8160, Ppm 32 Negro\/32 Color, Tinta Continua, Ecotank, Usb, Wifi, Red, Cd\/dvd, Fotografica"},"content":{"rendered":"<table class=\"descripcion\">\n<tr>\n<td>Multifuncional epson l8160 fotografica, inalambrica | copia | escanea | ethernet<\/td>\n<\/tr>\n<tr>\n<td>Impresion<\/td>\n<\/tr>\n<tr>\n<td>* tecnologia de impresion: tecnologia de inyeccion de tinta micropiezo heat free de 6 colores optimizada para impresion de fotografias<\/td>\n<\/tr>\n<tr>\n<td>* resolucion maxima de impresion: hasta 5.760 dpi x 1.440 dpi de resolucion optimizada en varios tipos de papel<\/td>\n<\/tr>\n<tr>\n<td>* tama\u00f1o minimo de gota de tinta: 1.5 picolitros<\/td>\n<\/tr>\n<tr>\n<td>* velocidad de impresion maxima: simplex: negro 32 ppm y color 32 ppm borrador, a4\/carta. fotos a color 4 x 6 10 cm x 15 cm: 15 segundos borrador<\/td>\n<\/tr>\n<tr>\n<td>* velocidad de impresion iso: simplex: negro 16 ppm y color 12 ppm a4\/carta<\/td>\n<\/tr>\n<tr>\n<td>* tiempo de salida de la primera pagina iso: aprox. 9 segundos negro\/15 segundos color a4\/carta<\/td>\n<\/tr>\n<tr>\n<td>Copiado<\/td>\n<\/tr>\n<tr>\n<td>* velocidad de copiado iso: negro 8 cpm y color 15 cpm a4\/carta<\/td>\n<\/tr>\n<tr>\n<td>* tama\u00f1o maximo de copiado: a4\/carta<\/td>\n<\/tr>\n<tr>\n<td>* resolucion maxima de copiado: 600 dpi x 600 dp<\/td>\n<\/tr>\n<tr>\n<td>Escaneo<\/td>\n<\/tr>\n<tr>\n<td>* tipo de escaner: cama plana con sensor de lineas cis de color<\/td>\n<\/tr>\n<tr>\n<td>* resolucion optica maxima: 1.200 dpi\/1.200 dpi x 4.800 dpi<\/td>\n<\/tr>\n<tr>\n<td>* velocidad de escaneo: 6 segundos blanco y negro\/11 segundos color en pdf y tamao a4 a  200 dpi<\/td>\n<\/tr>\n<tr>\n<td>* area de escaneo maxima: 215,9 mm x 355,6 mm<\/td>\n<\/tr>\n<tr>\n<td>* profundidad de color: color: 48 bits de entrada, 24 bits de salida &#8211; escala de grises: 16 bits de entrada, 8 bits de salida blanco y negro: 16 bits de entrada, 1 bit de salida<\/td>\n<\/tr>\n<tr>\n<td>Impresion inalambrica desde dispositivos inteligentes<\/td>\n<\/tr>\n<tr>\n<td>* epson connect: epson smart paneltm app iostm, androidtm, epson email print, remote print driver<\/td>\n<\/tr>\n<tr>\n<td>* otros: apple airprint, chromebook native print, mopria print servicetm<\/td>\n<\/tr>\n<tr>\n<td>Interfaz y conectividad:<\/td>\n<\/tr>\n<tr>\n<td>* conectividad estandar: sb de alta velocidad compatible con usb 2.0, ethernet 10\/100, wi-fi 4 ieee 802.11 b\/g\/n, wi-fi direct8 pictbridge<\/td>\n<\/tr>\n<tr>\n<td>* protocolos de impresion en red: tcpp\/ipv4, tcp\/ipv6 y ldp, ipp, port9100, wsd<\/td>\n<\/tr>\n<tr>\n<td>* protocolos para gestion de redes: snmp, http, dhcp, bootp, apipa, ping, ddns, mdns, slp, wsd, lltd<\/td>\n<\/tr>\n<tr>\n<td>* seguridad wlan: wep 64-bit\/128-bit, wpa-psk tkip, wpa2-psk aes, wpa3-sae aes<\/td>\n<\/tr>\n<tr>\n<td>* compatibilidad con sistemas operativos: windows vistatm\/7\/8\/8.1\/10 32bit, 64bit, windows server 2003 sp2 o mas reciente, mac os x 10.7.5 o mas reciente<\/td>\n<\/tr>\n<tr>\n<td>* entrada de memoria externa: tarjeta sd<\/td>\n<\/tr>\n<tr>\n<td>Manejo de papel y medios:<\/td>\n<\/tr>\n<tr>\n<td>* tama\u00f1o maximo de impresion: bandeja frontal 1: 215,9 mm x 297 mm bandeja frontal 2: 5 x 7 13 cm x 18 cm alimentacion trasera: 215,9 mm x 2.000 mm alimentacin de paso directo: 215,9 mm x 2.000 mm<\/td>\n<\/tr>\n<tr>\n<td>* tama\u00f1os para la impresion sin bordes: a4, carta, o\u00accio 215,9 mm x 355,6 mm, 8 x 10, 5 x 7, 4 x 6, de\u00acnido por el usuario 54 x 86 215,9 mm x 2.000 mm<\/td>\n<\/tr>\n<tr>\n<td>* hojas individuales: a4, carta, oficio 215,9 mm x 355,6mm, oficio mexico 215,9 mm x 340,4 mm, oficio 214,9 mm x 315 mm, 4 x 6 10 cm x 15 cm, 5 x 7 13 cm x 18 cm, 8 x 10 10 cm x 25,4 cm, media carta, 8,5 x 13 215,9 mm x 330,2 mm, a6, ejecutivo 184,2 mm x 266,7 mm, definido por usuario 54 x 86 hasta 215,9 mm x 2.000 mm<\/td>\n<\/tr>\n<tr>\n<td>* tipos de papel: papel normal, bright white paper, presentation paper matte, premium presentation paper matte, premium presentation paper matte double-sided, velvet fine art paper, premium photo paper glossy, premium photo paper semi-gloss, photo paper glossy, ultra premium photo paper glossy, value glossy photo paper, ultra premium photo paper luster, high quality ink jet paper, iron-on cool peel transfer, sobres<\/td>\n<\/tr>\n<tr>\n<td>* sobres: n\u00ba 10 10,5 cm x 24,1 cm<\/td>\n<\/tr>\n<tr>\n<td>* peso de papeles soportados: papel normal: 64 g\/m2  90 g\/m2; papel fotografico: 102 g\/m2  300 g\/m2. alimentacin de paso directo: 70 g\/m2 ~ 500 g\/m2 o 1,3 mm<\/td>\n<\/tr>\n<tr>\n<td>* area maxima de impresion ancho x largo: 215,9 mm x 2.000 mm<\/td>\n<\/tr>\n<tr>\n<td>* capacidad de carga: bandeja frontal 1: hasta 100 hojas a4\/ltr\/lgl; bandeja frontal 2: hasta 20 fotos hasta 5 x 7; alimentacion trasera: hasta 50 hojas hasta a3 papel normal y bond o 5 hojas en papel fotografico. alimentacion de paso directo: hasta 1 hoja, tama\u00f1o definido por el usuario 54 x 86 hasta 329 mm x 2.000 mm, bandeja para impresion de cd\/dvd<\/td>\n<\/tr>\n<tr>\n<td>General<\/td>\n<\/tr>\n<tr>\n<td>* software incluido: cd: printer driver, epson scan 2, epson scansmart. descarga web: epson photo epson print layout, printer driver mac os<\/td>\n<\/tr>\n<tr>\n<td>* lcd: 4,3 tactil a color<\/td>\n<\/tr>\n<tr>\n<td>* pais de origen: indonesia<\/td>\n<\/tr>\n<tr>\n<td>* dimensiones ancho x profundidad x alto: 403 mm x 369 mm x 162 mm<\/td>\n<\/tr>\n<tr>\n<td>* peso: 8.4 kg<\/td>\n<\/tr>\n<tr>\n<td>\u00bfque hay en la caja?<\/td>\n<\/tr>\n<tr>\n<td>* multifuncional epson ecotank l8160, guia de instalacion, cd con controladores, cable de alimentacion, cable usb<\/td>\n<\/tr>\n<tr>\n<td>* garantia limitada extendida: 2 a\u00f1os con registro del producto<\/td>\n<\/tr>\n<tr>\n<td>* consumo de energia aproximado: 17 w en modo operacion<\/td>\n<\/tr>\n<tr>\n<td>* tension y frecuencia nominal: ecotank l8160 110v c11cj20301: ac 100v &#8211; 120v\/50 hz &#8211; 60 hz ecotank l8160 220v c11cj20303: ac 220v-240v\/50 hz &#8211; 60 hz<\/td>\n<\/tr>\n<tr>\n<td>Rendimiento de tintas<\/td>\n<\/tr>\n<tr>\n<td>* 1 botella con tinta negra fotografica rinde hasta 7.300 paginas<\/td>\n<\/tr>\n<tr>\n<td>* 1 botella con tinta negra pigmentada rinde hasta 6.700 paginas<\/td>\n<\/tr>\n<tr>\n<td>* 3 botellas a color cian, magenta, amarillo rinden hasta 6.200 paginas<\/td>\n<\/tr>\n<tr>\n<td>* 1 botella con tinta gris es utilizada para impresion fotografica<\/td>\n<\/tr>\n<tr>\n<td>La ecotank l8160 fue dise\u00f1ada para ser usada exclusivamente con las botellas de tinta originales marca epson. epson recomienda el uso de tinta original para asegurar el mejor rendimiento y calidad de impresion y no arriesgar la garantia limitada<\/td>\n<\/tr>\n<\/table>\n","protected":false},"excerpt":{"rendered":"<p>Multifuncional epson l8160 fotografica, inalambrica | copia | escanea | ethernet. Impresion. * tecnologia de impresion: tecnologia de inyeccion de tinta micropiezo heat free de 6 colores optimizada para impresion de fotografias. * resolucion maxima de impresion: hasta 5.760 dpi x 1.440 dpi de resolucion optimizada en varios tipos de papel. * tama\u00f1o minimo de gota de tinta: 1.5 picolitros. * velocidad de impresion maxima: simplex: negro 32 ppm y color 32 ppm borrador, a4\/carta. Fotos a color 4 x 6 10 cm x 15 cm: 15 segundos borrador. * velocidad de impresion iso: simplex: negro 16 ppm y color 12 ppm a4\/carta. * tiempo de salida de la primera pagina iso: aprox. 9 segundos negro\/15 segundos color a4\/carta. Copiado. * velocidad de copiado iso: negro 8 cpm y color 15 cpm a4\/carta. * tama\u00f1o maximo de copiado: a4\/carta. * resolucion maxima de copiado: 600 dpi x 600 dp. Escaneo. * tipo de escaner: cama plana con sensor de lineas cis de color. * resolucion optica maxima: 1.200 dpi\/1.200 dpi x 4.800 dpi. * velocidad de escaneo: 6 segundos blanco y negro\/11 segundos color en pdf y tamao a4 a  200 dpi. * area de escaneo maxima: 215,9 mm x 355,6 mm. * profundidad de color: color: 48 bits de entrada, 24 bits de salida &#8211; escala de grises: 16 bits de entrada, 8 bits de salida blanco y negro: 16 bits de entrada, 1 bit de salida. Impresion inalambrica desde dispositivos inteligentes. * epson connect: epson smart paneltm app iostm, androidtm, epson email print, remote print driver. * otros: apple airprint, chromebook native print, mopria print servicetm. Interfaz y conectividad. * conectividad estandar: sb de alta velocidad compatible con usb 2.0, ethernet 10\/100, wi-fi 4 ieee 802.11 b\/g\/n, wi-fi direct8 pictbridge. * protocolos de impresion en red: tcpp\/ipv4, tcp\/ipv6 y ldp, ipp, port9100, wsd. * protocolos para gestion de redes: snmp, http, dhcp, bootp, apipa, ping, ddns, mdns, slp, wsd, lltd. * seguridad wlan: wep 64-bit\/128-bit, wpa-psk tkip, wpa2-psk aes, wpa3-sae aes. * compatibilidad con sistemas operativos: windows vistatm\/7\/8\/8.1\/10 32bit, 64bit, windows server 2003 sp2 o mas reciente, mac os x 10.7.5 o mas reciente. * entrada de memoria externa: tarjeta sd. Manejo de papel y medios. * tama\u00f1o maximo de impresion: bandeja frontal 1: 215,9 mm x 297 mm bandeja frontal 2: 5 x 7 13 cm x 18 cm alimentacion trasera: 215,9 mm x 2.000 mm alimentacin de paso directo: 215,9 mm x 2.000 mm. * tama\u00f1os para la impresion sin bordes: a4, carta, o\u00accio 215,9 mm x 355,6 mm, 8 x 10, 5 x 7, 4 x 6, de\u00acnido por el usuario 54 x 86 215,9 mm x 2.000 mm. * hojas individuales: a4, carta, oficio 215,9 mm x 355,6mm, oficio mexico 215,9 mm x 340,4 mm, oficio 214,9 mm x 315 mm, 4 x 6 10 cm x 15 cm, 5 x 7 13 cm x 18 cm, 8 x 10 10 cm x 25,4 cm, media carta, 8,5 x 13 215,9 mm x 330,2 mm, a6, ejecutivo 184,2 mm x 266,7 mm, definido por usuario 54 x 86 hasta 215,9 mm x 2.000 mm. * tipos de papel: papel normal, bright white paper, presentation paper matte, premium presentation paper matte, premium presentation paper matte double-sided, velvet fine art paper, premium photo paper glossy, premium photo paper semi-gloss, photo paper glossy, ultra premium photo paper glossy, value glossy photo paper, ultra premium photo paper luster, high quality ink jet paper, iron-on cool peel transfer, sobres. * sobres: n\u00ba 10 10,5 cm x 24,1 cm. * peso de papeles soportados: papel normal: 64 g\/m2  90 g\/m2; papel fotografico: 102 g\/m2  300 g\/m2. Alimentacin de paso directo: 70 g\/m2 ~ 500 g\/m2 o 1,3 mm. * area maxima de impresion ancho x largo: 215,9 mm x 2.000 mm. * capacidad de carga: bandeja frontal 1: hasta 100 hojas a4\/ltr\/lgl; bandeja frontal 2: hasta 20 fotos hasta 5 x 7; alimentacion trasera: hasta 50 hojas hasta a3 papel normal y bond o 5 hojas en papel fotografico. Alimentacion de paso directo: hasta 1 hoja, tama\u00f1o definido por el usuario 54 x 86 hasta 329 mm x 2.000 mm, bandeja para impresion de cd\/dvd. General. * software incluido: cd: printer driver, epson scan 2, epson scansmart. Descarga web: epson photo epson print layout, printer driver mac os. * lcd: 4,3 tactil a color. * pais de origen: indonesia. * dimensiones ancho x profundidad x alto: 403 mm x 369 mm x 162 mm. * peso: 8.4 kg. \u00bfque hay en la caja. * multifuncional epson ecotank l8160, guia de instalacion, cd con controladores, cable de alimentacion, cable usb. * garantia limitada extendida: 2 a\u00f1os con registro del producto. * consumo de energia aproximado: 17 w en modo operacion. * tension y frecuencia nominal: ecotank l8160 110v c11cj20301: ac 100v &#8211; 120v\/50 hz &#8211; 60 hz ecotank l8160 220v c11cj20303: ac 220v-240v\/50 hz &#8211; 60 hz. Rendimiento de tintas. * 1 botella con tinta negra fotografica rinde hasta 7.300 paginas. * 1 botella con tinta negra pigmentada rinde hasta 6.700 paginas. * 3 botellas a color cian, magenta, amarillo rinden hasta 6.200 paginas. * 1 botella con tinta gris es utilizada para impresion fotografica. La ecotank l8160 fue dise\u00f1ada para ser usada exclusivamente con las botellas de tinta originales marca epson. Epson recomienda el uso de tinta original para asegurar el mejor rendimiento y calidad de impresion y no arriesgar la garantia limitada<\/p>\n","protected":false},"featured_media":223737,"comment_status":"open","ping_status":"open","template":"","meta":[],"product_cat":[1780,1781],"product_tag":[1624],"acf":[],"yoast_head":"<!-- This site is optimized with the Yoast SEO plugin v21.7 - https:\/\/yoast.com\/wordpress\/plugins\/seo\/ -->\n<title>[ Epson ] &#129351; C11cj20301 Multifuncional L8160, Ppm 32 Negro\/32 Color, Tinta Continua, Ecotank, Usb, Wifi, Red, Cd\/dvd, Fotografica<\/title>\n<meta name=\"description\" content=\"Compra C11cj20301 Multifuncional L8160, Ppm 32 Negro\/32 Color, Tinta Continua, Ecotank, Usb, Wifi, Red, Cd\/dvd, Fotografica + Env\u00edo a domicilio + Pago seguro + Garant\u00eda\" \/>\n<meta name=\"robots\" content=\"index, follow, max-snippet:-1, max-image-preview:large, max-video-preview:-1\" \/>\n<link rel=\"canonical\" href=\"https:\/\/compuviper.mx\/tienda\/producto\/epson-c11cj20301-multifuncional-l8160-ppm-32-negro-32-color-tinta-continua-ecotank-usb-wifi-red-cd-dvd-fotografica\/\" \/>\n<meta property=\"og:locale\" content=\"es_MX\" \/>\n<meta property=\"og:type\" content=\"article\" \/>\n<meta property=\"og:title\" content=\"[ Epson ] &#129351; C11cj20301 Multifuncional L8160, Ppm 32 Negro\/32 Color, Tinta Continua, Ecotank, Usb, Wifi, Red, Cd\/dvd, Fotografica\" \/>\n<meta property=\"og:description\" content=\"Compra C11cj20301 Multifuncional L8160, Ppm 32 Negro\/32 Color, Tinta Continua, Ecotank, Usb, Wifi, Red, Cd\/dvd, Fotografica + Env\u00edo a domicilio + Pago seguro + Garant\u00eda\" \/>\n<meta property=\"og:url\" content=\"https:\/\/compuviper.mx\/tienda\/producto\/epson-c11cj20301-multifuncional-l8160-ppm-32-negro-32-color-tinta-continua-ecotank-usb-wifi-red-cd-dvd-fotografica\/\" \/>\n<meta property=\"og:site_name\" content=\"Compuviper\" \/>\n<meta property=\"article:publisher\" content=\"https:\/\/www.facebook.com\/compuviper\" \/>\n<meta property=\"article:modified_time\" content=\"2026-04-10T07:36:39+00:00\" \/>\n<meta property=\"og:image\" content=\"https:\/\/compuviper.mx\/tienda\/wp-content\/uploads\/2023\/12\/Multifuncional-epson-l8160-ppm-32-negro32-color-tinta-continua-ecotank-usb-wifi-red-cddvd-fotografica.jpg\" \/>\n\t<meta property=\"og:image:width\" content=\"200\" \/>\n\t<meta property=\"og:image:height\" content=\"200\" \/>\n\t<meta property=\"og:image:type\" content=\"image\/jpeg\" \/>\n<meta name=\"twitter:card\" content=\"summary_large_image\" \/>\n<meta name=\"twitter:label1\" content=\"Precio\" \/>\n\t<meta name=\"twitter:data1\" content=\"&#36;14,505 con IVA\" \/>\n\t<meta name=\"twitter:label2\" content=\"Availability\" \/>\n\t<meta name=\"twitter:data2\" content=\"In stock\" \/>\n<script type=\"application\/ld+json\" class=\"yoast-schema-graph\">{\"@context\":\"https:\/\/schema.org\",\"@graph\":[{\"@type\":\"WebPage\",\"@id\":\"https:\/\/compuviper.mx\/tienda\/producto\/epson-c11cj20301-multifuncional-l8160-ppm-32-negro-32-color-tinta-continua-ecotank-usb-wifi-red-cd-dvd-fotografica\/\",\"url\":\"https:\/\/compuviper.mx\/tienda\/producto\/epson-c11cj20301-multifuncional-l8160-ppm-32-negro-32-color-tinta-continua-ecotank-usb-wifi-red-cd-dvd-fotografica\/\",\"name\":\"[ Epson ] &#129351; C11cj20301 Multifuncional L8160, Ppm 32 Negro\/32 Color, Tinta Continua, Ecotank, Usb, Wifi, Red, Cd\/dvd, Fotografica\",\"isPartOf\":{\"@id\":\"https:\/\/compuviper.mx\/tienda\/#website\"},\"datePublished\":\"2026-04-10T07:36:38+00:00\",\"dateModified\":\"2026-04-10T07:36:39+00:00\",\"description\":\"Compra C11cj20301 Multifuncional L8160, Ppm 32 Negro\/32 Color, Tinta Continua, Ecotank, Usb, Wifi, Red, Cd\/dvd, Fotografica + Env\u00edo a domicilio + Pago seguro + Garant\u00eda\",\"breadcrumb\":{\"@id\":\"https:\/\/compuviper.mx\/tienda\/producto\/epson-c11cj20301-multifuncional-l8160-ppm-32-negro-32-color-tinta-continua-ecotank-usb-wifi-red-cd-dvd-fotografica\/#breadcrumb\"},\"inLanguage\":\"es-MX\",\"potentialAction\":[{\"@type\":\"ReadAction\",\"target\":[\"https:\/\/compuviper.mx\/tienda\/producto\/epson-c11cj20301-multifuncional-l8160-ppm-32-negro-32-color-tinta-continua-ecotank-usb-wifi-red-cd-dvd-fotografica\/\"]}]},{\"@type\":\"BreadcrumbList\",\"@id\":\"https:\/\/compuviper.mx\/tienda\/producto\/epson-c11cj20301-multifuncional-l8160-ppm-32-negro-32-color-tinta-continua-ecotank-usb-wifi-red-cd-dvd-fotografica\/#breadcrumb\",\"itemListElement\":[{\"@type\":\"ListItem\",\"position\":1,\"name\":\"Inicio\",\"item\":\"https:\/\/compuviper.mx\/tienda\/\"},{\"@type\":\"ListItem\",\"position\":2,\"name\":\"Productos\",\"item\":\"https:\/\/compuviper.mx\/tienda\/productos\/\"},{\"@type\":\"ListItem\",\"position\":3,\"name\":\"Multifuncionales\",\"item\":\"https:\/\/compuviper.mx\/tienda\/categoria-producto\/multifuncionales\/\"},{\"@type\":\"ListItem\",\"position\":4,\"name\":\"Inyeccion De Tinta\",\"item\":\"https:\/\/compuviper.mx\/tienda\/categoria-producto\/multifuncionales\/inyeccion-de-tinta\/\"},{\"@type\":\"ListItem\",\"position\":5,\"name\":\"Epson C11cj20301 Multifuncional L8160, Ppm 32 Negro\/32 Color, Tinta Continua, Ecotank, Usb, Wifi, Red, Cd\/dvd, Fotografica\"}]},{\"@type\":\"WebSite\",\"@id\":\"https:\/\/compuviper.mx\/tienda\/#website\",\"url\":\"https:\/\/compuviper.mx\/tienda\/\",\"name\":\"Compuviper\",\"description\":\"Proveedor de Computadoras, Laptops, Servidores, Monitores, Puntos de Venta, Teclados,   Impresoras, T\u00f3ner, C\u00e1maras de Seguridad y m\u00e1s en tu tienda en l\u00ednea\",\"publisher\":{\"@id\":\"https:\/\/compuviper.mx\/tienda\/#organization\"},\"potentialAction\":[{\"@type\":\"SearchAction\",\"target\":{\"@type\":\"EntryPoint\",\"urlTemplate\":\"https:\/\/compuviper.mx\/tienda\/?s={search_term_string}\"},\"query-input\":\"required name=search_term_string\"}],\"inLanguage\":\"es-MX\"},{\"@type\":\"Organization\",\"@id\":\"https:\/\/compuviper.mx\/tienda\/#organization\",\"name\":\"Compuviper\",\"url\":\"https:\/\/compuviper.mx\/tienda\/\",\"logo\":{\"@type\":\"ImageObject\",\"inLanguage\":\"es-MX\",\"@id\":\"https:\/\/compuviper.mx\/tienda\/#\/schema\/logo\/image\/\",\"url\":\"https:\/\/compuviper.mx\/tienda\/wp-content\/uploads\/2021\/08\/Logo-Compuviper-10.png\",\"contentUrl\":\"https:\/\/compuviper.mx\/tienda\/wp-content\/uploads\/2021\/08\/Logo-Compuviper-10.png\",\"width\":1000,\"height\":500,\"caption\":\"Compuviper\"},\"image\":{\"@id\":\"https:\/\/compuviper.mx\/tienda\/#\/schema\/logo\/image\/\"},\"sameAs\":[\"https:\/\/www.facebook.com\/compuviper\",\"https:\/\/www.youtube.com\/channel\/UCf73dERp9Y3cfOq7q8BhLjA?view_as=subscriber\"]}]}<\/script>\n<meta property=\"product:brand\" content=\"EPSON\" \/>\n<meta property=\"product:price:amount\" content=\"14505\" \/>\n<meta property=\"product:price:currency\" content=\"MXN\" \/>\n<meta property=\"og:availability\" content=\"instock\" \/>\n<meta property=\"product:availability\" content=\"instock\" \/>\n<meta property=\"product:retailer_item_id\" content=\"C11CJ20301\" \/>\n<meta property=\"product:condition\" content=\"new\" \/>\n<!-- \/ Yoast SEO plugin. -->","yoast_head_json":{"title":"[ Epson ] &#129351; C11cj20301 Multifuncional L8160, Ppm 32 Negro\/32 Color, Tinta Continua, Ecotank, Usb, Wifi, Red, Cd\/dvd, Fotografica","description":"Compra C11cj20301 Multifuncional L8160, Ppm 32 Negro\/32 Color, Tinta Continua, Ecotank, Usb, Wifi, Red, Cd\/dvd, Fotografica + Env\u00edo a domicilio + Pago seguro + Garant\u00eda","robots":{"index":"index","follow":"follow","max-snippet":"max-snippet:-1","max-image-preview":"max-image-preview:large","max-video-preview":"max-video-preview:-1"},"canonical":"https:\/\/compuviper.mx\/tienda\/producto\/epson-c11cj20301-multifuncional-l8160-ppm-32-negro-32-color-tinta-continua-ecotank-usb-wifi-red-cd-dvd-fotografica\/","og_locale":"es_MX","og_type":"article","og_title":"[ Epson ] &#129351; C11cj20301 Multifuncional L8160, Ppm 32 Negro\/32 Color, Tinta Continua, Ecotank, Usb, Wifi, Red, Cd\/dvd, Fotografica","og_description":"Compra C11cj20301 Multifuncional L8160, Ppm 32 Negro\/32 Color, Tinta Continua, Ecotank, Usb, Wifi, Red, Cd\/dvd, Fotografica + Env\u00edo a domicilio + Pago seguro + Garant\u00eda","og_url":"https:\/\/compuviper.mx\/tienda\/producto\/epson-c11cj20301-multifuncional-l8160-ppm-32-negro-32-color-tinta-continua-ecotank-usb-wifi-red-cd-dvd-fotografica\/","og_site_name":"Compuviper","article_publisher":"https:\/\/www.facebook.com\/compuviper","article_modified_time":"2026-04-10T07:36:39+00:00","og_image":[{"width":200,"height":200,"url":"https:\/\/compuviper.mx\/tienda\/wp-content\/uploads\/2023\/12\/Multifuncional-epson-l8160-ppm-32-negro32-color-tinta-continua-ecotank-usb-wifi-red-cddvd-fotografica.jpg","type":"image\/jpeg"}],"twitter_card":"summary_large_image","twitter_misc":{"Precio":"&#36;14,505 con IVA","Availability":"In stock"},"schema":{"@context":"https:\/\/schema.org","@graph":[{"@type":"WebPage","@id":"https:\/\/compuviper.mx\/tienda\/producto\/epson-c11cj20301-multifuncional-l8160-ppm-32-negro-32-color-tinta-continua-ecotank-usb-wifi-red-cd-dvd-fotografica\/","url":"https:\/\/compuviper.mx\/tienda\/producto\/epson-c11cj20301-multifuncional-l8160-ppm-32-negro-32-color-tinta-continua-ecotank-usb-wifi-red-cd-dvd-fotografica\/","name":"[ Epson ] &#129351; C11cj20301 Multifuncional L8160, Ppm 32 Negro\/32 Color, Tinta Continua, Ecotank, Usb, Wifi, Red, Cd\/dvd, Fotografica","isPartOf":{"@id":"https:\/\/compuviper.mx\/tienda\/#website"},"datePublished":"2026-04-10T07:36:38+00:00","dateModified":"2026-04-10T07:36:39+00:00","description":"Compra C11cj20301 Multifuncional L8160, Ppm 32 Negro\/32 Color, Tinta Continua, Ecotank, Usb, Wifi, Red, Cd\/dvd, Fotografica + Env\u00edo a domicilio + Pago seguro + Garant\u00eda","breadcrumb":{"@id":"https:\/\/compuviper.mx\/tienda\/producto\/epson-c11cj20301-multifuncional-l8160-ppm-32-negro-32-color-tinta-continua-ecotank-usb-wifi-red-cd-dvd-fotografica\/#breadcrumb"},"inLanguage":"es-MX","potentialAction":[{"@type":"ReadAction","target":["https:\/\/compuviper.mx\/tienda\/producto\/epson-c11cj20301-multifuncional-l8160-ppm-32-negro-32-color-tinta-continua-ecotank-usb-wifi-red-cd-dvd-fotografica\/"]}]},{"@type":"BreadcrumbList","@id":"https:\/\/compuviper.mx\/tienda\/producto\/epson-c11cj20301-multifuncional-l8160-ppm-32-negro-32-color-tinta-continua-ecotank-usb-wifi-red-cd-dvd-fotografica\/#breadcrumb","itemListElement":[{"@type":"ListItem","position":1,"name":"Inicio","item":"https:\/\/compuviper.mx\/tienda\/"},{"@type":"ListItem","position":2,"name":"Productos","item":"https:\/\/compuviper.mx\/tienda\/productos\/"},{"@type":"ListItem","position":3,"name":"Multifuncionales","item":"https:\/\/compuviper.mx\/tienda\/categoria-producto\/multifuncionales\/"},{"@type":"ListItem","position":4,"name":"Inyeccion De Tinta","item":"https:\/\/compuviper.mx\/tienda\/categoria-producto\/multifuncionales\/inyeccion-de-tinta\/"},{"@type":"ListItem","position":5,"name":"Epson C11cj20301 Multifuncional L8160, Ppm 32 Negro\/32 Color, Tinta Continua, Ecotank, Usb, Wifi, Red, Cd\/dvd, Fotografica"}]},{"@type":"WebSite","@id":"https:\/\/compuviper.mx\/tienda\/#website","url":"https:\/\/compuviper.mx\/tienda\/","name":"Compuviper","description":"Proveedor de Computadoras, Laptops, Servidores, Monitores, Puntos de Venta, Teclados,   Impresoras, T\u00f3ner, C\u00e1maras de Seguridad y m\u00e1s en tu tienda en l\u00ednea","publisher":{"@id":"https:\/\/compuviper.mx\/tienda\/#organization"},"potentialAction":[{"@type":"SearchAction","target":{"@type":"EntryPoint","urlTemplate":"https:\/\/compuviper.mx\/tienda\/?s={search_term_string}"},"query-input":"required name=search_term_string"}],"inLanguage":"es-MX"},{"@type":"Organization","@id":"https:\/\/compuviper.mx\/tienda\/#organization","name":"Compuviper","url":"https:\/\/compuviper.mx\/tienda\/","logo":{"@type":"ImageObject","inLanguage":"es-MX","@id":"https:\/\/compuviper.mx\/tienda\/#\/schema\/logo\/image\/","url":"https:\/\/compuviper.mx\/tienda\/wp-content\/uploads\/2021\/08\/Logo-Compuviper-10.png","contentUrl":"https:\/\/compuviper.mx\/tienda\/wp-content\/uploads\/2021\/08\/Logo-Compuviper-10.png","width":1000,"height":500,"caption":"Compuviper"},"image":{"@id":"https:\/\/compuviper.mx\/tienda\/#\/schema\/logo\/image\/"},"sameAs":["https:\/\/www.facebook.com\/compuviper","https:\/\/www.youtube.com\/channel\/UCf73dERp9Y3cfOq7q8BhLjA?view_as=subscriber"]}]},"product_brand":"EPSON","product_price_amount":"14505","product_price_currency":"MXN","og_availability":"instock","product_availability":"instock","product_retailer_item_id":"C11CJ20301","product_condition":"new"},"_links":{"self":[{"href":"https:\/\/compuviper.mx\/tienda\/wp-json\/wp\/v2\/product\/223736"}],"collection":[{"href":"https:\/\/compuviper.mx\/tienda\/wp-json\/wp\/v2\/product"}],"about":[{"href":"https:\/\/compuviper.mx\/tienda\/wp-json\/wp\/v2\/types\/product"}],"replies":[{"embeddable":true,"href":"https:\/\/compuviper.mx\/tienda\/wp-json\/wp\/v2\/comments?post=223736"}],"wp:featuredmedia":[{"embeddable":true,"href":"https:\/\/compuviper.mx\/tienda\/wp-json\/wp\/v2\/media\/223737"}],"wp:attachment":[{"href":"https:\/\/compuviper.mx\/tienda\/wp-json\/wp\/v2\/media?parent=223736"}],"wp:term":[{"taxonomy":"product_cat","embeddable":true,"href":"https:\/\/compuviper.mx\/tienda\/wp-json\/wp\/v2\/product_cat?post=223736"},{"taxonomy":"product_tag","embeddable":true,"href":"https:\/\/compuviper.mx\/tienda\/wp-json\/wp\/v2\/product_tag?post=223736"}],"curies":[{"name":"wp","href":"https:\/\/api.w.org\/{rel}","templated":true}]}}