{"id":223726,"date":"2026-04-02T01:43:11","date_gmt":"2026-04-02T07:43:11","guid":{"rendered":"https:\/\/compuviper.mx\/tienda\/producto\/lexmark-29s0050-impresora-laser-monocromatico-modelo-ms431dn-np-hasta-42-ppm-volumen-mensual-8000-ciclo-mensual-80000-ram-256-duplex-etherneth-1-ao-de-garantia-en-sitio\/"},"modified":"2026-04-02T01:43:12","modified_gmt":"2026-04-02T07:43:12","slug":"lexmark-29s0050-impresora-ms431dn-np-ppm-42-negro-laser-monocromatico-usb-etherneth-duplex","status":"publish","type":"product","link":"https:\/\/compuviper.mx\/tienda\/producto\/lexmark-29s0050-impresora-ms431dn-np-ppm-42-negro-laser-monocromatico-usb-etherneth-duplex\/","title":{"rendered":"Lexmark 29s0050 Impresora  Ms431dn, Np , Ppm 42 Negro, Laser Monocromatico, Usb, Etherneth, Duplex"},"content":{"rendered":"<table class=\"descripcion\">\n<tr>\n<td>Parte n\u00ba 29s0050<\/td>\n<\/tr>\n<tr>\n<td>Tecnologia de impresion<\/td>\n<\/tr>\n<tr>\n<td>Laser monocromatico<\/td>\n<\/tr>\n<tr>\n<td>Tama\u00f1o del grupo de trabajo<\/td>\n<\/tr>\n<tr>\n<td>Grupo de trabajo peque\u00f1o<\/td>\n<\/tr>\n<tr>\n<td>Pantalla<\/td>\n<\/tr>\n<tr>\n<td>Pantalla lcd monocrom\u00e1tica de dos l\u00edneas con todos los puntos direccionales (apa)<\/td>\n<\/tr>\n<tr>\n<td>Tama\u00f1os de papel soportados<\/td>\n<\/tr>\n<tr>\n<td>A6, oficio, sobre 7 3\/4, 9 sobre, jis-b5, a4, legal, a5, carta, sobre b5, declaraci\u00f3n, sobre c5, ejecutivo, universal, sobre dl, folio, 10 sobre<\/td>\n<\/tr>\n<tr>\n<td>Administraci\u00f3n del papel est\u00e1ndar<\/td>\n<\/tr>\n<tr>\n<td>Alimentador multiprop\u00f3sito de 100 hojas, duplex integrado, bandeja de salida de 150 hojas, entrada de 250 hojas<\/td>\n<\/tr>\n<tr>\n<td>Puertos est\u00e1ndar<\/td>\n<\/tr>\n<tr>\n<td>Gigabit ethernet (10\/100\/1000), compatible con usb con usb 2.0 specification (tipo b)<\/td>\n<\/tr>\n<tr>\n<td>Tama\u00f1o (alto x ancho x profundo en mm)<\/td>\n<\/tr>\n<tr>\n<td>222 x 368 x 363 mm<\/td>\n<\/tr>\n<tr>\n<td>Peso<\/td>\n<\/tr>\n<tr>\n<td>9.3 kg<\/td>\n<\/tr>\n<tr>\n<td>Tama\u00f1o con empaque (alto x ancho x profundo en mm)<\/td>\n<\/tr>\n<tr>\n<td>280 x 410 x 420 mm<\/td>\n<\/tr>\n<tr>\n<td>Peso con empaque (kg)<\/td>\n<\/tr>\n<tr>\n<td>10.52 kg<\/td>\n<\/tr>\n<tr>\n<td>Ver especificaciones adicionales<\/td>\n<\/tr>\n<tr>\n<td>Lexmark ms431dn<\/td>\n<\/tr>\n<tr>\n<td>Impresi\u00f3n<\/td>\n<\/tr>\n<tr>\n<td>Velocidad de impresi\u00f3n<\/td>\n<\/tr>\n<tr>\n<td>Hasta:<\/td>\n<\/tr>\n<tr>\n<td>Negro: 40 ppm1 (a4)<\/td>\n<\/tr>\n<tr>\n<td>Negro: 42 ppm1 (carta)<\/td>\n<\/tr>\n<tr>\n<td>Velocidad de impresi\u00f3n duplex<\/td>\n<\/tr>\n<tr>\n<td>Hasta:<\/td>\n<\/tr>\n<tr>\n<td>Negro: 18 spm1 (a4)<\/td>\n<\/tr>\n<tr>\n<td>Negro: 18 spm1 (carta)<\/td>\n<\/tr>\n<tr>\n<td>Tiempo de salida de la primera p\u00e1gina<\/td>\n<\/tr>\n<tr>\n<td>Tan r\u00e1pido como:<\/td>\n<\/tr>\n<tr>\n<td>Negro: 5.9 segundos<\/td>\n<\/tr>\n<tr>\n<td>Resoluci\u00f3n de impresi\u00f3n<\/td>\n<\/tr>\n<tr>\n<td>Negro: calidad de imagen 2400, 600 x 600 dpi<\/td>\n<\/tr>\n<tr>\n<td>Impresi\u00f3n d\u00faplex<\/td>\n<\/tr>\n<tr>\n<td>2 caras:<\/td>\n<\/tr>\n<tr>\n<td>D\u00faplex integrado<\/td>\n<\/tr>\n<tr>\n<td>Area de impresi\u00f3n<\/td>\n<\/tr>\n<tr>\n<td>Mm: 5.0 mm a partir de los bordes superior, inferior, derecho e izquierdo (dentro)<\/td>\n<\/tr>\n<tr>\n<td>Manejo del papel<\/td>\n<\/tr>\n<tr>\n<td>Tipos de papel soportados<\/td>\n<\/tr>\n<tr>\n<td>Etiquetas de papel, cartulina, papel normal, sobres, refer to the paper  and  specialty media guide<\/td>\n<\/tr>\n<tr>\n<td>Opci\u00f3n de acabado<\/td>\n<\/tr>\n<tr>\n<td>No<\/td>\n<\/tr>\n<tr>\n<td>N\u00famero de entradas de papel<\/td>\n<\/tr>\n<tr>\n<td>Est\u00e1ndar: 2<\/td>\n<\/tr>\n<tr>\n<td>M\u00e1ximo: 3<\/td>\n<\/tr>\n<tr>\n<td>Capacidad de entrada de papel<\/td>\n<\/tr>\n<tr>\n<td>Est\u00e1ndar: 350 hojas bond de 20 lb o 75 g\/m2<\/td>\n<\/tr>\n<tr>\n<td>M\u00e1xima: 900 hojas bond de 20 lb o 75 g\/m2<\/td>\n<\/tr>\n<tr>\n<td>350 hojas bond de 20 lb o 75 g\/m2<\/td>\n<\/tr>\n<tr>\n<td>Capacidad de salida de papel<\/td>\n<\/tr>\n<tr>\n<td>Hasta:<\/td>\n<\/tr>\n<tr>\n<td>Est\u00e1ndar: 150 hojas bond de 20 lb o 75 g\/m2<\/td>\n<\/tr>\n<tr>\n<td>M\u00e1xima: 150 hojas bond de 20 lb o 75 g\/m2<\/td>\n<\/tr>\n<tr>\n<td>Rango de peso del papel soportado<\/td>\n<\/tr>\n<tr>\n<td>60 &#8211; 120 gsm (bandeja est\u00e1ndar (g\/m2))<\/td>\n<\/tr>\n<tr>\n<td>60 &#8211; 217 gsm (alimentador multiprop\u00f3sito (g\/m2))<\/td>\n<\/tr>\n<tr>\n<td>Administraci\u00f3n del papel opcional<\/td>\n<\/tr>\n<tr>\n<td>Bandeja de 550 hojas<\/td>\n<\/tr>\n<tr>\n<td>Volumen de p\u00e1ginas mensual recomendado<\/td>\n<\/tr>\n<tr>\n<td>800 &#8211; 8000 p\u00e1ginas2<\/td>\n<\/tr>\n<tr>\n<td>Ciclo de trabajo mensual m\u00e1ximo<\/td>\n<\/tr>\n<tr>\n<td>Hasta:<\/td>\n<\/tr>\n<tr>\n<td>80000 p\u00e1ginas al mes3<\/td>\n<\/tr>\n<tr>\n<td>Cartuchos y unidades de imagen<\/td>\n<\/tr>\n<tr>\n<td>Rendimiento de cartuchos<\/td>\n<\/tr>\n<tr>\n<td>Hasta:<\/td>\n<\/tr>\n<tr>\n<td>Cartucho para 3.0004 p\u00e1ginas<\/td>\n<\/tr>\n<tr>\n<td>Cartucho de alto rendimiento para 15.0004 p\u00e1ginas<\/td>\n<\/tr>\n<tr>\n<td>Cartucho de rendimiento extra alto para 20.0004 p\u00e1ginas en negro<\/td>\n<\/tr>\n<tr>\n<td>Rendimiento estimado de la unidad de im\u00e1genes hasta<\/td>\n<\/tr>\n<tr>\n<td>40000 p\u00e1ginas, basado en 3 p\u00e1ginas de media por trabajo en tama\u00f1o a4\/carta ~ 5% de cobertura5<\/td>\n<\/tr>\n<tr>\n<td>Suministro(s) embarcado(s) con el equipo<\/td>\n<\/tr>\n<tr>\n<td>Cartucho de t\u00f3ner de inicio del programa de retorno de 3000 p\u00e1ginas<\/td>\n<\/tr>\n<tr>\n<td>Cartuchos de repuesto:<\/td>\n<\/tr>\n<tr>\n<td>El producto funciona solo con cartuchos de reemplazo dise\u00f1ados para su uso en una regi\u00f3n geogr\u00e1fica espec\u00edfica. visita www.lexmark.com\/regions para m\u00e1s detalles.<\/td>\n<\/tr>\n<tr>\n<td>Hardware<\/td>\n<\/tr>\n<tr>\n<td>Velocidad del procesador<\/td>\n<\/tr>\n<tr>\n<td>Dual core, 1.0 ghz<\/td>\n<\/tr>\n<tr>\n<td>Memoria<\/td>\n<\/tr>\n<tr>\n<td>Est\u00e1ndar: 256 mb<\/td>\n<\/tr>\n<tr>\n<td>M\u00e1xima: 256 mb<\/td>\n<\/tr>\n<tr>\n<td>Disco duro<\/td>\n<\/tr>\n<tr>\n<td>No disponible<\/td>\n<\/tr>\n<tr>\n<td>Lenguajes de impresi\u00f3n<\/td>\n<\/tr>\n<tr>\n<td>Est\u00e1ndar:<\/td>\n<\/tr>\n<tr>\n<td>Emulaci\u00f3n pcl 5c, emulaci\u00f3n pcl 5e, emulaci\u00f3n pcl 6, emulaci\u00f3n postscript 3, imagen directa<\/td>\n<\/tr>\n<tr>\n<td>Conjunto de fuentes y s\u00edmbolos<\/td>\n<\/tr>\n<tr>\n<td>2 fuentes de mapa de bits pcl, ocr-a, ocr-b, fuentes pcl 5e escalables, para obtener m\u00e1s informaci\u00f3n, consulte la referencia t\u00e9cnica., 89 fuentes postscript escalables, 3 de 9 fuentes escalables pcl 5e en estrecha, regular y amplia, 89 scalable pcl fonts<\/td>\n<\/tr>\n<tr>\n<td>Pantalla t\u00e1ctil<\/td>\n<\/tr>\n<tr>\n<td>No<\/td>\n<\/tr>\n<tr>\n<td>Conectividad<\/td>\n<\/tr>\n<tr>\n<td>Usb directo<\/td>\n<\/tr>\n<tr>\n<td>No<\/td>\n<\/tr>\n<tr>\n<td>Red ethernet<\/td>\n<\/tr>\n<tr>\n<td>S\u00ed<\/td>\n<\/tr>\n<tr>\n<td>Inal\u00e1mbrica<\/td>\n<\/tr>\n<tr>\n<td>No<\/td>\n<\/tr>\n<tr>\n<td>Protocolo de soporte de red<\/td>\n<\/tr>\n<tr>\n<td>Tcp\/ip ipv6, ipsec w\/ ipv4, ipsec w\/ ipv6, tcp\/ip ipv4, icmp, tcp, igmp, udp, 802.1x<\/td>\n<\/tr>\n<tr>\n<td>M\u00e9todos de impresi\u00f3n de red<\/td>\n<\/tr>\n<tr>\n<td>Lpr\/lpd, wsd de servicios web de microsoft, ftp, tftp, ip mejorado (puerto 9400), ipp 1.0, 1.1, 2.0 (protocolo de impresi\u00f3n de internet)<\/td>\n<\/tr>\n<tr>\n<td>Protocolos de gesti\u00f3n de red<\/td>\n<\/tr>\n<tr>\n<td>Dhcp, bootp, rarp, mdns, igmp, wins, ddns, snmpv3, snmpv1, snmpv2c, telnet, ntp, icmp, http, dns, arp, https (ssl6\/tls), smtp, finger<\/td>\n<\/tr>\n<tr>\n<td>Seguridad de red<\/td>\n<\/tr>\n<tr>\n<td>Snmpv3, 802.1x authentication: md5, mschapv2, leap, peap, tls, ttls<\/td>\n<\/tr>\n<tr>\n<td>Sistemas operativos compatibles<\/td>\n<\/tr>\n<tr>\n<td>Soporta los sistemas operativos microsoft windows<\/td>\n<\/tr>\n<tr>\n<td>Windows 10, windows 8.1, windows 8, windows 7 x64, windows 8.1 x64, windows 7<\/td>\n<\/tr>\n<tr>\n<td>Sistemas operativos apple soportados<\/td>\n<\/tr>\n<tr>\n<td>Support is provided through airprint and airscan only<\/td>\n<\/tr>\n<tr>\n<td>Sistemas operativos linux soportados<\/td>\n<\/tr>\n<tr>\n<td>Suse linux enterprise server 12 sp4, suse linux enterprise server 12 sp3, opensuse linux 15, suse linux enterprise server 15, debian 9.4, 9.5, 9.6, debian gnu\/linux 8.11, ubuntu 16.04, 18.04 lts, opensuse linux 42.3, red hat enterprise linux ws 6.10, 7.5, 7.6, fedora 27, 28, 29<\/td>\n<\/tr>\n<tr>\n<td>Citrix metaframe<\/td>\n<\/tr>\n<tr>\n<td>Microsoft windows 2000 server running terminal services with citrix metaframe xp presentation server or citrix metaframe presentation server 3.0., microsoft windows server 2012 with citrix xenapp 6.0, 6.5, microsoft windows 2000 server running terminal services with citrix metaframe presentation server 4.0, microsoft windows server 2008 r2 with citrix xenapp 6.0, 6.5, microsoft windows server 2008 and 2008 x64 edition with citrix xenapp 5.0<\/td>\n<\/tr>\n<tr>\n<td>Sistemas operativos novell soportados<\/td>\n<\/tr>\n<tr>\n<td>Novell open enterprise server 2 (sp3) on suse linux enterprise server 10 sp4 (x86 and x64) 3, novell open enterprise server 11 (sp3) on suse linux enterprise server 11 sp4 (x86 and x64), novell netware 6.5 open enterprise server, novell open enterprise server 15 (sp1) on suse linux enterprise server 11 sp4 (x86 and x64), novell open enterprise server 11 (sp3) on suse linux enterprise server 12 sp1 (x86 and x64)<\/td>\n<\/tr>\n<tr>\n<td>Sistema el\u00e9ctrico y funcionamiento<\/td>\n<\/tr>\n<tr>\n<td>Energy star<\/td>\n<\/tr>\n<tr>\n<td>S\u00ed<\/td>\n<\/tr>\n<tr>\n<td>Consumo el\u00e9ctrico t\u00edpico seg\u00fan energy star<\/td>\n<\/tr>\n<tr>\n<td>Tec:<\/td>\n<\/tr>\n<tr>\n<td>0.47 kilowatt-hora por semana<\/td>\n<\/tr>\n<tr>\n<td>Nivel de ruido<\/td>\n<\/tr>\n<tr>\n<td>Operando:<\/td>\n<\/tr>\n<tr>\n<td>14 dba (inactiva)<\/td>\n<\/tr>\n<tr>\n<td>53 dba (impresi\u00f3n)<\/td>\n<\/tr>\n<tr>\n<td>Nivel de ruido en impresi\u00f3n en modo d\u00faplex<\/td>\n<\/tr>\n<tr>\n<td>Dos caras:<\/td>\n<\/tr>\n<tr>\n<td>50 dba<\/td>\n<\/tr>\n<tr>\n<td>Promedio de consumo de energ\u00eda \/ consumo promedio de energ\u00eda<\/td>\n<\/tr>\n<tr>\n<td>0.1 watts (modo de hibernaci\u00f3n)<\/td>\n<\/tr>\n<tr>\n<td>0.9 watts (modo de suspensi\u00f3n)<\/td>\n<\/tr>\n<tr>\n<td>4.9 watts (el modo listo)<\/td>\n<\/tr>\n<tr>\n<td>570 watts (modo de impresi\u00f3n)<\/td>\n<\/tr>\n<tr>\n<td>Ambiente operativo espec\u00edfico<\/td>\n<\/tr>\n<tr>\n<td>Humedad: 8% a 80% de humedad relativa<\/td>\n<\/tr>\n<tr>\n<td>Temperatura: 10 a 32\u00b0c<\/td>\n<\/tr>\n<tr>\n<td>Altitud: 0 &#8211; 2896 metros<\/td>\n<\/tr>\n<tr>\n<td>Certificaciones del producto<\/td>\n<\/tr>\n<tr>\n<td>Energy star, ices-003 class b, bsmi class b, us fda, ul 60950-1, fcc class b, cul can\/csa-c22.2 60950-1, nom, cb en\/iec 60950-1, cb en\/iec 60825-1, ce doc (en 62301 class b, en 62311, ce en\/iec 60950-1, ce en\/iec 60825-1, en 61000-3, en 55022 class b, eup, en 55024, ul), efta (ce), kcc, ccc, cecp, cel, c-tick doc, ul-ar, kc mark, ul gs mark, ec 1275, met-i, iso 532b, ecma-370, ted, gost-r, sii, ter, de-uz 205, china green product (cgp)<\/td>\n<\/tr>\n<tr>\n<td>C\u00f3digo unspsc<\/td>\n<\/tr>\n<tr>\n<td>43212105<\/td>\n<\/tr>\n<tr>\n<td>C\u00f3digo arancelario armonizado<\/td>\n<\/tr>\n<tr>\n<td>8443.32.1010<\/td>\n<\/tr>\n<tr>\n<td>Pa\u00eds de origen<\/td>\n<\/tr>\n<tr>\n<td>China (prc)<\/td>\n<\/tr>\n<tr>\n<td>Licencia\/t\u00e9rminos del acuerdo<\/td>\n<\/tr>\n<tr>\n<td>Las impresoras se venden sujetas a ciertas condiciones de licencia \/ acuerdo. visita www.lexmark.com\/printerlicense para m\u00e1s detalles.<\/td>\n<\/tr>\n<tr>\n<td>Garant\u00edas<\/td>\n<\/tr>\n<tr>\n<td>Garant\u00eda del producto<\/td>\n<\/tr>\n<tr>\n<td>Un a\u00f1o de servicio in situ, al siguiente d\u00eda laborable<\/td>\n<\/tr>\n<tr>\n<td>1velocidad de impresi\u00f3n y copia medidas de acuerdo con iso\/iec 24734 e iso\/iec 24735 respectivamente (esat). para obtener m\u00e1s informaci\u00f3n, consulte: www.lexmark.com\/isospeeds.<\/td>\n<\/tr>\n<tr>\n<td>2el volumen de p\u00e1gina mensual recomendado es un rango de p\u00e1ginas que ayuda a los clientes a evaluar las ofertas de productos de lexmark en funci\u00f3n del n\u00famero promedio de p\u00e1ginas que los clientes planean imprimir en el dispositivo cada mes. lexmark recomienda que el n\u00famero de p\u00e1ginas por mes est\u00e9 dentro del rango establecido para un rendimiento \u00f3ptimo del dispositivo, en funci\u00f3n de factores que incluyen: intervalos de reemplazo de suministros, intervalos de carga de papel, velocidad y uso t\u00edpico del cliente.<\/td>\n<\/tr>\n<tr>\n<td>3el ciclo de trabajo mensual m\u00e1ximo se define como la cantidad m\u00e1xima de p\u00e1ginas que un dispositivo puede entregar en un mes utilizando una operaci\u00f3n de m\u00faltiples escalas. esta m\u00e9trica proporciona una comparaci\u00f3n de robustez en relaci\u00f3n con otras impresoras y mfp de lexmark.<\/td>\n<\/tr>\n<tr>\n<td>4 promedio del valor de rendimiento de p\u00e1gina est\u00e1ndar declarado de acuerdo con iso \/ iec 19752.<\/td>\n<\/tr>\n<tr>\n<td>5el rendimiento real puede variar en funci\u00f3n de otros factores, como la velocidad del dispositivo, el tama\u00f1o del papel y la orientaci\u00f3n de alimentaci\u00f3n, la cobertura del t\u00f3ner, la bandeja de origen del papel, el porcentaje de impresi\u00f3n solo en negro y la complejidad media de los trabajos de impresi\u00f3n.<\/td>\n<\/tr>\n<tr>\n<td>6 este producto incluye software desarrollado por openssl project para su uso en openssl toolkit. (http:\/\/www.openssl.org\/)<\/td>\n<\/tr>\n<\/table>\n","protected":false},"excerpt":{"rendered":"<p>Con un rendimiento de hasta 42 [40] p\u00e1ginas por minuto* y un factor de formato liviano y compacto, la lexmark ms431dn proporciona un rendimiento r\u00e1pido y confiable. Con\u00e9ctese mediante usb o gigabit ethernet y ejecute trabajos de gran volumen con un procesador de n\u00facleos m\u00faltiples de 1 ghz, 256 mb de memoria y un alimentador multiprop\u00f3sito para 100 hojas. El t\u00f3ner unison\u0099 de extra alto rendimiento disponible imprime hasta 20 000 p\u00e1ginas** y la bandeja opcional para 550 hojas es compatible con tareas de impresi\u00f3n m\u00e1s largas y realza la flexibilidad de los materiales. Una estructura de acero beneficia la durabilidad y la confiabilidad a largo plazo, mientras que la impresi\u00f3n est\u00e1ndar a dos caras permite ahorrar papel, el fusor de larga duraci\u00f3n minimiza el mantenimiento y la seguridad del amplio espectro de lexmark le ayuda a proteger la informaci\u00f3n de su red y propiedad.<\/p>\n","protected":false},"featured_media":223727,"comment_status":"open","ping_status":"open","template":"","meta":[],"product_cat":[1777,1784],"product_tag":[1630],"acf":[],"yoast_head":"<!-- This site is optimized with the Yoast SEO plugin v21.7 - https:\/\/yoast.com\/wordpress\/plugins\/seo\/ -->\n<title>[ Lexmark ] &#129351; 29s0050 Impresora Ms431dn, Np , Ppm 42 Negro, Laser Monocromatico, Usb, Etherneth, Duplex<\/title>\n<meta name=\"description\" content=\"Compra 29s0050 Impresora Ms431dn, Np , Ppm 42 Negro, Laser Monocromatico, Usb, Etherneth, Duplex + Env\u00edo a domicilio + Pago seguro + Garant\u00eda\" \/>\n<meta name=\"robots\" content=\"index, follow, max-snippet:-1, max-image-preview:large, max-video-preview:-1\" \/>\n<link rel=\"canonical\" href=\"https:\/\/compuviper.mx\/tienda\/producto\/lexmark-29s0050-impresora-ms431dn-np-ppm-42-negro-laser-monocromatico-usb-etherneth-duplex\/\" \/>\n<meta property=\"og:locale\" content=\"es_MX\" \/>\n<meta property=\"og:type\" content=\"article\" \/>\n<meta property=\"og:title\" content=\"[ Lexmark ] &#129351; 29s0050 Impresora Ms431dn, Np , Ppm 42 Negro, Laser Monocromatico, Usb, Etherneth, Duplex\" \/>\n<meta property=\"og:description\" content=\"Compra 29s0050 Impresora Ms431dn, Np , Ppm 42 Negro, Laser Monocromatico, Usb, Etherneth, Duplex + Env\u00edo a domicilio + Pago seguro + Garant\u00eda\" \/>\n<meta property=\"og:url\" content=\"https:\/\/compuviper.mx\/tienda\/producto\/lexmark-29s0050-impresora-ms431dn-np-ppm-42-negro-laser-monocromatico-usb-etherneth-duplex\/\" \/>\n<meta property=\"og:site_name\" content=\"Compuviper\" \/>\n<meta property=\"article:publisher\" content=\"https:\/\/www.facebook.com\/compuviper\" \/>\n<meta property=\"article:modified_time\" content=\"2026-04-02T07:43:12+00:00\" \/>\n<meta property=\"og:image\" content=\"https:\/\/compuviper.mx\/tienda\/wp-content\/uploads\/2023\/12\/Impresora-laser-monocromatico-lexmark-modelo-ms431dn-np-29s0050-hasta-42-ppm-volumen-mensual-8000-ciclo-mensual-80000-ram-256-duplex-etherneth-1-ano-de-garantia-en-sitio.jpg\" \/>\n\t<meta property=\"og:image:width\" content=\"200\" \/>\n\t<meta property=\"og:image:height\" content=\"200\" \/>\n\t<meta property=\"og:image:type\" content=\"image\/jpeg\" \/>\n<meta name=\"twitter:card\" content=\"summary_large_image\" \/>\n<meta name=\"twitter:label1\" content=\"Precio\" \/>\n\t<meta name=\"twitter:data1\" content=\"&#36;5,811 con IVA\" \/>\n\t<meta name=\"twitter:label2\" content=\"Availability\" \/>\n\t<meta name=\"twitter:data2\" content=\"Out of stock\" \/>\n<script type=\"application\/ld+json\" class=\"yoast-schema-graph\">{\"@context\":\"https:\/\/schema.org\",\"@graph\":[{\"@type\":\"WebPage\",\"@id\":\"https:\/\/compuviper.mx\/tienda\/producto\/lexmark-29s0050-impresora-ms431dn-np-ppm-42-negro-laser-monocromatico-usb-etherneth-duplex\/\",\"url\":\"https:\/\/compuviper.mx\/tienda\/producto\/lexmark-29s0050-impresora-ms431dn-np-ppm-42-negro-laser-monocromatico-usb-etherneth-duplex\/\",\"name\":\"[ Lexmark ] &#129351; 29s0050 Impresora Ms431dn, Np , Ppm 42 Negro, Laser Monocromatico, Usb, Etherneth, Duplex\",\"isPartOf\":{\"@id\":\"https:\/\/compuviper.mx\/tienda\/#website\"},\"datePublished\":\"2026-04-02T07:43:11+00:00\",\"dateModified\":\"2026-04-02T07:43:12+00:00\",\"description\":\"Compra 29s0050 Impresora Ms431dn, Np , Ppm 42 Negro, Laser Monocromatico, Usb, Etherneth, Duplex + Env\u00edo a domicilio + Pago seguro + Garant\u00eda\",\"breadcrumb\":{\"@id\":\"https:\/\/compuviper.mx\/tienda\/producto\/lexmark-29s0050-impresora-ms431dn-np-ppm-42-negro-laser-monocromatico-usb-etherneth-duplex\/#breadcrumb\"},\"inLanguage\":\"es-MX\",\"potentialAction\":[{\"@type\":\"ReadAction\",\"target\":[\"https:\/\/compuviper.mx\/tienda\/producto\/lexmark-29s0050-impresora-ms431dn-np-ppm-42-negro-laser-monocromatico-usb-etherneth-duplex\/\"]}]},{\"@type\":\"BreadcrumbList\",\"@id\":\"https:\/\/compuviper.mx\/tienda\/producto\/lexmark-29s0050-impresora-ms431dn-np-ppm-42-negro-laser-monocromatico-usb-etherneth-duplex\/#breadcrumb\",\"itemListElement\":[{\"@type\":\"ListItem\",\"position\":1,\"name\":\"Inicio\",\"item\":\"https:\/\/compuviper.mx\/tienda\/\"},{\"@type\":\"ListItem\",\"position\":2,\"name\":\"Productos\",\"item\":\"https:\/\/compuviper.mx\/tienda\/productos\/\"},{\"@type\":\"ListItem\",\"position\":3,\"name\":\"Impresoras\",\"item\":\"https:\/\/compuviper.mx\/tienda\/categoria-producto\/impresoras\/\"},{\"@type\":\"ListItem\",\"position\":4,\"name\":\"Laser Monocromatica\",\"item\":\"https:\/\/compuviper.mx\/tienda\/categoria-producto\/impresoras\/laser-monocromatica-impresoras\/\"},{\"@type\":\"ListItem\",\"position\":5,\"name\":\"Lexmark 29s0050 Impresora Ms431dn, Np , Ppm 42 Negro, Laser Monocromatico, Usb, Etherneth, Duplex\"}]},{\"@type\":\"WebSite\",\"@id\":\"https:\/\/compuviper.mx\/tienda\/#website\",\"url\":\"https:\/\/compuviper.mx\/tienda\/\",\"name\":\"Compuviper\",\"description\":\"Proveedor de Computadoras, Laptops, Servidores, Monitores, Puntos de Venta, Teclados,   Impresoras, T\u00f3ner, C\u00e1maras de Seguridad y m\u00e1s en tu tienda en l\u00ednea\",\"publisher\":{\"@id\":\"https:\/\/compuviper.mx\/tienda\/#organization\"},\"potentialAction\":[{\"@type\":\"SearchAction\",\"target\":{\"@type\":\"EntryPoint\",\"urlTemplate\":\"https:\/\/compuviper.mx\/tienda\/?s={search_term_string}\"},\"query-input\":\"required name=search_term_string\"}],\"inLanguage\":\"es-MX\"},{\"@type\":\"Organization\",\"@id\":\"https:\/\/compuviper.mx\/tienda\/#organization\",\"name\":\"Compuviper\",\"url\":\"https:\/\/compuviper.mx\/tienda\/\",\"logo\":{\"@type\":\"ImageObject\",\"inLanguage\":\"es-MX\",\"@id\":\"https:\/\/compuviper.mx\/tienda\/#\/schema\/logo\/image\/\",\"url\":\"https:\/\/compuviper.mx\/tienda\/wp-content\/uploads\/2021\/08\/Logo-Compuviper-10.png\",\"contentUrl\":\"https:\/\/compuviper.mx\/tienda\/wp-content\/uploads\/2021\/08\/Logo-Compuviper-10.png\",\"width\":1000,\"height\":500,\"caption\":\"Compuviper\"},\"image\":{\"@id\":\"https:\/\/compuviper.mx\/tienda\/#\/schema\/logo\/image\/\"},\"sameAs\":[\"https:\/\/www.facebook.com\/compuviper\",\"https:\/\/www.youtube.com\/channel\/UCf73dERp9Y3cfOq7q8BhLjA?view_as=subscriber\"]}]}<\/script>\n<meta property=\"product:brand\" content=\"LEXMARK\" \/>\n<meta property=\"product:price:amount\" content=\"5811\" \/>\n<meta property=\"product:price:currency\" content=\"MXN\" \/>\n<meta property=\"og:availability\" content=\"out of stock\" \/>\n<meta property=\"product:availability\" content=\"out of stock\" \/>\n<meta property=\"product:retailer_item_id\" content=\"29S0050\" \/>\n<meta property=\"product:condition\" content=\"new\" \/>\n<!-- \/ Yoast SEO plugin. -->","yoast_head_json":{"title":"[ Lexmark ] &#129351; 29s0050 Impresora Ms431dn, Np , Ppm 42 Negro, Laser Monocromatico, Usb, Etherneth, Duplex","description":"Compra 29s0050 Impresora Ms431dn, Np , Ppm 42 Negro, Laser Monocromatico, Usb, Etherneth, Duplex + Env\u00edo a domicilio + Pago seguro + Garant\u00eda","robots":{"index":"index","follow":"follow","max-snippet":"max-snippet:-1","max-image-preview":"max-image-preview:large","max-video-preview":"max-video-preview:-1"},"canonical":"https:\/\/compuviper.mx\/tienda\/producto\/lexmark-29s0050-impresora-ms431dn-np-ppm-42-negro-laser-monocromatico-usb-etherneth-duplex\/","og_locale":"es_MX","og_type":"article","og_title":"[ Lexmark ] &#129351; 29s0050 Impresora Ms431dn, Np , Ppm 42 Negro, Laser Monocromatico, Usb, Etherneth, Duplex","og_description":"Compra 29s0050 Impresora Ms431dn, Np , Ppm 42 Negro, Laser Monocromatico, Usb, Etherneth, Duplex + Env\u00edo a domicilio + Pago seguro + Garant\u00eda","og_url":"https:\/\/compuviper.mx\/tienda\/producto\/lexmark-29s0050-impresora-ms431dn-np-ppm-42-negro-laser-monocromatico-usb-etherneth-duplex\/","og_site_name":"Compuviper","article_publisher":"https:\/\/www.facebook.com\/compuviper","article_modified_time":"2026-04-02T07:43:12+00:00","og_image":[{"width":200,"height":200,"url":"https:\/\/compuviper.mx\/tienda\/wp-content\/uploads\/2023\/12\/Impresora-laser-monocromatico-lexmark-modelo-ms431dn-np-29s0050-hasta-42-ppm-volumen-mensual-8000-ciclo-mensual-80000-ram-256-duplex-etherneth-1-ano-de-garantia-en-sitio.jpg","type":"image\/jpeg"}],"twitter_card":"summary_large_image","twitter_misc":{"Precio":"&#36;5,811 con IVA","Availability":"Out of stock"},"schema":{"@context":"https:\/\/schema.org","@graph":[{"@type":"WebPage","@id":"https:\/\/compuviper.mx\/tienda\/producto\/lexmark-29s0050-impresora-ms431dn-np-ppm-42-negro-laser-monocromatico-usb-etherneth-duplex\/","url":"https:\/\/compuviper.mx\/tienda\/producto\/lexmark-29s0050-impresora-ms431dn-np-ppm-42-negro-laser-monocromatico-usb-etherneth-duplex\/","name":"[ Lexmark ] &#129351; 29s0050 Impresora Ms431dn, Np , Ppm 42 Negro, Laser Monocromatico, Usb, Etherneth, Duplex","isPartOf":{"@id":"https:\/\/compuviper.mx\/tienda\/#website"},"datePublished":"2026-04-02T07:43:11+00:00","dateModified":"2026-04-02T07:43:12+00:00","description":"Compra 29s0050 Impresora Ms431dn, Np , Ppm 42 Negro, Laser Monocromatico, Usb, Etherneth, Duplex + Env\u00edo a domicilio + Pago seguro + Garant\u00eda","breadcrumb":{"@id":"https:\/\/compuviper.mx\/tienda\/producto\/lexmark-29s0050-impresora-ms431dn-np-ppm-42-negro-laser-monocromatico-usb-etherneth-duplex\/#breadcrumb"},"inLanguage":"es-MX","potentialAction":[{"@type":"ReadAction","target":["https:\/\/compuviper.mx\/tienda\/producto\/lexmark-29s0050-impresora-ms431dn-np-ppm-42-negro-laser-monocromatico-usb-etherneth-duplex\/"]}]},{"@type":"BreadcrumbList","@id":"https:\/\/compuviper.mx\/tienda\/producto\/lexmark-29s0050-impresora-ms431dn-np-ppm-42-negro-laser-monocromatico-usb-etherneth-duplex\/#breadcrumb","itemListElement":[{"@type":"ListItem","position":1,"name":"Inicio","item":"https:\/\/compuviper.mx\/tienda\/"},{"@type":"ListItem","position":2,"name":"Productos","item":"https:\/\/compuviper.mx\/tienda\/productos\/"},{"@type":"ListItem","position":3,"name":"Impresoras","item":"https:\/\/compuviper.mx\/tienda\/categoria-producto\/impresoras\/"},{"@type":"ListItem","position":4,"name":"Laser Monocromatica","item":"https:\/\/compuviper.mx\/tienda\/categoria-producto\/impresoras\/laser-monocromatica-impresoras\/"},{"@type":"ListItem","position":5,"name":"Lexmark 29s0050 Impresora Ms431dn, Np , Ppm 42 Negro, Laser Monocromatico, Usb, Etherneth, Duplex"}]},{"@type":"WebSite","@id":"https:\/\/compuviper.mx\/tienda\/#website","url":"https:\/\/compuviper.mx\/tienda\/","name":"Compuviper","description":"Proveedor de Computadoras, Laptops, Servidores, Monitores, Puntos de Venta, Teclados,   Impresoras, T\u00f3ner, C\u00e1maras de Seguridad y m\u00e1s en tu tienda en l\u00ednea","publisher":{"@id":"https:\/\/compuviper.mx\/tienda\/#organization"},"potentialAction":[{"@type":"SearchAction","target":{"@type":"EntryPoint","urlTemplate":"https:\/\/compuviper.mx\/tienda\/?s={search_term_string}"},"query-input":"required name=search_term_string"}],"inLanguage":"es-MX"},{"@type":"Organization","@id":"https:\/\/compuviper.mx\/tienda\/#organization","name":"Compuviper","url":"https:\/\/compuviper.mx\/tienda\/","logo":{"@type":"ImageObject","inLanguage":"es-MX","@id":"https:\/\/compuviper.mx\/tienda\/#\/schema\/logo\/image\/","url":"https:\/\/compuviper.mx\/tienda\/wp-content\/uploads\/2021\/08\/Logo-Compuviper-10.png","contentUrl":"https:\/\/compuviper.mx\/tienda\/wp-content\/uploads\/2021\/08\/Logo-Compuviper-10.png","width":1000,"height":500,"caption":"Compuviper"},"image":{"@id":"https:\/\/compuviper.mx\/tienda\/#\/schema\/logo\/image\/"},"sameAs":["https:\/\/www.facebook.com\/compuviper","https:\/\/www.youtube.com\/channel\/UCf73dERp9Y3cfOq7q8BhLjA?view_as=subscriber"]}]},"product_brand":"LEXMARK","product_price_amount":"5811","product_price_currency":"MXN","og_availability":"out of stock","product_availability":"out of stock","product_retailer_item_id":"29S0050","product_condition":"new"},"_links":{"self":[{"href":"https:\/\/compuviper.mx\/tienda\/wp-json\/wp\/v2\/product\/223726"}],"collection":[{"href":"https:\/\/compuviper.mx\/tienda\/wp-json\/wp\/v2\/product"}],"about":[{"href":"https:\/\/compuviper.mx\/tienda\/wp-json\/wp\/v2\/types\/product"}],"replies":[{"embeddable":true,"href":"https:\/\/compuviper.mx\/tienda\/wp-json\/wp\/v2\/comments?post=223726"}],"wp:featuredmedia":[{"embeddable":true,"href":"https:\/\/compuviper.mx\/tienda\/wp-json\/wp\/v2\/media\/223727"}],"wp:attachment":[{"href":"https:\/\/compuviper.mx\/tienda\/wp-json\/wp\/v2\/media?parent=223726"}],"wp:term":[{"taxonomy":"product_cat","embeddable":true,"href":"https:\/\/compuviper.mx\/tienda\/wp-json\/wp\/v2\/product_cat?post=223726"},{"taxonomy":"product_tag","embeddable":true,"href":"https:\/\/compuviper.mx\/tienda\/wp-json\/wp\/v2\/product_tag?post=223726"}],"curies":[{"name":"wp","href":"https:\/\/api.w.org\/{rel}","templated":true}]}}