{"id":223704,"date":"2026-04-02T01:43:09","date_gmt":"2026-04-02T07:43:09","guid":{"rendered":"https:\/\/compuviper.mx\/tienda\/producto\/3nstar-rpt006b-miniprinter-negro-termica-80mm-usbethernet-red-bluetooth-260mm-seg-recibo\/"},"modified":"2026-04-02T01:43:09","modified_gmt":"2026-04-02T07:43:09","slug":"3nstar-rpt006b-miniprinter-negro-termica-80mm-usbethernet-red-bluetooth-260mm-seg-recibo","status":"publish","type":"product","link":"https:\/\/compuviper.mx\/tienda\/producto\/3nstar-rpt006b-miniprinter-negro-termica-80mm-usbethernet-red-bluetooth-260mm-seg-recibo\/","title":{"rendered":"3nstar Rpt006b Miniprinter  , Negro, Termica, 80mm, Usb,ethernet Red, Bluetooth, 260mm\/seg, Recibo"},"content":{"rendered":"<table class=\"descripcion\">\n<tr>\n<td>Caracter\u00edsticas f\u00edsicas<\/td>\n<\/tr>\n<tr>\n<td>Color: negro<\/td>\n<\/tr>\n<tr>\n<td>Dimensiones: 180mm (l) \u00d7 140mm (w) \u00d7 134.1mm (h)<\/td>\n<\/tr>\n<tr>\n<td>Peso neto: 0.97kg<\/td>\n<\/tr>\n<tr>\n<td>Impresi\u00f3n<\/td>\n<\/tr>\n<tr>\n<td>M\u00e9todo de impresi\u00f3n: t\u00e9rmica directo<\/td>\n<\/tr>\n<tr>\n<td>Velocidad de impresi\u00f3n:  260 mm\/s<\/td>\n<\/tr>\n<tr>\n<td>Resoluci\u00f3n: 8 dots\/mm, 576 dots\/line<\/td>\n<\/tr>\n<tr>\n<td>M\u00e1ximo ancho de impresi\u00f3n: 72mm<\/td>\n<\/tr>\n<tr>\n<td>Especificaciones del papel<\/td>\n<\/tr>\n<tr>\n<td>Tipo de papel: papel t\u00e9rmico ancho del rollo 79.5\u00b1 0.5mm<\/td>\n<\/tr>\n<tr>\n<td>Grueso del papel: 0.06mm-0.08mm<\/td>\n<\/tr>\n<tr>\n<td>Di\u00e1metro m\u00e1ximo del rollo de papel: 80mm (max)<\/td>\n<\/tr>\n<tr>\n<td>M\u00e9todo de suministro: drop-in<\/td>\n<\/tr>\n<tr>\n<td>Caracter\u00edsticas<\/td>\n<\/tr>\n<tr>\n<td>Sensor: sin papel, cubierta abierta, orden entrante<\/td>\n<\/tr>\n<tr>\n<td>Puerto para gaveta: 1 puerto dc 24v<\/td>\n<\/tr>\n<tr>\n<td>Memoria: nv flash 256k, buffer 64k<\/td>\n<\/tr>\n<tr>\n<td>Vida \u00fatil del cabezal: 100km<\/td>\n<\/tr>\n<tr>\n<td>Tipo de auto cortador: guillotina<\/td>\n<\/tr>\n<tr>\n<td>Vida \u00fatil auto cortador: 1,500,000 cortes<\/td>\n<\/tr>\n<tr>\n<td>Interfaces: usb, lan, bluetooth<\/td>\n<\/tr>\n<tr>\n<td>Software:<\/td>\n<\/tr>\n<tr>\n<td>Emulaci\u00f3n: esc\/pos<\/td>\n<\/tr>\n<tr>\n<td>Drivers: windows, linux, opos<\/td>\n<\/tr>\n<tr>\n<td>Impresi\u00f3n c\u00f3digos 1d:<\/td>\n<\/tr>\n<tr>\n<td>Upc-a and #65292;upc-e and #65292;ean-13 and #65292;ean-8 and #65292;code39 and #65292;itf and #65292;codebar and #65292;code93 and #65292;code128<\/td>\n<\/tr>\n<tr>\n<td>Impresi\u00f3n c\u00f3digos 2d:<\/td>\n<\/tr>\n<tr>\n<td>Qr code, pdf417<\/td>\n<\/tr>\n<tr>\n<td>El\u00e9ctricos:<\/td>\n<\/tr>\n<tr>\n<td>Entrada de corriente: ac 110v\/220v, 50~60hz (adaptador)<\/td>\n<\/tr>\n<tr>\n<td>Salida de corriente: dc 24v\/2.5a<\/td>\n<\/tr>\n<tr>\n<td>Condiciones ambientales<\/td>\n<\/tr>\n<tr>\n<td>Temperatura de operaci\u00f3n: 0\u00b0c a 45\u00b0c<\/td>\n<\/tr>\n<tr>\n<td>Humedad de operaci\u00f3n: 10~80%<\/td>\n<\/tr>\n<tr>\n<td>Temperatura de almacenamiento: -10\u00b0 a 60\u00b0c<\/td>\n<\/tr>\n<tr>\n<td>Humedad de almacenamiento: 10~90%<\/td>\n<\/tr>\n<tr>\n<td>Empaque:<\/td>\n<\/tr>\n<tr>\n<td>Contenido: impresora, adaptador, cable de poder, cable usb, rollo de papel<\/td>\n<\/tr>\n<tr>\n<td>Dimensiones: 290mm (l) x 180mm (w) x 215mm (h)<\/td>\n<\/tr>\n<tr>\n<td>Peso bruto: 1.77kg<\/td>\n<\/tr>\n<tr>\n<td>Garant\u00eda: 1 a\u00f1o<\/td>\n<\/tr>\n<\/table>\n","protected":false},"excerpt":{"rendered":"<p>La impresora t\u00e9rmica de recibos rpt006 ofrece econom\u00eda, confiabilidad y dise\u00f1o estilizado, construida con componentes de alta gama, mecanismo de alta calidad y f\u00e1cil de configurar. Se puede montar en pared y cuenta con impresi\u00f3n r\u00e1pida, interfaz usb y lan. Incluye controladores de windows, linux y opos.<\/p>\n","protected":false},"featured_media":223705,"comment_status":"open","ping_status":"open","template":"","meta":[],"product_cat":[1777,1778],"product_tag":[1570],"acf":[],"yoast_head":"<!-- This site is optimized with the Yoast SEO plugin v21.7 - https:\/\/yoast.com\/wordpress\/plugins\/seo\/ -->\n<title>[ 3nstar ] &#129351; Rpt006b Miniprinter , Negro, Termica, 80mm, Usb,ethernet Red, Bluetooth, 260mm\/seg, Recibo<\/title>\n<meta name=\"description\" content=\"Compra Rpt006b Miniprinter , Negro, Termica, 80mm, Usb,ethernet Red, Bluetooth, 260mm\/seg, Recibo + Env\u00edo a domicilio + Pago seguro + Garant\u00eda\" \/>\n<meta name=\"robots\" content=\"index, follow, max-snippet:-1, max-image-preview:large, max-video-preview:-1\" \/>\n<link rel=\"canonical\" href=\"https:\/\/compuviper.mx\/tienda\/producto\/3nstar-rpt006b-miniprinter-negro-termica-80mm-usbethernet-red-bluetooth-260mm-seg-recibo\/\" \/>\n<meta property=\"og:locale\" content=\"es_MX\" \/>\n<meta property=\"og:type\" content=\"article\" \/>\n<meta property=\"og:title\" content=\"[ 3nstar ] &#129351; Rpt006b Miniprinter , Negro, Termica, 80mm, Usb,ethernet Red, Bluetooth, 260mm\/seg, Recibo\" \/>\n<meta property=\"og:description\" content=\"Compra Rpt006b Miniprinter , Negro, Termica, 80mm, Usb,ethernet Red, Bluetooth, 260mm\/seg, Recibo + Env\u00edo a domicilio + Pago seguro + Garant\u00eda\" \/>\n<meta property=\"og:url\" content=\"https:\/\/compuviper.mx\/tienda\/producto\/3nstar-rpt006b-miniprinter-negro-termica-80mm-usbethernet-red-bluetooth-260mm-seg-recibo\/\" \/>\n<meta property=\"og:site_name\" content=\"Compuviper\" \/>\n<meta property=\"article:publisher\" content=\"https:\/\/www.facebook.com\/compuviper\" \/>\n<meta property=\"og:image\" content=\"https:\/\/compuviper.mx\/tienda\/wp-content\/uploads\/2023\/12\/Miniprinter-3nstar-rpt006b-negro-termica-80mm-usbethernet-red-bluetooth-260mmseg-recibo.jpg\" \/>\n\t<meta property=\"og:image:width\" content=\"200\" \/>\n\t<meta property=\"og:image:height\" content=\"200\" \/>\n\t<meta property=\"og:image:type\" content=\"image\/jpeg\" \/>\n<meta name=\"twitter:card\" content=\"summary_large_image\" \/>\n<meta name=\"twitter:label1\" content=\"Precio\" \/>\n\t<meta name=\"twitter:data1\" content=\"&#36;1,973 con IVA\" \/>\n\t<meta name=\"twitter:label2\" content=\"Availability\" \/>\n\t<meta name=\"twitter:data2\" content=\"In stock\" \/>\n<script type=\"application\/ld+json\" class=\"yoast-schema-graph\">{\"@context\":\"https:\/\/schema.org\",\"@graph\":[{\"@type\":\"WebPage\",\"@id\":\"https:\/\/compuviper.mx\/tienda\/producto\/3nstar-rpt006b-miniprinter-negro-termica-80mm-usbethernet-red-bluetooth-260mm-seg-recibo\/\",\"url\":\"https:\/\/compuviper.mx\/tienda\/producto\/3nstar-rpt006b-miniprinter-negro-termica-80mm-usbethernet-red-bluetooth-260mm-seg-recibo\/\",\"name\":\"[ 3nstar ] &#129351; Rpt006b Miniprinter , Negro, Termica, 80mm, Usb,ethernet Red, Bluetooth, 260mm\/seg, Recibo\",\"isPartOf\":{\"@id\":\"https:\/\/compuviper.mx\/tienda\/#website\"},\"datePublished\":\"2026-04-02T07:43:09+00:00\",\"dateModified\":\"2026-04-02T07:43:09+00:00\",\"description\":\"Compra Rpt006b Miniprinter , Negro, Termica, 80mm, Usb,ethernet Red, Bluetooth, 260mm\/seg, Recibo + Env\u00edo a domicilio + Pago seguro + Garant\u00eda\",\"breadcrumb\":{\"@id\":\"https:\/\/compuviper.mx\/tienda\/producto\/3nstar-rpt006b-miniprinter-negro-termica-80mm-usbethernet-red-bluetooth-260mm-seg-recibo\/#breadcrumb\"},\"inLanguage\":\"es-MX\",\"potentialAction\":[{\"@type\":\"ReadAction\",\"target\":[\"https:\/\/compuviper.mx\/tienda\/producto\/3nstar-rpt006b-miniprinter-negro-termica-80mm-usbethernet-red-bluetooth-260mm-seg-recibo\/\"]}]},{\"@type\":\"BreadcrumbList\",\"@id\":\"https:\/\/compuviper.mx\/tienda\/producto\/3nstar-rpt006b-miniprinter-negro-termica-80mm-usbethernet-red-bluetooth-260mm-seg-recibo\/#breadcrumb\",\"itemListElement\":[{\"@type\":\"ListItem\",\"position\":1,\"name\":\"Inicio\",\"item\":\"https:\/\/compuviper.mx\/tienda\/\"},{\"@type\":\"ListItem\",\"position\":2,\"name\":\"Productos\",\"item\":\"https:\/\/compuviper.mx\/tienda\/productos\/\"},{\"@type\":\"ListItem\",\"position\":3,\"name\":\"Impresoras\",\"item\":\"https:\/\/compuviper.mx\/tienda\/categoria-producto\/impresoras\/\"},{\"@type\":\"ListItem\",\"position\":4,\"name\":\"Punto De Venta\",\"item\":\"https:\/\/compuviper.mx\/tienda\/categoria-producto\/impresoras\/punto-de-venta-impresoras\/\"},{\"@type\":\"ListItem\",\"position\":5,\"name\":\"3nstar Rpt006b Miniprinter , Negro, Termica, 80mm, Usb,ethernet Red, Bluetooth, 260mm\/seg, Recibo\"}]},{\"@type\":\"WebSite\",\"@id\":\"https:\/\/compuviper.mx\/tienda\/#website\",\"url\":\"https:\/\/compuviper.mx\/tienda\/\",\"name\":\"Compuviper\",\"description\":\"Proveedor de Computadoras, Laptops, Servidores, Monitores, Puntos de Venta, Teclados,   Impresoras, T\u00f3ner, C\u00e1maras de Seguridad y m\u00e1s en tu tienda en l\u00ednea\",\"publisher\":{\"@id\":\"https:\/\/compuviper.mx\/tienda\/#organization\"},\"potentialAction\":[{\"@type\":\"SearchAction\",\"target\":{\"@type\":\"EntryPoint\",\"urlTemplate\":\"https:\/\/compuviper.mx\/tienda\/?s={search_term_string}\"},\"query-input\":\"required name=search_term_string\"}],\"inLanguage\":\"es-MX\"},{\"@type\":\"Organization\",\"@id\":\"https:\/\/compuviper.mx\/tienda\/#organization\",\"name\":\"Compuviper\",\"url\":\"https:\/\/compuviper.mx\/tienda\/\",\"logo\":{\"@type\":\"ImageObject\",\"inLanguage\":\"es-MX\",\"@id\":\"https:\/\/compuviper.mx\/tienda\/#\/schema\/logo\/image\/\",\"url\":\"https:\/\/compuviper.mx\/tienda\/wp-content\/uploads\/2021\/08\/Logo-Compuviper-10.png\",\"contentUrl\":\"https:\/\/compuviper.mx\/tienda\/wp-content\/uploads\/2021\/08\/Logo-Compuviper-10.png\",\"width\":1000,\"height\":500,\"caption\":\"Compuviper\"},\"image\":{\"@id\":\"https:\/\/compuviper.mx\/tienda\/#\/schema\/logo\/image\/\"},\"sameAs\":[\"https:\/\/www.facebook.com\/compuviper\",\"https:\/\/www.youtube.com\/channel\/UCf73dERp9Y3cfOq7q8BhLjA?view_as=subscriber\"]}]}<\/script>\n<meta property=\"product:brand\" content=\"3NSTAR\" \/>\n<meta property=\"product:price:amount\" content=\"1973\" \/>\n<meta property=\"product:price:currency\" content=\"MXN\" \/>\n<meta property=\"og:availability\" content=\"instock\" \/>\n<meta property=\"product:availability\" content=\"instock\" \/>\n<meta property=\"product:retailer_item_id\" content=\"RPT006B\" \/>\n<meta property=\"product:condition\" content=\"new\" \/>\n<!-- \/ Yoast SEO plugin. -->","yoast_head_json":{"title":"[ 3nstar ] &#129351; Rpt006b Miniprinter , Negro, Termica, 80mm, Usb,ethernet Red, Bluetooth, 260mm\/seg, Recibo","description":"Compra Rpt006b Miniprinter , Negro, Termica, 80mm, Usb,ethernet Red, Bluetooth, 260mm\/seg, Recibo + Env\u00edo a domicilio + Pago seguro + Garant\u00eda","robots":{"index":"index","follow":"follow","max-snippet":"max-snippet:-1","max-image-preview":"max-image-preview:large","max-video-preview":"max-video-preview:-1"},"canonical":"https:\/\/compuviper.mx\/tienda\/producto\/3nstar-rpt006b-miniprinter-negro-termica-80mm-usbethernet-red-bluetooth-260mm-seg-recibo\/","og_locale":"es_MX","og_type":"article","og_title":"[ 3nstar ] &#129351; Rpt006b Miniprinter , Negro, Termica, 80mm, Usb,ethernet Red, Bluetooth, 260mm\/seg, Recibo","og_description":"Compra Rpt006b Miniprinter , Negro, Termica, 80mm, Usb,ethernet Red, Bluetooth, 260mm\/seg, Recibo + Env\u00edo a domicilio + Pago seguro + Garant\u00eda","og_url":"https:\/\/compuviper.mx\/tienda\/producto\/3nstar-rpt006b-miniprinter-negro-termica-80mm-usbethernet-red-bluetooth-260mm-seg-recibo\/","og_site_name":"Compuviper","article_publisher":"https:\/\/www.facebook.com\/compuviper","og_image":[{"width":200,"height":200,"url":"https:\/\/compuviper.mx\/tienda\/wp-content\/uploads\/2023\/12\/Miniprinter-3nstar-rpt006b-negro-termica-80mm-usbethernet-red-bluetooth-260mmseg-recibo.jpg","type":"image\/jpeg"}],"twitter_card":"summary_large_image","twitter_misc":{"Precio":"&#36;1,973 con IVA","Availability":"In stock"},"schema":{"@context":"https:\/\/schema.org","@graph":[{"@type":"WebPage","@id":"https:\/\/compuviper.mx\/tienda\/producto\/3nstar-rpt006b-miniprinter-negro-termica-80mm-usbethernet-red-bluetooth-260mm-seg-recibo\/","url":"https:\/\/compuviper.mx\/tienda\/producto\/3nstar-rpt006b-miniprinter-negro-termica-80mm-usbethernet-red-bluetooth-260mm-seg-recibo\/","name":"[ 3nstar ] &#129351; Rpt006b Miniprinter , Negro, Termica, 80mm, Usb,ethernet Red, Bluetooth, 260mm\/seg, Recibo","isPartOf":{"@id":"https:\/\/compuviper.mx\/tienda\/#website"},"datePublished":"2026-04-02T07:43:09+00:00","dateModified":"2026-04-02T07:43:09+00:00","description":"Compra Rpt006b Miniprinter , Negro, Termica, 80mm, Usb,ethernet Red, Bluetooth, 260mm\/seg, Recibo + Env\u00edo a domicilio + Pago seguro + Garant\u00eda","breadcrumb":{"@id":"https:\/\/compuviper.mx\/tienda\/producto\/3nstar-rpt006b-miniprinter-negro-termica-80mm-usbethernet-red-bluetooth-260mm-seg-recibo\/#breadcrumb"},"inLanguage":"es-MX","potentialAction":[{"@type":"ReadAction","target":["https:\/\/compuviper.mx\/tienda\/producto\/3nstar-rpt006b-miniprinter-negro-termica-80mm-usbethernet-red-bluetooth-260mm-seg-recibo\/"]}]},{"@type":"BreadcrumbList","@id":"https:\/\/compuviper.mx\/tienda\/producto\/3nstar-rpt006b-miniprinter-negro-termica-80mm-usbethernet-red-bluetooth-260mm-seg-recibo\/#breadcrumb","itemListElement":[{"@type":"ListItem","position":1,"name":"Inicio","item":"https:\/\/compuviper.mx\/tienda\/"},{"@type":"ListItem","position":2,"name":"Productos","item":"https:\/\/compuviper.mx\/tienda\/productos\/"},{"@type":"ListItem","position":3,"name":"Impresoras","item":"https:\/\/compuviper.mx\/tienda\/categoria-producto\/impresoras\/"},{"@type":"ListItem","position":4,"name":"Punto De Venta","item":"https:\/\/compuviper.mx\/tienda\/categoria-producto\/impresoras\/punto-de-venta-impresoras\/"},{"@type":"ListItem","position":5,"name":"3nstar Rpt006b Miniprinter , Negro, Termica, 80mm, Usb,ethernet Red, Bluetooth, 260mm\/seg, Recibo"}]},{"@type":"WebSite","@id":"https:\/\/compuviper.mx\/tienda\/#website","url":"https:\/\/compuviper.mx\/tienda\/","name":"Compuviper","description":"Proveedor de Computadoras, Laptops, Servidores, Monitores, Puntos de Venta, Teclados,   Impresoras, T\u00f3ner, C\u00e1maras de Seguridad y m\u00e1s en tu tienda en l\u00ednea","publisher":{"@id":"https:\/\/compuviper.mx\/tienda\/#organization"},"potentialAction":[{"@type":"SearchAction","target":{"@type":"EntryPoint","urlTemplate":"https:\/\/compuviper.mx\/tienda\/?s={search_term_string}"},"query-input":"required name=search_term_string"}],"inLanguage":"es-MX"},{"@type":"Organization","@id":"https:\/\/compuviper.mx\/tienda\/#organization","name":"Compuviper","url":"https:\/\/compuviper.mx\/tienda\/","logo":{"@type":"ImageObject","inLanguage":"es-MX","@id":"https:\/\/compuviper.mx\/tienda\/#\/schema\/logo\/image\/","url":"https:\/\/compuviper.mx\/tienda\/wp-content\/uploads\/2021\/08\/Logo-Compuviper-10.png","contentUrl":"https:\/\/compuviper.mx\/tienda\/wp-content\/uploads\/2021\/08\/Logo-Compuviper-10.png","width":1000,"height":500,"caption":"Compuviper"},"image":{"@id":"https:\/\/compuviper.mx\/tienda\/#\/schema\/logo\/image\/"},"sameAs":["https:\/\/www.facebook.com\/compuviper","https:\/\/www.youtube.com\/channel\/UCf73dERp9Y3cfOq7q8BhLjA?view_as=subscriber"]}]},"product_brand":"3NSTAR","product_price_amount":"1973","product_price_currency":"MXN","og_availability":"instock","product_availability":"instock","product_retailer_item_id":"RPT006B","product_condition":"new"},"_links":{"self":[{"href":"https:\/\/compuviper.mx\/tienda\/wp-json\/wp\/v2\/product\/223704"}],"collection":[{"href":"https:\/\/compuviper.mx\/tienda\/wp-json\/wp\/v2\/product"}],"about":[{"href":"https:\/\/compuviper.mx\/tienda\/wp-json\/wp\/v2\/types\/product"}],"replies":[{"embeddable":true,"href":"https:\/\/compuviper.mx\/tienda\/wp-json\/wp\/v2\/comments?post=223704"}],"wp:featuredmedia":[{"embeddable":true,"href":"https:\/\/compuviper.mx\/tienda\/wp-json\/wp\/v2\/media\/223705"}],"wp:attachment":[{"href":"https:\/\/compuviper.mx\/tienda\/wp-json\/wp\/v2\/media?parent=223704"}],"wp:term":[{"taxonomy":"product_cat","embeddable":true,"href":"https:\/\/compuviper.mx\/tienda\/wp-json\/wp\/v2\/product_cat?post=223704"},{"taxonomy":"product_tag","embeddable":true,"href":"https:\/\/compuviper.mx\/tienda\/wp-json\/wp\/v2\/product_tag?post=223704"}],"curies":[{"name":"wp","href":"https:\/\/api.w.org\/{rel}","templated":true}]}}