{"id":223682,"date":"2026-04-10T01:36:31","date_gmt":"2026-04-10T07:36:31","guid":{"rendered":"https:\/\/compuviper.mx\/tienda\/producto\/canon-2313c004ab-multifuncional-g2110-tinta-continua-ipm-8-8-negro-5-0-color-usb-cama-plana-carta-a4-compatible-windows-consumibles-gi-190\/"},"modified":"2026-04-10T01:36:31","modified_gmt":"2026-04-10T07:36:31","slug":"canon-2313c004ab-multifuncional-g2110-tinta-continua-ppm-8-8-negro-5-0-color-usb-cama-plana-carta-consumibles-gi-190","status":"publish","type":"product","link":"https:\/\/compuviper.mx\/tienda\/producto\/canon-2313c004ab-multifuncional-g2110-tinta-continua-ppm-8-8-negro-5-0-color-usb-cama-plana-carta-consumibles-gi-190\/","title":{"rendered":"Canon 2313c004ab Multifuncional  G2110, Tinta Continua, Ppm 8.8 Negro\/5.0 Color, Usb, Cama Plana Carta, Consumibles Gi-190"},"content":{"rendered":"<table class=\"descripcion\">\n<tr>\n<td>Impresora:<\/td>\n<\/tr>\n<tr>\n<td>Velocidad de impresi\u00f3n (hasta):<\/td>\n<\/tr>\n<tr>\n<td>&#8211; fotograf\u00eda sin bordes 10 x 15 cm: aprox. 60 segundos<\/td>\n<\/tr>\n<tr>\n<td>&#8211; black:esat: aprox. 8.8 ipm<\/td>\n<\/tr>\n<tr>\n<td>&#8211; color:esat: aprox. 5.0 ipm<\/td>\n<\/tr>\n<tr>\n<td>Cantidad de boquillas:  color: 1,152\/ pigmento negro: 320\/total: 1,472<\/td>\n<\/tr>\n<tr>\n<td>Tama\u00f1o en picolitros (en color): 2, 5 y 25<\/td>\n<\/tr>\n<tr>\n<td>Resoluci\u00f3n de impresi\u00f3n (hasta):<\/td>\n<\/tr>\n<tr>\n<td>&#8211; color: hasta 4800 x 1200 dpi<\/td>\n<\/tr>\n<tr>\n<td>&#8211; black: hasta 600 x 600 dpi<\/td>\n<\/tr>\n<tr>\n<td>Compatibilidad de tinta:<\/td>\n<\/tr>\n<tr>\n<td>&#8211; gi-190 botella de tinta negra (135 ml)<\/td>\n<\/tr>\n<tr>\n<td>&#8211; gi-190 botella de tinta cian (70 ml)<\/td>\n<\/tr>\n<tr>\n<td>&#8211; gi-190 botella de tinta magenta (70 ml)<\/td>\n<\/tr>\n<tr>\n<td>&#8211; gi-190 botella de tinta amarilla (70 ml)<\/td>\n<\/tr>\n<tr>\n<td>Tama\u00f1os de papel: a4, a5, b5, carta, oficio, sobres u.s. n\u00fam. 10, 4\u00bf x 6\u00bf (10 x 15 cm), 5\u00bf x 7\u00bf (13 x 18 cm), tama\u00f1o personalizado (anchura de 101.6 mm a 215.9 mm: longitud de 152.4 mm a 676 mm)<\/td>\n<\/tr>\n<tr>\n<td>Compatibilidad de papel:<\/td>\n<\/tr>\n<tr>\n<td>&#8211; com\u00fan: papel com\u00fan, papel de alta resoluci\u00f3n;<\/td>\n<\/tr>\n<tr>\n<td>&#8211; brilloso: papel fotogr\u00e1fico brilloso plus ii, papel fotogr\u00e1fico brilloso;<\/td>\n<\/tr>\n<tr>\n<td>&#8211; papel mate: papel fotogr\u00e1fico mate;<\/td>\n<\/tr>\n<tr>\n<td>&#8211; sobres: sobres u.s. n\u00fam. 10<\/td>\n<\/tr>\n<tr>\n<td>Caracter\u00edsticas de la impresora: correcci\u00f3n autom\u00e1tica de im\u00e1genes ii, impresi\u00f3n sin bordes, impresi\u00f3n de documentos, impresi\u00f3n de fotos, easy-photoprint+, impresi\u00f3n completa de escenas de videos en hd, my image garden, modo silencioso, efecto de filtros divertidos.<\/td>\n<\/tr>\n<tr>\n<td>Capacidad de la bandeja de salida: 100 hojas de papel com\u00fan o 20 hojas de papel fotogr\u00e1fico 4\u00bfx 6\u00bf \/ 10 hojas de papel fotogr\u00e1fico 5&#8243; x 7&#8243;<\/td>\n<\/tr>\n<tr>\n<td>  copiadora:<\/td>\n<\/tr>\n<tr>\n<td>Velocidad de copiado (hasta): tiempo de entrega de la primera copia (en color): aprox. 32 segundos (sfcot)<\/td>\n<\/tr>\n<tr>\n<td>Caracter\u00edsticas de copiado: copiado est\u00e1ndar<\/td>\n<\/tr>\n<tr>\n<td>  esc\u00e1ner<\/td>\n<\/tr>\n<tr>\n<td>Tipo de esc\u00e1ner: esc\u00e1ner plano<\/td>\n<\/tr>\n<tr>\n<td>Elemento de escaneo: sensor de imagen por contacto (cis, por su sigla en ingl\u00e9s)<\/td>\n<\/tr>\n<tr>\n<td>Resoluci\u00f3n m\u00e1xima:<\/td>\n<\/tr>\n<tr>\n<td>&#8211; optical:600 x 1200 dpi<\/td>\n<\/tr>\n<tr>\n<td>&#8211; interpolated:19,200 x 19,200 dpi<\/td>\n<\/tr>\n<tr>\n<td>Caracter\u00edsticas del esc\u00e1ner: modo de escaneo autom\u00e1tico<\/td>\n<\/tr>\n<tr>\n<td>Profundidad de color: 48 bits (entrada)\/24 bits (salida)<\/td>\n<\/tr>\n<tr>\n<td>Tama\u00f1o m\u00e1ximo del documento: carta \/ a4 (21.6 cm x 29.7 cm)<\/td>\n<\/tr>\n<tr>\n<td>  general:<\/td>\n<\/tr>\n<tr>\n<td>Otras caracter\u00edsticas: sistema de tintas h\u00edbrido, sistema de tintas integrado, alto rendimiento de p\u00e1gina de 6,000 p\u00e1ginas en blanco y negro y 7,000 p\u00e1ginasa color, texto n\u00edtido, clasificaci\u00f3n epeat plata, encendido\/apagado autom\u00e1tico, modo silencioso<\/td>\n<\/tr>\n<tr>\n<td>Compatibilidad con sistemas operativos:<\/td>\n<\/tr>\n<tr>\n<td>&#8211; sistemas operativos de computadoras:<\/td>\n<\/tr>\n<tr>\n<td>&#8211; windows: windows\u00ae 10, windows 8.1, windows 7 sp1<\/td>\n<\/tr>\n<tr>\n<td>Interfaz est\u00e1ndar:   usb de alta velocidad<\/td>\n<\/tr>\n<tr>\n<td>Dimensiones (an. x pr. x al.): 44.5 cm (an.) x 33.0 cm (pr.) x 16.3 cm (al.)<\/td>\n<\/tr>\n<tr>\n<td>Peso: 6.3 kg<\/td>\n<\/tr>\n<\/table>\n","protected":false},"excerpt":{"rendered":"<p>La nueva impresora multifuncional de inyecci\u00f3n de tinta pixma g2110 proporciona la capacidad de imprimir, copiar y escanear. Su nueva pantalla lcd de 3.05 cm permite hacer copias f\u00e1cilmente. Esta impresora tambi\u00e9n proporciona muchas de las funciones populares que se encuentran en los modelos anteriores tal como el sistema de tinta h\u00edbrido integrado, dise\u00f1o compacto y capacidades de impresi\u00f3n sin bordes. El sistema de tinta h\u00edbrido de la nueva impresora pixma g2110 utiliza tintas con pigmentos y colorantes h\u00edbridos que produce una calidad de imagen mejorada para negros m\u00e1s oscuros para as\u00ed lograr un texto de gran nitidez y colores vibrantes que dan como resultado impresiones con gran impacto visual. Esta impresora incorpora una almohadilla de tinta m\u00e1s amplia que permite absorber m\u00e1s desperdicio de tinta para as\u00ed incrementar el volumen de impresi\u00f3n. La g2110 sigue ofreciendo un tubo herm\u00e9tico, de alta calidad, duradero y flexible que evita que la tinta se seque cuando la impresora no est\u00e1 en uso.<\/p>\n","protected":false},"featured_media":223683,"comment_status":"open","ping_status":"open","template":"","meta":[],"product_cat":[1780,1781],"product_tag":[1554],"acf":[],"yoast_head":"<!-- This site is optimized with the Yoast SEO plugin v21.7 - https:\/\/yoast.com\/wordpress\/plugins\/seo\/ -->\n<title>[ Canon ] &#129351; 2313c004ab Multifuncional G2110, Tinta Continua, Ppm 8.8 Negro\/5.0 Color, Usb, Cama Plana Carta, Consumibles Gi-190<\/title>\n<meta name=\"description\" content=\"Compra 2313c004ab Multifuncional G2110, Tinta Continua, Ppm 8.8 Negro\/5.0 Color, Usb, Cama Plana Carta, Consumibles Gi-190 + Env\u00edo a domicilio + Pago seguro + Garant\u00eda\" \/>\n<meta name=\"robots\" content=\"index, follow, max-snippet:-1, max-image-preview:large, max-video-preview:-1\" \/>\n<link rel=\"canonical\" href=\"https:\/\/compuviper.mx\/tienda\/producto\/canon-2313c004ab-multifuncional-g2110-tinta-continua-ppm-8-8-negro-5-0-color-usb-cama-plana-carta-consumibles-gi-190\/\" \/>\n<meta property=\"og:locale\" content=\"es_MX\" \/>\n<meta property=\"og:type\" content=\"article\" \/>\n<meta property=\"og:title\" content=\"[ Canon ] &#129351; 2313c004ab Multifuncional G2110, Tinta Continua, Ppm 8.8 Negro\/5.0 Color, Usb, Cama Plana Carta, Consumibles Gi-190\" \/>\n<meta property=\"og:description\" content=\"Compra 2313c004ab Multifuncional G2110, Tinta Continua, Ppm 8.8 Negro\/5.0 Color, Usb, Cama Plana Carta, Consumibles Gi-190 + Env\u00edo a domicilio + Pago seguro + Garant\u00eda\" \/>\n<meta property=\"og:url\" content=\"https:\/\/compuviper.mx\/tienda\/producto\/canon-2313c004ab-multifuncional-g2110-tinta-continua-ppm-8-8-negro-5-0-color-usb-cama-plana-carta-consumibles-gi-190\/\" \/>\n<meta property=\"og:site_name\" content=\"Compuviper\" \/>\n<meta property=\"article:publisher\" content=\"https:\/\/www.facebook.com\/compuviper\" \/>\n<meta property=\"og:image\" content=\"https:\/\/compuviper.mx\/tienda\/wp-content\/uploads\/2023\/12\/Multifuncional-canon-g2110-tinta-continua-ipm-8.8-negro5.0-color-usb-cama-plana-carta-a4-compatible-windows-consumibles-gi-190.jpg\" \/>\n\t<meta property=\"og:image:width\" content=\"200\" \/>\n\t<meta property=\"og:image:height\" content=\"200\" \/>\n\t<meta property=\"og:image:type\" content=\"image\/jpeg\" \/>\n<meta name=\"twitter:card\" content=\"summary_large_image\" \/>\n<meta name=\"twitter:label1\" content=\"Precio\" \/>\n\t<meta name=\"twitter:data1\" content=\"&#36;3,301 &#36;2,641 con IVA\" \/>\n\t<meta name=\"twitter:label2\" content=\"Availability\" \/>\n\t<meta name=\"twitter:data2\" content=\"In stock\" \/>\n<script type=\"application\/ld+json\" class=\"yoast-schema-graph\">{\"@context\":\"https:\/\/schema.org\",\"@graph\":[{\"@type\":\"WebPage\",\"@id\":\"https:\/\/compuviper.mx\/tienda\/producto\/canon-2313c004ab-multifuncional-g2110-tinta-continua-ppm-8-8-negro-5-0-color-usb-cama-plana-carta-consumibles-gi-190\/\",\"url\":\"https:\/\/compuviper.mx\/tienda\/producto\/canon-2313c004ab-multifuncional-g2110-tinta-continua-ppm-8-8-negro-5-0-color-usb-cama-plana-carta-consumibles-gi-190\/\",\"name\":\"[ Canon ] &#129351; 2313c004ab Multifuncional G2110, Tinta Continua, Ppm 8.8 Negro\/5.0 Color, Usb, Cama Plana Carta, Consumibles Gi-190\",\"isPartOf\":{\"@id\":\"https:\/\/compuviper.mx\/tienda\/#website\"},\"datePublished\":\"2026-04-10T07:36:31+00:00\",\"dateModified\":\"2026-04-10T07:36:31+00:00\",\"description\":\"Compra 2313c004ab Multifuncional G2110, Tinta Continua, Ppm 8.8 Negro\/5.0 Color, Usb, Cama Plana Carta, Consumibles Gi-190 + Env\u00edo a domicilio + Pago seguro + Garant\u00eda\",\"breadcrumb\":{\"@id\":\"https:\/\/compuviper.mx\/tienda\/producto\/canon-2313c004ab-multifuncional-g2110-tinta-continua-ppm-8-8-negro-5-0-color-usb-cama-plana-carta-consumibles-gi-190\/#breadcrumb\"},\"inLanguage\":\"es-MX\",\"potentialAction\":[{\"@type\":\"ReadAction\",\"target\":[\"https:\/\/compuviper.mx\/tienda\/producto\/canon-2313c004ab-multifuncional-g2110-tinta-continua-ppm-8-8-negro-5-0-color-usb-cama-plana-carta-consumibles-gi-190\/\"]}]},{\"@type\":\"BreadcrumbList\",\"@id\":\"https:\/\/compuviper.mx\/tienda\/producto\/canon-2313c004ab-multifuncional-g2110-tinta-continua-ppm-8-8-negro-5-0-color-usb-cama-plana-carta-consumibles-gi-190\/#breadcrumb\",\"itemListElement\":[{\"@type\":\"ListItem\",\"position\":1,\"name\":\"Inicio\",\"item\":\"https:\/\/compuviper.mx\/tienda\/\"},{\"@type\":\"ListItem\",\"position\":2,\"name\":\"Productos\",\"item\":\"https:\/\/compuviper.mx\/tienda\/productos\/\"},{\"@type\":\"ListItem\",\"position\":3,\"name\":\"Multifuncionales\",\"item\":\"https:\/\/compuviper.mx\/tienda\/categoria-producto\/multifuncionales\/\"},{\"@type\":\"ListItem\",\"position\":4,\"name\":\"Inyeccion De Tinta\",\"item\":\"https:\/\/compuviper.mx\/tienda\/categoria-producto\/multifuncionales\/inyeccion-de-tinta\/\"},{\"@type\":\"ListItem\",\"position\":5,\"name\":\"Canon 2313c004ab Multifuncional G2110, Tinta Continua, Ppm 8.8 Negro\/5.0 Color, Usb, Cama Plana Carta, Consumibles Gi-190\"}]},{\"@type\":\"WebSite\",\"@id\":\"https:\/\/compuviper.mx\/tienda\/#website\",\"url\":\"https:\/\/compuviper.mx\/tienda\/\",\"name\":\"Compuviper\",\"description\":\"Proveedor de Computadoras, Laptops, Servidores, Monitores, Puntos de Venta, Teclados,   Impresoras, T\u00f3ner, C\u00e1maras de Seguridad y m\u00e1s en tu tienda en l\u00ednea\",\"publisher\":{\"@id\":\"https:\/\/compuviper.mx\/tienda\/#organization\"},\"potentialAction\":[{\"@type\":\"SearchAction\",\"target\":{\"@type\":\"EntryPoint\",\"urlTemplate\":\"https:\/\/compuviper.mx\/tienda\/?s={search_term_string}\"},\"query-input\":\"required name=search_term_string\"}],\"inLanguage\":\"es-MX\"},{\"@type\":\"Organization\",\"@id\":\"https:\/\/compuviper.mx\/tienda\/#organization\",\"name\":\"Compuviper\",\"url\":\"https:\/\/compuviper.mx\/tienda\/\",\"logo\":{\"@type\":\"ImageObject\",\"inLanguage\":\"es-MX\",\"@id\":\"https:\/\/compuviper.mx\/tienda\/#\/schema\/logo\/image\/\",\"url\":\"https:\/\/compuviper.mx\/tienda\/wp-content\/uploads\/2021\/08\/Logo-Compuviper-10.png\",\"contentUrl\":\"https:\/\/compuviper.mx\/tienda\/wp-content\/uploads\/2021\/08\/Logo-Compuviper-10.png\",\"width\":1000,\"height\":500,\"caption\":\"Compuviper\"},\"image\":{\"@id\":\"https:\/\/compuviper.mx\/tienda\/#\/schema\/logo\/image\/\"},\"sameAs\":[\"https:\/\/www.facebook.com\/compuviper\",\"https:\/\/www.youtube.com\/channel\/UCf73dERp9Y3cfOq7q8BhLjA?view_as=subscriber\"]}]}<\/script>\n<meta property=\"product:brand\" content=\"CANON\" \/>\n<meta property=\"product:price:amount\" content=\"2641\" \/>\n<meta property=\"product:price:currency\" content=\"MXN\" \/>\n<meta property=\"og:availability\" content=\"instock\" \/>\n<meta property=\"product:availability\" content=\"instock\" \/>\n<meta property=\"product:retailer_item_id\" content=\"2313C004AB\" \/>\n<meta property=\"product:condition\" content=\"new\" \/>\n<!-- \/ Yoast SEO plugin. -->","yoast_head_json":{"title":"[ Canon ] &#129351; 2313c004ab Multifuncional G2110, Tinta Continua, Ppm 8.8 Negro\/5.0 Color, Usb, Cama Plana Carta, Consumibles Gi-190","description":"Compra 2313c004ab Multifuncional G2110, Tinta Continua, Ppm 8.8 Negro\/5.0 Color, Usb, Cama Plana Carta, Consumibles Gi-190 + Env\u00edo a domicilio + Pago seguro + Garant\u00eda","robots":{"index":"index","follow":"follow","max-snippet":"max-snippet:-1","max-image-preview":"max-image-preview:large","max-video-preview":"max-video-preview:-1"},"canonical":"https:\/\/compuviper.mx\/tienda\/producto\/canon-2313c004ab-multifuncional-g2110-tinta-continua-ppm-8-8-negro-5-0-color-usb-cama-plana-carta-consumibles-gi-190\/","og_locale":"es_MX","og_type":"article","og_title":"[ Canon ] &#129351; 2313c004ab Multifuncional G2110, Tinta Continua, Ppm 8.8 Negro\/5.0 Color, Usb, Cama Plana Carta, Consumibles Gi-190","og_description":"Compra 2313c004ab Multifuncional G2110, Tinta Continua, Ppm 8.8 Negro\/5.0 Color, Usb, Cama Plana Carta, Consumibles Gi-190 + Env\u00edo a domicilio + Pago seguro + Garant\u00eda","og_url":"https:\/\/compuviper.mx\/tienda\/producto\/canon-2313c004ab-multifuncional-g2110-tinta-continua-ppm-8-8-negro-5-0-color-usb-cama-plana-carta-consumibles-gi-190\/","og_site_name":"Compuviper","article_publisher":"https:\/\/www.facebook.com\/compuviper","og_image":[{"width":200,"height":200,"url":"https:\/\/compuviper.mx\/tienda\/wp-content\/uploads\/2023\/12\/Multifuncional-canon-g2110-tinta-continua-ipm-8.8-negro5.0-color-usb-cama-plana-carta-a4-compatible-windows-consumibles-gi-190.jpg","type":"image\/jpeg"}],"twitter_card":"summary_large_image","twitter_misc":{"Precio":"&#36;3,301 &#36;2,641 con IVA","Availability":"In stock"},"schema":{"@context":"https:\/\/schema.org","@graph":[{"@type":"WebPage","@id":"https:\/\/compuviper.mx\/tienda\/producto\/canon-2313c004ab-multifuncional-g2110-tinta-continua-ppm-8-8-negro-5-0-color-usb-cama-plana-carta-consumibles-gi-190\/","url":"https:\/\/compuviper.mx\/tienda\/producto\/canon-2313c004ab-multifuncional-g2110-tinta-continua-ppm-8-8-negro-5-0-color-usb-cama-plana-carta-consumibles-gi-190\/","name":"[ Canon ] &#129351; 2313c004ab Multifuncional G2110, Tinta Continua, Ppm 8.8 Negro\/5.0 Color, Usb, Cama Plana Carta, Consumibles Gi-190","isPartOf":{"@id":"https:\/\/compuviper.mx\/tienda\/#website"},"datePublished":"2026-04-10T07:36:31+00:00","dateModified":"2026-04-10T07:36:31+00:00","description":"Compra 2313c004ab Multifuncional G2110, Tinta Continua, Ppm 8.8 Negro\/5.0 Color, Usb, Cama Plana Carta, Consumibles Gi-190 + Env\u00edo a domicilio + Pago seguro + Garant\u00eda","breadcrumb":{"@id":"https:\/\/compuviper.mx\/tienda\/producto\/canon-2313c004ab-multifuncional-g2110-tinta-continua-ppm-8-8-negro-5-0-color-usb-cama-plana-carta-consumibles-gi-190\/#breadcrumb"},"inLanguage":"es-MX","potentialAction":[{"@type":"ReadAction","target":["https:\/\/compuviper.mx\/tienda\/producto\/canon-2313c004ab-multifuncional-g2110-tinta-continua-ppm-8-8-negro-5-0-color-usb-cama-plana-carta-consumibles-gi-190\/"]}]},{"@type":"BreadcrumbList","@id":"https:\/\/compuviper.mx\/tienda\/producto\/canon-2313c004ab-multifuncional-g2110-tinta-continua-ppm-8-8-negro-5-0-color-usb-cama-plana-carta-consumibles-gi-190\/#breadcrumb","itemListElement":[{"@type":"ListItem","position":1,"name":"Inicio","item":"https:\/\/compuviper.mx\/tienda\/"},{"@type":"ListItem","position":2,"name":"Productos","item":"https:\/\/compuviper.mx\/tienda\/productos\/"},{"@type":"ListItem","position":3,"name":"Multifuncionales","item":"https:\/\/compuviper.mx\/tienda\/categoria-producto\/multifuncionales\/"},{"@type":"ListItem","position":4,"name":"Inyeccion De Tinta","item":"https:\/\/compuviper.mx\/tienda\/categoria-producto\/multifuncionales\/inyeccion-de-tinta\/"},{"@type":"ListItem","position":5,"name":"Canon 2313c004ab Multifuncional G2110, Tinta Continua, Ppm 8.8 Negro\/5.0 Color, Usb, Cama Plana Carta, Consumibles Gi-190"}]},{"@type":"WebSite","@id":"https:\/\/compuviper.mx\/tienda\/#website","url":"https:\/\/compuviper.mx\/tienda\/","name":"Compuviper","description":"Proveedor de Computadoras, Laptops, Servidores, Monitores, Puntos de Venta, Teclados,   Impresoras, T\u00f3ner, C\u00e1maras de Seguridad y m\u00e1s en tu tienda en l\u00ednea","publisher":{"@id":"https:\/\/compuviper.mx\/tienda\/#organization"},"potentialAction":[{"@type":"SearchAction","target":{"@type":"EntryPoint","urlTemplate":"https:\/\/compuviper.mx\/tienda\/?s={search_term_string}"},"query-input":"required name=search_term_string"}],"inLanguage":"es-MX"},{"@type":"Organization","@id":"https:\/\/compuviper.mx\/tienda\/#organization","name":"Compuviper","url":"https:\/\/compuviper.mx\/tienda\/","logo":{"@type":"ImageObject","inLanguage":"es-MX","@id":"https:\/\/compuviper.mx\/tienda\/#\/schema\/logo\/image\/","url":"https:\/\/compuviper.mx\/tienda\/wp-content\/uploads\/2021\/08\/Logo-Compuviper-10.png","contentUrl":"https:\/\/compuviper.mx\/tienda\/wp-content\/uploads\/2021\/08\/Logo-Compuviper-10.png","width":1000,"height":500,"caption":"Compuviper"},"image":{"@id":"https:\/\/compuviper.mx\/tienda\/#\/schema\/logo\/image\/"},"sameAs":["https:\/\/www.facebook.com\/compuviper","https:\/\/www.youtube.com\/channel\/UCf73dERp9Y3cfOq7q8BhLjA?view_as=subscriber"]}]},"product_brand":"CANON","product_price_amount":"2641","product_price_currency":"MXN","og_availability":"instock","product_availability":"instock","product_retailer_item_id":"2313C004AB","product_condition":"new"},"_links":{"self":[{"href":"https:\/\/compuviper.mx\/tienda\/wp-json\/wp\/v2\/product\/223682"}],"collection":[{"href":"https:\/\/compuviper.mx\/tienda\/wp-json\/wp\/v2\/product"}],"about":[{"href":"https:\/\/compuviper.mx\/tienda\/wp-json\/wp\/v2\/types\/product"}],"replies":[{"embeddable":true,"href":"https:\/\/compuviper.mx\/tienda\/wp-json\/wp\/v2\/comments?post=223682"}],"wp:featuredmedia":[{"embeddable":true,"href":"https:\/\/compuviper.mx\/tienda\/wp-json\/wp\/v2\/media\/223683"}],"wp:attachment":[{"href":"https:\/\/compuviper.mx\/tienda\/wp-json\/wp\/v2\/media?parent=223682"}],"wp:term":[{"taxonomy":"product_cat","embeddable":true,"href":"https:\/\/compuviper.mx\/tienda\/wp-json\/wp\/v2\/product_cat?post=223682"},{"taxonomy":"product_tag","embeddable":true,"href":"https:\/\/compuviper.mx\/tienda\/wp-json\/wp\/v2\/product_tag?post=223682"}],"curies":[{"name":"wp","href":"https:\/\/api.w.org\/{rel}","templated":true}]}}