{"id":223678,"date":"2026-04-10T01:36:30","date_gmt":"2026-04-10T07:36:30","guid":{"rendered":"https:\/\/compuviper.mx\/tienda\/producto\/epson-c11ch96301-multifuncional-l14150-ppm-38-negro-24-color-tinta-continua-ecotank-usb-red-wifi-adf-doble-carta-tabloide\/"},"modified":"2026-04-10T01:36:30","modified_gmt":"2026-04-10T07:36:30","slug":"epson-c11ch96301-multifuncional-l14150-ppm-38-negro-24-color-tinta-continua-ecotank-usb-red-wifi-adf-doble-carta-tabloide","status":"publish","type":"product","link":"https:\/\/compuviper.mx\/tienda\/producto\/epson-c11ch96301-multifuncional-l14150-ppm-38-negro-24-color-tinta-continua-ecotank-usb-red-wifi-adf-doble-carta-tabloide\/","title":{"rendered":"Epson C11ch96301 Multifuncional  L14150, Ppm 38 Negro\/24 Color, Tinta Continua, Ecotank, Usb, Red, Wifi, Adf, Doble Carta, Tabloide"},"content":{"rendered":"<table class=\"descripcion\">\n<tr>\n<td>Multifuncional epson l14150 compacta y moderna, ideal para equipos de trabajo<\/td>\n<\/tr>\n<tr>\n<td>Impresion a3, cama de escaner tamao oficio, conectividad avanzada: wifi  ethernet<\/td>\n<\/tr>\n<tr>\n<td>Interfaz touch intuitiva facilita la operacion sin pc.<\/td>\n<\/tr>\n<tr>\n<td>Impresion<\/td>\n<\/tr>\n<tr>\n<td> tecnologia de impresion: inyeccion de tinta heat-freetm precisioncore de 4 colores cmyk<\/td>\n<\/tr>\n<tr>\n<td> direccion de impresion: bidireccional<\/td>\n<\/tr>\n<tr>\n<td> con\u00acguracion de inyectores: total 784 400 inyectores negros  128 inyectores por color cmy<\/td>\n<\/tr>\n<tr>\n<td> tamano minimo de gota de tinta: 3,3 picolitros con tecnologia de gotas de tinta de tamano variable<\/td>\n<\/tr>\n<tr>\n<td> lenguaje de impresion: esc\/p raster y esc\/p-r<\/td>\n<\/tr>\n<tr>\n<td> resolucion maxima de impresion: hasta 4800 dpi x 1200 dpi de resolucion optimizada en varios tipos de papel<\/td>\n<\/tr>\n<tr>\n<td> velocidad de impresion maxima: negro 38 ppm y color 24 ppm borrador, a4\/carta<\/td>\n<\/tr>\n<tr>\n<td> velocidad de impresion: iso negro 17 ppm y color 9 ppm a4\/carta<\/td>\n<\/tr>\n<tr>\n<td> tiempo de salida de la primera pagina: iso aprox. 9 segundos negro\/15 segundos color a4\/carta<\/td>\n<\/tr>\n<tr>\n<td> funciones de impresion: impresion automatica a doble cara a4 \/ carta \/ de\u00acnido por usuario 182 x 257mm &#8211; 216 x 297mm, intercalar, modo silencioso de impresion<\/td>\n<\/tr>\n<tr>\n<td>Copias<\/td>\n<\/tr>\n<tr>\n<td> velocidad de copiado iso: negro 11,5 cpm y color 5,5 cpm a4\/carta<\/td>\n<\/tr>\n<tr>\n<td> resolucion maxima de copiado: 600 dpi x 1.200 dpi<\/td>\n<\/tr>\n<tr>\n<td> calidad: normal\/mejor calidad<\/td>\n<\/tr>\n<tr>\n<td> cantidad: 1-99 copias sin pc<\/td>\n<\/tr>\n<tr>\n<td> tamano maximo: o\u00accio\/legal adf y cama de escaner<\/td>\n<\/tr>\n<tr>\n<td> caracteristicas de copiado: reduce y aumenta 25 &#8211; 400<\/td>\n<\/tr>\n<tr>\n<td>Escaneo<\/td>\n<\/tr>\n<tr>\n<td> tipo de escaner: cama plana con sensor de lineas cis de color<\/td>\n<\/tr>\n<tr>\n<td> velocidad de escaneo: 13 segundos blanco y negro\/28 segundos color en pdf y tamano a4 a 200 dpi<\/td>\n<\/tr>\n<tr>\n<td> area de escaneo maxima: 216 x 356 mm 8,5 x 14<\/td>\n<\/tr>\n<tr>\n<td> resolucion optica\/maxima: 1.200 dpi\/1.200 dpi x 2.400 dpi<\/td>\n<\/tr>\n<tr>\n<td> numero de colores: 256 gradaciones\/16,7 mil colores<\/td>\n<\/tr>\n<tr>\n<td> profundidad de color: color: 48 bits de entrada, 24 bits de salida &#8211; escala de grises: 16 bits de entrada, 8 bits de salida blanco y negro: 16 bits de entrada, 1 bits de salida<\/td>\n<\/tr>\n<tr>\n<td> funciones de escaneo: pdf, jpeg, png, tiff, multi-tiff, bmp windows\u00ae, pict mac\u00ae<\/td>\n<\/tr>\n<tr>\n<td>Fax<\/td>\n<\/tr>\n<tr>\n<td> modem: 33,6 kbps<\/td>\n<\/tr>\n<tr>\n<td> memoria: 1,1 mb, hasta 100 paginas<\/td>\n<\/tr>\n<tr>\n<td> marcaciones rapidas: 100 numeros maximo, 99 grupos<\/td>\n<\/tr>\n<tr>\n<td>Alimentador automatico de documentos<\/td>\n<\/tr>\n<tr>\n<td> capacidad: 35 hojas carta\/a4, 10 hojas o\u00accio\/legal<\/td>\n<\/tr>\n<tr>\n<td> peso de papel soportado: 64 g\/m2 &#8211; 95 g\/m2<\/td>\n<\/tr>\n<tr>\n<td>Impresion inalambrica<\/td>\n<\/tr>\n<tr>\n<td> epson connecttm3: epson iprinttm app iostm, androidtm, epson email print, remote print driver<\/td>\n<\/tr>\n<tr>\n<td> otros: apple airprint, chromebook native print, mopria print servicetm<\/td>\n<\/tr>\n<tr>\n<td>Interfaz y conectividad<\/td>\n<\/tr>\n<tr>\n<td> conectividad estandar: usb de alta velocidad compatible con usb 2.0, ethernet 10\/100, wi-fi4 ieee 802.11 b\/g\/n, wi-fi direct4<\/td>\n<\/tr>\n<tr>\n<td> protocolos de impresion en red: tcpp\/ipv4, tcp\/ipv6 y ldp, ipp, port9100, wsd<\/td>\n<\/tr>\n<tr>\n<td> protocolos para gestion de redes: snmp, http, dhcp, bootp, apipa, ping, ddns, mdns, slp, wsd, lltd<\/td>\n<\/tr>\n<tr>\n<td> seguridad wlan: wep 64-bit\/128-bit, wpa-psk tkip, wpa2-psk aes, wpa3-sae aes<\/td>\n<\/tr>\n<tr>\n<td> sistemas operativos: windows vistatm\/windows 7\/windows 8\/8.1\/windows\u00ae 10 32bit\/64bit, windows server 2003 sp2 o mas reciente 5, mac os x 10.7.5 o mas reciente<\/td>\n<\/tr>\n<tr>\n<td>Manejo de papel<\/td>\n<\/tr>\n<tr>\n<td> tamano maximo: alimentacion trasera: a3 329 x 483 mm o de\u00acnido por el usuario hasta 329 x 1.200 mm bandeja frontal: legal 216 x 356 mm o de\u00acnido por el usuario hasta 216 x 1.200 mm<\/td>\n<\/tr>\n<tr>\n<td> hojas individuales: a3 297 mm  420 mm, tabloide\/a3 329 mm  483 mm, a4 210 mm  297 mm, carta 216 mm  279 mm, mexico-o\u00accio 216 mm  340 mm, o\u00accio 9 215 mm  315 mm, legal 216 mm  356 mm, media carta 140 mm  216 mm, ejecutivo 184 mm  267 mm, a5, a6, b4, b5, b6, 8,513, 810, 57, 58, 46, 3,55, de\u00acnido por el usuario 54 mm x 86 mm ~ 329 mm x 1.200 mm.<\/td>\n<\/tr>\n<tr>\n<td> tipos: papel normal, bright white pro paper, presentation paper matte, photo paper glossy, premium photo paper glossy, ultra premium, photo paper glossy, premium photo paper semi-gloss, premium presentation paper matte, premium presentation paper matte double-sided<\/td>\n<\/tr>\n<tr>\n<td> sobres: n\u00ba 10 105 mm x 241 mm<\/td>\n<\/tr>\n<tr>\n<td> peso de papel soportado: papel normal: 64 ~ 90 g\/m2; papel fotogra\u00acco: 102 ~ 300 g\/m2<\/td>\n<\/tr>\n<tr>\n<td> capacidad de carga de papel: alimentacion trasera: 20 hojas de papel normal, 1 hoja del resto de tipo de papeles bandeja frontal: 250 hojas de papel normal, 20 hojas de premium glossy photo paper, 10 sobres<\/td>\n<\/tr>\n<tr>\n<td> capacidad de la bandeja de salida: 30 hojas de papel normal, 20 hojas de papel premium glossy photo paper<\/td>\n<\/tr>\n<tr>\n<td> tamano para impresion sin bordes: carta, a4, a3 297 mm 420 mm, 4  6, 5  7, 8  10, 11  14, 11  17, de\u00acnido por el usuario 89 mm  127 mm a 297 mm  1.200 mm<\/td>\n<\/tr>\n<tr>\n<td>General<\/td>\n<\/tr>\n<tr>\n<td> lcd: 2,7 tactil a color<\/td>\n<\/tr>\n<tr>\n<td> dimensiones ancho x profundidad x alto: abierto: 498 mm x 752 mm x 363 mm cerrado: 498 mm x 358 mm x 245 mm<\/td>\n<\/tr>\n<tr>\n<td> peso: 9,7 kg<\/td>\n<\/tr>\n<tr>\n<td> \u00bfqu hay en la caja?: multifuncional epson ecotank l14150, guia de instalacion, cd-rom con controladores, cable de alimentacion, cable usb, cable de fax, 4 botellas de tintas de inicializacion: negra, cian, magenta y amarilla<\/td>\n<\/tr>\n<tr>\n<td> pais de origen: filipinas<\/td>\n<\/tr>\n<tr>\n<td> garantia limitada extendida: 2 anos con registro del producto<\/td>\n<\/tr>\n<tr>\n<td> consumo de energia aproximado: 12 w en modo operacion<\/td>\n<\/tr>\n<tr>\n<td> tension y frecuencia nominal: ac 100 &#8211; 240 v\/50 hz &#8211; 60 hz<\/td>\n<\/tr>\n<tr>\n<td>Tinta<\/td>\n<\/tr>\n<tr>\n<td>Botellas de reemplazo tinta original epson: 1 botella con tinta negra rinde hasta 7.500 paginas2 3 botellas a color cian, magenta, amarillo rinden hasta 6.000 paginas2 esta ecotank l14150 fue disenada para usar exclusivamente con las botellas de tinta originales marca epson. epson recomienda el uso de tinta original para asegurar el mejor rendimiento y calidad de impresion y no arriesgar la garantia limitada.<\/td>\n<\/tr>\n<\/table>\n","protected":false},"excerpt":{"rendered":"<p>Multifuncional epson l14150 compacta y moderna, ideal para equipos de trabajo. Impresion a3, cama de escaner tamao oficio, conectividad avanzada: wifi  ethernet. Interfaz touch intuitiva facilita la operacion sin pc. Impresion.  Tecnologia de impresion: inyeccion de tinta heat-freetm precisioncore de 4 colores cmyk.  Direccion de impresion: bidireccional.  Con\u00acguracion de inyectores: total 784 400 inyectores negros  128 inyectores por color cmy.  Tamano minimo de gota de tinta: 3,3 picolitros con tecnologia de gotas de tinta de tamano variable.  Lenguaje de impresion: esc\/p raster y esc\/p-r.  Resolucion maxima de impresion: hasta 4800 dpi x 1200 dpi de resolucion optimizada en varios tipos de papel.  Velocidad de impresion maxima: negro 38 ppm y color 24 ppm borrador, a4\/carta.  Velocidad de impresion: iso negro 17 ppm y color 9 ppm a4\/carta.  Tiempo de salida de la primera pagina: iso aprox. 9 segundos negro\/15 segundos color a4\/carta.  Funciones de impresion: impresion automatica a doble cara a4 \/ carta \/ de\u00acnido por usuario 182 x 257mm &#8211; 216 x 297mm, intercalar, modo silencioso de impresion. Copias.  Velocidad de copiado iso: negro 11,5 cpm y color 5,5 cpm a4\/carta.  Resolucion maxima de copiado: 600 dpi x 1.200 dpi.  Calidad: normal\/mejor calidad.  Cantidad: 1-99 copias sin pc.  Tamano maximo: o\u00accio\/legal adf y cama de escaner.  Caracteristicas de copiado: reduce y aumenta 25 &#8211; 400. Escaneo.  Tipo de escaner: cama plana con sensor de lineas cis de color.  Velocidad de escaneo: 13 segundos blanco y negro\/28 segundos color en pdf y tamano a4 a 200 dpi.  Area de escaneo maxima: 216 x 356 mm 8,5 x 14.  Resolucion optica\/maxima: 1.200 dpi\/1.200 dpi x 2.400 dpi.  Numero de colores: 256 gradaciones\/16,7 mil colores.  Profundidad de color: color: 48 bits de entrada, 24 bits de salida &#8211; escala de grises: 16 bits de entrada, 8 bits de salida blanco y negro: 16 bits de entrada, 1 bits de salida.  Funciones de escaneo: pdf, jpeg, png, tiff, multi-tiff, bmp windows\u00ae, pict mac?. Fax.  Modem: 33,6 kbps.  Memoria: 1,1 mb, hasta 100 paginas.  Marcaciones rapidas: 100 numeros maximo, 99 grupos. Alimentador automatico de documentos.  Capacidad: 35 hojas carta\/a4, 10 hojas o\u00accio\/legal.  Peso de papel soportado: 64 g\/m2 &#8211; 95 g\/m2. Impresion inalambrica.  Epson connecttm3: epson iprinttm app iostm, androidtm, epson email print, remote print driver.  Otros: apple airprint, chromebook native print, mopria print servicetm. Interfaz y conectividad.  Conectividad estandar: usb de alta velocidad compatible con usb 2.0, ethernet 10\/100, wi-fi4 ieee 802.11 b\/g\/n, wi-fi direct4.  Protocolos de impresion en red: tcpp\/ipv4, tcp\/ipv6 y ldp, ipp, port9100, wsd.  Protocolos para gestion de redes: snmp, http, dhcp, bootp, apipa, ping, ddns, mdns, slp, wsd, lltd.  Seguridad wlan: wep 64-bit\/128-bit, wpa-psk tkip, wpa2-psk aes, wpa3-sae aes.  Sistemas operativos: windows vistatm\/windows 7\/windows 8\/8.1\/windows\u00ae 10 32bit\/64bit, windows server 2003 sp2 o mas reciente 5, mac os x 10.7.5 o mas reciente. Manejo de papel.  Tamano maximo: alimentacion trasera: a3 329 x 483 mm o de\u00acnido por el usuario hasta 329 x 1.200 mm bandeja frontal: legal 216 x 356 mm o de\u00acnido por el usuario hasta 216 x 1.200 mm.  Hojas individuales: a3 297 mm  420 mm, tabloide\/a3 329 mm  483 mm, a4 210 mm  297 mm, carta 216 mm  279 mm, mexico-o\u00accio 216 mm  340 mm, o\u00accio 9 215 mm  315 mm, legal 216 mm  356 mm, media carta 140 mm  216 mm, ejecutivo 184 mm  267 mm, a5, a6, b4, b5, b6, 8,513, 810, 57, 58, 46, 3,55, de\u00acnido por el usuario 54 mm x 86 mm ~ 329 mm x 1.200 mm.  Tipos: papel normal, bright white pro paper, presentation paper matte, photo paper glossy, premium photo paper glossy, ultra premium, photo paper glossy, premium photo paper semi-gloss, premium presentation paper matte, premium presentation paper matte double-sided.  Sobres: n\u00ba 10 105 mm x 241 mm.  Peso de papel soportado: papel normal: 64 ~ 90 g\/m2; papel fotogra\u00acco: 102 ~ 300 g\/m2.  Capacidad de carga de papel: alimentacion trasera: 20 hojas de papel normal, 1 hoja del resto de tipo de papeles bandeja frontal: 250 hojas de papel normal, 20 hojas de premium glossy photo paper, 10 sobres.  Capacidad de la bandeja de salida: 30 hojas de papel normal, 20 hojas de papel premium glossy photo paper.  Tamano para impresion sin bordes: carta, a4, a3 297 mm 420 mm, 4  6, 5  7, 8  10, 11  14, 11  17, de\u00acnido por el usuario 89 mm  127 mm a 297 mm  1.200 mm. General.  Lcd: 2,7 tactil a color.  Dimensiones ancho x profundidad x alto: abierto: 498 mm x 752 mm x 363 mm cerrado: 498 mm x 358 mm x 245 mm.  Peso: 9,7 kg.  \u00bfqu hay en la caja?: multifuncional epson ecotank l14150, guia de instalacion, cd-rom con controladores, cable de alimentacion, cable usb, cable de fax, 4 botellas de tintas de inicializacion: negra, cian, magenta y amarilla.  Pais de origen: filipinas.  Garantia limitada extendida: 2 anos con registro del producto.  Consumo de energia aproximado: 12 w en modo operacion.  Tension y frecuencia nominal: ac 100 &#8211; 240 v\/50 hz &#8211; 60 hz. Tinta. Botellas de reemplazo tinta original epson: 1 botella con tinta negra rinde hasta 7.500 paginas2 3 botellas a color cian, magenta, amarillo rinden hasta 6.000 paginas2 esta ecotank l14150 fue disenada para usar exclusivamente con las botellas de tinta originales marca epson. Epson recomienda el uso de tinta original para asegurar el mejor rendimiento y calidad de impresion y no arriesgar la garantia limitada.<\/p>\n","protected":false},"featured_media":223679,"comment_status":"open","ping_status":"open","template":"","meta":[],"product_cat":[1780,1781],"product_tag":[1624],"acf":[],"yoast_head":"<!-- This site is optimized with the Yoast SEO plugin v21.7 - https:\/\/yoast.com\/wordpress\/plugins\/seo\/ -->\n<title>[ Epson ] &#129351; C11ch96301 Multifuncional L14150, Ppm 38 Negro\/24 Color, Tinta Continua, Ecotank, Usb, Red, Wifi, Adf, Doble Carta, Tabloide<\/title>\n<meta name=\"description\" content=\"Compra C11ch96301 Multifuncional L14150, Ppm 38 Negro\/24 Color, Tinta Continua, Ecotank, Usb, Red, Wifi, Adf, Doble Carta, Tabloide + Env\u00edo a domicilio + Pago seguro + Garant\u00eda\" \/>\n<meta name=\"robots\" content=\"index, follow, max-snippet:-1, max-image-preview:large, max-video-preview:-1\" \/>\n<link rel=\"canonical\" href=\"https:\/\/compuviper.mx\/tienda\/producto\/epson-c11ch96301-multifuncional-l14150-ppm-38-negro-24-color-tinta-continua-ecotank-usb-red-wifi-adf-doble-carta-tabloide\/\" \/>\n<meta property=\"og:locale\" content=\"es_MX\" \/>\n<meta property=\"og:type\" content=\"article\" \/>\n<meta property=\"og:title\" content=\"[ Epson ] &#129351; C11ch96301 Multifuncional L14150, Ppm 38 Negro\/24 Color, Tinta Continua, Ecotank, Usb, Red, Wifi, Adf, Doble Carta, Tabloide\" \/>\n<meta property=\"og:description\" content=\"Compra C11ch96301 Multifuncional L14150, Ppm 38 Negro\/24 Color, Tinta Continua, Ecotank, Usb, Red, Wifi, Adf, Doble Carta, Tabloide + Env\u00edo a domicilio + Pago seguro + Garant\u00eda\" \/>\n<meta property=\"og:url\" content=\"https:\/\/compuviper.mx\/tienda\/producto\/epson-c11ch96301-multifuncional-l14150-ppm-38-negro-24-color-tinta-continua-ecotank-usb-red-wifi-adf-doble-carta-tabloide\/\" \/>\n<meta property=\"og:site_name\" content=\"Compuviper\" \/>\n<meta property=\"article:publisher\" content=\"https:\/\/www.facebook.com\/compuviper\" \/>\n<meta property=\"og:image\" content=\"https:\/\/compuviper.mx\/tienda\/wp-content\/uploads\/2023\/12\/Multifuncional-epson-l14150-ppm-38-negro24-color-tinta-continua-ecotank-usb-red-wifi-adf-doble-carta-tabloide.jpg\" \/>\n\t<meta property=\"og:image:width\" content=\"200\" \/>\n\t<meta property=\"og:image:height\" content=\"200\" \/>\n\t<meta property=\"og:image:type\" content=\"image\/jpeg\" \/>\n<meta name=\"twitter:card\" content=\"summary_large_image\" \/>\n<meta name=\"twitter:label1\" content=\"Precio\" \/>\n\t<meta name=\"twitter:data1\" content=\"&#36;18,416 con IVA\" \/>\n\t<meta name=\"twitter:label2\" content=\"Availability\" \/>\n\t<meta name=\"twitter:data2\" content=\"In stock\" \/>\n<script type=\"application\/ld+json\" class=\"yoast-schema-graph\">{\"@context\":\"https:\/\/schema.org\",\"@graph\":[{\"@type\":\"WebPage\",\"@id\":\"https:\/\/compuviper.mx\/tienda\/producto\/epson-c11ch96301-multifuncional-l14150-ppm-38-negro-24-color-tinta-continua-ecotank-usb-red-wifi-adf-doble-carta-tabloide\/\",\"url\":\"https:\/\/compuviper.mx\/tienda\/producto\/epson-c11ch96301-multifuncional-l14150-ppm-38-negro-24-color-tinta-continua-ecotank-usb-red-wifi-adf-doble-carta-tabloide\/\",\"name\":\"[ Epson ] &#129351; C11ch96301 Multifuncional L14150, Ppm 38 Negro\/24 Color, Tinta Continua, Ecotank, Usb, Red, Wifi, Adf, Doble Carta, Tabloide\",\"isPartOf\":{\"@id\":\"https:\/\/compuviper.mx\/tienda\/#website\"},\"datePublished\":\"2026-04-10T07:36:30+00:00\",\"dateModified\":\"2026-04-10T07:36:30+00:00\",\"description\":\"Compra C11ch96301 Multifuncional L14150, Ppm 38 Negro\/24 Color, Tinta Continua, Ecotank, Usb, Red, Wifi, Adf, Doble Carta, Tabloide + Env\u00edo a domicilio + Pago seguro + Garant\u00eda\",\"breadcrumb\":{\"@id\":\"https:\/\/compuviper.mx\/tienda\/producto\/epson-c11ch96301-multifuncional-l14150-ppm-38-negro-24-color-tinta-continua-ecotank-usb-red-wifi-adf-doble-carta-tabloide\/#breadcrumb\"},\"inLanguage\":\"es-MX\",\"potentialAction\":[{\"@type\":\"ReadAction\",\"target\":[\"https:\/\/compuviper.mx\/tienda\/producto\/epson-c11ch96301-multifuncional-l14150-ppm-38-negro-24-color-tinta-continua-ecotank-usb-red-wifi-adf-doble-carta-tabloide\/\"]}]},{\"@type\":\"BreadcrumbList\",\"@id\":\"https:\/\/compuviper.mx\/tienda\/producto\/epson-c11ch96301-multifuncional-l14150-ppm-38-negro-24-color-tinta-continua-ecotank-usb-red-wifi-adf-doble-carta-tabloide\/#breadcrumb\",\"itemListElement\":[{\"@type\":\"ListItem\",\"position\":1,\"name\":\"Inicio\",\"item\":\"https:\/\/compuviper.mx\/tienda\/\"},{\"@type\":\"ListItem\",\"position\":2,\"name\":\"Productos\",\"item\":\"https:\/\/compuviper.mx\/tienda\/productos\/\"},{\"@type\":\"ListItem\",\"position\":3,\"name\":\"Multifuncionales\",\"item\":\"https:\/\/compuviper.mx\/tienda\/categoria-producto\/multifuncionales\/\"},{\"@type\":\"ListItem\",\"position\":4,\"name\":\"Inyeccion De Tinta\",\"item\":\"https:\/\/compuviper.mx\/tienda\/categoria-producto\/multifuncionales\/inyeccion-de-tinta\/\"},{\"@type\":\"ListItem\",\"position\":5,\"name\":\"Epson C11ch96301 Multifuncional L14150, Ppm 38 Negro\/24 Color, Tinta Continua, Ecotank, Usb, Red, Wifi, Adf, Doble Carta, Tabloide\"}]},{\"@type\":\"WebSite\",\"@id\":\"https:\/\/compuviper.mx\/tienda\/#website\",\"url\":\"https:\/\/compuviper.mx\/tienda\/\",\"name\":\"Compuviper\",\"description\":\"Proveedor de Computadoras, Laptops, Servidores, Monitores, Puntos de Venta, Teclados,   Impresoras, T\u00f3ner, C\u00e1maras de Seguridad y m\u00e1s en tu tienda en l\u00ednea\",\"publisher\":{\"@id\":\"https:\/\/compuviper.mx\/tienda\/#organization\"},\"potentialAction\":[{\"@type\":\"SearchAction\",\"target\":{\"@type\":\"EntryPoint\",\"urlTemplate\":\"https:\/\/compuviper.mx\/tienda\/?s={search_term_string}\"},\"query-input\":\"required name=search_term_string\"}],\"inLanguage\":\"es-MX\"},{\"@type\":\"Organization\",\"@id\":\"https:\/\/compuviper.mx\/tienda\/#organization\",\"name\":\"Compuviper\",\"url\":\"https:\/\/compuviper.mx\/tienda\/\",\"logo\":{\"@type\":\"ImageObject\",\"inLanguage\":\"es-MX\",\"@id\":\"https:\/\/compuviper.mx\/tienda\/#\/schema\/logo\/image\/\",\"url\":\"https:\/\/compuviper.mx\/tienda\/wp-content\/uploads\/2021\/08\/Logo-Compuviper-10.png\",\"contentUrl\":\"https:\/\/compuviper.mx\/tienda\/wp-content\/uploads\/2021\/08\/Logo-Compuviper-10.png\",\"width\":1000,\"height\":500,\"caption\":\"Compuviper\"},\"image\":{\"@id\":\"https:\/\/compuviper.mx\/tienda\/#\/schema\/logo\/image\/\"},\"sameAs\":[\"https:\/\/www.facebook.com\/compuviper\",\"https:\/\/www.youtube.com\/channel\/UCf73dERp9Y3cfOq7q8BhLjA?view_as=subscriber\"]}]}<\/script>\n<meta property=\"product:brand\" content=\"EPSON\" \/>\n<meta property=\"product:price:amount\" content=\"18416\" \/>\n<meta property=\"product:price:currency\" content=\"MXN\" \/>\n<meta property=\"og:availability\" content=\"instock\" \/>\n<meta property=\"product:availability\" content=\"instock\" \/>\n<meta property=\"product:retailer_item_id\" content=\"C11CH96301\" \/>\n<meta property=\"product:condition\" content=\"new\" \/>\n<!-- \/ Yoast SEO plugin. -->","yoast_head_json":{"title":"[ Epson ] &#129351; C11ch96301 Multifuncional L14150, Ppm 38 Negro\/24 Color, Tinta Continua, Ecotank, Usb, Red, Wifi, Adf, Doble Carta, Tabloide","description":"Compra C11ch96301 Multifuncional L14150, Ppm 38 Negro\/24 Color, Tinta Continua, Ecotank, Usb, Red, Wifi, Adf, Doble Carta, Tabloide + Env\u00edo a domicilio + Pago seguro + Garant\u00eda","robots":{"index":"index","follow":"follow","max-snippet":"max-snippet:-1","max-image-preview":"max-image-preview:large","max-video-preview":"max-video-preview:-1"},"canonical":"https:\/\/compuviper.mx\/tienda\/producto\/epson-c11ch96301-multifuncional-l14150-ppm-38-negro-24-color-tinta-continua-ecotank-usb-red-wifi-adf-doble-carta-tabloide\/","og_locale":"es_MX","og_type":"article","og_title":"[ Epson ] &#129351; C11ch96301 Multifuncional L14150, Ppm 38 Negro\/24 Color, Tinta Continua, Ecotank, Usb, Red, Wifi, Adf, Doble Carta, Tabloide","og_description":"Compra C11ch96301 Multifuncional L14150, Ppm 38 Negro\/24 Color, Tinta Continua, Ecotank, Usb, Red, Wifi, Adf, Doble Carta, Tabloide + Env\u00edo a domicilio + Pago seguro + Garant\u00eda","og_url":"https:\/\/compuviper.mx\/tienda\/producto\/epson-c11ch96301-multifuncional-l14150-ppm-38-negro-24-color-tinta-continua-ecotank-usb-red-wifi-adf-doble-carta-tabloide\/","og_site_name":"Compuviper","article_publisher":"https:\/\/www.facebook.com\/compuviper","og_image":[{"width":200,"height":200,"url":"https:\/\/compuviper.mx\/tienda\/wp-content\/uploads\/2023\/12\/Multifuncional-epson-l14150-ppm-38-negro24-color-tinta-continua-ecotank-usb-red-wifi-adf-doble-carta-tabloide.jpg","type":"image\/jpeg"}],"twitter_card":"summary_large_image","twitter_misc":{"Precio":"&#36;18,416 con IVA","Availability":"In stock"},"schema":{"@context":"https:\/\/schema.org","@graph":[{"@type":"WebPage","@id":"https:\/\/compuviper.mx\/tienda\/producto\/epson-c11ch96301-multifuncional-l14150-ppm-38-negro-24-color-tinta-continua-ecotank-usb-red-wifi-adf-doble-carta-tabloide\/","url":"https:\/\/compuviper.mx\/tienda\/producto\/epson-c11ch96301-multifuncional-l14150-ppm-38-negro-24-color-tinta-continua-ecotank-usb-red-wifi-adf-doble-carta-tabloide\/","name":"[ Epson ] &#129351; C11ch96301 Multifuncional L14150, Ppm 38 Negro\/24 Color, Tinta Continua, Ecotank, Usb, Red, Wifi, Adf, Doble Carta, Tabloide","isPartOf":{"@id":"https:\/\/compuviper.mx\/tienda\/#website"},"datePublished":"2026-04-10T07:36:30+00:00","dateModified":"2026-04-10T07:36:30+00:00","description":"Compra C11ch96301 Multifuncional L14150, Ppm 38 Negro\/24 Color, Tinta Continua, Ecotank, Usb, Red, Wifi, Adf, Doble Carta, Tabloide + Env\u00edo a domicilio + Pago seguro + Garant\u00eda","breadcrumb":{"@id":"https:\/\/compuviper.mx\/tienda\/producto\/epson-c11ch96301-multifuncional-l14150-ppm-38-negro-24-color-tinta-continua-ecotank-usb-red-wifi-adf-doble-carta-tabloide\/#breadcrumb"},"inLanguage":"es-MX","potentialAction":[{"@type":"ReadAction","target":["https:\/\/compuviper.mx\/tienda\/producto\/epson-c11ch96301-multifuncional-l14150-ppm-38-negro-24-color-tinta-continua-ecotank-usb-red-wifi-adf-doble-carta-tabloide\/"]}]},{"@type":"BreadcrumbList","@id":"https:\/\/compuviper.mx\/tienda\/producto\/epson-c11ch96301-multifuncional-l14150-ppm-38-negro-24-color-tinta-continua-ecotank-usb-red-wifi-adf-doble-carta-tabloide\/#breadcrumb","itemListElement":[{"@type":"ListItem","position":1,"name":"Inicio","item":"https:\/\/compuviper.mx\/tienda\/"},{"@type":"ListItem","position":2,"name":"Productos","item":"https:\/\/compuviper.mx\/tienda\/productos\/"},{"@type":"ListItem","position":3,"name":"Multifuncionales","item":"https:\/\/compuviper.mx\/tienda\/categoria-producto\/multifuncionales\/"},{"@type":"ListItem","position":4,"name":"Inyeccion De Tinta","item":"https:\/\/compuviper.mx\/tienda\/categoria-producto\/multifuncionales\/inyeccion-de-tinta\/"},{"@type":"ListItem","position":5,"name":"Epson C11ch96301 Multifuncional L14150, Ppm 38 Negro\/24 Color, Tinta Continua, Ecotank, Usb, Red, Wifi, Adf, Doble Carta, Tabloide"}]},{"@type":"WebSite","@id":"https:\/\/compuviper.mx\/tienda\/#website","url":"https:\/\/compuviper.mx\/tienda\/","name":"Compuviper","description":"Proveedor de Computadoras, Laptops, Servidores, Monitores, Puntos de Venta, Teclados,   Impresoras, T\u00f3ner, C\u00e1maras de Seguridad y m\u00e1s en tu tienda en l\u00ednea","publisher":{"@id":"https:\/\/compuviper.mx\/tienda\/#organization"},"potentialAction":[{"@type":"SearchAction","target":{"@type":"EntryPoint","urlTemplate":"https:\/\/compuviper.mx\/tienda\/?s={search_term_string}"},"query-input":"required name=search_term_string"}],"inLanguage":"es-MX"},{"@type":"Organization","@id":"https:\/\/compuviper.mx\/tienda\/#organization","name":"Compuviper","url":"https:\/\/compuviper.mx\/tienda\/","logo":{"@type":"ImageObject","inLanguage":"es-MX","@id":"https:\/\/compuviper.mx\/tienda\/#\/schema\/logo\/image\/","url":"https:\/\/compuviper.mx\/tienda\/wp-content\/uploads\/2021\/08\/Logo-Compuviper-10.png","contentUrl":"https:\/\/compuviper.mx\/tienda\/wp-content\/uploads\/2021\/08\/Logo-Compuviper-10.png","width":1000,"height":500,"caption":"Compuviper"},"image":{"@id":"https:\/\/compuviper.mx\/tienda\/#\/schema\/logo\/image\/"},"sameAs":["https:\/\/www.facebook.com\/compuviper","https:\/\/www.youtube.com\/channel\/UCf73dERp9Y3cfOq7q8BhLjA?view_as=subscriber"]}]},"product_brand":"EPSON","product_price_amount":"18416","product_price_currency":"MXN","og_availability":"instock","product_availability":"instock","product_retailer_item_id":"C11CH96301","product_condition":"new"},"_links":{"self":[{"href":"https:\/\/compuviper.mx\/tienda\/wp-json\/wp\/v2\/product\/223678"}],"collection":[{"href":"https:\/\/compuviper.mx\/tienda\/wp-json\/wp\/v2\/product"}],"about":[{"href":"https:\/\/compuviper.mx\/tienda\/wp-json\/wp\/v2\/types\/product"}],"replies":[{"embeddable":true,"href":"https:\/\/compuviper.mx\/tienda\/wp-json\/wp\/v2\/comments?post=223678"}],"wp:featuredmedia":[{"embeddable":true,"href":"https:\/\/compuviper.mx\/tienda\/wp-json\/wp\/v2\/media\/223679"}],"wp:attachment":[{"href":"https:\/\/compuviper.mx\/tienda\/wp-json\/wp\/v2\/media?parent=223678"}],"wp:term":[{"taxonomy":"product_cat","embeddable":true,"href":"https:\/\/compuviper.mx\/tienda\/wp-json\/wp\/v2\/product_cat?post=223678"},{"taxonomy":"product_tag","embeddable":true,"href":"https:\/\/compuviper.mx\/tienda\/wp-json\/wp\/v2\/product_tag?post=223678"}],"curies":[{"name":"wp","href":"https:\/\/api.w.org\/{rel}","templated":true}]}}