{"id":223644,"date":"2026-04-18T01:48:07","date_gmt":"2026-04-18T07:48:07","guid":{"rendered":"https:\/\/compuviper.mx\/tienda\/producto\/epson-c11cg93301-multifuncional-m3180-39-ppm-negro-tinta-continua-ecotank-usb-wifi-red-adf-monocromatica\/"},"modified":"2026-04-18T01:48:07","modified_gmt":"2026-04-18T07:48:07","slug":"epson-c11cg93301-multifuncional-m3180-39-ppm-negro-tinta-continua-ecotank-usb-wifi-red-adf-monocromatica","status":"publish","type":"product","link":"https:\/\/compuviper.mx\/tienda\/producto\/epson-c11cg93301-multifuncional-m3180-39-ppm-negro-tinta-continua-ecotank-usb-wifi-red-adf-monocromatica\/","title":{"rendered":"Epson C11cg93301 Multifuncional  M3180, 39 Ppm Negro, Tinta Continua, Ecotank, Usb, Wifi, Red, Adf, Monocromatica"},"content":{"rendered":"<table class=\"descripcion\">\n<tr>\n<td>Imprimir<\/td>\n<\/tr>\n<tr>\n<td>* tecnologia de impresion: inyeccion de tinta precisioncore monocromatica optimizada<\/td>\n<\/tr>\n<tr>\n<td>* tamano minimo de la gota de tinta: 2,8 picolitros con tecnologia de gotas de tinta de tamano variable<\/td>\n<\/tr>\n<tr>\n<td>* resolucion maxima de impresion: 1200 x 2400 dpi<\/td>\n<\/tr>\n<tr>\n<td>* velocidad de impresion iso: 20 iso ppm<\/td>\n<\/tr>\n<tr>\n<td>* configuracion del cabezal: 800 inyectores negros 2 filas de 400 inyectores<\/td>\n<\/tr>\n<tr>\n<td>Copiar<\/td>\n<\/tr>\n<tr>\n<td>* velocidad de copia: 30 cpm a4 \/ carta<\/td>\n<\/tr>\n<tr>\n<td>* calidad de copia: de entrada: hasta 600 x 600 dpi; de salida: hasta 1200 x 1200 dpi<\/td>\n<\/tr>\n<tr>\n<td>* cantidad de copias: 1-99 copias<\/td>\n<\/tr>\n<tr>\n<td>* maximo tamano de copia: a4 \/ carta<\/td>\n<\/tr>\n<tr>\n<td>* caracteristicas de la copia: reduce y aumenta 25 &#8211; 400<\/td>\n<\/tr>\n<tr>\n<td>Especificaciones del escaner<\/td>\n<\/tr>\n<tr>\n<td>* tipo de escaner: cama plana<\/td>\n<\/tr>\n<tr>\n<td>* sensor: sensor de lineas cis de color<\/td>\n<\/tr>\n<tr>\n<td>* resolucion optica: 1200 dpi<\/td>\n<\/tr>\n<tr>\n<td>* resolucion de hardware: optima \/ hardware: 1200 \/ 1200 x 2400 dpi.<\/td>\n<\/tr>\n<tr>\n<td>* resolucion maxima: 9600 dpi interpolada<\/td>\n<\/tr>\n<tr>\n<td>* profundidad del bit de color: entrada: 48 bits, salida: 24 bits<\/td>\n<\/tr>\n<tr>\n<td>* modo de escaneo en color y escala de grises profundidad de bits: entrada: 16 bits, salida: 8 bits<\/td>\n<\/tr>\n<tr>\n<td>* profundidad del bit monocromatico: entrada: 16 bits, salida: 1 bit<\/td>\n<\/tr>\n<tr>\n<td>* caracteristicas del escaner: escaneo a la nube incluyendo email, dispositivo de memoria<\/td>\n<\/tr>\n<tr>\n<td>* maxima superficie de digitalizacion: 21,6 x 35,6 cm 8,5 x 11,7<\/td>\n<\/tr>\n<tr>\n<td>* velocidad de escaneo: 12 segundos blanco y negro \/ 27 segundos color en pdf y tamano a4 a 200 dpi<\/td>\n<\/tr>\n<tr>\n<td>Alimentador automatico de documentos<\/td>\n<\/tr>\n<tr>\n<td>* capacidad: 35 hojas carta \/ a4, 10 hojas legal<\/td>\n<\/tr>\n<tr>\n<td>* tamamos de documento: maximo: legal \/ 216 mm x 356 mm<\/td>\n<\/tr>\n<tr>\n<td>Fax<\/td>\n<\/tr>\n<tr>\n<td>* ajustes del fax: blanco y negro, color<\/td>\n<\/tr>\n<tr>\n<td>* velocidad del fax: 33.6 kbps<\/td>\n<\/tr>\n<tr>\n<td>* memoria, fax: hasta 180 paginas<\/td>\n<\/tr>\n<tr>\n<td>* discados rapidos: 100 maxima<\/td>\n<\/tr>\n<tr>\n<td>* caracteristicas: enviar, recibir, fax a email, fax a carpeta, inbox<\/td>\n<\/tr>\n<tr>\n<td>General<\/td>\n<\/tr>\n<tr>\n<td>* sistemas de operacion: windows vista\u00ae\/ windows\u00ae7\/ windows\u00ae 8\/ windows\u00ae 8.1\/ windows\u00ae10 32 bit, 64 bit \/ windows server\u00ae 2003 sp2 \/ windows server\u00ae 201610<\/td>\n<\/tr>\n<tr>\n<td>* mac os\u00aex 10.6.8 \/ mac os\u00ae 10.14.x11<\/td>\n<\/tr>\n<tr>\n<td>* dimensiones: 37,5 x 34,7 x 34,6 cm 14,7 x 13,66 x 13,62<\/td>\n<\/tr>\n<tr>\n<td>* peso: 7,3 kg 16,09 lb, excluye tintas y cables de alimentacion<\/td>\n<\/tr>\n<tr>\n<td>* pais de origen: filipinas<\/td>\n<\/tr>\n<tr>\n<td>Conectividad<\/td>\n<\/tr>\n<tr>\n<td>* conectividad estandar: usb de alta velocidad compatible con la especificacion usb 2.0 lan inalambrica ieee 802.11 b\/g\/n interfaz ethernet 100 base-tx\/10 base-t wi-fi direct\u00ae<\/td>\n<\/tr>\n<tr>\n<td>* protocolos de red: tcp\/ip v4, tcp\/ip v6<\/td>\n<\/tr>\n<tr>\n<td>* protocolos de impresion en red: lpd, ipp, puerto 9100, wsd<\/td>\n<\/tr>\n<tr>\n<td>* protocolos de manejo de red: snmp, http, dhcp, bootp, apipa, ping, ddns, mdns, sntp, slp, wsd, lltd<\/td>\n<\/tr>\n<tr>\n<td>* seguridad wlan: wep 64\/128 bit, wpa-psk tkip, wpa psk aes<\/td>\n<\/tr>\n<tr>\n<td>Impresion desde dispositivos moviles<\/td>\n<\/tr>\n<tr>\n<td>* epson connect: epson connect\u0099 solutions, epson email print\u00ae, remote print driver, scan to cloud<\/td>\n<\/tr>\n<tr>\n<td>* otros: epson iprint\u0099 app ios\u0099, android\u0099, google cloud print\u0099 mopria print service\u0099<\/td>\n<\/tr>\n<tr>\n<td>Manejo de papel<\/td>\n<\/tr>\n<tr>\n<td>* tamanos de papel soportados: papel normal y grueso: a6 105 mm x 148 mm, media carta 140 mm x 216 mm, ejecutivo 184 mm x 267 mm, a4 210 mm x 297 mm, oficio 9 215 mm x 315 mm, carta 216 mm x 279 mm, 216 mm x 330 mm, mexico-oficio 216 mm x 340 mm y legal 216 x 356 mm, definido por el usuario 89 x 127 mm ~ 215,9 mm x 1200 mm<\/td>\n<\/tr>\n<tr>\n<td>* tamano de papel maximo: legal 216 mm x 356 mm<\/td>\n<\/tr>\n<tr>\n<td>* tipos de papel: papel normal, premium presentation paper matte, premium presentation paper matte double-sided<\/td>\n<\/tr>\n<tr>\n<td>* tipos de sobres: n\u00ba 10 105  241 mm<\/td>\n<\/tr>\n<tr>\n<td>* peso del papel: 64 g\/m2 &#8211; 165 g\/m2<\/td>\n<\/tr>\n<tr>\n<td>* capacidad de entrada de papel: 251 hojas estandar, 10 sobres y 30 tarjetas postales<\/td>\n<\/tr>\n<tr>\n<td>* capacidad de salida de la bandeja de papel: 100 hojas de papel normal a4\/carta, 20 tarjetas postales<\/td>\n<\/tr>\n<tr>\n<td>Detalles de la impresora<\/td>\n<\/tr>\n<tr>\n<td>* pantalla: lcd 2,4 tactil a color<\/td>\n<\/tr>\n<tr>\n<td>* lenguaje de la impresora: epson esc\/p-r, emulacion pcl 5, emulacion pcl 6<\/td>\n<\/tr>\n<tr>\n<td>* ciclo de trabajo mensual: recomendado: 250 &#8211; 1.500 paginas<\/td>\n<\/tr>\n<tr>\n<td>* maximo: hasta 20.000 paginas<\/td>\n<\/tr>\n<tr>\n<td>Energia<\/td>\n<\/tr>\n<tr>\n<td>* voltaje nominal: ca 100 &#8211; 240 v universal<\/td>\n<\/tr>\n<tr>\n<td>* frecuencia nominal: 50 &#8211; 60 hz<\/td>\n<\/tr>\n<tr>\n<td>* corriente nominal: 0,5 &#8211; 0,2 a<\/td>\n<\/tr>\n<tr>\n<td>* consumo de energia: modo operacion: 13 w iso 24712 modo en espera: 5 w<\/td>\n<\/tr>\n<tr>\n<td>* modo en reposo: 0,7 w, modo apagado: 0.2 w consumo maximo de energia: 13 w<\/td>\n<\/tr>\n<\/table>\n","protected":false},"excerpt":{"rendered":"<p>Compacta multifuncional dise\u00f1ada para aumentar la productividad y reducir costos de su empresa. La multifuncional monocrom\u00e1tica para grupos de trabajo y con adf incorporado ecotank m3180 est\u00e1 dise\u00f1ada para crear impresiones de calidad profesional a un ultra bajo costo para su empresa gracias a la innovadora tecnolog\u00eda de botellas de tinta. Disfrute de impresiones ultra n\u00edtidas gracias a la tecnolog\u00eda precision core y aumente su productividad con las impresoras m\u00e1s r\u00e1pidas de su clase. F\u00e1cil de integrar a grupos de trabajo de alta productividad con su conectividad wifi y ethernet. * 4-en-1: imprime | inal\u00e1mbrica | copia | escanea |fax | ethernet | pcl. * tinta: tinta negra pigmentada para impresoras monocrom\u00e1ticas epson. * velocidad de impresi\u00f3n: 39 ppm, simple<\/p>\n","protected":false},"featured_media":223645,"comment_status":"open","ping_status":"open","template":"","meta":[],"product_cat":[1780,1781],"product_tag":[1624],"acf":[],"yoast_head":"<!-- This site is optimized with the Yoast SEO plugin v21.7 - https:\/\/yoast.com\/wordpress\/plugins\/seo\/ -->\n<title>[ Epson ] &#129351; C11cg93301 Multifuncional M3180, 39 Ppm Negro, Tinta Continua, Ecotank, Usb, Wifi, Red, Adf, Monocromatica<\/title>\n<meta name=\"description\" content=\"Compra C11cg93301 Multifuncional M3180, 39 Ppm Negro, Tinta Continua, Ecotank, Usb, Wifi, Red, Adf, Monocromatica + Env\u00edo a domicilio + Pago seguro + Garant\u00eda\" \/>\n<meta name=\"robots\" content=\"index, follow, max-snippet:-1, max-image-preview:large, max-video-preview:-1\" \/>\n<link rel=\"canonical\" href=\"https:\/\/compuviper.mx\/tienda\/producto\/epson-c11cg93301-multifuncional-m3180-39-ppm-negro-tinta-continua-ecotank-usb-wifi-red-adf-monocromatica\/\" \/>\n<meta property=\"og:locale\" content=\"es_MX\" \/>\n<meta property=\"og:type\" content=\"article\" \/>\n<meta property=\"og:title\" content=\"[ Epson ] &#129351; C11cg93301 Multifuncional M3180, 39 Ppm Negro, Tinta Continua, Ecotank, Usb, Wifi, Red, Adf, Monocromatica\" \/>\n<meta property=\"og:description\" content=\"Compra C11cg93301 Multifuncional M3180, 39 Ppm Negro, Tinta Continua, Ecotank, Usb, Wifi, Red, Adf, Monocromatica + Env\u00edo a domicilio + Pago seguro + Garant\u00eda\" \/>\n<meta property=\"og:url\" content=\"https:\/\/compuviper.mx\/tienda\/producto\/epson-c11cg93301-multifuncional-m3180-39-ppm-negro-tinta-continua-ecotank-usb-wifi-red-adf-monocromatica\/\" \/>\n<meta property=\"og:site_name\" content=\"Compuviper\" \/>\n<meta property=\"article:publisher\" content=\"https:\/\/www.facebook.com\/compuviper\" \/>\n<meta property=\"og:image\" content=\"https:\/\/compuviper.mx\/tienda\/wp-content\/uploads\/2023\/12\/Multifuncional-epson-m3180-39-ppm-negro-tinta-continua-ecotank-usb-wifi-red-adf-monocromatica.jpg\" \/>\n\t<meta property=\"og:image:width\" content=\"200\" \/>\n\t<meta property=\"og:image:height\" content=\"200\" \/>\n\t<meta property=\"og:image:type\" content=\"image\/jpeg\" \/>\n<meta name=\"twitter:card\" content=\"summary_large_image\" \/>\n<meta name=\"twitter:label1\" content=\"Precio\" \/>\n\t<meta name=\"twitter:data1\" content=\"&#36;10,660 &#36;10,552 con IVA\" \/>\n\t<meta name=\"twitter:label2\" content=\"Availability\" \/>\n\t<meta name=\"twitter:data2\" content=\"In stock\" \/>\n<script type=\"application\/ld+json\" class=\"yoast-schema-graph\">{\"@context\":\"https:\/\/schema.org\",\"@graph\":[{\"@type\":\"WebPage\",\"@id\":\"https:\/\/compuviper.mx\/tienda\/producto\/epson-c11cg93301-multifuncional-m3180-39-ppm-negro-tinta-continua-ecotank-usb-wifi-red-adf-monocromatica\/\",\"url\":\"https:\/\/compuviper.mx\/tienda\/producto\/epson-c11cg93301-multifuncional-m3180-39-ppm-negro-tinta-continua-ecotank-usb-wifi-red-adf-monocromatica\/\",\"name\":\"[ Epson ] &#129351; C11cg93301 Multifuncional M3180, 39 Ppm Negro, Tinta Continua, Ecotank, Usb, Wifi, Red, Adf, Monocromatica\",\"isPartOf\":{\"@id\":\"https:\/\/compuviper.mx\/tienda\/#website\"},\"datePublished\":\"2026-04-18T07:48:07+00:00\",\"dateModified\":\"2026-04-18T07:48:07+00:00\",\"description\":\"Compra C11cg93301 Multifuncional M3180, 39 Ppm Negro, Tinta Continua, Ecotank, Usb, Wifi, Red, Adf, Monocromatica + Env\u00edo a domicilio + Pago seguro + Garant\u00eda\",\"breadcrumb\":{\"@id\":\"https:\/\/compuviper.mx\/tienda\/producto\/epson-c11cg93301-multifuncional-m3180-39-ppm-negro-tinta-continua-ecotank-usb-wifi-red-adf-monocromatica\/#breadcrumb\"},\"inLanguage\":\"es-MX\",\"potentialAction\":[{\"@type\":\"ReadAction\",\"target\":[\"https:\/\/compuviper.mx\/tienda\/producto\/epson-c11cg93301-multifuncional-m3180-39-ppm-negro-tinta-continua-ecotank-usb-wifi-red-adf-monocromatica\/\"]}]},{\"@type\":\"BreadcrumbList\",\"@id\":\"https:\/\/compuviper.mx\/tienda\/producto\/epson-c11cg93301-multifuncional-m3180-39-ppm-negro-tinta-continua-ecotank-usb-wifi-red-adf-monocromatica\/#breadcrumb\",\"itemListElement\":[{\"@type\":\"ListItem\",\"position\":1,\"name\":\"Inicio\",\"item\":\"https:\/\/compuviper.mx\/tienda\/\"},{\"@type\":\"ListItem\",\"position\":2,\"name\":\"Productos\",\"item\":\"https:\/\/compuviper.mx\/tienda\/productos\/\"},{\"@type\":\"ListItem\",\"position\":3,\"name\":\"Multifuncionales\",\"item\":\"https:\/\/compuviper.mx\/tienda\/categoria-producto\/multifuncionales\/\"},{\"@type\":\"ListItem\",\"position\":4,\"name\":\"Inyeccion De Tinta\",\"item\":\"https:\/\/compuviper.mx\/tienda\/categoria-producto\/multifuncionales\/inyeccion-de-tinta\/\"},{\"@type\":\"ListItem\",\"position\":5,\"name\":\"Epson C11cg93301 Multifuncional M3180, 39 Ppm Negro, Tinta Continua, Ecotank, Usb, Wifi, Red, Adf, Monocromatica\"}]},{\"@type\":\"WebSite\",\"@id\":\"https:\/\/compuviper.mx\/tienda\/#website\",\"url\":\"https:\/\/compuviper.mx\/tienda\/\",\"name\":\"Compuviper\",\"description\":\"Proveedor de Computadoras, Laptops, Servidores, Monitores, Puntos de Venta, Teclados,   Impresoras, T\u00f3ner, C\u00e1maras de Seguridad y m\u00e1s en tu tienda en l\u00ednea\",\"publisher\":{\"@id\":\"https:\/\/compuviper.mx\/tienda\/#organization\"},\"potentialAction\":[{\"@type\":\"SearchAction\",\"target\":{\"@type\":\"EntryPoint\",\"urlTemplate\":\"https:\/\/compuviper.mx\/tienda\/?s={search_term_string}\"},\"query-input\":\"required name=search_term_string\"}],\"inLanguage\":\"es-MX\"},{\"@type\":\"Organization\",\"@id\":\"https:\/\/compuviper.mx\/tienda\/#organization\",\"name\":\"Compuviper\",\"url\":\"https:\/\/compuviper.mx\/tienda\/\",\"logo\":{\"@type\":\"ImageObject\",\"inLanguage\":\"es-MX\",\"@id\":\"https:\/\/compuviper.mx\/tienda\/#\/schema\/logo\/image\/\",\"url\":\"https:\/\/compuviper.mx\/tienda\/wp-content\/uploads\/2021\/08\/Logo-Compuviper-10.png\",\"contentUrl\":\"https:\/\/compuviper.mx\/tienda\/wp-content\/uploads\/2021\/08\/Logo-Compuviper-10.png\",\"width\":1000,\"height\":500,\"caption\":\"Compuviper\"},\"image\":{\"@id\":\"https:\/\/compuviper.mx\/tienda\/#\/schema\/logo\/image\/\"},\"sameAs\":[\"https:\/\/www.facebook.com\/compuviper\",\"https:\/\/www.youtube.com\/channel\/UCf73dERp9Y3cfOq7q8BhLjA?view_as=subscriber\"]}]}<\/script>\n<meta property=\"product:brand\" content=\"EPSON\" \/>\n<meta property=\"product:price:amount\" content=\"10552\" \/>\n<meta property=\"product:price:currency\" content=\"MXN\" \/>\n<meta property=\"og:availability\" content=\"instock\" \/>\n<meta property=\"product:availability\" content=\"instock\" \/>\n<meta property=\"product:retailer_item_id\" content=\"C11CG93301\" \/>\n<meta property=\"product:condition\" content=\"new\" \/>\n<!-- \/ Yoast SEO plugin. -->","yoast_head_json":{"title":"[ Epson ] &#129351; C11cg93301 Multifuncional M3180, 39 Ppm Negro, Tinta Continua, Ecotank, Usb, Wifi, Red, Adf, Monocromatica","description":"Compra C11cg93301 Multifuncional M3180, 39 Ppm Negro, Tinta Continua, Ecotank, Usb, Wifi, Red, Adf, Monocromatica + Env\u00edo a domicilio + Pago seguro + Garant\u00eda","robots":{"index":"index","follow":"follow","max-snippet":"max-snippet:-1","max-image-preview":"max-image-preview:large","max-video-preview":"max-video-preview:-1"},"canonical":"https:\/\/compuviper.mx\/tienda\/producto\/epson-c11cg93301-multifuncional-m3180-39-ppm-negro-tinta-continua-ecotank-usb-wifi-red-adf-monocromatica\/","og_locale":"es_MX","og_type":"article","og_title":"[ Epson ] &#129351; C11cg93301 Multifuncional M3180, 39 Ppm Negro, Tinta Continua, Ecotank, Usb, Wifi, Red, Adf, Monocromatica","og_description":"Compra C11cg93301 Multifuncional M3180, 39 Ppm Negro, Tinta Continua, Ecotank, Usb, Wifi, Red, Adf, Monocromatica + Env\u00edo a domicilio + Pago seguro + Garant\u00eda","og_url":"https:\/\/compuviper.mx\/tienda\/producto\/epson-c11cg93301-multifuncional-m3180-39-ppm-negro-tinta-continua-ecotank-usb-wifi-red-adf-monocromatica\/","og_site_name":"Compuviper","article_publisher":"https:\/\/www.facebook.com\/compuviper","og_image":[{"width":200,"height":200,"url":"https:\/\/compuviper.mx\/tienda\/wp-content\/uploads\/2023\/12\/Multifuncional-epson-m3180-39-ppm-negro-tinta-continua-ecotank-usb-wifi-red-adf-monocromatica.jpg","type":"image\/jpeg"}],"twitter_card":"summary_large_image","twitter_misc":{"Precio":"&#36;10,660 &#36;10,552 con IVA","Availability":"In stock"},"schema":{"@context":"https:\/\/schema.org","@graph":[{"@type":"WebPage","@id":"https:\/\/compuviper.mx\/tienda\/producto\/epson-c11cg93301-multifuncional-m3180-39-ppm-negro-tinta-continua-ecotank-usb-wifi-red-adf-monocromatica\/","url":"https:\/\/compuviper.mx\/tienda\/producto\/epson-c11cg93301-multifuncional-m3180-39-ppm-negro-tinta-continua-ecotank-usb-wifi-red-adf-monocromatica\/","name":"[ Epson ] &#129351; C11cg93301 Multifuncional M3180, 39 Ppm Negro, Tinta Continua, Ecotank, Usb, Wifi, Red, Adf, Monocromatica","isPartOf":{"@id":"https:\/\/compuviper.mx\/tienda\/#website"},"datePublished":"2026-04-18T07:48:07+00:00","dateModified":"2026-04-18T07:48:07+00:00","description":"Compra C11cg93301 Multifuncional M3180, 39 Ppm Negro, Tinta Continua, Ecotank, Usb, Wifi, Red, Adf, Monocromatica + Env\u00edo a domicilio + Pago seguro + Garant\u00eda","breadcrumb":{"@id":"https:\/\/compuviper.mx\/tienda\/producto\/epson-c11cg93301-multifuncional-m3180-39-ppm-negro-tinta-continua-ecotank-usb-wifi-red-adf-monocromatica\/#breadcrumb"},"inLanguage":"es-MX","potentialAction":[{"@type":"ReadAction","target":["https:\/\/compuviper.mx\/tienda\/producto\/epson-c11cg93301-multifuncional-m3180-39-ppm-negro-tinta-continua-ecotank-usb-wifi-red-adf-monocromatica\/"]}]},{"@type":"BreadcrumbList","@id":"https:\/\/compuviper.mx\/tienda\/producto\/epson-c11cg93301-multifuncional-m3180-39-ppm-negro-tinta-continua-ecotank-usb-wifi-red-adf-monocromatica\/#breadcrumb","itemListElement":[{"@type":"ListItem","position":1,"name":"Inicio","item":"https:\/\/compuviper.mx\/tienda\/"},{"@type":"ListItem","position":2,"name":"Productos","item":"https:\/\/compuviper.mx\/tienda\/productos\/"},{"@type":"ListItem","position":3,"name":"Multifuncionales","item":"https:\/\/compuviper.mx\/tienda\/categoria-producto\/multifuncionales\/"},{"@type":"ListItem","position":4,"name":"Inyeccion De Tinta","item":"https:\/\/compuviper.mx\/tienda\/categoria-producto\/multifuncionales\/inyeccion-de-tinta\/"},{"@type":"ListItem","position":5,"name":"Epson C11cg93301 Multifuncional M3180, 39 Ppm Negro, Tinta Continua, Ecotank, Usb, Wifi, Red, Adf, Monocromatica"}]},{"@type":"WebSite","@id":"https:\/\/compuviper.mx\/tienda\/#website","url":"https:\/\/compuviper.mx\/tienda\/","name":"Compuviper","description":"Proveedor de Computadoras, Laptops, Servidores, Monitores, Puntos de Venta, Teclados,   Impresoras, T\u00f3ner, C\u00e1maras de Seguridad y m\u00e1s en tu tienda en l\u00ednea","publisher":{"@id":"https:\/\/compuviper.mx\/tienda\/#organization"},"potentialAction":[{"@type":"SearchAction","target":{"@type":"EntryPoint","urlTemplate":"https:\/\/compuviper.mx\/tienda\/?s={search_term_string}"},"query-input":"required name=search_term_string"}],"inLanguage":"es-MX"},{"@type":"Organization","@id":"https:\/\/compuviper.mx\/tienda\/#organization","name":"Compuviper","url":"https:\/\/compuviper.mx\/tienda\/","logo":{"@type":"ImageObject","inLanguage":"es-MX","@id":"https:\/\/compuviper.mx\/tienda\/#\/schema\/logo\/image\/","url":"https:\/\/compuviper.mx\/tienda\/wp-content\/uploads\/2021\/08\/Logo-Compuviper-10.png","contentUrl":"https:\/\/compuviper.mx\/tienda\/wp-content\/uploads\/2021\/08\/Logo-Compuviper-10.png","width":1000,"height":500,"caption":"Compuviper"},"image":{"@id":"https:\/\/compuviper.mx\/tienda\/#\/schema\/logo\/image\/"},"sameAs":["https:\/\/www.facebook.com\/compuviper","https:\/\/www.youtube.com\/channel\/UCf73dERp9Y3cfOq7q8BhLjA?view_as=subscriber"]}]},"product_brand":"EPSON","product_price_amount":"10552","product_price_currency":"MXN","og_availability":"instock","product_availability":"instock","product_retailer_item_id":"C11CG93301","product_condition":"new"},"_links":{"self":[{"href":"https:\/\/compuviper.mx\/tienda\/wp-json\/wp\/v2\/product\/223644"}],"collection":[{"href":"https:\/\/compuviper.mx\/tienda\/wp-json\/wp\/v2\/product"}],"about":[{"href":"https:\/\/compuviper.mx\/tienda\/wp-json\/wp\/v2\/types\/product"}],"replies":[{"embeddable":true,"href":"https:\/\/compuviper.mx\/tienda\/wp-json\/wp\/v2\/comments?post=223644"}],"wp:featuredmedia":[{"embeddable":true,"href":"https:\/\/compuviper.mx\/tienda\/wp-json\/wp\/v2\/media\/223645"}],"wp:attachment":[{"href":"https:\/\/compuviper.mx\/tienda\/wp-json\/wp\/v2\/media?parent=223644"}],"wp:term":[{"taxonomy":"product_cat","embeddable":true,"href":"https:\/\/compuviper.mx\/tienda\/wp-json\/wp\/v2\/product_cat?post=223644"},{"taxonomy":"product_tag","embeddable":true,"href":"https:\/\/compuviper.mx\/tienda\/wp-json\/wp\/v2\/product_tag?post=223644"}],"curies":[{"name":"wp","href":"https:\/\/api.w.org\/{rel}","templated":true}]}}