{"id":223614,"date":"2026-05-06T01:37:29","date_gmt":"2026-05-06T07:37:29","guid":{"rendered":"https:\/\/compuviper.mx\/tienda\/producto\/epson-sct3170x-plotter-sure-color-t3170x-tinta-continua-24-pulgadas-usb-y-tarjeta-red-2880-x-1440-ppp\/"},"modified":"2026-05-06T01:37:29","modified_gmt":"2026-05-06T07:37:29","slug":"epson-sct3170x010343949577-plotter-surecolor-t3170x-impresora-24-pulgadas-61-cm-tinta-continua-usb-wifi-ethernet-red-4-tintas-2880-x-1440-ppp","status":"publish","type":"product","link":"https:\/\/compuviper.mx\/tienda\/producto\/epson-sct3170x010343949577-plotter-surecolor-t3170x-impresora-24-pulgadas-61-cm-tinta-continua-usb-wifi-ethernet-red-4-tintas-2880-x-1440-ppp\/","title":{"rendered":"Epson Sct3170x,010343949577 Plotter  Surecolor T3170x, Impresora, 24 Pulgadas, 61 Cm, Tinta Continua, Usb, Wifi, Ethernet Red, 4 Tintas, 2880 X 1440 Ppp"},"content":{"rendered":"<table class=\"descripcion\">\n<tr>\n<td>Imprimir:<\/td>\n<\/tr>\n<tr>\n<td>* tecnologia de impresion: cabezal de impresion precisioncore micro tfp de 4 canales<\/td>\n<\/tr>\n<tr>\n<td>* tamano minimo de la gota de tinta: 4 picolitros; la tecnologia variable de la gota puede producir hasta tres diferentes medidas por linea<\/td>\n<\/tr>\n<tr>\n<td>* resolucion maxima de impresion: 2400 x 1200 dpi<\/td>\n<\/tr>\n<tr>\n<td>* velocidad de impresion: tamano a1\/d 34 seg<\/td>\n<\/tr>\n<tr>\n<td>Manejo de papel en rollo:<\/td>\n<\/tr>\n<tr>\n<td>*rollo sencillo \/ hojas sueltas de carga superior: rollo de hasta 610 mm de ancho<\/td>\n<\/tr>\n<tr>\n<td>*nucleo de rollo: diametro de nucleo de 50,8 mm ajustables a traves de los adaptadores del rollo por el usuario<\/td>\n<\/tr>\n<tr>\n<td>*diametro maximo del rollo: maximo diametro de rollo de hasta 109 mm<\/td>\n<\/tr>\n<tr>\n<td>*grosor del sustrato: grosor de papel de hasta 8,6 mm<\/td>\n<\/tr>\n<tr>\n<td>*rollo de corte: cortador de papel6 rotatorio de alta velocidad (automatico o manual)<\/td>\n<\/tr>\n<tr>\n<td>*rollo de papel remanente: el papel remanente en el rollo puede ser manejado desde el panel de control<\/td>\n<\/tr>\n<tr>\n<td>Detalles de la impresora:<\/td>\n<\/tr>\n<tr>\n<td>*pantalla: pantalla tactil de 4.3<\/td>\n<\/tr>\n<tr>\n<td>*lenguaje de la impresora: esc\/p raster, hp-gl72, hp rtl<\/td>\n<\/tr>\n<tr>\n<td>*interfaces: usb superrapido (compatible con 3.0), wireless lan ieee (802.11 b\/g\/n)4, wired ethernet (1000 base-t\/100 base-tx\/10 base-t), wi fi direct 4<\/td>\n<\/tr>\n<tr>\n<td>General:<\/td>\n<\/tr>\n<tr>\n<td>*sistemas de operacion: mac os 10.13.x, mac os 10.12.x, 10.11.x, 10.10.x, 10.9.x, 10.8.x and 10.7.x windows 10, 8.1, 7 (32-bit, 64-bit), windows vista and windows xp<\/td>\n<\/tr>\n<tr>\n<td>*temperatura: de -20\u00ba c a 40\u00ba c<\/td>\n<\/tr>\n<tr>\n<td>*dimensiones: 970 mm (ancho) x 436 mm (profundidad) x 230 mm (alto)<\/td>\n<\/tr>\n<tr>\n<td>*peso: 27 kg<\/td>\n<\/tr>\n<tr>\n<td>*normas de seguridad: ul (met), fcc (class a), csa, ce, emc<\/td>\n<\/tr>\n<tr>\n<td>*garantia: estandar: 1 a\u00f1o<\/td>\n<\/tr>\n<\/table>\n","protected":false},"excerpt":{"rendered":"<p>Plotter de escritorio de 24 pulgadas, de alta velocidad y con sistema de tanque de tinta. Los mejores costos de impresion del mercado en su segmento: con las botellas de tinta de 140 ml se puede obtener mayor cantidad de impresiones al menor costo del mercado en equipos de 24 pulgadas.<\/p>\n","protected":false},"featured_media":223615,"comment_status":"open","ping_status":"open","template":"","meta":[],"product_cat":[1790,1791],"product_tag":[1624],"acf":[],"yoast_head":"<!-- This site is optimized with the Yoast SEO plugin v21.7 - https:\/\/yoast.com\/wordpress\/plugins\/seo\/ -->\n<title>[ Epson ] &#129351; Sct3170x,010343949577 Plotter Surecolor T3170x, Impresora, 24 Pulgadas, 61 Cm, Tinta Continua, Usb, Wifi, Ethernet Red, 4 Tintas, 2880 X 1440 Ppp<\/title>\n<meta name=\"description\" content=\"Compra Sct3170x,010343949577 Plotter Surecolor T3170x, Impresora, 24 Pulgadas, 61 Cm, Tinta Continua, Usb, Wifi, Ethernet Red, 4 Tintas, 2880 X 1440 Ppp + Env\u00edo a domicilio + Pago seguro + Garant\u00eda\" \/>\n<meta name=\"robots\" content=\"index, follow, max-snippet:-1, max-image-preview:large, max-video-preview:-1\" \/>\n<link rel=\"canonical\" href=\"https:\/\/compuviper.mx\/tienda\/producto\/epson-sct3170x010343949577-plotter-surecolor-t3170x-impresora-24-pulgadas-61-cm-tinta-continua-usb-wifi-ethernet-red-4-tintas-2880-x-1440-ppp\/\" \/>\n<meta property=\"og:locale\" content=\"es_MX\" \/>\n<meta property=\"og:type\" content=\"article\" \/>\n<meta property=\"og:title\" content=\"[ Epson ] &#129351; Sct3170x,010343949577 Plotter Surecolor T3170x, Impresora, 24 Pulgadas, 61 Cm, Tinta Continua, Usb, Wifi, Ethernet Red, 4 Tintas, 2880 X 1440 Ppp\" \/>\n<meta property=\"og:description\" content=\"Compra Sct3170x,010343949577 Plotter Surecolor T3170x, Impresora, 24 Pulgadas, 61 Cm, Tinta Continua, Usb, Wifi, Ethernet Red, 4 Tintas, 2880 X 1440 Ppp + Env\u00edo a domicilio + Pago seguro + Garant\u00eda\" \/>\n<meta property=\"og:url\" content=\"https:\/\/compuviper.mx\/tienda\/producto\/epson-sct3170x010343949577-plotter-surecolor-t3170x-impresora-24-pulgadas-61-cm-tinta-continua-usb-wifi-ethernet-red-4-tintas-2880-x-1440-ppp\/\" \/>\n<meta property=\"og:site_name\" content=\"Compuviper\" \/>\n<meta property=\"article:publisher\" content=\"https:\/\/www.facebook.com\/compuviper\" \/>\n<meta property=\"og:image\" content=\"https:\/\/compuviper.mx\/tienda\/wp-content\/uploads\/2023\/12\/Plotter-epson-sure-color-t3170x-tinta-continua-24-pulgadas-usb-y-tarjeta-red-2880-x-1440-ppp.jpg\" \/>\n\t<meta property=\"og:image:width\" content=\"200\" \/>\n\t<meta property=\"og:image:height\" content=\"200\" \/>\n\t<meta property=\"og:image:type\" content=\"image\/jpeg\" \/>\n<meta name=\"twitter:card\" content=\"summary_large_image\" \/>\n<meta name=\"twitter:label1\" content=\"Precio\" \/>\n\t<meta name=\"twitter:data1\" content=\"&#36;39,255 &#36;36,452 con IVA\" \/>\n\t<meta name=\"twitter:label2\" content=\"Availability\" \/>\n\t<meta name=\"twitter:data2\" content=\"In stock\" \/>\n<script type=\"application\/ld+json\" class=\"yoast-schema-graph\">{\"@context\":\"https:\/\/schema.org\",\"@graph\":[{\"@type\":\"WebPage\",\"@id\":\"https:\/\/compuviper.mx\/tienda\/producto\/epson-sct3170x010343949577-plotter-surecolor-t3170x-impresora-24-pulgadas-61-cm-tinta-continua-usb-wifi-ethernet-red-4-tintas-2880-x-1440-ppp\/\",\"url\":\"https:\/\/compuviper.mx\/tienda\/producto\/epson-sct3170x010343949577-plotter-surecolor-t3170x-impresora-24-pulgadas-61-cm-tinta-continua-usb-wifi-ethernet-red-4-tintas-2880-x-1440-ppp\/\",\"name\":\"[ Epson ] &#129351; Sct3170x,010343949577 Plotter Surecolor T3170x, Impresora, 24 Pulgadas, 61 Cm, Tinta Continua, Usb, Wifi, Ethernet Red, 4 Tintas, 2880 X 1440 Ppp\",\"isPartOf\":{\"@id\":\"https:\/\/compuviper.mx\/tienda\/#website\"},\"datePublished\":\"2026-05-06T07:37:29+00:00\",\"dateModified\":\"2026-05-06T07:37:29+00:00\",\"description\":\"Compra Sct3170x,010343949577 Plotter Surecolor T3170x, Impresora, 24 Pulgadas, 61 Cm, Tinta Continua, Usb, Wifi, Ethernet Red, 4 Tintas, 2880 X 1440 Ppp + Env\u00edo a domicilio + Pago seguro + Garant\u00eda\",\"breadcrumb\":{\"@id\":\"https:\/\/compuviper.mx\/tienda\/producto\/epson-sct3170x010343949577-plotter-surecolor-t3170x-impresora-24-pulgadas-61-cm-tinta-continua-usb-wifi-ethernet-red-4-tintas-2880-x-1440-ppp\/#breadcrumb\"},\"inLanguage\":\"es-MX\",\"potentialAction\":[{\"@type\":\"ReadAction\",\"target\":[\"https:\/\/compuviper.mx\/tienda\/producto\/epson-sct3170x010343949577-plotter-surecolor-t3170x-impresora-24-pulgadas-61-cm-tinta-continua-usb-wifi-ethernet-red-4-tintas-2880-x-1440-ppp\/\"]}]},{\"@type\":\"BreadcrumbList\",\"@id\":\"https:\/\/compuviper.mx\/tienda\/producto\/epson-sct3170x010343949577-plotter-surecolor-t3170x-impresora-24-pulgadas-61-cm-tinta-continua-usb-wifi-ethernet-red-4-tintas-2880-x-1440-ppp\/#breadcrumb\",\"itemListElement\":[{\"@type\":\"ListItem\",\"position\":1,\"name\":\"Inicio\",\"item\":\"https:\/\/compuviper.mx\/tienda\/\"},{\"@type\":\"ListItem\",\"position\":2,\"name\":\"Productos\",\"item\":\"https:\/\/compuviper.mx\/tienda\/productos\/\"},{\"@type\":\"ListItem\",\"position\":3,\"name\":\"Impresora De Amplio Formato (plotter)\",\"item\":\"https:\/\/compuviper.mx\/tienda\/categoria-producto\/impresora-de-amplio-formato-plotter\/\"},{\"@type\":\"ListItem\",\"position\":4,\"name\":\"Sin Categor\u00eda\",\"item\":\"https:\/\/compuviper.mx\/tienda\/categoria-producto\/impresora-de-amplio-formato-plotter\/sin-categoria-impresora-de-amplio-formato-plotter\/\"},{\"@type\":\"ListItem\",\"position\":5,\"name\":\"Epson Sct3170x,010343949577 Plotter Surecolor T3170x, Impresora, 24 Pulgadas, 61 Cm, Tinta Continua, Usb, Wifi, Ethernet Red, 4 Tintas, 2880 X 1440 Ppp\"}]},{\"@type\":\"WebSite\",\"@id\":\"https:\/\/compuviper.mx\/tienda\/#website\",\"url\":\"https:\/\/compuviper.mx\/tienda\/\",\"name\":\"Compuviper\",\"description\":\"Proveedor de Computadoras, Laptops, Servidores, Monitores, Puntos de Venta, Teclados,   Impresoras, T\u00f3ner, C\u00e1maras de Seguridad y m\u00e1s en tu tienda en l\u00ednea\",\"publisher\":{\"@id\":\"https:\/\/compuviper.mx\/tienda\/#organization\"},\"potentialAction\":[{\"@type\":\"SearchAction\",\"target\":{\"@type\":\"EntryPoint\",\"urlTemplate\":\"https:\/\/compuviper.mx\/tienda\/?s={search_term_string}\"},\"query-input\":\"required name=search_term_string\"}],\"inLanguage\":\"es-MX\"},{\"@type\":\"Organization\",\"@id\":\"https:\/\/compuviper.mx\/tienda\/#organization\",\"name\":\"Compuviper\",\"url\":\"https:\/\/compuviper.mx\/tienda\/\",\"logo\":{\"@type\":\"ImageObject\",\"inLanguage\":\"es-MX\",\"@id\":\"https:\/\/compuviper.mx\/tienda\/#\/schema\/logo\/image\/\",\"url\":\"https:\/\/compuviper.mx\/tienda\/wp-content\/uploads\/2021\/08\/Logo-Compuviper-10.png\",\"contentUrl\":\"https:\/\/compuviper.mx\/tienda\/wp-content\/uploads\/2021\/08\/Logo-Compuviper-10.png\",\"width\":1000,\"height\":500,\"caption\":\"Compuviper\"},\"image\":{\"@id\":\"https:\/\/compuviper.mx\/tienda\/#\/schema\/logo\/image\/\"},\"sameAs\":[\"https:\/\/www.facebook.com\/compuviper\",\"https:\/\/www.youtube.com\/channel\/UCf73dERp9Y3cfOq7q8BhLjA?view_as=subscriber\"]}]}<\/script>\n<meta property=\"product:brand\" content=\"EPSON\" \/>\n<meta property=\"product:price:amount\" content=\"36452\" \/>\n<meta property=\"product:price:currency\" content=\"MXN\" \/>\n<meta property=\"og:availability\" content=\"instock\" \/>\n<meta property=\"product:availability\" content=\"instock\" \/>\n<meta property=\"product:retailer_item_id\" content=\"SCT3170X,010343949577\" \/>\n<meta property=\"product:condition\" content=\"new\" \/>\n<!-- \/ Yoast SEO plugin. -->","yoast_head_json":{"title":"[ Epson ] &#129351; Sct3170x,010343949577 Plotter Surecolor T3170x, Impresora, 24 Pulgadas, 61 Cm, Tinta Continua, Usb, Wifi, Ethernet Red, 4 Tintas, 2880 X 1440 Ppp","description":"Compra Sct3170x,010343949577 Plotter Surecolor T3170x, Impresora, 24 Pulgadas, 61 Cm, Tinta Continua, Usb, Wifi, Ethernet Red, 4 Tintas, 2880 X 1440 Ppp + Env\u00edo a domicilio + Pago seguro + Garant\u00eda","robots":{"index":"index","follow":"follow","max-snippet":"max-snippet:-1","max-image-preview":"max-image-preview:large","max-video-preview":"max-video-preview:-1"},"canonical":"https:\/\/compuviper.mx\/tienda\/producto\/epson-sct3170x010343949577-plotter-surecolor-t3170x-impresora-24-pulgadas-61-cm-tinta-continua-usb-wifi-ethernet-red-4-tintas-2880-x-1440-ppp\/","og_locale":"es_MX","og_type":"article","og_title":"[ Epson ] &#129351; Sct3170x,010343949577 Plotter Surecolor T3170x, Impresora, 24 Pulgadas, 61 Cm, Tinta Continua, Usb, Wifi, Ethernet Red, 4 Tintas, 2880 X 1440 Ppp","og_description":"Compra Sct3170x,010343949577 Plotter Surecolor T3170x, Impresora, 24 Pulgadas, 61 Cm, Tinta Continua, Usb, Wifi, Ethernet Red, 4 Tintas, 2880 X 1440 Ppp + Env\u00edo a domicilio + Pago seguro + Garant\u00eda","og_url":"https:\/\/compuviper.mx\/tienda\/producto\/epson-sct3170x010343949577-plotter-surecolor-t3170x-impresora-24-pulgadas-61-cm-tinta-continua-usb-wifi-ethernet-red-4-tintas-2880-x-1440-ppp\/","og_site_name":"Compuviper","article_publisher":"https:\/\/www.facebook.com\/compuviper","og_image":[{"width":200,"height":200,"url":"https:\/\/compuviper.mx\/tienda\/wp-content\/uploads\/2023\/12\/Plotter-epson-sure-color-t3170x-tinta-continua-24-pulgadas-usb-y-tarjeta-red-2880-x-1440-ppp.jpg","type":"image\/jpeg"}],"twitter_card":"summary_large_image","twitter_misc":{"Precio":"&#36;39,255 &#36;36,452 con IVA","Availability":"In stock"},"schema":{"@context":"https:\/\/schema.org","@graph":[{"@type":"WebPage","@id":"https:\/\/compuviper.mx\/tienda\/producto\/epson-sct3170x010343949577-plotter-surecolor-t3170x-impresora-24-pulgadas-61-cm-tinta-continua-usb-wifi-ethernet-red-4-tintas-2880-x-1440-ppp\/","url":"https:\/\/compuviper.mx\/tienda\/producto\/epson-sct3170x010343949577-plotter-surecolor-t3170x-impresora-24-pulgadas-61-cm-tinta-continua-usb-wifi-ethernet-red-4-tintas-2880-x-1440-ppp\/","name":"[ Epson ] &#129351; Sct3170x,010343949577 Plotter Surecolor T3170x, Impresora, 24 Pulgadas, 61 Cm, Tinta Continua, Usb, Wifi, Ethernet Red, 4 Tintas, 2880 X 1440 Ppp","isPartOf":{"@id":"https:\/\/compuviper.mx\/tienda\/#website"},"datePublished":"2026-05-06T07:37:29+00:00","dateModified":"2026-05-06T07:37:29+00:00","description":"Compra Sct3170x,010343949577 Plotter Surecolor T3170x, Impresora, 24 Pulgadas, 61 Cm, Tinta Continua, Usb, Wifi, Ethernet Red, 4 Tintas, 2880 X 1440 Ppp + Env\u00edo a domicilio + Pago seguro + Garant\u00eda","breadcrumb":{"@id":"https:\/\/compuviper.mx\/tienda\/producto\/epson-sct3170x010343949577-plotter-surecolor-t3170x-impresora-24-pulgadas-61-cm-tinta-continua-usb-wifi-ethernet-red-4-tintas-2880-x-1440-ppp\/#breadcrumb"},"inLanguage":"es-MX","potentialAction":[{"@type":"ReadAction","target":["https:\/\/compuviper.mx\/tienda\/producto\/epson-sct3170x010343949577-plotter-surecolor-t3170x-impresora-24-pulgadas-61-cm-tinta-continua-usb-wifi-ethernet-red-4-tintas-2880-x-1440-ppp\/"]}]},{"@type":"BreadcrumbList","@id":"https:\/\/compuviper.mx\/tienda\/producto\/epson-sct3170x010343949577-plotter-surecolor-t3170x-impresora-24-pulgadas-61-cm-tinta-continua-usb-wifi-ethernet-red-4-tintas-2880-x-1440-ppp\/#breadcrumb","itemListElement":[{"@type":"ListItem","position":1,"name":"Inicio","item":"https:\/\/compuviper.mx\/tienda\/"},{"@type":"ListItem","position":2,"name":"Productos","item":"https:\/\/compuviper.mx\/tienda\/productos\/"},{"@type":"ListItem","position":3,"name":"Impresora De Amplio Formato (plotter)","item":"https:\/\/compuviper.mx\/tienda\/categoria-producto\/impresora-de-amplio-formato-plotter\/"},{"@type":"ListItem","position":4,"name":"Sin Categor\u00eda","item":"https:\/\/compuviper.mx\/tienda\/categoria-producto\/impresora-de-amplio-formato-plotter\/sin-categoria-impresora-de-amplio-formato-plotter\/"},{"@type":"ListItem","position":5,"name":"Epson Sct3170x,010343949577 Plotter Surecolor T3170x, Impresora, 24 Pulgadas, 61 Cm, Tinta Continua, Usb, Wifi, Ethernet Red, 4 Tintas, 2880 X 1440 Ppp"}]},{"@type":"WebSite","@id":"https:\/\/compuviper.mx\/tienda\/#website","url":"https:\/\/compuviper.mx\/tienda\/","name":"Compuviper","description":"Proveedor de Computadoras, Laptops, Servidores, Monitores, Puntos de Venta, Teclados,   Impresoras, T\u00f3ner, C\u00e1maras de Seguridad y m\u00e1s en tu tienda en l\u00ednea","publisher":{"@id":"https:\/\/compuviper.mx\/tienda\/#organization"},"potentialAction":[{"@type":"SearchAction","target":{"@type":"EntryPoint","urlTemplate":"https:\/\/compuviper.mx\/tienda\/?s={search_term_string}"},"query-input":"required name=search_term_string"}],"inLanguage":"es-MX"},{"@type":"Organization","@id":"https:\/\/compuviper.mx\/tienda\/#organization","name":"Compuviper","url":"https:\/\/compuviper.mx\/tienda\/","logo":{"@type":"ImageObject","inLanguage":"es-MX","@id":"https:\/\/compuviper.mx\/tienda\/#\/schema\/logo\/image\/","url":"https:\/\/compuviper.mx\/tienda\/wp-content\/uploads\/2021\/08\/Logo-Compuviper-10.png","contentUrl":"https:\/\/compuviper.mx\/tienda\/wp-content\/uploads\/2021\/08\/Logo-Compuviper-10.png","width":1000,"height":500,"caption":"Compuviper"},"image":{"@id":"https:\/\/compuviper.mx\/tienda\/#\/schema\/logo\/image\/"},"sameAs":["https:\/\/www.facebook.com\/compuviper","https:\/\/www.youtube.com\/channel\/UCf73dERp9Y3cfOq7q8BhLjA?view_as=subscriber"]}]},"product_brand":"EPSON","product_price_amount":"36452","product_price_currency":"MXN","og_availability":"instock","product_availability":"instock","product_retailer_item_id":"SCT3170X,010343949577","product_condition":"new"},"_links":{"self":[{"href":"https:\/\/compuviper.mx\/tienda\/wp-json\/wp\/v2\/product\/223614"}],"collection":[{"href":"https:\/\/compuviper.mx\/tienda\/wp-json\/wp\/v2\/product"}],"about":[{"href":"https:\/\/compuviper.mx\/tienda\/wp-json\/wp\/v2\/types\/product"}],"replies":[{"embeddable":true,"href":"https:\/\/compuviper.mx\/tienda\/wp-json\/wp\/v2\/comments?post=223614"}],"wp:featuredmedia":[{"embeddable":true,"href":"https:\/\/compuviper.mx\/tienda\/wp-json\/wp\/v2\/media\/223615"}],"wp:attachment":[{"href":"https:\/\/compuviper.mx\/tienda\/wp-json\/wp\/v2\/media?parent=223614"}],"wp:term":[{"taxonomy":"product_cat","embeddable":true,"href":"https:\/\/compuviper.mx\/tienda\/wp-json\/wp\/v2\/product_cat?post=223614"},{"taxonomy":"product_tag","embeddable":true,"href":"https:\/\/compuviper.mx\/tienda\/wp-json\/wp\/v2\/product_tag?post=223614"}],"curies":[{"name":"wp","href":"https:\/\/api.w.org\/{rel}","templated":true}]}}