{"id":223584,"date":"2026-04-18T01:48:03","date_gmt":"2026-04-18T07:48:03","guid":{"rendered":"https:\/\/compuviper.mx\/tienda\/producto\/epson-c11cg92301-multifuncional-m3170-39-ppm-negro-tinta-continua-ecotank-adf-fax-usb-wifi-red-monocromatica\/"},"modified":"2026-04-18T01:48:03","modified_gmt":"2026-04-18T07:48:03","slug":"epson-c11cg92301-multifuncional-m3170-39-ppm-negro-tinta-continua-ecotank-adf-fax-usb-wifi-red-monocromatica","status":"publish","type":"product","link":"https:\/\/compuviper.mx\/tienda\/producto\/epson-c11cg92301-multifuncional-m3170-39-ppm-negro-tinta-continua-ecotank-adf-fax-usb-wifi-red-monocromatica\/","title":{"rendered":"Epson C11cg92301 Multifuncional  M3170, 39 Ppm Negro, Tinta Continua, Ecotank, Adf, Fax, Usb, Wifi, Red, Monocromatica"},"content":{"rendered":"<table class=\"descripcion\">\n<tr>\n<td>Imprimir<\/td>\n<\/tr>\n<tr>\n<td>* tecnologia de impresion:inyeccion de tinta precisioncore monocromatica optimizada<\/td>\n<\/tr>\n<tr>\n<td>* tama\u00f1o minimo de la gota de tinta:2,8 picolitros con tecnologia de gotas de tinta de tama\u00f1o variable<\/td>\n<\/tr>\n<tr>\n<td>* resolucion maxima de impresion:1200 dpi x 2400 dpi<\/td>\n<\/tr>\n<tr>\n<td>* velocidad de impresion:39 ppm negro (borrador\/a4\/carta)<\/td>\n<\/tr>\n<tr>\n<td>* velocidad de impresion iso:20 ppm negro (a4\/carta)<\/td>\n<\/tr>\n<tr>\n<td>* velocidad de impresion iso de doble faz:9 ppm (a4\/carta)<\/td>\n<\/tr>\n<tr>\n<td>* configuracion del cabezal: 800 inyectores negros (2 filas de 400 inyectores).<\/td>\n<\/tr>\n<tr>\n<td>Detalles de la impresora<\/td>\n<\/tr>\n<tr>\n<td>* pantalla: lcd 2,44 tactil a color<\/td>\n<\/tr>\n<tr>\n<td>* lenguaje de la impresora: esc\/p raster y esc\/p-r (sin pc)<\/td>\n<\/tr>\n<tr>\n<td>* ciclo de trabajo mensual: recomendado: 250 &#8211; 1.500 paginas. maximo: hasta 20.000 paginas<\/td>\n<\/tr>\n<tr>\n<td>* caracteristicas especiales: impresion a doble cara automatica, intercalar, modo silencioso de impresion<\/td>\n<\/tr>\n<tr>\n<td>Copiar<\/td>\n<\/tr>\n<tr>\n<td>* velocidad de copia: 30 cpm negro (borrador\/a4\/carta)<\/td>\n<\/tr>\n<tr>\n<td>* velocidad de copiado iso: 17 cpm negro (a4\/carta)<\/td>\n<\/tr>\n<tr>\n<td>* calidad de copia: texto e imagen hasta 600 dpi x 600 dpi en papel normal<\/td>\n<\/tr>\n<tr>\n<td>* cantidad de copias:1-99 (sin pc)<\/td>\n<\/tr>\n<tr>\n<td>* maximo tama\u00f1o de copia: legal (adf) y a4\/carta (cama de escaner)<\/td>\n<\/tr>\n<tr>\n<td>* caracteristicas de la copia: copiado automatico a doble cara, reduce y aumenta (25% &#8211; 400%).<\/td>\n<\/tr>\n<tr>\n<td>Especificaciones del escaner<\/td>\n<\/tr>\n<tr>\n<td>* tipo de escaner: cama plana con sensor de lineas cis de color<\/td>\n<\/tr>\n<tr>\n<td>* resolucion optica:1200 dpi \/ 1200 dpi x 2400 dpi<\/td>\n<\/tr>\n<tr>\n<td>* profundidad del bit de color: entrada: 48 bits, salida: 24 bits<\/td>\n<\/tr>\n<tr>\n<td>* profundidad del bit monocromatico: blanco y negro entrada: 16 bits, salida: 1 bit<\/td>\n<\/tr>\n<tr>\n<td>* profundidad de la escala de grises del bit: entrada: 16 bits, salida: 8 bits.<\/td>\n<\/tr>\n<tr>\n<td>* maxima superficie de digitalizacion:216 mm x 297 mm<\/td>\n<\/tr>\n<tr>\n<td>* velocidad de escaneo:12 segundos blanco y negro \/ 27 segundos color en pdf y tama\u00f1o a4 a 200 dpi<\/td>\n<\/tr>\n<tr>\n<td>Alimentador automatico de documentos<\/td>\n<\/tr>\n<tr>\n<td>* capacidad: 35 hojas (a4\/carta), 10 hojas (legal)<\/td>\n<\/tr>\n<tr>\n<td>Fax<\/td>\n<\/tr>\n<tr>\n<td>* velocidad del fax: 33.6 kbps<\/td>\n<\/tr>\n<tr>\n<td>* memoria, fax: hasta 180 paginas<\/td>\n<\/tr>\n<tr>\n<td>* discados rapidos: 100 (maxima)<\/td>\n<\/tr>\n<tr>\n<td>Manejo de papel<\/td>\n<\/tr>\n<tr>\n<td>* soporte de papel: 1 frontal (250 hojas), 1 trasera (capacidad 1 hoja)<\/td>\n<\/tr>\n<tr>\n<td>* tama\u00f1os de papel: papel normal y grueso: a6 (105 mm x 148 mm), media carta (140 mm x 216 mm), ejecutivo (184 mm x 267 mm), a4 (210 mm x 297 mm), oficio 9 (215 mm x 315 mm), carta (216 mm x 279 mm), 216 mm x 330 mm, mexico-oficio (216 mm x 340 mm) y legal (216 mm x 356 mm), definido por el usuario (89 mm x 127 mm ~ 215.9 mm x 1200 mm) sobres #10 (105 mm x 241 mm)<\/td>\n<\/tr>\n<tr>\n<td>* tama\u00f1o de papel maximo: legal (216 mm x 356 mm)<\/td>\n<\/tr>\n<tr>\n<td>* tipos de papel: papel normal, premium presentation paper matte, premium presentation paper matte double-sided<\/td>\n<\/tr>\n<tr>\n<td>* peso del papel: papel normal: 64 ~ 90 g\/m2, papel grueso: 91 ~ 256 g\/m2<\/td>\n<\/tr>\n<tr>\n<td>* capacidad de entrada de papel: 251 hojas estandar, 10 sobres y 30 tarjetas postales<\/td>\n<\/tr>\n<tr>\n<td>* capacidad de salida de la bandeja de papel: 100 hojas de papel normal (a4 \/ carta), 20 tarjetas postales<\/td>\n<\/tr>\n<tr>\n<td>Conectividad<\/td>\n<\/tr>\n<tr>\n<td>* conectividad estandar: usb 2.0 hi-speed, wi-fi (802.11 b\/g\/n), wi-fi-direct, ethernet 10\/100 mbps<\/td>\n<\/tr>\n<tr>\n<td>* protocolos de red: tcp\/ipv4\/ipv6 y snmp, http, dhcp, bootp, apipa, png, ddns, mdns, slp, wsd, lltd<\/td>\n<\/tr>\n<tr>\n<td>* protocolos de impresion en red: tcp\/ipv4\/ipv6 y snmp, http, dhcp, bootp, apipa, png, ddns, mdns, slp, wsd, lltd<\/td>\n<\/tr>\n<tr>\n<td>* seguridad wlan:wep (64-bit-128 bit), wpa-psk (tkip), wpa2-psk (aes).<\/td>\n<\/tr>\n<tr>\n<td>Impresion desde dispositivos moviles<\/td>\n<\/tr>\n<tr>\n<td>* epson connect: epson connect solutions: epson iprint app (ios, androidtm), epson email print<\/td>\n<\/tr>\n<tr>\n<td>* otros:remote print driver, google cloud print, mopria print service, apple airprint, scan to cloud<\/td>\n<\/tr>\n<\/table>\n","protected":false},"excerpt":{"rendered":"<p>Multifuncional inalambrico en blanco y negro con fax y adf. La multifuncional inalambrica monocromatica ecotank m3170 es la eleccion ideal para oficinas que necesitan alta productividad de impresion en blanco y negro a un costo ultrabajo sin sacrificar calidad. Con los tanques de tinta rellenables de superalta capacidad, podra imprimir hasta 11.0005 paginas en negro con dos botellas incluidas y hasta 6.000 paginas en negro con botellas de reemplazo. Esta multifuncional compacta es perfecta para oficinas que imprimen miles de documentos en negro y buscan reducir costos sin sacrificar productividad. La m3170 alcanza velocidades de hasta 39 paginas por minuto, cuenta con alimentador automatico de documentos, impresion automatica a doble cara, cuenta con ethernet para grupos de trabajo, fax, y es inalambrica para impresion por medio de dispositivos moviles. * reduccion de costos. * ahorra con esta compra. * calidad profesional<\/p>\n","protected":false},"featured_media":223585,"comment_status":"open","ping_status":"open","template":"","meta":[],"product_cat":[1780,1781],"product_tag":[1624],"acf":[],"yoast_head":"<!-- This site is optimized with the Yoast SEO plugin v21.7 - https:\/\/yoast.com\/wordpress\/plugins\/seo\/ -->\n<title>[ Epson ] &#129351; C11cg92301 Multifuncional M3170, 39 Ppm Negro, Tinta Continua, Ecotank, Adf, Fax, Usb, Wifi, Red, Monocromatica<\/title>\n<meta name=\"description\" content=\"Compra C11cg92301 Multifuncional M3170, 39 Ppm Negro, Tinta Continua, Ecotank, Adf, Fax, Usb, Wifi, Red, Monocromatica + Env\u00edo a domicilio + Pago seguro + Garant\u00eda\" \/>\n<meta name=\"robots\" content=\"index, follow, max-snippet:-1, max-image-preview:large, max-video-preview:-1\" \/>\n<link rel=\"canonical\" href=\"https:\/\/compuviper.mx\/tienda\/producto\/epson-c11cg92301-multifuncional-m3170-39-ppm-negro-tinta-continua-ecotank-adf-fax-usb-wifi-red-monocromatica\/\" \/>\n<meta property=\"og:locale\" content=\"es_MX\" \/>\n<meta property=\"og:type\" content=\"article\" \/>\n<meta property=\"og:title\" content=\"[ Epson ] &#129351; C11cg92301 Multifuncional M3170, 39 Ppm Negro, Tinta Continua, Ecotank, Adf, Fax, Usb, Wifi, Red, Monocromatica\" \/>\n<meta property=\"og:description\" content=\"Compra C11cg92301 Multifuncional M3170, 39 Ppm Negro, Tinta Continua, Ecotank, Adf, Fax, Usb, Wifi, Red, Monocromatica + Env\u00edo a domicilio + Pago seguro + Garant\u00eda\" \/>\n<meta property=\"og:url\" content=\"https:\/\/compuviper.mx\/tienda\/producto\/epson-c11cg92301-multifuncional-m3170-39-ppm-negro-tinta-continua-ecotank-adf-fax-usb-wifi-red-monocromatica\/\" \/>\n<meta property=\"og:site_name\" content=\"Compuviper\" \/>\n<meta property=\"article:publisher\" content=\"https:\/\/www.facebook.com\/compuviper\" \/>\n<meta property=\"og:image\" content=\"https:\/\/compuviper.mx\/tienda\/wp-content\/uploads\/2023\/12\/Multifuncional-epson-m3170-39-ppm-negro-tinta-continua-ecotank-adf-fax-usb-wifi-red-monocromatica.jpg\" \/>\n\t<meta property=\"og:image:width\" content=\"200\" \/>\n\t<meta property=\"og:image:height\" content=\"200\" \/>\n\t<meta property=\"og:image:type\" content=\"image\/jpeg\" \/>\n<meta name=\"twitter:card\" content=\"summary_large_image\" \/>\n<meta name=\"twitter:label1\" content=\"Precio\" \/>\n\t<meta name=\"twitter:data1\" content=\"&#36;8,841 con IVA\" \/>\n\t<meta name=\"twitter:label2\" content=\"Availability\" \/>\n\t<meta name=\"twitter:data2\" content=\"In stock\" \/>\n<script type=\"application\/ld+json\" class=\"yoast-schema-graph\">{\"@context\":\"https:\/\/schema.org\",\"@graph\":[{\"@type\":\"WebPage\",\"@id\":\"https:\/\/compuviper.mx\/tienda\/producto\/epson-c11cg92301-multifuncional-m3170-39-ppm-negro-tinta-continua-ecotank-adf-fax-usb-wifi-red-monocromatica\/\",\"url\":\"https:\/\/compuviper.mx\/tienda\/producto\/epson-c11cg92301-multifuncional-m3170-39-ppm-negro-tinta-continua-ecotank-adf-fax-usb-wifi-red-monocromatica\/\",\"name\":\"[ Epson ] &#129351; C11cg92301 Multifuncional M3170, 39 Ppm Negro, Tinta Continua, Ecotank, Adf, Fax, Usb, Wifi, Red, Monocromatica\",\"isPartOf\":{\"@id\":\"https:\/\/compuviper.mx\/tienda\/#website\"},\"datePublished\":\"2026-04-18T07:48:03+00:00\",\"dateModified\":\"2026-04-18T07:48:03+00:00\",\"description\":\"Compra C11cg92301 Multifuncional M3170, 39 Ppm Negro, Tinta Continua, Ecotank, Adf, Fax, Usb, Wifi, Red, Monocromatica + Env\u00edo a domicilio + Pago seguro + Garant\u00eda\",\"breadcrumb\":{\"@id\":\"https:\/\/compuviper.mx\/tienda\/producto\/epson-c11cg92301-multifuncional-m3170-39-ppm-negro-tinta-continua-ecotank-adf-fax-usb-wifi-red-monocromatica\/#breadcrumb\"},\"inLanguage\":\"es-MX\",\"potentialAction\":[{\"@type\":\"ReadAction\",\"target\":[\"https:\/\/compuviper.mx\/tienda\/producto\/epson-c11cg92301-multifuncional-m3170-39-ppm-negro-tinta-continua-ecotank-adf-fax-usb-wifi-red-monocromatica\/\"]}]},{\"@type\":\"BreadcrumbList\",\"@id\":\"https:\/\/compuviper.mx\/tienda\/producto\/epson-c11cg92301-multifuncional-m3170-39-ppm-negro-tinta-continua-ecotank-adf-fax-usb-wifi-red-monocromatica\/#breadcrumb\",\"itemListElement\":[{\"@type\":\"ListItem\",\"position\":1,\"name\":\"Inicio\",\"item\":\"https:\/\/compuviper.mx\/tienda\/\"},{\"@type\":\"ListItem\",\"position\":2,\"name\":\"Productos\",\"item\":\"https:\/\/compuviper.mx\/tienda\/productos\/\"},{\"@type\":\"ListItem\",\"position\":3,\"name\":\"Multifuncionales\",\"item\":\"https:\/\/compuviper.mx\/tienda\/categoria-producto\/multifuncionales\/\"},{\"@type\":\"ListItem\",\"position\":4,\"name\":\"Inyeccion De Tinta\",\"item\":\"https:\/\/compuviper.mx\/tienda\/categoria-producto\/multifuncionales\/inyeccion-de-tinta\/\"},{\"@type\":\"ListItem\",\"position\":5,\"name\":\"Epson C11cg92301 Multifuncional M3170, 39 Ppm Negro, Tinta Continua, Ecotank, Adf, Fax, Usb, Wifi, Red, Monocromatica\"}]},{\"@type\":\"WebSite\",\"@id\":\"https:\/\/compuviper.mx\/tienda\/#website\",\"url\":\"https:\/\/compuviper.mx\/tienda\/\",\"name\":\"Compuviper\",\"description\":\"Proveedor de Computadoras, Laptops, Servidores, Monitores, Puntos de Venta, Teclados,   Impresoras, T\u00f3ner, C\u00e1maras de Seguridad y m\u00e1s en tu tienda en l\u00ednea\",\"publisher\":{\"@id\":\"https:\/\/compuviper.mx\/tienda\/#organization\"},\"potentialAction\":[{\"@type\":\"SearchAction\",\"target\":{\"@type\":\"EntryPoint\",\"urlTemplate\":\"https:\/\/compuviper.mx\/tienda\/?s={search_term_string}\"},\"query-input\":\"required name=search_term_string\"}],\"inLanguage\":\"es-MX\"},{\"@type\":\"Organization\",\"@id\":\"https:\/\/compuviper.mx\/tienda\/#organization\",\"name\":\"Compuviper\",\"url\":\"https:\/\/compuviper.mx\/tienda\/\",\"logo\":{\"@type\":\"ImageObject\",\"inLanguage\":\"es-MX\",\"@id\":\"https:\/\/compuviper.mx\/tienda\/#\/schema\/logo\/image\/\",\"url\":\"https:\/\/compuviper.mx\/tienda\/wp-content\/uploads\/2021\/08\/Logo-Compuviper-10.png\",\"contentUrl\":\"https:\/\/compuviper.mx\/tienda\/wp-content\/uploads\/2021\/08\/Logo-Compuviper-10.png\",\"width\":1000,\"height\":500,\"caption\":\"Compuviper\"},\"image\":{\"@id\":\"https:\/\/compuviper.mx\/tienda\/#\/schema\/logo\/image\/\"},\"sameAs\":[\"https:\/\/www.facebook.com\/compuviper\",\"https:\/\/www.youtube.com\/channel\/UCf73dERp9Y3cfOq7q8BhLjA?view_as=subscriber\"]}]}<\/script>\n<meta property=\"product:brand\" content=\"EPSON\" \/>\n<meta property=\"product:price:amount\" content=\"8841\" \/>\n<meta property=\"product:price:currency\" content=\"MXN\" \/>\n<meta property=\"og:availability\" content=\"instock\" \/>\n<meta property=\"product:availability\" content=\"instock\" \/>\n<meta property=\"product:retailer_item_id\" content=\"C11CG92301\" \/>\n<meta property=\"product:condition\" content=\"new\" \/>\n<!-- \/ Yoast SEO plugin. -->","yoast_head_json":{"title":"[ Epson ] &#129351; C11cg92301 Multifuncional M3170, 39 Ppm Negro, Tinta Continua, Ecotank, Adf, Fax, Usb, Wifi, Red, Monocromatica","description":"Compra C11cg92301 Multifuncional M3170, 39 Ppm Negro, Tinta Continua, Ecotank, Adf, Fax, Usb, Wifi, Red, Monocromatica + Env\u00edo a domicilio + Pago seguro + Garant\u00eda","robots":{"index":"index","follow":"follow","max-snippet":"max-snippet:-1","max-image-preview":"max-image-preview:large","max-video-preview":"max-video-preview:-1"},"canonical":"https:\/\/compuviper.mx\/tienda\/producto\/epson-c11cg92301-multifuncional-m3170-39-ppm-negro-tinta-continua-ecotank-adf-fax-usb-wifi-red-monocromatica\/","og_locale":"es_MX","og_type":"article","og_title":"[ Epson ] &#129351; C11cg92301 Multifuncional M3170, 39 Ppm Negro, Tinta Continua, Ecotank, Adf, Fax, Usb, Wifi, Red, Monocromatica","og_description":"Compra C11cg92301 Multifuncional M3170, 39 Ppm Negro, Tinta Continua, Ecotank, Adf, Fax, Usb, Wifi, Red, Monocromatica + Env\u00edo a domicilio + Pago seguro + Garant\u00eda","og_url":"https:\/\/compuviper.mx\/tienda\/producto\/epson-c11cg92301-multifuncional-m3170-39-ppm-negro-tinta-continua-ecotank-adf-fax-usb-wifi-red-monocromatica\/","og_site_name":"Compuviper","article_publisher":"https:\/\/www.facebook.com\/compuviper","og_image":[{"width":200,"height":200,"url":"https:\/\/compuviper.mx\/tienda\/wp-content\/uploads\/2023\/12\/Multifuncional-epson-m3170-39-ppm-negro-tinta-continua-ecotank-adf-fax-usb-wifi-red-monocromatica.jpg","type":"image\/jpeg"}],"twitter_card":"summary_large_image","twitter_misc":{"Precio":"&#36;8,841 con IVA","Availability":"In stock"},"schema":{"@context":"https:\/\/schema.org","@graph":[{"@type":"WebPage","@id":"https:\/\/compuviper.mx\/tienda\/producto\/epson-c11cg92301-multifuncional-m3170-39-ppm-negro-tinta-continua-ecotank-adf-fax-usb-wifi-red-monocromatica\/","url":"https:\/\/compuviper.mx\/tienda\/producto\/epson-c11cg92301-multifuncional-m3170-39-ppm-negro-tinta-continua-ecotank-adf-fax-usb-wifi-red-monocromatica\/","name":"[ Epson ] &#129351; C11cg92301 Multifuncional M3170, 39 Ppm Negro, Tinta Continua, Ecotank, Adf, Fax, Usb, Wifi, Red, Monocromatica","isPartOf":{"@id":"https:\/\/compuviper.mx\/tienda\/#website"},"datePublished":"2026-04-18T07:48:03+00:00","dateModified":"2026-04-18T07:48:03+00:00","description":"Compra C11cg92301 Multifuncional M3170, 39 Ppm Negro, Tinta Continua, Ecotank, Adf, Fax, Usb, Wifi, Red, Monocromatica + Env\u00edo a domicilio + Pago seguro + Garant\u00eda","breadcrumb":{"@id":"https:\/\/compuviper.mx\/tienda\/producto\/epson-c11cg92301-multifuncional-m3170-39-ppm-negro-tinta-continua-ecotank-adf-fax-usb-wifi-red-monocromatica\/#breadcrumb"},"inLanguage":"es-MX","potentialAction":[{"@type":"ReadAction","target":["https:\/\/compuviper.mx\/tienda\/producto\/epson-c11cg92301-multifuncional-m3170-39-ppm-negro-tinta-continua-ecotank-adf-fax-usb-wifi-red-monocromatica\/"]}]},{"@type":"BreadcrumbList","@id":"https:\/\/compuviper.mx\/tienda\/producto\/epson-c11cg92301-multifuncional-m3170-39-ppm-negro-tinta-continua-ecotank-adf-fax-usb-wifi-red-monocromatica\/#breadcrumb","itemListElement":[{"@type":"ListItem","position":1,"name":"Inicio","item":"https:\/\/compuviper.mx\/tienda\/"},{"@type":"ListItem","position":2,"name":"Productos","item":"https:\/\/compuviper.mx\/tienda\/productos\/"},{"@type":"ListItem","position":3,"name":"Multifuncionales","item":"https:\/\/compuviper.mx\/tienda\/categoria-producto\/multifuncionales\/"},{"@type":"ListItem","position":4,"name":"Inyeccion De Tinta","item":"https:\/\/compuviper.mx\/tienda\/categoria-producto\/multifuncionales\/inyeccion-de-tinta\/"},{"@type":"ListItem","position":5,"name":"Epson C11cg92301 Multifuncional M3170, 39 Ppm Negro, Tinta Continua, Ecotank, Adf, Fax, Usb, Wifi, Red, Monocromatica"}]},{"@type":"WebSite","@id":"https:\/\/compuviper.mx\/tienda\/#website","url":"https:\/\/compuviper.mx\/tienda\/","name":"Compuviper","description":"Proveedor de Computadoras, Laptops, Servidores, Monitores, Puntos de Venta, Teclados,   Impresoras, T\u00f3ner, C\u00e1maras de Seguridad y m\u00e1s en tu tienda en l\u00ednea","publisher":{"@id":"https:\/\/compuviper.mx\/tienda\/#organization"},"potentialAction":[{"@type":"SearchAction","target":{"@type":"EntryPoint","urlTemplate":"https:\/\/compuviper.mx\/tienda\/?s={search_term_string}"},"query-input":"required name=search_term_string"}],"inLanguage":"es-MX"},{"@type":"Organization","@id":"https:\/\/compuviper.mx\/tienda\/#organization","name":"Compuviper","url":"https:\/\/compuviper.mx\/tienda\/","logo":{"@type":"ImageObject","inLanguage":"es-MX","@id":"https:\/\/compuviper.mx\/tienda\/#\/schema\/logo\/image\/","url":"https:\/\/compuviper.mx\/tienda\/wp-content\/uploads\/2021\/08\/Logo-Compuviper-10.png","contentUrl":"https:\/\/compuviper.mx\/tienda\/wp-content\/uploads\/2021\/08\/Logo-Compuviper-10.png","width":1000,"height":500,"caption":"Compuviper"},"image":{"@id":"https:\/\/compuviper.mx\/tienda\/#\/schema\/logo\/image\/"},"sameAs":["https:\/\/www.facebook.com\/compuviper","https:\/\/www.youtube.com\/channel\/UCf73dERp9Y3cfOq7q8BhLjA?view_as=subscriber"]}]},"product_brand":"EPSON","product_price_amount":"8841","product_price_currency":"MXN","og_availability":"instock","product_availability":"instock","product_retailer_item_id":"C11CG92301","product_condition":"new"},"_links":{"self":[{"href":"https:\/\/compuviper.mx\/tienda\/wp-json\/wp\/v2\/product\/223584"}],"collection":[{"href":"https:\/\/compuviper.mx\/tienda\/wp-json\/wp\/v2\/product"}],"about":[{"href":"https:\/\/compuviper.mx\/tienda\/wp-json\/wp\/v2\/types\/product"}],"replies":[{"embeddable":true,"href":"https:\/\/compuviper.mx\/tienda\/wp-json\/wp\/v2\/comments?post=223584"}],"wp:featuredmedia":[{"embeddable":true,"href":"https:\/\/compuviper.mx\/tienda\/wp-json\/wp\/v2\/media\/223585"}],"wp:attachment":[{"href":"https:\/\/compuviper.mx\/tienda\/wp-json\/wp\/v2\/media?parent=223584"}],"wp:term":[{"taxonomy":"product_cat","embeddable":true,"href":"https:\/\/compuviper.mx\/tienda\/wp-json\/wp\/v2\/product_cat?post=223584"},{"taxonomy":"product_tag","embeddable":true,"href":"https:\/\/compuviper.mx\/tienda\/wp-json\/wp\/v2\/product_tag?post=223584"}],"curies":[{"name":"wp","href":"https:\/\/api.w.org\/{rel}","templated":true}]}}