{"id":223574,"date":"2026-04-02T01:42:58","date_gmt":"2026-04-02T07:42:58","guid":{"rendered":"https:\/\/compuviper.mx\/tienda\/producto\/epson-c11cg94301-impresora-m1180-20-ppm-negro-tinta-continua-ecotank-usb-wifi-red-duplex-monocromatica\/"},"modified":"2026-04-02T01:42:59","modified_gmt":"2026-04-02T07:42:59","slug":"epson-c11cg94301-impresora-m1180-20-ppm-negro-tinta-continua-ecotank-usb-wifi-red-duplex-monocromatica","status":"publish","type":"product","link":"https:\/\/compuviper.mx\/tienda\/producto\/epson-c11cg94301-impresora-m1180-20-ppm-negro-tinta-continua-ecotank-usb-wifi-red-duplex-monocromatica\/","title":{"rendered":"Epson C11cg94301 Impresora  M1180, 20 Ppm Negro, Tinta Continua, Ecotank, Usb, Wifi, Red, Duplex, Monocromatica"},"content":{"rendered":"<table class=\"descripcion\">\n<tr>\n<td>* tecnologia de impresion: inyeccion de tinta precisioncore  monocromatica optimizada.<\/td>\n<\/tr>\n<tr>\n<td>* direcion de impresion: bidirecional.<\/td>\n<\/tr>\n<tr>\n<td>* configuracion de inyectores: 800 inyectores negros (2 filas de 400 inyectores).<\/td>\n<\/tr>\n<tr>\n<td>* tama\u00f1o de la gota de tinta: 2,8 picolitros de tama\u00f1o variable.<\/td>\n<\/tr>\n<tr>\n<td>* lenguaje de impresion: epson esc\/p-r, emulacion pcl 5, emulacion pcl 6.<\/td>\n<\/tr>\n<tr>\n<td>* resolucion: hasta 1200 x 2400 dpi<\/td>\n<\/tr>\n<tr>\n<td>* velocidad de impresion: 39 ppm negro (borrador\/a4\/carta).<\/td>\n<\/tr>\n<tr>\n<td>* ciclo de trabajo mensual recomendado: 250-1500 paginas.<\/td>\n<\/tr>\n<tr>\n<td>* ciclo de trabajo mensual maximo: hasta 20,000 paginas.<\/td>\n<\/tr>\n<tr>\n<td>* duplex: si. velocidad de impresion a doble cara 9 pmm<\/td>\n<\/tr>\n<tr>\n<td>Manejo de papel<\/td>\n<\/tr>\n<tr>\n<td>* bandeja de entrada para papel: 250 hojas estandar, 10 sobres y 30 tarjetas postales<\/td>\n<\/tr>\n<tr>\n<td>* bandeja de salida: 100 hojas de papel normal a4 y 20 tarjetas postales<\/td>\n<\/tr>\n<tr>\n<td>* tama\u00f1os de papel: papel normal y grueso: a6 (105 mm x 148 mm), media carta (140 mm x 216 mm), ejecutivo (184 mm x 267 mm), a4 (210 mm x 297 mm), oficio 9 (215 mm x 315 mm), carta (216 mm x 279 mm), 216 mm x 330 mm, mexico-oficio (216 mm x 340 mm) y legal (216 x 356 mm), definido por el usuario (89 x 127 mm ~ 215,9 mm x 1200 mm)<\/td>\n<\/tr>\n<tr>\n<td>* tama\u00f1o de papel maximo: legal (216 mm x 356 mm)<\/td>\n<\/tr>\n<tr>\n<td>* tipos de papel: papel normal, premium presentation paper matte, premium presentation paper matte double-sided<\/td>\n<\/tr>\n<tr>\n<td>* tipos de sobres: n\u00ba 10 (105 \u00d7 241 mm)<\/td>\n<\/tr>\n<tr>\n<td>* peso del papel: 64 g\/m2 &#8211; 165 g\/m2<\/td>\n<\/tr>\n<tr>\n<td>Impresion desde dispositivos moviles:<\/td>\n<\/tr>\n<tr>\n<td>* epson connect: epson connect\u0099 solutions, epson email print\u00ae, remote print driver, epson iprint app (ios, android, google cloud print\u0099 , mopria print service)<\/td>\n<\/tr>\n<tr>\n<td>Conectividad<\/td>\n<\/tr>\n<tr>\n<td>* usb de alta velocidad (compatible con la especificacion usb 2.0)<\/td>\n<\/tr>\n<tr>\n<td>* lan inalambrica ieee (802.11 b\/g\/n)<\/td>\n<\/tr>\n<tr>\n<td>* interfaz ethernet (100 base-tx\/10 base-t)<\/td>\n<\/tr>\n<tr>\n<td>* wi-fi direct<\/td>\n<\/tr>\n<tr>\n<td>* protocolos de red: tcp\/ip v4, tcp\/ip v6<\/td>\n<\/tr>\n<tr>\n<td>* protocolos de impresion en red: lpd, ipp, puerto 9100, wsd<\/td>\n<\/tr>\n<tr>\n<td>* protocolos de manejo de red: snmp, http, dhcp, bootp, apipa, ping, ddns, mdns, sntp, slp, wsd, lltd<\/td>\n<\/tr>\n<tr>\n<td>* seguridad wlan: wep (64\/128 bit), wpa-psk (tkip), wpa psk (aes)<\/td>\n<\/tr>\n<tr>\n<td>Detalles de la impresora<\/td>\n<\/tr>\n<tr>\n<td>* sistemas de operacion: windows vista\/ windows7\/ windows 8\/ windows 8.1\/ windows10 (32 bit, 64 bit) \/ windows server 2003 (sp2) \/ windows server 2016, mac osx 10.6.8 \/ mac os 10.14.x<\/td>\n<\/tr>\n<tr>\n<td>* dimensiones: 37,5 x 34,7 x 15,1 cm (14,7 x 13,66 x 5,94)<\/td>\n<\/tr>\n<tr>\n<td>* peso: 4,3 kg (9,48 lb), excluye tintas y cables de alimentacion<\/td>\n<\/tr>\n<tr>\n<td>* pais de origen: filipinas<\/td>\n<\/tr>\n<\/table>\n","protected":false},"excerpt":{"rendered":"<p>La impresora monocromatica para grupos de trabajo ecotank esta dise\u00f1ada para crear impresiones de calidad profesional a un ultra bajo costo para su empresa gracias a la innovadora tecnologia de botellas de tinta, que ademas le dara un nuevo nivel de conveniencia al tener un bajo nivel de intervenciones. Disfrute de impresiones ultra nitidas gracias a la tecnologia precisioncore  y aumente su productividad con las impresoras mas rapidas de su clase. Facil de integrar a grupos de trabajo de alta productividad con su conectividad wifi y ethernet.<\/p>\n","protected":false},"featured_media":223575,"comment_status":"open","ping_status":"open","template":"","meta":[],"product_cat":[1777,1783],"product_tag":[1624],"acf":[],"yoast_head":"<!-- This site is optimized with the Yoast SEO plugin v21.7 - https:\/\/yoast.com\/wordpress\/plugins\/seo\/ -->\n<title>[ Epson ] &#129351; C11cg94301 Impresora M1180, 20 Ppm Negro, Tinta Continua, Ecotank, Usb, Wifi, Red, Duplex, Monocromatica<\/title>\n<meta name=\"description\" content=\"Compra C11cg94301 Impresora M1180, 20 Ppm Negro, Tinta Continua, Ecotank, Usb, Wifi, Red, Duplex, Monocromatica + Env\u00edo a domicilio + Pago seguro + Garant\u00eda\" \/>\n<meta name=\"robots\" content=\"index, follow, max-snippet:-1, max-image-preview:large, max-video-preview:-1\" \/>\n<link rel=\"canonical\" href=\"https:\/\/compuviper.mx\/tienda\/producto\/epson-c11cg94301-impresora-m1180-20-ppm-negro-tinta-continua-ecotank-usb-wifi-red-duplex-monocromatica\/\" \/>\n<meta property=\"og:locale\" content=\"es_MX\" \/>\n<meta property=\"og:type\" content=\"article\" \/>\n<meta property=\"og:title\" content=\"[ Epson ] &#129351; C11cg94301 Impresora M1180, 20 Ppm Negro, Tinta Continua, Ecotank, Usb, Wifi, Red, Duplex, Monocromatica\" \/>\n<meta property=\"og:description\" content=\"Compra C11cg94301 Impresora M1180, 20 Ppm Negro, Tinta Continua, Ecotank, Usb, Wifi, Red, Duplex, Monocromatica + Env\u00edo a domicilio + Pago seguro + Garant\u00eda\" \/>\n<meta property=\"og:url\" content=\"https:\/\/compuviper.mx\/tienda\/producto\/epson-c11cg94301-impresora-m1180-20-ppm-negro-tinta-continua-ecotank-usb-wifi-red-duplex-monocromatica\/\" \/>\n<meta property=\"og:site_name\" content=\"Compuviper\" \/>\n<meta property=\"article:publisher\" content=\"https:\/\/www.facebook.com\/compuviper\" \/>\n<meta property=\"article:modified_time\" content=\"2026-04-02T07:42:59+00:00\" \/>\n<meta property=\"og:image\" content=\"https:\/\/compuviper.mx\/tienda\/wp-content\/uploads\/2023\/12\/Impresora-epson-m1180-20-ppm-negro-tinta-continua-ecotank-usb-wifi-red-duplex-monocromatica.jpg\" \/>\n\t<meta property=\"og:image:width\" content=\"200\" \/>\n\t<meta property=\"og:image:height\" content=\"200\" \/>\n\t<meta property=\"og:image:type\" content=\"image\/jpeg\" \/>\n<meta name=\"twitter:card\" content=\"summary_large_image\" \/>\n<meta name=\"twitter:label1\" content=\"Precio\" \/>\n\t<meta name=\"twitter:data1\" content=\"&#36;7,888 con IVA\" \/>\n\t<meta name=\"twitter:label2\" content=\"Availability\" \/>\n\t<meta name=\"twitter:data2\" content=\"Out of stock\" \/>\n<script type=\"application\/ld+json\" class=\"yoast-schema-graph\">{\"@context\":\"https:\/\/schema.org\",\"@graph\":[{\"@type\":\"WebPage\",\"@id\":\"https:\/\/compuviper.mx\/tienda\/producto\/epson-c11cg94301-impresora-m1180-20-ppm-negro-tinta-continua-ecotank-usb-wifi-red-duplex-monocromatica\/\",\"url\":\"https:\/\/compuviper.mx\/tienda\/producto\/epson-c11cg94301-impresora-m1180-20-ppm-negro-tinta-continua-ecotank-usb-wifi-red-duplex-monocromatica\/\",\"name\":\"[ Epson ] &#129351; C11cg94301 Impresora M1180, 20 Ppm Negro, Tinta Continua, Ecotank, Usb, Wifi, Red, Duplex, Monocromatica\",\"isPartOf\":{\"@id\":\"https:\/\/compuviper.mx\/tienda\/#website\"},\"datePublished\":\"2026-04-02T07:42:58+00:00\",\"dateModified\":\"2026-04-02T07:42:59+00:00\",\"description\":\"Compra C11cg94301 Impresora M1180, 20 Ppm Negro, Tinta Continua, Ecotank, Usb, Wifi, Red, Duplex, Monocromatica + Env\u00edo a domicilio + Pago seguro + Garant\u00eda\",\"breadcrumb\":{\"@id\":\"https:\/\/compuviper.mx\/tienda\/producto\/epson-c11cg94301-impresora-m1180-20-ppm-negro-tinta-continua-ecotank-usb-wifi-red-duplex-monocromatica\/#breadcrumb\"},\"inLanguage\":\"es-MX\",\"potentialAction\":[{\"@type\":\"ReadAction\",\"target\":[\"https:\/\/compuviper.mx\/tienda\/producto\/epson-c11cg94301-impresora-m1180-20-ppm-negro-tinta-continua-ecotank-usb-wifi-red-duplex-monocromatica\/\"]}]},{\"@type\":\"BreadcrumbList\",\"@id\":\"https:\/\/compuviper.mx\/tienda\/producto\/epson-c11cg94301-impresora-m1180-20-ppm-negro-tinta-continua-ecotank-usb-wifi-red-duplex-monocromatica\/#breadcrumb\",\"itemListElement\":[{\"@type\":\"ListItem\",\"position\":1,\"name\":\"Inicio\",\"item\":\"https:\/\/compuviper.mx\/tienda\/\"},{\"@type\":\"ListItem\",\"position\":2,\"name\":\"Productos\",\"item\":\"https:\/\/compuviper.mx\/tienda\/productos\/\"},{\"@type\":\"ListItem\",\"position\":3,\"name\":\"Impresoras\",\"item\":\"https:\/\/compuviper.mx\/tienda\/categoria-producto\/impresoras\/\"},{\"@type\":\"ListItem\",\"position\":4,\"name\":\"Inyeccion De Tinta\",\"item\":\"https:\/\/compuviper.mx\/tienda\/categoria-producto\/impresoras\/inyeccion-de-tinta-impresoras\/\"},{\"@type\":\"ListItem\",\"position\":5,\"name\":\"Epson C11cg94301 Impresora M1180, 20 Ppm Negro, Tinta Continua, Ecotank, Usb, Wifi, Red, Duplex, Monocromatica\"}]},{\"@type\":\"WebSite\",\"@id\":\"https:\/\/compuviper.mx\/tienda\/#website\",\"url\":\"https:\/\/compuviper.mx\/tienda\/\",\"name\":\"Compuviper\",\"description\":\"Proveedor de Computadoras, Laptops, Servidores, Monitores, Puntos de Venta, Teclados,   Impresoras, T\u00f3ner, C\u00e1maras de Seguridad y m\u00e1s en tu tienda en l\u00ednea\",\"publisher\":{\"@id\":\"https:\/\/compuviper.mx\/tienda\/#organization\"},\"potentialAction\":[{\"@type\":\"SearchAction\",\"target\":{\"@type\":\"EntryPoint\",\"urlTemplate\":\"https:\/\/compuviper.mx\/tienda\/?s={search_term_string}\"},\"query-input\":\"required name=search_term_string\"}],\"inLanguage\":\"es-MX\"},{\"@type\":\"Organization\",\"@id\":\"https:\/\/compuviper.mx\/tienda\/#organization\",\"name\":\"Compuviper\",\"url\":\"https:\/\/compuviper.mx\/tienda\/\",\"logo\":{\"@type\":\"ImageObject\",\"inLanguage\":\"es-MX\",\"@id\":\"https:\/\/compuviper.mx\/tienda\/#\/schema\/logo\/image\/\",\"url\":\"https:\/\/compuviper.mx\/tienda\/wp-content\/uploads\/2021\/08\/Logo-Compuviper-10.png\",\"contentUrl\":\"https:\/\/compuviper.mx\/tienda\/wp-content\/uploads\/2021\/08\/Logo-Compuviper-10.png\",\"width\":1000,\"height\":500,\"caption\":\"Compuviper\"},\"image\":{\"@id\":\"https:\/\/compuviper.mx\/tienda\/#\/schema\/logo\/image\/\"},\"sameAs\":[\"https:\/\/www.facebook.com\/compuviper\",\"https:\/\/www.youtube.com\/channel\/UCf73dERp9Y3cfOq7q8BhLjA?view_as=subscriber\"]}]}<\/script>\n<meta property=\"product:brand\" content=\"EPSON\" \/>\n<meta property=\"product:price:amount\" content=\"7888\" \/>\n<meta property=\"product:price:currency\" content=\"MXN\" \/>\n<meta property=\"og:availability\" content=\"out of stock\" \/>\n<meta property=\"product:availability\" content=\"out of stock\" \/>\n<meta property=\"product:retailer_item_id\" content=\"C11CG94301\" \/>\n<meta property=\"product:condition\" content=\"new\" \/>\n<!-- \/ Yoast SEO plugin. -->","yoast_head_json":{"title":"[ Epson ] &#129351; C11cg94301 Impresora M1180, 20 Ppm Negro, Tinta Continua, Ecotank, Usb, Wifi, Red, Duplex, Monocromatica","description":"Compra C11cg94301 Impresora M1180, 20 Ppm Negro, Tinta Continua, Ecotank, Usb, Wifi, Red, Duplex, Monocromatica + Env\u00edo a domicilio + Pago seguro + Garant\u00eda","robots":{"index":"index","follow":"follow","max-snippet":"max-snippet:-1","max-image-preview":"max-image-preview:large","max-video-preview":"max-video-preview:-1"},"canonical":"https:\/\/compuviper.mx\/tienda\/producto\/epson-c11cg94301-impresora-m1180-20-ppm-negro-tinta-continua-ecotank-usb-wifi-red-duplex-monocromatica\/","og_locale":"es_MX","og_type":"article","og_title":"[ Epson ] &#129351; C11cg94301 Impresora M1180, 20 Ppm Negro, Tinta Continua, Ecotank, Usb, Wifi, Red, Duplex, Monocromatica","og_description":"Compra C11cg94301 Impresora M1180, 20 Ppm Negro, Tinta Continua, Ecotank, Usb, Wifi, Red, Duplex, Monocromatica + Env\u00edo a domicilio + Pago seguro + Garant\u00eda","og_url":"https:\/\/compuviper.mx\/tienda\/producto\/epson-c11cg94301-impresora-m1180-20-ppm-negro-tinta-continua-ecotank-usb-wifi-red-duplex-monocromatica\/","og_site_name":"Compuviper","article_publisher":"https:\/\/www.facebook.com\/compuviper","article_modified_time":"2026-04-02T07:42:59+00:00","og_image":[{"width":200,"height":200,"url":"https:\/\/compuviper.mx\/tienda\/wp-content\/uploads\/2023\/12\/Impresora-epson-m1180-20-ppm-negro-tinta-continua-ecotank-usb-wifi-red-duplex-monocromatica.jpg","type":"image\/jpeg"}],"twitter_card":"summary_large_image","twitter_misc":{"Precio":"&#36;7,888 con IVA","Availability":"Out of stock"},"schema":{"@context":"https:\/\/schema.org","@graph":[{"@type":"WebPage","@id":"https:\/\/compuviper.mx\/tienda\/producto\/epson-c11cg94301-impresora-m1180-20-ppm-negro-tinta-continua-ecotank-usb-wifi-red-duplex-monocromatica\/","url":"https:\/\/compuviper.mx\/tienda\/producto\/epson-c11cg94301-impresora-m1180-20-ppm-negro-tinta-continua-ecotank-usb-wifi-red-duplex-monocromatica\/","name":"[ Epson ] &#129351; C11cg94301 Impresora M1180, 20 Ppm Negro, Tinta Continua, Ecotank, Usb, Wifi, Red, Duplex, Monocromatica","isPartOf":{"@id":"https:\/\/compuviper.mx\/tienda\/#website"},"datePublished":"2026-04-02T07:42:58+00:00","dateModified":"2026-04-02T07:42:59+00:00","description":"Compra C11cg94301 Impresora M1180, 20 Ppm Negro, Tinta Continua, Ecotank, Usb, Wifi, Red, Duplex, Monocromatica + Env\u00edo a domicilio + Pago seguro + Garant\u00eda","breadcrumb":{"@id":"https:\/\/compuviper.mx\/tienda\/producto\/epson-c11cg94301-impresora-m1180-20-ppm-negro-tinta-continua-ecotank-usb-wifi-red-duplex-monocromatica\/#breadcrumb"},"inLanguage":"es-MX","potentialAction":[{"@type":"ReadAction","target":["https:\/\/compuviper.mx\/tienda\/producto\/epson-c11cg94301-impresora-m1180-20-ppm-negro-tinta-continua-ecotank-usb-wifi-red-duplex-monocromatica\/"]}]},{"@type":"BreadcrumbList","@id":"https:\/\/compuviper.mx\/tienda\/producto\/epson-c11cg94301-impresora-m1180-20-ppm-negro-tinta-continua-ecotank-usb-wifi-red-duplex-monocromatica\/#breadcrumb","itemListElement":[{"@type":"ListItem","position":1,"name":"Inicio","item":"https:\/\/compuviper.mx\/tienda\/"},{"@type":"ListItem","position":2,"name":"Productos","item":"https:\/\/compuviper.mx\/tienda\/productos\/"},{"@type":"ListItem","position":3,"name":"Impresoras","item":"https:\/\/compuviper.mx\/tienda\/categoria-producto\/impresoras\/"},{"@type":"ListItem","position":4,"name":"Inyeccion De Tinta","item":"https:\/\/compuviper.mx\/tienda\/categoria-producto\/impresoras\/inyeccion-de-tinta-impresoras\/"},{"@type":"ListItem","position":5,"name":"Epson C11cg94301 Impresora M1180, 20 Ppm Negro, Tinta Continua, Ecotank, Usb, Wifi, Red, Duplex, Monocromatica"}]},{"@type":"WebSite","@id":"https:\/\/compuviper.mx\/tienda\/#website","url":"https:\/\/compuviper.mx\/tienda\/","name":"Compuviper","description":"Proveedor de Computadoras, Laptops, Servidores, Monitores, Puntos de Venta, Teclados,   Impresoras, T\u00f3ner, C\u00e1maras de Seguridad y m\u00e1s en tu tienda en l\u00ednea","publisher":{"@id":"https:\/\/compuviper.mx\/tienda\/#organization"},"potentialAction":[{"@type":"SearchAction","target":{"@type":"EntryPoint","urlTemplate":"https:\/\/compuviper.mx\/tienda\/?s={search_term_string}"},"query-input":"required name=search_term_string"}],"inLanguage":"es-MX"},{"@type":"Organization","@id":"https:\/\/compuviper.mx\/tienda\/#organization","name":"Compuviper","url":"https:\/\/compuviper.mx\/tienda\/","logo":{"@type":"ImageObject","inLanguage":"es-MX","@id":"https:\/\/compuviper.mx\/tienda\/#\/schema\/logo\/image\/","url":"https:\/\/compuviper.mx\/tienda\/wp-content\/uploads\/2021\/08\/Logo-Compuviper-10.png","contentUrl":"https:\/\/compuviper.mx\/tienda\/wp-content\/uploads\/2021\/08\/Logo-Compuviper-10.png","width":1000,"height":500,"caption":"Compuviper"},"image":{"@id":"https:\/\/compuviper.mx\/tienda\/#\/schema\/logo\/image\/"},"sameAs":["https:\/\/www.facebook.com\/compuviper","https:\/\/www.youtube.com\/channel\/UCf73dERp9Y3cfOq7q8BhLjA?view_as=subscriber"]}]},"product_brand":"EPSON","product_price_amount":"7888","product_price_currency":"MXN","og_availability":"out of stock","product_availability":"out of stock","product_retailer_item_id":"C11CG94301","product_condition":"new"},"_links":{"self":[{"href":"https:\/\/compuviper.mx\/tienda\/wp-json\/wp\/v2\/product\/223574"}],"collection":[{"href":"https:\/\/compuviper.mx\/tienda\/wp-json\/wp\/v2\/product"}],"about":[{"href":"https:\/\/compuviper.mx\/tienda\/wp-json\/wp\/v2\/types\/product"}],"replies":[{"embeddable":true,"href":"https:\/\/compuviper.mx\/tienda\/wp-json\/wp\/v2\/comments?post=223574"}],"wp:featuredmedia":[{"embeddable":true,"href":"https:\/\/compuviper.mx\/tienda\/wp-json\/wp\/v2\/media\/223575"}],"wp:attachment":[{"href":"https:\/\/compuviper.mx\/tienda\/wp-json\/wp\/v2\/media?parent=223574"}],"wp:term":[{"taxonomy":"product_cat","embeddable":true,"href":"https:\/\/compuviper.mx\/tienda\/wp-json\/wp\/v2\/product_cat?post=223574"},{"taxonomy":"product_tag","embeddable":true,"href":"https:\/\/compuviper.mx\/tienda\/wp-json\/wp\/v2\/product_tag?post=223574"}],"curies":[{"name":"wp","href":"https:\/\/api.w.org\/{rel}","templated":true}]}}