{"id":223540,"date":"2026-04-07T01:38:04","date_gmt":"2026-04-07T07:38:04","guid":{"rendered":"https:\/\/compuviper.mx\/tienda\/producto\/epson-c11cg96301-impresora-m1120-32-ppm-negro-tinta-continua-ecotank-usb-wifi-monocromatica\/"},"modified":"2026-04-07T01:38:04","modified_gmt":"2026-04-07T07:38:04","slug":"epson-c11cg96301-impresora-m1120-32-ppm-negro-tinta-continua-ecotank-usb-wifi-monocromatica","status":"publish","type":"product","link":"https:\/\/compuviper.mx\/tienda\/producto\/epson-c11cg96301-impresora-m1120-32-ppm-negro-tinta-continua-ecotank-usb-wifi-monocromatica\/","title":{"rendered":"Epson C11cg96301 Impresora  M1120, 32 Ppm Negro, Tinta Continua, Ecotank, Usb, Wifi, Monocromatica"},"content":{"rendered":"<table class=\"descripcion\">\n<tr>\n<td>Impresion<\/td>\n<\/tr>\n<tr>\n<td> tecnologia de impresion: inyeccion de tinta micropiezo monocromatica optimizada<\/td>\n<\/tr>\n<tr>\n<td> direccion de impresion: bidireccional<\/td>\n<\/tr>\n<tr>\n<td> con\u00acfiguracion de inyectores: 360 inyectores negros 2 \u00aclas de 180 inyectores<\/td>\n<\/tr>\n<tr>\n<td> tamao minimo de gota de tinta: 3 picolitros con tecnologia de gotas de tinta de tamao variable<\/td>\n<\/tr>\n<tr>\n<td> lenguaje de impresion: esc\/p raster y esc\/p-r sin pc<\/td>\n<\/tr>\n<tr>\n<td> resolucion maxima de impresion: 1440 x 720 dpi<\/td>\n<\/tr>\n<tr>\n<td> velocidad maxima de impresion: 32 ppm borrador, a4\/carta<\/td>\n<\/tr>\n<tr>\n<td> velocidad de impresion iso: 15 ppm a4\/carta<\/td>\n<\/tr>\n<tr>\n<td> tiempo de salida de la primera pagina iso:: 8 segundos una vez que se reciben los datos a4\/carta<\/td>\n<\/tr>\n<tr>\n<td> impresion iso a doble cara\/duplex: manual incluye soporte del controlador<\/td>\n<\/tr>\n<tr>\n<td> funciones de impresion: intercalar, modo silencioso de impresion<\/td>\n<\/tr>\n<tr>\n<td>Conectividad:<\/td>\n<\/tr>\n<tr>\n<td> conectividad estandar: usb 2.0 hi-speed, wi fi 802.11 b\/g\/h, wi fi direct<\/td>\n<\/tr>\n<tr>\n<td> impresion movil: epson connect: epson iprint app ios, android, epson email print, remote print driver. otros: google cloud print, mopria print service<\/td>\n<\/tr>\n<tr>\n<td> sistemas operativos: windows vista, windows 7, windows 8\/8.1, windows 10 32 bit, 64 bit, windows server 2003 sp2, windows server 20166, mac os x 10.6.8, mac os 10.14.x<\/td>\n<\/tr>\n<tr>\n<td>Manejo de papel:<\/td>\n<\/tr>\n<tr>\n<td> numero de bandejas de papel: 1 frontal<\/td>\n<\/tr>\n<tr>\n<td> capacidad de carga de papel 80g\/m2: 150 hojas estandar, 10 sobres y 30 tarjetas postales<\/td>\n<\/tr>\n<tr>\n<td> capacidad de bandeja de salida: 30 hojas de papel normal a4\/carta, 20 tarjetas postales<\/td>\n<\/tr>\n<tr>\n<td> salida de papel: boca arriba<\/td>\n<\/tr>\n<tr>\n<td> tamao maximo: legal 216 x 356 mm<\/td>\n<\/tr>\n<tr>\n<td> formatos de papel: papel normal: a6 105 x 148 mm, media carta 140 x 216 mm, ejecutivo 184 x 267 mm, a4 210 x 297 mm, ofi\u00accio 9 215 x 315 mm, carta 216 x 279 mm, 216 x 330 mm, mexico-o\u00accio 216 x 340 mm y legal 216 x 356 mm, de\u00acfinido por el usuario 89 x 127 mm ~ 215.9 x 1200 mm; sobres 10 105 x 241 mm<\/td>\n<\/tr>\n<tr>\n<td> tipos de papel: papel normal, premium presentation paper matte<\/td>\n<\/tr>\n<tr>\n<td> margenes de impresion: superior \/ inferior \/ izquierda \/ derecha: 3 mm<\/td>\n<\/tr>\n<tr>\n<td> peso de papel soportado: papel normal: 64 ~ 90 g\/m2<\/td>\n<\/tr>\n<tr>\n<td>General:<\/td>\n<\/tr>\n<tr>\n<td> peso y dimensiones ancho x profundo x alto: peso: 3,5 kg excluye tintas y cables de alimentacion: abierto: 375 x 512 x 161 mm \/ cerrado: 375 x 267 x 161 mm<\/td>\n<\/tr>\n<tr>\n<td> pais de origen: filipinas<\/td>\n<\/tr>\n<tr>\n<td> garantia limitada extendida: garantia estandar de 1 ao y extendida a 5 aos al registrar su producto<\/td>\n<\/tr>\n<tr>\n<td>Tinta:<\/td>\n<\/tr>\n<tr>\n<td> rendimiento de botellas de tinta incluidas: 2 botellas con tinta negra rinden hasta 11.000 paginas<\/td>\n<\/tr>\n<tr>\n<td> rendimiento de botella de tinta de reemplazo t534: 1 botellas con tinta negra rinde hasta 6.000 paginas<\/td>\n<\/tr>\n<\/table>\n","protected":false},"excerpt":{"rendered":"<p>La impresora monocromatica inalambrica ecotank m1120 es la eleccion ideal para oficinas que necesitan alta productividad de impresion en blanco y negro a un costo ultrabajo, sin sacrificar calidad. Con los tanques de tinta rellenables de superalta capacidad, podra imprimir hasta 11.000 paginas en negro con dos botellas de tinta incluidas y hasta 6.0001 paginas en negro con botellas de reemplazo. Esta impresora compacta es perfecta para oficinas que imprimen miles de documentos en negro y buscan reducir costos sin sacrificar productividad. La m1120 alcanza velocidades de hasta 32 paginas por minuto y es inalambrica para impresion por medio de dispositivos moviles.<\/p>\n","protected":false},"featured_media":223541,"comment_status":"open","ping_status":"open","template":"","meta":[],"product_cat":[1777,1785],"product_tag":[1624],"acf":[],"yoast_head":"<!-- This site is optimized with the Yoast SEO plugin v21.7 - https:\/\/yoast.com\/wordpress\/plugins\/seo\/ -->\n<title>[ Epson ] &#129351; C11cg96301 Impresora M1120, 32 Ppm Negro, Tinta Continua, Ecotank, Usb, Wifi, Monocromatica<\/title>\n<meta name=\"description\" content=\"Compra C11cg96301 Impresora M1120, 32 Ppm Negro, Tinta Continua, Ecotank, Usb, Wifi, Monocromatica + Env\u00edo a domicilio + Pago seguro + Garant\u00eda\" \/>\n<meta name=\"robots\" content=\"index, follow, max-snippet:-1, max-image-preview:large, max-video-preview:-1\" \/>\n<link rel=\"canonical\" href=\"https:\/\/compuviper.mx\/tienda\/producto\/epson-c11cg96301-impresora-m1120-32-ppm-negro-tinta-continua-ecotank-usb-wifi-monocromatica\/\" \/>\n<meta property=\"og:locale\" content=\"es_MX\" \/>\n<meta property=\"og:type\" content=\"article\" \/>\n<meta property=\"og:title\" content=\"[ Epson ] &#129351; C11cg96301 Impresora M1120, 32 Ppm Negro, Tinta Continua, Ecotank, Usb, Wifi, Monocromatica\" \/>\n<meta property=\"og:description\" content=\"Compra C11cg96301 Impresora M1120, 32 Ppm Negro, Tinta Continua, Ecotank, Usb, Wifi, Monocromatica + Env\u00edo a domicilio + Pago seguro + Garant\u00eda\" \/>\n<meta property=\"og:url\" content=\"https:\/\/compuviper.mx\/tienda\/producto\/epson-c11cg96301-impresora-m1120-32-ppm-negro-tinta-continua-ecotank-usb-wifi-monocromatica\/\" \/>\n<meta property=\"og:site_name\" content=\"Compuviper\" \/>\n<meta property=\"article:publisher\" content=\"https:\/\/www.facebook.com\/compuviper\" \/>\n<meta property=\"og:image\" content=\"https:\/\/compuviper.mx\/tienda\/wp-content\/uploads\/2023\/12\/Impresora-epson-m1120-32-ppm-negro-tinta-continua-ecotank-usb-wifi-monocromatica.jpg\" \/>\n\t<meta property=\"og:image:width\" content=\"200\" \/>\n\t<meta property=\"og:image:height\" content=\"200\" \/>\n\t<meta property=\"og:image:type\" content=\"image\/jpeg\" \/>\n<meta name=\"twitter:card\" content=\"summary_large_image\" \/>\n<meta name=\"twitter:label1\" content=\"Precio\" \/>\n\t<meta name=\"twitter:data1\" content=\"&#36;4,565 con IVA\" \/>\n\t<meta name=\"twitter:label2\" content=\"Availability\" \/>\n\t<meta name=\"twitter:data2\" content=\"In stock\" \/>\n<script type=\"application\/ld+json\" class=\"yoast-schema-graph\">{\"@context\":\"https:\/\/schema.org\",\"@graph\":[{\"@type\":\"WebPage\",\"@id\":\"https:\/\/compuviper.mx\/tienda\/producto\/epson-c11cg96301-impresora-m1120-32-ppm-negro-tinta-continua-ecotank-usb-wifi-monocromatica\/\",\"url\":\"https:\/\/compuviper.mx\/tienda\/producto\/epson-c11cg96301-impresora-m1120-32-ppm-negro-tinta-continua-ecotank-usb-wifi-monocromatica\/\",\"name\":\"[ Epson ] &#129351; C11cg96301 Impresora M1120, 32 Ppm Negro, Tinta Continua, Ecotank, Usb, Wifi, Monocromatica\",\"isPartOf\":{\"@id\":\"https:\/\/compuviper.mx\/tienda\/#website\"},\"datePublished\":\"2026-04-07T07:38:04+00:00\",\"dateModified\":\"2026-04-07T07:38:04+00:00\",\"description\":\"Compra C11cg96301 Impresora M1120, 32 Ppm Negro, Tinta Continua, Ecotank, Usb, Wifi, Monocromatica + Env\u00edo a domicilio + Pago seguro + Garant\u00eda\",\"breadcrumb\":{\"@id\":\"https:\/\/compuviper.mx\/tienda\/producto\/epson-c11cg96301-impresora-m1120-32-ppm-negro-tinta-continua-ecotank-usb-wifi-monocromatica\/#breadcrumb\"},\"inLanguage\":\"es-MX\",\"potentialAction\":[{\"@type\":\"ReadAction\",\"target\":[\"https:\/\/compuviper.mx\/tienda\/producto\/epson-c11cg96301-impresora-m1120-32-ppm-negro-tinta-continua-ecotank-usb-wifi-monocromatica\/\"]}]},{\"@type\":\"BreadcrumbList\",\"@id\":\"https:\/\/compuviper.mx\/tienda\/producto\/epson-c11cg96301-impresora-m1120-32-ppm-negro-tinta-continua-ecotank-usb-wifi-monocromatica\/#breadcrumb\",\"itemListElement\":[{\"@type\":\"ListItem\",\"position\":1,\"name\":\"Inicio\",\"item\":\"https:\/\/compuviper.mx\/tienda\/\"},{\"@type\":\"ListItem\",\"position\":2,\"name\":\"Productos\",\"item\":\"https:\/\/compuviper.mx\/tienda\/productos\/\"},{\"@type\":\"ListItem\",\"position\":3,\"name\":\"Impresoras\",\"item\":\"https:\/\/compuviper.mx\/tienda\/categoria-producto\/impresoras\/\"},{\"@type\":\"ListItem\",\"position\":4,\"name\":\"Tanque De Tinta\",\"item\":\"https:\/\/compuviper.mx\/tienda\/categoria-producto\/impresoras\/tanque-de-tinta\/\"},{\"@type\":\"ListItem\",\"position\":5,\"name\":\"Epson C11cg96301 Impresora M1120, 32 Ppm Negro, Tinta Continua, Ecotank, Usb, Wifi, Monocromatica\"}]},{\"@type\":\"WebSite\",\"@id\":\"https:\/\/compuviper.mx\/tienda\/#website\",\"url\":\"https:\/\/compuviper.mx\/tienda\/\",\"name\":\"Compuviper\",\"description\":\"Proveedor de Computadoras, Laptops, Servidores, Monitores, Puntos de Venta, Teclados,   Impresoras, T\u00f3ner, C\u00e1maras de Seguridad y m\u00e1s en tu tienda en l\u00ednea\",\"publisher\":{\"@id\":\"https:\/\/compuviper.mx\/tienda\/#organization\"},\"potentialAction\":[{\"@type\":\"SearchAction\",\"target\":{\"@type\":\"EntryPoint\",\"urlTemplate\":\"https:\/\/compuviper.mx\/tienda\/?s={search_term_string}\"},\"query-input\":\"required name=search_term_string\"}],\"inLanguage\":\"es-MX\"},{\"@type\":\"Organization\",\"@id\":\"https:\/\/compuviper.mx\/tienda\/#organization\",\"name\":\"Compuviper\",\"url\":\"https:\/\/compuviper.mx\/tienda\/\",\"logo\":{\"@type\":\"ImageObject\",\"inLanguage\":\"es-MX\",\"@id\":\"https:\/\/compuviper.mx\/tienda\/#\/schema\/logo\/image\/\",\"url\":\"https:\/\/compuviper.mx\/tienda\/wp-content\/uploads\/2021\/08\/Logo-Compuviper-10.png\",\"contentUrl\":\"https:\/\/compuviper.mx\/tienda\/wp-content\/uploads\/2021\/08\/Logo-Compuviper-10.png\",\"width\":1000,\"height\":500,\"caption\":\"Compuviper\"},\"image\":{\"@id\":\"https:\/\/compuviper.mx\/tienda\/#\/schema\/logo\/image\/\"},\"sameAs\":[\"https:\/\/www.facebook.com\/compuviper\",\"https:\/\/www.youtube.com\/channel\/UCf73dERp9Y3cfOq7q8BhLjA?view_as=subscriber\"]}]}<\/script>\n<meta property=\"product:brand\" content=\"EPSON\" \/>\n<meta property=\"product:price:amount\" content=\"4565\" \/>\n<meta property=\"product:price:currency\" content=\"MXN\" \/>\n<meta property=\"og:availability\" content=\"instock\" \/>\n<meta property=\"product:availability\" content=\"instock\" \/>\n<meta property=\"product:retailer_item_id\" content=\"C11CG96301\" \/>\n<meta property=\"product:condition\" content=\"new\" \/>\n<!-- \/ Yoast SEO plugin. -->","yoast_head_json":{"title":"[ Epson ] &#129351; C11cg96301 Impresora M1120, 32 Ppm Negro, Tinta Continua, Ecotank, Usb, Wifi, Monocromatica","description":"Compra C11cg96301 Impresora M1120, 32 Ppm Negro, Tinta Continua, Ecotank, Usb, Wifi, Monocromatica + Env\u00edo a domicilio + Pago seguro + Garant\u00eda","robots":{"index":"index","follow":"follow","max-snippet":"max-snippet:-1","max-image-preview":"max-image-preview:large","max-video-preview":"max-video-preview:-1"},"canonical":"https:\/\/compuviper.mx\/tienda\/producto\/epson-c11cg96301-impresora-m1120-32-ppm-negro-tinta-continua-ecotank-usb-wifi-monocromatica\/","og_locale":"es_MX","og_type":"article","og_title":"[ Epson ] &#129351; C11cg96301 Impresora M1120, 32 Ppm Negro, Tinta Continua, Ecotank, Usb, Wifi, Monocromatica","og_description":"Compra C11cg96301 Impresora M1120, 32 Ppm Negro, Tinta Continua, Ecotank, Usb, Wifi, Monocromatica + Env\u00edo a domicilio + Pago seguro + Garant\u00eda","og_url":"https:\/\/compuviper.mx\/tienda\/producto\/epson-c11cg96301-impresora-m1120-32-ppm-negro-tinta-continua-ecotank-usb-wifi-monocromatica\/","og_site_name":"Compuviper","article_publisher":"https:\/\/www.facebook.com\/compuviper","og_image":[{"width":200,"height":200,"url":"https:\/\/compuviper.mx\/tienda\/wp-content\/uploads\/2023\/12\/Impresora-epson-m1120-32-ppm-negro-tinta-continua-ecotank-usb-wifi-monocromatica.jpg","type":"image\/jpeg"}],"twitter_card":"summary_large_image","twitter_misc":{"Precio":"&#36;4,565 con IVA","Availability":"In stock"},"schema":{"@context":"https:\/\/schema.org","@graph":[{"@type":"WebPage","@id":"https:\/\/compuviper.mx\/tienda\/producto\/epson-c11cg96301-impresora-m1120-32-ppm-negro-tinta-continua-ecotank-usb-wifi-monocromatica\/","url":"https:\/\/compuviper.mx\/tienda\/producto\/epson-c11cg96301-impresora-m1120-32-ppm-negro-tinta-continua-ecotank-usb-wifi-monocromatica\/","name":"[ Epson ] &#129351; C11cg96301 Impresora M1120, 32 Ppm Negro, Tinta Continua, Ecotank, Usb, Wifi, Monocromatica","isPartOf":{"@id":"https:\/\/compuviper.mx\/tienda\/#website"},"datePublished":"2026-04-07T07:38:04+00:00","dateModified":"2026-04-07T07:38:04+00:00","description":"Compra C11cg96301 Impresora M1120, 32 Ppm Negro, Tinta Continua, Ecotank, Usb, Wifi, Monocromatica + Env\u00edo a domicilio + Pago seguro + Garant\u00eda","breadcrumb":{"@id":"https:\/\/compuviper.mx\/tienda\/producto\/epson-c11cg96301-impresora-m1120-32-ppm-negro-tinta-continua-ecotank-usb-wifi-monocromatica\/#breadcrumb"},"inLanguage":"es-MX","potentialAction":[{"@type":"ReadAction","target":["https:\/\/compuviper.mx\/tienda\/producto\/epson-c11cg96301-impresora-m1120-32-ppm-negro-tinta-continua-ecotank-usb-wifi-monocromatica\/"]}]},{"@type":"BreadcrumbList","@id":"https:\/\/compuviper.mx\/tienda\/producto\/epson-c11cg96301-impresora-m1120-32-ppm-negro-tinta-continua-ecotank-usb-wifi-monocromatica\/#breadcrumb","itemListElement":[{"@type":"ListItem","position":1,"name":"Inicio","item":"https:\/\/compuviper.mx\/tienda\/"},{"@type":"ListItem","position":2,"name":"Productos","item":"https:\/\/compuviper.mx\/tienda\/productos\/"},{"@type":"ListItem","position":3,"name":"Impresoras","item":"https:\/\/compuviper.mx\/tienda\/categoria-producto\/impresoras\/"},{"@type":"ListItem","position":4,"name":"Tanque De Tinta","item":"https:\/\/compuviper.mx\/tienda\/categoria-producto\/impresoras\/tanque-de-tinta\/"},{"@type":"ListItem","position":5,"name":"Epson C11cg96301 Impresora M1120, 32 Ppm Negro, Tinta Continua, Ecotank, Usb, Wifi, Monocromatica"}]},{"@type":"WebSite","@id":"https:\/\/compuviper.mx\/tienda\/#website","url":"https:\/\/compuviper.mx\/tienda\/","name":"Compuviper","description":"Proveedor de Computadoras, Laptops, Servidores, Monitores, Puntos de Venta, Teclados,   Impresoras, T\u00f3ner, C\u00e1maras de Seguridad y m\u00e1s en tu tienda en l\u00ednea","publisher":{"@id":"https:\/\/compuviper.mx\/tienda\/#organization"},"potentialAction":[{"@type":"SearchAction","target":{"@type":"EntryPoint","urlTemplate":"https:\/\/compuviper.mx\/tienda\/?s={search_term_string}"},"query-input":"required name=search_term_string"}],"inLanguage":"es-MX"},{"@type":"Organization","@id":"https:\/\/compuviper.mx\/tienda\/#organization","name":"Compuviper","url":"https:\/\/compuviper.mx\/tienda\/","logo":{"@type":"ImageObject","inLanguage":"es-MX","@id":"https:\/\/compuviper.mx\/tienda\/#\/schema\/logo\/image\/","url":"https:\/\/compuviper.mx\/tienda\/wp-content\/uploads\/2021\/08\/Logo-Compuviper-10.png","contentUrl":"https:\/\/compuviper.mx\/tienda\/wp-content\/uploads\/2021\/08\/Logo-Compuviper-10.png","width":1000,"height":500,"caption":"Compuviper"},"image":{"@id":"https:\/\/compuviper.mx\/tienda\/#\/schema\/logo\/image\/"},"sameAs":["https:\/\/www.facebook.com\/compuviper","https:\/\/www.youtube.com\/channel\/UCf73dERp9Y3cfOq7q8BhLjA?view_as=subscriber"]}]},"product_brand":"EPSON","product_price_amount":"4565","product_price_currency":"MXN","og_availability":"instock","product_availability":"instock","product_retailer_item_id":"C11CG96301","product_condition":"new"},"_links":{"self":[{"href":"https:\/\/compuviper.mx\/tienda\/wp-json\/wp\/v2\/product\/223540"}],"collection":[{"href":"https:\/\/compuviper.mx\/tienda\/wp-json\/wp\/v2\/product"}],"about":[{"href":"https:\/\/compuviper.mx\/tienda\/wp-json\/wp\/v2\/types\/product"}],"replies":[{"embeddable":true,"href":"https:\/\/compuviper.mx\/tienda\/wp-json\/wp\/v2\/comments?post=223540"}],"wp:featuredmedia":[{"embeddable":true,"href":"https:\/\/compuviper.mx\/tienda\/wp-json\/wp\/v2\/media\/223541"}],"wp:attachment":[{"href":"https:\/\/compuviper.mx\/tienda\/wp-json\/wp\/v2\/media?parent=223540"}],"wp:term":[{"taxonomy":"product_cat","embeddable":true,"href":"https:\/\/compuviper.mx\/tienda\/wp-json\/wp\/v2\/product_cat?post=223540"},{"taxonomy":"product_tag","embeddable":true,"href":"https:\/\/compuviper.mx\/tienda\/wp-json\/wp\/v2\/product_tag?post=223540"}],"curies":[{"name":"wp","href":"https:\/\/api.w.org\/{rel}","templated":true}]}}