{"id":223472,"date":"2026-04-14T01:42:12","date_gmt":"2026-04-14T07:42:12","guid":{"rendered":"https:\/\/compuviper.mx\/tienda\/producto\/ghia-gtp58b1-miniprinter-termica-basica-economica-negra-58mm-usb\/"},"modified":"2026-04-14T01:42:12","modified_gmt":"2026-04-14T07:42:12","slug":"ghia-gtp58b1-miniprinter-termica-58-mm-usb-rj11-80mms-negra","status":"publish","type":"product","link":"https:\/\/compuviper.mx\/tienda\/producto\/ghia-gtp58b1-miniprinter-termica-58-mm-usb-rj11-80mms-negra\/","title":{"rendered":"Ghia Gtp58b1 Miniprinter Termica   \/ 58 Mm \/ Usb, Rj11 \/ 80mms \/ Negra"},"content":{"rendered":"<table class=\"descripcion\">\n<tr>\n<td>M\u00e9todo de impresi\u00f3n: t\u00e9rmica directa<\/td>\n<\/tr>\n<tr>\n<td>Resoluci\u00f3n: 203dpi<\/td>\n<\/tr>\n<tr>\n<td>Ancho de papel: 58mm<\/td>\n<\/tr>\n<tr>\n<td>Ancho de impresi\u00f3n: 48mm<\/td>\n<\/tr>\n<tr>\n<td>Velocidad de impresi\u00f3n: 80mm por segundo<\/td>\n<\/tr>\n<tr>\n<td>Imprime graficos: s\u00ed<\/td>\n<\/tr>\n<tr>\n<td>Interfaces: usb y rj-11<\/td>\n<\/tr>\n<\/table>\n","protected":false},"excerpt":{"rendered":"<p>Imprime los tickets de tu negocio con esta impresora de 58mm ghia. Compacta y pr\u00e1ctica. Capaz de imprimir gr\u00e1ficos peque\u00f1os, como tu logotipo. Cuenta con sensor para falta de papel. No necesita tinta, por ser de tecnolog\u00eda t\u00e9rmica directa. Para complementar tu miniprinter, puedes agregar un rollo de papel t\u00e9rmico de la l\u00ednea de punto de venta ghia.<\/p>\n","protected":false},"featured_media":223473,"comment_status":"open","ping_status":"open","template":"","meta":[],"product_cat":[1777,1778],"product_tag":[1548],"acf":[],"yoast_head":"<!-- This site is optimized with the Yoast SEO plugin v21.7 - https:\/\/yoast.com\/wordpress\/plugins\/seo\/ -->\n<title>[ Ghia ] &#129351; Gtp58b1 Miniprinter Termica \/ 58 Mm \/ Usb, Rj11 \/ 80mms \/ Negra<\/title>\n<meta name=\"description\" content=\"Compra Gtp58b1 Miniprinter Termica \/ 58 Mm \/ Usb, Rj11 \/ 80mms \/ Negra + Env\u00edo a domicilio + Pago seguro + Garant\u00eda\" \/>\n<meta name=\"robots\" content=\"index, follow, max-snippet:-1, max-image-preview:large, max-video-preview:-1\" \/>\n<link rel=\"canonical\" href=\"https:\/\/compuviper.mx\/tienda\/producto\/ghia-gtp58b1-miniprinter-termica-58-mm-usb-rj11-80mms-negra\/\" \/>\n<meta property=\"og:locale\" content=\"es_MX\" \/>\n<meta property=\"og:type\" content=\"article\" \/>\n<meta property=\"og:title\" content=\"[ Ghia ] &#129351; Gtp58b1 Miniprinter Termica \/ 58 Mm \/ Usb, Rj11 \/ 80mms \/ Negra\" \/>\n<meta property=\"og:description\" content=\"Compra Gtp58b1 Miniprinter Termica \/ 58 Mm \/ Usb, Rj11 \/ 80mms \/ Negra + Env\u00edo a domicilio + Pago seguro + Garant\u00eda\" \/>\n<meta property=\"og:url\" content=\"https:\/\/compuviper.mx\/tienda\/producto\/ghia-gtp58b1-miniprinter-termica-58-mm-usb-rj11-80mms-negra\/\" \/>\n<meta property=\"og:site_name\" content=\"Compuviper\" \/>\n<meta property=\"article:publisher\" content=\"https:\/\/www.facebook.com\/compuviper\" \/>\n<meta property=\"og:image\" content=\"https:\/\/compuviper.mx\/tienda\/wp-content\/uploads\/2023\/12\/Miniprinter-termica-ghia-basicaeconomica-negra-58mm-usb.jpg\" \/>\n\t<meta property=\"og:image:width\" content=\"200\" \/>\n\t<meta property=\"og:image:height\" content=\"200\" \/>\n\t<meta property=\"og:image:type\" content=\"image\/jpeg\" \/>\n<meta name=\"twitter:card\" content=\"summary_large_image\" \/>\n<meta name=\"twitter:label1\" content=\"Precio\" \/>\n\t<meta name=\"twitter:data1\" content=\"&#36;398 &#36;378 con IVA\" \/>\n\t<meta name=\"twitter:label2\" content=\"Availability\" \/>\n\t<meta name=\"twitter:data2\" content=\"In stock\" \/>\n<script type=\"application\/ld+json\" class=\"yoast-schema-graph\">{\"@context\":\"https:\/\/schema.org\",\"@graph\":[{\"@type\":\"WebPage\",\"@id\":\"https:\/\/compuviper.mx\/tienda\/producto\/ghia-gtp58b1-miniprinter-termica-58-mm-usb-rj11-80mms-negra\/\",\"url\":\"https:\/\/compuviper.mx\/tienda\/producto\/ghia-gtp58b1-miniprinter-termica-58-mm-usb-rj11-80mms-negra\/\",\"name\":\"[ Ghia ] &#129351; Gtp58b1 Miniprinter Termica \/ 58 Mm \/ Usb, Rj11 \/ 80mms \/ Negra\",\"isPartOf\":{\"@id\":\"https:\/\/compuviper.mx\/tienda\/#website\"},\"datePublished\":\"2026-04-14T07:42:12+00:00\",\"dateModified\":\"2026-04-14T07:42:12+00:00\",\"description\":\"Compra Gtp58b1 Miniprinter Termica \/ 58 Mm \/ Usb, Rj11 \/ 80mms \/ Negra + Env\u00edo a domicilio + Pago seguro + Garant\u00eda\",\"breadcrumb\":{\"@id\":\"https:\/\/compuviper.mx\/tienda\/producto\/ghia-gtp58b1-miniprinter-termica-58-mm-usb-rj11-80mms-negra\/#breadcrumb\"},\"inLanguage\":\"es-MX\",\"potentialAction\":[{\"@type\":\"ReadAction\",\"target\":[\"https:\/\/compuviper.mx\/tienda\/producto\/ghia-gtp58b1-miniprinter-termica-58-mm-usb-rj11-80mms-negra\/\"]}]},{\"@type\":\"BreadcrumbList\",\"@id\":\"https:\/\/compuviper.mx\/tienda\/producto\/ghia-gtp58b1-miniprinter-termica-58-mm-usb-rj11-80mms-negra\/#breadcrumb\",\"itemListElement\":[{\"@type\":\"ListItem\",\"position\":1,\"name\":\"Inicio\",\"item\":\"https:\/\/compuviper.mx\/tienda\/\"},{\"@type\":\"ListItem\",\"position\":2,\"name\":\"Productos\",\"item\":\"https:\/\/compuviper.mx\/tienda\/productos\/\"},{\"@type\":\"ListItem\",\"position\":3,\"name\":\"Impresoras\",\"item\":\"https:\/\/compuviper.mx\/tienda\/categoria-producto\/impresoras\/\"},{\"@type\":\"ListItem\",\"position\":4,\"name\":\"Punto De Venta\",\"item\":\"https:\/\/compuviper.mx\/tienda\/categoria-producto\/impresoras\/punto-de-venta-impresoras\/\"},{\"@type\":\"ListItem\",\"position\":5,\"name\":\"Ghia Gtp58b1 Miniprinter Termica \/ 58 Mm \/ Usb, Rj11 \/ 80mms \/ Negra\"}]},{\"@type\":\"WebSite\",\"@id\":\"https:\/\/compuviper.mx\/tienda\/#website\",\"url\":\"https:\/\/compuviper.mx\/tienda\/\",\"name\":\"Compuviper\",\"description\":\"Proveedor de Computadoras, Laptops, Servidores, Monitores, Puntos de Venta, Teclados,   Impresoras, T\u00f3ner, C\u00e1maras de Seguridad y m\u00e1s en tu tienda en l\u00ednea\",\"publisher\":{\"@id\":\"https:\/\/compuviper.mx\/tienda\/#organization\"},\"potentialAction\":[{\"@type\":\"SearchAction\",\"target\":{\"@type\":\"EntryPoint\",\"urlTemplate\":\"https:\/\/compuviper.mx\/tienda\/?s={search_term_string}\"},\"query-input\":\"required name=search_term_string\"}],\"inLanguage\":\"es-MX\"},{\"@type\":\"Organization\",\"@id\":\"https:\/\/compuviper.mx\/tienda\/#organization\",\"name\":\"Compuviper\",\"url\":\"https:\/\/compuviper.mx\/tienda\/\",\"logo\":{\"@type\":\"ImageObject\",\"inLanguage\":\"es-MX\",\"@id\":\"https:\/\/compuviper.mx\/tienda\/#\/schema\/logo\/image\/\",\"url\":\"https:\/\/compuviper.mx\/tienda\/wp-content\/uploads\/2021\/08\/Logo-Compuviper-10.png\",\"contentUrl\":\"https:\/\/compuviper.mx\/tienda\/wp-content\/uploads\/2021\/08\/Logo-Compuviper-10.png\",\"width\":1000,\"height\":500,\"caption\":\"Compuviper\"},\"image\":{\"@id\":\"https:\/\/compuviper.mx\/tienda\/#\/schema\/logo\/image\/\"},\"sameAs\":[\"https:\/\/www.facebook.com\/compuviper\",\"https:\/\/www.youtube.com\/channel\/UCf73dERp9Y3cfOq7q8BhLjA?view_as=subscriber\"]}]}<\/script>\n<meta property=\"product:brand\" content=\"GHIA\" \/>\n<meta property=\"product:price:amount\" content=\"378\" \/>\n<meta property=\"product:price:currency\" content=\"MXN\" \/>\n<meta property=\"og:availability\" content=\"instock\" \/>\n<meta property=\"product:availability\" content=\"instock\" \/>\n<meta property=\"product:retailer_item_id\" content=\"GTP58B1\" \/>\n<meta property=\"product:condition\" content=\"new\" \/>\n<!-- \/ Yoast SEO plugin. -->","yoast_head_json":{"title":"[ Ghia ] &#129351; Gtp58b1 Miniprinter Termica \/ 58 Mm \/ Usb, Rj11 \/ 80mms \/ Negra","description":"Compra Gtp58b1 Miniprinter Termica \/ 58 Mm \/ Usb, Rj11 \/ 80mms \/ Negra + Env\u00edo a domicilio + Pago seguro + Garant\u00eda","robots":{"index":"index","follow":"follow","max-snippet":"max-snippet:-1","max-image-preview":"max-image-preview:large","max-video-preview":"max-video-preview:-1"},"canonical":"https:\/\/compuviper.mx\/tienda\/producto\/ghia-gtp58b1-miniprinter-termica-58-mm-usb-rj11-80mms-negra\/","og_locale":"es_MX","og_type":"article","og_title":"[ Ghia ] &#129351; Gtp58b1 Miniprinter Termica \/ 58 Mm \/ Usb, Rj11 \/ 80mms \/ Negra","og_description":"Compra Gtp58b1 Miniprinter Termica \/ 58 Mm \/ Usb, Rj11 \/ 80mms \/ Negra + Env\u00edo a domicilio + Pago seguro + Garant\u00eda","og_url":"https:\/\/compuviper.mx\/tienda\/producto\/ghia-gtp58b1-miniprinter-termica-58-mm-usb-rj11-80mms-negra\/","og_site_name":"Compuviper","article_publisher":"https:\/\/www.facebook.com\/compuviper","og_image":[{"width":200,"height":200,"url":"https:\/\/compuviper.mx\/tienda\/wp-content\/uploads\/2023\/12\/Miniprinter-termica-ghia-basicaeconomica-negra-58mm-usb.jpg","type":"image\/jpeg"}],"twitter_card":"summary_large_image","twitter_misc":{"Precio":"&#36;398 &#36;378 con IVA","Availability":"In stock"},"schema":{"@context":"https:\/\/schema.org","@graph":[{"@type":"WebPage","@id":"https:\/\/compuviper.mx\/tienda\/producto\/ghia-gtp58b1-miniprinter-termica-58-mm-usb-rj11-80mms-negra\/","url":"https:\/\/compuviper.mx\/tienda\/producto\/ghia-gtp58b1-miniprinter-termica-58-mm-usb-rj11-80mms-negra\/","name":"[ Ghia ] &#129351; Gtp58b1 Miniprinter Termica \/ 58 Mm \/ Usb, Rj11 \/ 80mms \/ Negra","isPartOf":{"@id":"https:\/\/compuviper.mx\/tienda\/#website"},"datePublished":"2026-04-14T07:42:12+00:00","dateModified":"2026-04-14T07:42:12+00:00","description":"Compra Gtp58b1 Miniprinter Termica \/ 58 Mm \/ Usb, Rj11 \/ 80mms \/ Negra + Env\u00edo a domicilio + Pago seguro + Garant\u00eda","breadcrumb":{"@id":"https:\/\/compuviper.mx\/tienda\/producto\/ghia-gtp58b1-miniprinter-termica-58-mm-usb-rj11-80mms-negra\/#breadcrumb"},"inLanguage":"es-MX","potentialAction":[{"@type":"ReadAction","target":["https:\/\/compuviper.mx\/tienda\/producto\/ghia-gtp58b1-miniprinter-termica-58-mm-usb-rj11-80mms-negra\/"]}]},{"@type":"BreadcrumbList","@id":"https:\/\/compuviper.mx\/tienda\/producto\/ghia-gtp58b1-miniprinter-termica-58-mm-usb-rj11-80mms-negra\/#breadcrumb","itemListElement":[{"@type":"ListItem","position":1,"name":"Inicio","item":"https:\/\/compuviper.mx\/tienda\/"},{"@type":"ListItem","position":2,"name":"Productos","item":"https:\/\/compuviper.mx\/tienda\/productos\/"},{"@type":"ListItem","position":3,"name":"Impresoras","item":"https:\/\/compuviper.mx\/tienda\/categoria-producto\/impresoras\/"},{"@type":"ListItem","position":4,"name":"Punto De Venta","item":"https:\/\/compuviper.mx\/tienda\/categoria-producto\/impresoras\/punto-de-venta-impresoras\/"},{"@type":"ListItem","position":5,"name":"Ghia Gtp58b1 Miniprinter Termica \/ 58 Mm \/ Usb, Rj11 \/ 80mms \/ Negra"}]},{"@type":"WebSite","@id":"https:\/\/compuviper.mx\/tienda\/#website","url":"https:\/\/compuviper.mx\/tienda\/","name":"Compuviper","description":"Proveedor de Computadoras, Laptops, Servidores, Monitores, Puntos de Venta, Teclados,   Impresoras, T\u00f3ner, C\u00e1maras de Seguridad y m\u00e1s en tu tienda en l\u00ednea","publisher":{"@id":"https:\/\/compuviper.mx\/tienda\/#organization"},"potentialAction":[{"@type":"SearchAction","target":{"@type":"EntryPoint","urlTemplate":"https:\/\/compuviper.mx\/tienda\/?s={search_term_string}"},"query-input":"required name=search_term_string"}],"inLanguage":"es-MX"},{"@type":"Organization","@id":"https:\/\/compuviper.mx\/tienda\/#organization","name":"Compuviper","url":"https:\/\/compuviper.mx\/tienda\/","logo":{"@type":"ImageObject","inLanguage":"es-MX","@id":"https:\/\/compuviper.mx\/tienda\/#\/schema\/logo\/image\/","url":"https:\/\/compuviper.mx\/tienda\/wp-content\/uploads\/2021\/08\/Logo-Compuviper-10.png","contentUrl":"https:\/\/compuviper.mx\/tienda\/wp-content\/uploads\/2021\/08\/Logo-Compuviper-10.png","width":1000,"height":500,"caption":"Compuviper"},"image":{"@id":"https:\/\/compuviper.mx\/tienda\/#\/schema\/logo\/image\/"},"sameAs":["https:\/\/www.facebook.com\/compuviper","https:\/\/www.youtube.com\/channel\/UCf73dERp9Y3cfOq7q8BhLjA?view_as=subscriber"]}]},"product_brand":"GHIA","product_price_amount":"378","product_price_currency":"MXN","og_availability":"instock","product_availability":"instock","product_retailer_item_id":"GTP58B1","product_condition":"new"},"_links":{"self":[{"href":"https:\/\/compuviper.mx\/tienda\/wp-json\/wp\/v2\/product\/223472"}],"collection":[{"href":"https:\/\/compuviper.mx\/tienda\/wp-json\/wp\/v2\/product"}],"about":[{"href":"https:\/\/compuviper.mx\/tienda\/wp-json\/wp\/v2\/types\/product"}],"replies":[{"embeddable":true,"href":"https:\/\/compuviper.mx\/tienda\/wp-json\/wp\/v2\/comments?post=223472"}],"wp:featuredmedia":[{"embeddable":true,"href":"https:\/\/compuviper.mx\/tienda\/wp-json\/wp\/v2\/media\/223473"}],"wp:attachment":[{"href":"https:\/\/compuviper.mx\/tienda\/wp-json\/wp\/v2\/media?parent=223472"}],"wp:term":[{"taxonomy":"product_cat","embeddable":true,"href":"https:\/\/compuviper.mx\/tienda\/wp-json\/wp\/v2\/product_cat?post=223472"},{"taxonomy":"product_tag","embeddable":true,"href":"https:\/\/compuviper.mx\/tienda\/wp-json\/wp\/v2\/product_tag?post=223472"}],"curies":[{"name":"wp","href":"https:\/\/api.w.org\/{rel}","templated":true}]}}