{"id":223464,"date":"2026-04-02T01:42:52","date_gmt":"2026-04-02T07:42:52","guid":{"rendered":"https:\/\/compuviper.mx\/tienda\/producto\/epson-c11cf38201-impresora-de-matriz-de-punto-fx-2190ii-matriz-9-agujas-15-pulgadas-738-cps-paralelo-usb\/"},"modified":"2026-04-02T01:42:53","modified_gmt":"2026-04-02T07:42:53","slug":"epson-c11cf38201-impresora-de-matriz-de-punto-fx-2190ii-matriz-9-agujas-15-pulgadas-738-cps-paralelo-usb","status":"publish","type":"product","link":"https:\/\/compuviper.mx\/tienda\/producto\/epson-c11cf38201-impresora-de-matriz-de-punto-fx-2190ii-matriz-9-agujas-15-pulgadas-738-cps-paralelo-usb\/","title":{"rendered":"Epson C11cf38201 Impresora De Matriz De Punto  Fx-2190ii, Matriz, 9 Agujas, 15 Pulgadas, 738 Cps, Paralelo, Usb"},"content":{"rendered":"<table class=\"descripcion\">\n<tr>\n<td>Serie fx-2190ii<\/td>\n<\/tr>\n<tr>\n<td>Especificaciones tecnicas<\/td>\n<\/tr>\n<tr>\n<td>Metodo de impresion:<\/td>\n<\/tr>\n<tr>\n<td>     * matricial de 9 agujas<\/td>\n<\/tr>\n<tr>\n<td>Direccion de impresion:<\/td>\n<\/tr>\n<tr>\n<td>     * bidireccional con busqueda de logica para texto y gra cos. la impresion de texto o grafica unidireccional se puede seleccionar mediante los comandos de software<\/td>\n<\/tr>\n<tr>\n<td>Velocidad de impresion<\/td>\n<\/tr>\n<tr>\n<td>     * borrador de velocidad ultra rapida 738 cps (12 cpi) \/ 615 cps (10 cpi)<\/td>\n<\/tr>\n<tr>\n<td>     * borrador de alta velocidad 612 cps (10 cpi)<\/td>\n<\/tr>\n<tr>\n<td>     * borrador 463 cps (10 cpi)<\/td>\n<\/tr>\n<tr>\n<td>     * calidad de letra 115 cps (10 cpi)<\/td>\n<\/tr>\n<tr>\n<td>Fuentes residentes:<\/td>\n<\/tr>\n<tr>\n<td>     * borrador 10, 12, 15 cpi<\/td>\n<\/tr>\n<tr>\n<td>Fuentes para codigos de barras:<\/td>\n<\/tr>\n<tr>\n<td>     * nlq (roman\/sans serif) 10, 12, 15 cpi, proporcional \/ ean-13, ean-8, interleaved 2 of 5, upc-a, upc-e, code 39, code 128, postnet<\/td>\n<\/tr>\n<tr>\n<td>Columnas imprimibles:<\/td>\n<\/tr>\n<tr>\n<td>     * 136 (10 cpi), 163 (12 cpi), 204 (15 cpi), 233 (17 cpi), 272 (20 cpi)<\/td>\n<\/tr>\n<tr>\n<td>Mecanismo de alimentacion del papel<\/td>\n<\/tr>\n<tr>\n<td>     * alimentacion por friccion (delantera, trasera)<\/td>\n<\/tr>\n<tr>\n<td>     * tractor (delantero, trasero, parte inferior por arriba)<\/td>\n<\/tr>\n<tr>\n<td>Acceso de papel<\/td>\n<\/tr>\n<tr>\n<td>     * insercion manual: entrada trasera, salida superior<\/td>\n<\/tr>\n<tr>\n<td>     * alimentador con hoja de corte: entrada trasera, salida superior<\/td>\n<\/tr>\n<tr>\n<td>     * tractor: entrada delantera o inferior, salida superior<\/td>\n<\/tr>\n<tr>\n<td>     * tractor de empuje y traccion: entrada delantera o trasera, salida superior<\/td>\n<\/tr>\n<tr>\n<td>Buffer de entrada:<\/td>\n<\/tr>\n<tr>\n<td>     * tama\u00f1o 128kb<\/td>\n<\/tr>\n<tr>\n<td>Sistema operativo:<\/td>\n<\/tr>\n<tr>\n<td>     * microsoft\u00ae, windows\u00ae xp\/vista\/7\/8\/10<\/td>\n<\/tr>\n<tr>\n<td>Interfaz<\/td>\n<\/tr>\n<tr>\n<td>     * estandar: bidireccional paralela (ieee 1284 modo nibble), usb 2.0<\/td>\n<\/tr>\n<tr>\n<td>     * serial: tarjeta serial de interfaz (solo en fx-2190ii nt)<\/td>\n<\/tr>\n<tr>\n<td>     * lan: 100base-tx lan con cable (solo en fx-2190ii nt)<\/td>\n<\/tr>\n<tr>\n<td>Lenguajes de impresora<\/td>\n<\/tr>\n<tr>\n<td>     * epson: esc\/p2<\/td>\n<\/tr>\n<tr>\n<td>     * ibm: ppds<\/td>\n<\/tr>\n<tr>\n<td>     * okidata: microline (solo con el modo okidata)<\/td>\n<\/tr>\n<tr>\n<td>Manejo del papel<\/td>\n<\/tr>\n<tr>\n<td>     * tipo de medio: individual, continuo, multiparte, sobre no.6, sobre no.10, etiquetas, tarjetas y rollo de papel<\/td>\n<\/tr>\n<tr>\n<td>     * grosor maximo: 0,018 (0,4572 mm)<\/td>\n<\/tr>\n<tr>\n<td>     * ancho: una pagina 100 &#8211; 420 mm (3,9 &#8211; 16,5)  \/  continuo 101,6 mm &#8211; 406,4 mm (4 &#8211; 16)<\/td>\n<\/tr>\n<tr>\n<td>     * longitud: una pagina 100 &#8211; 420 mm (3,9 &#8211; 16,5)  \/  continuo 101,6 &#8211; 558,8 mm (4 &#8211; 22)<\/td>\n<\/tr>\n<tr>\n<td>     * nivel de ruido: ruido 55dba (patron iso 7779)<\/td>\n<\/tr>\n<tr>\n<td>Requisitos electricos:<\/td>\n<\/tr>\n<tr>\n<td>     * voltaje ac 100v &#8211; 240v \/ rango de frecuencia de 50 hasta 60hz<\/td>\n<\/tr>\n<tr>\n<td>Consumo de energia<\/td>\n<\/tr>\n<tr>\n<td>     * modo operativo: aprox. 57\/55w (patron de letra iso\/iec 10561)<\/td>\n<\/tr>\n<tr>\n<td>     * modo sleep:aprox. 0,4w en fx-2190ii y 0,7w en fx-2190ii nt<\/td>\n<\/tr>\n<tr>\n<td>     * energy star: certi cado con v2.0<\/td>\n<\/tr>\n<tr>\n<td>Dimensiones fisicas:<\/td>\n<\/tr>\n<tr>\n<td>     * 612 mm x 176,5 mm x 375 mm (ancho x alto x profundidad) \/  peso 9,4 kg<\/td>\n<\/tr>\n<tr>\n<td>Confi\u00acabilidad<\/td>\n<\/tr>\n<tr>\n<td>     * mtbf: 25.000 poh (ciclo de trabajo del 25%)<\/td>\n<\/tr>\n<tr>\n<td>     * mvbf: 52 millones de lineas (con excepcion de cabeza de impresion)<\/td>\n<\/tr>\n<tr>\n<td>     * duracion cabeza de impresion: 400 millones de caracteres (14 puntos\/caracter)<\/td>\n<\/tr>\n<tr>\n<td>     * duracion de cinta de impresion: 12 millones de caracteres (14 puntos\/caracter)<\/td>\n<\/tr>\n<\/table>\n","protected":false},"excerpt":{"rendered":"<p>Impresora de impacto de formato ancho, dise\u00f1ada para impresion de alta demanda. Caracteristicas principales. 1. Confiabilidad maxima &#8211; dise\u00f1ada para un ciclo de vida largo con pocas piezas moviles, resistente al polvo, humedad y temperaturas extremas. 2. Bajo costo de propiedad &#8211; cartucho de cinta de hasta 12 millones de caracteres que permite obtener un costo bajo por pagina y reduce la frecuencia de las intervenciones del usuario. 3. Poderosa productividad &#8211; impresora _de alta velocidad de formato ancho con 9 pines (agujas de impresion)._ imprime formularios, formatos e informes a una velocidad de hasta 738 cps. La epson fx-2190ii tiene la durabilidad y la productividad necesarias para los requisitos de impresion diarios fundamentales. Esta confiable impresora de impacto de 9 pines y formato ancho tiene un ciclo de vida muy largo y alcanza velocidades de hasta 738 cps\u00b9. El cartucho de cinta\u00b2 que alcanza los 12 millones de caracteres reduce tanto las intervenciones del usuario como el costo por pagina. La impresora fx-2190ii se integra facilmente a cualquier sistema porque incluye los lenguajes de impresion epson esc\/p, ibm ppds y microline. Ademas, posee un panel de control intuitivo que permite realizar facilmente la configuracion y facilita su operacion.<\/p>\n","protected":false},"featured_media":223465,"comment_status":"open","ping_status":"open","template":"","meta":[],"product_cat":[1777,1779],"product_tag":[1624],"acf":[],"yoast_head":"<!-- This site is optimized with the Yoast SEO plugin v21.7 - https:\/\/yoast.com\/wordpress\/plugins\/seo\/ -->\n<title>[ Epson ] &#129351; C11cf38201 Impresora De Matriz De Punto Fx-2190ii, Matriz, 9 Agujas, 15 Pulgadas, 738 Cps, Paralelo, Usb<\/title>\n<meta name=\"description\" content=\"Compra C11cf38201 Impresora De Matriz De Punto Fx-2190ii, Matriz, 9 Agujas, 15 Pulgadas, 738 Cps, Paralelo, Usb + Env\u00edo a domicilio + Pago seguro + Garant\u00eda\" \/>\n<meta name=\"robots\" content=\"index, follow, max-snippet:-1, max-image-preview:large, max-video-preview:-1\" \/>\n<link rel=\"canonical\" href=\"https:\/\/compuviper.mx\/tienda\/producto\/epson-c11cf38201-impresora-de-matriz-de-punto-fx-2190ii-matriz-9-agujas-15-pulgadas-738-cps-paralelo-usb\/\" \/>\n<meta property=\"og:locale\" content=\"es_MX\" \/>\n<meta property=\"og:type\" content=\"article\" \/>\n<meta property=\"og:title\" content=\"[ Epson ] &#129351; C11cf38201 Impresora De Matriz De Punto Fx-2190ii, Matriz, 9 Agujas, 15 Pulgadas, 738 Cps, Paralelo, Usb\" \/>\n<meta property=\"og:description\" content=\"Compra C11cf38201 Impresora De Matriz De Punto Fx-2190ii, Matriz, 9 Agujas, 15 Pulgadas, 738 Cps, Paralelo, Usb + Env\u00edo a domicilio + Pago seguro + Garant\u00eda\" \/>\n<meta property=\"og:url\" content=\"https:\/\/compuviper.mx\/tienda\/producto\/epson-c11cf38201-impresora-de-matriz-de-punto-fx-2190ii-matriz-9-agujas-15-pulgadas-738-cps-paralelo-usb\/\" \/>\n<meta property=\"og:site_name\" content=\"Compuviper\" \/>\n<meta property=\"article:publisher\" content=\"https:\/\/www.facebook.com\/compuviper\" \/>\n<meta property=\"article:modified_time\" content=\"2026-04-02T07:42:53+00:00\" \/>\n<meta property=\"og:image\" content=\"https:\/\/compuviper.mx\/tienda\/wp-content\/uploads\/2023\/12\/Impresora-de-matriz-de-punto-epson-fx-2190ii-matriz-9-agujas-15-pulgadas-738-cps-paralelo-usb.jpg\" \/>\n\t<meta property=\"og:image:width\" content=\"200\" \/>\n\t<meta property=\"og:image:height\" content=\"200\" \/>\n\t<meta property=\"og:image:type\" content=\"image\/jpeg\" \/>\n<meta name=\"twitter:card\" content=\"summary_large_image\" \/>\n<meta name=\"twitter:label1\" content=\"Precio\" \/>\n\t<meta name=\"twitter:data1\" content=\"&#36;15,431 con IVA\" \/>\n\t<meta name=\"twitter:label2\" content=\"Availability\" \/>\n\t<meta name=\"twitter:data2\" content=\"On backorder\" \/>\n<script type=\"application\/ld+json\" class=\"yoast-schema-graph\">{\"@context\":\"https:\/\/schema.org\",\"@graph\":[{\"@type\":\"WebPage\",\"@id\":\"https:\/\/compuviper.mx\/tienda\/producto\/epson-c11cf38201-impresora-de-matriz-de-punto-fx-2190ii-matriz-9-agujas-15-pulgadas-738-cps-paralelo-usb\/\",\"url\":\"https:\/\/compuviper.mx\/tienda\/producto\/epson-c11cf38201-impresora-de-matriz-de-punto-fx-2190ii-matriz-9-agujas-15-pulgadas-738-cps-paralelo-usb\/\",\"name\":\"[ Epson ] &#129351; C11cf38201 Impresora De Matriz De Punto Fx-2190ii, Matriz, 9 Agujas, 15 Pulgadas, 738 Cps, Paralelo, Usb\",\"isPartOf\":{\"@id\":\"https:\/\/compuviper.mx\/tienda\/#website\"},\"datePublished\":\"2026-04-02T07:42:52+00:00\",\"dateModified\":\"2026-04-02T07:42:53+00:00\",\"description\":\"Compra C11cf38201 Impresora De Matriz De Punto Fx-2190ii, Matriz, 9 Agujas, 15 Pulgadas, 738 Cps, Paralelo, Usb + Env\u00edo a domicilio + Pago seguro + Garant\u00eda\",\"breadcrumb\":{\"@id\":\"https:\/\/compuviper.mx\/tienda\/producto\/epson-c11cf38201-impresora-de-matriz-de-punto-fx-2190ii-matriz-9-agujas-15-pulgadas-738-cps-paralelo-usb\/#breadcrumb\"},\"inLanguage\":\"es-MX\",\"potentialAction\":[{\"@type\":\"ReadAction\",\"target\":[\"https:\/\/compuviper.mx\/tienda\/producto\/epson-c11cf38201-impresora-de-matriz-de-punto-fx-2190ii-matriz-9-agujas-15-pulgadas-738-cps-paralelo-usb\/\"]}]},{\"@type\":\"BreadcrumbList\",\"@id\":\"https:\/\/compuviper.mx\/tienda\/producto\/epson-c11cf38201-impresora-de-matriz-de-punto-fx-2190ii-matriz-9-agujas-15-pulgadas-738-cps-paralelo-usb\/#breadcrumb\",\"itemListElement\":[{\"@type\":\"ListItem\",\"position\":1,\"name\":\"Inicio\",\"item\":\"https:\/\/compuviper.mx\/tienda\/\"},{\"@type\":\"ListItem\",\"position\":2,\"name\":\"Productos\",\"item\":\"https:\/\/compuviper.mx\/tienda\/productos\/\"},{\"@type\":\"ListItem\",\"position\":3,\"name\":\"Impresoras\",\"item\":\"https:\/\/compuviper.mx\/tienda\/categoria-producto\/impresoras\/\"},{\"@type\":\"ListItem\",\"position\":4,\"name\":\"Matriz De Punto\",\"item\":\"https:\/\/compuviper.mx\/tienda\/categoria-producto\/impresoras\/matriz-de-punto\/\"},{\"@type\":\"ListItem\",\"position\":5,\"name\":\"Epson C11cf38201 Impresora De Matriz De Punto Fx-2190ii, Matriz, 9 Agujas, 15 Pulgadas, 738 Cps, Paralelo, Usb\"}]},{\"@type\":\"WebSite\",\"@id\":\"https:\/\/compuviper.mx\/tienda\/#website\",\"url\":\"https:\/\/compuviper.mx\/tienda\/\",\"name\":\"Compuviper\",\"description\":\"Proveedor de Computadoras, Laptops, Servidores, Monitores, Puntos de Venta, Teclados,   Impresoras, T\u00f3ner, C\u00e1maras de Seguridad y m\u00e1s en tu tienda en l\u00ednea\",\"publisher\":{\"@id\":\"https:\/\/compuviper.mx\/tienda\/#organization\"},\"potentialAction\":[{\"@type\":\"SearchAction\",\"target\":{\"@type\":\"EntryPoint\",\"urlTemplate\":\"https:\/\/compuviper.mx\/tienda\/?s={search_term_string}\"},\"query-input\":\"required name=search_term_string\"}],\"inLanguage\":\"es-MX\"},{\"@type\":\"Organization\",\"@id\":\"https:\/\/compuviper.mx\/tienda\/#organization\",\"name\":\"Compuviper\",\"url\":\"https:\/\/compuviper.mx\/tienda\/\",\"logo\":{\"@type\":\"ImageObject\",\"inLanguage\":\"es-MX\",\"@id\":\"https:\/\/compuviper.mx\/tienda\/#\/schema\/logo\/image\/\",\"url\":\"https:\/\/compuviper.mx\/tienda\/wp-content\/uploads\/2021\/08\/Logo-Compuviper-10.png\",\"contentUrl\":\"https:\/\/compuviper.mx\/tienda\/wp-content\/uploads\/2021\/08\/Logo-Compuviper-10.png\",\"width\":1000,\"height\":500,\"caption\":\"Compuviper\"},\"image\":{\"@id\":\"https:\/\/compuviper.mx\/tienda\/#\/schema\/logo\/image\/\"},\"sameAs\":[\"https:\/\/www.facebook.com\/compuviper\",\"https:\/\/www.youtube.com\/channel\/UCf73dERp9Y3cfOq7q8BhLjA?view_as=subscriber\"]}]}<\/script>\n<meta property=\"product:brand\" content=\"EPSON\" \/>\n<meta property=\"product:price:amount\" content=\"15431\" \/>\n<meta property=\"product:price:currency\" content=\"MXN\" \/>\n<meta property=\"og:availability\" content=\"backorder\" \/>\n<meta property=\"product:availability\" content=\"available for order\" \/>\n<meta property=\"product:retailer_item_id\" content=\"C11CF38201\" \/>\n<meta property=\"product:condition\" content=\"new\" \/>\n<!-- \/ Yoast SEO plugin. -->","yoast_head_json":{"title":"[ Epson ] &#129351; C11cf38201 Impresora De Matriz De Punto Fx-2190ii, Matriz, 9 Agujas, 15 Pulgadas, 738 Cps, Paralelo, Usb","description":"Compra C11cf38201 Impresora De Matriz De Punto Fx-2190ii, Matriz, 9 Agujas, 15 Pulgadas, 738 Cps, Paralelo, Usb + Env\u00edo a domicilio + Pago seguro + Garant\u00eda","robots":{"index":"index","follow":"follow","max-snippet":"max-snippet:-1","max-image-preview":"max-image-preview:large","max-video-preview":"max-video-preview:-1"},"canonical":"https:\/\/compuviper.mx\/tienda\/producto\/epson-c11cf38201-impresora-de-matriz-de-punto-fx-2190ii-matriz-9-agujas-15-pulgadas-738-cps-paralelo-usb\/","og_locale":"es_MX","og_type":"article","og_title":"[ Epson ] &#129351; C11cf38201 Impresora De Matriz De Punto Fx-2190ii, Matriz, 9 Agujas, 15 Pulgadas, 738 Cps, Paralelo, Usb","og_description":"Compra C11cf38201 Impresora De Matriz De Punto Fx-2190ii, Matriz, 9 Agujas, 15 Pulgadas, 738 Cps, Paralelo, Usb + Env\u00edo a domicilio + Pago seguro + Garant\u00eda","og_url":"https:\/\/compuviper.mx\/tienda\/producto\/epson-c11cf38201-impresora-de-matriz-de-punto-fx-2190ii-matriz-9-agujas-15-pulgadas-738-cps-paralelo-usb\/","og_site_name":"Compuviper","article_publisher":"https:\/\/www.facebook.com\/compuviper","article_modified_time":"2026-04-02T07:42:53+00:00","og_image":[{"width":200,"height":200,"url":"https:\/\/compuviper.mx\/tienda\/wp-content\/uploads\/2023\/12\/Impresora-de-matriz-de-punto-epson-fx-2190ii-matriz-9-agujas-15-pulgadas-738-cps-paralelo-usb.jpg","type":"image\/jpeg"}],"twitter_card":"summary_large_image","twitter_misc":{"Precio":"&#36;15,431 con IVA","Availability":"On backorder"},"schema":{"@context":"https:\/\/schema.org","@graph":[{"@type":"WebPage","@id":"https:\/\/compuviper.mx\/tienda\/producto\/epson-c11cf38201-impresora-de-matriz-de-punto-fx-2190ii-matriz-9-agujas-15-pulgadas-738-cps-paralelo-usb\/","url":"https:\/\/compuviper.mx\/tienda\/producto\/epson-c11cf38201-impresora-de-matriz-de-punto-fx-2190ii-matriz-9-agujas-15-pulgadas-738-cps-paralelo-usb\/","name":"[ Epson ] &#129351; C11cf38201 Impresora De Matriz De Punto Fx-2190ii, Matriz, 9 Agujas, 15 Pulgadas, 738 Cps, Paralelo, Usb","isPartOf":{"@id":"https:\/\/compuviper.mx\/tienda\/#website"},"datePublished":"2026-04-02T07:42:52+00:00","dateModified":"2026-04-02T07:42:53+00:00","description":"Compra C11cf38201 Impresora De Matriz De Punto Fx-2190ii, Matriz, 9 Agujas, 15 Pulgadas, 738 Cps, Paralelo, Usb + Env\u00edo a domicilio + Pago seguro + Garant\u00eda","breadcrumb":{"@id":"https:\/\/compuviper.mx\/tienda\/producto\/epson-c11cf38201-impresora-de-matriz-de-punto-fx-2190ii-matriz-9-agujas-15-pulgadas-738-cps-paralelo-usb\/#breadcrumb"},"inLanguage":"es-MX","potentialAction":[{"@type":"ReadAction","target":["https:\/\/compuviper.mx\/tienda\/producto\/epson-c11cf38201-impresora-de-matriz-de-punto-fx-2190ii-matriz-9-agujas-15-pulgadas-738-cps-paralelo-usb\/"]}]},{"@type":"BreadcrumbList","@id":"https:\/\/compuviper.mx\/tienda\/producto\/epson-c11cf38201-impresora-de-matriz-de-punto-fx-2190ii-matriz-9-agujas-15-pulgadas-738-cps-paralelo-usb\/#breadcrumb","itemListElement":[{"@type":"ListItem","position":1,"name":"Inicio","item":"https:\/\/compuviper.mx\/tienda\/"},{"@type":"ListItem","position":2,"name":"Productos","item":"https:\/\/compuviper.mx\/tienda\/productos\/"},{"@type":"ListItem","position":3,"name":"Impresoras","item":"https:\/\/compuviper.mx\/tienda\/categoria-producto\/impresoras\/"},{"@type":"ListItem","position":4,"name":"Matriz De Punto","item":"https:\/\/compuviper.mx\/tienda\/categoria-producto\/impresoras\/matriz-de-punto\/"},{"@type":"ListItem","position":5,"name":"Epson C11cf38201 Impresora De Matriz De Punto Fx-2190ii, Matriz, 9 Agujas, 15 Pulgadas, 738 Cps, Paralelo, Usb"}]},{"@type":"WebSite","@id":"https:\/\/compuviper.mx\/tienda\/#website","url":"https:\/\/compuviper.mx\/tienda\/","name":"Compuviper","description":"Proveedor de Computadoras, Laptops, Servidores, Monitores, Puntos de Venta, Teclados,   Impresoras, T\u00f3ner, C\u00e1maras de Seguridad y m\u00e1s en tu tienda en l\u00ednea","publisher":{"@id":"https:\/\/compuviper.mx\/tienda\/#organization"},"potentialAction":[{"@type":"SearchAction","target":{"@type":"EntryPoint","urlTemplate":"https:\/\/compuviper.mx\/tienda\/?s={search_term_string}"},"query-input":"required name=search_term_string"}],"inLanguage":"es-MX"},{"@type":"Organization","@id":"https:\/\/compuviper.mx\/tienda\/#organization","name":"Compuviper","url":"https:\/\/compuviper.mx\/tienda\/","logo":{"@type":"ImageObject","inLanguage":"es-MX","@id":"https:\/\/compuviper.mx\/tienda\/#\/schema\/logo\/image\/","url":"https:\/\/compuviper.mx\/tienda\/wp-content\/uploads\/2021\/08\/Logo-Compuviper-10.png","contentUrl":"https:\/\/compuviper.mx\/tienda\/wp-content\/uploads\/2021\/08\/Logo-Compuviper-10.png","width":1000,"height":500,"caption":"Compuviper"},"image":{"@id":"https:\/\/compuviper.mx\/tienda\/#\/schema\/logo\/image\/"},"sameAs":["https:\/\/www.facebook.com\/compuviper","https:\/\/www.youtube.com\/channel\/UCf73dERp9Y3cfOq7q8BhLjA?view_as=subscriber"]}]},"product_brand":"EPSON","product_price_amount":"15431","product_price_currency":"MXN","og_availability":"backorder","product_availability":"available for order","product_retailer_item_id":"C11CF38201","product_condition":"new"},"_links":{"self":[{"href":"https:\/\/compuviper.mx\/tienda\/wp-json\/wp\/v2\/product\/223464"}],"collection":[{"href":"https:\/\/compuviper.mx\/tienda\/wp-json\/wp\/v2\/product"}],"about":[{"href":"https:\/\/compuviper.mx\/tienda\/wp-json\/wp\/v2\/types\/product"}],"replies":[{"embeddable":true,"href":"https:\/\/compuviper.mx\/tienda\/wp-json\/wp\/v2\/comments?post=223464"}],"wp:featuredmedia":[{"embeddable":true,"href":"https:\/\/compuviper.mx\/tienda\/wp-json\/wp\/v2\/media\/223465"}],"wp:attachment":[{"href":"https:\/\/compuviper.mx\/tienda\/wp-json\/wp\/v2\/media?parent=223464"}],"wp:term":[{"taxonomy":"product_cat","embeddable":true,"href":"https:\/\/compuviper.mx\/tienda\/wp-json\/wp\/v2\/product_cat?post=223464"},{"taxonomy":"product_tag","embeddable":true,"href":"https:\/\/compuviper.mx\/tienda\/wp-json\/wp\/v2\/product_tag?post=223464"}],"curies":[{"name":"wp","href":"https:\/\/api.w.org\/{rel}","templated":true}]}}