{"id":223462,"date":"2026-04-21T01:50:44","date_gmt":"2026-04-21T07:50:44","guid":{"rendered":"https:\/\/compuviper.mx\/tienda\/producto\/3nstar-rpt001-miniprinter-negro-termica-58-mm-usb-90mm-seg-recibo\/"},"modified":"2026-04-21T01:50:45","modified_gmt":"2026-04-21T07:50:45","slug":"3nstar-rpt001-miniprinter-negro-termica-58-mm-usb-90mm-seg-recibo","status":"publish","type":"product","link":"https:\/\/compuviper.mx\/tienda\/producto\/3nstar-rpt001-miniprinter-negro-termica-58-mm-usb-90mm-seg-recibo\/","title":{"rendered":"3nstar Rpt001 Miniprinter  , Negro, Termica, 58 Mm, Usb, 90mm\/seg, Recibo"},"content":{"rendered":"<table class=\"descripcion\">\n<tr>\n<td>Caracter\u00edsticas f\u00edsicas<\/td>\n<\/tr>\n<tr>\n<td>Dimensi\u00f3n: 185mm x 132mm x 110mm<\/td>\n<\/tr>\n<tr>\n<td>Peso neto: 0.6kg.<\/td>\n<\/tr>\n<tr>\n<td>Peso bruto 0.79kg.<\/td>\n<\/tr>\n<tr>\n<td>Color negro<\/td>\n<\/tr>\n<tr>\n<td>Impresi\u00f3n<\/td>\n<\/tr>\n<tr>\n<td>M\u00e9todo de impresi\u00f3n: t\u00e9rmica directa<\/td>\n<\/tr>\n<tr>\n<td>Velocidad de impresi\u00f3n: 90mm\/s<\/td>\n<\/tr>\n<tr>\n<td>Resoluci\u00f3n: 8 dots\/mm, 384 dots\/line<\/td>\n<\/tr>\n<tr>\n<td>M\u00e1ximo ancho de impresi\u00f3n: 48mm<\/td>\n<\/tr>\n<tr>\n<td>Papel<\/td>\n<\/tr>\n<tr>\n<td>Tipo de papel: papel t\u00e9rmico<\/td>\n<\/tr>\n<tr>\n<td>Ancho de papel: 57.5\u00b1 0.5mm<\/td>\n<\/tr>\n<tr>\n<td>Grueso de papel: 0.06mm-0.08mm<\/td>\n<\/tr>\n<tr>\n<td>Di\u00e1metro del rollo: 50mm (max)<\/td>\n<\/tr>\n<tr>\n<td>M\u00e9todo de carga: \u0093drop-in\u0094 se deposita en el compartimiento, sin gu\u00edas<\/td>\n<\/tr>\n<tr>\n<td>Caracter\u00edsticas de la impresora<\/td>\n<\/tr>\n<tr>\n<td>Sensor: fin de papel, tapa abierta<\/td>\n<\/tr>\n<tr>\n<td>Puerto caj\u00f3n de dinero: 1 puerto  dc 24v<\/td>\n<\/tr>\n<tr>\n<td>Memoria: nv flash 64kb, buffer de entrada de 32k<\/td>\n<\/tr>\n<tr>\n<td>Vida \u00fatil del cabezal: 50 km<\/td>\n<\/tr>\n<tr>\n<td>Interface: usb<\/td>\n<\/tr>\n<tr>\n<td>Software<\/td>\n<\/tr>\n<tr>\n<td>Emulacion: esc\/pos<\/td>\n<\/tr>\n<tr>\n<td>Drivers: win 9x\/win me\/win 2000\/win 2003\/win nt\/win xp\/win 7 \/ win 8\/win 8.1\/win 10\/ linux\/android<\/td>\n<\/tr>\n<tr>\n<td>Impresi\u00f3n de c\u00f3digo de barras 1d: upc-a, upc-e, ean-13, ean-8, code39, itf, codebar, code93,code128<\/td>\n<\/tr>\n<tr>\n<td>Electricos<\/td>\n<\/tr>\n<tr>\n<td>Entrada de corriente: ac 110v\/220v,50~60hz<\/td>\n<\/tr>\n<tr>\n<td>Ambientales<\/td>\n<\/tr>\n<tr>\n<td>Temperatura de operacion: 0\u00b0c to 45\u00b0c<\/td>\n<\/tr>\n<tr>\n<td>Humedad de operacion: 10~80%<\/td>\n<\/tr>\n<tr>\n<td>Tempreatura de almacenamiento: -10\u00b0 to 60\u00b0c:<\/td>\n<\/tr>\n<tr>\n<td>Humedad de almacenamiento: 10~90%<\/td>\n<\/tr>\n<tr>\n<td>Garant\u00eda<\/td>\n<\/tr>\n<tr>\n<td>1 a\u00f1o<\/td>\n<\/tr>\n<\/table>\n","protected":false},"excerpt":{"rendered":"<p>La impresora t\u00e9rmica 3nstar rpt001 es un producto. Dise\u00f1ado para peque\u00f1os negocios, ofreciendo impresi\u00f3n. De recibos de forma r\u00e1pida y confiable, a muy bajo costo. La rpt001 es ideal para negocios con bajos vol\u00famenes. De transacciones, pero que aun as\u00ed requieran m\u00faltiples. Funcionalidades e impresi\u00f3n r\u00e1pida. Imprime texto y gr\u00e1ficos. A una velocidad de hasta 90mm\/seg. Para asegurar que el proceso de instalaci\u00f3n sea sumamente. Sencillo, en la caja se encuentra todo lo requerido para. Lograrlo; el impresor, los drivers, los cables y el manual. La impresora rpt001 es compatible con la mayor\u00eda de los. Sistemas pos disponibles en el mercado y para su. Interconexi\u00f3n, cuenta con interface usb.<\/p>\n","protected":false},"featured_media":223463,"comment_status":"open","ping_status":"open","template":"","meta":[],"product_cat":[1777,1778],"product_tag":[1570],"acf":[],"yoast_head":"<!-- This site is optimized with the Yoast SEO plugin v21.7 - https:\/\/yoast.com\/wordpress\/plugins\/seo\/ -->\n<title>[ 3nstar ] &#129351; Rpt001 Miniprinter , Negro, Termica, 58 Mm, Usb, 90mm\/seg, Recibo<\/title>\n<meta name=\"description\" content=\"Compra Rpt001 Miniprinter , Negro, Termica, 58 Mm, Usb, 90mm\/seg, Recibo + Env\u00edo a domicilio + Pago seguro + Garant\u00eda\" \/>\n<meta name=\"robots\" content=\"index, follow, max-snippet:-1, max-image-preview:large, max-video-preview:-1\" \/>\n<link rel=\"canonical\" href=\"https:\/\/compuviper.mx\/tienda\/producto\/3nstar-rpt001-miniprinter-negro-termica-58-mm-usb-90mm-seg-recibo\/\" \/>\n<meta property=\"og:locale\" content=\"es_MX\" \/>\n<meta property=\"og:type\" content=\"article\" \/>\n<meta property=\"og:title\" content=\"[ 3nstar ] &#129351; Rpt001 Miniprinter , Negro, Termica, 58 Mm, Usb, 90mm\/seg, Recibo\" \/>\n<meta property=\"og:description\" content=\"Compra Rpt001 Miniprinter , Negro, Termica, 58 Mm, Usb, 90mm\/seg, Recibo + Env\u00edo a domicilio + Pago seguro + Garant\u00eda\" \/>\n<meta property=\"og:url\" content=\"https:\/\/compuviper.mx\/tienda\/producto\/3nstar-rpt001-miniprinter-negro-termica-58-mm-usb-90mm-seg-recibo\/\" \/>\n<meta property=\"og:site_name\" content=\"Compuviper\" \/>\n<meta property=\"article:publisher\" content=\"https:\/\/www.facebook.com\/compuviper\" \/>\n<meta property=\"article:modified_time\" content=\"2026-04-21T07:50:45+00:00\" \/>\n<meta property=\"og:image\" content=\"https:\/\/compuviper.mx\/tienda\/wp-content\/uploads\/2023\/12\/Miniprinter-3nstar-rpt001-negro-termica-58-mm-usb-90mmseg-recibo.jpg\" \/>\n\t<meta property=\"og:image:width\" content=\"200\" \/>\n\t<meta property=\"og:image:height\" content=\"200\" \/>\n\t<meta property=\"og:image:type\" content=\"image\/jpeg\" \/>\n<meta name=\"twitter:card\" content=\"summary_large_image\" \/>\n<meta name=\"twitter:label1\" content=\"Precio\" \/>\n\t<meta name=\"twitter:data1\" content=\"&#36;517 con IVA\" \/>\n\t<meta name=\"twitter:label2\" content=\"Availability\" \/>\n\t<meta name=\"twitter:data2\" content=\"In stock\" \/>\n<script type=\"application\/ld+json\" class=\"yoast-schema-graph\">{\"@context\":\"https:\/\/schema.org\",\"@graph\":[{\"@type\":\"WebPage\",\"@id\":\"https:\/\/compuviper.mx\/tienda\/producto\/3nstar-rpt001-miniprinter-negro-termica-58-mm-usb-90mm-seg-recibo\/\",\"url\":\"https:\/\/compuviper.mx\/tienda\/producto\/3nstar-rpt001-miniprinter-negro-termica-58-mm-usb-90mm-seg-recibo\/\",\"name\":\"[ 3nstar ] &#129351; Rpt001 Miniprinter , Negro, Termica, 58 Mm, Usb, 90mm\/seg, Recibo\",\"isPartOf\":{\"@id\":\"https:\/\/compuviper.mx\/tienda\/#website\"},\"datePublished\":\"2026-04-21T07:50:44+00:00\",\"dateModified\":\"2026-04-21T07:50:45+00:00\",\"description\":\"Compra Rpt001 Miniprinter , Negro, Termica, 58 Mm, Usb, 90mm\/seg, Recibo + Env\u00edo a domicilio + Pago seguro + Garant\u00eda\",\"breadcrumb\":{\"@id\":\"https:\/\/compuviper.mx\/tienda\/producto\/3nstar-rpt001-miniprinter-negro-termica-58-mm-usb-90mm-seg-recibo\/#breadcrumb\"},\"inLanguage\":\"es-MX\",\"potentialAction\":[{\"@type\":\"ReadAction\",\"target\":[\"https:\/\/compuviper.mx\/tienda\/producto\/3nstar-rpt001-miniprinter-negro-termica-58-mm-usb-90mm-seg-recibo\/\"]}]},{\"@type\":\"BreadcrumbList\",\"@id\":\"https:\/\/compuviper.mx\/tienda\/producto\/3nstar-rpt001-miniprinter-negro-termica-58-mm-usb-90mm-seg-recibo\/#breadcrumb\",\"itemListElement\":[{\"@type\":\"ListItem\",\"position\":1,\"name\":\"Inicio\",\"item\":\"https:\/\/compuviper.mx\/tienda\/\"},{\"@type\":\"ListItem\",\"position\":2,\"name\":\"Productos\",\"item\":\"https:\/\/compuviper.mx\/tienda\/productos\/\"},{\"@type\":\"ListItem\",\"position\":3,\"name\":\"Impresoras\",\"item\":\"https:\/\/compuviper.mx\/tienda\/categoria-producto\/impresoras\/\"},{\"@type\":\"ListItem\",\"position\":4,\"name\":\"Punto De Venta\",\"item\":\"https:\/\/compuviper.mx\/tienda\/categoria-producto\/impresoras\/punto-de-venta-impresoras\/\"},{\"@type\":\"ListItem\",\"position\":5,\"name\":\"3nstar Rpt001 Miniprinter , Negro, Termica, 58 Mm, Usb, 90mm\/seg, Recibo\"}]},{\"@type\":\"WebSite\",\"@id\":\"https:\/\/compuviper.mx\/tienda\/#website\",\"url\":\"https:\/\/compuviper.mx\/tienda\/\",\"name\":\"Compuviper\",\"description\":\"Proveedor de Computadoras, Laptops, Servidores, Monitores, Puntos de Venta, Teclados,   Impresoras, T\u00f3ner, C\u00e1maras de Seguridad y m\u00e1s en tu tienda en l\u00ednea\",\"publisher\":{\"@id\":\"https:\/\/compuviper.mx\/tienda\/#organization\"},\"potentialAction\":[{\"@type\":\"SearchAction\",\"target\":{\"@type\":\"EntryPoint\",\"urlTemplate\":\"https:\/\/compuviper.mx\/tienda\/?s={search_term_string}\"},\"query-input\":\"required name=search_term_string\"}],\"inLanguage\":\"es-MX\"},{\"@type\":\"Organization\",\"@id\":\"https:\/\/compuviper.mx\/tienda\/#organization\",\"name\":\"Compuviper\",\"url\":\"https:\/\/compuviper.mx\/tienda\/\",\"logo\":{\"@type\":\"ImageObject\",\"inLanguage\":\"es-MX\",\"@id\":\"https:\/\/compuviper.mx\/tienda\/#\/schema\/logo\/image\/\",\"url\":\"https:\/\/compuviper.mx\/tienda\/wp-content\/uploads\/2021\/08\/Logo-Compuviper-10.png\",\"contentUrl\":\"https:\/\/compuviper.mx\/tienda\/wp-content\/uploads\/2021\/08\/Logo-Compuviper-10.png\",\"width\":1000,\"height\":500,\"caption\":\"Compuviper\"},\"image\":{\"@id\":\"https:\/\/compuviper.mx\/tienda\/#\/schema\/logo\/image\/\"},\"sameAs\":[\"https:\/\/www.facebook.com\/compuviper\",\"https:\/\/www.youtube.com\/channel\/UCf73dERp9Y3cfOq7q8BhLjA?view_as=subscriber\"]}]}<\/script>\n<meta property=\"product:brand\" content=\"3NSTAR\" \/>\n<meta property=\"product:price:amount\" content=\"517\" \/>\n<meta property=\"product:price:currency\" content=\"MXN\" \/>\n<meta property=\"og:availability\" content=\"instock\" \/>\n<meta property=\"product:availability\" content=\"instock\" \/>\n<meta property=\"product:retailer_item_id\" content=\"RPT001\" \/>\n<meta property=\"product:condition\" content=\"new\" \/>\n<!-- \/ Yoast SEO plugin. -->","yoast_head_json":{"title":"[ 3nstar ] &#129351; Rpt001 Miniprinter , Negro, Termica, 58 Mm, Usb, 90mm\/seg, Recibo","description":"Compra Rpt001 Miniprinter , Negro, Termica, 58 Mm, Usb, 90mm\/seg, Recibo + Env\u00edo a domicilio + Pago seguro + Garant\u00eda","robots":{"index":"index","follow":"follow","max-snippet":"max-snippet:-1","max-image-preview":"max-image-preview:large","max-video-preview":"max-video-preview:-1"},"canonical":"https:\/\/compuviper.mx\/tienda\/producto\/3nstar-rpt001-miniprinter-negro-termica-58-mm-usb-90mm-seg-recibo\/","og_locale":"es_MX","og_type":"article","og_title":"[ 3nstar ] &#129351; Rpt001 Miniprinter , Negro, Termica, 58 Mm, Usb, 90mm\/seg, Recibo","og_description":"Compra Rpt001 Miniprinter , Negro, Termica, 58 Mm, Usb, 90mm\/seg, Recibo + Env\u00edo a domicilio + Pago seguro + Garant\u00eda","og_url":"https:\/\/compuviper.mx\/tienda\/producto\/3nstar-rpt001-miniprinter-negro-termica-58-mm-usb-90mm-seg-recibo\/","og_site_name":"Compuviper","article_publisher":"https:\/\/www.facebook.com\/compuviper","article_modified_time":"2026-04-21T07:50:45+00:00","og_image":[{"width":200,"height":200,"url":"https:\/\/compuviper.mx\/tienda\/wp-content\/uploads\/2023\/12\/Miniprinter-3nstar-rpt001-negro-termica-58-mm-usb-90mmseg-recibo.jpg","type":"image\/jpeg"}],"twitter_card":"summary_large_image","twitter_misc":{"Precio":"&#36;517 con IVA","Availability":"In stock"},"schema":{"@context":"https:\/\/schema.org","@graph":[{"@type":"WebPage","@id":"https:\/\/compuviper.mx\/tienda\/producto\/3nstar-rpt001-miniprinter-negro-termica-58-mm-usb-90mm-seg-recibo\/","url":"https:\/\/compuviper.mx\/tienda\/producto\/3nstar-rpt001-miniprinter-negro-termica-58-mm-usb-90mm-seg-recibo\/","name":"[ 3nstar ] &#129351; Rpt001 Miniprinter , Negro, Termica, 58 Mm, Usb, 90mm\/seg, Recibo","isPartOf":{"@id":"https:\/\/compuviper.mx\/tienda\/#website"},"datePublished":"2026-04-21T07:50:44+00:00","dateModified":"2026-04-21T07:50:45+00:00","description":"Compra Rpt001 Miniprinter , Negro, Termica, 58 Mm, Usb, 90mm\/seg, Recibo + Env\u00edo a domicilio + Pago seguro + Garant\u00eda","breadcrumb":{"@id":"https:\/\/compuviper.mx\/tienda\/producto\/3nstar-rpt001-miniprinter-negro-termica-58-mm-usb-90mm-seg-recibo\/#breadcrumb"},"inLanguage":"es-MX","potentialAction":[{"@type":"ReadAction","target":["https:\/\/compuviper.mx\/tienda\/producto\/3nstar-rpt001-miniprinter-negro-termica-58-mm-usb-90mm-seg-recibo\/"]}]},{"@type":"BreadcrumbList","@id":"https:\/\/compuviper.mx\/tienda\/producto\/3nstar-rpt001-miniprinter-negro-termica-58-mm-usb-90mm-seg-recibo\/#breadcrumb","itemListElement":[{"@type":"ListItem","position":1,"name":"Inicio","item":"https:\/\/compuviper.mx\/tienda\/"},{"@type":"ListItem","position":2,"name":"Productos","item":"https:\/\/compuviper.mx\/tienda\/productos\/"},{"@type":"ListItem","position":3,"name":"Impresoras","item":"https:\/\/compuviper.mx\/tienda\/categoria-producto\/impresoras\/"},{"@type":"ListItem","position":4,"name":"Punto De Venta","item":"https:\/\/compuviper.mx\/tienda\/categoria-producto\/impresoras\/punto-de-venta-impresoras\/"},{"@type":"ListItem","position":5,"name":"3nstar Rpt001 Miniprinter , Negro, Termica, 58 Mm, Usb, 90mm\/seg, Recibo"}]},{"@type":"WebSite","@id":"https:\/\/compuviper.mx\/tienda\/#website","url":"https:\/\/compuviper.mx\/tienda\/","name":"Compuviper","description":"Proveedor de Computadoras, Laptops, Servidores, Monitores, Puntos de Venta, Teclados,   Impresoras, T\u00f3ner, C\u00e1maras de Seguridad y m\u00e1s en tu tienda en l\u00ednea","publisher":{"@id":"https:\/\/compuviper.mx\/tienda\/#organization"},"potentialAction":[{"@type":"SearchAction","target":{"@type":"EntryPoint","urlTemplate":"https:\/\/compuviper.mx\/tienda\/?s={search_term_string}"},"query-input":"required name=search_term_string"}],"inLanguage":"es-MX"},{"@type":"Organization","@id":"https:\/\/compuviper.mx\/tienda\/#organization","name":"Compuviper","url":"https:\/\/compuviper.mx\/tienda\/","logo":{"@type":"ImageObject","inLanguage":"es-MX","@id":"https:\/\/compuviper.mx\/tienda\/#\/schema\/logo\/image\/","url":"https:\/\/compuviper.mx\/tienda\/wp-content\/uploads\/2021\/08\/Logo-Compuviper-10.png","contentUrl":"https:\/\/compuviper.mx\/tienda\/wp-content\/uploads\/2021\/08\/Logo-Compuviper-10.png","width":1000,"height":500,"caption":"Compuviper"},"image":{"@id":"https:\/\/compuviper.mx\/tienda\/#\/schema\/logo\/image\/"},"sameAs":["https:\/\/www.facebook.com\/compuviper","https:\/\/www.youtube.com\/channel\/UCf73dERp9Y3cfOq7q8BhLjA?view_as=subscriber"]}]},"product_brand":"3NSTAR","product_price_amount":"517","product_price_currency":"MXN","og_availability":"instock","product_availability":"instock","product_retailer_item_id":"RPT001","product_condition":"new"},"_links":{"self":[{"href":"https:\/\/compuviper.mx\/tienda\/wp-json\/wp\/v2\/product\/223462"}],"collection":[{"href":"https:\/\/compuviper.mx\/tienda\/wp-json\/wp\/v2\/product"}],"about":[{"href":"https:\/\/compuviper.mx\/tienda\/wp-json\/wp\/v2\/types\/product"}],"replies":[{"embeddable":true,"href":"https:\/\/compuviper.mx\/tienda\/wp-json\/wp\/v2\/comments?post=223462"}],"wp:featuredmedia":[{"embeddable":true,"href":"https:\/\/compuviper.mx\/tienda\/wp-json\/wp\/v2\/media\/223463"}],"wp:attachment":[{"href":"https:\/\/compuviper.mx\/tienda\/wp-json\/wp\/v2\/media?parent=223462"}],"wp:term":[{"taxonomy":"product_cat","embeddable":true,"href":"https:\/\/compuviper.mx\/tienda\/wp-json\/wp\/v2\/product_cat?post=223462"},{"taxonomy":"product_tag","embeddable":true,"href":"https:\/\/compuviper.mx\/tienda\/wp-json\/wp\/v2\/product_tag?post=223462"}],"curies":[{"name":"wp","href":"https:\/\/api.w.org\/{rel}","templated":true}]}}