{"id":223424,"date":"2026-04-29T01:30:28","date_gmt":"2026-04-29T07:30:28","guid":{"rendered":"https:\/\/compuviper.mx\/tienda\/producto\/ec-line-ec-pm-80340-miniprinter-negro-termica-80-mm-usb-serial-ethernet-red-rj11-corte-automatico-300-mm-seg-alerta-de-sonido-y-luz-para-cocina\/"},"modified":"2026-04-29T01:30:29","modified_gmt":"2026-04-29T07:30:29","slug":"ec-line-ec-pm-80340-miniprinter-negro-termica-80-mm-usb-serial-ethernet-red-rj11-corte-automatico-300-mm-seg-alerta-de-sonido-y-luz-para-cocina","status":"publish","type":"product","link":"https:\/\/compuviper.mx\/tienda\/producto\/ec-line-ec-pm-80340-miniprinter-negro-termica-80-mm-usb-serial-ethernet-red-rj11-corte-automatico-300-mm-seg-alerta-de-sonido-y-luz-para-cocina\/","title":{"rendered":"Ec Line Ec-pm-80340 Miniprinter  , Negro, Termica, 80 Mm, Usb, Serial, Ethernet (red), Rj11, Corte Automatico, 300 Mm\/seg, Alerta De Sonido Y Luz, Para Cocina"},"content":{"rendered":"<table class=\"descripcion\">\n<tr>\n<td>Miniprinter especial para cocina termica, ethernet+serial+usb,<\/td>\n<\/tr>\n<tr>\n<td>Velocidad de impresion 300 mm\/seg,<\/td>\n<\/tr>\n<tr>\n<td>Corte automatico, rollo de 64\/76mm. (3.15, 80x80mm). incluye fuente de poder.<\/td>\n<\/tr>\n<tr>\n<td>Especificaciones<\/td>\n<\/tr>\n<tr>\n<td>Modo de impresion: termico directo.<\/td>\n<\/tr>\n<tr>\n<td>Ancho de papel 80mm<\/td>\n<\/tr>\n<tr>\n<td>Ancho de impresion: 64\/76mm<\/td>\n<\/tr>\n<tr>\n<td>Velocidad de impresion: 300mm\/seg.<\/td>\n<\/tr>\n<tr>\n<td>Columnas de impresion: 512\/576 dots\/ linea<\/td>\n<\/tr>\n<tr>\n<td>Densidad en resolucion: 203 dpi (8 dots\/mm)<\/td>\n<\/tr>\n<tr>\n<td>Tamano de caracteres: ank, font a: 12 x 24 dots \/ front b: 9 x17 dots simplificado\/chino<\/td>\n<\/tr>\n<tr>\n<td>Tradicional\/japones \/coreano: 24 x 24 dots<\/td>\n<\/tr>\n<tr>\n<td>Caracter de impresion: ank caracter.<\/td>\n<\/tr>\n<tr>\n<td>Lenguaje: ingles\/espa?ol\/japones\/chino.<\/td>\n<\/tr>\n<tr>\n<td>Interface: ethernet-serial-usb<\/td>\n<\/tr>\n<tr>\n<td>Interface opcinal:<\/td>\n<\/tr>\n<tr>\n<td>Auto cortador: total o parcial.<\/td>\n<\/tr>\n<tr>\n<td>Fiabilidad: 150 km.<\/td>\n<\/tr>\n<tr>\n<td>Fuente de poder: ac 100v\/220v, 50-60hz, dc 24v\/2a .<\/td>\n<\/tr>\n<tr>\n<td>Conector para cajon de dinero: dc 24v\/1a.<\/td>\n<\/tr>\n<tr>\n<td>Impresion en cocina: soporta.<\/td>\n<\/tr>\n<tr>\n<td>Temperatura: 0 &#8211; 45 grados centigrados.<\/td>\n<\/tr>\n<tr>\n<td>Humedad: 10 &#8211; 80%<\/td>\n<\/tr>\n<tr>\n<td>Modo codigo de barras: upc-a\/uc e\/jan13(ean13)\/jan8(ean8\/code39\/itf\/codbar\/code93\/cod128.<\/td>\n<\/tr>\n<tr>\n<td>Controlador: win9x\/me\/nt\/xp\/7, compatible con epson y samsung.<\/td>\n<\/tr>\n<tr>\n<td>Comando de impresion: compatible con esc\/pos.<\/td>\n<\/tr>\n<tr>\n<td>Dimensiones: 197mm (a) x 136mm (l) x 141mm (a).<\/td>\n<\/tr>\n<tr>\n<td>Peso: 1.35 kg<\/td>\n<\/tr>\n<tr>\n<td>Autocuter: 2 millones de cortes<\/td>\n<\/tr>\n<tr>\n<td>Mtbf: 360,000 horas<\/td>\n<\/tr>\n<\/table>\n","protected":false},"excerpt":{"rendered":"<p>Miniprinter termica luz y sonido indicadores especial para cocina ec line ec-pm-80340-eth ethernet+serial+usb negra 80mm. Ec line incrementa a su catalogo de impresoras termicas este nuevo modelo con interfaz que trae a la vez ethernet+serial+usb,  . Sin perder su enfoque de ser las mas baratas del mercado esta cumple ademas con una velocidad que la hace la de mayor velocidad de impresion con 300 mm\/seg. Llega a tiempo parqa cubrir la demanda actual para los que necesitan impresoras en red principalmente.<\/p>\n","protected":false},"featured_media":223425,"comment_status":"open","ping_status":"open","template":"","meta":[],"product_cat":[1777,1778],"product_tag":[1600],"acf":[],"yoast_head":"<!-- This site is optimized with the Yoast SEO plugin v21.7 - https:\/\/yoast.com\/wordpress\/plugins\/seo\/ -->\n<title>[ Ec Line ] &#129351; Ec-pm-80340 Miniprinter , Negro, Termica, 80 Mm, Usb, Serial, Ethernet (red), Rj11, Corte Automatico, 300 Mm\/seg, Alerta De Sonido Y Luz, Para Cocina<\/title>\n<meta name=\"description\" content=\"Compra Ec-pm-80340 Miniprinter , Negro, Termica, 80 Mm, Usb, Serial, Ethernet (red), Rj11, Corte Automatico, 300 Mm\/seg, Alerta De Sonido Y Luz, Para Cocina + Env\u00edo a domicilio + Pago seguro + Garant\u00eda\" \/>\n<meta name=\"robots\" content=\"index, follow, max-snippet:-1, max-image-preview:large, max-video-preview:-1\" \/>\n<link rel=\"canonical\" href=\"https:\/\/compuviper.mx\/tienda\/producto\/ec-line-ec-pm-80340-miniprinter-negro-termica-80-mm-usb-serial-ethernet-red-rj11-corte-automatico-300-mm-seg-alerta-de-sonido-y-luz-para-cocina\/\" \/>\n<meta property=\"og:locale\" content=\"es_MX\" \/>\n<meta property=\"og:type\" content=\"article\" \/>\n<meta property=\"og:title\" content=\"[ Ec Line ] &#129351; Ec-pm-80340 Miniprinter , Negro, Termica, 80 Mm, Usb, Serial, Ethernet (red), Rj11, Corte Automatico, 300 Mm\/seg, Alerta De Sonido Y Luz, Para Cocina\" \/>\n<meta property=\"og:description\" content=\"Compra Ec-pm-80340 Miniprinter , Negro, Termica, 80 Mm, Usb, Serial, Ethernet (red), Rj11, Corte Automatico, 300 Mm\/seg, Alerta De Sonido Y Luz, Para Cocina + Env\u00edo a domicilio + Pago seguro + Garant\u00eda\" \/>\n<meta property=\"og:url\" content=\"https:\/\/compuviper.mx\/tienda\/producto\/ec-line-ec-pm-80340-miniprinter-negro-termica-80-mm-usb-serial-ethernet-red-rj11-corte-automatico-300-mm-seg-alerta-de-sonido-y-luz-para-cocina\/\" \/>\n<meta property=\"og:site_name\" content=\"Compuviper\" \/>\n<meta property=\"article:publisher\" content=\"https:\/\/www.facebook.com\/compuviper\" \/>\n<meta property=\"article:modified_time\" content=\"2026-04-29T07:30:29+00:00\" \/>\n<meta property=\"og:image\" content=\"https:\/\/compuviper.mx\/tienda\/wp-content\/uploads\/2023\/12\/Miniprinter-ec-line-ec-pm-80340-negro-termica-80-mm-usb-serial-ethernet-red-rj11-corte-automatico-300-mmseg-alerta-de-sonido-y-luz-para-cocina.jpg\" \/>\n\t<meta property=\"og:image:width\" content=\"200\" \/>\n\t<meta property=\"og:image:height\" content=\"200\" \/>\n\t<meta property=\"og:image:type\" content=\"image\/jpeg\" \/>\n<meta name=\"twitter:card\" content=\"summary_large_image\" \/>\n<meta name=\"twitter:label1\" content=\"Precio\" \/>\n\t<meta name=\"twitter:data1\" content=\"&#36;2,865 &#36;2,860 con IVA\" \/>\n\t<meta name=\"twitter:label2\" content=\"Availability\" \/>\n\t<meta name=\"twitter:data2\" content=\"In stock\" \/>\n<script type=\"application\/ld+json\" class=\"yoast-schema-graph\">{\"@context\":\"https:\/\/schema.org\",\"@graph\":[{\"@type\":\"WebPage\",\"@id\":\"https:\/\/compuviper.mx\/tienda\/producto\/ec-line-ec-pm-80340-miniprinter-negro-termica-80-mm-usb-serial-ethernet-red-rj11-corte-automatico-300-mm-seg-alerta-de-sonido-y-luz-para-cocina\/\",\"url\":\"https:\/\/compuviper.mx\/tienda\/producto\/ec-line-ec-pm-80340-miniprinter-negro-termica-80-mm-usb-serial-ethernet-red-rj11-corte-automatico-300-mm-seg-alerta-de-sonido-y-luz-para-cocina\/\",\"name\":\"[ Ec Line ] &#129351; Ec-pm-80340 Miniprinter , Negro, Termica, 80 Mm, Usb, Serial, Ethernet (red), Rj11, Corte Automatico, 300 Mm\/seg, Alerta De Sonido Y Luz, Para Cocina\",\"isPartOf\":{\"@id\":\"https:\/\/compuviper.mx\/tienda\/#website\"},\"datePublished\":\"2026-04-29T07:30:28+00:00\",\"dateModified\":\"2026-04-29T07:30:29+00:00\",\"description\":\"Compra Ec-pm-80340 Miniprinter , Negro, Termica, 80 Mm, Usb, Serial, Ethernet (red), Rj11, Corte Automatico, 300 Mm\/seg, Alerta De Sonido Y Luz, Para Cocina + Env\u00edo a domicilio + Pago seguro + Garant\u00eda\",\"breadcrumb\":{\"@id\":\"https:\/\/compuviper.mx\/tienda\/producto\/ec-line-ec-pm-80340-miniprinter-negro-termica-80-mm-usb-serial-ethernet-red-rj11-corte-automatico-300-mm-seg-alerta-de-sonido-y-luz-para-cocina\/#breadcrumb\"},\"inLanguage\":\"es-MX\",\"potentialAction\":[{\"@type\":\"ReadAction\",\"target\":[\"https:\/\/compuviper.mx\/tienda\/producto\/ec-line-ec-pm-80340-miniprinter-negro-termica-80-mm-usb-serial-ethernet-red-rj11-corte-automatico-300-mm-seg-alerta-de-sonido-y-luz-para-cocina\/\"]}]},{\"@type\":\"BreadcrumbList\",\"@id\":\"https:\/\/compuviper.mx\/tienda\/producto\/ec-line-ec-pm-80340-miniprinter-negro-termica-80-mm-usb-serial-ethernet-red-rj11-corte-automatico-300-mm-seg-alerta-de-sonido-y-luz-para-cocina\/#breadcrumb\",\"itemListElement\":[{\"@type\":\"ListItem\",\"position\":1,\"name\":\"Inicio\",\"item\":\"https:\/\/compuviper.mx\/tienda\/\"},{\"@type\":\"ListItem\",\"position\":2,\"name\":\"Productos\",\"item\":\"https:\/\/compuviper.mx\/tienda\/productos\/\"},{\"@type\":\"ListItem\",\"position\":3,\"name\":\"Impresoras\",\"item\":\"https:\/\/compuviper.mx\/tienda\/categoria-producto\/impresoras\/\"},{\"@type\":\"ListItem\",\"position\":4,\"name\":\"Punto De Venta\",\"item\":\"https:\/\/compuviper.mx\/tienda\/categoria-producto\/impresoras\/punto-de-venta-impresoras\/\"},{\"@type\":\"ListItem\",\"position\":5,\"name\":\"Ec Line Ec-pm-80340 Miniprinter , Negro, Termica, 80 Mm, Usb, Serial, Ethernet (red), Rj11, Corte Automatico, 300 Mm\/seg, Alerta De Sonido Y Luz, Para Cocina\"}]},{\"@type\":\"WebSite\",\"@id\":\"https:\/\/compuviper.mx\/tienda\/#website\",\"url\":\"https:\/\/compuviper.mx\/tienda\/\",\"name\":\"Compuviper\",\"description\":\"Proveedor de Computadoras, Laptops, Servidores, Monitores, Puntos de Venta, Teclados,   Impresoras, T\u00f3ner, C\u00e1maras de Seguridad y m\u00e1s en tu tienda en l\u00ednea\",\"publisher\":{\"@id\":\"https:\/\/compuviper.mx\/tienda\/#organization\"},\"potentialAction\":[{\"@type\":\"SearchAction\",\"target\":{\"@type\":\"EntryPoint\",\"urlTemplate\":\"https:\/\/compuviper.mx\/tienda\/?s={search_term_string}\"},\"query-input\":\"required name=search_term_string\"}],\"inLanguage\":\"es-MX\"},{\"@type\":\"Organization\",\"@id\":\"https:\/\/compuviper.mx\/tienda\/#organization\",\"name\":\"Compuviper\",\"url\":\"https:\/\/compuviper.mx\/tienda\/\",\"logo\":{\"@type\":\"ImageObject\",\"inLanguage\":\"es-MX\",\"@id\":\"https:\/\/compuviper.mx\/tienda\/#\/schema\/logo\/image\/\",\"url\":\"https:\/\/compuviper.mx\/tienda\/wp-content\/uploads\/2021\/08\/Logo-Compuviper-10.png\",\"contentUrl\":\"https:\/\/compuviper.mx\/tienda\/wp-content\/uploads\/2021\/08\/Logo-Compuviper-10.png\",\"width\":1000,\"height\":500,\"caption\":\"Compuviper\"},\"image\":{\"@id\":\"https:\/\/compuviper.mx\/tienda\/#\/schema\/logo\/image\/\"},\"sameAs\":[\"https:\/\/www.facebook.com\/compuviper\",\"https:\/\/www.youtube.com\/channel\/UCf73dERp9Y3cfOq7q8BhLjA?view_as=subscriber\"]}]}<\/script>\n<meta property=\"product:brand\" content=\"EC LINE\" \/>\n<meta property=\"product:price:amount\" content=\"2860\" \/>\n<meta property=\"product:price:currency\" content=\"MXN\" \/>\n<meta property=\"og:availability\" content=\"instock\" \/>\n<meta property=\"product:availability\" content=\"instock\" \/>\n<meta property=\"product:retailer_item_id\" content=\"EC-PM-80340\" \/>\n<meta property=\"product:condition\" content=\"new\" \/>\n<!-- \/ Yoast SEO plugin. -->","yoast_head_json":{"title":"[ Ec Line ] &#129351; Ec-pm-80340 Miniprinter , Negro, Termica, 80 Mm, Usb, Serial, Ethernet (red), Rj11, Corte Automatico, 300 Mm\/seg, Alerta De Sonido Y Luz, Para Cocina","description":"Compra Ec-pm-80340 Miniprinter , Negro, Termica, 80 Mm, Usb, Serial, Ethernet (red), Rj11, Corte Automatico, 300 Mm\/seg, Alerta De Sonido Y Luz, Para Cocina + Env\u00edo a domicilio + Pago seguro + Garant\u00eda","robots":{"index":"index","follow":"follow","max-snippet":"max-snippet:-1","max-image-preview":"max-image-preview:large","max-video-preview":"max-video-preview:-1"},"canonical":"https:\/\/compuviper.mx\/tienda\/producto\/ec-line-ec-pm-80340-miniprinter-negro-termica-80-mm-usb-serial-ethernet-red-rj11-corte-automatico-300-mm-seg-alerta-de-sonido-y-luz-para-cocina\/","og_locale":"es_MX","og_type":"article","og_title":"[ Ec Line ] &#129351; Ec-pm-80340 Miniprinter , Negro, Termica, 80 Mm, Usb, Serial, Ethernet (red), Rj11, Corte Automatico, 300 Mm\/seg, Alerta De Sonido Y Luz, Para Cocina","og_description":"Compra Ec-pm-80340 Miniprinter , Negro, Termica, 80 Mm, Usb, Serial, Ethernet (red), Rj11, Corte Automatico, 300 Mm\/seg, Alerta De Sonido Y Luz, Para Cocina + Env\u00edo a domicilio + Pago seguro + Garant\u00eda","og_url":"https:\/\/compuviper.mx\/tienda\/producto\/ec-line-ec-pm-80340-miniprinter-negro-termica-80-mm-usb-serial-ethernet-red-rj11-corte-automatico-300-mm-seg-alerta-de-sonido-y-luz-para-cocina\/","og_site_name":"Compuviper","article_publisher":"https:\/\/www.facebook.com\/compuviper","article_modified_time":"2026-04-29T07:30:29+00:00","og_image":[{"width":200,"height":200,"url":"https:\/\/compuviper.mx\/tienda\/wp-content\/uploads\/2023\/12\/Miniprinter-ec-line-ec-pm-80340-negro-termica-80-mm-usb-serial-ethernet-red-rj11-corte-automatico-300-mmseg-alerta-de-sonido-y-luz-para-cocina.jpg","type":"image\/jpeg"}],"twitter_card":"summary_large_image","twitter_misc":{"Precio":"&#36;2,865 &#36;2,860 con IVA","Availability":"In stock"},"schema":{"@context":"https:\/\/schema.org","@graph":[{"@type":"WebPage","@id":"https:\/\/compuviper.mx\/tienda\/producto\/ec-line-ec-pm-80340-miniprinter-negro-termica-80-mm-usb-serial-ethernet-red-rj11-corte-automatico-300-mm-seg-alerta-de-sonido-y-luz-para-cocina\/","url":"https:\/\/compuviper.mx\/tienda\/producto\/ec-line-ec-pm-80340-miniprinter-negro-termica-80-mm-usb-serial-ethernet-red-rj11-corte-automatico-300-mm-seg-alerta-de-sonido-y-luz-para-cocina\/","name":"[ Ec Line ] &#129351; Ec-pm-80340 Miniprinter , Negro, Termica, 80 Mm, Usb, Serial, Ethernet (red), Rj11, Corte Automatico, 300 Mm\/seg, Alerta De Sonido Y Luz, Para Cocina","isPartOf":{"@id":"https:\/\/compuviper.mx\/tienda\/#website"},"datePublished":"2026-04-29T07:30:28+00:00","dateModified":"2026-04-29T07:30:29+00:00","description":"Compra Ec-pm-80340 Miniprinter , Negro, Termica, 80 Mm, Usb, Serial, Ethernet (red), Rj11, Corte Automatico, 300 Mm\/seg, Alerta De Sonido Y Luz, Para Cocina + Env\u00edo a domicilio + Pago seguro + Garant\u00eda","breadcrumb":{"@id":"https:\/\/compuviper.mx\/tienda\/producto\/ec-line-ec-pm-80340-miniprinter-negro-termica-80-mm-usb-serial-ethernet-red-rj11-corte-automatico-300-mm-seg-alerta-de-sonido-y-luz-para-cocina\/#breadcrumb"},"inLanguage":"es-MX","potentialAction":[{"@type":"ReadAction","target":["https:\/\/compuviper.mx\/tienda\/producto\/ec-line-ec-pm-80340-miniprinter-negro-termica-80-mm-usb-serial-ethernet-red-rj11-corte-automatico-300-mm-seg-alerta-de-sonido-y-luz-para-cocina\/"]}]},{"@type":"BreadcrumbList","@id":"https:\/\/compuviper.mx\/tienda\/producto\/ec-line-ec-pm-80340-miniprinter-negro-termica-80-mm-usb-serial-ethernet-red-rj11-corte-automatico-300-mm-seg-alerta-de-sonido-y-luz-para-cocina\/#breadcrumb","itemListElement":[{"@type":"ListItem","position":1,"name":"Inicio","item":"https:\/\/compuviper.mx\/tienda\/"},{"@type":"ListItem","position":2,"name":"Productos","item":"https:\/\/compuviper.mx\/tienda\/productos\/"},{"@type":"ListItem","position":3,"name":"Impresoras","item":"https:\/\/compuviper.mx\/tienda\/categoria-producto\/impresoras\/"},{"@type":"ListItem","position":4,"name":"Punto De Venta","item":"https:\/\/compuviper.mx\/tienda\/categoria-producto\/impresoras\/punto-de-venta-impresoras\/"},{"@type":"ListItem","position":5,"name":"Ec Line Ec-pm-80340 Miniprinter , Negro, Termica, 80 Mm, Usb, Serial, Ethernet (red), Rj11, Corte Automatico, 300 Mm\/seg, Alerta De Sonido Y Luz, Para Cocina"}]},{"@type":"WebSite","@id":"https:\/\/compuviper.mx\/tienda\/#website","url":"https:\/\/compuviper.mx\/tienda\/","name":"Compuviper","description":"Proveedor de Computadoras, Laptops, Servidores, Monitores, Puntos de Venta, Teclados,   Impresoras, T\u00f3ner, C\u00e1maras de Seguridad y m\u00e1s en tu tienda en l\u00ednea","publisher":{"@id":"https:\/\/compuviper.mx\/tienda\/#organization"},"potentialAction":[{"@type":"SearchAction","target":{"@type":"EntryPoint","urlTemplate":"https:\/\/compuviper.mx\/tienda\/?s={search_term_string}"},"query-input":"required name=search_term_string"}],"inLanguage":"es-MX"},{"@type":"Organization","@id":"https:\/\/compuviper.mx\/tienda\/#organization","name":"Compuviper","url":"https:\/\/compuviper.mx\/tienda\/","logo":{"@type":"ImageObject","inLanguage":"es-MX","@id":"https:\/\/compuviper.mx\/tienda\/#\/schema\/logo\/image\/","url":"https:\/\/compuviper.mx\/tienda\/wp-content\/uploads\/2021\/08\/Logo-Compuviper-10.png","contentUrl":"https:\/\/compuviper.mx\/tienda\/wp-content\/uploads\/2021\/08\/Logo-Compuviper-10.png","width":1000,"height":500,"caption":"Compuviper"},"image":{"@id":"https:\/\/compuviper.mx\/tienda\/#\/schema\/logo\/image\/"},"sameAs":["https:\/\/www.facebook.com\/compuviper","https:\/\/www.youtube.com\/channel\/UCf73dERp9Y3cfOq7q8BhLjA?view_as=subscriber"]}]},"product_brand":"EC LINE","product_price_amount":"2860","product_price_currency":"MXN","og_availability":"instock","product_availability":"instock","product_retailer_item_id":"EC-PM-80340","product_condition":"new"},"_links":{"self":[{"href":"https:\/\/compuviper.mx\/tienda\/wp-json\/wp\/v2\/product\/223424"}],"collection":[{"href":"https:\/\/compuviper.mx\/tienda\/wp-json\/wp\/v2\/product"}],"about":[{"href":"https:\/\/compuviper.mx\/tienda\/wp-json\/wp\/v2\/types\/product"}],"replies":[{"embeddable":true,"href":"https:\/\/compuviper.mx\/tienda\/wp-json\/wp\/v2\/comments?post=223424"}],"wp:featuredmedia":[{"embeddable":true,"href":"https:\/\/compuviper.mx\/tienda\/wp-json\/wp\/v2\/media\/223425"}],"wp:attachment":[{"href":"https:\/\/compuviper.mx\/tienda\/wp-json\/wp\/v2\/media?parent=223424"}],"wp:term":[{"taxonomy":"product_cat","embeddable":true,"href":"https:\/\/compuviper.mx\/tienda\/wp-json\/wp\/v2\/product_cat?post=223424"},{"taxonomy":"product_tag","embeddable":true,"href":"https:\/\/compuviper.mx\/tienda\/wp-json\/wp\/v2\/product_tag?post=223424"}],"curies":[{"name":"wp","href":"https:\/\/api.w.org\/{rel}","templated":true}]}}