{"id":223416,"date":"2026-04-02T01:42:47","date_gmt":"2026-04-02T07:42:47","guid":{"rendered":"https:\/\/compuviper.mx\/tienda\/producto\/epson-c11cc24001-impresora-de-matriz-de-punto-lx-350-matriz-9-agujas-10-pulgadas-347-cps-paralelo-usb-serial\/"},"modified":"2026-04-02T01:42:47","modified_gmt":"2026-04-02T07:42:47","slug":"epson-c11cc24001010343902015-impresora-de-matriz-de-punto-lx-350-matriz-9-agujas-10-pulgadas-347-cps-paralelo-usb-serial","status":"publish","type":"product","link":"https:\/\/compuviper.mx\/tienda\/producto\/epson-c11cc24001010343902015-impresora-de-matriz-de-punto-lx-350-matriz-9-agujas-10-pulgadas-347-cps-paralelo-usb-serial\/","title":{"rendered":"Epson C11cc24001,010343902015 Impresora De Matriz De Punto  Lx-350, Matriz ,9 Agujas, 10 Pulgadas, 347 Cps, Paralelo, Usb, Serial"},"content":{"rendered":"<table class=\"descripcion\">\n<tr>\n<td>M\u00e9todo de impresi\u00f3n<\/td>\n<\/tr>\n<tr>\n<td>Matriz de puntos de impacto en serie, 9 agujas<\/td>\n<\/tr>\n<tr>\n<td>Direcci\u00f3n de impresi\u00f3n<\/td>\n<\/tr>\n<tr>\n<td>Bidireccional con b\u00fasqueda l\u00f3gica para texto y gr\u00e1ficos<\/td>\n<\/tr>\n<tr>\n<td>Velocidad de impresi\u00f3n<\/td>\n<\/tr>\n<tr>\n<td>Borrador de alta velocidad 347 cps (10 cpi) 357 cps (12 cpi) 390 cps (15 cpi)<\/td>\n<\/tr>\n<tr>\n<td>Borrador de alta velocidad condensado 383 cps (17 cpi) 298 cps (20 cpi)<\/td>\n<\/tr>\n<tr>\n<td>Borrador 260 cps (10 cpi) 312 cps (12 cpi) 223 cps (15 cpi)<\/td>\n<\/tr>\n<tr>\n<td>Borrador condensado 222 cps (17 cpi) 260 cps (20 cpi)<\/td>\n<\/tr>\n<tr>\n<td>Borrador con enf\u00e1sis 130 cps (10 cpi)<\/td>\n<\/tr>\n<tr>\n<td>Nlq 65 cps (10 cpi) 78 cps (12 cpi) 55 cps (15 cpi)<\/td>\n<\/tr>\n<tr>\n<td>47 cps (17 cpi) 56 cps (20 cpi)<\/td>\n<\/tr>\n<tr>\n<td>Juego de caracteres versi\u00f3n est\u00e1ndar (13 juegos de caracteres) juego italic,<\/td>\n<\/tr>\n<tr>\n<td>Versi\u00f3n nlsp(43 juegos de caracteres) italic table,<\/td>\n<\/tr>\n<tr>\n<td>Pc437 (us est\u00e1ndar europa), pc850 (multilingue),<\/td>\n<\/tr>\n<tr>\n<td>Pc860 (portugu\u00e9s)<\/td>\n<\/tr>\n<tr>\n<td>Fuentes residentes (cpp) epson draft : 10, 12, 15 cpi<\/td>\n<\/tr>\n<tr>\n<td>Epson roman : 10, 12, 15 cpi, proporcional<\/td>\n<\/tr>\n<tr>\n<td>Epson sans serif : 10, 12, 15 cpi, proporcional<\/td>\n<\/tr>\n<tr>\n<td>Epson ocr-b : 10 cpi *1<\/td>\n<\/tr>\n<tr>\n<td>Fuentes para c\u00f3digos de barras ean-13, ean-8, interleaved 2 of 5 ,upc-a ,upc-e ,<\/td>\n<\/tr>\n<tr>\n<td>Code 39 ,code 128 ,postnet<\/td>\n<\/tr>\n<tr>\n<td>Columnas imprimibles<\/td>\n<\/tr>\n<tr>\n<td>80 cpl (10 cpi) 96 cpl (12 cpi) 120 cpl (15 cpi) 137 cpl (17 cpi) 160 cpl (20 cpi)<\/td>\n<\/tr>\n<tr>\n<td>Acceso del papel<\/td>\n<\/tr>\n<tr>\n<td>Inserci\u00f3n manual entrada trasera, salida superior<\/td>\n<\/tr>\n<tr>\n<td>Tractor de empuje entrada trasera, salida superior<\/td>\n<\/tr>\n<tr>\n<td>Tama\u00f1o del papel<\/td>\n<\/tr>\n<tr>\n<td>Hojas sueltas<\/td>\n<\/tr>\n<tr>\n<td>Ancho 100 ~ 257 mm (3.9 ~ 10.1)<\/td>\n<\/tr>\n<tr>\n<td>Longitud 100 ~ 364 mm (3.9 ~ 14.3)<\/td>\n<\/tr>\n<tr>\n<td>Espesor 0.065 ~ 0.14 mm (0.0025 ~ 0.0055)<\/td>\n<\/tr>\n<tr>\n<td>Formas m\u00faltiples<\/td>\n<\/tr>\n<tr>\n<td>Ancho 100 ~ 257 mm (3.9 ~ 10.1)<\/td>\n<\/tr>\n<tr>\n<td>Longitud 100 ~ 364 mm (3.9 ~ 14.3)<\/td>\n<\/tr>\n<tr>\n<td>Espesor 0.12 ~ 0.39 mm (0.0047 ~ 0.015) (total)<\/td>\n<\/tr>\n<tr>\n<td>Sobres (no.6)<\/td>\n<\/tr>\n<tr>\n<td>Ancho 165 mm (6.5)<\/td>\n<\/tr>\n<tr>\n<td>Longitud 92 mm (3.6)<\/td>\n<\/tr>\n<tr>\n<td>Espesor 0.16 ~ 0.52 mm (0.0063 ~ 0.0205) (total)<\/td>\n<\/tr>\n<tr>\n<td>Sobres (no.10)<\/td>\n<\/tr>\n<tr>\n<td>Ancho 241 mm (9.5)<\/td>\n<\/tr>\n<tr>\n<td>Longitud 105 mm (4.1)<\/td>\n<\/tr>\n<tr>\n<td>Espesor 0.16 ~ 0.52 mm (0.0063 ~ 0.0205) (total)<\/td>\n<\/tr>\n<tr>\n<td>Formas cont\u00ednuas<\/td>\n<\/tr>\n<tr>\n<td>Ancho 101.6 ~ 254.0 mm (4.0 ~ 10.0)<\/td>\n<\/tr>\n<tr>\n<td>Longitud (por hoja) 101.6 ~ 558.8 mm (4.0 ~ 22.0)<\/td>\n<\/tr>\n<tr>\n<td>Espesor 0.065 ~ 0.39 mm (0.0025 ~ 0.015) (total)<\/td>\n<\/tr>\n<tr>\n<td>Papel en rollo<\/td>\n<\/tr>\n<tr>\n<td>Ancho 216 mm (8.5)<\/td>\n<\/tr>\n<tr>\n<td>Espesor 0.07 ~ 0.09 mm (0.0028 ~ 0.0035)<\/td>\n<\/tr>\n<tr>\n<td>M\u00e9todos de alimentaci\u00f3n de papel<\/td>\n<\/tr>\n<tr>\n<td>Est\u00e1ndar por fricci\u00f3n, tractor de empuje<\/td>\n<\/tr>\n<tr>\n<td>Opcional soporte para rollo de papel<\/td>\n<\/tr>\n<tr>\n<td>Copias 1 original + 4 copias<\/td>\n<\/tr>\n<tr>\n<td>Formato espacio entre l\u00edneas de 4.23 mm (1\/6) o<\/td>\n<\/tr>\n<tr>\n<td>Programable en incrementos de 0.118 mm (1\/216)<\/td>\n<\/tr>\n<tr>\n<td>Buffer de entrada<\/td>\n<\/tr>\n<tr>\n<td>128kb<\/td>\n<\/tr>\n<tr>\n<td>Interfaces<\/td>\n<\/tr>\n<tr>\n<td>Interfaces bidireccional paralelo (ieee-1284)<\/td>\n<\/tr>\n<tr>\n<td>Usb de alta velocidad(ver 2.0)<\/td>\n<\/tr>\n<tr>\n<td>Tipo de cinta de impresi\u00f3n<\/td>\n<\/tr>\n<tr>\n<td>Est\u00e1ndar negro<\/td>\n<\/tr>\n<tr>\n<td>Duraci\u00f3n de cinta de impresi\u00f3n 4.0 millones de caracteres<\/td>\n<\/tr>\n<tr>\n<td>(draft 10 cpi, 14 dots\/character)<\/td>\n<\/tr>\n<tr>\n<td>Cpi : caracteres por 25.4 mm (caracteres por pulgada)<\/td>\n<\/tr>\n<tr>\n<td>N\u00edvel de ruido<\/td>\n<\/tr>\n<tr>\n<td>Aprox. 53 db(a) (iso 7779 pattern)<\/td>\n<\/tr>\n<tr>\n<td>Control panel<\/td>\n<\/tr>\n<tr>\n<td>4 switches and 5 leds<\/td>\n<\/tr>\n<tr>\n<td>Condiciones de operaci\u00f3n<\/td>\n<\/tr>\n<tr>\n<td>Temperatura 5 ~ 35\u00b0c<\/td>\n<\/tr>\n<tr>\n<td>Humedad 10 ~ 80 % rh<\/td>\n<\/tr>\n<tr>\n<td>Requisitos el\u00e9ctricos<\/td>\n<\/tr>\n<tr>\n<td>Voltaje ac 120 v \/ ac 220 &#8211; 240 v<\/td>\n<\/tr>\n<tr>\n<td>Frequencia 50 hz \/ 60 hz<\/td>\n<\/tr>\n<tr>\n<td>Consumo de poder 27 w (iso\/iec 10561 letter pattern)<\/td>\n<\/tr>\n<tr>\n<td>0.2w en modo auto off (120v) \/<\/td>\n<\/tr>\n<tr>\n<td>0.3w en modo auto off (230v)<\/td>\n<\/tr>\n<tr>\n<td>Cumple con normas energy star<\/td>\n<\/tr>\n<tr>\n<td>Dimensiones<\/td>\n<\/tr>\n<tr>\n<td>Ancho 362 mm ( 348 mm sin manija)<\/td>\n<\/tr>\n<tr>\n<td>Profundidad 275 mm<\/td>\n<\/tr>\n<tr>\n<td>Altura 154 mm<\/td>\n<\/tr>\n<tr>\n<td>Peso 4.1 kg<\/td>\n<\/tr>\n<tr>\n<td>Compatibilidad<\/td>\n<\/tr>\n<tr>\n<td>Os microsoft\u00ae windows\u00ae 2000 \/ xp \/ 7 &#8211; 8<\/td>\n<\/tr>\n<tr>\n<td>Microsoft\u00ae windows vista\u00ae<\/td>\n<\/tr>\n<tr>\n<td>Epson status monitor 3 microsoft\u00ae windows\u00ae 2000 \/ xp \/ 7 &#8211; 8<\/td>\n<\/tr>\n<tr>\n<td>Microsoft\u00ae windows vista\u00ae<\/td>\n<\/tr>\n<tr>\n<td>Epson printer setting microsoft\u00ae windows\u00ae 2000 \/ xp \/ 7 &#8211; 8<\/td>\n<\/tr>\n<tr>\n<td>Microsoft\u00ae windows vista\u00ae<\/td>\n<\/tr>\n<tr>\n<td>Confiabilidad<\/td>\n<\/tr>\n<tr>\n<td>Volumen total de impresi\u00f3n (mvbf) 20 millones de l\u00edneas<\/td>\n<\/tr>\n<tr>\n<td>(con excepci\u00f3n de cabezal de impresi\u00f3n)<\/td>\n<\/tr>\n<tr>\n<td>Mtbf 10000 poh @ 25% de la carga<\/td>\n<\/tr>\n<tr>\n<td>Duraci\u00f3n del cabezal de impresi\u00f3n 400 millones de golpes\/cable<\/td>\n<\/tr>\n<tr>\n<td>Poh : power on hours<\/td>\n<\/tr>\n<tr>\n<td>Ancho 216 mm (8.5)<\/td>\n<\/tr>\n<tr>\n<td>Espesor 0.07 ~ 0.09 mm (0.0028 ~ 0.0035)<\/td>\n<\/tr>\n<tr>\n<td>M\u00e9todos de alimentaci\u00f3n de papel<\/td>\n<\/tr>\n<tr>\n<td>Est\u00e1ndar por fricci\u00f3n, tractor de empuje<\/td>\n<\/tr>\n<tr>\n<td>Opcional soporte para rollo de papel<\/td>\n<\/tr>\n<tr>\n<td>Copias 1 original + 4 copias<\/td>\n<\/tr>\n<tr>\n<td>Formato espacio entre l\u00edneas de 4.23 mm (1\/6) o<\/td>\n<\/tr>\n<tr>\n<td>Programable en incrementos de 0.118 mm (1\/216)<\/td>\n<\/tr>\n<tr>\n<td>Mayor informacion:<\/td>\n<\/tr>\n<tr>\n<td>Http:\/\/latin.epson.com\/data\/pais\/gl\/archivos\/c11cc24001_pdffile.pdf<\/td>\n<\/tr>\n<\/table>\n","protected":false},"excerpt":{"rendered":"<p>Con tecnolog\u00eda de 9 pines, la lx-350 alcanza velocidades de impresi\u00f3n de hasta 390 cps. Su conectividad usb y paralela y un nuevo dise\u00f1o m\u00e1s compacto (362 mm x 275 mm x 154 mm) la hacen una impresora muy pr\u00e1ctica en el mercado e ideal para cualquier tipo de \u00e1rea de trabajo. La lx-350 ofrece una confiabilidad asegurada de 10,000 horas de uso, un bajo costo de mantenimiento y ahora una nueva cinta con mayor rendimiento de hasta 4 millones de caracteres. La nueva lx-350 es la impresora ideal para negocios que buscan desempe\u00f1o con ahorro. Mejor confiabilidad y bajos costos de operaci\u00f3n y mantenimiento. Imprime gran variedad de documentos a alta velocidad. Nueva cinta original con mayor rendimiento. Capacidad de impresi\u00f3n de formas de 5 partes (1 original + 4 copias. Conectividad accesible<\/p>\n","protected":false},"featured_media":223417,"comment_status":"open","ping_status":"open","template":"","meta":[],"product_cat":[1777,1779],"product_tag":[1624],"acf":[],"yoast_head":"<!-- This site is optimized with the Yoast SEO plugin v21.7 - https:\/\/yoast.com\/wordpress\/plugins\/seo\/ -->\n<title>[ Epson ] &#129351; C11cc24001,010343902015 Impresora De Matriz De Punto Lx-350, Matriz ,9 Agujas, 10 Pulgadas, 347 Cps, Paralelo, Usb, Serial<\/title>\n<meta name=\"description\" content=\"Compra C11cc24001,010343902015 Impresora De Matriz De Punto Lx-350, Matriz ,9 Agujas, 10 Pulgadas, 347 Cps, Paralelo, Usb, Serial + Env\u00edo a domicilio + Pago seguro + Garant\u00eda\" \/>\n<meta name=\"robots\" content=\"index, follow, max-snippet:-1, max-image-preview:large, max-video-preview:-1\" \/>\n<link rel=\"canonical\" href=\"https:\/\/compuviper.mx\/tienda\/producto\/epson-c11cc24001010343902015-impresora-de-matriz-de-punto-lx-350-matriz-9-agujas-10-pulgadas-347-cps-paralelo-usb-serial\/\" \/>\n<meta property=\"og:locale\" content=\"es_MX\" \/>\n<meta property=\"og:type\" content=\"article\" \/>\n<meta property=\"og:title\" content=\"[ Epson ] &#129351; C11cc24001,010343902015 Impresora De Matriz De Punto Lx-350, Matriz ,9 Agujas, 10 Pulgadas, 347 Cps, Paralelo, Usb, Serial\" \/>\n<meta property=\"og:description\" content=\"Compra C11cc24001,010343902015 Impresora De Matriz De Punto Lx-350, Matriz ,9 Agujas, 10 Pulgadas, 347 Cps, Paralelo, Usb, Serial + Env\u00edo a domicilio + Pago seguro + Garant\u00eda\" \/>\n<meta property=\"og:url\" content=\"https:\/\/compuviper.mx\/tienda\/producto\/epson-c11cc24001010343902015-impresora-de-matriz-de-punto-lx-350-matriz-9-agujas-10-pulgadas-347-cps-paralelo-usb-serial\/\" \/>\n<meta property=\"og:site_name\" content=\"Compuviper\" \/>\n<meta property=\"article:publisher\" content=\"https:\/\/www.facebook.com\/compuviper\" \/>\n<meta property=\"og:image\" content=\"https:\/\/compuviper.mx\/tienda\/wp-content\/uploads\/2023\/12\/Impresora-de-matriz-de-punto-epson-lx-350-matriz-9-agujas-10-pulgadas-347-cps-paralelo-usb-serial.jpg\" \/>\n\t<meta property=\"og:image:width\" content=\"200\" \/>\n\t<meta property=\"og:image:height\" content=\"200\" \/>\n\t<meta property=\"og:image:type\" content=\"image\/jpeg\" \/>\n<meta name=\"twitter:card\" content=\"summary_large_image\" \/>\n<meta name=\"twitter:label1\" content=\"Precio\" \/>\n\t<meta name=\"twitter:data1\" content=\"&#36;7,113 con IVA\" \/>\n\t<meta name=\"twitter:label2\" content=\"Availability\" \/>\n\t<meta name=\"twitter:data2\" content=\"Out of stock\" \/>\n<script type=\"application\/ld+json\" class=\"yoast-schema-graph\">{\"@context\":\"https:\/\/schema.org\",\"@graph\":[{\"@type\":\"WebPage\",\"@id\":\"https:\/\/compuviper.mx\/tienda\/producto\/epson-c11cc24001010343902015-impresora-de-matriz-de-punto-lx-350-matriz-9-agujas-10-pulgadas-347-cps-paralelo-usb-serial\/\",\"url\":\"https:\/\/compuviper.mx\/tienda\/producto\/epson-c11cc24001010343902015-impresora-de-matriz-de-punto-lx-350-matriz-9-agujas-10-pulgadas-347-cps-paralelo-usb-serial\/\",\"name\":\"[ Epson ] &#129351; C11cc24001,010343902015 Impresora De Matriz De Punto Lx-350, Matriz ,9 Agujas, 10 Pulgadas, 347 Cps, Paralelo, Usb, Serial\",\"isPartOf\":{\"@id\":\"https:\/\/compuviper.mx\/tienda\/#website\"},\"datePublished\":\"2026-04-02T07:42:47+00:00\",\"dateModified\":\"2026-04-02T07:42:47+00:00\",\"description\":\"Compra C11cc24001,010343902015 Impresora De Matriz De Punto Lx-350, Matriz ,9 Agujas, 10 Pulgadas, 347 Cps, Paralelo, Usb, Serial + Env\u00edo a domicilio + Pago seguro + Garant\u00eda\",\"breadcrumb\":{\"@id\":\"https:\/\/compuviper.mx\/tienda\/producto\/epson-c11cc24001010343902015-impresora-de-matriz-de-punto-lx-350-matriz-9-agujas-10-pulgadas-347-cps-paralelo-usb-serial\/#breadcrumb\"},\"inLanguage\":\"es-MX\",\"potentialAction\":[{\"@type\":\"ReadAction\",\"target\":[\"https:\/\/compuviper.mx\/tienda\/producto\/epson-c11cc24001010343902015-impresora-de-matriz-de-punto-lx-350-matriz-9-agujas-10-pulgadas-347-cps-paralelo-usb-serial\/\"]}]},{\"@type\":\"BreadcrumbList\",\"@id\":\"https:\/\/compuviper.mx\/tienda\/producto\/epson-c11cc24001010343902015-impresora-de-matriz-de-punto-lx-350-matriz-9-agujas-10-pulgadas-347-cps-paralelo-usb-serial\/#breadcrumb\",\"itemListElement\":[{\"@type\":\"ListItem\",\"position\":1,\"name\":\"Inicio\",\"item\":\"https:\/\/compuviper.mx\/tienda\/\"},{\"@type\":\"ListItem\",\"position\":2,\"name\":\"Productos\",\"item\":\"https:\/\/compuviper.mx\/tienda\/productos\/\"},{\"@type\":\"ListItem\",\"position\":3,\"name\":\"Impresoras\",\"item\":\"https:\/\/compuviper.mx\/tienda\/categoria-producto\/impresoras\/\"},{\"@type\":\"ListItem\",\"position\":4,\"name\":\"Matriz De Punto\",\"item\":\"https:\/\/compuviper.mx\/tienda\/categoria-producto\/impresoras\/matriz-de-punto\/\"},{\"@type\":\"ListItem\",\"position\":5,\"name\":\"Epson C11cc24001,010343902015 Impresora De Matriz De Punto Lx-350, Matriz ,9 Agujas, 10 Pulgadas, 347 Cps, Paralelo, Usb, Serial\"}]},{\"@type\":\"WebSite\",\"@id\":\"https:\/\/compuviper.mx\/tienda\/#website\",\"url\":\"https:\/\/compuviper.mx\/tienda\/\",\"name\":\"Compuviper\",\"description\":\"Proveedor de Computadoras, Laptops, Servidores, Monitores, Puntos de Venta, Teclados,   Impresoras, T\u00f3ner, C\u00e1maras de Seguridad y m\u00e1s en tu tienda en l\u00ednea\",\"publisher\":{\"@id\":\"https:\/\/compuviper.mx\/tienda\/#organization\"},\"potentialAction\":[{\"@type\":\"SearchAction\",\"target\":{\"@type\":\"EntryPoint\",\"urlTemplate\":\"https:\/\/compuviper.mx\/tienda\/?s={search_term_string}\"},\"query-input\":\"required name=search_term_string\"}],\"inLanguage\":\"es-MX\"},{\"@type\":\"Organization\",\"@id\":\"https:\/\/compuviper.mx\/tienda\/#organization\",\"name\":\"Compuviper\",\"url\":\"https:\/\/compuviper.mx\/tienda\/\",\"logo\":{\"@type\":\"ImageObject\",\"inLanguage\":\"es-MX\",\"@id\":\"https:\/\/compuviper.mx\/tienda\/#\/schema\/logo\/image\/\",\"url\":\"https:\/\/compuviper.mx\/tienda\/wp-content\/uploads\/2021\/08\/Logo-Compuviper-10.png\",\"contentUrl\":\"https:\/\/compuviper.mx\/tienda\/wp-content\/uploads\/2021\/08\/Logo-Compuviper-10.png\",\"width\":1000,\"height\":500,\"caption\":\"Compuviper\"},\"image\":{\"@id\":\"https:\/\/compuviper.mx\/tienda\/#\/schema\/logo\/image\/\"},\"sameAs\":[\"https:\/\/www.facebook.com\/compuviper\",\"https:\/\/www.youtube.com\/channel\/UCf73dERp9Y3cfOq7q8BhLjA?view_as=subscriber\"]}]}<\/script>\n<meta property=\"product:brand\" content=\"EPSON\" \/>\n<meta property=\"product:price:amount\" content=\"7113\" \/>\n<meta property=\"product:price:currency\" content=\"MXN\" \/>\n<meta property=\"og:availability\" content=\"out of stock\" \/>\n<meta property=\"product:availability\" content=\"out of stock\" \/>\n<meta property=\"product:retailer_item_id\" content=\"C11CC24001,010343902015\" \/>\n<meta property=\"product:condition\" content=\"new\" \/>\n<!-- \/ Yoast SEO plugin. -->","yoast_head_json":{"title":"[ Epson ] &#129351; C11cc24001,010343902015 Impresora De Matriz De Punto Lx-350, Matriz ,9 Agujas, 10 Pulgadas, 347 Cps, Paralelo, Usb, Serial","description":"Compra C11cc24001,010343902015 Impresora De Matriz De Punto Lx-350, Matriz ,9 Agujas, 10 Pulgadas, 347 Cps, Paralelo, Usb, Serial + Env\u00edo a domicilio + Pago seguro + Garant\u00eda","robots":{"index":"index","follow":"follow","max-snippet":"max-snippet:-1","max-image-preview":"max-image-preview:large","max-video-preview":"max-video-preview:-1"},"canonical":"https:\/\/compuviper.mx\/tienda\/producto\/epson-c11cc24001010343902015-impresora-de-matriz-de-punto-lx-350-matriz-9-agujas-10-pulgadas-347-cps-paralelo-usb-serial\/","og_locale":"es_MX","og_type":"article","og_title":"[ Epson ] &#129351; C11cc24001,010343902015 Impresora De Matriz De Punto Lx-350, Matriz ,9 Agujas, 10 Pulgadas, 347 Cps, Paralelo, Usb, Serial","og_description":"Compra C11cc24001,010343902015 Impresora De Matriz De Punto Lx-350, Matriz ,9 Agujas, 10 Pulgadas, 347 Cps, Paralelo, Usb, Serial + Env\u00edo a domicilio + Pago seguro + Garant\u00eda","og_url":"https:\/\/compuviper.mx\/tienda\/producto\/epson-c11cc24001010343902015-impresora-de-matriz-de-punto-lx-350-matriz-9-agujas-10-pulgadas-347-cps-paralelo-usb-serial\/","og_site_name":"Compuviper","article_publisher":"https:\/\/www.facebook.com\/compuviper","og_image":[{"width":200,"height":200,"url":"https:\/\/compuviper.mx\/tienda\/wp-content\/uploads\/2023\/12\/Impresora-de-matriz-de-punto-epson-lx-350-matriz-9-agujas-10-pulgadas-347-cps-paralelo-usb-serial.jpg","type":"image\/jpeg"}],"twitter_card":"summary_large_image","twitter_misc":{"Precio":"&#36;7,113 con IVA","Availability":"Out of stock"},"schema":{"@context":"https:\/\/schema.org","@graph":[{"@type":"WebPage","@id":"https:\/\/compuviper.mx\/tienda\/producto\/epson-c11cc24001010343902015-impresora-de-matriz-de-punto-lx-350-matriz-9-agujas-10-pulgadas-347-cps-paralelo-usb-serial\/","url":"https:\/\/compuviper.mx\/tienda\/producto\/epson-c11cc24001010343902015-impresora-de-matriz-de-punto-lx-350-matriz-9-agujas-10-pulgadas-347-cps-paralelo-usb-serial\/","name":"[ Epson ] &#129351; C11cc24001,010343902015 Impresora De Matriz De Punto Lx-350, Matriz ,9 Agujas, 10 Pulgadas, 347 Cps, Paralelo, Usb, Serial","isPartOf":{"@id":"https:\/\/compuviper.mx\/tienda\/#website"},"datePublished":"2026-04-02T07:42:47+00:00","dateModified":"2026-04-02T07:42:47+00:00","description":"Compra C11cc24001,010343902015 Impresora De Matriz De Punto Lx-350, Matriz ,9 Agujas, 10 Pulgadas, 347 Cps, Paralelo, Usb, Serial + Env\u00edo a domicilio + Pago seguro + Garant\u00eda","breadcrumb":{"@id":"https:\/\/compuviper.mx\/tienda\/producto\/epson-c11cc24001010343902015-impresora-de-matriz-de-punto-lx-350-matriz-9-agujas-10-pulgadas-347-cps-paralelo-usb-serial\/#breadcrumb"},"inLanguage":"es-MX","potentialAction":[{"@type":"ReadAction","target":["https:\/\/compuviper.mx\/tienda\/producto\/epson-c11cc24001010343902015-impresora-de-matriz-de-punto-lx-350-matriz-9-agujas-10-pulgadas-347-cps-paralelo-usb-serial\/"]}]},{"@type":"BreadcrumbList","@id":"https:\/\/compuviper.mx\/tienda\/producto\/epson-c11cc24001010343902015-impresora-de-matriz-de-punto-lx-350-matriz-9-agujas-10-pulgadas-347-cps-paralelo-usb-serial\/#breadcrumb","itemListElement":[{"@type":"ListItem","position":1,"name":"Inicio","item":"https:\/\/compuviper.mx\/tienda\/"},{"@type":"ListItem","position":2,"name":"Productos","item":"https:\/\/compuviper.mx\/tienda\/productos\/"},{"@type":"ListItem","position":3,"name":"Impresoras","item":"https:\/\/compuviper.mx\/tienda\/categoria-producto\/impresoras\/"},{"@type":"ListItem","position":4,"name":"Matriz De Punto","item":"https:\/\/compuviper.mx\/tienda\/categoria-producto\/impresoras\/matriz-de-punto\/"},{"@type":"ListItem","position":5,"name":"Epson C11cc24001,010343902015 Impresora De Matriz De Punto Lx-350, Matriz ,9 Agujas, 10 Pulgadas, 347 Cps, Paralelo, Usb, Serial"}]},{"@type":"WebSite","@id":"https:\/\/compuviper.mx\/tienda\/#website","url":"https:\/\/compuviper.mx\/tienda\/","name":"Compuviper","description":"Proveedor de Computadoras, Laptops, Servidores, Monitores, Puntos de Venta, Teclados,   Impresoras, T\u00f3ner, C\u00e1maras de Seguridad y m\u00e1s en tu tienda en l\u00ednea","publisher":{"@id":"https:\/\/compuviper.mx\/tienda\/#organization"},"potentialAction":[{"@type":"SearchAction","target":{"@type":"EntryPoint","urlTemplate":"https:\/\/compuviper.mx\/tienda\/?s={search_term_string}"},"query-input":"required name=search_term_string"}],"inLanguage":"es-MX"},{"@type":"Organization","@id":"https:\/\/compuviper.mx\/tienda\/#organization","name":"Compuviper","url":"https:\/\/compuviper.mx\/tienda\/","logo":{"@type":"ImageObject","inLanguage":"es-MX","@id":"https:\/\/compuviper.mx\/tienda\/#\/schema\/logo\/image\/","url":"https:\/\/compuviper.mx\/tienda\/wp-content\/uploads\/2021\/08\/Logo-Compuviper-10.png","contentUrl":"https:\/\/compuviper.mx\/tienda\/wp-content\/uploads\/2021\/08\/Logo-Compuviper-10.png","width":1000,"height":500,"caption":"Compuviper"},"image":{"@id":"https:\/\/compuviper.mx\/tienda\/#\/schema\/logo\/image\/"},"sameAs":["https:\/\/www.facebook.com\/compuviper","https:\/\/www.youtube.com\/channel\/UCf73dERp9Y3cfOq7q8BhLjA?view_as=subscriber"]}]},"product_brand":"EPSON","product_price_amount":"7113","product_price_currency":"MXN","og_availability":"out of stock","product_availability":"out of stock","product_retailer_item_id":"C11CC24001,010343902015","product_condition":"new"},"_links":{"self":[{"href":"https:\/\/compuviper.mx\/tienda\/wp-json\/wp\/v2\/product\/223416"}],"collection":[{"href":"https:\/\/compuviper.mx\/tienda\/wp-json\/wp\/v2\/product"}],"about":[{"href":"https:\/\/compuviper.mx\/tienda\/wp-json\/wp\/v2\/types\/product"}],"replies":[{"embeddable":true,"href":"https:\/\/compuviper.mx\/tienda\/wp-json\/wp\/v2\/comments?post=223416"}],"wp:featuredmedia":[{"embeddable":true,"href":"https:\/\/compuviper.mx\/tienda\/wp-json\/wp\/v2\/media\/223417"}],"wp:attachment":[{"href":"https:\/\/compuviper.mx\/tienda\/wp-json\/wp\/v2\/media?parent=223416"}],"wp:term":[{"taxonomy":"product_cat","embeddable":true,"href":"https:\/\/compuviper.mx\/tienda\/wp-json\/wp\/v2\/product_cat?post=223416"},{"taxonomy":"product_tag","embeddable":true,"href":"https:\/\/compuviper.mx\/tienda\/wp-json\/wp\/v2\/product_tag?post=223416"}],"curies":[{"name":"wp","href":"https:\/\/api.w.org\/{rel}","templated":true}]}}