{"id":223404,"date":"2026-04-02T01:42:46","date_gmt":"2026-04-02T07:42:46","guid":{"rendered":"https:\/\/compuviper.mx\/tienda\/producto\/ec-line-ur-i9000s-handheld-negro-lector-1d-y-2d-android-8-1-quad-core-1-3-ghz-2-gb-ram-memoria-interna-16-gb-wifi-bluetooth-nfc-4g-nfc\/"},"modified":"2026-04-02T01:42:46","modified_gmt":"2026-04-02T07:42:46","slug":"ec-line-ur-i9000s-handheld-negro-lector-1d-y-2d-android-8-1-quad-core-1-3-ghz-2-gb-ram16-gb-wifi-bluetooth-nfc-4g-nfc","status":"publish","type":"product","link":"https:\/\/compuviper.mx\/tienda\/producto\/ec-line-ur-i9000s-handheld-negro-lector-1d-y-2d-android-8-1-quad-core-1-3-ghz-2-gb-ram16-gb-wifi-bluetooth-nfc-4g-nfc\/","title":{"rendered":"Ec Line Ur-i9000s Handheld  , Negro, Lector 1d Y 2d, Android 8.1, Quad Core 1.3 Ghz, 2 Gb Ram,16 Gb, Wifi, Bluetooth, Nfc, 4g, Nfc"},"content":{"rendered":"<table class=\"descripcion\">\n<tr>\n<td>Terminal movil ec line ec-ur-i9000s android 8.1 base para cargar se vende por separado<\/td>\n<\/tr>\n<tr>\n<td>Cpu 1.2 gh quad core<\/td>\n<\/tr>\n<tr>\n<td>2 gb ram<\/td>\n<\/tr>\n<tr>\n<td>16 gb rom<\/td>\n<\/tr>\n<tr>\n<td>Wifi, bluetooth, nfc, 4g<\/td>\n<\/tr>\n<tr>\n<td>Camara 5 mp<\/td>\n<\/tr>\n<tr>\n<td>Lector 2d barcode<\/td>\n<\/tr>\n<tr>\n<td>Pantalla 5 hd 1280 x 720<\/td>\n<\/tr>\n<tr>\n<td>Impresora termica 58mm<\/td>\n<\/tr>\n<tr>\n<td>Correa de mano<\/td>\n<\/tr>\n<tr>\n<td>Lector de tarjetas<\/td>\n<\/tr>\n<\/table>\n","protected":false},"excerpt":{"rendered":"<p>Terminal portatil ideal para ventas a domicilio, preventas a detalle, paqueteras, venta en ruta una variedad de usos por su capacidad de recibir cobros con tarjetas<\/p>\n","protected":false},"featured_media":223405,"comment_status":"open","ping_status":"open","template":"","meta":[],"product_cat":[1960,1961],"product_tag":[1600],"acf":[],"yoast_head":"<!-- This site is optimized with the Yoast SEO plugin v21.7 - https:\/\/yoast.com\/wordpress\/plugins\/seo\/ -->\n<title>[ Ec Line ] &#129351; Ur-i9000s Handheld , Negro, Lector 1d Y 2d, Android 8.1, Quad Core 1.3 Ghz, 2 Gb Ram,16 Gb, Wifi, Bluetooth, Nfc, 4g, Nfc<\/title>\n<meta name=\"description\" content=\"Compra Ur-i9000s Handheld , Negro, Lector 1d Y 2d, Android 8.1, Quad Core 1.3 Ghz, 2 Gb Ram,16 Gb, Wifi, Bluetooth, Nfc, 4g, Nfc + Env\u00edo a domicilio + Pago seguro + Garant\u00eda\" \/>\n<meta name=\"robots\" content=\"index, follow, max-snippet:-1, max-image-preview:large, max-video-preview:-1\" \/>\n<link rel=\"canonical\" href=\"https:\/\/compuviper.mx\/tienda\/producto\/ec-line-ur-i9000s-handheld-negro-lector-1d-y-2d-android-8-1-quad-core-1-3-ghz-2-gb-ram16-gb-wifi-bluetooth-nfc-4g-nfc\/\" \/>\n<meta property=\"og:locale\" content=\"es_MX\" \/>\n<meta property=\"og:type\" content=\"article\" \/>\n<meta property=\"og:title\" content=\"[ Ec Line ] &#129351; Ur-i9000s Handheld , Negro, Lector 1d Y 2d, Android 8.1, Quad Core 1.3 Ghz, 2 Gb Ram,16 Gb, Wifi, Bluetooth, Nfc, 4g, Nfc\" \/>\n<meta property=\"og:description\" content=\"Compra Ur-i9000s Handheld , Negro, Lector 1d Y 2d, Android 8.1, Quad Core 1.3 Ghz, 2 Gb Ram,16 Gb, Wifi, Bluetooth, Nfc, 4g, Nfc + Env\u00edo a domicilio + Pago seguro + Garant\u00eda\" \/>\n<meta property=\"og:url\" content=\"https:\/\/compuviper.mx\/tienda\/producto\/ec-line-ur-i9000s-handheld-negro-lector-1d-y-2d-android-8-1-quad-core-1-3-ghz-2-gb-ram16-gb-wifi-bluetooth-nfc-4g-nfc\/\" \/>\n<meta property=\"og:site_name\" content=\"Compuviper\" \/>\n<meta property=\"article:publisher\" content=\"https:\/\/www.facebook.com\/compuviper\" \/>\n<meta property=\"og:image\" content=\"https:\/\/compuviper.mx\/tienda\/wp-content\/uploads\/2023\/12\/Handheld-ec-line-ur-i9000s-negro-lector-1d-y-2d-android-8.1-quad-core-1.3-ghz-2-gb-ram-memoria-interna-16-gb-wifi-bluetooth-nfc-4g-nfc.jpg\" \/>\n\t<meta property=\"og:image:width\" content=\"200\" \/>\n\t<meta property=\"og:image:height\" content=\"200\" \/>\n\t<meta property=\"og:image:type\" content=\"image\/jpeg\" \/>\n<meta name=\"twitter:card\" content=\"summary_large_image\" \/>\n<meta name=\"twitter:label1\" content=\"Precio\" \/>\n\t<meta name=\"twitter:data1\" content=\"&#36;6,227 con IVA\" \/>\n\t<meta name=\"twitter:label2\" content=\"Availability\" \/>\n\t<meta name=\"twitter:data2\" content=\"On backorder\" \/>\n<script type=\"application\/ld+json\" class=\"yoast-schema-graph\">{\"@context\":\"https:\/\/schema.org\",\"@graph\":[{\"@type\":\"WebPage\",\"@id\":\"https:\/\/compuviper.mx\/tienda\/producto\/ec-line-ur-i9000s-handheld-negro-lector-1d-y-2d-android-8-1-quad-core-1-3-ghz-2-gb-ram16-gb-wifi-bluetooth-nfc-4g-nfc\/\",\"url\":\"https:\/\/compuviper.mx\/tienda\/producto\/ec-line-ur-i9000s-handheld-negro-lector-1d-y-2d-android-8-1-quad-core-1-3-ghz-2-gb-ram16-gb-wifi-bluetooth-nfc-4g-nfc\/\",\"name\":\"[ Ec Line ] &#129351; Ur-i9000s Handheld , Negro, Lector 1d Y 2d, Android 8.1, Quad Core 1.3 Ghz, 2 Gb Ram,16 Gb, Wifi, Bluetooth, Nfc, 4g, Nfc\",\"isPartOf\":{\"@id\":\"https:\/\/compuviper.mx\/tienda\/#website\"},\"datePublished\":\"2026-04-02T07:42:46+00:00\",\"dateModified\":\"2026-04-02T07:42:46+00:00\",\"description\":\"Compra Ur-i9000s Handheld , Negro, Lector 1d Y 2d, Android 8.1, Quad Core 1.3 Ghz, 2 Gb Ram,16 Gb, Wifi, Bluetooth, Nfc, 4g, Nfc + Env\u00edo a domicilio + Pago seguro + Garant\u00eda\",\"breadcrumb\":{\"@id\":\"https:\/\/compuviper.mx\/tienda\/producto\/ec-line-ur-i9000s-handheld-negro-lector-1d-y-2d-android-8-1-quad-core-1-3-ghz-2-gb-ram16-gb-wifi-bluetooth-nfc-4g-nfc\/#breadcrumb\"},\"inLanguage\":\"es-MX\",\"potentialAction\":[{\"@type\":\"ReadAction\",\"target\":[\"https:\/\/compuviper.mx\/tienda\/producto\/ec-line-ur-i9000s-handheld-negro-lector-1d-y-2d-android-8-1-quad-core-1-3-ghz-2-gb-ram16-gb-wifi-bluetooth-nfc-4g-nfc\/\"]}]},{\"@type\":\"BreadcrumbList\",\"@id\":\"https:\/\/compuviper.mx\/tienda\/producto\/ec-line-ur-i9000s-handheld-negro-lector-1d-y-2d-android-8-1-quad-core-1-3-ghz-2-gb-ram16-gb-wifi-bluetooth-nfc-4g-nfc\/#breadcrumb\",\"itemListElement\":[{\"@type\":\"ListItem\",\"position\":1,\"name\":\"Inicio\",\"item\":\"https:\/\/compuviper.mx\/tienda\/\"},{\"@type\":\"ListItem\",\"position\":2,\"name\":\"Productos\",\"item\":\"https:\/\/compuviper.mx\/tienda\/productos\/\"},{\"@type\":\"ListItem\",\"position\":3,\"name\":\"Terminal Portatil \/ Colectora De Datos\",\"item\":\"https:\/\/compuviper.mx\/tienda\/categoria-producto\/terminal-portatil-colectora-de-datos\/\"},{\"@type\":\"ListItem\",\"position\":4,\"name\":\"Sin Categor\u00eda\",\"item\":\"https:\/\/compuviper.mx\/tienda\/categoria-producto\/terminal-portatil-colectora-de-datos\/sin-categoria-terminal-portatil-colectora-de-datos\/\"},{\"@type\":\"ListItem\",\"position\":5,\"name\":\"Ec Line Ur-i9000s Handheld , Negro, Lector 1d Y 2d, Android 8.1, Quad Core 1.3 Ghz, 2 Gb Ram,16 Gb, Wifi, Bluetooth, Nfc, 4g, Nfc\"}]},{\"@type\":\"WebSite\",\"@id\":\"https:\/\/compuviper.mx\/tienda\/#website\",\"url\":\"https:\/\/compuviper.mx\/tienda\/\",\"name\":\"Compuviper\",\"description\":\"Proveedor de Computadoras, Laptops, Servidores, Monitores, Puntos de Venta, Teclados,   Impresoras, T\u00f3ner, C\u00e1maras de Seguridad y m\u00e1s en tu tienda en l\u00ednea\",\"publisher\":{\"@id\":\"https:\/\/compuviper.mx\/tienda\/#organization\"},\"potentialAction\":[{\"@type\":\"SearchAction\",\"target\":{\"@type\":\"EntryPoint\",\"urlTemplate\":\"https:\/\/compuviper.mx\/tienda\/?s={search_term_string}\"},\"query-input\":\"required name=search_term_string\"}],\"inLanguage\":\"es-MX\"},{\"@type\":\"Organization\",\"@id\":\"https:\/\/compuviper.mx\/tienda\/#organization\",\"name\":\"Compuviper\",\"url\":\"https:\/\/compuviper.mx\/tienda\/\",\"logo\":{\"@type\":\"ImageObject\",\"inLanguage\":\"es-MX\",\"@id\":\"https:\/\/compuviper.mx\/tienda\/#\/schema\/logo\/image\/\",\"url\":\"https:\/\/compuviper.mx\/tienda\/wp-content\/uploads\/2021\/08\/Logo-Compuviper-10.png\",\"contentUrl\":\"https:\/\/compuviper.mx\/tienda\/wp-content\/uploads\/2021\/08\/Logo-Compuviper-10.png\",\"width\":1000,\"height\":500,\"caption\":\"Compuviper\"},\"image\":{\"@id\":\"https:\/\/compuviper.mx\/tienda\/#\/schema\/logo\/image\/\"},\"sameAs\":[\"https:\/\/www.facebook.com\/compuviper\",\"https:\/\/www.youtube.com\/channel\/UCf73dERp9Y3cfOq7q8BhLjA?view_as=subscriber\"]}]}<\/script>\n<meta property=\"product:brand\" content=\"EC LINE\" \/>\n<meta property=\"product:price:amount\" content=\"6227\" \/>\n<meta property=\"product:price:currency\" content=\"MXN\" \/>\n<meta property=\"og:availability\" content=\"backorder\" \/>\n<meta property=\"product:availability\" content=\"available for order\" \/>\n<meta property=\"product:retailer_item_id\" content=\"UR-I9000S\" \/>\n<meta property=\"product:condition\" content=\"new\" \/>\n<!-- \/ Yoast SEO plugin. -->","yoast_head_json":{"title":"[ Ec Line ] &#129351; Ur-i9000s Handheld , Negro, Lector 1d Y 2d, Android 8.1, Quad Core 1.3 Ghz, 2 Gb Ram,16 Gb, Wifi, Bluetooth, Nfc, 4g, Nfc","description":"Compra Ur-i9000s Handheld , Negro, Lector 1d Y 2d, Android 8.1, Quad Core 1.3 Ghz, 2 Gb Ram,16 Gb, Wifi, Bluetooth, Nfc, 4g, Nfc + Env\u00edo a domicilio + Pago seguro + Garant\u00eda","robots":{"index":"index","follow":"follow","max-snippet":"max-snippet:-1","max-image-preview":"max-image-preview:large","max-video-preview":"max-video-preview:-1"},"canonical":"https:\/\/compuviper.mx\/tienda\/producto\/ec-line-ur-i9000s-handheld-negro-lector-1d-y-2d-android-8-1-quad-core-1-3-ghz-2-gb-ram16-gb-wifi-bluetooth-nfc-4g-nfc\/","og_locale":"es_MX","og_type":"article","og_title":"[ Ec Line ] &#129351; Ur-i9000s Handheld , Negro, Lector 1d Y 2d, Android 8.1, Quad Core 1.3 Ghz, 2 Gb Ram,16 Gb, Wifi, Bluetooth, Nfc, 4g, Nfc","og_description":"Compra Ur-i9000s Handheld , Negro, Lector 1d Y 2d, Android 8.1, Quad Core 1.3 Ghz, 2 Gb Ram,16 Gb, Wifi, Bluetooth, Nfc, 4g, Nfc + Env\u00edo a domicilio + Pago seguro + Garant\u00eda","og_url":"https:\/\/compuviper.mx\/tienda\/producto\/ec-line-ur-i9000s-handheld-negro-lector-1d-y-2d-android-8-1-quad-core-1-3-ghz-2-gb-ram16-gb-wifi-bluetooth-nfc-4g-nfc\/","og_site_name":"Compuviper","article_publisher":"https:\/\/www.facebook.com\/compuviper","og_image":[{"width":200,"height":200,"url":"https:\/\/compuviper.mx\/tienda\/wp-content\/uploads\/2023\/12\/Handheld-ec-line-ur-i9000s-negro-lector-1d-y-2d-android-8.1-quad-core-1.3-ghz-2-gb-ram-memoria-interna-16-gb-wifi-bluetooth-nfc-4g-nfc.jpg","type":"image\/jpeg"}],"twitter_card":"summary_large_image","twitter_misc":{"Precio":"&#36;6,227 con IVA","Availability":"On backorder"},"schema":{"@context":"https:\/\/schema.org","@graph":[{"@type":"WebPage","@id":"https:\/\/compuviper.mx\/tienda\/producto\/ec-line-ur-i9000s-handheld-negro-lector-1d-y-2d-android-8-1-quad-core-1-3-ghz-2-gb-ram16-gb-wifi-bluetooth-nfc-4g-nfc\/","url":"https:\/\/compuviper.mx\/tienda\/producto\/ec-line-ur-i9000s-handheld-negro-lector-1d-y-2d-android-8-1-quad-core-1-3-ghz-2-gb-ram16-gb-wifi-bluetooth-nfc-4g-nfc\/","name":"[ Ec Line ] &#129351; Ur-i9000s Handheld , Negro, Lector 1d Y 2d, Android 8.1, Quad Core 1.3 Ghz, 2 Gb Ram,16 Gb, Wifi, Bluetooth, Nfc, 4g, Nfc","isPartOf":{"@id":"https:\/\/compuviper.mx\/tienda\/#website"},"datePublished":"2026-04-02T07:42:46+00:00","dateModified":"2026-04-02T07:42:46+00:00","description":"Compra Ur-i9000s Handheld , Negro, Lector 1d Y 2d, Android 8.1, Quad Core 1.3 Ghz, 2 Gb Ram,16 Gb, Wifi, Bluetooth, Nfc, 4g, Nfc + Env\u00edo a domicilio + Pago seguro + Garant\u00eda","breadcrumb":{"@id":"https:\/\/compuviper.mx\/tienda\/producto\/ec-line-ur-i9000s-handheld-negro-lector-1d-y-2d-android-8-1-quad-core-1-3-ghz-2-gb-ram16-gb-wifi-bluetooth-nfc-4g-nfc\/#breadcrumb"},"inLanguage":"es-MX","potentialAction":[{"@type":"ReadAction","target":["https:\/\/compuviper.mx\/tienda\/producto\/ec-line-ur-i9000s-handheld-negro-lector-1d-y-2d-android-8-1-quad-core-1-3-ghz-2-gb-ram16-gb-wifi-bluetooth-nfc-4g-nfc\/"]}]},{"@type":"BreadcrumbList","@id":"https:\/\/compuviper.mx\/tienda\/producto\/ec-line-ur-i9000s-handheld-negro-lector-1d-y-2d-android-8-1-quad-core-1-3-ghz-2-gb-ram16-gb-wifi-bluetooth-nfc-4g-nfc\/#breadcrumb","itemListElement":[{"@type":"ListItem","position":1,"name":"Inicio","item":"https:\/\/compuviper.mx\/tienda\/"},{"@type":"ListItem","position":2,"name":"Productos","item":"https:\/\/compuviper.mx\/tienda\/productos\/"},{"@type":"ListItem","position":3,"name":"Terminal Portatil \/ Colectora De Datos","item":"https:\/\/compuviper.mx\/tienda\/categoria-producto\/terminal-portatil-colectora-de-datos\/"},{"@type":"ListItem","position":4,"name":"Sin Categor\u00eda","item":"https:\/\/compuviper.mx\/tienda\/categoria-producto\/terminal-portatil-colectora-de-datos\/sin-categoria-terminal-portatil-colectora-de-datos\/"},{"@type":"ListItem","position":5,"name":"Ec Line Ur-i9000s Handheld , Negro, Lector 1d Y 2d, Android 8.1, Quad Core 1.3 Ghz, 2 Gb Ram,16 Gb, Wifi, Bluetooth, Nfc, 4g, Nfc"}]},{"@type":"WebSite","@id":"https:\/\/compuviper.mx\/tienda\/#website","url":"https:\/\/compuviper.mx\/tienda\/","name":"Compuviper","description":"Proveedor de Computadoras, Laptops, Servidores, Monitores, Puntos de Venta, Teclados,   Impresoras, T\u00f3ner, C\u00e1maras de Seguridad y m\u00e1s en tu tienda en l\u00ednea","publisher":{"@id":"https:\/\/compuviper.mx\/tienda\/#organization"},"potentialAction":[{"@type":"SearchAction","target":{"@type":"EntryPoint","urlTemplate":"https:\/\/compuviper.mx\/tienda\/?s={search_term_string}"},"query-input":"required name=search_term_string"}],"inLanguage":"es-MX"},{"@type":"Organization","@id":"https:\/\/compuviper.mx\/tienda\/#organization","name":"Compuviper","url":"https:\/\/compuviper.mx\/tienda\/","logo":{"@type":"ImageObject","inLanguage":"es-MX","@id":"https:\/\/compuviper.mx\/tienda\/#\/schema\/logo\/image\/","url":"https:\/\/compuviper.mx\/tienda\/wp-content\/uploads\/2021\/08\/Logo-Compuviper-10.png","contentUrl":"https:\/\/compuviper.mx\/tienda\/wp-content\/uploads\/2021\/08\/Logo-Compuviper-10.png","width":1000,"height":500,"caption":"Compuviper"},"image":{"@id":"https:\/\/compuviper.mx\/tienda\/#\/schema\/logo\/image\/"},"sameAs":["https:\/\/www.facebook.com\/compuviper","https:\/\/www.youtube.com\/channel\/UCf73dERp9Y3cfOq7q8BhLjA?view_as=subscriber"]}]},"product_brand":"EC LINE","product_price_amount":"6227","product_price_currency":"MXN","og_availability":"backorder","product_availability":"available for order","product_retailer_item_id":"UR-I9000S","product_condition":"new"},"_links":{"self":[{"href":"https:\/\/compuviper.mx\/tienda\/wp-json\/wp\/v2\/product\/223404"}],"collection":[{"href":"https:\/\/compuviper.mx\/tienda\/wp-json\/wp\/v2\/product"}],"about":[{"href":"https:\/\/compuviper.mx\/tienda\/wp-json\/wp\/v2\/types\/product"}],"replies":[{"embeddable":true,"href":"https:\/\/compuviper.mx\/tienda\/wp-json\/wp\/v2\/comments?post=223404"}],"wp:featuredmedia":[{"embeddable":true,"href":"https:\/\/compuviper.mx\/tienda\/wp-json\/wp\/v2\/media\/223405"}],"wp:attachment":[{"href":"https:\/\/compuviper.mx\/tienda\/wp-json\/wp\/v2\/media?parent=223404"}],"wp:term":[{"taxonomy":"product_cat","embeddable":true,"href":"https:\/\/compuviper.mx\/tienda\/wp-json\/wp\/v2\/product_cat?post=223404"},{"taxonomy":"product_tag","embeddable":true,"href":"https:\/\/compuviper.mx\/tienda\/wp-json\/wp\/v2\/product_tag?post=223404"}],"curies":[{"name":"wp","href":"https:\/\/api.w.org\/{rel}","templated":true}]}}