{"id":223398,"date":"2026-04-16T01:40:42","date_gmt":"2026-04-16T07:40:42","guid":{"rendered":"https:\/\/compuviper.mx\/tienda\/producto\/ec-line-ec-vp-1100a-terminal-punto-de-venta-aio-touch-negro-15-pulgadas-android-5-1-cortex-a17-ram-2gb-16-gb-ssd-4-usb-wifi-bluetooth-ethernet-red-serial-rj11\/"},"modified":"2026-04-16T01:40:42","modified_gmt":"2026-04-16T07:40:42","slug":"ec-line-ec-vp-1100a-terminal-punto-de-venta-negro-pantalla-touch-aio-15-pulgadas-cortex-a17-2gb-ram-8gb-ssd-android-6-0","status":"publish","type":"product","link":"https:\/\/compuviper.mx\/tienda\/producto\/ec-line-ec-vp-1100a-terminal-punto-de-venta-negro-pantalla-touch-aio-15-pulgadas-cortex-a17-2gb-ram-8gb-ssd-android-6-0\/","title":{"rendered":"Ec Line Ec-vp-1100a Terminal Punto De Venta  , Negro, Pantalla Touch Aio, 15 Pulgadas, Cortex A17, 2gb Ram, 8gb Ssd, Android 6.0"},"content":{"rendered":"<table class=\"descripcion\">\n<tr>\n<td>Procesador: arm quad-core cortex a-17 up to 1.8ghz rockchip rk 3288<\/td>\n<\/tr>\n<tr>\n<td>Memoria: 2gb, expandible a 4gb (1 x 204-pin ddr3l)<\/td>\n<\/tr>\n<tr>\n<td>Almacenamiento: 8gb ssd, opcional 16gb<\/td>\n<\/tr>\n<tr>\n<td>Lan 10\/100\/1000 mbps gigabit ethernet<\/td>\n<\/tr>\n<tr>\n<td>Conectividad: 2 * puerto serial externo: com1 con ri\/ sv \/ 12v seleccionable 1 * rj45 gigabit lan<\/td>\n<\/tr>\n<tr>\n<td>1 *vga 5 * usb 2* externo 1 * 12v dc de entrada 1 * 12v dc de salida<\/td>\n<\/tr>\n<tr>\n<td>Serial vga lvds<\/td>\n<\/tr>\n<tr>\n<td>Sistema operativo: android 6.0<\/td>\n<\/tr>\n<tr>\n<td>Tamano de pantalla resoluci\u00f3n: 15 pulgadas resoluci\u00f3n 1024 x768 area activa (mm)<\/td>\n<\/tr>\n<tr>\n<td>304.128 (ancho) x 228.960 (alto)<\/td>\n<\/tr>\n<tr>\n<td>Pantalla touch:  tactil capacitiva proyectada de 10 puntos<\/td>\n<\/tr>\n<tr>\n<td>Luminiscencia: 350 cd\/m<\/td>\n<\/tr>\n<tr>\n<td>Adaptador de corriente: 60w(12v \/sa)<\/td>\n<\/tr>\n<tr>\n<td>Temperatura de funcionamiento: -1 0c &#8211; soc (14\u00b0f &#8211; 122\u00b0 f)<\/td>\n<\/tr>\n<tr>\n<td>Funcionamiento de humedad: 15 % &#8212; 80 %<\/td>\n<\/tr>\n<tr>\n<td>Dimensiones (sin base): 350 (ancho) x 48 (profundo) x 274 (alto) mm, peso neto 3.8 kg<\/td>\n<\/tr>\n<tr>\n<td>Dimensiones (con base): 350 (ancho) x 322 (profundo) x 340 (alto) mm, peso neto 4.95 kg<\/td>\n<\/tr>\n<tr>\n<td>Empaque : 435 (ancho) x 310 (profundo) x 413 (alto) mm, peso bruto 6.85 kg<\/td>\n<\/tr>\n<\/table>\n","protected":false},"excerpt":{"rendered":"<p>Cambia la forma de administrar tu negocio con terminales ec line y sistema operativo android para llevar el control total de tu negocio.<\/p>\n","protected":false},"featured_media":223399,"comment_status":"open","ping_status":"open","template":"","meta":[],"product_cat":[1532,1533],"product_tag":[1600],"acf":[],"yoast_head":"<!-- This site is optimized with the Yoast SEO plugin v21.7 - https:\/\/yoast.com\/wordpress\/plugins\/seo\/ -->\n<title>[ Ec Line ] &#129351; Ec-vp-1100a Terminal Punto De Venta , Negro, Pantalla Touch Aio, 15 Pulgadas, Cortex A17, 2gb Ram, 8gb Ssd, Android 6.0<\/title>\n<meta name=\"description\" content=\"Compra Ec-vp-1100a Terminal Punto De Venta , Negro, Pantalla Touch Aio, 15 Pulgadas, Cortex A17, 2gb Ram, 8gb Ssd, Android 6.0 + Env\u00edo a domicilio + Pago seguro + Garant\u00eda\" \/>\n<meta name=\"robots\" content=\"index, follow, max-snippet:-1, max-image-preview:large, max-video-preview:-1\" \/>\n<link rel=\"canonical\" href=\"https:\/\/compuviper.mx\/tienda\/producto\/ec-line-ec-vp-1100a-terminal-punto-de-venta-negro-pantalla-touch-aio-15-pulgadas-cortex-a17-2gb-ram-8gb-ssd-android-6-0\/\" \/>\n<meta property=\"og:locale\" content=\"es_MX\" \/>\n<meta property=\"og:type\" content=\"article\" \/>\n<meta property=\"og:title\" content=\"[ Ec Line ] &#129351; Ec-vp-1100a Terminal Punto De Venta , Negro, Pantalla Touch Aio, 15 Pulgadas, Cortex A17, 2gb Ram, 8gb Ssd, Android 6.0\" \/>\n<meta property=\"og:description\" content=\"Compra Ec-vp-1100a Terminal Punto De Venta , Negro, Pantalla Touch Aio, 15 Pulgadas, Cortex A17, 2gb Ram, 8gb Ssd, Android 6.0 + Env\u00edo a domicilio + Pago seguro + Garant\u00eda\" \/>\n<meta property=\"og:url\" content=\"https:\/\/compuviper.mx\/tienda\/producto\/ec-line-ec-vp-1100a-terminal-punto-de-venta-negro-pantalla-touch-aio-15-pulgadas-cortex-a17-2gb-ram-8gb-ssd-android-6-0\/\" \/>\n<meta property=\"og:site_name\" content=\"Compuviper\" \/>\n<meta property=\"article:publisher\" content=\"https:\/\/www.facebook.com\/compuviper\" \/>\n<meta property=\"og:image\" content=\"https:\/\/compuviper.mx\/tienda\/wp-content\/uploads\/2023\/12\/Terminal-punto-de-venta-ec-line-ec-vp-1100a-aio-touch-negro-15-pulgadas-android-5.1-cortex-a17-ram-2gb-16-gb-ssd-4-usb-wifi-bluetooth-ethernet-red-serial-rj11.jpg\" \/>\n\t<meta property=\"og:image:width\" content=\"200\" \/>\n\t<meta property=\"og:image:height\" content=\"200\" \/>\n\t<meta property=\"og:image:type\" content=\"image\/jpeg\" \/>\n<meta name=\"twitter:card\" content=\"summary_large_image\" \/>\n<meta name=\"twitter:label1\" content=\"Precio\" \/>\n\t<meta name=\"twitter:data1\" content=\"&#36;8,374 con IVA\" \/>\n\t<meta name=\"twitter:label2\" content=\"Availability\" \/>\n\t<meta name=\"twitter:data2\" content=\"In stock\" \/>\n<script type=\"application\/ld+json\" class=\"yoast-schema-graph\">{\"@context\":\"https:\/\/schema.org\",\"@graph\":[{\"@type\":\"WebPage\",\"@id\":\"https:\/\/compuviper.mx\/tienda\/producto\/ec-line-ec-vp-1100a-terminal-punto-de-venta-negro-pantalla-touch-aio-15-pulgadas-cortex-a17-2gb-ram-8gb-ssd-android-6-0\/\",\"url\":\"https:\/\/compuviper.mx\/tienda\/producto\/ec-line-ec-vp-1100a-terminal-punto-de-venta-negro-pantalla-touch-aio-15-pulgadas-cortex-a17-2gb-ram-8gb-ssd-android-6-0\/\",\"name\":\"[ Ec Line ] &#129351; Ec-vp-1100a Terminal Punto De Venta , Negro, Pantalla Touch Aio, 15 Pulgadas, Cortex A17, 2gb Ram, 8gb Ssd, Android 6.0\",\"isPartOf\":{\"@id\":\"https:\/\/compuviper.mx\/tienda\/#website\"},\"datePublished\":\"2026-04-16T07:40:42+00:00\",\"dateModified\":\"2026-04-16T07:40:42+00:00\",\"description\":\"Compra Ec-vp-1100a Terminal Punto De Venta , Negro, Pantalla Touch Aio, 15 Pulgadas, Cortex A17, 2gb Ram, 8gb Ssd, Android 6.0 + Env\u00edo a domicilio + Pago seguro + Garant\u00eda\",\"breadcrumb\":{\"@id\":\"https:\/\/compuviper.mx\/tienda\/producto\/ec-line-ec-vp-1100a-terminal-punto-de-venta-negro-pantalla-touch-aio-15-pulgadas-cortex-a17-2gb-ram-8gb-ssd-android-6-0\/#breadcrumb\"},\"inLanguage\":\"es-MX\",\"potentialAction\":[{\"@type\":\"ReadAction\",\"target\":[\"https:\/\/compuviper.mx\/tienda\/producto\/ec-line-ec-vp-1100a-terminal-punto-de-venta-negro-pantalla-touch-aio-15-pulgadas-cortex-a17-2gb-ram-8gb-ssd-android-6-0\/\"]}]},{\"@type\":\"BreadcrumbList\",\"@id\":\"https:\/\/compuviper.mx\/tienda\/producto\/ec-line-ec-vp-1100a-terminal-punto-de-venta-negro-pantalla-touch-aio-15-pulgadas-cortex-a17-2gb-ram-8gb-ssd-android-6-0\/#breadcrumb\",\"itemListElement\":[{\"@type\":\"ListItem\",\"position\":1,\"name\":\"Inicio\",\"item\":\"https:\/\/compuviper.mx\/tienda\/\"},{\"@type\":\"ListItem\",\"position\":2,\"name\":\"Productos\",\"item\":\"https:\/\/compuviper.mx\/tienda\/productos\/\"},{\"@type\":\"ListItem\",\"position\":3,\"name\":\"Terminal Pos\",\"item\":\"https:\/\/compuviper.mx\/tienda\/categoria-producto\/terminal-pos\/\"},{\"@type\":\"ListItem\",\"position\":4,\"name\":\"Sin Categor\u00eda\",\"item\":\"https:\/\/compuviper.mx\/tienda\/categoria-producto\/terminal-pos\/sin-categoria-terminal-pos\/\"},{\"@type\":\"ListItem\",\"position\":5,\"name\":\"Ec Line Ec-vp-1100a Terminal Punto De Venta , Negro, Pantalla Touch Aio, 15 Pulgadas, Cortex A17, 2gb Ram, 8gb Ssd, Android 6.0\"}]},{\"@type\":\"WebSite\",\"@id\":\"https:\/\/compuviper.mx\/tienda\/#website\",\"url\":\"https:\/\/compuviper.mx\/tienda\/\",\"name\":\"Compuviper\",\"description\":\"Proveedor de Computadoras, Laptops, Servidores, Monitores, Puntos de Venta, Teclados,   Impresoras, T\u00f3ner, C\u00e1maras de Seguridad y m\u00e1s en tu tienda en l\u00ednea\",\"publisher\":{\"@id\":\"https:\/\/compuviper.mx\/tienda\/#organization\"},\"potentialAction\":[{\"@type\":\"SearchAction\",\"target\":{\"@type\":\"EntryPoint\",\"urlTemplate\":\"https:\/\/compuviper.mx\/tienda\/?s={search_term_string}\"},\"query-input\":\"required name=search_term_string\"}],\"inLanguage\":\"es-MX\"},{\"@type\":\"Organization\",\"@id\":\"https:\/\/compuviper.mx\/tienda\/#organization\",\"name\":\"Compuviper\",\"url\":\"https:\/\/compuviper.mx\/tienda\/\",\"logo\":{\"@type\":\"ImageObject\",\"inLanguage\":\"es-MX\",\"@id\":\"https:\/\/compuviper.mx\/tienda\/#\/schema\/logo\/image\/\",\"url\":\"https:\/\/compuviper.mx\/tienda\/wp-content\/uploads\/2021\/08\/Logo-Compuviper-10.png\",\"contentUrl\":\"https:\/\/compuviper.mx\/tienda\/wp-content\/uploads\/2021\/08\/Logo-Compuviper-10.png\",\"width\":1000,\"height\":500,\"caption\":\"Compuviper\"},\"image\":{\"@id\":\"https:\/\/compuviper.mx\/tienda\/#\/schema\/logo\/image\/\"},\"sameAs\":[\"https:\/\/www.facebook.com\/compuviper\",\"https:\/\/www.youtube.com\/channel\/UCf73dERp9Y3cfOq7q8BhLjA?view_as=subscriber\"]}]}<\/script>\n<meta property=\"product:brand\" content=\"EC LINE\" \/>\n<meta property=\"product:price:amount\" content=\"8374\" \/>\n<meta property=\"product:price:currency\" content=\"MXN\" \/>\n<meta property=\"og:availability\" content=\"instock\" \/>\n<meta property=\"product:availability\" content=\"instock\" \/>\n<meta property=\"product:retailer_item_id\" content=\"EC-VP-1100A\" \/>\n<meta property=\"product:condition\" content=\"new\" \/>\n<!-- \/ Yoast SEO plugin. -->","yoast_head_json":{"title":"[ Ec Line ] &#129351; Ec-vp-1100a Terminal Punto De Venta , Negro, Pantalla Touch Aio, 15 Pulgadas, Cortex A17, 2gb Ram, 8gb Ssd, Android 6.0","description":"Compra Ec-vp-1100a Terminal Punto De Venta , Negro, Pantalla Touch Aio, 15 Pulgadas, Cortex A17, 2gb Ram, 8gb Ssd, Android 6.0 + Env\u00edo a domicilio + Pago seguro + Garant\u00eda","robots":{"index":"index","follow":"follow","max-snippet":"max-snippet:-1","max-image-preview":"max-image-preview:large","max-video-preview":"max-video-preview:-1"},"canonical":"https:\/\/compuviper.mx\/tienda\/producto\/ec-line-ec-vp-1100a-terminal-punto-de-venta-negro-pantalla-touch-aio-15-pulgadas-cortex-a17-2gb-ram-8gb-ssd-android-6-0\/","og_locale":"es_MX","og_type":"article","og_title":"[ Ec Line ] &#129351; Ec-vp-1100a Terminal Punto De Venta , Negro, Pantalla Touch Aio, 15 Pulgadas, Cortex A17, 2gb Ram, 8gb Ssd, Android 6.0","og_description":"Compra Ec-vp-1100a Terminal Punto De Venta , Negro, Pantalla Touch Aio, 15 Pulgadas, Cortex A17, 2gb Ram, 8gb Ssd, Android 6.0 + Env\u00edo a domicilio + Pago seguro + Garant\u00eda","og_url":"https:\/\/compuviper.mx\/tienda\/producto\/ec-line-ec-vp-1100a-terminal-punto-de-venta-negro-pantalla-touch-aio-15-pulgadas-cortex-a17-2gb-ram-8gb-ssd-android-6-0\/","og_site_name":"Compuviper","article_publisher":"https:\/\/www.facebook.com\/compuviper","og_image":[{"width":200,"height":200,"url":"https:\/\/compuviper.mx\/tienda\/wp-content\/uploads\/2023\/12\/Terminal-punto-de-venta-ec-line-ec-vp-1100a-aio-touch-negro-15-pulgadas-android-5.1-cortex-a17-ram-2gb-16-gb-ssd-4-usb-wifi-bluetooth-ethernet-red-serial-rj11.jpg","type":"image\/jpeg"}],"twitter_card":"summary_large_image","twitter_misc":{"Precio":"&#36;8,374 con IVA","Availability":"In stock"},"schema":{"@context":"https:\/\/schema.org","@graph":[{"@type":"WebPage","@id":"https:\/\/compuviper.mx\/tienda\/producto\/ec-line-ec-vp-1100a-terminal-punto-de-venta-negro-pantalla-touch-aio-15-pulgadas-cortex-a17-2gb-ram-8gb-ssd-android-6-0\/","url":"https:\/\/compuviper.mx\/tienda\/producto\/ec-line-ec-vp-1100a-terminal-punto-de-venta-negro-pantalla-touch-aio-15-pulgadas-cortex-a17-2gb-ram-8gb-ssd-android-6-0\/","name":"[ Ec Line ] &#129351; Ec-vp-1100a Terminal Punto De Venta , Negro, Pantalla Touch Aio, 15 Pulgadas, Cortex A17, 2gb Ram, 8gb Ssd, Android 6.0","isPartOf":{"@id":"https:\/\/compuviper.mx\/tienda\/#website"},"datePublished":"2026-04-16T07:40:42+00:00","dateModified":"2026-04-16T07:40:42+00:00","description":"Compra Ec-vp-1100a Terminal Punto De Venta , Negro, Pantalla Touch Aio, 15 Pulgadas, Cortex A17, 2gb Ram, 8gb Ssd, Android 6.0 + Env\u00edo a domicilio + Pago seguro + Garant\u00eda","breadcrumb":{"@id":"https:\/\/compuviper.mx\/tienda\/producto\/ec-line-ec-vp-1100a-terminal-punto-de-venta-negro-pantalla-touch-aio-15-pulgadas-cortex-a17-2gb-ram-8gb-ssd-android-6-0\/#breadcrumb"},"inLanguage":"es-MX","potentialAction":[{"@type":"ReadAction","target":["https:\/\/compuviper.mx\/tienda\/producto\/ec-line-ec-vp-1100a-terminal-punto-de-venta-negro-pantalla-touch-aio-15-pulgadas-cortex-a17-2gb-ram-8gb-ssd-android-6-0\/"]}]},{"@type":"BreadcrumbList","@id":"https:\/\/compuviper.mx\/tienda\/producto\/ec-line-ec-vp-1100a-terminal-punto-de-venta-negro-pantalla-touch-aio-15-pulgadas-cortex-a17-2gb-ram-8gb-ssd-android-6-0\/#breadcrumb","itemListElement":[{"@type":"ListItem","position":1,"name":"Inicio","item":"https:\/\/compuviper.mx\/tienda\/"},{"@type":"ListItem","position":2,"name":"Productos","item":"https:\/\/compuviper.mx\/tienda\/productos\/"},{"@type":"ListItem","position":3,"name":"Terminal Pos","item":"https:\/\/compuviper.mx\/tienda\/categoria-producto\/terminal-pos\/"},{"@type":"ListItem","position":4,"name":"Sin Categor\u00eda","item":"https:\/\/compuviper.mx\/tienda\/categoria-producto\/terminal-pos\/sin-categoria-terminal-pos\/"},{"@type":"ListItem","position":5,"name":"Ec Line Ec-vp-1100a Terminal Punto De Venta , Negro, Pantalla Touch Aio, 15 Pulgadas, Cortex A17, 2gb Ram, 8gb Ssd, Android 6.0"}]},{"@type":"WebSite","@id":"https:\/\/compuviper.mx\/tienda\/#website","url":"https:\/\/compuviper.mx\/tienda\/","name":"Compuviper","description":"Proveedor de Computadoras, Laptops, Servidores, Monitores, Puntos de Venta, Teclados,   Impresoras, T\u00f3ner, C\u00e1maras de Seguridad y m\u00e1s en tu tienda en l\u00ednea","publisher":{"@id":"https:\/\/compuviper.mx\/tienda\/#organization"},"potentialAction":[{"@type":"SearchAction","target":{"@type":"EntryPoint","urlTemplate":"https:\/\/compuviper.mx\/tienda\/?s={search_term_string}"},"query-input":"required name=search_term_string"}],"inLanguage":"es-MX"},{"@type":"Organization","@id":"https:\/\/compuviper.mx\/tienda\/#organization","name":"Compuviper","url":"https:\/\/compuviper.mx\/tienda\/","logo":{"@type":"ImageObject","inLanguage":"es-MX","@id":"https:\/\/compuviper.mx\/tienda\/#\/schema\/logo\/image\/","url":"https:\/\/compuviper.mx\/tienda\/wp-content\/uploads\/2021\/08\/Logo-Compuviper-10.png","contentUrl":"https:\/\/compuviper.mx\/tienda\/wp-content\/uploads\/2021\/08\/Logo-Compuviper-10.png","width":1000,"height":500,"caption":"Compuviper"},"image":{"@id":"https:\/\/compuviper.mx\/tienda\/#\/schema\/logo\/image\/"},"sameAs":["https:\/\/www.facebook.com\/compuviper","https:\/\/www.youtube.com\/channel\/UCf73dERp9Y3cfOq7q8BhLjA?view_as=subscriber"]}]},"product_brand":"EC LINE","product_price_amount":"8374","product_price_currency":"MXN","og_availability":"instock","product_availability":"instock","product_retailer_item_id":"EC-VP-1100A","product_condition":"new"},"_links":{"self":[{"href":"https:\/\/compuviper.mx\/tienda\/wp-json\/wp\/v2\/product\/223398"}],"collection":[{"href":"https:\/\/compuviper.mx\/tienda\/wp-json\/wp\/v2\/product"}],"about":[{"href":"https:\/\/compuviper.mx\/tienda\/wp-json\/wp\/v2\/types\/product"}],"replies":[{"embeddable":true,"href":"https:\/\/compuviper.mx\/tienda\/wp-json\/wp\/v2\/comments?post=223398"}],"wp:featuredmedia":[{"embeddable":true,"href":"https:\/\/compuviper.mx\/tienda\/wp-json\/wp\/v2\/media\/223399"}],"wp:attachment":[{"href":"https:\/\/compuviper.mx\/tienda\/wp-json\/wp\/v2\/media?parent=223398"}],"wp:term":[{"taxonomy":"product_cat","embeddable":true,"href":"https:\/\/compuviper.mx\/tienda\/wp-json\/wp\/v2\/product_cat?post=223398"},{"taxonomy":"product_tag","embeddable":true,"href":"https:\/\/compuviper.mx\/tienda\/wp-json\/wp\/v2\/product_tag?post=223398"}],"curies":[{"name":"wp","href":"https:\/\/api.w.org\/{rel}","templated":true}]}}